{"id":14813,"date":"2021-10-13T10:59:28","date_gmt":"2021-10-13T08:59:28","guid":{"rendered":"https:\/\/metropolevsech.eu\/?page_id=14813"},"modified":"2026-01-23T17:44:14","modified_gmt":"2026-01-23T16:44:14","slug":"podnikani-fyzickych-osob-2","status":"publish","type":"page","link":"https:\/\/metropolevsech.eu\/ru\/potrebuji-resit\/podnikani\/podnikani-fyzickych-osob-2\/","title":{"rendered":"\u041f\u0440\u0435\u0434\u043f\u0440\u0438\u043d\u0438\u043c\u0430\u0442\u0435\u043b\u044c\u0441\u043a\u0430\u044f \u0434\u0435\u044f\u0442\u0435\u043b\u044c\u043d\u043e\u0441\u0442\u044c \u0444\u0438\u0437\u0438\u0447\u0435\u0441\u043a\u0438\u0445 \u043b\u0438\u0446"},"content":{"rendered":"<p><em>\u0412 \u0434\u0430\u043d\u043d\u043e\u043c \u0440\u0430\u0437\u0434\u0435\u043b\u0435 \u0432\u044b \u0443\u0437\u043d\u0430\u0435\u0442\u0435, \u0447\u0442\u043e \u043f\u043e\u0434\u0440\u0430\u0437\u0443\u043c\u0435\u0432\u0430\u0435\u0442\u0441\u044f \u043f\u043e\u0434 \u043f\u0440\u0435\u0434\u043f\u0440\u0438\u043d\u0438\u043c\u0430\u0442\u0435\u043b\u044c\u0441\u043a\u043e\u0439 \u0434\u0435\u044f\u0442\u0435\u043b\u044c\u043d\u043e\u0441\u0442\u044c\u044e \u0444\u0438\u0437\u0438\u0447\u0435\u0441\u043a\u043e\u0433\u043e \u043b\u0438\u0446\u0430 \u0438 \u043d\u0430 \u043e\u0441\u043d\u043e\u0432\u0430\u043d\u0438\u0438 \u043a\u0430\u043a\u043e\u0433\u043e \u0440\u0430\u0437\u0440\u0435\u0448\u0435\u043d\u0438\u044f \u043e\u043d\u0430 \u043c\u043e\u0436\u0435\u0442 \u0432\u0435\u0441\u0442\u0438\u0441\u044c.<\/em><\/p>\n<p>\u041f\u043e \u043e\u043f\u0440\u0435\u0434\u0435\u043b\u0435\u043d\u0438\u044e \u043f\u0440\u0435\u0434\u043f\u0440\u0438\u043d\u0438\u043c\u0430\u0442\u0435\u043b\u044c \u0432 \u0427\u0435\u0445\u0438\u0438 \u0432\u0435\u0434\u0451\u0442 \u0441\u0432\u043e\u044e \u0434\u0435\u044f\u0442\u0435\u043b\u044c\u043d\u043e\u0441\u0442\u044c \u0441\u0430\u043c\u043e\u0441\u0442\u043e\u044f\u0442\u0435\u043b\u044c\u043d\u043e, \u043e\u0442 \u0441\u043e\u0431\u0441\u0442\u0432\u0435\u043d\u043d\u043e\u0433\u043e \u0438\u043c\u0435\u043d\u0438 \u0438 \u043f\u043e\u0434 \u0441\u043e\u0431\u0441\u0442\u0432\u0435\u043d\u043d\u0443\u044e \u043e\u0442\u0432\u0435\u0442\u0441\u0442\u0432\u0435\u043d\u043d\u043e\u0441\u0442\u044c, \u0438\u043d\u0434\u0438\u0432\u0438\u0434\u0443\u0430\u043b\u044c\u043d\u043e \u0438\u043b\u0438 \u0432 \u0434\u0440\u0443\u0433\u043e\u0439 \u0444\u043e\u0440\u043c\u0435, \u0441\u0438\u0441\u0442\u0435\u043c\u0430\u0442\u0438\u0447\u0435\u0441\u043a\u0438 \u0438 \u0441 \u0446\u0435\u043b\u044c\u044e \u043f\u043e\u043b\u0443\u0447\u0435\u043d\u0438\u044f \u043f\u0440\u0438\u0431\u044b\u043b\u0438.<\/p>\n<p>\u041b\u0438\u0446\u043e, \u043e\u0441\u0443\u0449\u0435\u0441\u0442\u0432\u043b\u044f\u044e\u0449\u0435\u0435 \u043f\u0440\u0435\u0434\u043f\u0440\u0438\u043d\u0438\u043c\u0430\u0442\u0435\u043b\u044c\u0441\u043a\u0443\u044e \u0434\u0435\u044f\u0442\u0435\u043b\u044c\u043d\u043e\u0441\u0442\u044c, \u043d\u0430\u0437\u044b\u0432\u0430\u0435\u0442\u0441\u044f <strong>\u0441\u0430\u043c\u043e\u0437\u0430\u043d\u044f\u0442\u044b\u043c \u0444\u0438\u0437\u0438\u0447\u0435\u0441\u043a\u0438\u043c \u043b\u0438\u0446\u043e\u043c <\/strong>(\u0447\u0435\u0448. osoba samostatn\u011b v\u00fdd\u011ble\u010dn\u011b \u010dinn\u00e1, OSV\u010c). \u041f\u0440\u0435\u0434\u043f\u0440\u0438\u043d\u0438\u043c\u0430\u0442\u0435\u043b\u044c\u0441\u043a\u0430\u044f \u0434\u0435\u044f\u0442\u0435\u043b\u044c\u043d\u043e\u0441\u0442\u044c \u043c\u043e\u0436\u0435\u0442 \u0431\u044b\u0442\u044c <strong>\u0433\u043b\u0430\u0432\u043d\u043e\u0439<\/strong> \u0438\u043b\u0438 <strong>\u043d\u0435\u043e\u0441\u043d\u043e\u0432\u043d\u043e\u0439<\/strong>. \u041d\u0435\u043e\u0441\u043d\u043e\u0432\u043d\u043e\u0439 \u0441\u0447\u0438\u0442\u0430\u0435\u0442\u0441\u044f \u0434\u0435\u044f\u0442\u0435\u043b\u044c\u043d\u043e\u0441\u0442\u044c, \u043a\u043e\u0442\u043e\u0440\u043e\u0439 \u043f\u0440\u0435\u0434\u043f\u0440\u0438\u043d\u0438\u043c\u0430\u0442\u0435\u043b\u044c \u0437\u0430\u043d\u0438\u043c\u0430\u0435\u0442\u0441\u044f \u043f\u0430\u0440\u0430\u043b\u043b\u0435\u043b\u044c\u043d\u043e \u0441 \u0440\u0430\u0431\u043e\u0442\u043e\u0439 \u043f\u043e \u043d\u0430\u0439\u043c\u0443, \u043e\u0442\u043f\u0443\u0441\u043a\u043e\u043c \u043f\u043e \u0443\u0445\u043e\u0434\u0443 \u0437\u0430 \u0440\u0435\u0431\u0451\u043d\u043a\u043e\u043c \u0438\u043b\u0438 \u043d\u0430 \u043f\u0435\u043d\u0441\u0438\u0438 \u043f\u043e \u0441\u0442\u0430\u0440\u043e\u0441\u0442\u0438.<\/p>\n<p><em><i><div class=\"box-ok\"><\/i>\u041f\u043e\u0434\u0440\u043e\u0431\u043d\u0430\u044f \u0438\u043d\u0444\u043e\u0440\u043c\u0430\u0446\u0438\u044f \u043e \u0434\u0435\u044f\u0442\u0435\u043b\u044c\u043d\u043e\u0441\u0442\u0438 \u0441\u0430\u043c\u043e\u0437\u0430\u043d\u044f\u0442\u044b\u0445 \u0444\u0438\u0437\u0438\u0447\u0435\u0441\u043a\u0438\u0445 \u043b\u0438\u0446 \u0438 \u043f\u0440\u0430\u0432\u0438\u043b\u0430\u0445 \u043e\u043f\u0440\u0435\u0434\u0435\u043b\u0435\u043d\u0438\u044f \u0433\u043b\u0430\u0432\u043d\u043e\u0439 \u0438 \u043d\u0435\u043e\u0441\u043d\u043e\u0432\u043d\u043e\u0439 \u0434\u0435\u044f\u0442\u0435\u043b\u044c\u043d\u043e\u0441\u0442\u0438 \u0441\u043e\u0434\u0435\u0440\u0436\u0438\u0442\u0441\u044f \u043d\u0430 <a href=\"https:\/\/www.cssz.cz\/definice-a-druhy-svc\">\u0441\u0430\u0439\u0442\u0435 \u0427\u0435\u0448\u0441\u043a\u043e\u0433\u043e \u0443\u043f\u0440\u0430\u0432\u043b\u0435\u043d\u0438\u044f \u0441\u043e\u0446\u0438\u0430\u043b\u044c\u043d\u043e\u0433\u043e \u043e\u0431\u0435\u0441\u043f\u0435\u0447\u0435\u043d\u0438\u044f<\/a>.<i><\/div><\/i><\/em><\/p>\n<p>\u0421\u0430\u043c\u044b\u0439 \u0440\u0430\u0441\u043f\u0440\u043e\u0441\u0442\u0440\u0430\u043d\u0451\u043d\u043d\u044b\u0439 \u0441\u043f\u043e\u0441\u043e\u0431 \u043f\u0440\u0435\u0434\u043f\u0440\u0438\u043d\u0438\u043c\u0430\u0442\u0435\u043b\u044c\u0441\u043a\u043e\u0439 \u0434\u0435\u044f\u0442\u0435\u043b\u044c\u043d\u043e\u0441\u0442\u0438 \u0432 \u0427\u0435\u0445\u0438\u0438 \u2013 <strong>\u0438\u043d\u0434\u0438\u0432\u0438\u0434\u0443\u0430\u043b\u044c\u043d\u043e\u0435 \u043f\u0440\u0435\u0434\u043f\u0440\u0438\u043d\u0438\u043c\u0430\u0442\u0435\u043b\u044c\u0441\u0442\u0432\u043e<\/strong>, \u043a\u043e\u0442\u043e\u0440\u043e\u0435 \u0440\u0435\u0433\u0443\u043b\u0438\u0440\u0443\u0435\u0442\u0441\u044f \u0437\u0430\u043a\u043e\u043d\u043e\u043c \u043e \u043f\u0440\u0435\u0434\u043f\u0440\u0438\u043d\u0438\u043c\u0430\u0442\u0435\u043b\u044c\u0441\u043a\u043e\u0439 \u0434\u0435\u044f\u0442\u0435\u043b\u044c\u043d\u043e\u0441\u0442\u0438. \u041f\u043e\u0441\u043b\u0435\u0434\u043d\u044f\u044f \u0440\u0435\u0434\u0430\u043a\u0446\u0438\u044f \u0437\u0430\u043a\u043e\u043d\u0430 \u0434\u043e\u0441\u0442\u0443\u043f\u043d\u0430 \u043d\u0430 <a href=\"https:\/\/www.mpo.cz\/cz\/podnikani\/zivnostenske-podnikani\/pravni-predpisy\/zivnostensky-zakon--166698\/\">\u0441\u0430\u0439\u0442\u0435 <strong>\u041c\u0438\u043d\u0438\u0441\u0442\u0435\u0440\u0441\u0442\u0432\u0430 \u043f\u0440\u043e\u043c\u044b\u0448\u043b\u0435\u043d\u043d\u043e\u0441\u0442\u0438 \u0438 \u0442\u043e\u0440\u0433\u043e\u0432\u043b\u0438<\/strong><\/a>, \u043a\u043e\u0442\u043e\u0440\u043e\u0435 \u0440\u0435\u0433\u0443\u043b\u0438\u0440\u0443\u0435\u0442 \u043f\u0440\u0435\u0434\u043f\u0440\u0438\u043d\u0438\u043c\u0430\u0442\u0435\u043b\u044c\u0441\u043a\u0443\u044e \u0434\u0435\u044f\u0442\u0435\u043b\u044c\u043d\u043e\u0441\u0442\u044c.<\/p>\n<p>\u041a\u0440\u043e\u043c\u0435 \u0442\u043e\u0433\u043e, \u043c\u043e\u0436\u043d\u043e \u0437\u0430\u043d\u0438\u043c\u0430\u0442\u044c\u0441\u044f \u0442\u0430\u043a \u043d\u0430\u0437\u044b\u0432\u0430\u0435\u043c\u043e\u0439 <strong>\u043d\u0435\u0437\u0430\u0432\u0438\u0441\u0438\u043c\u043e\u0439 \u0434\u0435\u044f\u0442\u0435\u043b\u044c\u043d\u043e\u0441\u0442\u044c\u044e<\/strong> (\u0447\u0435\u0448. svobodn\u00e9 povol\u00e1n\u00ed). \u041d\u0435\u0437\u0430\u0432\u0438\u0441\u0438\u043c\u0430\u044f \u0434\u0435\u044f\u0442\u0435\u043b\u044c\u043d\u043e\u0441\u0442\u044c \u043e\u043f\u0440\u0435\u0434\u0435\u043b\u044f\u0435\u0442\u0441\u044f \u043a\u0430\u043a \u043f\u0440\u0435\u0434\u043f\u0440\u0438\u043d\u0438\u043c\u0430\u0442\u0435\u043b\u044c\u0441\u043a\u0430\u044f \u0434\u0435\u044f\u0442\u0435\u043b\u044c\u043d\u043e\u0441\u0442\u044c \u0444\u0438\u0437\u0438\u0447\u0435\u0441\u043a\u043e\u0433\u043e \u043b\u0438\u0446\u0430 \u0432 \u0441\u043e\u043e\u0442\u0432\u0435\u0442\u0441\u0442\u0432\u0438\u0438 \u0441 \u0438\u043d\u044b\u043c \u0437\u0430\u043a\u043e\u043d\u043e\u043c, \u0430 \u043d\u0435 \u0441 \u0437\u0430\u043a\u043e\u043d\u043e\u043c \u043e \u043f\u0440\u0435\u0434\u043f\u0440\u0438\u043d\u0438\u043c\u0430\u0442\u0435\u043b\u044c\u0441\u043a\u043e\u0439 \u0434\u0435\u044f\u0442\u0435\u043b\u044c\u043d\u043e\u0441\u0442\u0438. \u041d\u0435\u043a\u043e\u0442\u043e\u0440\u044b\u0435 \u0432\u0438\u0434\u044b \u043d\u0435\u0437\u0430\u0432\u0438\u0441\u0438\u043c\u043e\u0439 \u0434\u0435\u044f\u0442\u0435\u043b\u044c\u043d\u043e\u0441\u0442\u0438 \u043f\u0440\u0435\u0434\u043f\u043e\u043b\u0430\u0433\u0430\u044e\u0442 \u043e\u0431\u044f\u0437\u0430\u0442\u0435\u043b\u044c\u043d\u043e\u0435 \u0443\u0447\u0430\u0441\u0442\u0438\u0435 \u0432 \u043f\u0440\u043e\u0444\u0435\u0441\u0441\u0438\u043e\u043d\u0430\u043b\u044c\u043d\u043e\u0439 \u0430\u0441\u0441\u043e\u0446\u0438\u0430\u0446\u0438\u0438 (\u043d\u0430\u043f\u0440. \u0434\u043b\u044f \u0430\u0434\u0432\u043e\u043a\u0430\u0442\u043e\u0432 \u0438 \u0432\u0440\u0430\u0447\u0435\u0439), \u0434\u043b\u044f \u043d\u0435\u043a\u043e\u0442\u043e\u0440\u044b\u0445 \u0434\u0440\u0443\u0433\u0438\u0445 \u0432\u0438\u0434\u043e\u0432 \u0442\u0430\u043a\u043e\u0435 \u0443\u0447\u0430\u0441\u0442\u0438\u0435 \u043d\u0435 \u044f\u0432\u043b\u044f\u0435\u0442\u0441\u044f \u043e\u0431\u044f\u0437\u0430\u0442\u0435\u043b\u044c\u043d\u044b\u043c (\u043d\u0430\u043f\u0440. \u0434\u043b\u044f \u0436\u0443\u0440\u043d\u0430\u043b\u0438\u0441\u0442\u043e\u0432).<\/p>\n<p>\u041e\u043f\u0438\u0441\u0430\u043d\u0438\u0435 \u0440\u0430\u0437\u043d\u044b\u0445 \u0432\u0438\u0434\u043e\u0432 \u043f\u0440\u0435\u0434\u043f\u0440\u0438\u043d\u0438\u043c\u0430\u0442\u0435\u043b\u044c\u0441\u043a\u043e\u0439 \u0434\u0435\u044f\u0442\u0435\u043b\u044c\u043d\u043e\u0441\u0442\u0438 \u0444\u0438\u0437\u0438\u0447\u0435\u0441\u043a\u0438\u0445 \u043b\u0438\u0446 \u0438\u0449\u0438\u0442\u0435 \u0432 \u0441\u043f\u0435\u0446\u0438\u0430\u043b\u044c\u043d\u044b\u0445 \u0440\u0430\u0437\u0434\u0435\u043b\u0430\u0445:<\/p>\n<ul class=\"bullet-links\">\n<li aria-level=\"1\"><a href=\"https:\/\/metropolevsech.eu\/ru\/potrebuji-resit\/podnikani\/podnikani-fyzickych-osob-2\/zivnostenske-podnikani-cizincu-v-cr\/\">\u0418\u043d\u0434\u0438\u0432\u0438\u0434\u0443\u0430\u043b\u044c\u043d\u043e\u0435 \u043f\u0440\u0435\u0434\u043f\u0440\u0438\u043d\u0438\u043c\u0430\u0442\u0435\u043b\u044c\u0441\u0442\u0432\u043e<\/a><\/li>\n<li aria-level=\"1\"><a href=\"https:\/\/metropolevsech.eu\/ru\/potrebuji-resit\/podnikani\/podnikani-fyzickych-osob-2\/14822-2\/\">\u041d\u0435\u0437\u0430\u0432\u0438\u0441\u0438\u043c\u0430\u044f \u0434\u0435\u044f\u0442\u0435\u043b\u044c\u043d\u043e\u0441\u0442\u044c<\/a><\/li>\n<\/ul>\n<p style=\"text-align: right;\"><em>\u041f\u043e\u0441\u043b\u0435\u0434\u043d\u0435\u0435 \u043e\u0431\u043d\u043e\u0432\u043b\u0435\u043d\u0438\u0435: 4 \u043c\u0430\u0440\u0442\u0430 2025 \u0433.<\/em><\/p>\n<p><\/p>","protected":false},"excerpt":{"rendered":"<p>\u0412 \u0434\u0430\u043d\u043d\u043e\u043c \u0440\u0430\u0437\u0434\u0435\u043b\u0435 \u0432\u044b \u0443\u0437\u043d\u0430\u0435\u0442\u0435, \u0447\u0442\u043e \u043f\u043e\u0434\u0440\u0430\u0437\u0443\u043c\u0435\u0432\u0430\u0435\u0442\u0441\u044f \u043f\u043e\u0434 \u043f\u0440\u0435\u0434\u043f\u0440\u0438\u043d\u0438\u043c\u0430\u0442\u0435\u043b\u044c\u0441\u043a\u043e\u0439 \u0434\u0435\u044f\u0442\u0435\u043b\u044c\u043d\u043e\u0441\u0442\u044c\u044e \u0444\u0438\u0437\u0438\u0447\u0435\u0441\u043a\u043e\u0433\u043e \u043b\u0438\u0446\u0430 \u0438 \u043d\u0430 \u043e\u0441\u043d\u043e\u0432\u0430\u043d\u0438\u0438 \u043a\u0430\u043a\u043e\u0433\u043e \u0440\u0430\u0437\u0440\u0435\u0448\u0435\u043d\u0438\u044f \u043e\u043d\u0430 \u043c\u043e\u0436\u0435\u0442 \u0432\u0435\u0441\u0442\u0438\u0441\u044c. \u041f\u043e \u043e\u043f\u0440\u0435\u0434\u0435\u043b\u0435\u043d\u0438\u044e \u043f\u0440\u0435\u0434\u043f\u0440\u0438\u043d\u0438\u043c\u0430\u0442\u0435\u043b\u044c \u0432 \u0427\u0435\u0445\u0438\u0438 \u0432\u0435\u0434\u0451\u0442 \u0441\u0432\u043e\u044e \u0434\u0435\u044f\u0442\u0435\u043b\u044c\u043d\u043e\u0441\u0442\u044c \u0441\u0430\u043c\u043e\u0441\u0442\u043e\u044f\u0442\u0435\u043b\u044c\u043d\u043e, \u043e\u0442 \u0441\u043e\u0431\u0441\u0442\u0432\u0435\u043d\u043d\u043e\u0433\u043e \u0438\u043c\u0435\u043d\u0438 \u0438 \u043f\u043e\u0434 \u0441\u043e\u0431\u0441\u0442\u0432\u0435\u043d\u043d\u0443\u044e \u043e\u0442\u0432\u0435\u0442\u0441\u0442\u0432\u0435\u043d\u043d\u043e\u0441\u0442\u044c, \u0438\u043d\u0434\u0438\u0432\u0438\u0434\u0443\u0430\u043b\u044c\u043d\u043e \u0438\u043b\u0438 \u0432 \u0434\u0440\u0443\u0433\u043e\u0439&#8230;<\/p>\n<a class=\"more-block\" href=\"https:\/\/metropolevsech.eu\/ru\/potrebuji-resit\/podnikani\/podnikani-fyzickych-osob-2\/\">\u0427\u0438\u0442\u0430\u0442\u044c \u0434\u0430\u043b\u0435\u0435<\/a>","protected":false},"author":7,"featured_media":0,"parent":603,"menu_order":2,"comment_status":"closed","ping_status":"closed","template":"","meta":[],"acf":[],"_links":{"self":[{"href":"https:\/\/metropolevsech.eu\/ru\/wp-json\/wp\/v2\/pages\/14813"}],"collection":[{"href":"https:\/\/metropolevsech.eu\/ru\/wp-json\/wp\/v2\/pages"}],"about":[{"href":"https:\/\/metropolevsech.eu\/ru\/wp-json\/wp\/v2\/types\/page"}],"author":[{"embeddable":true,"href":"https:\/\/metropolevsech.eu\/ru\/wp-json\/wp\/v2\/users\/7"}],"replies":[{"embeddable":true,"href":"https:\/\/metropolevsech.eu\/ru\/wp-json\/wp\/v2\/comments?post=14813"}],"version-history":[{"count":7,"href":"https:\/\/metropolevsech.eu\/ru\/wp-json\/wp\/v2\/pages\/14813\/revisions"}],"predecessor-version":[{"id":24548,"href":"https:\/\/metropolevsech.eu\/ru\/wp-json\/wp\/v2\/pages\/14813\/revisions\/24548"}],"up":[{"embeddable":true,"href":"https:\/\/metropolevsech.eu\/ru\/wp-json\/wp\/v2\/pages\/603"}],"wp:attachment":[{"href":"https:\/\/metropolevsech.eu\/ru\/wp-json\/wp\/v2\/media?parent=14813"}],"curies":[{"name":"wp","href":"https:\/\/api.w.org\/{rel}","templated":true}]}}