{"id":14822,"date":"2021-10-13T11:18:18","date_gmt":"2021-10-13T09:18:18","guid":{"rendered":"https:\/\/metropolevsech.eu\/?page_id=14822"},"modified":"2021-12-31T09:53:36","modified_gmt":"2021-12-31T08:53:36","slug":"14822-2","status":"publish","type":"page","link":"https:\/\/metropolevsech.eu\/ru\/potrebuji-resit\/podnikani\/podnikani-fyzickych-osob-2\/14822-2\/","title":{"rendered":"\u041f\u0440\u0435\u0434\u043f\u0440\u0438\u043d\u0438\u043c\u0430\u0442\u0435\u043b\u044c\u0441\u043a\u0430\u044f \u0434\u0435\u044f\u0442\u0435\u043b\u044c\u043d\u043e\u0441\u0442\u044c \u0431\u0435\u0437 \u0441\u043f\u0435\u0446\u0438\u0430\u043b\u044c\u043d\u043e\u0433\u043e \u0440\u0430\u0437\u0440\u0435\u0448\u0435\u043d\u0438\u044f"},"content":{"rendered":"<p>\u0415\u0441\u043b\u0438 \u0432\u044b \u0445\u043e\u0442\u0438\u0442\u0435 \u0437\u0430\u043d\u0438\u043c\u0430\u0442\u044c\u0441\u044f \u0442\u0430\u043a \u043d\u0430\u0437\u044b\u0432\u0430\u0435\u043c\u043e\u0439 \u00ab\u043d\u0435\u0437\u0430\u0432\u0438\u0441\u0438\u043c\u043e\u0439 \u0434\u0435\u044f\u0442\u0435\u043b\u044c\u043d\u043e\u0441\u0442\u044c\u044e\u00bb (\u0447\u0435\u0448. svobodn\u00e9 povol\u00e1n\u00ed), \u043d\u0430\u043f\u0440\u0438\u043c\u0435\u0440, \u0432 \u043a\u0430\u0447\u0435\u0441\u0442\u0432\u0435 \u0430\u043a\u0442\u0451\u0440\u0430 \u0438\u043b\u0438 \u043c\u0443\u0437\u044b\u043a\u0430\u043d\u0442\u0430, \u0432\u0430\u043c \u043d\u0435 \u043d\u0443\u0436\u043d\u043e \u043f\u043e\u043b\u0443\u0447\u0430\u0442\u044c \u0440\u0430\u0437\u0440\u0435\u0448\u0435\u043d\u0438\u0435 \u043d\u0430 \u043e\u0441\u0443\u0449\u0435\u0441\u0442\u0432\u043b\u0435\u043d\u0438\u0435 \u043f\u0440\u0435\u0434\u043f\u0440\u0438\u043d\u0438\u043c\u0430\u0442\u0435\u043b\u044c\u0441\u043a\u043e\u0439 \u0434\u0435\u044f\u0442\u0435\u043b\u044c\u043d\u043e\u0441\u0442\u0438.<\/p>\n<p>\u041e\u0442\u043b\u0438\u0447\u0430\u044e\u0442\u0441\u044f \u043f\u0440\u0430\u0432\u0438\u043b\u0430 \u0432\u0435\u0434\u0435\u043d\u0438\u044f \u043f\u0440\u0435\u0434\u043f\u0440\u0438\u043d\u0438\u043c\u0430\u0442\u0435\u043b\u044c\u0441\u043a\u043e\u0439 \u0434\u0435\u044f\u0442\u0435\u043b\u044c\u043d\u043e\u0441\u0442\u0438 \u0438 \u0432 \u0441\u0444\u0435\u0440\u0435 \u0441\u0435\u043b\u044c\u0441\u043a\u043e\u0433\u043e, \u043b\u0435\u0441\u043d\u043e\u0433\u043e \u0438 \u0432\u043e\u0434\u043d\u043e\u0433\u043e \u0445\u043e\u0437\u044f\u0439\u0441\u0442\u0432 \u2013 \u0434\u043e\u0441\u0442\u0430\u0442\u043e\u0447\u043d\u043e \u0437\u0430\u0440\u0435\u0433\u0438\u0441\u0442\u0440\u0438\u0440\u043e\u0432\u0430\u0442\u044c\u0441\u044f \u0432 \u0430\u0434\u043c\u0438\u043d\u0438\u0441\u0442\u0440\u0430\u0446\u0438\u0438 \u043d\u0430\u0441\u0435\u043b\u0451\u043d\u043d\u043e\u0433\u043e \u043f\u0443\u043d\u043a\u0442\u0430.<\/p>\n<p>\u0420\u0430\u0437\u0440\u0435\u0448\u0435\u043d\u0438\u0435 \u043d\u0430 \u043e\u0441\u0443\u0449\u0435\u0441\u0442\u0432\u043b\u0435\u043d\u0438\u0435 \u043f\u0440\u0435\u0434\u043f\u0440\u0438\u043d\u0438\u043c\u0430\u0442\u0435\u043b\u044c\u0441\u043a\u043e\u0439 \u0434\u0435\u044f\u0442\u0435\u043b\u044c\u043d\u043e\u0441\u0442\u0438 \u0442\u0430\u043a\u0436\u0435 \u043d\u0435 \u0442\u0440\u0435\u0431\u0443\u0435\u0442\u0441\u044f \u0434\u043b\u044f \u043d\u0435\u043a\u043e\u0442\u043e\u0440\u044b\u0445 \u043f\u0440\u043e\u0444\u0435\u0441\u0441\u0438\u0439, \u0440\u0435\u0433\u0443\u043b\u0438\u0440\u0443\u0435\u043c\u044b\u0445 \u043e\u0441\u043e\u0431\u044b\u043c\u0438 \u0437\u0430\u043a\u043e\u043d\u0430\u043c\u0438 (\u0441\u043e\u0433\u043b\u0430\u0441\u043d\u043e \u043a\u043e\u0442\u043e\u0440\u044b\u043c, \u043a\u0430\u043a \u043f\u0440\u0430\u0432\u0438\u043b\u043e, \u043d\u0435\u043e\u0431\u0445\u043e\u0434\u0438\u043c\u043e \u0438\u043c\u0435\u0442\u044c \u0441\u043e\u043e\u0442\u0432\u0435\u0442\u0441\u0442\u0432\u0443\u044e\u0449\u0435\u0435 \u0432\u044b\u0441\u0448\u0435\u0435 \u043e\u0431\u0440\u0430\u0437\u043e\u0432\u0430\u043d\u0438\u0435). \u042d\u0442\u043e \u043e\u0442\u043d\u043e\u0441\u0438\u0442\u0441\u044f \u043a \u0441\u043b\u0435\u0434\u0443\u044e\u0449\u0438\u043c \u043f\u0440\u043e\u0444\u0435\u0441\u0441\u0438\u044f\u043c: \u0430\u0434\u0432\u043e\u043a\u0430\u0442, \u0440\u0438\u0435\u043b\u0442\u043e\u0440, \u043d\u0430\u043b\u043e\u0433\u043e\u0432\u044b\u0439 \u043a\u043e\u043d\u0441\u0443\u043b\u044c\u0442\u0430\u043d\u0442, \u043e\u0446\u0435\u043d\u0449\u0438\u043a, \u043f\u0441\u0438\u0445\u043e\u0442\u0435\u0440\u0430\u043f\u0435\u0432\u0442 \u0438 \u0434\u0440\u0443\u0433\u0438\u0435. \u0427\u0442\u043e\u0431\u044b \u0437\u0430\u043d\u0438\u043c\u0430\u0442\u044c\u0441\u044f \u043e\u0434\u043d\u043e\u0439 \u0438\u0437 \u044d\u0442\u0438\u0445 \u043f\u0440\u043e\u0444\u0435\u0441\u0441\u0438\u0435\u0439, \u043d\u0435\u043e\u0431\u0445\u043e\u0434\u0438\u043c\u043e \u0432\u044b\u043f\u043e\u043b\u043d\u0438\u0442\u044c \u043e\u0441\u043e\u0431\u044b\u0435 \u0442\u0440\u0435\u0431\u043e\u0432\u0430\u043d\u0438\u044f!<\/p>\n<p><em><div class=\"box-ok\">\u041f\u043e\u0434\u0440\u043e\u0431\u043d\u0430\u044f \u0438\u043d\u0444\u043e\u0440\u043c\u0430\u0446\u0438\u044f \u043e \u0442\u043e\u043c, \u043a\u0430\u043a \u043e\u0442\u043a\u0440\u044b\u0442\u044c \u0441\u0432\u043e\u0451 \u0434\u0435\u043b\u043e \u043f\u0440\u0435\u0434\u0441\u0442\u0430\u0432\u0438\u0442\u0435\u043b\u044f\u043c \u0440\u0430\u0437\u043d\u044b\u0445 \u043f\u0440\u043e\u0444\u0435\u0441\u0441\u0438\u0439, \u0441\u043e\u0434\u0435\u0440\u0436\u0438\u0442\u0441\u044f \u043d\u0430 \u0441\u0430\u0439\u0442\u0435 businessinfo.cz<\/em><em> \u0432 \u0440\u0430\u0437\u0434\u0435\u043b\u0435 <a href=\"https:\/\/www.businessinfo.cz\/navody\/\">\u00ab<\/a><\/em><a href=\"https:\/\/www.businessinfo.cz\/navody\/\"><em>\u041f\u0443\u0442\u0435\u0432\u043e\u0434\u0438\u0442\u0435\u043b\u044c \u043f\u043e \u0431\u0438\u0437\u043d\u0435\u0441\u0443<\/em><\/a><em>\u00bb. \u0417\u0434\u0435\u0441\u044c \u0432\u044b \u043c\u043e\u0436\u0435\u0442\u0435 \u043f\u0440\u043e\u0447\u0438\u0442\u0430\u0442\u044c, \u043d\u0430\u043f\u0440\u0438\u043c\u0435\u0440, \u043e \u0442\u043e\u043c, <a href=\"https:\/\/www.businessinfo.cz\/navody\/vykon-cinnosti-advokata\/\">\u043a\u0430\u043a \u0441\u0442\u0430\u0442\u044c \u0430\u0434\u0432\u043e\u043a\u0430\u0442\u043e\u043c \u0432 \u0427\u0435\u0445\u0438\u0438 \u0448\u0430\u0433 \u0437\u0430 \u0448\u0430\u0433\u043e\u043c<\/a>.<\/div><\/em><\/p>","protected":false},"excerpt":{"rendered":"<p>\u0415\u0441\u043b\u0438 \u0432\u044b \u0445\u043e\u0442\u0438\u0442\u0435 \u0437\u0430\u043d\u0438\u043c\u0430\u0442\u044c\u0441\u044f \u0442\u0430\u043a \u043d\u0430\u0437\u044b\u0432\u0430\u0435\u043c\u043e\u0439 \u00ab\u043d\u0435\u0437\u0430\u0432\u0438\u0441\u0438\u043c\u043e\u0439 \u0434\u0435\u044f\u0442\u0435\u043b\u044c\u043d\u043e\u0441\u0442\u044c\u044e\u00bb (\u0447\u0435\u0448. svobodn\u00e9 povol\u00e1n\u00ed), \u043d\u0430\u043f\u0440\u0438\u043c\u0435\u0440, \u0432 \u043a\u0430\u0447\u0435\u0441\u0442\u0432\u0435 \u0430\u043a\u0442\u0451\u0440\u0430 \u0438\u043b\u0438 \u043c\u0443\u0437\u044b\u043a\u0430\u043d\u0442\u0430, \u0432\u0430\u043c \u043d\u0435 \u043d\u0443\u0436\u043d\u043e \u043f\u043e\u043b\u0443\u0447\u0430\u0442\u044c \u0440\u0430\u0437\u0440\u0435\u0448\u0435\u043d\u0438\u0435 \u043d\u0430 \u043e\u0441\u0443\u0449\u0435\u0441\u0442\u0432\u043b\u0435\u043d\u0438\u0435 \u043f\u0440\u0435\u0434\u043f\u0440\u0438\u043d\u0438\u043c\u0430\u0442\u0435\u043b\u044c\u0441\u043a\u043e\u0439 \u0434\u0435\u044f\u0442\u0435\u043b\u044c\u043d\u043e\u0441\u0442\u0438. \u041e\u0442\u043b\u0438\u0447\u0430\u044e\u0442\u0441\u044f \u043f\u0440\u0430\u0432\u0438\u043b\u0430 \u0432\u0435\u0434\u0435\u043d\u0438\u044f \u043f\u0440\u0435\u0434\u043f\u0440\u0438\u043d\u0438\u043c\u0430\u0442\u0435\u043b\u044c\u0441\u043a\u043e\u0439 \u0434\u0435\u044f\u0442\u0435\u043b\u044c\u043d\u043e\u0441\u0442\u0438 \u0438 \u0432 \u0441\u0444\u0435\u0440\u0435 \u0441\u0435\u043b\u044c\u0441\u043a\u043e\u0433\u043e, \u043b\u0435\u0441\u043d\u043e\u0433\u043e \u0438 \u0432\u043e\u0434\u043d\u043e\u0433\u043e \u0445\u043e\u0437\u044f\u0439\u0441\u0442\u0432 \u2013&#8230;<\/p>\n<a class=\"more-block\" href=\"https:\/\/metropolevsech.eu\/ru\/potrebuji-resit\/podnikani\/podnikani-fyzickych-osob-2\/14822-2\/\">\u0427\u0438\u0442\u0430\u0442\u044c \u0434\u0430\u043b\u0435\u0435<\/a>","protected":false},"author":7,"featured_media":0,"parent":14813,"menu_order":2,"comment_status":"closed","ping_status":"closed","template":"","meta":[],"acf":[],"_links":{"self":[{"href":"https:\/\/metropolevsech.eu\/ru\/wp-json\/wp\/v2\/pages\/14822"}],"collection":[{"href":"https:\/\/metropolevsech.eu\/ru\/wp-json\/wp\/v2\/pages"}],"about":[{"href":"https:\/\/metropolevsech.eu\/ru\/wp-json\/wp\/v2\/types\/page"}],"author":[{"embeddable":true,"href":"https:\/\/metropolevsech.eu\/ru\/wp-json\/wp\/v2\/users\/7"}],"replies":[{"embeddable":true,"href":"https:\/\/metropolevsech.eu\/ru\/wp-json\/wp\/v2\/comments?post=14822"}],"version-history":[{"count":3,"href":"https:\/\/metropolevsech.eu\/ru\/wp-json\/wp\/v2\/pages\/14822\/revisions"}],"predecessor-version":[{"id":16176,"href":"https:\/\/metropolevsech.eu\/ru\/wp-json\/wp\/v2\/pages\/14822\/revisions\/16176"}],"up":[{"embeddable":true,"href":"https:\/\/metropolevsech.eu\/ru\/wp-json\/wp\/v2\/pages\/14813"}],"wp:attachment":[{"href":"https:\/\/metropolevsech.eu\/ru\/wp-json\/wp\/v2\/media?parent=14822"}],"curies":[{"name":"wp","href":"https:\/\/api.w.org\/{rel}","templated":true}]}}