{"id":14827,"date":"2021-10-13T11:58:11","date_gmt":"2021-10-13T09:58:11","guid":{"rendered":"https:\/\/metropolevsech.eu\/?page_id=14827"},"modified":"2021-12-31T09:58:48","modified_gmt":"2021-12-31T08:58:48","slug":"povinnosti-podnikatelu","status":"publish","type":"page","link":"https:\/\/metropolevsech.eu\/ru\/potrebuji-resit\/podnikani\/povinnosti-podnikatelu\/","title":{"rendered":"\u041e\u0431\u044f\u0437\u0430\u043d\u043d\u043e\u0441\u0442\u0438 \u043f\u0440\u0435\u0434\u043f\u0440\u0438\u043d\u0438\u043c\u0430\u0442\u0435\u043b\u0435\u0439"},"content":{"rendered":"<p><em>\u0412 \u0434\u0430\u043d\u043d\u043e\u043c \u0440\u0430\u0437\u0434\u0435\u043b\u0435 \u043f\u0440\u0438\u0432\u0435\u0434\u0435\u043d\u044b \u043e\u0441\u043d\u043e\u0432\u043d\u044b\u0435 \u043e\u0431\u044f\u0437\u0430\u043d\u043d\u043e\u0441\u0442\u0438 \u043f\u0440\u0435\u0434\u043f\u0440\u0438\u043d\u0438\u043c\u0430\u0442\u0435\u043b\u0435\u0439. \u041d\u0435\u043e\u0431\u0445\u043e\u0434\u0438\u043c\u043e \u0442\u0430\u043a\u0436\u0435 \u043f\u043e\u043c\u043d\u0438\u0442\u044c \u043e \u0442\u043e\u043c, \u0447\u0442\u043e \u0441\u0443\u0449\u0435\u0441\u0442\u0432\u0443\u0435\u0442 \u0446\u0435\u043b\u044b\u0439 \u043f\u0435\u0440\u0435\u0447\u0435\u043d\u044c \u0434\u0440\u0443\u0433\u0438\u0445 \u043e\u0431\u044f\u0437\u0430\u043d\u043d\u043e\u0441\u0442\u0435\u0439, \u0432\u044b\u0442\u0435\u043a\u0430\u044e\u0449\u0438\u0445 \u0438\u0437 \u0441\u043f\u0435\u0446\u0438\u0430\u043b\u044c\u043d\u044b\u0445 \u0437\u0430\u043a\u043e\u043d\u043e\u0432, \u043d\u0430\u043f\u0440\u0438\u043c\u0435\u0440, <a href=\"https:\/\/www.businessinfo.cz\/formulare\/zivnostensky-zakon-455-1991-sb\/\">\u0417\u0430\u043a\u043e\u043d\u0430 \u043e \u043f\u0440\u0435\u0434\u043f\u0440\u0438\u043d\u0438\u043c\u0430\u0442\u0435\u043b\u044c\u0441\u043a\u043e\u0439 \u0434\u0435\u044f\u0442\u0435\u043b\u044c\u043d\u043e\u0441\u0442\u0438<\/a>. \u0414\u043b\u044f \u0442\u043e\u0433\u043e, \u0447\u0442\u043e\u0431\u044b \u0443\u0437\u043d\u0430\u0442\u044c \u043e\u0431 \u043e\u0431\u044f\u0437\u0430\u043d\u043d\u043e\u0441\u0442\u044f\u0445 \u043f\u0440\u0435\u0434\u043f\u0440\u0438\u043d\u0438\u043c\u0430\u0442\u0435\u043b\u0435\u0439 \u043f\u043e\u0441\u043b\u0435 \u0443\u0447\u0440\u0435\u0436\u0434\u0435\u043d\u0438\u044f \u043d\u043e\u0432\u043e\u0433\u043e \u043f\u0440\u0435\u0434\u043f\u0440\u0438\u044f\u0442\u0438\u044f, \u043f\u0435\u0440\u0435\u0439\u0434\u0438\u0442\u0435 \u043d\u0430 \u0441\u0430\u0439\u0442 <\/em><a href=\"https:\/\/www.businessinfo.cz\/navody\/povinnosti-podnikatele-zalozeni-ppbi\/\"><em>www.BusinessINFO.cz.<\/em><\/a><\/p>\n<ul class=\"bullet\">\n<li>\u0410\u0432\u0430\u043d\u0441\u043e\u0432\u044b\u0435 \u043f\u043b\u0430\u0442\u0435\u0436\u0438 \u0432 \u0441\u0447\u0451\u0442 \u043c\u0435\u0434\u0438\u0446\u0438\u043d\u0441\u043a\u043e\u0433\u043e \u0438 \u0441\u043e\u0446\u0438\u0430\u043b\u044c\u043d\u043e\u0433\u043e \u0441\u0442\u0440\u0430\u0445\u043e\u0432\u0430\u043d\u0438\u044f.<\/li>\n<li>\u041d\u0430\u043b\u043e\u0433\u043e\u0432\u044b\u0439 \u0443\u0447\u0451\u0442 \u0438 \u043e\u0431\u044f\u0437\u0430\u043d\u043d\u043e\u0441\u0442\u044c \u043f\u043b\u0430\u0442\u0438\u0442\u044c \u043d\u0430\u043b\u043e\u0433\u0438<\/li>\n<\/ul>\n<h3><strong>\u0410\u0432\u0430\u043d\u0441\u043e\u0432\u044b\u0435 \u043f\u043b\u0430\u0442\u0435\u0436\u0438 \u0432 \u0441\u0447\u0451\u0442 \u043c\u0435\u0434\u0438\u0446\u0438\u043d\u0441\u043a\u043e\u0433\u043e \u0438 \u0441\u043e\u0446\u0438\u0430\u043b\u044c\u043d\u043e\u0433\u043e \u0441\u0442\u0440\u0430\u0445\u043e\u0432\u0430\u043d\u0438\u044f<\/strong><\/h3>\n<p>\u041f\u0440\u0435\u0434\u043f\u0440\u0438\u043d\u0438\u043c\u0430\u0442\u0435\u043b\u0438 \u043e\u0431\u044f\u0437\u0430\u043d\u044b \u043e\u043f\u043b\u0430\u0447\u0438\u0432\u0430\u0442\u044c \u0441\u0432\u043e\u0435 \u043c\u0435\u0434\u0438\u0446\u0438\u043d\u0441\u043a\u043e\u0435 \u0441\u0442\u0440\u0430\u0445\u043e\u0432\u0430\u043d\u0438\u0435 \u0441\u0430\u043c\u043e\u0441\u0442\u043e\u044f\u0442\u0435\u043b\u044c\u043d\u043e. \u041f\u0440\u0438 \u043f\u043e\u0434\u0430\u0447\u0435 \u0432 \u0427\u0435\u0445\u0438\u0438 \u0437\u0430\u044f\u0432\u043b\u0435\u043d\u0438\u044f \u043d\u0430 \u0434\u043e\u043b\u0433\u043e\u0441\u0440\u043e\u0447\u043d\u0443\u044e \u0432\u0438\u0437\u0443, \u0440\u0430\u0437\u0440\u0435\u0448\u0435\u043d\u0438\u0435 \u043d\u0430 \u0434\u043e\u043b\u0433\u043e\u0441\u0440\u043e\u0447\u043d\u043e\u0435 \u043f\u0440\u0435\u0431\u044b\u0432\u0430\u043d\u0438\u0435 \u0438\u043b\u0438 \u043f\u0440\u0438 \u043f\u0440\u043e\u0434\u043b\u0435\u043d\u0438\u0438 \u0440\u0430\u0437\u0440\u0435\u0448\u0435\u043d\u0438\u044f \u043d\u0430 \u043f\u0440\u0435\u0431\u044b\u0432\u0430\u043d\u0438\u0435 \u0438\u043d\u043e\u0441\u0442\u0440\u0430\u043d\u0446\u044b \u043e\u0431\u044f\u0437\u0430\u043d\u044b \u0437\u0430\u043a\u043b\u044e\u0447\u0438\u0442\u044c <a href=\"https:\/\/metropolevsech.eu\/ru\/potrebuji-resit\/zdravotnictvi-zdravotni-a-socialni-pojisteni\/zdravotni-pojisteni\/\"><strong>\u043a\u043e\u043c\u043c\u0435\u0440\u0447\u0435\u0441\u043a\u043e\u0435 \u043c\u0435\u0434\u0438\u0446\u0438\u043d\u0441\u043a\u043e\u0435 \u0441\u0442\u0440\u0430\u0445\u043e\u0432\u0430\u043d\u0438\u0435 \u043d\u0430 \u043a\u043e\u043c\u043f\u043b\u0435\u043a\u0441\u043d\u043e\u0435 \u043c\u0435\u0434\u0438\u0446\u0438\u043d\u0441\u043a\u043e\u0435 \u043e\u0431\u0441\u043b\u0443\u0436\u0438\u0432\u0430\u043d\u0438\u0435<\/strong><\/a>.<\/p>\n<p>\u0421\u043e\u0446\u0438\u0430\u043b\u044c\u043d\u043e\u0435 \u0441\u0442\u0440\u0430\u0445\u043e\u0432\u0430\u043d\u0438\u0435 \u0442\u0430\u043a\u0436\u0435 \u043e\u043f\u043b\u0430\u0447\u0438\u0432\u0430\u0435\u0442\u0441\u044f \u0441\u0430\u043c\u0438\u043c \u043f\u0440\u0435\u0434\u043f\u0440\u0438\u043d\u0438\u043c\u0430\u0442\u0435\u043b\u0435\u043c. \u041a\u0430\u043a \u043f\u0440\u0430\u0432\u0438\u043b\u043e, \u0432 \u0444\u043e\u0440\u043c\u0435 \u0435\u0436\u0435\u043c\u0435\u0441\u044f\u0447\u043d\u044b\u0445 \u0430\u0432\u0430\u043d\u0441\u043e\u0432\u044b\u0445 \u043f\u043b\u0430\u0442\u0435\u0436\u0435\u0439 \u0441 \u043c\u043e\u043c\u0435\u043d\u0442\u0430 \u043d\u0430\u0447\u0430\u043b\u0430 \u043f\u0440\u0435\u0434\u043f\u0440\u0438\u043d\u0438\u043c\u0430\u0442\u0435\u043b\u044c\u0441\u043a\u043e\u0439 \u0434\u0435\u044f\u0442\u0435\u043b\u044c\u043d\u043e\u0441\u0442\u0438. \u041f\u043b\u0430\u0442\u0435\u0436\u0438 \u043e\u0441\u0443\u0449\u0435\u0441\u0442\u0432\u043b\u044f\u044e\u0442\u0441\u044f \u043d\u0430 \u0441\u0447\u0451\u0442 \u0420\u0430\u0439\u043e\u043d\u043d\u043e\u0433\u043e \u0443\u043f\u0440\u0430\u0432\u043b\u0435\u043d\u0438\u044f \u0441\u043e\u0446\u0438\u0430\u043b\u044c\u043d\u043e\u0433\u043e \u043e\u0431\u0435\u0441\u043f\u0435\u0447\u0435\u043d\u0438\u044f (\u0447\u0435\u0448. <a href=\"https:\/\/metropolevsech.eu\/cs\/urady-v-praze\/ostatni-urady\/\"><strong>Okresn\u00ed spr\u00e1va soci\u00e1ln\u00edho zabezpe\u010den\u00ed<\/strong><\/a><a href=\"https:\/\/metropolevsech.eu\/cs\/urady-v-praze\/ostatni-urady\/\"> (<\/a><a href=\"https:\/\/metropolevsech.eu\/cs\/urady-v-praze\/ostatni-urady\/\"><strong>OSSZ<\/strong><\/a><a href=\"https:\/\/metropolevsech.eu\/cs\/urady-v-praze\/ostatni-urady\/\">)<\/a>) \u0434\u043e \u043a\u043e\u043d\u0446\u0430 \u043c\u0435\u0441\u044f\u0446\u0430, \u043a \u043a\u043e\u0442\u043e\u0440\u043e\u043c\u0443 \u043e\u0442\u043d\u043e\u0441\u0438\u0442\u0441\u044f \u0434\u0430\u043d\u043d\u044b\u0439 \u043f\u043b\u0430\u0442\u0451\u0436.<\/p>\n<p><em>\u0415\u0441\u043b\u0438 \u0432\u044b \u043d\u0430\u0445\u043e\u0434\u0438\u0442\u0435\u0441\u044c \u0432 \u0427\u0435\u0445\u0438\u0438 \u043d\u0430 \u043e\u0441\u043d\u043e\u0432\u0430\u043d\u0438\u0438 \u0440\u0430\u0437\u0440\u0435\u0448\u0435\u043d\u0438\u044f \u043d\u0430 \u043f\u0440\u0435\u0431\u044b\u0432\u0430\u043d\u0438\u0435 \u0441 \u0446\u0435\u043b\u044c\u044e \u00ab\u043f\u0440\u0435\u0434\u043f\u0440\u0438\u043d\u0438\u043c\u0430\u0442\u0435\u043b\u044c\u0441\u0442\u0432\u043e\u00bb, <strong>\u0432\u044b \u043e\u0431\u044f\u0437\u0430\u043d\u044b \u043f\u043e\u0441\u0442\u043e\u044f\u043d\u043d\u043e \u043d\u0430\u0445\u043e\u0434\u0438\u0442\u044c\u0441\u044f \u043d\u0430 \u0443\u0447\u0451\u0442\u0435 \u0432 OSSZ<\/strong>, \u0434\u0430\u0436\u0435 \u0435\u0441\u043b\u0438 \u0432\u0440\u0435\u043c\u0435\u043d\u043d\u043e \u043d\u0435 \u0437\u0430\u043d\u0438\u043c\u0430\u0435\u0442\u0435\u0441\u044c \u043f\u0440\u0435\u0434\u043f\u0440\u0438\u043d\u0438\u043c\u0430\u0442\u0435\u043b\u044c\u0441\u043a\u043e\u0439 \u0434\u0435\u044f\u0442\u0435\u043b\u044c\u043d\u043e\u0441\u0442\u044c\u044e, \u043d\u0435 \u0438\u043c\u0435\u0435\u0442\u0435 \u0434\u043e\u0445\u043e\u0434 \u0438\u043b\u0438 \u043d\u0430\u0445\u043e\u0434\u0438\u0442\u0435\u0441\u044c \u0437\u0430 \u043f\u0440\u0435\u0434\u0435\u043b\u0430\u043c\u0438 \u0427\u0435\u0445\u0438\u0438.<\/em><\/p>\n<p>\u0412\u0441\u0435 \u043e\u0431\u044f\u0437\u0430\u0442\u0435\u043b\u044c\u043d\u044b\u0435 \u043f\u043b\u0430\u0442\u0435\u0436\u0438 \u0441 \u043d\u0435\u0434\u0430\u0432\u043d\u0435\u0433\u043e \u0432\u0440\u0435\u043c\u0435\u043d\u0438 \u043c\u043e\u0436\u043d\u043e \u043e\u0441\u0443\u0449\u0435\u0441\u0442\u0432\u043b\u044f\u0442\u044c \u043f\u043e\u0441\u0440\u0435\u0434\u0441\u0442\u0432\u043e\u043c <strong>\u0444\u0438\u043a\u0441\u0438\u0440\u043e\u0432\u0430\u043d\u043d\u043e\u0433\u043e \u043d\u0430\u043b\u043e\u0433\u0430<\/strong> (\u0447\u0435\u0448. pau\u0161\u00e1ln\u00ed da\u0148).<\/p>\n<h3><strong>\u041d\u0430\u043b\u043e\u0433\u043e\u0432\u044b\u0439 \u0443\u0447\u0451\u0442 \u0438 \u043e\u0431\u044f\u0437\u0430\u043d\u043d\u043e\u0441\u0442\u044c \u043f\u043b\u0430\u0442\u0438\u0442\u044c \u043d\u0430\u043b\u043e\u0433\u0438<\/strong><\/h3>\n<p>\u0412 \u0442\u0435\u0447\u0435\u043d\u0438\u0435 \u0433\u043e\u0434\u0430 \u0441\u043e\u0445\u0440\u0430\u043d\u044f\u0439\u0442\u0435 \u0432\u0441\u0435 \u0441\u0447\u0435\u0442\u0430, \u0447\u0442\u043e\u0431\u044b \u0432\u0435\u0441\u0442\u0438 \u043d\u0430\u043b\u043e\u0433\u043e\u0432\u044b\u0439 \u0443\u0447\u0451\u0442 \u0438 \u0437\u0430\u0442\u0435\u043c \u0437\u0430\u044f\u0432\u0438\u0442\u044c \u043e \u0434\u0435\u0439\u0441\u0442\u0432\u0438\u0442\u0435\u043b\u044c\u043d\u044b\u0445 \u0440\u0430\u0441\u0445\u043e\u0434\u0430\u0445. \u0418\u043b\u0438 \u0436\u0435 \u0432\u044b \u043c\u043e\u0436\u0435\u0442\u0435 \u0438\u0441\u043f\u043e\u043b\u044c\u0437\u043e\u0432\u0430\u0442\u044c <strong>\u0444\u0438\u043a\u0441\u0438\u0440\u043e\u0432\u0430\u043d\u043d\u044b\u0439 \u0432\u044b\u0447\u0435\u0442 \u0438\u0437 \u043d\u0430\u043b\u043e\u0433\u043e\u0432\u043e\u0439 \u0431\u0430\u0437\u044b<\/strong> (\u0447\u0435\u0448. <strong>da\u0148ov\u00fd pau\u0161\u00e1l<\/strong>) \u0432 \u0440\u0430\u043c\u043a\u0430\u0445 \u0443\u0447\u0451\u0442\u0430 \u043f\u0440\u0438\u0445\u043e\u0434\u0430 \u0434\u0435\u043d\u0435\u0436\u043d\u044b\u0445 \u0441\u0440\u0435\u0434\u0441\u0442\u0432, \u0434\u043b\u044f \u044d\u0442\u043e\u0433\u043e \u0434\u043e\u0441\u0442\u0430\u0442\u043e\u0447\u043d\u043e \u0432\u0435\u0441\u0442\u0438 \u0443\u0447\u0451\u0442 \u0434\u043e\u0445\u043e\u0434\u043e\u0432 \u0438 \u043e\u0444\u043e\u0440\u043c\u043b\u0435\u043d\u043d\u044b\u0445 \u0441\u0447\u0451\u0442\u043e\u0432 \u043d\u0430 \u043e\u043f\u043b\u0430\u0442\u0443 (\u0447\u0435\u0448. faktury).<\/p>\n<p><em>\u0415\u0441\u043b\u0438 \u0432\u044b \u043d\u0430\u0445\u043e\u0434\u0438\u0442\u0435\u0441\u044c \u0432 \u0427\u0435\u0445\u0438\u0438 \u043d\u0430 \u043e\u0441\u043d\u043e\u0432\u0430\u043d\u0438\u0438 \u0440\u0430\u0437\u0440\u0435\u0448\u0435\u043d\u0438\u044f \u043d\u0430 \u043f\u0440\u0435\u0431\u044b\u0432\u0430\u043d\u0438\u0435 \u0441 \u0446\u0435\u043b\u044c\u044e \u00ab\u043f\u0440\u0435\u0434\u043f\u0440\u0438\u043d\u0438\u043c\u0430\u0442\u0435\u043b\u044c\u0441\u0442\u0432\u043e\u00bb \u0438 \u0438\u0441\u043f\u043e\u043b\u044c\u0437\u0443\u0435\u0442\u0435 \u0444\u0438\u043a\u0441\u0438\u0440\u043e\u0432\u0430\u043d\u043d\u044b\u0439 \u0432\u044b\u0447\u0435\u0442 \u0438\u0437 \u043d\u0430\u043b\u043e\u0433\u043e\u0432\u043e\u0439 \u0431\u0430\u0437\u044b, \u0441\u043b\u0435\u0434\u0438\u0442\u0435 \u0437\u0430 \u0442\u0435\u043c, \u0447\u0442\u043e\u0431\u044b \u0431\u044b\u043b\u043e \u0441\u043e\u0431\u043b\u044e\u0434\u0435\u043d\u043e \u0442\u0440\u0435\u0431\u043e\u0432\u0430\u043d\u0438\u0435 \u043d\u0430 \u043f\u043e\u043b\u0443\u0447\u0435\u043d\u0438\u0435 \u0434\u043e\u0441\u0442\u0430\u0442\u043e\u0447\u043d\u043e\u0433\u043e \u0434\u043e\u0445\u043e\u0434\u0430 \u0434\u043b\u044f \u0442\u043e\u0433\u043e, \u0447\u0442\u043e\u0431\u044b \u043f\u0440\u043e\u0434\u043b\u0438\u0442\u044c \u0440\u0430\u0437\u0440\u0435\u0448\u0435\u043d\u0438\u0435 \u043d\u0430 \u043f\u0440\u0435\u0431\u044b\u0432\u0430\u043d\u0438\u0435. \u0412 \u0441\u043b\u0443\u0447\u0430\u0435 \u0441\u043e\u043c\u043d\u0435\u043d\u0438\u0439 \u043f\u043e\u0441\u043e\u0432\u0435\u0442\u0443\u0439\u0442\u0435\u0441\u044c \u0441\u043e \u0441\u043f\u0435\u0446\u0438\u0430\u043b\u0438\u0441\u0442\u0430\u043c\u0438.<\/em><\/p>\n<h4><strong>\u041d\u0430\u043b\u043e\u0433\u043e\u0432\u0430\u044f \u0434\u0435\u043a\u043b\u0430\u0440\u0430\u0446\u0438\u044f<\/strong><\/h4>\n<p>\u041a\u0430\u0436\u0434\u044b\u0439 \u0433\u043e\u0434 \u0432\u044b \u043e\u0431\u044f\u0437\u0430\u043d\u044b \u043f\u043e\u0434\u0430\u0432\u0430\u0442\u044c \u043d\u0430\u043b\u043e\u0433\u043e\u0432\u0443\u044e \u0434\u0435\u043a\u043b\u0430\u0440\u0430\u0446\u0438\u044e. \u041d\u0430\u043b\u043e\u0433\u043e\u0432\u0430\u044f \u0434\u0435\u043a\u043b\u0430\u0440\u0430\u0446\u0438\u044f \u043f\u043e\u0434\u0430\u0451\u0442\u0441\u044f \u0432 <a href=\"https:\/\/metropolevsech.eu\/cs\/urady-v-praze\/ostatni-urady\/\">\u0444\u0438\u043d\u0430\u043d\u0441\u043e\u0432\u043e\u0435 \u0443\u043f\u0440\u0430\u0432\u043b\u0435\u043d\u0438\u0435<\/a> (\u0447\u0435\u0448. finan\u010dn\u00ed \u00fa\u0159ad) \u043f\u043e \u043c\u0435\u0441\u0442\u0443 \u043d\u0430\u0445\u043e\u0436\u0434\u0435\u043d\u0438\u044f \u0432\u0430\u0448\u0435\u0433\u043e \u043f\u0440\u0435\u0434\u043f\u0440\u0438\u044f\u0442\u0438\u044f \u0434\u043e \u043a\u043e\u043d\u0446\u0430 \u043c\u0430\u0440\u0442\u0430 \u0441\u043b\u0435\u0434\u0443\u044e\u0449\u0435\u0433\u043e \u0433\u043e\u0434\u0430 \u0437\u0430 \u0433\u043e\u0434 \u043f\u0440\u0435\u0434\u044b\u0434\u0443\u0449\u0438\u0439. \u0415\u0441\u043b\u0438 \u0432\u0430\u0448\u0443 \u043d\u0430\u043b\u043e\u0433\u043e\u0432\u0443\u044e \u0434\u0435\u043a\u043b\u0430\u0440\u0430\u0446\u0438\u044e \u0441\u043e\u0441\u0442\u0430\u0432\u043b\u044f\u0435\u0442 \u043d\u0430\u043b\u043e\u0433\u043e\u0432\u044b\u0439 \u043a\u043e\u043d\u0441\u0443\u043b\u044c\u0442\u0430\u043d\u0442, \u0441\u0440\u043e\u043a \u043f\u043e\u0434\u0430\u0447\u0438 \u0434\u0435\u043a\u043b\u0430\u0440\u0430\u0446\u0438\u0438 \u043f\u0440\u043e\u0434\u043b\u044f\u0435\u0442\u0441\u044f \u0434\u043e \u043a\u043e\u043d\u0446\u0430 \u0438\u044e\u043d\u044f.<\/p>\n<p>\u041f\u043e\u0434\u0440\u043e\u0431\u043d\u0430\u044f \u0438\u043d\u0444\u043e\u0440\u043c\u0430\u0446\u0438\u044f \u043e \u0442\u043e\u043c, \u043a\u0430\u043a \u043f\u043e\u0434\u0430\u0442\u044c \u043d\u0430\u043b\u043e\u0433\u043e\u0432\u0443\u044e \u0434\u0435\u043a\u043b\u0430\u0440\u0430\u0446\u0438\u044e, \u043a\u0430\u043a\u0438\u0435 \u0432 \u0427\u0435\u0445\u0438\u0438 \u0441\u0443\u0449\u0435\u0441\u0442\u0432\u0443\u044e\u0442 \u043d\u0430\u043b\u043e\u0433\u043e\u0432\u044b\u0435 \u0441\u0442\u0430\u0432\u043a\u0438 \u0438 \u043c\u043d\u043e\u0433\u043e \u0434\u0440\u0443\u0433\u043e\u0439 \u043f\u043e\u043b\u0435\u0437\u043d\u043e\u0439 \u0438\u043d\u0444\u043e\u0440\u043c\u0430\u0446\u0438\u0438\u00a0 \u0434\u043e\u0441\u0442\u0443\u043f\u043d\u043e \u043d\u0430 \u0441\u0430\u0439\u0442\u0435 <a href=\"https:\/\/www.businessinfo.cz\/navody\/dan-z-prijmu\/\"><em>businessinfo.cz<\/em><\/a><em><u>.<\/u><\/em><\/p>\n<h3><strong>\u0424\u0438\u043a\u0441\u0438\u0440\u043e\u0432\u0430\u043d\u043d\u044b\u0439 \u043d\u0430\u043b\u043e\u0433<\/strong><\/h3>\n<p>\u0421 2021 \u0433\u043e\u0434\u0430 \u0432 \u0427\u0435\u0445\u0438\u0438 \u0431\u044b\u043b \u0432\u0432\u0435\u0434\u0451\u043d <strong>\u0444\u0438\u043a\u0441\u0438\u0440\u043e\u0432\u0430\u043d\u043d\u044b\u0439 \u043d\u0430\u043b\u043e\u0433<\/strong>, \u043a\u043e\u0442\u043e\u0440\u044b\u0439 \u0438\u043d\u0434\u0438\u0432\u0438\u0434\u0443\u0430\u043b\u044c\u043d\u044b\u043c \u043f\u0440\u0435\u0434\u043f\u0440\u0438\u043d\u0438\u043c\u0430\u0442\u0435\u043b\u044f\u043c \u0443\u043f\u0440\u043e\u0441\u0442\u0438\u043b \u043d\u0430\u043b\u043e\u0433\u043e\u0432\u044b\u0439 \u0443\u0447\u0451\u0442 \u0438 \u0441\u043d\u0438\u0437\u0438\u043b \u0430\u0434\u043c\u0438\u043d\u0438\u0441\u0442\u0440\u0430\u0442\u0438\u0432\u043d\u044b\u0435 \u043e\u0431\u044f\u0437\u0430\u043d\u043d\u043e\u0441\u0442\u0438. \u0414\u043b\u044f \u043d\u0435\u043a\u043e\u0442\u043e\u0440\u044b\u0445 \u0444\u0438\u043a\u0441\u0438\u0440\u043e\u0432\u0430\u043d\u043d\u044b\u0439 \u043d\u0430\u043b\u043e\u0433 \u0441\u0442\u0430\u043b \u0444\u0438\u043d\u0430\u043d\u0441\u043e\u0432\u043e \u0431\u043e\u043b\u0435\u0435 \u0432\u044b\u0433\u043e\u0434\u043d\u044b\u043c. \u0424\u0438\u043a\u0441\u0438\u0440\u043e\u0432\u0430\u043d\u043d\u044b\u0439 \u043d\u0430\u043b\u043e\u0433 \u043f\u043e\u0437\u0432\u043e\u043b\u044f\u0435\u0442 \u043e\u0434\u043d\u043e\u0432\u0440\u0435\u043c\u0435\u043d\u043d\u043e \u043e\u043f\u043b\u0430\u0442\u0438\u0442\u044c: 1) \u043c\u0435\u0434\u0438\u0446\u0438\u043d\u0441\u043a\u043e\u0435 \u0441\u0442\u0440\u0430\u0445\u043e\u0432\u0430\u043d\u0438\u0435, 2) \u0441\u043e\u0446\u0438\u0430\u043b\u044c\u043d\u043e\u0435 \u0441\u0442\u0440\u0430\u0445\u043e\u0432\u0430\u043d\u0438\u0435 \u0438 3) \u043f\u043e\u0434\u043e\u0445\u043e\u0434\u043d\u044b\u0439 \u043d\u0430\u043b\u043e\u0433, \u0438 \u0432\u0441\u0451 \u044d\u0442\u043e \u043f\u043e\u0441\u0440\u0435\u0434\u0441\u0442\u0432\u043e\u043c \u0435\u0434\u0438\u043d\u043e\u0433\u043e \u0431\u043b\u0430\u043d\u043a\u0430 \u0438 \u0444\u043e\u0440\u043c\u043e\u0439 \u043e\u0434\u043d\u043e\u0433\u043e \u0435\u0436\u0435\u043c\u0435\u0441\u044f\u0447\u043d\u043e\u0433\u043e \u043f\u043b\u0430\u0442\u0435\u0436\u0430. \u0418\u043d\u0434\u0438\u0432\u0438\u0434\u0443\u0430\u043b\u044c\u043d\u044b\u0435 \u043f\u0440\u0435\u0434\u043f\u0440\u0438\u043d\u0438\u043c\u0430\u0442\u0435\u043b\u0438, \u043f\u0435\u0440\u0435\u0448\u0435\u0434\u0448\u0438\u0435 \u043d\u0430 \u0444\u0438\u043a\u0441\u0438\u0440\u043e\u0432\u0430\u043d\u043d\u044b\u0439 \u043d\u0430\u043b\u043e\u0433, \u0443\u0436\u0435 \u043d\u0435 \u043e\u0431\u044f\u0437\u0430\u043d\u044b \u043f\u043e\u0434\u0430\u0432\u0430\u0442\u044c \u043d\u0430\u043b\u043e\u0433\u043e\u0432\u0443\u044e \u0434\u0435\u043a\u043b\u0430\u0440\u0430\u0446\u0438\u044e \u043d\u0430 \u043f\u043e\u0434\u043e\u0445\u043e\u0434\u043d\u044b\u0439 \u043d\u0430\u043b\u043e\u0433 \u0444\u0438\u0437\u0438\u0447\u0435\u0441\u043a\u0438\u0445 \u043b\u0438\u0446 \u0438 \u043e\u0442\u0447\u0451\u0442 \u043e \u0434\u0432\u0438\u0436\u0435\u043d\u0438\u0438 \u0434\u0435\u043d\u0435\u0436\u043d\u044b\u0445 \u0441\u0440\u0435\u0434\u0441\u0442\u0432 \u0432 \u0441\u0442\u0440\u0430\u0445\u043e\u0432\u0443\u044e \u0438 OSSZ. \u0414\u043b\u044f \u0442\u043e\u0433\u043e, \u0447\u0442\u043e\u0431\u044b \u043f\u0435\u0440\u0435\u0439\u0442\u0438 \u043d\u0430 \u0444\u0438\u043a\u0441\u0438\u0440\u043e\u0432\u0430\u043d\u043d\u044b\u0439 \u043d\u0430\u043b\u043e\u0433, \u043d\u0435\u043e\u0431\u0445\u043e\u0434\u0438\u043c\u043e \u0437\u0430\u043f\u043e\u043b\u043d\u0438\u0442\u044c <a href=\"https:\/\/ouc.financnisprava.cz\/osvcpp\/form\/danovySubjekt\">\u0441\u043b\u0435\u0434\u0443\u044e\u0449\u0438\u0439 \u0431\u043b\u0430\u043d\u043a<\/a>.<\/p>\n<p><em>\u041d\u0430 \u0441\u0430\u0439\u0442\u0435 <a href=\"https:\/\/www.mfcr.cz\/cs\/aktualne\/tiskove-zpravy\/2020\/spocitejte-si-zda-se-vam-vyplati-pausaln-39714\">\u0424\u0438\u043d\u0430\u043d\u0441\u043e\u0432\u043e\u0433\u043e \u0443\u043f\u0440\u0430\u0432\u043b\u0435\u043d\u0438\u044f<\/a> \u0432\u044b \u043c\u043e\u0436\u0435\u0442\u0435 \u0432\u043e\u0441\u043f\u043e\u043b\u044c\u0437\u043e\u0432\u0430\u0442\u044c\u0441\u044f \u0441\u043f\u0435\u0446\u0438\u0430\u043b\u044c\u043d\u044b\u043c \u043a\u0430\u043b\u044c\u043a\u0443\u043b\u044f\u0442\u043e\u0440\u043e\u043c \u0434\u043b\u044f \u043f\u043e\u0434\u0441\u0447\u0451\u0442\u0430 \u0438 \u0443\u0437\u043d\u0430\u0442\u044c, \u0431\u0443\u0434\u0435\u0442 \u043b\u0438 \u0434\u043b\u044f \u0432\u0430\u0441 \u0434\u0430\u043d\u043d\u044b\u0439 \u043d\u0430\u043b\u043e\u0433 \u0432\u044b\u0433\u043e\u0434\u043d\u044b\u043c. \u0421\u0430\u0439\u0442 \u0434\u043e\u0441\u0442\u0443\u043f\u0435\u043d \u043d\u0430 \u0447\u0435\u0448\u0441\u043a\u043e\u043c \u044f\u0437\u044b\u043a\u0435, \u043d\u043e \u0434\u043e\u0441\u0442\u0430\u0442\u043e\u0447\u043d\u043e \u043f\u0440\u043e\u0441\u0442 \u0432 \u0438\u0441\u043f\u043e\u043b\u044c\u0437\u043e\u0432\u0430\u043d\u0438\u0438. \u041a\u0430\u043b\u044c\u043a\u0443\u043b\u044f\u0442\u043e\u0440 \u0431\u0435\u0440\u0451\u0442 \u0432\u043e \u0432\u043d\u0438\u043c\u0430\u043d\u0438\u0435 \u0432 \u0442\u043e\u043c \u0447\u0438\u0441\u043b\u0435 \u043e\u043f\u043b\u0430\u0442\u0443 \u0443\u0441\u043b\u0443\u0433 \u043f\u043e \u0437\u0430\u043f\u043e\u043b\u043d\u0435\u043d\u0438\u044e \u043d\u0430\u043b\u043e\u0433\u043e\u0432\u043e\u0439 \u0434\u0435\u043a\u043b\u0430\u0440\u0430\u0446\u0438\u0438, \u043a\u043e\u0442\u043e\u0440\u044b\u0435 \u043d\u0435\u043a\u043e\u0442\u043e\u0440\u044b\u0435 \u043f\u0440\u0435\u0434\u043f\u0440\u0438\u043d\u0438\u043c\u0430\u0442\u0435\u043b\u0438 \u043e\u043f\u043b\u0430\u0447\u0438\u0432\u0430\u044e\u0442 \u0435\u0436\u0435\u0433\u043e\u0434\u043d\u043e.<\/em><\/p>\n<p><em>\u0415\u0441\u043b\u0438 \u0432\u044b \u043d\u0430\u0445\u043e\u0434\u0438\u0442\u0435\u0441\u044c \u0432 \u0427\u0435\u0445\u0438\u0438 \u043d\u0430 \u043e\u0441\u043d\u043e\u0432\u0430\u043d\u0438\u0438 \u0440\u0430\u0437\u0440\u0435\u0448\u0435\u043d\u0438\u044f \u043d\u0430 \u043f\u0440\u0435\u0431\u044b\u0432\u0430\u043d\u0438\u0435 \u0441 \u0446\u0435\u043b\u044c\u044e \u043f\u0440\u0435\u0434\u043f\u0440\u0438\u043d\u0438\u043c\u0430\u0442\u0435\u043b\u044c\u0441\u0442\u0432\u0430, \u0443\u0437\u043d\u0430\u0439\u0442\u0435 \u0437\u0430\u0440\u0430\u043d\u0435\u0435, \u043c\u043e\u0436\u0435\u0442\u0435 \u043b\u0438 \u0432\u044b \u043f\u043e\u043b\u044c\u0437\u043e\u0432\u0430\u0442\u044c\u0441\u044f \u0444\u0438\u043a\u0441\u0438\u0440\u043e\u0432\u0430\u043d\u043d\u044b\u043c \u043d\u0430\u043b\u043e\u0433\u043e\u043c, \u0447\u0442\u043e\u0431\u044b \u043f\u043e\u0442\u043e\u043c \u043d\u0435 \u0432\u043e\u0437\u043d\u0438\u043a\u043b\u043e \u043f\u0440\u043e\u0431\u043b\u0435\u043c \u0441 \u043f\u043e\u0434\u0442\u0432\u0435\u0440\u0436\u0434\u0435\u043d\u0438\u0435\u043c \u0434\u043e\u0445\u043e\u0434\u0430 \u0434\u043b\u044f \u041c\u0438\u043d\u0438\u0441\u0442\u0435\u0440\u0441\u0442\u0432\u0430 \u0432\u043d\u0443\u0442\u0440\u0435\u043d\u043d\u0438\u0445 \u0434\u0435\u043b \u0427\u0435\u0445\u0438\u0438!<\/em><\/p>\n<p>\u0418\u043d\u0444\u043e\u0440\u043c\u0430\u0446\u0438\u044e \u043e \u0444\u0438\u043a\u0441\u0438\u0440\u043e\u0432\u0430\u043d\u043d\u043e\u043c \u043d\u0430\u043b\u043e\u0433\u0435 \u0438 \u043e \u0441\u0440\u043e\u043a\u0430\u0445 \u0440\u0435\u0433\u0438\u0441\u0442\u0440\u0430\u0446\u0438\u0438 \u043a \u0434\u0430\u043d\u043d\u043e\u0439 \u0444\u043e\u0440\u043c\u0435 \u043d\u0430\u043b\u043e\u0433\u043e\u043e\u0431\u043b\u043e\u0436\u0435\u043d\u0438\u044f \u0432\u044b \u043d\u0430\u0439\u0434\u0451\u0442\u0435 \u043d\u0430 <a href=\"https:\/\/www.financnisprava.cz\/cs\/dane\/dane\/dan-z-prijmu\/pausalni-dan\/obecne-informace\">\u0441\u0430\u0439\u0442\u0435 \u0424\u0438\u043d\u0430\u043d\u0441\u043e\u0432\u043e\u0433\u043e \u0443\u043f\u0440\u0430\u0432\u043b\u0435\u043d\u0438\u044f<\/a> \u0427\u0435\u0445\u0438\u0438.<\/p>\n<p>\u041f\u043e\u0441\u043b\u0435\u0434\u043d\u044f\u044f \u0441\u043e\u0446\u0438\u0430\u043b\u044c\u043d\u043e-\u044e\u0440\u0438\u0434\u0438\u0447\u0435\u0441\u043a\u0430\u044f \u0430\u043a\u0442\u0443\u0430\u043b\u0438\u0437\u0430\u0446\u0438\u044f \u0442\u0435\u043a\u0441\u0442\u0430: 8 \u043d\u043e\u044f\u0431\u0440\u044f 2021 \u0433.<\/p>","protected":false},"excerpt":{"rendered":"<p>\u0412 \u0434\u0430\u043d\u043d\u043e\u043c \u0440\u0430\u0437\u0434\u0435\u043b\u0435 \u043f\u0440\u0438\u0432\u0435\u0434\u0435\u043d\u044b \u043e\u0441\u043d\u043e\u0432\u043d\u044b\u0435 \u043e\u0431\u044f\u0437\u0430\u043d\u043d\u043e\u0441\u0442\u0438 \u043f\u0440\u0435\u0434\u043f\u0440\u0438\u043d\u0438\u043c\u0430\u0442\u0435\u043b\u0435\u0439. \u041d\u0435\u043e\u0431\u0445\u043e\u0434\u0438\u043c\u043e \u0442\u0430\u043a\u0436\u0435 \u043f\u043e\u043c\u043d\u0438\u0442\u044c \u043e \u0442\u043e\u043c, \u0447\u0442\u043e \u0441\u0443\u0449\u0435\u0441\u0442\u0432\u0443\u0435\u0442 \u0446\u0435\u043b\u044b\u0439 \u043f\u0435\u0440\u0435\u0447\u0435\u043d\u044c \u0434\u0440\u0443\u0433\u0438\u0445 \u043e\u0431\u044f\u0437\u0430\u043d\u043d\u043e\u0441\u0442\u0435\u0439, \u0432\u044b\u0442\u0435\u043a\u0430\u044e\u0449\u0438\u0445 \u0438\u0437 \u0441\u043f\u0435\u0446\u0438\u0430\u043b\u044c\u043d\u044b\u0445 \u0437\u0430\u043a\u043e\u043d\u043e\u0432, \u043d\u0430\u043f\u0440\u0438\u043c\u0435\u0440, \u0417\u0430\u043a\u043e\u043d\u0430 \u043e \u043f\u0440\u0435\u0434\u043f\u0440\u0438\u043d\u0438\u043c\u0430\u0442\u0435\u043b\u044c\u0441\u043a\u043e\u0439 \u0434\u0435\u044f\u0442\u0435\u043b\u044c\u043d\u043e\u0441\u0442\u0438. \u0414\u043b\u044f \u0442\u043e\u0433\u043e, \u0447\u0442\u043e\u0431\u044b \u0443\u0437\u043d\u0430\u0442\u044c \u043e\u0431 \u043e\u0431\u044f\u0437\u0430\u043d\u043d\u043e\u0441\u0442\u044f\u0445 \u043f\u0440\u0435\u0434\u043f\u0440\u0438\u043d\u0438\u043c\u0430\u0442\u0435\u043b\u0435\u0439 \u043f\u043e\u0441\u043b\u0435 \u0443\u0447\u0440\u0435\u0436\u0434\u0435\u043d\u0438\u044f \u043d\u043e\u0432\u043e\u0433\u043e \u043f\u0440\u0435\u0434\u043f\u0440\u0438\u044f\u0442\u0438\u044f, \u043f\u0435\u0440\u0435\u0439\u0434\u0438\u0442\u0435 \u043d\u0430&#8230;<\/p>\n<a class=\"more-block\" href=\"https:\/\/metropolevsech.eu\/ru\/potrebuji-resit\/podnikani\/povinnosti-podnikatelu\/\">\u0427\u0438\u0442\u0430\u0442\u044c \u0434\u0430\u043b\u0435\u0435<\/a>","protected":false},"author":7,"featured_media":0,"parent":603,"menu_order":4,"comment_status":"closed","ping_status":"closed","template":"","meta":[],"acf":[],"_links":{"self":[{"href":"https:\/\/metropolevsech.eu\/ru\/wp-json\/wp\/v2\/pages\/14827"}],"collection":[{"href":"https:\/\/metropolevsech.eu\/ru\/wp-json\/wp\/v2\/pages"}],"about":[{"href":"https:\/\/metropolevsech.eu\/ru\/wp-json\/wp\/v2\/types\/page"}],"author":[{"embeddable":true,"href":"https:\/\/metropolevsech.eu\/ru\/wp-json\/wp\/v2\/users\/7"}],"replies":[{"embeddable":true,"href":"https:\/\/metropolevsech.eu\/ru\/wp-json\/wp\/v2\/comments?post=14827"}],"version-history":[{"count":3,"href":"https:\/\/metropolevsech.eu\/ru\/wp-json\/wp\/v2\/pages\/14827\/revisions"}],"predecessor-version":[{"id":16191,"href":"https:\/\/metropolevsech.eu\/ru\/wp-json\/wp\/v2\/pages\/14827\/revisions\/16191"}],"up":[{"embeddable":true,"href":"https:\/\/metropolevsech.eu\/ru\/wp-json\/wp\/v2\/pages\/603"}],"wp:attachment":[{"href":"https:\/\/metropolevsech.eu\/ru\/wp-json\/wp\/v2\/media?parent=14827"}],"curies":[{"name":"wp","href":"https:\/\/api.w.org\/{rel}","templated":true}]}}