{"id":20935,"date":"2024-11-04T15:07:08","date_gmt":"2024-11-04T14:07:08","guid":{"rendered":"https:\/\/metropolevsech.eu\/?page_id=20935"},"modified":"2026-01-23T18:08:26","modified_gmt":"2026-01-23T17:08:26","slug":"nemocnice-v-praze-specializovane-na-peci-o-cizince","status":"publish","type":"page","link":"https:\/\/metropolevsech.eu\/ru\/potrebuji-resit\/zdravotnictvi-zdravotni-a-socialni-pojisteni\/lekari-a-pohotovost\/nemocnice-v-praze-specializovane-na-peci-o-cizince\/","title":{"rendered":"\u0411\u043e\u043b\u044c\u043d\u0438\u0446\u044b \u041f\u0440\u0430\u0433\u0438"},"content":{"rendered":"<p>\u041d\u0438\u0436\u0435\u043f\u0440\u0438\u0432\u0435\u0434\u0451\u043d\u043d\u044b\u0435 \u0431\u043e\u043b\u044c\u043d\u0438\u0446\u044b \u0438 \u0434\u0440\u0443\u0433\u0438\u0435 \u043c\u0435\u0434\u0438\u0446\u0438\u043d\u0441\u043a\u0438\u0435 \u0443\u0447\u0440\u0435\u0436\u0434\u0435\u043d\u0438\u044f \u0441\u043f\u0435\u0446\u0438\u0430\u043b\u0438\u0437\u0438\u0440\u0443\u044e\u0442\u0441\u044f \u043d\u0430 \u043f\u0440\u0435\u0434\u043e\u0441\u0442\u0430\u0432\u043b\u0435\u043d\u0438\u0438 \u043c\u0435\u0434\u0438\u0446\u0438\u043d\u0441\u043a\u0438\u0445 \u0443\u0441\u043b\u0443\u0433 \u0438\u043d\u043e\u0441\u0442\u0440\u0430\u043d\u0446\u0430\u043c:<\/p>\n<p>&nbsp;<\/p>\n<h4><strong>\u0423\u043d\u0438\u0432\u0435\u0440\u0441\u0438\u0442\u0435\u0442\u0441\u043a\u0430\u044f \u0431\u043e\u043b\u044c\u043d\u0438\u0446\u0430 \u041c\u043e\u0442\u043e\u043b: \u043e\u0442\u0434\u0435\u043b\u0435\u043d\u0438\u0435 \u043f\u0435\u0440\u0432\u043e\u0439 \u043f\u043e\u043c\u043e\u0449\u0438<\/strong><\/h4>\n<p>V \u00davalu 84, \u041f\u0440\u0430\u0433\u0430 5, 150 06<\/p>\n<p>+420 224 431 111 <a target=\"_blank\" href=\"mailto:cizinecke@fnmotol.cz\" rel=\"noopener\">cizinecke@fnmotol.cz<\/a><\/p>\n<ul class=\"bullet-links\">\n<li>\u041d\u0430 <a href=\"\/\/www.fnmotol.cz\/samoplatci\/zdravotni-pece-pro-cizince\/\">\u0441\u0430\u0439\u0442\u0435<\/a> \u043c\u043e\u0436\u043d\u043e \u043d\u0430\u0439\u0442\u0438 \u0438\u043d\u0444\u043e\u0440\u043c\u0430\u0446\u0438\u044e \u043e\u0431 \u043e\u0431\u0441\u043b\u0435\u0434\u043e\u0432\u0430\u043d\u0438\u044f\u0445, \u0430\u0434\u0440\u0435\u0441\u043e\u0432\u0430\u043d\u043d\u0443\u044e \u043d\u0435\u043f\u043e\u0441\u0440\u0435\u0434\u0441\u0442\u0432\u0435\u043d\u043d\u043e \u043c\u0438\u0433\u0440\u0430\u043d\u0442\u0430\u043c:<\/li>\n<\/ul>\n<p>\u0420\u0435\u0433\u0438\u0441\u0442\u0440\u0430\u0442\u0443\u0440\u0430 \u0434\u043b\u044f \u0438\u043d\u043e\u0441\u0442\u0440\u0430\u043d\u0446\u0435\u0432 (\u0434\u0435\u0442\u0441\u043a\u0430\u044f): +420 224 433 690<\/p>\n<p>\u0420\u0435\u0433\u0438\u0441\u0442\u0440\u0430\u0442\u0443\u0440\u0430 \u0434\u043b\u044f \u0438\u043d\u043e\u0441\u0442\u0440\u0430\u043d\u0446\u0435\u0432 (\u0432\u0437\u0440\u043e\u0441\u043b\u0430\u044f): +420 224 433 682<\/p>\n<p>&nbsp;<\/p>\n<h4><strong>\u0411\u043e\u043b\u044c\u043d\u0438\u0446\u0430 \u041d\u0430 \u0413\u043e\u043c\u043e\u043b\u043a\u0435: \u043e\u0442\u0434\u0435\u043b\u0435\u043d\u0438\u0435 \u0434\u043b\u044f \u0438\u043d\u043e\u0441\u0442\u0440\u0430\u043d\u0446\u0435\u0432<\/strong><\/h4>\n<p>Roentgenova 2\/37, \u041f\u0440\u0430\u0433\u0430 5, 150 30<\/p>\n<p>+420 257 271 111 <a target=\"_blank\" href=\"mailto:hospital@homolka.cz\" rel=\"noopener\">hospital@homolka.cz<\/a><\/p>\n<p><a target=\"_blank\" href=\"\/\/www.homolka.cz\" rel=\"noopener\">www.homolka.cz<\/a><\/p>\n<p>\u0418\u043d\u0444\u043e\u0440\u043c\u0430\u0446\u0438\u044f:<\/p>\n<p>+420 257 273 289<\/p>\n<p>+420 257 272 144<\/p>\n<p>&nbsp;<\/p>\n<h4><strong>\u0411\u043e\u043b\u044c\u043d\u0438\u0446\u0430 \u041d\u0430 \u0411\u0443\u043b\u043e\u0432\u043a\u0435<\/strong><\/h4>\n<p>Bud\u00ednova 67\/2, 280 00 Praha 8 Libe\u0148<\/p>\n<p>+420 266 081 111<\/p>\n<p><a target=\"_blank\" href=\"\/\/www.bulovka.cz\" rel=\"noopener\">www.bulovka.cz<\/a><\/p>\n<p>&nbsp;<\/p>\n<h4><strong>\u0422\u043e\u043c\u0430\u0439\u0435\u0440\u043e\u0432\u0430 \u0431\u043e\u043b\u044c\u043d\u0438\u0446\u0430<\/strong><\/h4>\n<p>V\u00edde\u0148sk\u00e1, 140 00 Praha 4<\/p>\n<p>+420 261 081 111<\/p>\n<p><a target=\"_blank\" href=\"\/\/www.ftn.cz\" rel=\"noopener\">www.ftn.cz<\/a><\/p>\n<p>&nbsp;<\/p>\n<h4><strong>\u0411\u043e\u043b\u044c\u043d\u0438\u0446\u0430 \u041d\u0430 \u0424\u0440\u0430\u043d\u0442\u0438\u0448\u043a\u0443<\/strong><\/h4>\n<p>Na Franti\u0161ku 847\/8, 110 00 Praha 1 Star\u00e9 M\u011bsto<\/p>\n<p>+420 222 801 111<\/p>\n<p><a target=\"_blank\" href=\"\/\/www.nnfp.cz\" rel=\"noopener\">www.nnfp.cz<\/a><\/p>\n<p style=\"text-align: right;\"><em>\u041f\u043e\u0441\u043b\u0435\u0434\u043d\u0435\u0435 \u043e\u0431\u043d\u043e\u0432\u043b\u0435\u043d\u0438\u0435: 4 \u043c\u0430\u0440\u0442\u0430 2025 \u0433.<\/em><\/p>\n<p><\/p>","protected":false},"excerpt":{"rendered":"<p>\u041d\u0438\u0436\u0435\u043f\u0440\u0438\u0432\u0435\u0434\u0451\u043d\u043d\u044b\u0435 \u0431\u043e\u043b\u044c\u043d\u0438\u0446\u044b \u0438 \u0434\u0440\u0443\u0433\u0438\u0435 \u043c\u0435\u0434\u0438\u0446\u0438\u043d\u0441\u043a\u0438\u0435 \u0443\u0447\u0440\u0435\u0436\u0434\u0435\u043d\u0438\u044f \u0441\u043f\u0435\u0446\u0438\u0430\u043b\u0438\u0437\u0438\u0440\u0443\u044e\u0442\u0441\u044f \u043d\u0430 \u043f\u0440\u0435\u0434\u043e\u0441\u0442\u0430\u0432\u043b\u0435\u043d\u0438\u0438 \u043c\u0435\u0434\u0438\u0446\u0438\u043d\u0441\u043a\u0438\u0445 \u0443\u0441\u043b\u0443\u0433 \u0438\u043d\u043e\u0441\u0442\u0440\u0430\u043d\u0446\u0430\u043c: &nbsp; \u0423\u043d\u0438\u0432\u0435\u0440\u0441\u0438\u0442\u0435\u0442\u0441\u043a\u0430\u044f \u0431\u043e\u043b\u044c\u043d\u0438\u0446\u0430 \u041c\u043e\u0442\u043e\u043b: \u043e\u0442\u0434\u0435\u043b\u0435\u043d\u0438\u0435 \u043f\u0435\u0440\u0432\u043e\u0439 \u043f\u043e\u043c\u043e\u0449\u0438 V \u00davalu 84, \u041f\u0440\u0430\u0433\u0430 5, 150 06 +420 224 431 111 cizinecke@fnmotol.cz \u041d\u0430 \u0441\u0430\u0439\u0442\u0435 \u043c\u043e\u0436\u043d\u043e \u043d\u0430\u0439\u0442\u0438 \u0438\u043d\u0444\u043e\u0440\u043c\u0430\u0446\u0438\u044e \u043e\u0431 \u043e\u0431\u0441\u043b\u0435\u0434\u043e\u0432\u0430\u043d\u0438\u044f\u0445, \u0430\u0434\u0440\u0435\u0441\u043e\u0432\u0430\u043d\u043d\u0443\u044e \u043d\u0435\u043f\u043e\u0441\u0440\u0435\u0434\u0441\u0442\u0432\u0435\u043d\u043d\u043e&#8230;<\/p>\n<a class=\"more-block\" href=\"https:\/\/metropolevsech.eu\/ru\/potrebuji-resit\/zdravotnictvi-zdravotni-a-socialni-pojisteni\/lekari-a-pohotovost\/nemocnice-v-praze-specializovane-na-peci-o-cizince\/\">\u0427\u0438\u0442\u0430\u0442\u044c \u0434\u0430\u043b\u0435\u0435<\/a>","protected":false},"author":7,"featured_media":0,"parent":648,"menu_order":0,"comment_status":"closed","ping_status":"closed","template":"","meta":[],"acf":[],"_links":{"self":[{"href":"https:\/\/metropolevsech.eu\/ru\/wp-json\/wp\/v2\/pages\/20935"}],"collection":[{"href":"https:\/\/metropolevsech.eu\/ru\/wp-json\/wp\/v2\/pages"}],"about":[{"href":"https:\/\/metropolevsech.eu\/ru\/wp-json\/wp\/v2\/types\/page"}],"author":[{"embeddable":true,"href":"https:\/\/metropolevsech.eu\/ru\/wp-json\/wp\/v2\/users\/7"}],"replies":[{"embeddable":true,"href":"https:\/\/metropolevsech.eu\/ru\/wp-json\/wp\/v2\/comments?post=20935"}],"version-history":[{"count":17,"href":"https:\/\/metropolevsech.eu\/ru\/wp-json\/wp\/v2\/pages\/20935\/revisions"}],"predecessor-version":[{"id":24553,"href":"https:\/\/metropolevsech.eu\/ru\/wp-json\/wp\/v2\/pages\/20935\/revisions\/24553"}],"up":[{"embeddable":true,"href":"https:\/\/metropolevsech.eu\/ru\/wp-json\/wp\/v2\/pages\/648"}],"wp:attachment":[{"href":"https:\/\/metropolevsech.eu\/ru\/wp-json\/wp\/v2\/media?parent=20935"}],"curies":[{"name":"wp","href":"https:\/\/api.w.org\/{rel}","templated":true}]}}