{"id":21361,"date":"2024-12-16T21:34:41","date_gmt":"2024-12-16T20:34:41","guid":{"rendered":"https:\/\/metropolevsech.eu\/?page_id=21361"},"modified":"2024-12-16T21:53:04","modified_gmt":"2024-12-16T20:53:04","slug":"videoreportaz-z-projektu","status":"publish","type":"page","link":"https:\/\/metropolevsech.eu\/ru\/o-nas\/projekty-a-spoluprace-s-hmp\/zahranicni-spoluprace\/projekt-unites-hl-m-praha-partnerem-v-mezinarodnim-projektu-o-integraci\/videoreportaz-z-projektu\/","title":{"rendered":"(\u010ce\u0161tina) Videoreport\u00e1\u017e z projektu"},"content":{"rendered":"<p class=\"qtranxs-available-languages-message qtranxs-available-languages-message-ru\">\u0418\u0437\u0432\u0438\u043d\u0438\u0442\u0435, \u044d\u0442\u043e\u0442 \u0442\u0435\u043a\u0441\u0442 \u0434\u043e\u0441\u0442\u0443\u043f\u0435\u043d \u0442\u043e\u043b\u044c\u043a\u043e \u043d\u0430 &ldquo;<a href=\"https:\/\/metropolevsech.eu\/cs\/wp-json\/wp\/v2\/pages\/21361\" class=\"qtranxs-available-language-link qtranxs-available-language-link-cs\" title=\"\u010ce\u0161tina\">\u0427\u0435\u0448\u0441\u043a\u0438\u0439<\/a>&rdquo;.<\/p>","protected":false},"excerpt":{"rendered":"<p>\u0418\u0437\u0432\u0438\u043d\u0438\u0442\u0435, \u044d\u0442\u043e\u0442 \u0442\u0435\u043a\u0441\u0442 \u0434\u043e\u0441\u0442\u0443\u043f\u0435\u043d \u0442\u043e\u043b\u044c\u043a\u043e \u043d\u0430 &ldquo;\u0427\u0435\u0448\u0441\u043a\u0438\u0439&rdquo;.<\/p>\n<a class=\"more-block\" href=\"https:\/\/metropolevsech.eu\/ru\/o-nas\/projekty-a-spoluprace-s-hmp\/zahranicni-spoluprace\/projekt-unites-hl-m-praha-partnerem-v-mezinarodnim-projektu-o-integraci\/videoreportaz-z-projektu\/\">\u0427\u0438\u0442\u0430\u0442\u044c \u0434\u0430\u043b\u0435\u0435<\/a>","protected":false},"author":7,"featured_media":0,"parent":21343,"menu_order":2,"comment_status":"closed","ping_status":"closed","template":"","meta":[],"acf":[],"_links":{"self":[{"href":"https:\/\/metropolevsech.eu\/ru\/wp-json\/wp\/v2\/pages\/21361"}],"collection":[{"href":"https:\/\/metropolevsech.eu\/ru\/wp-json\/wp\/v2\/pages"}],"about":[{"href":"https:\/\/metropolevsech.eu\/ru\/wp-json\/wp\/v2\/types\/page"}],"author":[{"embeddable":true,"href":"https:\/\/metropolevsech.eu\/ru\/wp-json\/wp\/v2\/users\/7"}],"replies":[{"embeddable":true,"href":"https:\/\/metropolevsech.eu\/ru\/wp-json\/wp\/v2\/comments?post=21361"}],"version-history":[{"count":2,"href":"https:\/\/metropolevsech.eu\/ru\/wp-json\/wp\/v2\/pages\/21361\/revisions"}],"predecessor-version":[{"id":21371,"href":"https:\/\/metropolevsech.eu\/ru\/wp-json\/wp\/v2\/pages\/21361\/revisions\/21371"}],"up":[{"embeddable":true,"href":"https:\/\/metropolevsech.eu\/ru\/wp-json\/wp\/v2\/pages\/21343"}],"wp:attachment":[{"href":"https:\/\/metropolevsech.eu\/ru\/wp-json\/wp\/v2\/media?parent=21361"}],"curies":[{"name":"wp","href":"https:\/\/api.w.org\/{rel}","templated":true}]}}