{"id":21647,"date":"2025-02-05T16:13:00","date_gmt":"2025-02-05T15:13:00","guid":{"rendered":"https:\/\/metropolevsech.eu\/?page_id=21647"},"modified":"2025-03-13T15:35:43","modified_gmt":"2025-03-13T14:35:43","slug":"dobrovolnictvi-v-praze","status":"publish","type":"page","link":"https:\/\/metropolevsech.eu\/ru\/dobrovolnictvi-v-praze\/","title":{"rendered":"(\u010ce\u0161tina) Jak\u00e9 m\u00e1m mo\u017enosti? Jak se m\u016f\u017eu zapojit?"},"content":{"rendered":"<p class=\"qtranxs-available-languages-message qtranxs-available-languages-message-ru\">\u0418\u0437\u0432\u0438\u043d\u0438\u0442\u0435, \u044d\u0442\u043e\u0442 \u0442\u0435\u043a\u0441\u0442 \u0434\u043e\u0441\u0442\u0443\u043f\u0435\u043d \u0442\u043e\u043b\u044c\u043a\u043e \u043d\u0430 &ldquo;<a href=\"https:\/\/metropolevsech.eu\/cs\/wp-json\/wp\/v2\/pages\/21647\" class=\"qtranxs-available-language-link qtranxs-available-language-link-cs\" title=\"\u010ce\u0161tina\">\u0427\u0435\u0448\u0441\u043a\u0438\u0439<\/a>&rdquo;, &ldquo;<a href=\"https:\/\/metropolevsech.eu\/en\/wp-json\/wp\/v2\/pages\/21647\" class=\"qtranxs-available-language-link qtranxs-available-language-link-en\" title=\"English\">\u0410\u043c\u0435\u0440\u0438\u043a\u0430\u043d\u0441\u043a\u0438\u0439 \u0410\u043d\u0433\u043b\u0438\u0439\u0441\u043a\u0438\u0439<\/a>&rdquo; \u0438 &ldquo;<a href=\"https:\/\/metropolevsech.eu\/ua\/wp-json\/wp\/v2\/pages\/21647\" class=\"qtranxs-available-language-link qtranxs-available-language-link-ua\" title=\"\u0423\u043a\u0440\u0430\u0457\u043d\u0441\u044c\u043a\u0430\">\u0423\u043a\u0440\u0430\u0457\u043d\u0441\u044c\u043a\u0430<\/a>&rdquo;.<\/p>","protected":false},"excerpt":{"rendered":"<p>\u0418\u0437\u0432\u0438\u043d\u0438\u0442\u0435, \u044d\u0442\u043e\u0442 \u0442\u0435\u043a\u0441\u0442 \u0434\u043e\u0441\u0442\u0443\u043f\u0435\u043d \u0442\u043e\u043b\u044c\u043a\u043e \u043d\u0430 &ldquo;\u0427\u0435\u0448\u0441\u043a\u0438\u0439&rdquo;, &ldquo;\u0410\u043c\u0435\u0440\u0438\u043a\u0430\u043d\u0441\u043a\u0438\u0439 \u0410\u043d\u0433\u043b\u0438\u0439\u0441\u043a\u0438\u0439&rdquo; \u0438 &ldquo;\u0423\u043a\u0440\u0430\u0457\u043d\u0441\u044c\u043a\u0430&rdquo;.<\/p>\n<a class=\"more-block\" href=\"https:\/\/metropolevsech.eu\/ru\/dobrovolnictvi-v-praze\/\">\u0427\u0438\u0442\u0430\u0442\u044c \u0434\u0430\u043b\u0435\u0435<\/a>","protected":false},"author":7,"featured_media":0,"parent":0,"menu_order":0,"comment_status":"closed","ping_status":"closed","template":"","meta":[],"acf":[],"_links":{"self":[{"href":"https:\/\/metropolevsech.eu\/ru\/wp-json\/wp\/v2\/pages\/21647"}],"collection":[{"href":"https:\/\/metropolevsech.eu\/ru\/wp-json\/wp\/v2\/pages"}],"about":[{"href":"https:\/\/metropolevsech.eu\/ru\/wp-json\/wp\/v2\/types\/page"}],"author":[{"embeddable":true,"href":"https:\/\/metropolevsech.eu\/ru\/wp-json\/wp\/v2\/users\/7"}],"replies":[{"embeddable":true,"href":"https:\/\/metropolevsech.eu\/ru\/wp-json\/wp\/v2\/comments?post=21647"}],"version-history":[{"count":33,"href":"https:\/\/metropolevsech.eu\/ru\/wp-json\/wp\/v2\/pages\/21647\/revisions"}],"predecessor-version":[{"id":22165,"href":"https:\/\/metropolevsech.eu\/ru\/wp-json\/wp\/v2\/pages\/21647\/revisions\/22165"}],"wp:attachment":[{"href":"https:\/\/metropolevsech.eu\/ru\/wp-json\/wp\/v2\/media?parent=21647"}],"curies":[{"name":"wp","href":"https:\/\/api.w.org\/{rel}","templated":true}]}}