{"id":22295,"date":"2025-03-26T11:58:03","date_gmt":"2025-03-26T10:58:03","guid":{"rendered":"https:\/\/metropolevsech.eu\/?page_id=22295"},"modified":"2025-03-26T11:58:03","modified_gmt":"2025-03-26T10:58:03","slug":"namesti","status":"publish","type":"page","link":"https:\/\/metropolevsech.eu\/ru\/namesti\/","title":{"rendered":"\u041f\u043b\u043e\u0449\u0430\u0434\u0438"},"content":{"rendered":"<p><\/p>\n<h4><strong>\u0421\u0442\u0430\u0440\u043e\u043c\u0435\u0441\u0442\u0441\u043a\u0430\u044f \u043f\u043b\u043e\u0449\u0430\u0434\u044c<\/strong><\/h4>\n<img loading=\"lazy\" class=\"alignnone wp-image-7880 size-content-image article-img\" src=\"\/\/metropolevsech.eu\/wp-content\/uploads\/2018\/12\/F5A9894-670x161.jpg\" alt=\"\" width=\"670\" height=\"161\" srcset=\"https:\/\/metropolevsech.eu\/wp-content\/uploads\/2018\/12\/F5A9894-670x161.jpg 670w, https:\/\/metropolevsech.eu\/wp-content\/uploads\/2018\/12\/F5A9894-300x72.jpg 300w, https:\/\/metropolevsech.eu\/wp-content\/uploads\/2018\/12\/F5A9894-768x185.jpg 768w, https:\/\/metropolevsech.eu\/wp-content\/uploads\/2018\/12\/F5A9894.jpg 1040w\" sizes=\"(max-width: 670px) 100vw, 670px\" \/>\n<p>\u0421\u0442\u0430\u0440\u043e\u043c\u0435\u0441\u0442\u0441\u043a\u0430\u044f, \u0438\u043b\u0438 \u043a\u0430\u043a \u0435\u0451 \u043d\u0430\u0437\u044b\u0432\u0430\u043b\u0438 \u0440\u0430\u043d\u044c\u0448\u0435, \u0411\u043e\u043b\u044c\u0448\u0430\u044f \u043f\u043b\u043e\u0449\u0430\u0434\u044c \u2013 \u0430 \u0441\u0435\u0433\u043e\u0434\u043d\u044f \u0432 \u043d\u0430\u0440\u043e\u0434\u0435 \u00ab\u0421\u0442\u0430\u0440\u043e\u043c\u0430\u043a\u00bb \u2013 \u043d\u0430\u0445\u043e\u0434\u0438\u0442\u0441\u044f \u0432 \u0441\u0435\u0440\u0434\u0446\u0435 \u0421\u0442\u0430\u0440\u043e\u0433\u043e \u0433\u043e\u0440\u043e\u0434\u0430 \u041f\u0440\u0430\u0433\u0438. \u0417\u0434\u0435\u0441\u044c \u043c\u043e\u0436\u043d\u043e \u043d\u0430\u0439\u0442\u0438 \u043d\u0435\u0441\u043a\u043e\u043b\u044c\u043a\u043e \u0438\u0441\u0442\u043e\u0440\u0438\u0447\u0435\u0441\u043a\u0438\u0445 \u043e\u0431\u044a\u0435\u043a\u0442\u043e\u0432: \u0442\u0443\u0440\u0438\u0441\u0442\u0430\u043c \u0441\u043b\u0435\u0434\u0443\u0435\u0442 \u043e\u0431\u0440\u0430\u0442\u0438\u0442\u044c \u0432\u043d\u0438\u043c\u0430\u043d\u0438\u0435 \u043d\u0430 <strong>\u0421\u0442\u0430\u0440\u043e\u043c\u0435\u0441\u0442\u0441\u043a\u0443\u044e \u0440\u0430\u0442\u0443\u0448\u0443 \u0441\u043e \u0441\u0442\u0430\u0440\u0438\u043d\u043d\u044b\u043c\u0438 \u043a\u0443\u0440\u0430\u043d\u0442\u0430\u043c\u0438 \u00ab\u041e\u0440\u043b\u043e\u0439\u00bb<\/strong> \u0438 <strong>\u0422\u044b\u043d\u0441\u043a\u0438\u0439 \u0445\u0440\u0430\u043c \u0414\u0435\u0432\u044b \u041c\u0430\u0440\u0438\u0438<\/strong>. \u041f\u0440\u0430\u0436\u0441\u043a\u0438\u0435 \u043a\u0443\u0440\u0430\u043d\u0442\u044b \u2013 \u044d\u0442\u043e \u0441\u0440\u0435\u0434\u043d\u0435\u0432\u0435\u043a\u043e\u0432\u044b\u0435 \u0430\u0441\u0442\u0440\u043e\u043b\u043e\u0433\u0438\u0447\u0435\u0441\u043a\u0438\u0435 \u0447\u0430\u0441\u044b \u0441 \u0440\u0435\u0437\u043d\u044b\u043c\u0438 \u0444\u0438\u0433\u0443\u0440\u043a\u0430\u043c\u0438 \u0441\u043c\u0435\u0440\u0442\u0438, \u0430\u043d\u0433\u0435\u043b\u0430 \u0438 \u0434\u0432\u0435\u043d\u0430\u0434\u0446\u0430\u0442\u0438 \u0430\u043f\u043e\u0441\u0442\u043e\u043b\u043e\u0432. \u0411\u043e\u0439 \u043a\u0443\u0440\u0430\u043d\u0442\u043e\u0432 \u0441 \u0431\u0430\u0448\u043d\u0438 \u0421\u0442\u0430\u0440\u043e\u043c\u0435\u0441\u0442\u0441\u043a\u043e\u0439 \u0440\u0430\u0442\u0443\u0448\u0438 \u0440\u0430\u0437\u0434\u0430\u0451\u0442\u0441\u044f \u043f\u0440\u0438 \u043d\u0430\u0441\u0442\u0443\u043f\u043b\u0435\u043d\u0438\u0438 \u043a\u0430\u0436\u0434\u043e\u0433\u043e \u043d\u043e\u0432\u043e\u0433\u043e \u0447\u0430\u0441\u0430. \u0417\u0430 \u0441\u0432\u043e\u044e \u0438\u0441\u0442\u043e\u0440\u0438\u044e \u0440\u0430\u0442\u0443\u0448\u0430 \u0441\u0442\u0430\u043b\u0430 \u0438\u0437\u043b\u044e\u0431\u043b\u0435\u043d\u043d\u044b\u043c \u043c\u0435\u0441\u0442\u043e\u043c \u0434\u043b\u044f \u0433\u0440\u0430\u0436\u0434\u0430\u043d\u0441\u043a\u0438\u0445 \u043f\u0440\u043e\u0446\u0435\u0434\u0443\u0440 \u0431\u0440\u0430\u043a\u043e\u0441\u043e\u0447\u0435\u0442\u0430\u043d\u0438\u044f.<\/p>\n<p>\u0411\u043e\u043b\u0435\u0435 \u043f\u043e\u0434\u0440\u043e\u0431\u043d\u0443\u044e \u0438\u043d\u0444\u043e\u0440\u043c\u0430\u0446\u0438\u044e\u00a0\u0441\u043c. \u043d\u0430\u00a0<a href=\"\/\/www.prague.eu\/ru\/object\/places\/183\/staromestske-namesti\">\u043e\u0444\u0438\u0446\u0438\u0430\u043b\u044c\u043d\u043e\u043c\u00a0\u0442\u0443\u0440\u0438\u0441\u0442\u0438\u0447\u0435\u0441\u043a\u043e\u043c\u00a0\u043f\u043e\u0440\u0442\u0430\u043b\u0435 \u0433. \u041f\u0440\u0430\u0433\u0438<\/a>.<\/p>\n<h4>\u041c\u0430\u043b\u043e\u0441\u0442\u0440\u0430\u043d\u0441\u043a\u0430\u044f \u043f\u043b\u043e\u0449\u0430\u0434\u044c<\/h4>\n<img loading=\"lazy\" class=\"wp-image-9203 size-content-image article-img\" src=\"\/\/metropolevsech.eu\/wp-content\/uploads\/2019\/04\/malostransk\u00e9-n\u00e1m\u011bst\u00ed-670x503.jpg\" alt=\"\" width=\"670\" height=\"503\" srcset=\"https:\/\/metropolevsech.eu\/wp-content\/uploads\/2019\/04\/malostransk\u00e9-n\u00e1m\u011bst\u00ed-670x503.jpg 670w, https:\/\/metropolevsech.eu\/wp-content\/uploads\/2019\/04\/malostransk\u00e9-n\u00e1m\u011bst\u00ed-300x225.jpg 300w, https:\/\/metropolevsech.eu\/wp-content\/uploads\/2019\/04\/malostransk\u00e9-n\u00e1m\u011bst\u00ed-768x576.jpg 768w, https:\/\/metropolevsech.eu\/wp-content\/uploads\/2019\/04\/malostransk\u00e9-n\u00e1m\u011bst\u00ed-1040x780.jpg 1040w\" sizes=\"(max-width: 670px) 100vw, 670px\" \/>\n<p>\u0444\u043e\u0442\u043e\u0433\u0440\u0430\u0444\u0438\u044f \u00a9 Prague.eu<\/p>\n<p>\u041f\u043b\u043e\u0449\u0430\u0434\u044c \u0441 \u0446\u0435\u043b\u044b\u043c \u0440\u044f\u0434\u043e\u043c \u0438\u0441\u0442\u043e\u0440\u0438\u0447\u0435\u0441\u043a\u0438\u0445 \u0434\u043e\u043c\u043e\u0432 \u0438 \u0434\u0432\u043e\u0440\u0446\u043e\u0432 \u0441\u043e\u0441\u0442\u043e\u0438\u0442 \u0438\u0437 \u0434\u0432\u0443\u0445 \u0447\u0430\u0441\u0442\u0435\u0439, \u0441\u043e\u0435\u0434\u0438\u043d\u0451\u043d\u043d\u044b\u0445 \u0430\u0440\u0445\u0438\u0442\u0435\u043a\u0442\u0443\u0440\u043d\u043e\u0439 \u0434\u043e\u043c\u0438\u043d\u0430\u043d\u0442\u043e\u0439 \u2014 <a href=\"\/\/www.prague.eu\/ru\/object\/places\/166\/kostel-sv-mikulase\">\u041a\u043e\u0441\u0442\u0451\u043b\u043e\u043c \u0441\u0432. \u041d\u0438\u043a\u043e\u043b\u0430\u044f<\/a>. \u041c\u0430\u043b\u043e\u0441\u0442\u0440\u0430\u043d\u0441\u043a\u0430\u044f \u043f\u043b\u043e\u0449\u0430\u0434\u044c \u043e\u0442\u043d\u043e\u0441\u0438\u0442\u0441\u044f \u043a \u0441\u0430\u043c\u044b\u043c \u043f\u043e\u043f\u0443\u043b\u044f\u0440\u043d\u044b\u043c \u0442\u0443\u0440\u0438\u0441\u0442\u0438\u0447\u0435\u0441\u043a\u0438\u043c \u043c\u0435\u0441\u0442\u0430\u043c \u0438 \u044f\u0432\u043b\u044f\u0435\u0442\u0441\u044f \u0447\u0430\u0441\u0442\u044c\u044e \u00ab<a href=\"\/\/ru.wikipedia.org\/wiki\/%D0%9A%D0%BE%D1%80%D0%BE%D0%BB%D0%B5%D0%B2%D1%81%D0%BA%D0%B8%D0%B9_%D0%BF%D1%83%D1%82%D1%8C_(%D0%9F%D1%80%D0%B0%D0%B3%D0%B0)\">\u041a\u043e\u0440\u043e\u043b\u0435\u0432\u0441\u043a\u043e\u0433\u043e \u043f\u0443\u0442\u0438<\/a>\u00bb. \u0421 2016 \u0433\u043e\u0434\u0430 \u043e\u043d\u0430 \u044f\u0432\u043b\u044f\u0435\u0442\u0441\u044f \u043c\u0435\u0441\u0442\u043e\u043c \u043f\u0440\u043e\u0432\u0435\u0434\u0435\u043d\u0438\u044f \u0432\u0441\u0442\u0440\u0435\u0447, \u0432\u044b\u0441\u0442\u0430\u0432\u043e\u043a \u0438 \u043f\u0440\u043e\u0435\u043a\u0446\u0438\u0439. \u041d\u0430 \u043f\u043b\u043e\u0449\u0430\u0434\u0438 \u043d\u0430\u0445\u043e\u0434\u0438\u0442\u0441\u044f \u041a\u043e\u0441\u0442\u0451\u043b \u0441\u0432. \u041d\u0438\u043a\u043e\u043b\u0430\u044f. \u042d\u0442\u043e\u0442 \u0438\u0437\u0432\u0435\u0441\u0442\u043d\u0435\u0439\u0448\u0438\u0439 \u0445\u0440\u0430\u043c \u043e\u0442\u043d\u043e\u0441\u0438\u0442\u0441\u044f \u043a \u0441\u0430\u043c\u044b\u043c \u0446\u0435\u043d\u043d\u044b\u043c \u043f\u043e\u0441\u0442\u0440\u043e\u0439\u043a\u0430\u043c \u0432 \u0441\u0442\u0438\u043b\u0435 \u0431\u0430\u0440\u043e\u043a\u043a\u043e \u043a \u0441\u0435\u0432\u0435\u0440\u0443 \u043e\u0442 \u0410\u043b\u044c\u043f. \u0414\u0438\u0430\u043c\u0435\u0442\u0440 \u043a\u0443\u043f\u043e\u043b\u0430 \u0441\u043e\u0441\u0442\u0430\u0432\u043b\u044f\u0435\u0442 \u0446\u0435\u043b\u044b\u0445 20 \u043c\u0435\u0442\u0440\u043e\u0432, \u0432\u043d\u0443\u0442\u0440\u0435\u043d\u043d\u044f\u044f \u0432\u044b\u0441\u043e\u0442\u0430 \u0434\u043e \u0432\u0435\u0440\u0448\u0438\u043d\u044b \u0444\u043e\u043d\u0430\u0440\u044f \u2013 \u0431\u043e\u043b\u0435\u0435 49 \u043c\u0435\u0442\u0440\u043e\u0432, \u0447\u0442\u043e \u044f\u0432\u043b\u044f\u0435\u0442\u0441\u044f \u0441\u0430\u043c\u044b\u043c \u0432\u044b\u0441\u043e\u043a\u0438\u043c \u043f\u0440\u0430\u0436\u0441\u043a\u0438\u043c \u0438\u043d\u0442\u0435\u0440\u044c\u0435\u0440\u043e\u043c. \u0412 \u0442\u043e \u0436\u0435 \u0432\u0440\u0435\u043c\u044f, \u043e\u0444\u043e\u0440\u043c\u043b\u0435\u043d\u0438\u0435 \u043a\u043e\u0441\u0442\u0451\u043b\u0430 \u043d\u0430\u0433\u043b\u044f\u0434\u043d\u043e \u043f\u0440\u0435\u0434\u0441\u0442\u0430\u0432\u043b\u044f\u0435\u0442 \u0441\u043e\u0431\u043e\u0439 \u043f\u0440\u043e\u0438\u0437\u0432\u0435\u0434\u0435\u043d\u0438\u0435 \u0438\u0441\u043a\u0443\u0441\u0441\u0442\u0432\u0430 \u043f\u0435\u0440\u0438\u043e\u0434\u0430 \u0440\u0430\u0441\u0446\u0432\u0435\u0442\u0430 \u0431\u0430\u0440\u043e\u043a\u043a\u043e. \u0412 \u043a\u043e\u0441\u0442\u0451\u043b\u0435 \u043a\u0440\u0443\u0433\u043b\u043e\u0433\u043e\u0434\u0438\u0447\u043d\u043e \u043f\u0440\u043e\u0445\u043e\u0434\u044f\u0442 \u043a\u043e\u043d\u0446\u0435\u0440\u0442\u043d\u044b\u0435 \u0446\u0438\u043a\u043b\u044b \u0441 \u0438\u0441\u043f\u043e\u043b\u044c\u0437\u043e\u0432\u0430\u043d\u0438\u0435\u043c \u0438\u0441\u0442\u043e\u0440\u0438\u0447\u0435\u0441\u043a\u043e\u0433\u043e \u043e\u0440\u0433\u0430\u043d\u0430 XVIII \u0432\u0435\u043a\u0430.<\/p>","protected":false},"excerpt":{"rendered":"<p>\u0421\u0442\u0430\u0440\u043e\u043c\u0435\u0441\u0442\u0441\u043a\u0430\u044f \u043f\u043b\u043e\u0449\u0430\u0434\u044c \u0421\u0442\u0430\u0440\u043e\u043c\u0435\u0441\u0442\u0441\u043a\u0430\u044f, \u0438\u043b\u0438 \u043a\u0430\u043a \u0435\u0451 \u043d\u0430\u0437\u044b\u0432\u0430\u043b\u0438 \u0440\u0430\u043d\u044c\u0448\u0435, \u0411\u043e\u043b\u044c\u0448\u0430\u044f \u043f\u043b\u043e\u0449\u0430\u0434\u044c \u2013 \u0430 \u0441\u0435\u0433\u043e\u0434\u043d\u044f \u0432 \u043d\u0430\u0440\u043e\u0434\u0435 \u00ab\u0421\u0442\u0430\u0440\u043e\u043c\u0430\u043a\u00bb \u2013 \u043d\u0430\u0445\u043e\u0434\u0438\u0442\u0441\u044f \u0432 \u0441\u0435\u0440\u0434\u0446\u0435 \u0421\u0442\u0430\u0440\u043e\u0433\u043e \u0433\u043e\u0440\u043e\u0434\u0430 \u041f\u0440\u0430\u0433\u0438. \u0417\u0434\u0435\u0441\u044c \u043c\u043e\u0436\u043d\u043e \u043d\u0430\u0439\u0442\u0438 \u043d\u0435\u0441\u043a\u043e\u043b\u044c\u043a\u043e \u0438\u0441\u0442\u043e\u0440\u0438\u0447\u0435\u0441\u043a\u0438\u0445 \u043e\u0431\u044a\u0435\u043a\u0442\u043e\u0432: \u0442\u0443\u0440\u0438\u0441\u0442\u0430\u043c \u0441\u043b\u0435\u0434\u0443\u0435\u0442 \u043e\u0431\u0440\u0430\u0442\u0438\u0442\u044c \u0432\u043d\u0438\u043c\u0430\u043d\u0438\u0435 \u043d\u0430 \u0421\u0442\u0430\u0440\u043e\u043c\u0435\u0441\u0442\u0441\u043a\u0443\u044e \u0440\u0430\u0442\u0443\u0448\u0443 \u0441\u043e \u0441\u0442\u0430\u0440\u0438\u043d\u043d\u044b\u043c\u0438 \u043a\u0443\u0440\u0430\u043d\u0442\u0430\u043c\u0438 \u00ab\u041e\u0440\u043b\u043e\u0439\u00bb&#8230;<\/p>\n<a class=\"more-block\" href=\"https:\/\/metropolevsech.eu\/ru\/namesti\/\">\u0427\u0438\u0442\u0430\u0442\u044c \u0434\u0430\u043b\u0435\u0435<\/a>","protected":false},"author":7,"featured_media":0,"parent":0,"menu_order":0,"comment_status":"closed","ping_status":"closed","template":"","meta":[],"acf":[],"_links":{"self":[{"href":"https:\/\/metropolevsech.eu\/ru\/wp-json\/wp\/v2\/pages\/22295"}],"collection":[{"href":"https:\/\/metropolevsech.eu\/ru\/wp-json\/wp\/v2\/pages"}],"about":[{"href":"https:\/\/metropolevsech.eu\/ru\/wp-json\/wp\/v2\/types\/page"}],"author":[{"embeddable":true,"href":"https:\/\/metropolevsech.eu\/ru\/wp-json\/wp\/v2\/users\/7"}],"replies":[{"embeddable":true,"href":"https:\/\/metropolevsech.eu\/ru\/wp-json\/wp\/v2\/comments?post=22295"}],"version-history":[{"count":1,"href":"https:\/\/metropolevsech.eu\/ru\/wp-json\/wp\/v2\/pages\/22295\/revisions"}],"predecessor-version":[{"id":22298,"href":"https:\/\/metropolevsech.eu\/ru\/wp-json\/wp\/v2\/pages\/22295\/revisions\/22298"}],"wp:attachment":[{"href":"https:\/\/metropolevsech.eu\/ru\/wp-json\/wp\/v2\/media?parent=22295"}],"curies":[{"name":"wp","href":"https:\/\/api.w.org\/{rel}","templated":true}]}}