{"id":3410,"date":"2017-05-14T22:26:14","date_gmt":"2017-05-14T20:26:14","guid":{"rendered":"https:\/\/metropolevsech.eu\/?page_id=3410"},"modified":"2025-02-11T12:14:07","modified_gmt":"2025-02-11T11:14:07","slug":"mestska-cast-praha-2","status":"publish","type":"page","link":"https:\/\/metropolevsech.eu\/ru\/kontakty\/urady-v-praze\/mestske-casti\/jednotlive-mestske-casti\/mestska-cast-praha-2\/","title":{"rendered":"\u0420\u0430\u0439\u043e\u043d \u041f\u0440\u0430\u0433\u0430 2"},"content":{"rendered":"<p><\/p>\n<h3><strong>\u0410\u0414\u041c\u0418\u041d\u0418\u0421\u0422\u0420\u0410\u0426\u0418\u042f \u0420\u0410\u0419\u041e\u041d\u0410 \u041f\u0420\u0410\u0413\u0410 2<\/strong><\/h3>\n<ul>\n<li><strong>\u0430\u0434\u0440\u0435\u0441:<\/strong> N\u00e1m\u011bst\u00ed M\u00edru 20\/600, \u041f\u0440\u0430\u0433\u0430 2, 120 39<\/li>\n<li><strong>\u043f\u0440\u0438\u0451\u043c\u043d\u0430\u044f:<\/strong> 236 044 111<\/li>\n<li><strong>\u0441\u043f\u0440\u0430\u0432\u043e\u0447\u043d\u0430\u044f:<\/strong> 236 044 246, 236 044 215<\/li>\n<li><strong>\u043f\u043e\u0434\u0430\u0447\u0430 \u0434\u043e\u043a\u0443\u043c\u0435\u043d\u0442\u043e\u0432:<\/strong> 236 044 230,<\/li>\n<li><strong>\u044d\u043b. \u043f\u043e\u0447\u0442\u0430:<\/strong>\u00a0<a href=\"mailto:posta@praha2.cz\">posta@praha2.cz<\/a><\/li>\n<li><strong>\u0441\u0430\u0439\u0442:<\/strong>\u00a0<a href=\"http:\/\/www.praha2.cz\/\">www.praha2.cz<\/a><\/li>\n<\/ul>\n<p>\u0420\u0430\u0439\u043e\u043d \u041f\u0440\u0430\u0433\u0430 2, \u0440\u0430\u0441\u043f\u043e\u043b\u043e\u0436\u0435\u043d\u043d\u044b\u0439 \u0432 \u0446\u0435\u043d\u0442\u0440\u0430\u043b\u044c\u043d\u043e\u0439 \u0447\u0430\u0441\u0442\u0438 \u0441\u0442\u043e\u043b\u0438\u0446\u044b \u043d\u0430 \u043f\u0440\u0430\u0432\u043e\u043c \u0431\u0435\u0440\u0435\u0433\u0443 \u0412\u043b\u0442\u0430\u0432\u044b, \u0432\u043a\u043b\u044e\u0447\u0430\u0435\u0442 \u0442\u0435\u0440\u0440\u0438\u0442\u043e\u0440\u0438\u0438 \u043c\u0438\u043a\u0440\u043e\u0440\u0430\u0439\u043e\u043d\u043e\u0432 Vy\u0161ehrad, Nov\u00e9 M\u011bsto, Vinohrady \u0438 Nusle. \u0417\u0434\u0435\u0441\u044c \u043c\u043e\u0436\u043d\u043e \u043d\u0430\u0439\u0442\u0438 \u043c\u043d\u043e\u0436\u0435\u0441\u0442\u0432\u043e \u0438\u0441\u0442\u043e\u0440\u0438\u0447\u0435\u0441\u043a\u0438\u0445 \u0436\u0435\u043c\u0447\u0443\u0436\u0438\u043d \u0430\u0440\u0445\u0438\u0442\u0435\u043a\u0442\u0443\u0440\u044b \u0438 \u043a\u0443\u043f\u0435\u0447\u0435\u0441\u043a\u0438\u0445 \u0434\u043e\u043c\u043e\u0432, \u0440\u0430\u0432\u043d\u043e \u043a\u0430\u043a \u0438 \u0438\u0437\u043e\u0431\u0438\u043b\u0438\u0435 \u0437\u0435\u043b\u0451\u043d\u044b\u0445 \u0437\u043e\u043d \u0438 \u043e\u0431\u044a\u0435\u043a\u0442\u043e\u0432 \u0436\u0438\u043b\u043e\u0439 \u0438\u043d\u0444\u0440\u0430\u0441\u0442\u0440\u0443\u043a\u0442\u0443\u0440\u044b.<\/p>\n<p>\u0410\u0434\u043c\u0438\u043d\u0438\u0441\u0442\u0440\u0430\u0446\u0438\u044f \u0440\u0430\u0439\u043e\u043d\u0430 \u041f\u0440\u0430\u0433\u0430 2 \u0430\u043a\u0442\u0438\u0432\u043d\u043e \u043f\u043e\u0434\u0434\u0435\u0440\u0436\u0438\u0432\u0430\u0435\u0442 \u0438\u043d\u0442\u0435\u0433\u0440\u0430\u0446\u0438\u044e \u0438\u043d\u043e\u0441\u0442\u0440\u0430\u043d\u0446\u0435\u0432 \u043d\u0430 \u0441\u0432\u043e\u0435\u0439 \u0442\u0435\u0440\u0440\u0438\u0442\u043e\u0440\u0438\u0438 \u0447\u0435\u0440\u0435\u0437 \u0434\u0435\u0442\u0441\u043a\u0438\u0435 \u0441\u0430\u0434\u044b \u0438 \u043e\u0441\u043d\u043e\u0432\u043d\u044b\u0435 \u0448\u043a\u043e\u043b\u044b, \u0430 \u0442\u0430\u043a\u0436\u0435 \u0432 \u0440\u0430\u043c\u043a\u0430\u0445 \u0441\u0443\u0431\u0441\u0438\u0434\u0438\u0440\u043e\u0432\u0430\u043d\u043d\u044b\u0445 \u043f\u0440\u043e\u0433\u0440\u0430\u043c\u043c, \u043e\u0440\u0438\u0435\u043d\u0442\u0438\u0440\u043e\u0432\u0430\u043d\u043d\u044b\u0445 \u043d\u0430 \u0432\u043d\u0435\u0448\u043a\u043e\u043b\u044c\u043d\u0443\u044e \u0434\u0435\u044f\u0442\u0435\u043b\u044c\u043d\u043e\u0441\u0442\u044c \u0434\u0435\u0442\u0435\u0439 \u0438 \u043c\u043e\u043b\u043e\u0434\u0451\u0436\u0438. \u041e\u0441\u043d\u043e\u0432\u043d\u0430\u044f \u0448\u043a\u043e\u043b\u0430 Resslova \u043e\u0440\u0433\u0430\u043d\u0438\u0437\u0443\u0435\u0442 \u043e\u0447\u0435\u043d\u044c \u043f\u043e\u043f\u0443\u043b\u044f\u0440\u043d\u044b\u0435 \u043a\u0443\u0440\u0441\u044b \u0447\u0435\u0448\u0441\u043a\u043e\u0433\u043e \u044f\u0437\u044b\u043a\u0430 \u0434\u043b\u044f \u0434\u0435\u0442\u0435\u0439 \u0438\u043d\u043e\u0441\u0442\u0440\u0430\u043d\u0446\u0435\u0432.<\/p>\n<div class=\"box-ok\"><br \/>\n\u0411\u043e\u043b\u0435\u0435 \u043f\u043e\u0434\u0440\u043e\u0431\u043d\u0443\u044e \u0438\u043d\u0444\u043e\u0440\u043c\u0430\u0446\u0438\u044e \u0432\u044b \u043c\u043e\u0436\u0435\u0442\u0435 \u043f\u043e\u043b\u0443\u0447\u0438\u0442\u044c \u0432 \u0430\u0434\u043c\u0438\u043d\u0438\u0441\u0442\u0440\u0430\u0446\u0438\u0438 \u0440\u0430\u0439\u043e\u043d\u0430. \u0415\u0451 \u0441\u043e\u0442\u0440\u0443\u0434\u043d\u0438\u043a\u0438 \u043f\u0440\u0435\u0434\u043e\u0441\u0442\u0430\u0432\u044f\u0442 \u0432\u0430\u043c \u043a\u043e\u043d\u0442\u0430\u043a\u0442\u044b \u043e\u0440\u0433\u0430\u043d\u0438\u0437\u0430\u0446\u0438\u0439, \u043f\u0440\u0435\u0434\u043b\u0430\u0433\u0430\u044e\u0449\u0438\u0445 \u043f\u043e\u043c\u043e\u0449\u044c \u0432 \u0440\u0435\u0448\u0435\u043d\u0438\u0438 \u0442\u044f\u0436\u0451\u043b\u044b\u0445 \u0436\u0438\u0437\u043d\u0435\u043d\u043d\u044b\u0445 \u0441\u0438\u0442\u0443\u0430\u0446\u0438\u0439, \u0437\u0430\u043f\u0438\u0448\u0443\u0442 \u0432\u0430\u0441 \u043d\u0430 \u043f\u0440\u0438\u0451\u043c \u043a \u043d\u0435\u043e\u0431\u0445\u043e\u0434\u0438\u043c\u043e\u043c\u0443 \u0441\u043e\u0442\u0440\u0443\u0434\u043d\u0438\u043a\u0443 \u0430\u0434\u043c\u0438\u043d\u0438\u0441\u0442\u0440\u0430\u0446\u0438\u0438 \u0438 \u0440\u0430\u0441\u0441\u043a\u0430\u0436\u0443\u0442 \u043e \u0434\u0435\u044f\u0442\u0435\u043b\u044c\u043d\u043e\u0441\u0442\u0438 \u0443\u0447\u0440\u0435\u0436\u0434\u0435\u043d\u0438\u044f \u0438 \u043f\u043b\u0430\u043d\u0438\u0440\u0443\u0435\u043c\u044b\u0445 \u043a\u0443\u043b\u044c\u0442\u0443\u0440\u043d\u044b\u0445 \u043c\u0435\u0440\u043e\u043f\u0440\u0438\u044f\u0442\u0438\u044f\u0445.<br \/>\n<\/div>\n<p>\u0412\u0441\u044f \u0432\u0430\u0436\u043d\u0435\u0439\u0448\u0430\u044f \u0438\u043d\u0444\u043e\u0440\u043c\u0430\u0446\u0438\u044f \u043e\u0431 \u0410\u0434\u043c\u0438\u043d\u0438\u0441\u0442\u0440\u0430\u0446\u0438\u0438 \u0440\u0430\u0439\u043e\u043d\u0430 \u041f\u0440\u0430\u0433\u0430 2 \u0434\u043e\u0441\u0442\u0443\u043f\u043d\u0430 \u043d\u0430 <a href=\"http:\/\/www.praha2.cz\/Informacni-kancelare-1\">\u0447\u0435\u0448\u0441\u043a\u043e\u043c<\/a> \u0438\u00a0<a href=\"http:\/\/urad.praha2.cz\/Contact\">\u0430\u043d\u0433\u043b\u0438\u0439\u0441\u043a\u043e\u043c<\/a> \u044f\u0437\u044b\u043a\u0430\u0445.<\/p>\n<h3><strong>\u041f\u0420\u041e\u0427\u0418\u0415 \u0410\u0414\u041c\u0418\u041d\u0418\u0421\u0422\u0420\u0410\u0422\u0418\u0412\u041d\u042b\u0415 \u0423\u0427\u0420\u0415\u0416\u0414\u0415\u041d\u0418\u042f<\/strong><\/h3>\n<h4>\u0426\u0435\u043d\u0442\u0440 \u0437\u0430\u043d\u044f\u0442\u043e\u0441\u0442\u0438 \u043d\u0430\u0441\u0435\u043b\u0435\u043d\u0438\u044f<\/h4>\n<p>\u0422\u0435\u0440\u0440\u0438\u0442\u043e\u0440\u0438\u0430\u043b\u044c\u043d\u043e\u0435 \u043f\u043e\u0434\u0440\u0430\u0437\u0434\u0435\u043b\u0435\u043d\u0438\u0435\u00a0<a href=\"https:\/\/www.uradprace.cz\/praha-2\">\u041f\u0440\u0430\u0433\u0430 2<\/a>\u00a0(\u0434\u043b\u044f \u0440\u0430\u0439\u043e\u043d\u043e\u0432 \u041f\u0440\u0430\u0433\u0430 1 \u0438 \u041f\u0440\u0430\u0433\u0430 2)<\/p>\n<ul class=\"bullet-links\">\n<li><a href=\"https:\/\/www.uradprace.cz\/praha-2\">\u041a\u043e\u043d\u0442\u0430\u043a\u0442\u044b \u043e\u0442\u0434\u0435\u043b\u0435\u043d\u0438\u044f<\/a><\/li>\n<li><a href=\"https:\/\/www.uradprace.cz\/web\/cz\/volna-mista-v-cr\">\u0412\u0430\u043a\u0430\u043d\u0441\u0438\u0438<\/a><a href=\"https:\/\/www.uradprace.cz\/web\/cz\/kontakty-na-zamestnance-1\"><\/a><\/li>\n<\/ul>\n<h4><strong>\u041f\u0440\u0430\u0436\u0441\u043a\u043e\u0435 \u0443\u043f\u0440\u0430\u0432\u043b\u0435\u043d\u0438\u0435 \u0441\u043e\u0446\u0438\u0430\u043b\u044c\u043d\u043e\u0433\u043e \u043e\u0431\u0435\u0441\u043f\u0435\u0447\u0435\u043d\u0438\u044f (\u0420SSZ)<\/strong><\/h4>\n<div class=\"box-ok\"><br \/>\n\u0422\u0435\u0440\u0440\u0438\u0442\u043e\u0440\u0438\u0430\u043b\u044c\u043d\u0430\u044f \u043f\u0440\u0438\u043d\u0430\u0434\u043b\u0435\u0436\u043d\u043e\u0441\u0442\u044c \u043e\u0442\u0434\u0435\u043b\u0435\u043d\u0438\u0439 \u043d\u0435 \u0443\u0441\u0442\u0430\u043d\u043e\u0432\u043b\u0435\u043d\u0430, \u043f\u043e\u044d\u0442\u043e\u043c\u0443 \u0432\u044b \u043c\u043e\u0436\u0435\u0442\u0435 \u043e\u0431\u0440\u0430\u0449\u0430\u0442\u044c\u0441\u044f \u0432\u00a0<a href=\"http:\/\/www.cssz.cz\/cz\/kontakty\/krajska-a-okresni-pracoviste\/praha\/\">\u043b\u044e\u0431\u043e\u0435 \u043e\u0442\u0434\u0435\u043b\u0435\u043d\u0438\u0435<\/a>\u00a0\u043d\u0435\u0437\u0430\u0432\u0438\u0441\u0438\u043c\u043e \u043e\u0442 \u043c\u0435\u0441\u0442\u0430 \u0436\u0438\u0442\u0435\u043b\u044c\u0441\u0442\u0432\u0430 \u0438\u043b\u0438 \u043c\u0435\u0441\u0442\u043e\u043d\u0430\u0445\u043e\u0436\u0434\u0435\u043d\u0438\u044f \u043a\u043e\u043c\u043f\u0430\u043d\u0438\u0438.<br \/>\n<\/div>\n<h4><strong>\u0423\u043f\u0440\u0430\u0432\u043b\u0435\u043d\u0438\u0435 \u043d\u0430\u043b\u043e\u0433\u043e\u0432\u043e\u0439 \u0441\u043b\u0443\u0436\u0431\u044b<\/strong><\/h4>\n<p>\u0422\u0435\u0440\u0440\u0438\u0442\u043e\u0440\u0438\u0430\u043b\u044c\u043d\u043e\u0435 \u043f\u043e\u0434\u0440\u0430\u0437\u0434\u0435\u043b\u0435\u043d\u0438\u0435 \u041f\u0440\u0430\u0433\u0430 2<\/p>\n<p><strong>\u0430\u0434\u0440\u0435\u0441:<\/strong> Vinohradsk\u00e1 2488\/49, \u041f\u0440\u0430\u0433\u0430 2, 120 00<\/p>\n<ul class=\"bullet-links\">\n<li><a href=\"https:\/\/www.financnisprava.cz\/cs\/financni-sprava\/financni-sprava-cr\/organizacni-struktura\/organy-financni-spravy\/uzemni-pracoviste\/2002-uzemni-pracoviste-pro-prahu-2\">\u041a\u043e\u043d\u0442\u0430\u043a\u0442\u044b<\/a><\/li>\n<\/ul>\n<p><\/p>","protected":false},"excerpt":{"rendered":"<p>\u0410\u0414\u041c\u0418\u041d\u0418\u0421\u0422\u0420\u0410\u0426\u0418\u042f \u0420\u0410\u0419\u041e\u041d\u0410 \u041f\u0420\u0410\u0413\u0410 2 \u0430\u0434\u0440\u0435\u0441: N\u00e1m\u011bst\u00ed M\u00edru 20\/600, \u041f\u0440\u0430\u0433\u0430 2, 120 39 \u043f\u0440\u0438\u0451\u043c\u043d\u0430\u044f: 236 044 111 \u0441\u043f\u0440\u0430\u0432\u043e\u0447\u043d\u0430\u044f: 236 044 246, 236 044 215 \u043f\u043e\u0434\u0430\u0447\u0430 \u0434\u043e\u043a\u0443\u043c\u0435\u043d\u0442\u043e\u0432: 236 044 230, \u044d\u043b. \u043f\u043e\u0447\u0442\u0430:\u00a0posta@praha2.cz \u0441\u0430\u0439\u0442:\u00a0www.praha2.cz \u0420\u0430\u0439\u043e\u043d \u041f\u0440\u0430\u0433\u0430 2, \u0440\u0430\u0441\u043f\u043e\u043b\u043e\u0436\u0435\u043d\u043d\u044b\u0439 \u0432 \u0446\u0435\u043d\u0442\u0440\u0430\u043b\u044c\u043d\u043e\u0439 \u0447\u0430\u0441\u0442\u0438 \u0441\u0442\u043e\u043b\u0438\u0446\u044b \u043d\u0430&#8230;<\/p>\n<a class=\"more-block\" href=\"https:\/\/metropolevsech.eu\/ru\/kontakty\/urady-v-praze\/mestske-casti\/jednotlive-mestske-casti\/mestska-cast-praha-2\/\">\u0427\u0438\u0442\u0430\u0442\u044c \u0434\u0430\u043b\u0435\u0435<\/a>","protected":false},"author":7,"featured_media":0,"parent":3406,"menu_order":2,"comment_status":"closed","ping_status":"closed","template":"","meta":[],"acf":[],"_links":{"self":[{"href":"https:\/\/metropolevsech.eu\/ru\/wp-json\/wp\/v2\/pages\/3410"}],"collection":[{"href":"https:\/\/metropolevsech.eu\/ru\/wp-json\/wp\/v2\/pages"}],"about":[{"href":"https:\/\/metropolevsech.eu\/ru\/wp-json\/wp\/v2\/types\/page"}],"author":[{"embeddable":true,"href":"https:\/\/metropolevsech.eu\/ru\/wp-json\/wp\/v2\/users\/7"}],"replies":[{"embeddable":true,"href":"https:\/\/metropolevsech.eu\/ru\/wp-json\/wp\/v2\/comments?post=3410"}],"version-history":[{"count":4,"href":"https:\/\/metropolevsech.eu\/ru\/wp-json\/wp\/v2\/pages\/3410\/revisions"}],"predecessor-version":[{"id":21849,"href":"https:\/\/metropolevsech.eu\/ru\/wp-json\/wp\/v2\/pages\/3410\/revisions\/21849"}],"up":[{"embeddable":true,"href":"https:\/\/metropolevsech.eu\/ru\/wp-json\/wp\/v2\/pages\/3406"}],"wp:attachment":[{"href":"https:\/\/metropolevsech.eu\/ru\/wp-json\/wp\/v2\/media?parent=3410"}],"curies":[{"name":"wp","href":"https:\/\/api.w.org\/{rel}","templated":true}]}}