{"id":3414,"date":"2017-05-14T22:28:04","date_gmt":"2017-05-14T20:28:04","guid":{"rendered":"https:\/\/metropolevsech.eu\/?page_id=3414"},"modified":"2025-04-01T20:55:02","modified_gmt":"2025-04-01T18:55:02","slug":"mestska-cast-praha-4","status":"publish","type":"page","link":"https:\/\/metropolevsech.eu\/ru\/kontakty\/urady-v-praze\/mestske-casti\/jednotlive-mestske-casti\/mestska-cast-praha-4\/","title":{"rendered":"\u0420\u0430\u0439\u043e\u043d \u041f\u0440\u0430\u0433\u0430 4"},"content":{"rendered":"<p><\/p>\n<h3><strong>\u0410\u0414\u041c\u0418\u041d\u0418\u0421\u0422\u0420\u0410\u0426\u0418\u042f \u0420\u0410\u0419\u041e\u041d\u0410 \u041f\u0420\u0410\u0413\u0410 4<\/strong><\/h3>\n<ul>\n<li><strong>\u0430\u0434\u0440\u0435\u0441:<\/strong> Antala Sta\u0161ka 2059\/80b, \u041f\u0440\u0430\u0433\u0430 4\u2013Kr\u010d, 140 46<\/li>\n<li><strong>\u043f\u0440\u0438\u0451\u043c\u043d\u0430\u044f:<\/strong>800 194 237<\/li>\n<li><strong>\u0444\u0430\u043a\u0441:<\/strong> 241 741 743<\/li>\n<li><strong>\u044d\u043b. \u043f\u043e\u0447\u0442\u0430:<\/strong>\u00a0<a href=\"mailto:radnice@praha4.cz\">radnice@praha4.cz<\/a><\/li>\n<li><strong>\u043f\u043e\u0434\u0430\u0447\u0430 \u0434\u043e\u043a\u0443\u043c\u0435\u043d\u0442\u043e\u0432:\u00a0<\/strong><a href=\"mailto:posta@praha4.cz\">posta@praha4.cz<\/a><\/li>\n<li><strong>\u0441\u0430\u0439\u0442:\u00a0<\/strong><a href=\"\/\/www.praha4.cz\/\">www.praha4.cz<\/a><\/li>\n<\/ul>\n<p>\u0412 \u0440\u0430\u0439\u043e\u043d \u041f\u0440\u0430\u0433\u0430 4, \u043a\u043e\u0442\u043e\u0440\u044b\u0439 \u043d\u0430\u0445\u043e\u0434\u0438\u0442\u0441\u044f \u0432 \u044e\u0436\u043d\u043e\u0439 \u0447\u0430\u0441\u0442\u0438 \u0433\u043e\u0440\u043e\u0434\u0430 \u043d\u0430 \u043f\u0440\u0430\u0432\u043e\u043c \u0431\u0435\u0440\u0435\u0433\u0443 \u0412\u043b\u0442\u0430\u0432\u044b, \u0432\u0445\u043e\u0434\u044f\u0442 \u043a\u0430\u0434\u0430\u0441\u0442\u0440\u043e\u0432\u044b\u0435 \u0442\u0435\u0440\u0440\u0438\u0442\u043e\u0440\u0438\u0438 Nusle, Michle, Podol\u00ed, Bran\u00edk, Hodkovi\u010dky, Kr\u010d, \u0447\u0430\u0441\u0442\u0438\u0447\u043d\u043e Lhotka, Z\u00e1b\u011bhlice \u0438 \u043d\u0435\u0441\u043a\u043e\u043b\u044c\u043a\u043e \u0434\u043e\u043c\u043e\u0432 \u0432 \u043c\u0438\u043a\u0440\u043e\u0440\u0430\u0439\u043e\u043d\u0435 Vinohrady. \u0420\u0430\u0441\u0446\u0432\u0435\u0442 \u044d\u0442\u043e\u0433\u043e \u0440\u0430\u0439\u043e\u043d\u0430 \u043f\u0440\u043e\u0445\u043e\u0434\u0438\u043b \u043d\u0430 \u0440\u0443\u0431\u0435\u0436\u0435 XIX \u0438 XX \u0432\u0435\u043a\u043e\u0432 \u0432 \u0441\u0432\u044f\u0437\u0438 \u0441\u043e \u0441\u0442\u0440\u043e\u0438\u0442\u0435\u043b\u044c\u0441\u0442\u0432\u043e\u043c \u0442\u0435\u0445\u043d\u0438\u0447\u0435\u0441\u043a\u0438\u0445 \u0438 \u0430\u0434\u043c\u0438\u043d\u0438\u0441\u0442\u0440\u0430\u0442\u0438\u0432\u043d\u044b\u0445 \u0437\u0434\u0430\u043d\u0438\u0439. \u0421\u0435\u0433\u043e\u0434\u043d\u044f \u044d\u0442\u043e \u0440\u0430\u0439\u043e\u043d \u0441 \u0432\u043e\u0441\u0442\u0440\u0435\u0431\u043e\u0432\u0430\u043d\u043d\u044b\u043c \u0447\u0430\u0441\u0442\u043d\u044b\u043c \u0436\u0438\u043b\u044c\u0451\u043c \u0438 \u0448\u0438\u0440\u043e\u043a\u0438\u043c\u0438 \u0432\u043e\u0437\u043c\u043e\u0436\u043d\u043e\u0441\u0442\u044f\u043c\u0438 \u0434\u043b\u044f \u043e\u0440\u0433\u0430\u043d\u0438\u0437\u0430\u0446\u0438\u0438 \u0434\u043e\u0441\u0443\u0433\u0430.<\/p>\n<p>\u0410\u0434\u043c\u0438\u043d\u0438\u0441\u0442\u0440\u0430\u0446\u0438\u044f \u0440\u0430\u0439\u043e\u043d\u0430 \u041f\u0440\u0430\u0433\u0430 4 \u0430\u043a\u0442\u0438\u0432\u043d\u043e \u043f\u043e\u0434\u0434\u0435\u0440\u0436\u0438\u0432\u0430\u0435\u0442 \u0438\u043d\u0442\u0435\u0433\u0440\u0430\u0446\u0438\u044e \u043f\u0440\u043e\u0436\u0438\u0432\u0430\u044e\u0449\u0438\u0445 \u0437\u0434\u0435\u0441\u044c \u0438\u043d\u043e\u0441\u0442\u0440\u0430\u043d\u0446\u0435\u0432. \u0412 2016 \u0433\u043e\u0434\u0443 \u043e\u043d\u0430 \u043e\u0440\u0433\u0430\u043d\u0438\u0437\u043e\u0432\u0430\u043b\u0430 \u043c\u0443\u043b\u044c\u0442\u0438\u043a\u0443\u043b\u044c\u0442\u0443\u0440\u043d\u044b\u0439 \u0444\u0435\u0441\u0442\u0438\u0432\u0430\u043b\u044c \u00ab\u041a\u0430\u043b\u0435\u0439\u0434\u043e\u0441\u043a\u043e\u043f\u00bb, \u043a\u043e\u0442\u043e\u0440\u044b\u0439 \u043f\u0440\u043e\u0432\u043e\u0434\u0438\u043b\u0441\u044f \u0432 \u043f\u0430\u0440\u043a\u0435 \u041d\u0430 \u041f\u0430\u043d\u043a\u0440\u0430\u0446\u0435 11 \u0438\u044e\u043d\u044f 2016 \u0433\u043e\u0434\u0430, \u0430 \u0443\u0436\u0435 \u0432 2017 \u0433\u043e\u0434\u0443 \u0432\u0441\u0435 \u0436\u0438\u0442\u0435\u043b\u0438 \u041f\u0440\u0430\u0433\u0438 4 \u0432\u043d\u043e\u0432\u044c \u0441\u043c\u043e\u0433\u0443\u0442 \u043f\u043e\u0437\u043d\u0430\u043a\u043e\u043c\u0438\u0442\u044c\u0441\u044f \u0434\u0440\u0443\u0433 \u0441 \u0434\u0440\u0443\u0433\u043e\u043c \u043d\u0430 \u043e\u0447\u0435\u0440\u0435\u0434\u043d\u044b\u0445 \u043c\u0435\u0440\u043e\u043f\u0440\u0438\u044f\u0442\u0438\u044f\u0445 \u0440\u0430\u0439\u043e\u043d\u0430.<\/p>\n<div class=\"box-ok\"><br \/>\n\u041f\u0440\u0430\u0433\u0430 4 \u0441\u043e\u0432\u043c\u0435\u0441\u0442\u043d\u043e \u0441\u00a0<strong>\u0418\u043d\u0442\u0435\u0433\u0440\u0430\u0446\u0438\u043e\u043d\u043d\u044b\u043c \u0446\u0435\u043d\u0442\u0440\u043e\u043c \u041f\u0440\u0430\u0433\u0430 (ICP)<\/strong>\u00a0\u043e\u0440\u0433\u0430\u043d\u0438\u0437\u0443\u0435\u0442 \u043a\u0443\u0440\u0441\u044b \u0447\u0435\u0448\u0441\u043a\u043e\u0433\u043e \u044f\u0437\u044b\u043a\u0430 \u0434\u043b\u044f \u0432\u0437\u0440\u043e\u0441\u043b\u044b\u0445 \u0438 \u0434\u0435\u0442\u0435\u0439. \u0414\u043b\u044f \u0438\u043d\u043e\u0441\u0442\u0440\u0430\u043d\u0446\u0435\u0432, \u043f\u0440\u043e\u0436\u0438\u0432\u0430\u044e\u0449\u0438\u0445 \u0432 \u041f\u0440\u0430\u0433\u0435 4, \u043a\u0443\u0440\u0441\u044b \u0431\u0435\u0441\u043f\u043b\u0430\u0442\u043d\u044b. \u0414\u043e \u043d\u0430\u0441\u0442\u043e\u044f\u0449\u0435\u0433\u043e \u0432\u0440\u0435\u043c\u0435\u043d\u0438 \u043e\u043d\u0438 \u043f\u0440\u043e\u0432\u043e\u0434\u0438\u043b\u0438\u0441\u044c \u0432 \u043e\u0441\u043d\u043e\u0432\u043d\u044b\u0445 \u0448\u043a\u043e\u043b\u0430\u0445 Pol\u00e1\u010dkova \u0438 B\u00edtovsk\u00e1.<\/p>\n<p>\u0411\u043e\u043b\u0435\u0435 \u043f\u043e\u0434\u0440\u043e\u0431\u043d\u0443\u044e \u0438\u043d\u0444\u043e\u0440\u043c\u0430\u0446\u0438\u044e \u0432\u044b \u043c\u043e\u0436\u0435\u0442\u0435 \u043d\u0430\u0439\u0442\u0438 \u043d\u0430 \u0441\u0430\u0439\u0442\u0435\u00a0<a href=\"\/\/www.praha4.cz\/\">www.praha4.cz<\/a>,\u00a0\u0438\u043b\u0438 \u043f\u0435\u0440\u0435\u0439\u0434\u044f \u043f\u043e <a href=\"\/\/www.praha4.cz\/Praha-4-nabizi-kurzy-cestiny-pro-deti-i-dospele-z-rad-cizincu.html\">\u0441\u0441\u044b\u043b\u043a\u0435<\/a>.<br \/>\n<\/div>\n<p>\u041f\u0435\u0440\u0435\u0439\u0434\u044f \u043f\u043e \u0441\u0441\u044b\u043b\u043a\u0430\u043c, \u0432\u044b \u043d\u0430\u0439\u0434\u0451\u0442\u0435 \u0432\u0430\u0436\u043d\u0443\u044e \u0438\u043d\u0444\u043e\u0440\u043c\u0430\u0446\u0438\u044e, \u043e\u043f\u0443\u0431\u043b\u0438\u043a\u043e\u0432\u0430\u043d\u043d\u0443\u044e \u0430\u0434\u043c\u0438\u043d\u0438\u0441\u0442\u0440\u0430\u0446\u0438\u0435\u0439 \u0440\u0430\u0439\u043e\u043d\u0430 \u041f\u0440\u0430\u0433\u0430 4\u00a0<a href=\"\/\/www.praha4.cz\/file\/gl921\/RUS.pdf\">\u043d\u0430\u00a0\u0440\u0443\u0441\u0441\u043a\u043e\u043c<\/a>, <a href=\"https:\/\/www.praha4.cz\/file\/il921\/UKR.pdf\">\u0443\u043a\u0440\u0430\u0438\u043d\u0441\u043a\u043e\u043c<\/a> \u0438 <a href=\"\/\/www.praha4.cz\/file\/cl921\/GUIDE-FOR-FOREIGNERS-ENG.pdf\">\u0430\u043d\u0433\u043b\u0438\u0439\u0441\u043a\u043e\u043c<\/a> \u044f\u0437\u044b\u043a\u0430\u0445.<\/p>\n<p>&nbsp;<\/p>\n<h3><strong>\u041f\u0420\u041e\u0427\u0418\u0415 \u0410\u0414\u041c\u0418\u041d\u0418\u0421\u0422\u0420\u0410\u0422\u0418\u0412\u041d\u042b\u0415 \u0423\u0427\u0420\u0415\u0416\u0414\u0415\u041d\u0418\u042f<\/strong><\/h3>\n<h4>\u0426\u0435\u043d\u0442\u0440 \u0437\u0430\u043d\u044f\u0442\u043e\u0441\u0442\u0438 \u043d\u0430\u0441\u0435\u043b\u0435\u043d\u0438\u044f<\/h4>\n<p>\u0422\u0435\u0440\u0440\u0438\u0442\u043e\u0440\u0438\u0430\u043b\u044c\u043d\u043e\u0435 \u043f\u043e\u0434\u0440\u0430\u0437\u0434\u0435\u043b\u0435\u043d\u0438\u0435\u00a0\u041f\u0440\u0430\u0433\u0430 4 (\u0434\u043b\u044f \u0440\u0430\u0439\u043e\u043d\u043e\u0432 \u041f\u0440\u0430\u0433\u0430 4, 11 \u0438 12)<\/p>\n<ul class=\"bullet-links\">\n<li><a href=\"https:\/\/www.uradprace.cz\/praha-4\">\u041a\u043e\u043d\u0442\u0430\u043a\u0442\u044b \u043e\u0442\u0434\u0435\u043b\u0435\u043d\u0438\u044f<\/a><\/li>\n<li><a href=\"https:\/\/www.uradprace.cz\/web\/cz\/volna-mista-v-cr\">\u0412\u0430\u043a\u0430\u043d\u0441\u0438\u0438<\/a><a href=\"https:\/\/www.uradprace.cz\/kontakty-na-zamestnance-3\"><\/a><\/li>\n<\/ul>\n<h4><strong>\u041f\u0440\u0430\u0436\u0441\u043a\u043e\u0435 \u0443\u043f\u0440\u0430\u0432\u043b\u0435\u043d\u0438\u0435 \u0441\u043e\u0446\u0438\u0430\u043b\u044c\u043d\u043e\u0433\u043e \u043e\u0431\u0435\u0441\u043f\u0435\u0447\u0435\u043d\u0438\u044f (\u0420SSZ)<\/strong><\/h4>\n<div class=\"box-ok\"><br \/>\n\u0422\u0435\u0440\u0440\u0438\u0442\u043e\u0440\u0438\u0430\u043b\u044c\u043d\u0430\u044f \u043f\u0440\u0438\u043d\u0430\u0434\u043b\u0435\u0436\u043d\u043e\u0441\u0442\u044c \u043e\u0442\u0434\u0435\u043b\u0435\u043d\u0438\u0439 \u043d\u0435 \u0443\u0441\u0442\u0430\u043d\u043e\u0432\u043b\u0435\u043d\u0430, \u043f\u043e\u044d\u0442\u043e\u043c\u0443 \u0432\u044b \u043c\u043e\u0436\u0435\u0442\u0435 \u043e\u0431\u0440\u0430\u0449\u0430\u0442\u044c\u0441\u044f \u0432\u00a0<a href=\"\/\/www.cssz.cz\/cz\/kontakty\/krajska-a-okresni-pracoviste\/praha\/\">\u043b\u044e\u0431\u043e\u0435 \u043e\u0442\u0434\u0435\u043b\u0435\u043d\u0438\u0435<\/a>\u00a0\u043d\u0435\u0437\u0430\u0432\u0438\u0441\u0438\u043c\u043e \u043e\u0442 \u043c\u0435\u0441\u0442\u0430 \u0436\u0438\u0442\u0435\u043b\u044c\u0441\u0442\u0432\u0430 \u0438\u043b\u0438 \u043c\u0435\u0441\u0442\u043e\u043d\u0430\u0445\u043e\u0436\u0434\u0435\u043d\u0438\u044f \u043a\u043e\u043c\u043f\u0430\u043d\u0438\u0438.<br \/>\n<\/div>\n<h4><strong>\u0423\u043f\u0440\u0430\u0432\u043b\u0435\u043d\u0438\u0435 \u043d\u0430\u043b\u043e\u0433\u043e\u0432\u043e\u0439 \u0441\u043b\u0443\u0436\u0431\u044b<\/strong><\/h4>\n<p>\u0422\u0435\u0440\u0440\u0438\u0442\u043e\u0440\u0438\u0430\u043b\u044c\u043d\u043e\u0435 \u043f\u043e\u0434\u0440\u0430\u0437\u0434\u0435\u043b\u0435\u043d\u0438\u0435\u00a0\u041f\u0440\u0430\u0433\u0430 4<\/p>\n<p><strong>\u0430\u0434\u0440\u0435\u0441:<\/strong> Bud\u011bjovick\u00e1 409\/1, \u041f\u0440\u0430\u0433\u0430 4, 140 00<\/p>\n<ul class=\"bullet-links\">\n<li><a href=\"https:\/\/www.financnisprava.cz\/cs\/financni-sprava\/financni-sprava-cr\/organizacni-struktura\/organy-financni-spravy\/uzemni-pracoviste\/2004-uzemni-pracoviste-pro-prahu-4\">\u041a\u043e\u043d\u0442\u0430\u043a\u0442\u044b<\/a><\/li>\n<\/ul>\n<p><\/p>","protected":false},"excerpt":{"rendered":"<p>\u0410\u0414\u041c\u0418\u041d\u0418\u0421\u0422\u0420\u0410\u0426\u0418\u042f \u0420\u0410\u0419\u041e\u041d\u0410 \u041f\u0420\u0410\u0413\u0410 4 \u0430\u0434\u0440\u0435\u0441: Antala Sta\u0161ka 2059\/80b, \u041f\u0440\u0430\u0433\u0430 4\u2013Kr\u010d, 140 46 \u043f\u0440\u0438\u0451\u043c\u043d\u0430\u044f:800 194 237 \u0444\u0430\u043a\u0441: 241 741 743 \u044d\u043b. \u043f\u043e\u0447\u0442\u0430:\u00a0radnice@praha4.cz \u043f\u043e\u0434\u0430\u0447\u0430 \u0434\u043e\u043a\u0443\u043c\u0435\u043d\u0442\u043e\u0432:\u00a0posta@praha4.cz \u0441\u0430\u0439\u0442:\u00a0www.praha4.cz \u0412 \u0440\u0430\u0439\u043e\u043d \u041f\u0440\u0430\u0433\u0430 4, \u043a\u043e\u0442\u043e\u0440\u044b\u0439 \u043d\u0430\u0445\u043e\u0434\u0438\u0442\u0441\u044f \u0432 \u044e\u0436\u043d\u043e\u0439 \u0447\u0430\u0441\u0442\u0438 \u0433\u043e\u0440\u043e\u0434\u0430 \u043d\u0430 \u043f\u0440\u0430\u0432\u043e\u043c \u0431\u0435\u0440\u0435\u0433\u0443 \u0412\u043b\u0442\u0430\u0432\u044b, \u0432\u0445\u043e\u0434\u044f\u0442 \u043a\u0430\u0434\u0430\u0441\u0442\u0440\u043e\u0432\u044b\u0435&#8230;<\/p>\n<a class=\"more-block\" href=\"https:\/\/metropolevsech.eu\/ru\/kontakty\/urady-v-praze\/mestske-casti\/jednotlive-mestske-casti\/mestska-cast-praha-4\/\">\u0427\u0438\u0442\u0430\u0442\u044c \u0434\u0430\u043b\u0435\u0435<\/a>","protected":false},"author":7,"featured_media":0,"parent":3406,"menu_order":4,"comment_status":"closed","ping_status":"closed","template":"","meta":[],"acf":[],"_links":{"self":[{"href":"https:\/\/metropolevsech.eu\/ru\/wp-json\/wp\/v2\/pages\/3414"}],"collection":[{"href":"https:\/\/metropolevsech.eu\/ru\/wp-json\/wp\/v2\/pages"}],"about":[{"href":"https:\/\/metropolevsech.eu\/ru\/wp-json\/wp\/v2\/types\/page"}],"author":[{"embeddable":true,"href":"https:\/\/metropolevsech.eu\/ru\/wp-json\/wp\/v2\/users\/7"}],"replies":[{"embeddable":true,"href":"https:\/\/metropolevsech.eu\/ru\/wp-json\/wp\/v2\/comments?post=3414"}],"version-history":[{"count":8,"href":"https:\/\/metropolevsech.eu\/ru\/wp-json\/wp\/v2\/pages\/3414\/revisions"}],"predecessor-version":[{"id":22417,"href":"https:\/\/metropolevsech.eu\/ru\/wp-json\/wp\/v2\/pages\/3414\/revisions\/22417"}],"up":[{"embeddable":true,"href":"https:\/\/metropolevsech.eu\/ru\/wp-json\/wp\/v2\/pages\/3406"}],"wp:attachment":[{"href":"https:\/\/metropolevsech.eu\/ru\/wp-json\/wp\/v2\/media?parent=3414"}],"curies":[{"name":"wp","href":"https:\/\/api.w.org\/{rel}","templated":true}]}}