{"id":3418,"date":"2017-05-14T22:29:59","date_gmt":"2017-05-14T20:29:59","guid":{"rendered":"https:\/\/metropolevsech.eu\/?page_id=3418"},"modified":"2025-02-11T13:53:07","modified_gmt":"2025-02-11T12:53:07","slug":"mestska-cast-praha-6","status":"publish","type":"page","link":"https:\/\/metropolevsech.eu\/ru\/kontakty\/urady-v-praze\/mestske-casti\/jednotlive-mestske-casti\/mestska-cast-praha-6\/","title":{"rendered":"\u0420\u0430\u0439\u043e\u043d \u041f\u0440\u0430\u0433\u0430 6"},"content":{"rendered":"<p><\/p>\n<h3><strong>\u0410\u0414\u041c\u0418\u041d\u0418\u0421\u0422\u0420\u0410\u0426\u0418\u042f \u0420\u0410\u0419\u041e\u041d\u0410 \u041f\u0420\u0410\u0413\u0410 6<\/strong><\/h3>\n<ul>\n<li><strong>\u0430\u0434\u0440\u0435\u0441:<\/strong> \u010ceskoslovensk\u00e9 arm\u00e1dy 601\/23, \u041f\u0440\u0430\u0433\u0430 6, 160 52<\/li>\n<li><strong>\u043f\u0440\u0438\u0451\u043c\u043d\u0430\u044f:<\/strong> 220 189 111<\/li>\n<li><strong>\u0431\u0435\u0441\u043f\u043b\u0430\u0442\u043d\u0430\u044f \u0438\u043d\u0444\u043e\u0440\u043c\u0430\u0446\u0438\u043e\u043d\u043d\u0430\u044f \u043b\u0438\u043d\u0438\u044f:<\/strong> 800 800\u00a0001<\/li>\n<li><strong>\u043f\u043e\u0434\u0430\u0447\u0430 \u0434\u043e\u043a\u0443\u043c\u0435\u043d\u0442\u043e\u0432:<\/strong> 220 189 202<\/li>\n<li><strong>\u0442\u0435\u043b\u0435\u0444\u043e\u043d:<\/strong> 220 189 855<\/li>\n<li><strong>\u044d\u043b. \u043f\u043e\u0447\u0442\u0430:<\/strong>\u00a0<a href=\"mailto:podatelna@praha6.cz\">podatelna@praha6.cz<\/a>,\u00a0<a href=\"mailto:ik-csarmady@praha6.cz\">ik-csarmady@praha6.cz<\/a><\/li>\n<li><strong>\u0441\u0430\u0439\u0442:\u00a0<\/strong><a href=\"http:\/\/www.praha6.cz\/\">www.praha6.cz<\/a><\/li>\n<\/ul>\n<p>\u0420\u0430\u0439\u043e\u043d \u041f\u0440\u0430\u0433\u0430 6 \u043f\u043e\u043b\u043d\u043e\u0441\u0442\u044c\u044e \u0432\u043a\u043b\u044e\u0447\u0430\u0435\u0442 \u0432 \u0441\u0435\u0431\u044f \u043a\u0430\u0434\u0430\u0441\u0442\u0440\u043e\u0432\u044b\u0435 \u0442\u0435\u0440\u0440\u0438\u0442\u043e\u0440\u0438\u0438 Ruzyn\u011b, Liboc, Veleslav\u00edn, Vokovice, Dejvice, St\u0159e\u0161ovice \u0438 \u0447\u0430\u0441\u0442\u0438\u0447\u043d\u043e \u2013 B\u0159evnov, Sedlec, Bubene\u010d \u0438 Hrad\u010dany. \u042d\u0442\u043e \u0440\u0430\u0439\u043e\u043d \u0441 \u043f\u0440\u0435\u0438\u043c\u0443\u0449\u0435\u0441\u0442\u0432\u0435\u043d\u043d\u043e \u0436\u0438\u043b\u043e\u0439 \u0437\u0430\u0441\u0442\u0440\u043e\u0439\u043a\u043e\u0439 \u0438 \u0445\u043e\u0440\u043e\u0448\u0438\u043c\u0438 \u0432\u043e\u0437\u043c\u043e\u0436\u043d\u043e\u0441\u0442\u044f\u043c\u0438 \u0434\u043b\u044f \u043e\u0442\u0434\u044b\u0445\u0430. \u0417\u0434\u0435\u0441\u044c \u0441\u043e\u0441\u0440\u0435\u0434\u043e\u0442\u043e\u0447\u0435\u043d\u043e \u043c\u043d\u043e\u0433\u043e \u0441\u0440\u0435\u0434\u043d\u0438\u0445 \u0438 \u0432\u044b\u0441\u0448\u0438\u0445 \u0443\u0447\u0435\u0431\u043d\u044b\u0445 \u0437\u0430\u0432\u0435\u0434\u0435\u043d\u0438\u0439, \u0430 \u0442\u0430\u043a\u0436\u0435 \u0434\u0438\u043f\u043b\u043e\u043c\u0430\u0442\u0438\u0447\u0435\u0441\u043a\u0438\u0445 \u043f\u0440\u0435\u0434\u0441\u0442\u0430\u0432\u0438\u0442\u0435\u043b\u044c\u0441\u0442\u0432 \u0438\u043d\u043e\u0441\u0442\u0440\u0430\u043d\u043d\u044b\u0445 \u0433\u043e\u0441\u0443\u0434\u0430\u0440\u0441\u0442\u0432. \u0412 \u044d\u0442\u043e\u043c \u0440\u0430\u0439\u043e\u043d\u0435 \u0440\u0430\u0441\u043f\u043e\u043b\u043e\u0436\u0435\u043d \u043c\u0435\u0436\u0434\u0443\u043d\u0430\u0440\u043e\u0434\u043d\u044b\u0439 \u0430\u044d\u0440\u043e\u043f\u043e\u0440\u0442 \u0438\u043c. \u0412\u0430\u0446\u043b\u0430\u0432\u0430 \u0413\u0430\u0432\u0435\u043b\u0430.<\/p>\n<p>&nbsp;<\/p>\n<h3><strong>\u041f\u0420\u041e\u0427\u0418\u0415 \u0410\u0414\u041c\u0418\u041d\u0418\u0421\u0422\u0420\u0410\u0422\u0418\u0412\u041d\u042b\u0415 \u0423\u0427\u0420\u0415\u0416\u0414\u0415\u041d\u0418\u042f<\/strong><\/h3>\n<h4>\u0426\u0435\u043d\u0442\u0440 \u0437\u0430\u043d\u044f\u0442\u043e\u0441\u0442\u0438 \u043d\u0430\u0441\u0435\u043b\u0435\u043d\u0438\u044f<\/h4>\n<p>\u0422\u0435\u0440\u0440\u0438\u0442\u043e\u0440\u0438\u0430\u043b\u044c\u043d\u043e\u0435 \u043f\u043e\u0434\u0440\u0430\u0437\u0434\u0435\u043b\u0435\u043d\u0438\u0435\u00a0<a href=\"https:\/\/www.uradprace.cz\/praha-6\">\u041f\u0440\u0430\u0433\u0430 6<\/a>\u00a0(\u0434\u043b\u044f \u0440\u0430\u0439\u043e\u043d\u043e\u0432 \u041f\u0440\u0430\u0433\u0430 6 \u0438 17)<\/p>\n<ul class=\"bullet-links\">\n<li><a href=\"https:\/\/www.uradprace.cz\/praha-6\">\u041a\u043e\u043d\u0442\u0430\u043a\u0442\u044b \u043e\u0442\u0434\u0435\u043b\u0435\u043d\u0438\u044f<\/a><\/li>\n<li><a href=\"https:\/\/www.uradprace.cz\/web\/cz\/volna-mista-v-cr\">\u0412\u0430\u043a\u0430\u043d\u0441\u0438\u0438<\/a><a href=\"https:\/\/www.uradprace.cz\/kontakty-na-zamestnance-5\"><\/a><\/li>\n<\/ul>\n<h4><strong>\u041f\u0440\u0430\u0436\u0441\u043a\u043e\u0435 \u0443\u043f\u0440\u0430\u0432\u043b\u0435\u043d\u0438\u0435 \u0441\u043e\u0446\u0438\u0430\u043b\u044c\u043d\u043e\u0433\u043e \u043e\u0431\u0435\u0441\u043f\u0435\u0447\u0435\u043d\u0438\u044f (\u0420SSZ)<\/strong><\/h4>\n<div class=\"box-ok\">\u0422\u0435\u0440\u0440\u0438\u0442\u043e\u0440\u0438\u0430\u043b\u044c\u043d\u0430\u044f \u043f\u0440\u0438\u043d\u0430\u0434\u043b\u0435\u0436\u043d\u043e\u0441\u0442\u044c \u043e\u0442\u0434\u0435\u043b\u0435\u043d\u0438\u0439 \u043d\u0435 \u0443\u0441\u0442\u0430\u043d\u043e\u0432\u043b\u0435\u043d\u0430, \u043f\u043e\u044d\u0442\u043e\u043c\u0443 \u0432\u044b \u043c\u043e\u0436\u0435\u0442\u0435 \u043e\u0431\u0440\u0430\u0449\u0430\u0442\u044c\u0441\u044f \u0432\u00a0<a href=\"http:\/\/www.cssz.cz\/cz\/kontakty\/krajska-a-okresni-pracoviste\/praha\/\">\u043b\u044e\u0431\u043e\u0435 \u043e\u0442\u0434\u0435\u043b\u0435\u043d\u0438\u0435<\/a>\u00a0\u043d\u0435\u0437\u0430\u0432\u0438\u0441\u0438\u043c\u043e \u043e\u0442 \u043c\u0435\u0441\u0442\u0430 \u0436\u0438\u0442\u0435\u043b\u044c\u0441\u0442\u0432\u0430 \u0438\u043b\u0438 \u043c\u0435\u0441\u0442\u043e\u043d\u0430\u0445\u043e\u0436\u0434\u0435\u043d\u0438\u044f \u043a\u043e\u043c\u043f\u0430\u043d\u0438\u0438.<\/div>\n<h4><strong>\u0423\u043f\u0440\u0430\u0432\u043b\u0435\u043d\u0438\u0435 \u043d\u0430\u043b\u043e\u0433\u043e\u0432\u043e\u0439 \u0441\u043b\u0443\u0436\u0431\u044b<\/strong><\/h4>\n<p>\u0422\u0435\u0440\u0440\u0438\u0442\u043e\u0440\u0438\u0430\u043b\u044c\u043d\u043e\u0435 \u043f\u043e\u0434\u0440\u0430\u0437\u0434\u0435\u043b\u0435\u043d\u0438\u0435\u00a0\u041f\u0440\u0430\u0433\u0430\u00a06<\/p>\n<p><strong>\u0430\u0434\u0440\u0435\u0441:\u00a0<\/strong>N\u00e1b\u0159e\u017e\u00ed kpt. Jaro\u0161e 1000\/7, \u041f\u0440\u0430\u0433\u0430 7 (\u043c\u0438\u043a\u0440\u043e\u0440\u0430\u0439\u043e\u043d Hole\u0161ovice), 170 00<\/p>\n<ul class=\"bullet-links\">\n<li><a href=\"https:\/\/www.financnisprava.cz\/cs\/financni-sprava\/financni-sprava-cr\/organizacni-struktura\/organy-financni-spravy\/uzemni-pracoviste\/2006-uzemni-pracoviste-pro-prahu-6\">\u041a\u043e\u043d\u0442\u0430\u043a\u0442\u044b<\/a><\/li>\n<\/ul>\n<p><\/p>","protected":false},"excerpt":{"rendered":"<p>\u0410\u0414\u041c\u0418\u041d\u0418\u0421\u0422\u0420\u0410\u0426\u0418\u042f \u0420\u0410\u0419\u041e\u041d\u0410 \u041f\u0420\u0410\u0413\u0410 6 \u0430\u0434\u0440\u0435\u0441: \u010ceskoslovensk\u00e9 arm\u00e1dy 601\/23, \u041f\u0440\u0430\u0433\u0430 6, 160 52 \u043f\u0440\u0438\u0451\u043c\u043d\u0430\u044f: 220 189 111 \u0431\u0435\u0441\u043f\u043b\u0430\u0442\u043d\u0430\u044f \u0438\u043d\u0444\u043e\u0440\u043c\u0430\u0446\u0438\u043e\u043d\u043d\u0430\u044f \u043b\u0438\u043d\u0438\u044f: 800 800\u00a0001 \u043f\u043e\u0434\u0430\u0447\u0430 \u0434\u043e\u043a\u0443\u043c\u0435\u043d\u0442\u043e\u0432: 220 189 202 \u0442\u0435\u043b\u0435\u0444\u043e\u043d: 220 189 855 \u044d\u043b. \u043f\u043e\u0447\u0442\u0430:\u00a0podatelna@praha6.cz,\u00a0ik-csarmady@praha6.cz \u0441\u0430\u0439\u0442:\u00a0www.praha6.cz \u0420\u0430\u0439\u043e\u043d \u041f\u0440\u0430\u0433\u0430 6 \u043f\u043e\u043b\u043d\u043e\u0441\u0442\u044c\u044e \u0432\u043a\u043b\u044e\u0447\u0430\u0435\u0442 \u0432 \u0441\u0435\u0431\u044f&#8230;<\/p>\n<a class=\"more-block\" href=\"https:\/\/metropolevsech.eu\/ru\/kontakty\/urady-v-praze\/mestske-casti\/jednotlive-mestske-casti\/mestska-cast-praha-6\/\">\u0427\u0438\u0442\u0430\u0442\u044c \u0434\u0430\u043b\u0435\u0435<\/a>","protected":false},"author":7,"featured_media":0,"parent":3406,"menu_order":6,"comment_status":"closed","ping_status":"closed","template":"","meta":[],"acf":[],"_links":{"self":[{"href":"https:\/\/metropolevsech.eu\/ru\/wp-json\/wp\/v2\/pages\/3418"}],"collection":[{"href":"https:\/\/metropolevsech.eu\/ru\/wp-json\/wp\/v2\/pages"}],"about":[{"href":"https:\/\/metropolevsech.eu\/ru\/wp-json\/wp\/v2\/types\/page"}],"author":[{"embeddable":true,"href":"https:\/\/metropolevsech.eu\/ru\/wp-json\/wp\/v2\/users\/7"}],"replies":[{"embeddable":true,"href":"https:\/\/metropolevsech.eu\/ru\/wp-json\/wp\/v2\/comments?post=3418"}],"version-history":[{"count":4,"href":"https:\/\/metropolevsech.eu\/ru\/wp-json\/wp\/v2\/pages\/3418\/revisions"}],"predecessor-version":[{"id":21857,"href":"https:\/\/metropolevsech.eu\/ru\/wp-json\/wp\/v2\/pages\/3418\/revisions\/21857"}],"up":[{"embeddable":true,"href":"https:\/\/metropolevsech.eu\/ru\/wp-json\/wp\/v2\/pages\/3406"}],"wp:attachment":[{"href":"https:\/\/metropolevsech.eu\/ru\/wp-json\/wp\/v2\/media?parent=3418"}],"curies":[{"name":"wp","href":"https:\/\/api.w.org\/{rel}","templated":true}]}}