{"id":3424,"date":"2017-05-14T22:33:57","date_gmt":"2017-05-14T20:33:57","guid":{"rendered":"https:\/\/metropolevsech.eu\/?page_id=3424"},"modified":"2025-02-11T14:53:27","modified_gmt":"2025-02-11T13:53:27","slug":"mestska-cast-praha-9","status":"publish","type":"page","link":"https:\/\/metropolevsech.eu\/ru\/kontakty\/urady-v-praze\/mestske-casti\/jednotlive-mestske-casti\/mestska-cast-praha-9\/","title":{"rendered":"\u0420\u0430\u0439\u043e\u043d \u041f\u0440\u0430\u0433\u0430 9"},"content":{"rendered":"<p><\/p>\n<h3><strong>\u0410\u0414\u041c\u0418\u041d\u0418\u0421\u0422\u0420\u0410\u0426\u0418\u042f \u0420\u0410\u0419\u041e\u041d\u0410 \u041f\u0420\u0410\u0413\u0410 9<\/strong><\/h3>\n<ul>\n<li style=\"list-style-type: none;\">\n<ul>\n<li><strong>\u0430\u0434\u0440\u0435\u0441:<\/strong> Sokolovsk\u00e1 14\/324, \u041f\u0440\u0430\u0433\u0430 9, 180 49<\/li>\n<li><strong>\u043f\u0440\u0438\u0451\u043c\u043d\u0430\u044f:<\/strong> 283 091 111<\/li>\n<li><strong>\u0441\u043f\u0440\u0430\u0432\u043e\u0447\u043d\u0430\u044f:<\/strong> 283 091 101, 283 091 102<\/li>\n<li><strong>\u044d\u043b. \u043f\u043e\u0447\u0442\u0430:<\/strong>\u00a0<a href=\"mailto:podatelna@praha9.cz\">podatelna@praha9.cz<\/a><\/li>\n<li><strong>\u0441\u0430\u0439\u0442:<\/strong>\u00a0<a href=\"http:\/\/www.praha9.cz\/\">www.praha9.cz<\/a><\/li>\n<\/ul>\n<\/li>\n<\/ul>\n<p>\u0412 \u0440\u0430\u0439\u043e\u043d \u041f\u0440\u0430\u0433\u0430 9 \u0432\u0445\u043e\u0434\u044f\u0442 \u0438\u0441\u0442\u043e\u0440\u0438\u0447\u0435\u0441\u043a\u0438\u0435 \u0442\u0435\u0440\u0440\u0438\u0442\u043e\u0440\u0438\u0438 Vyso\u010dany, Prosek, St\u0159\u00ed\u017ekov, Hloub\u011bt\u00edn, Hrdlo\u0159ezy \u0438 \u0447\u0430\u0441\u0442\u0438\u0447\u043d\u043e Libe\u0148. \u0411\u044b\u0432\u0448\u0438\u0435 \u0440\u0430\u0431\u043e\u0447\u0438\u0435 \u0438 \u0444\u0430\u0431\u0440\u0438\u0447\u043d\u044b\u0435 \u0440\u0430\u0439\u043e\u043d\u044b \u0441\u0435\u0433\u043e\u0434\u043d\u044f \u0432 \u0431\u043e\u043b\u044c\u0448\u0438\u043d\u0441\u0442\u0432\u0435 \u0441\u0432\u043e\u0451\u043c \u043f\u0440\u0435\u0432\u0440\u0430\u0442\u0438\u043b\u0438\u0441\u044c \u0432 \u0436\u0438\u043b\u044b\u0435 \u0437\u043e\u043d\u044b \u0438 \u0432\u0430\u0436\u043d\u044b\u0435 \u0436\u0435\u043b\u0435\u0437\u043d\u043e\u0434\u043e\u0440\u043e\u0436\u043d\u044b\u0435 \u043e\u0431\u044a\u0435\u043a\u0442\u044b.<\/p>\n<p>&nbsp;<\/p>\n<h3><strong>\u041f\u0420\u041e\u0427\u0418\u0415 \u0410\u0414\u041c\u0418\u041d\u0418\u0421\u0422\u0420\u0410\u0422\u0418\u0412\u041d\u042b\u0415 \u0423\u0427\u0420\u0415\u0416\u0414\u0415\u041d\u0418\u042f<\/strong><\/h3>\n<h4>\u0426\u0435\u043d\u0442\u0440 \u0437\u0430\u043d\u044f\u0442\u043e\u0441\u0442\u0438 \u043d\u0430\u0441\u0435\u043b\u0435\u043d\u0438\u044f<\/h4>\n<p>\u0422\u0435\u0440\u0440\u0438\u0442\u043e\u0440\u0438\u0430\u043b\u044c\u043d\u043e\u0435 \u043f\u043e\u0434\u0440\u0430\u0437\u0434\u0435\u043b\u0435\u043d\u0438\u0435\u00a0<a href=\"https:\/\/www.uradprace.cz\/praha-9\">\u041f\u0440\u0430\u0433\u0430\u00a09<\/a> (\u0434\u043b\u044f \u0440\u0430\u0439\u043e\u043d\u043e\u0432 \u041f\u0440\u0430\u0433\u0430 9, 14, 18, 19, 20 \u0438 21)<\/p>\n<ul class=\"bullet-links\">\n<li><a href=\"https:\/\/www.uradprace.cz\/praha-9\">\u041a\u043e\u043d\u0442\u0430\u043a\u0442\u044b \u043e\u0442\u0434\u0435\u043b\u0435\u043d\u0438\u044f<\/a><\/li>\n<li><a href=\"https:\/\/www.uradprace.cz\/web\/cz\/volna-mista-v-cr\">\u0412\u0430\u043a\u0430\u043d\u0441\u0438\u0438<\/a><a href=\"https:\/\/www.uradprace.cz\/kontakty-na-zamestnance-7\"><\/a><\/li>\n<\/ul>\n<h4><strong>\u041f\u0440\u0430\u0436\u0441\u043a\u043e\u0435 \u0443\u043f\u0440\u0430\u0432\u043b\u0435\u043d\u0438\u0435 \u0441\u043e\u0446\u0438\u0430\u043b\u044c\u043d\u043e\u0433\u043e \u043e\u0431\u0435\u0441\u043f\u0435\u0447\u0435\u043d\u0438\u044f (\u0420SSZ)<\/strong><\/h4>\n<div class=\"box-ok\">\u0422\u0435\u0440\u0440\u0438\u0442\u043e\u0440\u0438\u0430\u043b\u044c\u043d\u0430\u044f \u043f\u0440\u0438\u043d\u0430\u0434\u043b\u0435\u0436\u043d\u043e\u0441\u0442\u044c \u043e\u0442\u0434\u0435\u043b\u0435\u043d\u0438\u0439 \u043d\u0435 \u0443\u0441\u0442\u0430\u043d\u043e\u0432\u043b\u0435\u043d\u0430, \u043f\u043e\u044d\u0442\u043e\u043c\u0443 \u0432\u044b \u043c\u043e\u0436\u0435\u0442\u0435 \u043e\u0431\u0440\u0430\u0449\u0430\u0442\u044c\u0441\u044f \u0432\u00a0<a href=\"http:\/\/www.cssz.cz\/cz\/kontakty\/krajska-a-okresni-pracoviste\/praha\/\">\u043b\u044e\u0431\u043e\u0435 \u043e\u0442\u0434\u0435\u043b\u0435\u043d\u0438\u0435<\/a>\u00a0\u043d\u0435\u0437\u0430\u0432\u0438\u0441\u0438\u043c\u043e \u043e\u0442 \u043c\u0435\u0441\u0442\u0430 \u0436\u0438\u0442\u0435\u043b\u044c\u0441\u0442\u0432\u0430 \u0438\u043b\u0438 \u043c\u0435\u0441\u0442\u043e\u043d\u0430\u0445\u043e\u0436\u0434\u0435\u043d\u0438\u044f \u043a\u043e\u043c\u043f\u0430\u043d\u0438\u0438.<\/div>\n<h4><strong>\u0423\u043f\u0440\u0430\u0432\u043b\u0435\u043d\u0438\u0435 \u043d\u0430\u043b\u043e\u0433\u043e\u0432\u043e\u0439 \u0441\u043b\u0443\u0436\u0431\u044b<\/strong><\/h4>\n<p>\u0422\u0435\u0440\u0440\u0438\u0442\u043e\u0440\u0438\u0430\u043b\u044c\u043d\u043e\u0435 \u043f\u043e\u0434\u0440\u0430\u0437\u0434\u0435\u043b\u0435\u043d\u0438\u0435 \u041f\u0440\u0430\u0433\u0430 9<\/p>\n<p><strong>\u0430\u0434\u0440\u0435\u0441:<\/strong> n\u00e1b\u0159. Kpt. Jaro\u0161e 1000\/7, 170 00 Prague 7<\/p>\n<ul class=\"bullet-links\">\n<li><a href=\"https:\/\/www.financnisprava.cz\/cs\/financni-sprava\/financni-sprava-cr\/organizacni-struktura\/organy-financni-spravy\/uzemni-pracoviste\/2009-uzemni-pracoviste-pro-prahu-9\">\u041a\u043e\u043d\u0442\u0430\u043a\u0442\u044b<\/a><\/li>\n<\/ul>\n<p><\/p>","protected":false},"excerpt":{"rendered":"<p>\u0410\u0414\u041c\u0418\u041d\u0418\u0421\u0422\u0420\u0410\u0426\u0418\u042f \u0420\u0410\u0419\u041e\u041d\u0410 \u041f\u0420\u0410\u0413\u0410 9 \u0430\u0434\u0440\u0435\u0441: Sokolovsk\u00e1 14\/324, \u041f\u0440\u0430\u0433\u0430 9, 180 49 \u043f\u0440\u0438\u0451\u043c\u043d\u0430\u044f: 283 091 111 \u0441\u043f\u0440\u0430\u0432\u043e\u0447\u043d\u0430\u044f: 283 091 101, 283 091 102 \u044d\u043b. \u043f\u043e\u0447\u0442\u0430:\u00a0podatelna@praha9.cz \u0441\u0430\u0439\u0442:\u00a0www.praha9.cz \u0412 \u0440\u0430\u0439\u043e\u043d \u041f\u0440\u0430\u0433\u0430 9 \u0432\u0445\u043e\u0434\u044f\u0442 \u0438\u0441\u0442\u043e\u0440\u0438\u0447\u0435\u0441\u043a\u0438\u0435 \u0442\u0435\u0440\u0440\u0438\u0442\u043e\u0440\u0438\u0438 Vyso\u010dany, Prosek, St\u0159\u00ed\u017ekov, Hloub\u011bt\u00edn, Hrdlo\u0159ezy \u0438 \u0447\u0430\u0441\u0442\u0438\u0447\u043d\u043e Libe\u0148&#8230;.<\/p>\n<a class=\"more-block\" href=\"https:\/\/metropolevsech.eu\/ru\/kontakty\/urady-v-praze\/mestske-casti\/jednotlive-mestske-casti\/mestska-cast-praha-9\/\">\u0427\u0438\u0442\u0430\u0442\u044c \u0434\u0430\u043b\u0435\u0435<\/a>","protected":false},"author":7,"featured_media":0,"parent":3406,"menu_order":9,"comment_status":"closed","ping_status":"closed","template":"","meta":[],"acf":[],"_links":{"self":[{"href":"https:\/\/metropolevsech.eu\/ru\/wp-json\/wp\/v2\/pages\/3424"}],"collection":[{"href":"https:\/\/metropolevsech.eu\/ru\/wp-json\/wp\/v2\/pages"}],"about":[{"href":"https:\/\/metropolevsech.eu\/ru\/wp-json\/wp\/v2\/types\/page"}],"author":[{"embeddable":true,"href":"https:\/\/metropolevsech.eu\/ru\/wp-json\/wp\/v2\/users\/7"}],"replies":[{"embeddable":true,"href":"https:\/\/metropolevsech.eu\/ru\/wp-json\/wp\/v2\/comments?post=3424"}],"version-history":[{"count":5,"href":"https:\/\/metropolevsech.eu\/ru\/wp-json\/wp\/v2\/pages\/3424\/revisions"}],"predecessor-version":[{"id":21863,"href":"https:\/\/metropolevsech.eu\/ru\/wp-json\/wp\/v2\/pages\/3424\/revisions\/21863"}],"up":[{"embeddable":true,"href":"https:\/\/metropolevsech.eu\/ru\/wp-json\/wp\/v2\/pages\/3406"}],"wp:attachment":[{"href":"https:\/\/metropolevsech.eu\/ru\/wp-json\/wp\/v2\/media?parent=3424"}],"curies":[{"name":"wp","href":"https:\/\/api.w.org\/{rel}","templated":true}]}}