{"id":3426,"date":"2017-05-14T22:35:26","date_gmt":"2017-05-14T20:35:26","guid":{"rendered":"https:\/\/metropolevsech.eu\/?page_id=3426"},"modified":"2025-02-11T15:12:41","modified_gmt":"2025-02-11T14:12:41","slug":"mestska-cast-praha-10","status":"publish","type":"page","link":"https:\/\/metropolevsech.eu\/ru\/kontakty\/urady-v-praze\/mestske-casti\/jednotlive-mestske-casti\/mestska-cast-praha-10\/","title":{"rendered":"\u0420\u0430\u0439\u043e\u043d \u041f\u0440\u0430\u0433\u0430 10"},"content":{"rendered":"<p><\/p>\n<h3><strong>\u0410\u0414\u041c\u0418\u041d\u0418\u0421\u0422\u0420\u0410\u0426\u0418\u042f \u0420\u0410\u0419\u041e\u041d\u0410 \u041f\u0420\u0410\u0413\u0410 10<\/strong><\/h3>\n<ul>\n<li><strong>\u0430\u0434\u0440\u0435\u0441:<\/strong> <span style=\"font-weight: 400;\">Vinohradsk\u00e1 3218\/169, <\/span>\u041f\u0440\u0430\u0433\u0430 10, 100 00 &#8212; <strong>\u043d\u043e\u0432\u044b\u0439 \u0430\u0434\u0440\u0435\u0441 \u0441 1 \u043d\u043e\u044f\u0431\u0440\u044f 2023<\/strong><\/li>\n<li><strong> \u0441\u043f\u0440\u0430\u0432\u043e\u0447\u043d\u0430\u044f: <\/strong>267 093 111, <b>e-mail:<\/b> <a href=\"mailto:info@praha10.cz\">info@praha10.cz<\/a><\/li>\n<li><strong>\u043f\u043e\u0434\u0430\u0447\u0430 \u0434\u043e\u043a\u0443\u043c\u0435\u043d\u0442\u043e\u0432:<\/strong> 272 739 587, <strong>e-mail:<\/strong> <a href=\"mailto:posta@praha10.cz\">posta@praha10.cz\u00a0<\/a><\/li>\n<li><strong>\u0441\u0430\u0439\u0442:<\/strong>\u00a0<a href=\"\/\/www.praha10.cz\/\">www.praha10.cz<\/a><\/li>\n<li><strong>\u043e\u0444\u0438\u0446\u0438\u0430\u043b\u044c\u043d\u044b\u0439 \u044f\u0449\u0438\u043a \u0432 \u0433\u043e\u0441\u0443\u0434\u0430\u0440\u0441\u0442\u0432\u0435\u043d\u043d\u043e\u0439 \u0441\u0438\u0441\u0442\u0435\u043c\u0435 \u044d\u043b\u0435\u043a\u0442\u0440\u043e\u043d\u043d\u043e\u0433\u043e<\/strong><br \/>\n<strong>\u0434\u043e\u043a\u0443\u043c\u0435\u043d\u0442\u043e\u043e\u0431\u043e\u0440\u043e\u0442\u0430: <span style=\"font-weight: 400;\">irnb7wg<\/span><\/strong><\/li>\n<li><strong>\u043e\u0442\u0432\u0435\u0442\u0441\u0442\u0432\u0435\u043d\u043d\u044b\u0439 \u043f\u043e \u0432\u043e\u043f\u0440\u043e\u0441\u0430\u043c \u0438\u043d\u0442\u0435\u0433\u0440\u0430\u0446\u0438\u0438 \u0438\u043d\u043e\u0441\u0442\u0440\u0430\u043d\u0446\u0435\u0432:\u00a0<\/strong>\u041c\u0430\u0440\u0438\u044f \u0421\u043a\u0438\u0431\u0430<\/li>\n<li><strong>\u0442\u0435\u043b\u0435\u0444\u043e\u043d: <span style=\"font-weight: 400;\">267 093 302<\/span><\/strong><\/li>\n<li><strong>\u044d\u043b. \u043f\u043e\u0447\u0442\u0430: <a href=\"mailto:marija.skyba@praha10.cz\"><span style=\"font-weight: 400;\">marija.skyba@praha10.cz<\/span><\/a><\/strong><\/li>\n<\/ul>\n<p>\u041f\u0440\u0430\u0433\u0430 10 \u0440\u0430\u0441\u043f\u043e\u043b\u0430\u0433\u0430\u0435\u0442\u0441\u044f \u043d\u0430 \u044e\u0433\u043e-\u0432\u043e\u0441\u0442\u043e\u043a\u0435 \u0441\u0442\u043e\u043b\u0438\u0446\u044b \u0438 \u0432\u043a\u043b\u044e\u0447\u0430\u0435\u0442 \u0432 \u0441\u0435\u0431\u044f \u0438\u0441\u0442\u043e\u0440\u0438\u0447\u0435\u0441\u043a\u0438\u0435 \u043c\u0438\u043a\u0440\u043e\u0440\u0430\u0439\u043e\u043d\u044b Vr\u0161ovice, Stra\u0161nice, Male\u0161ice, Z\u00e1b\u011bhlice, Vinohrady \u0438 Michle. \u0420\u0430\u0437\u043d\u043e\u043e\u0431\u0440\u0430\u0437\u0438\u0435 \u0440\u0430\u0439\u043e\u043d\u0430 \u043f\u0440\u0435\u0434\u0441\u0442\u0430\u0432\u043b\u0435\u043d\u043e \u043a\u0430\u043a \u043a\u043e\u0442\u0442\u0435\u0434\u0436\u043d\u044b\u043c\u0438 \u0437\u043e\u043d\u0430\u043c\u0438, \u043a\u0443\u043f\u0435\u0447\u0435\u0441\u043a\u0438\u043c\u0438 \u0434\u043e\u043c\u0430\u043c\u0438 \u0438 \u0436\u0438\u043b\u043c\u0430\u0441\u0441\u0438\u0432\u0430\u043c\u0438, \u0442\u0430\u043a \u0438 \u043c\u043d\u043e\u0436\u0435\u0441\u0442\u0432\u043e\u043c \u043a\u0443\u043b\u044c\u0442\u0443\u0440\u043d\u044b\u0445 \u0438 \u0441\u043f\u043e\u0440\u0442\u0438\u0432\u043d\u044b\u0445 \u043e\u0431\u044a\u0435\u043a\u0442\u043e\u0432, \u043f\u0430\u0440\u043a\u043e\u0432 \u0438 \u0441\u043a\u0432\u0435\u0440\u043e\u0432.<\/p>\n<p>\u0412 2016 \u0433\u043e\u0434\u0443 \u043f\u043e \u0437\u0430\u043a\u0430\u0437\u0443 \u0430\u0434\u043c\u0438\u043d\u0438\u0441\u0442\u0440\u0430\u0446\u0438\u0438 \u0440\u0430\u0439\u043e\u043d\u0430 \u041f\u0440\u0430\u0433\u0430 10 \u0431\u044b\u043b \u043f\u0440\u043e\u0432\u0435\u0434\u0451\u043d <a href=\"\/\/desitkapomaha.cz\/socialni-a-zdravotni-oblast\/odbor-socialni\/oddeleni-soc-prace\/referat-kuratoru-pro-dospele\/podpora-integrace-cizincu-v-mc-praha-10.aspx\">\u00ab\u0410\u043d\u0430\u043b\u0438\u0437 \u0436\u0438\u0437\u043d\u0438 \u0438\u043d\u043e\u0441\u0442\u0440\u0430\u043d\u0446\u0435\u0432 \u0432 \u041f\u0440\u0430\u0433\u0435 10\u00bb<\/a>.\u00a0\u041a\u0440\u043e\u043c\u0435 \u0442\u043e\u0433\u043e, \u0432 2016 \u0433\u043e\u0434\u0443 \u0440\u0430\u0439\u043e\u043d\u043d\u0430\u044f \u0430\u0434\u043c\u0438\u043d\u0438\u0441\u0442\u0440\u0430\u0446\u0438\u044f \u0444\u0438\u043d\u0430\u043d\u0441\u0438\u0440\u043e\u0432\u0430\u043b\u0430 \u0431\u0435\u0441\u043f\u043b\u0430\u0442\u043d\u044b\u0435 \u043a\u0443\u0440\u0441\u044b \u0447\u0435\u0448\u0441\u043a\u043e\u0433\u043e \u044f\u0437\u044b\u043a\u0430 \u0434\u043b\u044f \u0438\u043d\u043e\u0441\u0442\u0440\u0430\u043d\u0446\u0435\u0432, \u0430 \u043f\u0440\u0438 \u0441\u043e\u0434\u0435\u0439\u0441\u0442\u0432\u0438\u0438 \u0418\u043d\u0442\u0435\u0433\u0440\u0430\u0446\u0438\u043e\u043d\u043d\u043e\u0433\u043e \u0446\u0435\u043d\u0442\u0440\u0430 \u041f\u0440\u0430\u0433\u0430 \u043f\u0440\u043e\u0448\u043b\u0438 \u0434\u0432\u0430 \u0431\u0435\u0441\u043f\u043b\u0430\u0442\u043d\u044b\u0445 \u0441\u0435\u043c\u0438\u043d\u0430\u0440\u0430 \u043f\u043e \u0432\u043e\u043f\u0440\u043e\u0441\u0430\u043c \u0438\u043d\u0442\u0435\u0433\u0440\u0430\u0446\u0438\u0438 \u0438\u043d\u043e\u0441\u0442\u0440\u0430\u043d\u0446\u0435\u0432 \u0434\u043b\u044f \u0447\u0438\u043d\u043e\u0432\u043d\u0438\u043a\u043e\u0432 \u0438 \u0440\u0430\u0431\u043e\u0442\u043d\u0438\u043a\u043e\u0432 \u0440\u0430\u0439\u043e\u043d\u043d\u043e\u0439 \u0430\u0434\u043c\u0438\u043d\u0438\u0441\u0442\u0440\u0430\u0446\u0438\u0438, \u0430 \u0442\u0430\u043a\u0436\u0435 \u0441\u043e\u0442\u0440\u0443\u0434\u043d\u0438\u043a\u043e\u0432 \u043d\u0435\u043a\u043e\u043c\u043c\u0435\u0440\u0447\u0435\u0441\u043a\u0438\u0445 \u043e\u0440\u0433\u0430\u043d\u0438\u0437\u0430\u0446\u0438\u0439. \u0418\u0441\u0445\u043e\u0434\u044f \u0438\u0437 \u043f\u0440\u043e\u0432\u0435\u0434\u0451\u043d\u043d\u043e\u0433\u043e \u0430\u043d\u0430\u043b\u0438\u0437\u0430, \u0432\u043b\u0430\u0441\u0442\u0438 \u0440\u0430\u0439\u043e\u043d\u0430 \u043f\u043b\u0430\u043d\u0438\u0440\u0443\u044e\u0442 \u043f\u0440\u043e\u0432\u0435\u0434\u0435\u043d\u0438\u0435 \u0440\u0430\u0437\u043b\u0438\u0447\u043d\u044b\u0445 \u043c\u0435\u0440\u043e\u043f\u0440\u0438\u044f\u0442\u0438\u0439 \u043f\u043e \u0438\u043d\u0444\u043e\u0440\u043c\u0438\u0440\u043e\u0432\u0430\u043d\u0438\u044e \u0438\u043d\u043e\u0441\u0442\u0440\u0430\u043d\u0446\u0435\u0432 \u043e \u043f\u0440\u0430\u043a\u0442\u0438\u0447\u0435\u0441\u043a\u0438\u0445 \u0430\u0441\u043f\u0435\u043a\u0442\u0430\u0445 \u0436\u0438\u0437\u043d\u0438 \u0432 \u0427\u0435\u0445\u0438\u0438. \u0412 \u0440\u0430\u043c\u043a\u0430\u0445 \u0441\u043e\u0441\u0442\u0430\u0432\u043b\u0435\u043d\u0438\u044f \u043f\u043b\u0430\u043d\u0430 \u0441\u043e\u0446\u0438\u0430\u043b\u044c\u043d\u044b\u0445 \u0443\u0441\u043b\u0443\u0433 \u0430\u0434\u043c\u0438\u043d\u0438\u0441\u0442\u0440\u0430\u0446\u0438\u044f \u041f\u0440\u0430\u0433\u0438 10 \u0443\u0436\u0435 \u0434\u043b\u0438\u0442\u0435\u043b\u044c\u043d\u043e\u0435 \u0432\u0440\u0435\u043c\u044f \u0441\u043e\u0442\u0440\u0443\u0434\u043d\u0438\u0447\u0430\u0435\u0442 \u0441 \u043d\u0435\u043a\u043e\u043c\u043c\u0435\u0440\u0447\u0435\u0441\u043a\u0438\u043c\u0438 \u043e\u0440\u0433\u0430\u043d\u0438\u0437\u0430\u0446\u0438\u044f\u043c\u0438, \u0441\u043f\u0435\u0446\u0438\u0430\u043b\u0438\u0437\u0438\u0440\u0443\u044e\u0449\u0438\u043c\u0438\u0441\u044f \u043d\u0430 \u0432\u043e\u043f\u0440\u043e\u0441\u0430\u0445 \u0438\u043d\u0442\u0435\u0433\u0440\u0430\u0446\u0438\u0438 \u0438\u043d\u043e\u0441\u0442\u0440\u0430\u043d\u0446\u0435\u0432.<\/p>\n<p>\u041d\u0430 \u0441\u0430\u0439\u0442\u0430\u0445 <a href=\"\/\/www.praha10.cz\">www.praha10.cz<\/a> \u0438 <a href=\"\/\/desitkapomaha.cz\">www.desitkapomaha.cz<\/a> \u0432\u044b \u043d\u0430\u0439\u0434\u0451\u0442\u0435 \u0432\u0430\u0436\u043d\u0443\u044e \u0438\u043d\u0444\u043e\u0440\u043c\u0430\u0446\u0438\u044e, \u043e\u043f\u0443\u0431\u043b\u0438\u043a\u043e\u0432\u0430\u043d\u043d\u0443\u044e \u0410\u0434\u043c\u0438\u043d\u0438\u0441\u0442\u0440\u0430\u0446\u0438\u0435\u0439 \u0440\u0430\u0439\u043e\u043d\u0430 \u041f\u0440\u0430\u0433\u0430 10.<\/p>\n<p>&nbsp;<\/p>\n<h3><strong>\u041f\u0420\u041e\u0427\u0418\u0415 \u0410\u0414\u041c\u0418\u041d\u0418\u0421\u0422\u0420\u0410\u0422\u0418\u0412\u041d\u042b\u0415 \u0423\u0427\u0420\u0415\u0416\u0414\u0415\u041d\u0418\u042f<\/strong><\/h3>\n<h4>\u0426\u0435\u043d\u0442\u0440 \u0437\u0430\u043d\u044f\u0442\u043e\u0441\u0442\u0438 \u043d\u0430\u0441\u0435\u043b\u0435\u043d\u0438\u044f<\/h4>\n<p>\u0422\u0435\u0440\u0440\u0438\u0442\u043e\u0440\u0438\u0430\u043b\u044c\u043d\u043e\u0435 \u043f\u043e\u0434\u0440\u0430\u0437\u0434\u0435\u043b\u0435\u043d\u0438\u0435\u00a0<a href=\"https:\/\/www.uradprace.cz\/praha-10\">\u041f\u0440\u0430\u0433\u0430\u00a010<\/a>\u00a0(\u0434\u043b\u044f \u0440\u0430\u0439\u043e\u043d\u043e\u0432 \u041f\u0440\u0430\u0433\u0430 10,\u00a015 \u0438 22)<\/p>\n<ul class=\"bullet-links\">\n<li><a href=\"https:\/\/www.uradprace.cz\/praha-10\">\u041a\u043e\u043d\u0442\u0430\u043a\u0442\u044b \u043e\u0442\u0434\u0435\u043b\u0435\u043d\u0438\u044f<\/a><\/li>\n<li><a href=\"https:\/\/www.uradprace.cz\/web\/cz\/volna-mista-v-cr\">\u0412\u0430\u043a\u0430\u043d\u0441\u0438\u0438<\/a><a href=\"https:\/\/www.uradprace.cz\/kontakty-na-zamestnance-8\"><\/a><\/li>\n<\/ul>\n<h4><strong>\u041f\u0440\u0430\u0436\u0441\u043a\u043e\u0435 \u0443\u043f\u0440\u0430\u0432\u043b\u0435\u043d\u0438\u0435 \u0441\u043e\u0446\u0438\u0430\u043b\u044c\u043d\u043e\u0433\u043e \u043e\u0431\u0435\u0441\u043f\u0435\u0447\u0435\u043d\u0438\u044f (\u0420SSZ)<\/strong><\/h4>\n<p>\u0422\u0435\u0440\u0440\u0438\u0442\u043e\u0440\u0438\u0430\u043b\u044c\u043d\u043e\u0435 \u043f\u043e\u0434\u0440\u0430\u0437\u0434\u0435\u043b\u0435\u043d\u0438\u0435 \u041f\u0440\u0430\u0433\u0430 10<\/p>\n<p><strong>\u0430\u0434\u0440\u0435\u0441:<\/strong>\u00a0V Korytech 1536\/8, \u041f\u0440\u0430\u0433\u0430 10, 100 00<\/p>\n<ul class=\"bullet-links\">\n<li><a href=\"\/\/www.cssz.cz\/cz\/kontakty\/krajska-a-okresni-pracoviste\/praha\/up-pssz-pro-prahu-10.htm\">\u041a\u043e\u043d\u0442\u0430\u043a\u0442\u044b<\/a><\/li>\n<\/ul>\n<h4><strong>\u0423\u043f\u0440\u0430\u0432\u043b\u0435\u043d\u0438\u0435 \u043d\u0430\u043b\u043e\u0433\u043e\u0432\u043e\u0439 \u0441\u043b\u0443\u0436\u0431\u044b<\/strong><\/h4>\n<p>\u0422\u0435\u0440\u0440\u0438\u0442\u043e\u0440\u0438\u0430\u043b\u044c\u043d\u043e\u0435 \u043f\u043e\u0434\u0440\u0430\u0437\u0434\u0435\u043b\u0435\u043d\u0438\u0435 \u041f\u0440\u0430\u0433\u0430 10<\/p>\n<p><strong>\u0430\u0434\u0440\u0435\u0441:<\/strong> Petrohradsk\u00e1 6, \u041f\u0440\u0430\u0433\u0430 10 (\u043c\u0438\u043a\u0440\u043e\u0440\u0430\u0439\u043e\u043d Vr\u0161ovice), 101\u00a000<\/p>\n<ul class=\"bullet-links\">\n<li><a href=\"https:\/\/www.financnisprava.cz\/cs\/financni-sprava\/financni-sprava-cr\/organizacni-struktura\/organy-financni-spravy\/uzemni-pracoviste\/2010-uzemni-pracoviste-pro-prahu-10\">\u041a\u043e\u043d\u0442\u0430\u043a\u0442\u044b<\/a><\/li>\n<\/ul>\n<p><\/p>","protected":false},"excerpt":{"rendered":"<p>\u0410\u0414\u041c\u0418\u041d\u0418\u0421\u0422\u0420\u0410\u0426\u0418\u042f \u0420\u0410\u0419\u041e\u041d\u0410 \u041f\u0420\u0410\u0413\u0410 10 \u0430\u0434\u0440\u0435\u0441: Vinohradsk\u00e1 3218\/169, \u041f\u0440\u0430\u0433\u0430 10, 100 00 &#8212; \u043d\u043e\u0432\u044b\u0439 \u0430\u0434\u0440\u0435\u0441 \u0441 1 \u043d\u043e\u044f\u0431\u0440\u044f 2023 \u0441\u043f\u0440\u0430\u0432\u043e\u0447\u043d\u0430\u044f: 267 093 111, e-mail: info@praha10.cz \u043f\u043e\u0434\u0430\u0447\u0430 \u0434\u043e\u043a\u0443\u043c\u0435\u043d\u0442\u043e\u0432: 272 739 587, e-mail: posta@praha10.cz\u00a0 \u0441\u0430\u0439\u0442:\u00a0www.praha10.cz \u043e\u0444\u0438\u0446\u0438\u0430\u043b\u044c\u043d\u044b\u0439 \u044f\u0449\u0438\u043a \u0432 \u0433\u043e\u0441\u0443\u0434\u0430\u0440\u0441\u0442\u0432\u0435\u043d\u043d\u043e\u0439 \u0441\u0438\u0441\u0442\u0435\u043c\u0435 \u044d\u043b\u0435\u043a\u0442\u0440\u043e\u043d\u043d\u043e\u0433\u043e \u0434\u043e\u043a\u0443\u043c\u0435\u043d\u0442\u043e\u043e\u0431\u043e\u0440\u043e\u0442\u0430: irnb7wg&#8230;<\/p>\n<a class=\"more-block\" href=\"https:\/\/metropolevsech.eu\/ru\/kontakty\/urady-v-praze\/mestske-casti\/jednotlive-mestske-casti\/mestska-cast-praha-10\/\">\u0427\u0438\u0442\u0430\u0442\u044c \u0434\u0430\u043b\u0435\u0435<\/a>","protected":false},"author":7,"featured_media":0,"parent":3406,"menu_order":10,"comment_status":"closed","ping_status":"closed","template":"","meta":[],"acf":[],"_links":{"self":[{"href":"https:\/\/metropolevsech.eu\/ru\/wp-json\/wp\/v2\/pages\/3426"}],"collection":[{"href":"https:\/\/metropolevsech.eu\/ru\/wp-json\/wp\/v2\/pages"}],"about":[{"href":"https:\/\/metropolevsech.eu\/ru\/wp-json\/wp\/v2\/types\/page"}],"author":[{"embeddable":true,"href":"https:\/\/metropolevsech.eu\/ru\/wp-json\/wp\/v2\/users\/7"}],"replies":[{"embeddable":true,"href":"https:\/\/metropolevsech.eu\/ru\/wp-json\/wp\/v2\/comments?post=3426"}],"version-history":[{"count":11,"href":"https:\/\/metropolevsech.eu\/ru\/wp-json\/wp\/v2\/pages\/3426\/revisions"}],"predecessor-version":[{"id":21865,"href":"https:\/\/metropolevsech.eu\/ru\/wp-json\/wp\/v2\/pages\/3426\/revisions\/21865"}],"up":[{"embeddable":true,"href":"https:\/\/metropolevsech.eu\/ru\/wp-json\/wp\/v2\/pages\/3406"}],"wp:attachment":[{"href":"https:\/\/metropolevsech.eu\/ru\/wp-json\/wp\/v2\/media?parent=3426"}],"curies":[{"name":"wp","href":"https:\/\/api.w.org\/{rel}","templated":true}]}}