{"id":3432,"date":"2017-05-14T22:39:02","date_gmt":"2017-05-14T20:39:02","guid":{"rendered":"https:\/\/metropolevsech.eu\/?page_id=3432"},"modified":"2025-02-13T11:41:42","modified_gmt":"2025-02-13T10:41:42","slug":"mestska-cast-praha-13","status":"publish","type":"page","link":"https:\/\/metropolevsech.eu\/ru\/kontakty\/urady-v-praze\/mestske-casti\/jednotlive-mestske-casti\/mestska-cast-praha-13\/","title":{"rendered":"\u0420\u0430\u0439\u043e\u043d \u041f\u0440\u0430\u0433\u0430 13"},"content":{"rendered":"<p><\/p>\n<h3><strong>\u0410\u0414\u041c\u0418\u041d\u0418\u0421\u0422\u0420\u0410\u0426\u0418\u042f \u0420\u0410\u0419\u041e\u041d\u0410 \u041f\u0420\u0410\u0413\u0410 13<\/strong><\/h3>\n<ul>\n<li><strong>\u0430\u0434\u0440\u0435\u0441:<\/strong> Slune\u010dn\u00ed n\u00e1m\u011bst\u00ed 2580\/13, \u041f\u0440\u0430\u0433\u0430 5, 158 00<\/li>\n<li><strong>\u0442\u0435\u043b\u0435\u0444\u043e\u043d:<\/strong> 800 130 000, 235 011 111<\/li>\n<li><strong>\u0441\u0430\u0439\u0442:\u00a0<\/strong><a href=\"http:\/\/www.praha13.cz\/\">www.praha13.cz<\/a><\/li>\n<\/ul>\n<p>\u0422\u0435\u0440\u0440\u0438\u0442\u043e\u0440\u0438\u044f \u041f\u0440\u0430\u0433\u0438 13 \u0446\u0435\u043b\u0438\u043a\u043e\u043c \u0432\u043a\u043b\u044e\u0447\u0430\u0435\u0442 \u0432 \u0441\u0435\u0431\u044f 5 \u043c\u0438\u043a\u0440\u043e\u0440\u0430\u0439\u043e\u043d\u043e\u0432: Stod\u016flky, Lu\u017einy, Nov\u00e9 Butovice, Velk\u00e1 Ohrada \u0438 T\u0159ebonice. \u041d\u0430 \u0435\u0451 \u0442\u0435\u0440\u0440\u0438\u0442\u043e\u0440\u0438\u0438, \u043e\u0431\u044a\u0435\u0434\u0438\u043d\u0438\u0432\u0448\u0435\u0439 \u0441\u0442\u0430\u0440\u0443\u044e \u0437\u0430\u0441\u0442\u0440\u043e\u0439\u043a\u0443 \u0438 \u0436\u0438\u043b\u043c\u0430\u0441\u0441\u0438\u0432\u044b \u0441 \u043f\u0430\u043d\u0435\u043b\u044c\u043d\u044b\u043c\u0438 \u0434\u043e\u043c\u0430\u043c\u0438, \u043d\u0430\u0447\u0438\u043d\u0430\u0435\u0442\u0441\u044f (\u0438\u043b\u0438 \u043e\u043a\u0430\u043d\u0447\u0438\u0432\u0430\u0435\u0442\u0441\u044f) \u0430\u0432\u0442\u043e\u043c\u0430\u0433\u0438\u0441\u0442\u0440\u0430\u043b\u044c D5, \u0432\u0435\u0434\u0443\u0449\u0430\u044f \u0447\u0435\u0440\u0435\u0437 \u041f\u043b\u044c\u0437\u0435\u043d\u044c \u0432 \u0413\u0435\u0440\u043c\u0430\u043d\u0438\u044e.\u00a0\u0414\u043e \u041f\u0440\u0430\u0433\u0438 13 \u043b\u0435\u0433\u043a\u043e \u0434\u043e\u0431\u0440\u0430\u0442\u044c\u0441\u044f \u043d\u0430 \u043c\u0435\u0442\u0440\u043e \u043f\u043e \u0436\u0451\u043b\u0442\u043e\u0439 \u043b\u0438\u043d\u0438\u0438 \u00ab\u0412\u00bb.<\/p>\n<p>\u0420\u0430\u0439\u043e\u043d\u043d\u044b\u0435 \u0432\u043b\u0430\u0441\u0442\u0438 \u0430\u043a\u0442\u0438\u0432\u043d\u043e \u043f\u043e\u0434\u0434\u0435\u0440\u0436\u0438\u0432\u0430\u044e\u0442 \u0438\u043d\u0442\u0435\u0433\u0440\u0430\u0446\u0438\u044e \u043f\u0440\u043e\u0436\u0438\u0432\u0430\u044e\u0449\u0438\u0445 \u0437\u0434\u0435\u0441\u044c \u0438\u043d\u043e\u0441\u0442\u0440\u0430\u043d\u0446\u0435\u0432 \u0432 \u0447\u0435\u0448\u0441\u043a\u043e\u0435 \u043e\u0431\u0449\u0435\u0441\u0442\u0432\u043e. \u041f\u043e\u0434\u0434\u0435\u0440\u0436\u043a\u0430 \u0441\u0444\u043e\u043a\u0443\u0441\u0438\u0440\u043e\u0432\u0430\u043d\u0430 \u043d\u0430 \u043e\u0431\u0443\u0447\u0435\u043d\u0438\u0438 \u0434\u0435\u0442\u0435\u0439 \u0432 \u0434\u0435\u0442\u0441\u043a\u0438\u0445 \u0441\u0430\u0434\u0430\u0445 \u0438 \u043e\u0441\u043d\u043e\u0432\u043d\u044b\u0445 \u0448\u043a\u043e\u043b\u0430\u0445, \u0430 \u0442\u0430\u043a\u0436\u0435 \u043d\u0430 \u0432\u0437\u0430\u043c\u043e\u0434\u0435\u0439\u0441\u0442\u0432\u0438\u0438 \u0438\u043d\u043e\u0441\u0442\u0440\u0430\u043d\u0446\u0435\u0432 \u0441 \u0441\u043e\u0441\u0435\u0434\u044f\u043c\u0438.<\/p>\n<p>\u0421 2010 \u0433\u043e\u0434\u0430 \u0440\u0430\u0439\u043e\u043d\u043d\u0430\u044f \u0430\u0434\u043c\u0438\u043d\u0438\u0441\u0442\u0440\u0430\u0446\u0438\u044f \u0440\u0435\u0430\u043b\u0438\u0437\u0443\u0435\u0442 \u043f\u0440\u043e\u0435\u043a\u0442 <strong>\u00ab\u041d\u0430\u0448 \u043e\u0431\u0449\u0438\u0439 \u0430\u0434\u0440\u0435\u0441 \u2014 \u041f\u0440\u0430\u0433\u0430 13\u00bb<\/strong>, \u0432 \u0440\u0430\u043c\u043a\u0430\u0445 \u043a\u043e\u0442\u043e\u0440\u043e\u0433\u043e \u0440\u0435\u0433\u0443\u043b\u044f\u0440\u043d\u043e \u043f\u0440\u043e\u0432\u043e\u0434\u044f\u0442\u0441\u044f \u0440\u0430\u0437\u043b\u0438\u0447\u043d\u044b\u0435 \u043a\u0443\u043b\u044c\u0442\u0443\u0440\u043d\u044b\u0435 \u043c\u0435\u0440\u043e\u043f\u0440\u0438\u044f\u0442\u0438\u044f, \u043d\u0430\u043f\u0440\u0438\u043c\u0435\u0440, \u00ab\u041c\u044b \u0434\u0440\u0443\u0433 \u0434\u0440\u0443\u0433\u0443 \u043d\u0435 \u0447\u0443\u0436\u0438\u0435!\u00bb \u0441 \u043f\u043e\u0441\u043b\u0435\u043e\u0431\u0435\u0434\u0435\u043d\u043d\u043e\u0439 \u043f\u0440\u043e\u0433\u0440\u0430\u043c\u043c\u043e\u0439 \u0434\u043b\u044f \u0434\u0435\u0442\u0435\u0439 \u0438 \u0432\u0437\u0440\u043e\u0441\u043b\u044b\u0445. \u0422\u0430\u043a\u0436\u0435 \u0432 \u0434\u0430\u043d\u043d\u043e\u043c \u0440\u0430\u0439\u043e\u043d\u0435 \u0440\u0435\u0433\u0443\u043b\u044f\u0440\u043d\u043e \u043f\u0440\u043e\u0445\u043e\u0434\u044f\u0442 \u043a\u0443\u0440\u0441\u044b \u0447\u0435\u0448\u0441\u043a\u043e\u0433\u043e \u044f\u0437\u044b\u043a\u0430 \u0434\u043b\u044f \u0432\u0437\u0440\u043e\u0441\u043b\u044b\u0445, \u0430 \u0432 \u043d\u0435\u043a\u043e\u0442\u043e\u0440\u044b\u0445 \u0434\u0435\u0442\u0441\u043a\u0438\u0445 \u0441\u0430\u0434\u0430\u0445 \u0438 \u043e\u0441\u043d\u043e\u0432\u043d\u044b\u0445 \u0448\u043a\u043e\u043b\u0430\u0445 \u043f\u0440\u0435\u0434\u043e\u0441\u0442\u0430\u0432\u043b\u044f\u044e\u0442\u0441\u044f \u0443\u0441\u043b\u0443\u0433\u0438 \u0440\u0435\u043f\u0435\u0442\u0438\u0442\u043e\u0440\u0430 \u0434\u043b\u044f \u0434\u0435\u0442\u0435\u0439. <strong>\u0418\u043d\u0444\u043e\u0440\u043c\u0430\u0446\u0438\u044e \u043e \u043f\u0440\u043e\u0435\u043a\u0442\u0435 \u00ab\u041d\u0430\u0448 \u043e\u0431\u0449\u0438\u0439 \u0430\u0434\u0440\u0435\u0441 \u2014 \u041f\u0440\u0430\u0433\u0430 13\u00bb \u0432\u044b \u043c\u043e\u0436\u0435\u0442\u0435 \u043d\u0430\u0439\u0442\u0438 <a href=\"http:\/\/www.praha13.cz\/Integrace-cizincu\">\u0437\u0434\u0435\u0441\u044c<\/a>.<\/strong><\/p>\n<p>&nbsp;<\/p>\n<h3><strong>\u041f\u0420\u041e\u0427\u0418\u0415 \u0410\u0414\u041c\u0418\u041d\u0418\u0421\u0422\u0420\u0410\u0422\u0418\u0412\u041d\u042b\u0415 \u0423\u0427\u0420\u0415\u0416\u0414\u0415\u041d\u0418\u042f<\/strong><\/h3>\n<h4>\u0426\u0435\u043d\u0442\u0440 \u0437\u0430\u043d\u044f\u0442\u043e\u0441\u0442\u0438 \u043d\u0430\u0441\u0435\u043b\u0435\u043d\u0438\u044f<\/h4>\n<p>\u0422\u0435\u0440\u0440\u0438\u0442\u043e\u0440\u0438\u0430\u043b\u044c\u043d\u043e\u0435 \u043f\u043e\u0434\u0440\u0430\u0437\u0434\u0435\u043b\u0435\u043d\u0438\u0435\u00a0<a href=\"https:\/\/www.uradprace.cz\/praha-5\">\u041f\u0440\u0430\u0433\u0430 5<\/a>\u00a0(\u0434\u043b\u044f \u0440\u0430\u0439\u043e\u043d\u043e\u0432 \u041f\u0440\u0430\u0433\u0430 5, 13 \u0438 16)<\/p>\n<ul class=\"bullet-links\">\n<li><a href=\"https:\/\/www.uradprace.cz\/praha-5\">\u041a\u043e\u043d\u0442\u0430\u043a\u0442\u044b \u043e\u0442\u0434\u0435\u043b\u0435\u043d\u0438\u044f<\/a><\/li>\n<li><a href=\"https:\/\/www.uradprace.cz\/web\/cz\/volna-mista-v-cr\">\u0412\u0430\u043a\u0430\u043d\u0441\u0438\u0438<\/a><a href=\"https:\/\/www.uradprace.cz\/kontakty-na-zamestnance-4\"><\/a><\/li>\n<\/ul>\n<h4><strong>\u041f\u0440\u0430\u0436\u0441\u043a\u043e\u0435 \u0443\u043f\u0440\u0430\u0432\u043b\u0435\u043d\u0438\u0435 \u0441\u043e\u0446\u0438\u0430\u043b\u044c\u043d\u043e\u0433\u043e \u043e\u0431\u0435\u0441\u043f\u0435\u0447\u0435\u043d\u0438\u044f (\u0420SSZ)<\/strong><\/h4>\n<div class=\"box-ok\">\u0422\u0435\u0440\u0440\u0438\u0442\u043e\u0440\u0438\u0430\u043b\u044c\u043d\u0430\u044f \u043f\u0440\u0438\u043d\u0430\u0434\u043b\u0435\u0436\u043d\u043e\u0441\u0442\u044c \u043e\u0442\u0434\u0435\u043b\u0435\u043d\u0438\u0439 \u043d\u0435 \u0443\u0441\u0442\u0430\u043d\u043e\u0432\u043b\u0435\u043d\u0430, \u043f\u043e\u044d\u0442\u043e\u043c\u0443 \u0432\u044b \u043c\u043e\u0436\u0435\u0442\u0435 \u043e\u0431\u0440\u0430\u0449\u0430\u0442\u044c\u0441\u044f \u0432\u00a0<a href=\"http:\/\/www.cssz.cz\/cz\/kontakty\/krajska-a-okresni-pracoviste\/praha\/\">\u043b\u044e\u0431\u043e\u0435 \u043e\u0442\u0434\u0435\u043b\u0435\u043d\u0438\u0435<\/a>\u00a0\u043d\u0435\u0437\u0430\u0432\u0438\u0441\u0438\u043c\u043e \u043e\u0442 \u043c\u0435\u0441\u0442\u0430 \u0436\u0438\u0442\u0435\u043b\u044c\u0441\u0442\u0432\u0430 \u0438\u043b\u0438 \u043c\u0435\u0441\u0442\u043e\u043d\u0430\u0445\u043e\u0436\u0434\u0435\u043d\u0438\u044f \u043a\u043e\u043c\u043f\u0430\u043d\u0438\u0438.<\/div>\n<h4><strong>\u0423\u043f\u0440\u0430\u0432\u043b\u0435\u043d\u0438\u0435 \u043d\u0430\u043b\u043e\u0433\u043e\u0432\u043e\u0439 \u0441\u043b\u0443\u0436\u0431\u044b<\/strong><\/h4>\n<p>\u0422\u0435\u0440\u0440\u0438\u0442\u043e\u0440\u0438\u0430\u043b\u044c\u043d\u043e\u0435 \u043f\u043e\u0434\u0440\u0430\u0437\u0434\u0435\u043b\u0435\u043d\u0438\u0435\u00a0\u041f\u0440\u0430\u0433\u0430 5<\/p>\n<p><strong>\u0430\u0434\u0440\u0435\u0441:\u00a0<\/strong>Peroutkova 263\/61, \u041f\u0440\u0430\u0433\u0430 5 (\u043c\u0438\u043a\u0440\u043e\u0440\u0430\u0439\u043e\u043d Radlice), 150\u00a000<\/p>\n<ul class=\"bullet-links\">\n<li><a href=\"https:\/\/www.financnisprava.cz\/cs\/financni-sprava\/financni-sprava-cr\/organizacni-struktura\/organy-financni-spravy\/uzemni-pracoviste\/2005-uzemni-pracoviste-pro-prahu-5\">\u041a\u043e\u043d\u0442\u0430\u043a\u0442\u044b<\/a><\/li>\n<\/ul>\n<p><\/p>","protected":false},"excerpt":{"rendered":"<p>\u0410\u0414\u041c\u0418\u041d\u0418\u0421\u0422\u0420\u0410\u0426\u0418\u042f \u0420\u0410\u0419\u041e\u041d\u0410 \u041f\u0420\u0410\u0413\u0410 13 \u0430\u0434\u0440\u0435\u0441: Slune\u010dn\u00ed n\u00e1m\u011bst\u00ed 2580\/13, \u041f\u0440\u0430\u0433\u0430 5, 158 00 \u0442\u0435\u043b\u0435\u0444\u043e\u043d: 800 130 000, 235 011 111 \u0441\u0430\u0439\u0442:\u00a0www.praha13.cz \u0422\u0435\u0440\u0440\u0438\u0442\u043e\u0440\u0438\u044f \u041f\u0440\u0430\u0433\u0438 13 \u0446\u0435\u043b\u0438\u043a\u043e\u043c \u0432\u043a\u043b\u044e\u0447\u0430\u0435\u0442 \u0432 \u0441\u0435\u0431\u044f 5 \u043c\u0438\u043a\u0440\u043e\u0440\u0430\u0439\u043e\u043d\u043e\u0432: Stod\u016flky, Lu\u017einy, Nov\u00e9 Butovice, Velk\u00e1 Ohrada \u0438 T\u0159ebonice. \u041d\u0430 \u0435\u0451 \u0442\u0435\u0440\u0440\u0438\u0442\u043e\u0440\u0438\u0438,&#8230;<\/p>\n<a class=\"more-block\" href=\"https:\/\/metropolevsech.eu\/ru\/kontakty\/urady-v-praze\/mestske-casti\/jednotlive-mestske-casti\/mestska-cast-praha-13\/\">\u0427\u0438\u0442\u0430\u0442\u044c \u0434\u0430\u043b\u0435\u0435<\/a>","protected":false},"author":7,"featured_media":0,"parent":3406,"menu_order":13,"comment_status":"closed","ping_status":"closed","template":"","meta":[],"acf":[],"_links":{"self":[{"href":"https:\/\/metropolevsech.eu\/ru\/wp-json\/wp\/v2\/pages\/3432"}],"collection":[{"href":"https:\/\/metropolevsech.eu\/ru\/wp-json\/wp\/v2\/pages"}],"about":[{"href":"https:\/\/metropolevsech.eu\/ru\/wp-json\/wp\/v2\/types\/page"}],"author":[{"embeddable":true,"href":"https:\/\/metropolevsech.eu\/ru\/wp-json\/wp\/v2\/users\/7"}],"replies":[{"embeddable":true,"href":"https:\/\/metropolevsech.eu\/ru\/wp-json\/wp\/v2\/comments?post=3432"}],"version-history":[{"count":4,"href":"https:\/\/metropolevsech.eu\/ru\/wp-json\/wp\/v2\/pages\/3432\/revisions"}],"predecessor-version":[{"id":21873,"href":"https:\/\/metropolevsech.eu\/ru\/wp-json\/wp\/v2\/pages\/3432\/revisions\/21873"}],"up":[{"embeddable":true,"href":"https:\/\/metropolevsech.eu\/ru\/wp-json\/wp\/v2\/pages\/3406"}],"wp:attachment":[{"href":"https:\/\/metropolevsech.eu\/ru\/wp-json\/wp\/v2\/media?parent=3432"}],"curies":[{"name":"wp","href":"https:\/\/api.w.org\/{rel}","templated":true}]}}