{"id":3436,"date":"2017-05-14T22:41:51","date_gmt":"2017-05-14T20:41:51","guid":{"rendered":"https:\/\/metropolevsech.eu\/?page_id=3436"},"modified":"2025-02-20T13:07:40","modified_gmt":"2025-02-20T12:07:40","slug":"mestska-cast-praha-15","status":"publish","type":"page","link":"https:\/\/metropolevsech.eu\/ru\/kontakty\/urady-v-praze\/mestske-casti\/jednotlive-mestske-casti\/mestska-cast-praha-15\/","title":{"rendered":"\u0420\u0430\u0439\u043e\u043d \u041f\u0440\u0430\u0433\u0430 15"},"content":{"rendered":"<p><\/p>\n<h3><strong>\u0410\u0414\u041c\u0418\u041d\u0418\u0421\u0422\u0420\u0410\u0426\u0418\u042f \u0420\u0410\u0419\u041e\u041d\u0410 \u041f\u0420\u0410\u0413\u0410 15<\/strong><\/h3>\n<ul>\n<li><strong>\u0430\u0434\u0440\u0435\u0441:<\/strong> Bolo\u0148sk\u00e1 478\/1, \u041f\u0440\u0430\u0433\u0430 10\u2013Horn\u00ed M\u011bcholupy, 109 00<\/li>\n<li><strong>\u043f\u0440\u0438\u0451\u043c\u043d\u0430\u044f:<\/strong> 281 003 111<\/li>\n<li><strong>\u0441\u043f\u0440\u0430\u0432\u043e\u0447\u043d\u0430\u044f:<\/strong> 281 003 190, 281 003 191<\/li>\n<li><strong>\u043f\u043e\u0434\u0430\u0447\u0430 \u0434\u043e\u043a\u0443\u043c\u0435\u043d\u0442\u043e\u0432:<\/strong> 281 003 192, 281 003 193<\/li>\n<li><strong>\u044d\u043b. \u043f\u043e\u0447\u0442\u0430:\u00a0<\/strong><a href=\"mailto:podatelna@praha15.cz\">podatelna@praha15.cz<\/a><\/li>\n<li><strong>\u0441\u0430\u0439\u0442:<\/strong>\u00a0<a href=\"\/\/www.praha15.cz\/\">www.praha15.cz<\/a><\/li>\n<\/ul>\n<div class=\"box-fixa\"><br \/>\n\u0420\u0430\u0439\u043e\u043d\u043d\u0430\u044f \u0430\u0434\u043c\u0438\u043d\u0438\u0441\u0442\u0440\u0430\u0446\u0438\u044f \u041f\u0440\u0430\u0433\u0438 15 \u0442\u0430\u043a\u0436\u0435 \u043e\u0441\u0443\u0449\u0435\u0441\u0442\u0432\u043b\u044f\u0435\u0442 \u0444\u0443\u043d\u043a\u0446\u0438\u0438 \u0430\u0434\u043c\u0438\u043d\u0438\u0441\u0442\u0440\u0430\u0442\u0438\u0432\u043d\u043e\u0433\u043e \u043e\u0440\u0433\u0430\u043d\u0430 \u0434\u043b\u044f \u043c\u0438\u043a\u0440\u043e\u0440\u0430\u0439\u043e\u043d\u043e\u0432 Doln\u00ed M\u011bcholupy,\u00a0Dube\u010d,\u00a0Petrovice \u0438\u00a0\u0160t\u011brboholy.<br \/>\n<\/div>\n<p>\u041d\u0430\u0441\u0435\u043b\u0435\u043d\u0438\u0435 \u0440\u0430\u0439\u043e\u043d\u0430 \u041f\u0440\u0430\u0433\u0430 15 \u0441\u043e\u0441\u0442\u0430\u0432\u043b\u044f\u0435\u0442 \u0431\u043e\u043b\u0435\u0435 30\u00a0000 \u0436\u0438\u0442\u0435\u043b\u0435\u0439, \u0430 \u043f\u043b\u043e\u0449\u0430\u0434\u044c \u2013 10,2 \u043a\u043c<sup>2<\/sup>. \u041e\u043d \u043d\u0430\u0445\u043e\u0434\u0438\u0442\u0441\u044f \u043d\u0430 \u044e\u0433\u043e-\u0432\u043e\u0441\u0442\u043e\u043a\u0435 \u0441\u0442\u043e\u043b\u0438\u0446\u044b \u0438 \u0431\u044b\u043b \u043e\u0441\u043d\u043e\u0432\u0430\u043d \u0432 1994 \u0433\u043e\u0434\u0443 \u043f\u0443\u0442\u0451\u043c \u043e\u0431\u044a\u0435\u0434\u0438\u043d\u0435\u043d\u0438\u044f \u043a\u0430\u0434\u0430\u0441\u0442\u0440\u043e\u0432\u044b\u0445 \u0442\u0435\u0440\u0440\u0438\u0442\u043e\u0440\u0438\u0439 <strong>Horn\u00ed M\u011bcholupy<\/strong> \u0438 <strong>Hostiva\u0159<\/strong>. \u0412 \u044d\u0442\u043e\u043c \u0440\u0430\u0439\u043e\u043d\u0435 \u043d\u0430\u0445\u043e\u0434\u0438\u0442\u0441\u044f \u0432\u043e\u0434\u043e\u0445\u0440\u0430\u043d\u0438\u043b\u0438\u0449\u0435 Hostiva\u0159sk\u00e1 p\u0159ehrada \u0441 \u043f\u0440\u0438\u043b\u0435\u0433\u0430\u044e\u0449\u0438\u043c \u043a \u043d\u0435\u043c\u0443 \u043b\u0435\u0441\u043e\u043f\u0430\u0440\u043a\u043e\u043c \u0438 \u0441\u043f\u043e\u0440\u0442\u0438\u0432\u043d\u044b\u043c \u043a\u043e\u043c\u043f\u043b\u0435\u043a\u0441\u043e\u043c, \u0432\u043a\u043b\u044e\u0447\u0430\u044e\u0449\u0438\u043c \u0432 \u0441\u0435\u0431\u044f \u0431\u0430\u0441\u0441\u0435\u0439\u043d \u0438 \u043c\u043d\u043e\u0433\u043e\u0444\u0443\u043d\u043a\u0446\u0438\u043e\u043d\u0430\u043b\u044c\u043d\u044b\u0439 \u0441\u043f\u043e\u0440\u0442\u0438\u0432\u043d\u044b\u0439 \u0437\u0430\u043b. \u041d\u0435\u043f\u043e\u0434\u0430\u043b\u0451\u043a\u0443 \u043e\u0442 \u0432\u043e\u0434\u043e\u0445\u0440\u0430\u043d\u0438\u043b\u0438\u0449\u0430 \u043d\u0430\u0445\u043e\u0434\u0438\u0442\u0441\u044f \u043f\u0440\u0438\u0440\u043e\u0434\u043e\u043e\u0445\u0440\u0430\u043d\u043d\u0430\u044f \u0437\u043e\u043d\u0430 Meandry Boti\u010de, \u0430 \u0442\u0430\u043a\u0436\u0435 \u0440\u0430\u0439\u043e\u043d Star\u00e1 Hostiva\u0159, \u0441\u0447\u0438\u0442\u0430\u044e\u0449\u0438\u0439\u0441\u044f \u043f\u0430\u043c\u044f\u0442\u043d\u0438\u043a\u043e\u043c \u0430\u0440\u0445\u0438\u0442\u0435\u043a\u0442\u0443\u0440\u044b.\u00a0<strong>\u041a \u0441\u0435\u0432\u0435\u0440\u0443 \u043e\u0442 \u0432\u043e\u0434\u043e\u0445\u0440\u0430\u043d\u0438\u043b\u0438\u0449\u0430 \u043d\u0430\u0445\u043e\u0434\u0438\u0442\u0441\u044f <\/strong>\u0430\u0440\u0445\u0435\u043e\u043b\u043e\u0433\u0438\u0447\u0435\u0441\u043a\u0438\u0439 \u043f\u0430\u043c\u044f\u0442\u043d\u0438\u043a 1 \u043a\u0430\u0442\u0435\u0433\u043e\u0440\u0438\u0438 \u2013<strong> \u0433\u043e\u0440\u043e\u0434\u0438\u0449\u0435 Hradi\u0161t\u011b Hostiva\u0159.\u00a0<\/strong>\u0421\u0430\u043c\u0430\u044f \u0438\u0437\u0432\u0435\u0441\u0442\u043d\u0430\u044f \u043f\u043e\u0441\u0442\u0440\u043e\u0439\u043a\u0430 \u043c\u0438\u043a\u0440\u043e\u0440\u0430\u0439\u043e\u043d\u0430 Hostiva\u0159, \u044f\u0432\u043b\u044f\u044e\u0449\u0430\u044f\u0441\u044f \u043f\u0430\u043c\u044f\u0442\u043d\u0438\u043a\u043e\u043c \u043a\u0443\u043b\u044c\u0442\u0443\u0440\u044b, <strong>\u041a\u043e\u0441\u0442\u0451\u043b \u0443\u0441\u0435\u043a\u043d\u043e\u0432\u0435\u043d\u0438\u044f \u0433\u043b\u0430\u0432\u044b \u0441\u0432. \u0418\u043e\u0430\u043d\u043d\u0430 \u041f\u0440\u0435\u0434\u0442\u0435\u0447\u0438<\/strong> \u043d\u0430 \u0443\u043b\u0438\u0446\u0435 Domk\u00e1\u0159sk\u00e1, \u043e\u0442\u043d\u043e\u0441\u0438\u0442\u0441\u044f \u043a \u0441\u0442\u0430\u0440\u0435\u0439\u0448\u0438\u043c \u0441\u0432\u044f\u0442\u044b\u043d\u044f\u043c \u0441\u0442\u043e\u043b\u0438\u0446\u044b.<\/p>\n<p>\u0412 \u043d\u0430\u0441\u0442\u043e\u044f\u0449\u0435\u0435 \u0432\u0440\u0435\u043c\u044f \u0440\u0430\u0439\u043e\u043d \u041f\u0440\u0430\u0433\u0430 15 \u2013 \u044d\u0442\u043e \u043f\u0440\u0438\u0432\u043b\u0435\u043a\u0430\u0442\u0435\u043b\u044c\u043d\u044b\u0439 \u0436\u0438\u043b\u043e\u0439 \u0440\u0430\u0439\u043e\u043d, \u043f\u0440\u0435\u0434\u043b\u0430\u0433\u0430\u044e\u0449\u0438\u0439 \u0448\u0438\u0440\u043e\u043a\u0438\u0435 \u0432\u043e\u0437\u043c\u043e\u0436\u043d\u043e\u0441\u0442\u0438 \u0434\u043b\u044f \u043f\u0440\u043e\u0432\u0435\u0434\u0435\u043d\u0438\u044f \u0441\u0432\u043e\u0431\u043e\u0434\u043d\u043e\u0433\u043e \u0432\u0440\u0435\u043c\u0435\u043d\u0438. \u0420\u0430\u0437\u0432\u0438\u0442\u0438\u0435 \u0440\u0430\u0439\u043e\u043d\u0430 \u0438 \u0441\u0442\u0440\u043e\u0438\u0442\u0435\u043b\u044c\u0441\u0442\u0432\u043e \u043a\u043e\u0442\u0442\u0435\u0434\u0436\u0435\u0439 \u0441\u043e\u043f\u0440\u043e\u0432\u043e\u0436\u0434\u0430\u043b\u043e\u0441\u044c \u043f\u043e\u044f\u0432\u043b\u0435\u043d\u0438\u0435\u043c \u043d\u0435\u0441\u043a\u043e\u043b\u044c\u043a\u0438\u0445 \u0441\u043f\u043e\u0440\u0442\u0438\u0432\u043d\u044b\u0445 \u043a\u043e\u043c\u043f\u043b\u0435\u043a\u0441\u043e\u0432 \u0438 \u043c\u0435\u0441\u0442 \u0434\u043b\u044f \u043e\u0442\u0434\u044b\u0445\u0430. \u041a \u0441\u0430\u043c\u044b\u043c \u0437\u043d\u0430\u0447\u0438\u043c\u044b\u043c \u0438\u0437 \u043d\u0438\u0445 \u043e\u0442\u043d\u043e\u0441\u044f\u0442\u0441\u044f \u0433\u043e\u043b\u044c\u0444-\u043f\u043e\u043b\u0435, \u0432\u0435\u043b\u043e\u0441\u0438\u043f\u0435\u0434\u043d\u044b\u0435 \u043c\u0430\u0440\u0448\u0440\u0443\u0442\u044b, \u0432\u0435\u0440\u0451\u0432\u043e\u0447\u043d\u044b\u0439 \u043f\u0430\u0440\u043a \u0438 \u043e\u0442\u0440\u0435\u0441\u0442\u0430\u0432\u0440\u0438\u0440\u043e\u0432\u0430\u043d\u043d\u043e\u0435 \u0432\u043e\u0434\u043e\u0445\u0440\u0430\u043d\u0438\u043b\u0438\u0449\u0435. \u0416\u0438\u0442\u0435\u043b\u0438 \u041f\u0440\u0430\u0433\u0438 15 \u043c\u043e\u0433\u0443\u0442 \u0432\u0441\u0442\u0440\u0435\u0447\u0430\u0442\u044c\u0441\u044f \u0438 \u043f\u0440\u043e\u0432\u043e\u0434\u0438\u0442\u044c \u0441\u0432\u043e\u0431\u043e\u0434\u043d\u043e\u0435 \u0432\u0440\u0435\u043c\u044f \u0432 \u0440\u0430\u043c\u043a\u0430\u0445 \u043a\u043b\u0443\u0431\u043e\u0432 \u043f\u043e \u0438\u043d\u0442\u0435\u0440\u0435\u0441\u0430\u043c \u0438 \u0440\u0430\u0437\u043b\u0438\u0447\u043d\u044b\u0445 \u043e\u0440\u0433\u0430\u043d\u0438\u0437\u0430\u0446\u0438\u0439, \u043d\u0430\u043f\u0440\u0438\u043c\u0435\u0440, \u0442\u0430\u043a\u0438\u0445 \u043a\u0430\u043a: \u041f\u0430\u0442\u0440\u0438\u043e\u0442\u0438\u0447\u0435\u0441\u043a\u043e\u0435 \u0434\u0432\u0438\u0436\u0435\u043d\u0438\u0435 \u00ab\u0411\u0430\u0440\u0430\u0447\u043d\u0438\u043a\u0438\u00bb, \u0421\u043e\u044e\u0437 \u0440\u044b\u0431\u043e\u043b\u043e\u0432\u043e\u0432, \u0414\u043e\u0431\u0440\u043e\u0432\u043e\u043b\u044c\u043d\u0430\u044f \u043f\u043e\u0436\u0430\u0440\u043d\u0430\u044f \u0434\u0440\u0443\u0436\u0438\u043d\u0430 \u0438 \u0434\u0440. \u041f\u043e\u0436\u0438\u043b\u044b\u0435 \u043b\u044e\u0434\u0438 \u043c\u043e\u0433\u0443\u0442 \u043f\u043e\u0441\u0435\u0449\u0430\u0442\u044c \u041a\u043b\u0443\u0431 \u043f\u0435\u043d\u0441\u0438\u043e\u043d\u0435\u0440\u043e\u0432 \u0438\u043b\u0438 \u0432\u043e\u0439\u0442\u0438 \u0432 \u0421\u043e\u044e\u0437 \u0430\u043a\u0442\u0438\u0432\u043d\u044b\u0445 \u043f\u0435\u043d\u0441\u0438\u043e\u043d\u0435\u0440\u043e\u0432 \u041f\u0440\u0430\u0433\u0438 15.<\/p>\n<p>\u0410\u0434\u043c\u0438\u043d\u0438\u0441\u0442\u0440\u0430\u0446\u0438\u044f \u041f\u0440\u0430\u0433\u0438 15 \u043e\u043a\u0430\u0437\u044b\u0432\u0430\u0435\u0442 \u043f\u043e\u0434\u0434\u0435\u0440\u0436\u043a\u0443 \u043e\u0441\u043d\u043e\u0432\u043d\u044b\u043c \u0448\u043a\u043e\u043b\u0430\u043c \u0432 \u043e\u0431\u0443\u0447\u0435\u043d\u0438\u0438 \u0447\u0435\u0448\u0441\u043a\u043e\u043c\u0443 \u044f\u0437\u044b\u043a\u0443 \u0434\u0435\u0442\u0435\u0439 \u0438\u043d\u043e\u0441\u0442\u0440\u0430\u043d\u0446\u0435\u0432. \u041f\u0440\u0438 \u0440\u0430\u0441\u0441\u043c\u043e\u0442\u0440\u0435\u043d\u0438\u0438 \u0438\u043d\u0434\u0438\u0432\u0438\u0434\u0443\u0430\u043b\u044c\u043d\u044b\u0445 \u043f\u043e\u0436\u0435\u043b\u0430\u043d\u0438\u0439 \u0438\u043d\u043e\u0441\u0442\u0440\u0430\u043d\u0446\u0435\u0432 \u0440\u0430\u0439\u043e\u043d\u043d\u0430\u044f \u0430\u0434\u043c\u0438\u043d\u0438\u0441\u0442\u0440\u0430\u0446\u0438\u044f \u0442\u0435\u0441\u043d\u043e \u0441\u043e\u0442\u0440\u0443\u0434\u043d\u0438\u0447\u0430\u0435\u0442 \u0441 \u0418\u043d\u0442\u0435\u0433\u0440\u0430\u0446\u0438\u043e\u043d\u043d\u044b\u043c \u0446\u0435\u043d\u0442\u0440\u043e\u043c \u041f\u0440\u0430\u0433\u0430 \u0438 \u0435\u0436\u0435\u0433\u043e\u0434\u043d\u043e \u0444\u0438\u043d\u0430\u043d\u0441\u0438\u0440\u0443\u0435\u0442 \u043a\u0443\u043b\u044c\u0442\u0443\u0440\u043d\u044b\u0435 \u043c\u0435\u0440\u043e\u043f\u0440\u0438\u044f\u0442\u0438\u044f, \u043f\u0440\u043e\u0432\u043e\u0434\u0438\u043c\u044b\u0435 \u043d\u0430 \u0442\u0435\u0440\u0440\u0438\u0442\u043e\u0440\u0438\u0438 \u0440\u0430\u0439\u043e\u043d\u0430 \u0434\u043b\u044f \u043f\u0440\u0435\u0434\u0441\u0442\u0430\u0432\u0438\u0442\u0435\u043b\u0435\u0439 \u043d\u0430\u0446\u0438\u043e\u043d\u0430\u043b\u044c\u043d\u044b\u0445 \u043c\u0435\u043d\u044c\u0448\u0438\u043d\u0441\u0442\u0432.<\/p>\n<p>&nbsp;<\/p>\n<h3><strong>\u041f\u0420\u041e\u0427\u0418\u0415 \u0410\u0414\u041c\u0418\u041d\u0418\u0421\u0422\u0420\u0410\u0422\u0418\u0412\u041d\u042b\u0415 \u0423\u0427\u0420\u0415\u0416\u0414\u0415\u041d\u0418\u042f<\/strong><\/h3>\n<h4>\u0426\u0435\u043d\u0442\u0440 \u0437\u0430\u043d\u044f\u0442\u043e\u0441\u0442\u0438 \u043d\u0430\u0441\u0435\u043b\u0435\u043d\u0438\u044f<\/h4>\n<p>\u0422\u0435\u0440\u0440\u0438\u0442\u043e\u0440\u0438\u0430\u043b\u044c\u043d\u043e\u0435 \u043f\u043e\u0434\u0440\u0430\u0437\u0434\u0435\u043b\u0435\u043d\u0438\u0435\u00a0<a href=\"https:\/\/www.uradprace.cz\/praha-10\">\u041f\u0440\u0430\u0433\u0430\u00a010<\/a>\u00a0(\u0434\u043b\u044f \u0440\u0430\u0439\u043e\u043d\u043e\u0432 \u041f\u0440\u0430\u0433\u0430 10,\u00a015 \u0438 22)<\/p>\n<ul class=\"bullet-links\">\n<li><a href=\"https:\/\/www.uradprace.cz\/praha-10\">\u041a\u043e\u043d\u0442\u0430\u043a\u0442\u044b \u043e\u0442\u0434\u0435\u043b\u0435\u043d\u0438\u044f<\/a><\/li>\n<li><a href=\"https:\/\/www.uradprace.cz\/web\/cz\/volna-mista-v-cr\">\u0412\u0430\u043a\u0430\u043d\u0441\u0438\u0438<\/a><\/li>\n<\/ul>\n<p>&nbsp;<\/p>\n<h4><strong>\u041f\u0440\u0430\u0436\u0441\u043a\u043e\u0435 \u0443\u043f\u0440\u0430\u0432\u043b\u0435\u043d\u0438\u0435 \u0441\u043e\u0446\u0438\u0430\u043b\u044c\u043d\u043e\u0433\u043e \u043e\u0431\u0435\u0441\u043f\u0435\u0447\u0435\u043d\u0438\u044f (\u0420SSZ)<\/strong><\/h4>\n<div class=\"box-ok\">\u0422\u0435\u0440\u0440\u0438\u0442\u043e\u0440\u0438\u0430\u043b\u044c\u043d\u0430\u044f \u043f\u0440\u0438\u043d\u0430\u0434\u043b\u0435\u0436\u043d\u043e\u0441\u0442\u044c \u043e\u0442\u0434\u0435\u043b\u0435\u043d\u0438\u0439 \u043d\u0435 \u0443\u0441\u0442\u0430\u043d\u043e\u0432\u043b\u0435\u043d\u0430, \u043f\u043e\u044d\u0442\u043e\u043c\u0443 \u0432\u044b \u043c\u043e\u0436\u0435\u0442\u0435 \u043e\u0431\u0440\u0430\u0449\u0430\u0442\u044c\u0441\u044f \u0432\u00a0<a href=\"\/\/www.cssz.cz\/cz\/kontakty\/krajska-a-okresni-pracoviste\/praha\/\">\u043b\u044e\u0431\u043e\u0435 \u043e\u0442\u0434\u0435\u043b\u0435\u043d\u0438\u0435<\/a>\u00a0\u043d\u0435\u0437\u0430\u0432\u0438\u0441\u0438\u043c\u043e \u043e\u0442 \u043c\u0435\u0441\u0442\u0430 \u0436\u0438\u0442\u0435\u043b\u044c\u0441\u0442\u0432\u0430 \u0438\u043b\u0438 \u043c\u0435\u0441\u0442\u043e\u043d\u0430\u0445\u043e\u0436\u0434\u0435\u043d\u0438\u044f \u043a\u043e\u043c\u043f\u0430\u043d\u0438\u0438.<\/div>\n<p>&nbsp;<\/p>\n<h4><strong>\u0423\u043f\u0440\u0430\u0432\u043b\u0435\u043d\u0438\u0435 \u043d\u0430\u043b\u043e\u0433\u043e\u0432\u043e\u0439 \u0441\u043b\u0443\u0436\u0431\u044b<\/strong><\/h4>\n<p>\u0422\u0435\u0440\u0440\u0438\u0442\u043e\u0440\u0438\u0430\u043b\u044c\u043d\u043e\u0435 \u043f\u043e\u0434\u0440\u0430\u0437\u0434\u0435\u043b\u0435\u043d\u0438\u0435 \u041f\u0440\u0430\u0433\u0430 10<\/p>\n<p><strong>\u0430\u0434\u0440\u0435\u0441:<\/strong>\u00a0Petrohradsk\u00e1 6, \u041f\u0440\u0430\u0433\u0430 10 (\u043c\u0438\u043a\u0440\u043e\u0440\u0430\u0439\u043e\u043d Vr\u0161ovice), 101\u00a000<\/p>\n<ul class=\"bullet-links\">\n<li><a href=\"https:\/\/www.financnisprava.cz\/cs\/financni-sprava\/financni-sprava-cr\/organizacni-struktura\/organy-financni-spravy\/uzemni-pracoviste\/2010-uzemni-pracoviste-pro-prahu-10\">\u041a\u043e\u043d\u0442\u0430\u043a\u0442\u044b<\/a><\/li>\n<\/ul>\n<p><\/p>","protected":false},"excerpt":{"rendered":"<p>\u0410\u0414\u041c\u0418\u041d\u0418\u0421\u0422\u0420\u0410\u0426\u0418\u042f \u0420\u0410\u0419\u041e\u041d\u0410 \u041f\u0420\u0410\u0413\u0410 15 \u0430\u0434\u0440\u0435\u0441: Bolo\u0148sk\u00e1 478\/1, \u041f\u0440\u0430\u0433\u0430 10\u2013Horn\u00ed M\u011bcholupy, 109 00 \u043f\u0440\u0438\u0451\u043c\u043d\u0430\u044f: 281 003 111 \u0441\u043f\u0440\u0430\u0432\u043e\u0447\u043d\u0430\u044f: 281 003 190, 281 003 191 \u043f\u043e\u0434\u0430\u0447\u0430 \u0434\u043e\u043a\u0443\u043c\u0435\u043d\u0442\u043e\u0432: 281 003 192, 281 003 193 \u044d\u043b. \u043f\u043e\u0447\u0442\u0430:\u00a0podatelna@praha15.cz \u0441\u0430\u0439\u0442:\u00a0www.praha15.cz \u041d\u0430\u0441\u0435\u043b\u0435\u043d\u0438\u0435 \u0440\u0430\u0439\u043e\u043d\u0430 \u041f\u0440\u0430\u0433\u0430 15 \u0441\u043e\u0441\u0442\u0430\u0432\u043b\u044f\u0435\u0442 \u0431\u043e\u043b\u0435\u0435&#8230;<\/p>\n<a class=\"more-block\" href=\"https:\/\/metropolevsech.eu\/ru\/kontakty\/urady-v-praze\/mestske-casti\/jednotlive-mestske-casti\/mestska-cast-praha-15\/\">\u0427\u0438\u0442\u0430\u0442\u044c \u0434\u0430\u043b\u0435\u0435<\/a>","protected":false},"author":7,"featured_media":0,"parent":3406,"menu_order":15,"comment_status":"closed","ping_status":"closed","template":"","meta":[],"acf":[],"_links":{"self":[{"href":"https:\/\/metropolevsech.eu\/ru\/wp-json\/wp\/v2\/pages\/3436"}],"collection":[{"href":"https:\/\/metropolevsech.eu\/ru\/wp-json\/wp\/v2\/pages"}],"about":[{"href":"https:\/\/metropolevsech.eu\/ru\/wp-json\/wp\/v2\/types\/page"}],"author":[{"embeddable":true,"href":"https:\/\/metropolevsech.eu\/ru\/wp-json\/wp\/v2\/users\/7"}],"replies":[{"embeddable":true,"href":"https:\/\/metropolevsech.eu\/ru\/wp-json\/wp\/v2\/comments?post=3436"}],"version-history":[{"count":5,"href":"https:\/\/metropolevsech.eu\/ru\/wp-json\/wp\/v2\/pages\/3436\/revisions"}],"predecessor-version":[{"id":21917,"href":"https:\/\/metropolevsech.eu\/ru\/wp-json\/wp\/v2\/pages\/3436\/revisions\/21917"}],"up":[{"embeddable":true,"href":"https:\/\/metropolevsech.eu\/ru\/wp-json\/wp\/v2\/pages\/3406"}],"wp:attachment":[{"href":"https:\/\/metropolevsech.eu\/ru\/wp-json\/wp\/v2\/media?parent=3436"}],"curies":[{"name":"wp","href":"https:\/\/api.w.org\/{rel}","templated":true}]}}