{"id":3438,"date":"2017-05-14T22:43:04","date_gmt":"2017-05-14T20:43:04","guid":{"rendered":"https:\/\/metropolevsech.eu\/?page_id=3438"},"modified":"2025-02-20T12:18:15","modified_gmt":"2025-02-20T11:18:15","slug":"mestska-cast-praha-17","status":"publish","type":"page","link":"https:\/\/metropolevsech.eu\/ru\/kontakty\/urady-v-praze\/mestske-casti\/jednotlive-mestske-casti\/mestska-cast-praha-17\/","title":{"rendered":"\u0420\u0430\u0439\u043e\u043d \u041f\u0440\u0430\u0433\u0430 17"},"content":{"rendered":"<p><\/p>\n<h3><strong>\u0410\u0414\u041c\u0418\u041d\u0418\u0421\u0422\u0420\u0410\u0426\u0418\u042f \u0420\u0410\u0419\u041e\u041d\u0410 \u041f\u0420\u0410\u0413\u0410 17<\/strong><\/h3>\n<ul>\n<li><strong>\u0430\u0434\u0440\u0435\u0441:<\/strong> \u017dalansk\u00e9ho 291\/12b, \u041f\u0440\u0430\u0433\u0430\u2013\u0158epy, 163 00<\/li>\n<li><strong>\u043f\u0440\u0438\u0451\u043c\u043d\u0430\u044f:<\/strong> 234 683 111, 235 300 005<\/li>\n<li><strong>\u0444\u0430\u043a\u0441:<\/strong> 235 300 129<\/li>\n<li><strong> \u044d\u043b. \u043f\u043e\u0447\u0442\u0430:<\/strong>\u00a0<a href=\"podatelna@praha17.cz\">podatelna@praha17.cz<\/a><\/li>\n<li><strong>\u0441\u0430\u0439\u0442:<\/strong>\u00a0<a href=\"\/\/www.repy.cz\/\">www.repy.cz<\/a><\/li>\n<\/ul>\n<div class=\"box-fixa\"><br \/>\n\u0420\u0430\u0439\u043e\u043d \u041f\u0440\u0430\u0433\u0430 17 \u043e\u0431\u0440\u0451\u043b \u0441\u0430\u043c\u043e\u0441\u0442\u043e\u044f\u0442\u0435\u043b\u044c\u043d\u043e\u0441\u0442\u044c \u0432 2001 \u0433\u043e\u0434\u0443, \u043e\u0431\u044a\u0435\u0434\u0438\u043d\u0438\u0432 \u043a\u0430\u0434\u0430\u0441\u0442\u0440\u043e\u0432\u044b\u0435 \u0442\u0435\u0440\u0440\u0438\u0442\u043e\u0440\u0438\u0438 \u0158epy, Zli\u010d\u00edn \u0438 \u0447\u0430\u0441\u0442\u044c T\u0159ebonice.<br \/>\n<\/div>\n<p>\u041c\u0438\u043a\u0440\u043e\u0440\u0430\u0439\u043e\u043d \u0158epy (\u0440\u0443\u0441. \u0420\u0436\u0435\u043f\u044b) \u2014 \u044d\u0442\u043e <a href=\"\/\/ru.wikipedia.org\/wiki\/%D0%90%D0%B4%D0%BC%D0%B8%D0%BD%D0%B8%D1%81%D1%82%D1%80%D0%B0%D1%82%D0%B8%D0%B2%D0%BD%D0%BE%D0%B5_%D0%B4%D0%B5%D0%BB%D0%B5%D0%BD%D0%B8%D0%B5_%D0%9F%D1%80%D0%B0%D0%B3%D0%B8\">\u043a\u0430\u0434\u0430\u0441\u0442\u0440\u043e\u0432\u0430\u044f \u0442\u0435\u0440\u0440\u0438\u0442\u043e\u0440\u0438\u044f<\/a> \u0433\u043e\u0440\u043e\u0434\u0430 \u041f\u0440\u0430\u0433\u0438, \u0432\u0445\u043e\u0434\u044f\u0449\u0430\u044f \u0432 \u0441\u043e\u0441\u0442\u0430\u0432 \u0440\u0430\u0439\u043e\u043d\u0430 \u041f\u0440\u0430\u0433\u0430 17 \u0438 \u0430\u0434\u043c\u0438\u043d\u0438\u0441\u0442\u0440\u0430\u0442\u0438\u0432\u043d\u043e\u0433\u043e \u043e\u043a\u0440\u0443\u0433\u0430 <a href=\"\/\/ru.wikipedia.org\/wiki\/%D0%9F%D1%80%D0%B0%D0%B3%D0%B0_6\">\u041f\u0440\u0430\u0433\u0430 6<\/a>. \u041c\u0438\u043a\u0440\u043e\u0440\u0430\u0439\u043e\u043d \u0440\u0430\u0441\u043f\u043e\u043b\u043e\u0436\u0435\u043d \u0432 \u0437\u0430\u043f\u0430\u0434\u043d\u043e\u0439 \u0447\u0430\u0441\u0442\u0438 \u0441\u0442\u043e\u043b\u0438\u0446\u044b, \u043a \u0441\u0435\u0432\u0435\u0440\u0443 \u043e\u0442 \u0432\u044a\u0435\u0437\u0434\u0430 \u0432 \u0433\u043e\u0440\u043e\u0434 \u043f\u043e <a href=\"\/\/ru.wikipedia.org\/wiki\/%D0%90%D0%B2%D1%82%D0%BE%D0%BC%D0%B0%D0%B3%D0%B8%D1%81%D1%82%D1%80%D0%B0%D0%BB%D1%8C_D5_(%D0%A7%D0%B5%D1%85%D0%B8%D1%8F)\">\u0430\u0432\u0442\u043e\u043c\u0430\u0433\u0438\u0441\u0442\u0440\u0430\u043b\u0438 D5<\/a>. \u041f\u0435\u0440\u0432\u043e\u0435 \u043f\u0438\u0441\u044c\u043c\u0435\u043d\u043d\u043e\u0435 \u0443\u043f\u043e\u043c\u0438\u043d\u0430\u043d\u0438\u0435 \u044d\u0442\u043e\u0433\u043e \u043c\u0438\u043a\u0440\u043e\u0440\u0430\u0439\u043e\u043d\u0430 \u043e\u0442\u043d\u043e\u0441\u0438\u0442\u0441\u044f \u043a 993 \u0433\u043e\u0434\u0443 \u0432 \u0425\u0430\u0440\u0442\u0438\u0438 \u043e\u0431 \u043e\u0441\u043d\u043e\u0432\u0430\u043d\u0438\u0438 <a href=\"\/\/ru.wikipedia.org\/wiki\/%D0%91%D1%80%D0%B6%D0%B5%D0%B2%D0%BD%D0%BE%D0%B2%D1%81%D0%BA%D0%B8%D0%B9_%D0%BC%D0%BE%D0%BD%D0%B0%D1%81%D1%82%D1%8B%D1%80%D1%8C\">\u0411\u0440\u0436\u0435\u0432\u043d\u043e\u0432\u0441\u043a\u043e\u0433\u043e \u043c\u043e\u043d\u0430\u0441\u0442\u044b\u0440\u044f<\/a>.<\/p>\n<p>\u0412 2016 \u0433\u043e\u0434\u0443 \u0430\u0434\u043c\u0438\u043d\u0438\u0441\u0442\u0440\u0430\u0446\u0438\u044f \u041f\u0440\u0430\u0433\u0438 17 \u0432\u043f\u0435\u0440\u0432\u044b\u0435 \u0432\u043e\u0441\u043f\u043e\u043b\u044c\u0437\u043e\u0432\u0430\u043b\u0430\u0441\u044c \u0441\u0443\u0431\u0441\u0438\u0434\u0438\u0440\u043e\u0432\u0430\u043d\u043d\u043e\u0439 \u043f\u0440\u043e\u0433\u0440\u0430\u043c\u043c\u043e\u0439 \u043f\u043e \u043f\u043e\u0434\u0434\u0435\u0440\u0436\u043a\u0435 \u0438\u043d\u0442\u0435\u0433\u0440\u0430\u0446\u0438\u0438 \u0438\u043d\u043e\u0441\u0442\u0440\u0430\u043d\u0446\u0435\u0432. \u0412 \u0440\u0430\u043c\u043a\u0430\u0445 \u0434\u0430\u043d\u043d\u043e\u0439 \u043f\u0440\u043e\u0433\u0440\u0430\u043c\u043c\u044b \u0432 \u0434\u0435\u0442\u0441\u043a\u0438\u0445 \u0441\u0430\u0434\u0430\u0445 \u0438 \u043e\u0441\u043d\u043e\u0432\u043d\u044b\u0445 \u0448\u043a\u043e\u043b\u0430\u0445, \u043d\u0430\u0445\u043e\u0434\u044f\u0449\u0438\u0445\u0441\u044f \u043d\u0430 \u0442\u0435\u0440\u0440\u0438\u0442\u043e\u0440\u0438\u0438 \u0440\u0430\u0439\u043e\u043d\u0430, \u043f\u0440\u043e\u0432\u043e\u0434\u044f\u0442\u0441\u044f \u0430\u043a\u043a\u0440\u0435\u0434\u0438\u0442\u043e\u0432\u0430\u043d\u043d\u044b\u0435 \u043e\u0431\u0440\u0430\u0437\u043e\u0432\u0430\u0442\u0435\u043b\u044c\u043d\u044b\u0435 \u043a\u0443\u0440\u0441\u044b \u0434\u043b\u044f \u043f\u0440\u0435\u043f\u043e\u0434\u0430\u0432\u0430\u0442\u0435\u043b\u0435\u0439, \u0432\u043e\u0441\u043f\u0438\u0442\u0430\u0442\u0435\u043b\u044c\u043d\u043e-\u043e\u0431\u0440\u0430\u0437\u043e\u0432\u0430\u0442\u0435\u043b\u044c\u043d\u044b\u0435 \u0441\u0435\u043c\u0438\u043d\u0430\u0440\u044b \u0434\u043b\u044f \u0443\u0447\u0430\u0449\u0438\u0445\u0441\u044f \u0438 \u043a\u0443\u0440\u0441\u044b \u0447\u0435\u0448\u0441\u043a\u043e\u0433\u043e \u044f\u0437\u044b\u043a\u0430 \u0434\u043b\u044f \u0434\u043e\u0448\u043a\u043e\u043b\u044c\u043d\u0438\u043a\u043e\u0432. \u0414\u0435\u0442\u0441\u043a\u0438\u043c \u0441\u0430\u0434\u0430\u043c \u0438 \u043e\u0441\u043d\u043e\u0432\u043d\u044b\u043c \u0448\u043a\u043e\u043b\u0430\u043c \u0442\u0430\u043a\u0436\u0435 \u043f\u0440\u0435\u0434\u043e\u0441\u0442\u0430\u0432\u043b\u044f\u0435\u0442\u0441\u044f \u043f\u043e\u043c\u043e\u0449\u044c \u0441 \u0443\u0441\u0442\u043d\u044b\u043c \u0438 \u043f\u0438\u0441\u044c\u043c\u0435\u043d\u043d\u044b\u043c \u043f\u0435\u0440\u0435\u0432\u043e\u0434\u043e\u043c \u043f\u0440\u0438 \u0437\u0430\u043f\u0438\u0441\u0438 \u0434\u0435\u0442\u0435\u0439, \u0440\u043e\u0434\u0438\u0442\u0435\u043b\u044c\u0441\u043a\u0438\u0445 \u0441\u043e\u0431\u0440\u0430\u043d\u0438\u044f\u0445 \u0438 \u0432 \u0434\u0440\u0443\u0433\u0438\u0445 \u0441\u0438\u0442\u0443\u0430\u0446\u0438\u044f\u0445, \u0442\u0440\u0435\u0431\u0443\u044e\u0449\u0438\u0445 \u0443\u0447\u0430\u0441\u0442\u0438\u044f \u043f\u0435\u0440\u0435\u0432\u043e\u0434\u0447\u0438\u043a\u0430 \u0438\u043b\u0438 \u043c\u0435\u0436\u043a\u0443\u043b\u044c\u0442\u0443\u0440\u043d\u043e\u0433\u043e \u0440\u0430\u0431\u043e\u0442\u043d\u0438\u043a\u0430.<\/p>\n<p>\u0411\u043e\u043b\u0435\u0435 \u043f\u043e\u0434\u0440\u043e\u0431\u043d\u0443\u044e \u043f\u043e\u043b\u0435\u0437\u043d\u0443\u044e \u0438\u043d\u0444\u043e\u0440\u043c\u0430\u0446\u0438\u044e (\u043d\u0435 \u0442\u043e\u043b\u044c\u043a\u043e \u043e \u043c\u0435\u0440\u043e\u043f\u0440\u0438\u044f\u0442\u0438\u044f\u0445 \u0432 \u0440\u0430\u043c\u043a\u0430\u0445 <a href=\"\/\/www.repy.cz\/mc\/projekt-jsme-sousede\">\u043f\u0440\u043e\u0435\u043a\u0442\u0430<\/a> 2016 \u0433\u043e\u0434\u0430, \u043d\u043e \u0438 \u043a\u043e\u043d\u0442\u0430\u043a\u0442\u044b \u0441\u043e\u043e\u0442\u0432\u0435\u0442\u0441\u0442\u0432\u0443\u044e\u0449\u0438\u0445 \u043e\u0440\u0433\u0430\u043d\u0438\u0437\u0430\u0446\u0438\u0439 \u0438 \u043b\u0438\u0446, \u0437\u0430\u043d\u0438\u043c\u0430\u044e\u0449\u0438\u0445\u0441\u044f <a href=\"\/\/www.repy.cz\/mc\/integrace-cizincu-v-mestske-casti-praha-17?highlightWords=integrace+cizinc%C5%AF\">\u0432\u043e\u043f\u0440\u043e\u0441\u0430\u043c\u0438 \u0438\u043d\u0442\u0435\u0433\u0440\u0430\u0446\u0438\u0438 \u0438\u043d\u043e\u0441\u0442\u0440\u0430\u043d\u0446\u0435\u0432<\/a>) \u0432\u044b \u043c\u043e\u0436\u0435\u0442\u0435 \u043d\u0430\u0439\u0442\u0438 \u043f\u043e \u0441\u0441\u044b\u043b\u043a\u0430\u043c.<\/p>\n<p>&nbsp;<\/p>\n<h3><strong>\u041f\u0420\u041e\u0427\u0418\u0415 \u0410\u0414\u041c\u0418\u041d\u0418\u0421\u0422\u0420\u0410\u0422\u0418\u0412\u041d\u042b\u0415 \u0423\u0427\u0420\u0415\u0416\u0414\u0415\u041d\u0418\u042f<\/strong><\/h3>\n<h4>\u0426\u0435\u043d\u0442\u0440 \u0437\u0430\u043d\u044f\u0442\u043e\u0441\u0442\u0438 \u043d\u0430\u0441\u0435\u043b\u0435\u043d\u0438\u044f<\/h4>\n<p>\u0422\u0435\u0440\u0440\u0438\u0442\u043e\u0440\u0438\u0430\u043b\u044c\u043d\u043e\u0435 \u043f\u043e\u0434\u0440\u0430\u0437\u0434\u0435\u043b\u0435\u043d\u0438\u0435\u00a0<a href=\"https:\/\/www.uradprace.cz\/praha-6\">\u041f\u0440\u0430\u0433\u0430 6<\/a>\u00a0(\u0434\u043b\u044f \u0440\u0430\u0439\u043e\u043d\u043e\u0432 \u041f\u0440\u0430\u0433\u0430 6 \u0438 17)<\/p>\n<ul class=\"bullet-links\">\n<li><a href=\"https:\/\/www.uradprace.cz\/praha-6\">\u041a\u043e\u043d\u0442\u0430\u043a\u0442\u044b \u043e\u0442\u0434\u0435\u043b\u0435\u043d\u0438\u044f<\/a><\/li>\n<li><a href=\"https:\/\/www.uradprace.cz\/web\/cz\/volna-mista-v-cr\">\u0412\u0430\u043a\u0430\u043d\u0441\u0438\u0438<\/a><\/li>\n<\/ul>\n<h4><strong>\u041f\u0440\u0430\u0436\u0441\u043a\u043e\u0435 \u0443\u043f\u0440\u0430\u0432\u043b\u0435\u043d\u0438\u0435 \u0441\u043e\u0446\u0438\u0430\u043b\u044c\u043d\u043e\u0433\u043e \u043e\u0431\u0435\u0441\u043f\u0435\u0447\u0435\u043d\u0438\u044f (\u0420SSZ)<\/strong><\/h4>\n<div class=\"box-ok\">\u0422\u0435\u0440\u0440\u0438\u0442\u043e\u0440\u0438\u0430\u043b\u044c\u043d\u0430\u044f \u043f\u0440\u0438\u043d\u0430\u0434\u043b\u0435\u0436\u043d\u043e\u0441\u0442\u044c \u043e\u0442\u0434\u0435\u043b\u0435\u043d\u0438\u0439 \u043d\u0435 \u0443\u0441\u0442\u0430\u043d\u043e\u0432\u043b\u0435\u043d\u0430, \u043f\u043e\u044d\u0442\u043e\u043c\u0443 \u0432\u044b \u043c\u043e\u0436\u0435\u0442\u0435 \u043e\u0431\u0440\u0430\u0449\u0430\u0442\u044c\u0441\u044f \u0432\u00a0<a href=\"\/\/www.cssz.cz\/cz\/kontakty\/krajska-a-okresni-pracoviste\/praha\/\">\u043b\u044e\u0431\u043e\u0435 \u043e\u0442\u0434\u0435\u043b\u0435\u043d\u0438\u0435<\/a>\u00a0\u043d\u0435\u0437\u0430\u0432\u0438\u0441\u0438\u043c\u043e \u043e\u0442 \u043c\u0435\u0441\u0442\u0430 \u0436\u0438\u0442\u0435\u043b\u044c\u0441\u0442\u0432\u0430 \u0438\u043b\u0438 \u043c\u0435\u0441\u0442\u043e\u043d\u0430\u0445\u043e\u0436\u0434\u0435\u043d\u0438\u044f \u043a\u043e\u043c\u043f\u0430\u043d\u0438\u0438.<\/div>\n<h4><strong>\u0423\u043f\u0440\u0430\u0432\u043b\u0435\u043d\u0438\u0435 \u043d\u0430\u043b\u043e\u0433\u043e\u0432\u043e\u0439 \u0441\u043b\u0443\u0436\u0431\u044b<\/strong><\/h4>\n<p>\u0422\u0435\u0440\u0440\u0438\u0442\u043e\u0440\u0438\u0430\u043b\u044c\u043d\u043e\u0435 \u043f\u043e\u0434\u0440\u0430\u0437\u0434\u0435\u043b\u0435\u043d\u0438\u0435\u00a0\u041f\u0440\u0430\u0433\u0430\u00a06<\/p>\n<p><strong>\u0430\u0434\u0440\u0435\u0441:\u00a0<\/strong>N\u00e1b\u0159e\u017e\u00ed kpt. Jaro\u0161e 1000\/7, \u041f\u0440\u0430\u0433\u0430 7 (\u043c\u0438\u043a\u0440\u043e\u0440\u0430\u0439\u043e\u043d Hole\u0161ovice), 170 00<\/p>\n<ul class=\"bullet-links\">\n<li><a href=\"https:\/\/www.financnisprava.cz\/cs\/financni-sprava\/financni-sprava-cr\/organizacni-struktura\/organy-financni-spravy\/uzemni-pracoviste\/2006-uzemni-pracoviste-pro-prahu-6\">\u041a\u043e\u043d\u0442\u0430\u043a\u0442\u044b<\/a><\/li>\n<\/ul>\n<p><\/p>","protected":false},"excerpt":{"rendered":"<p>\u0410\u0414\u041c\u0418\u041d\u0418\u0421\u0422\u0420\u0410\u0426\u0418\u042f \u0420\u0410\u0419\u041e\u041d\u0410 \u041f\u0420\u0410\u0413\u0410 17 \u0430\u0434\u0440\u0435\u0441: \u017dalansk\u00e9ho 291\/12b, \u041f\u0440\u0430\u0433\u0430\u2013\u0158epy, 163 00 \u043f\u0440\u0438\u0451\u043c\u043d\u0430\u044f: 234 683 111, 235 300 005 \u0444\u0430\u043a\u0441: 235 300 129 \u044d\u043b. \u043f\u043e\u0447\u0442\u0430:\u00a0podatelna@praha17.cz \u0441\u0430\u0439\u0442:\u00a0www.repy.cz \u041c\u0438\u043a\u0440\u043e\u0440\u0430\u0439\u043e\u043d \u0158epy (\u0440\u0443\u0441. \u0420\u0436\u0435\u043f\u044b) \u2014 \u044d\u0442\u043e \u043a\u0430\u0434\u0430\u0441\u0442\u0440\u043e\u0432\u0430\u044f \u0442\u0435\u0440\u0440\u0438\u0442\u043e\u0440\u0438\u044f \u0433\u043e\u0440\u043e\u0434\u0430 \u041f\u0440\u0430\u0433\u0438, \u0432\u0445\u043e\u0434\u044f\u0449\u0430\u044f \u0432 \u0441\u043e\u0441\u0442\u0430\u0432 \u0440\u0430\u0439\u043e\u043d\u0430 \u041f\u0440\u0430\u0433\u0430 17&#8230;<\/p>\n<a class=\"more-block\" href=\"https:\/\/metropolevsech.eu\/ru\/kontakty\/urady-v-praze\/mestske-casti\/jednotlive-mestske-casti\/mestska-cast-praha-17\/\">\u0427\u0438\u0442\u0430\u0442\u044c \u0434\u0430\u043b\u0435\u0435<\/a>","protected":false},"author":7,"featured_media":0,"parent":3406,"menu_order":17,"comment_status":"closed","ping_status":"closed","template":"","meta":[],"acf":[],"_links":{"self":[{"href":"https:\/\/metropolevsech.eu\/ru\/wp-json\/wp\/v2\/pages\/3438"}],"collection":[{"href":"https:\/\/metropolevsech.eu\/ru\/wp-json\/wp\/v2\/pages"}],"about":[{"href":"https:\/\/metropolevsech.eu\/ru\/wp-json\/wp\/v2\/types\/page"}],"author":[{"embeddable":true,"href":"https:\/\/metropolevsech.eu\/ru\/wp-json\/wp\/v2\/users\/7"}],"replies":[{"embeddable":true,"href":"https:\/\/metropolevsech.eu\/ru\/wp-json\/wp\/v2\/comments?post=3438"}],"version-history":[{"count":4,"href":"https:\/\/metropolevsech.eu\/ru\/wp-json\/wp\/v2\/pages\/3438\/revisions"}],"predecessor-version":[{"id":21905,"href":"https:\/\/metropolevsech.eu\/ru\/wp-json\/wp\/v2\/pages\/3438\/revisions\/21905"}],"up":[{"embeddable":true,"href":"https:\/\/metropolevsech.eu\/ru\/wp-json\/wp\/v2\/pages\/3406"}],"wp:attachment":[{"href":"https:\/\/metropolevsech.eu\/ru\/wp-json\/wp\/v2\/media?parent=3438"}],"curies":[{"name":"wp","href":"https:\/\/api.w.org\/{rel}","templated":true}]}}