{"id":3442,"date":"2017-05-14T22:45:21","date_gmt":"2017-05-14T20:45:21","guid":{"rendered":"https:\/\/metropolevsech.eu\/?page_id=3442"},"modified":"2025-02-20T12:29:40","modified_gmt":"2025-02-20T11:29:40","slug":"mestska-cast-praha-18","status":"publish","type":"page","link":"https:\/\/metropolevsech.eu\/ru\/kontakty\/urady-v-praze\/mestske-casti\/jednotlive-mestske-casti\/mestska-cast-praha-18\/","title":{"rendered":"\u0420\u0430\u0439\u043e\u043d \u041f\u0440\u0430\u0433\u0430 18"},"content":{"rendered":"<p><\/p>\n<h3><strong>\u0410\u0414\u041c\u0418\u041d\u0418\u0421\u0422\u0420\u0410\u0426\u0418\u042f \u0420\u0410\u0419\u041e\u041d\u0410 \u041f\u0420\u0410\u0413\u0410 18<\/strong><\/h3>\n<ul>\n<li><strong>\u0430\u0434\u0440\u0435\u0441:<\/strong> Bechy\u0148sk\u00e1 639, \u041f\u0440\u0430\u0433\u0430 9, 199 00<\/li>\n<li><strong>\u043f\u0440\u0438\u0451\u043c\u043d\u0430\u044f:<\/strong> 284 028 111<\/li>\n<li><strong> \u044d\u043b. \u043f\u043e\u0447\u0442\u0430:\u00a0<\/strong><a href=\"mailto:epodatelna@letnany.cz\">epodatelna@letnany.cz<\/a><\/li>\n<li><strong>\u0441\u0430\u0439\u0442:\u00a0<\/strong><a href=\"http:\/\/www.praha18.cz\/\">www.praha18.cz<\/a><\/li>\n<\/ul>\n<p>\u0421\u0432\u043e\u044e \u0440\u0435\u043f\u0443\u0442\u0430\u0446\u0438\u044e \u043c\u0438\u043a\u0440\u043e\u0440\u0430\u0439\u043e\u043d Let\u0148any \u0437\u0430\u0440\u0430\u0431\u043e\u0442\u0430\u043b \u0432\u043e \u0432\u0440\u0435\u043c\u0435\u043d\u0430 \u041f\u0435\u0440\u0432\u043e\u0439 \u0427\u0435\u0445\u043e\u0441\u043b\u043e\u0432\u0430\u0446\u043a\u043e\u0439 \u0420\u0435\u0441\u043f\u0443\u0431\u043b\u0438\u043a\u0438 \u0441 \u043f\u043e\u044f\u0432\u043b\u0435\u043d\u0438\u0435\u043c \u0437\u0430\u0432\u043e\u0434\u043e\u0432 \u00ab\u041b\u0435\u0442\u043e\u0432\u00bb. \u0412 70-\u0435 \u0438 80-\u0435 \u0433\u043e\u0434\u044b \u0437\u0434\u0435\u0441\u044c \u043f\u043e\u0441\u0442\u0440\u043e\u0438\u043b\u0438 \u0436\u0438\u043b\u043c\u0430\u0441\u0441\u0438\u0432 \u0441 \u043f\u0430\u043d\u0435\u043b\u044c\u043d\u044b\u043c\u0438 \u0434\u043e\u043c\u0430\u043c\u0438, \u0432 \u0441\u0432\u044f\u0437\u0438 \u0441\u043e \u0441\u0442\u0440\u043e\u0438\u0442\u0435\u043b\u044c\u0441\u0442\u0432\u043e\u043c \u043a\u043e\u0442\u043e\u0440\u043e\u0433\u043e \u0431\u043e\u043b\u044c\u0448\u0443\u044e \u0447\u0430\u0441\u0442\u044c \u0441\u0442\u0430\u0440\u043e\u0439 \u0437\u0430\u0441\u0442\u0440\u043e\u0439\u043a\u0438 \u0441\u0440\u043e\u0432\u043d\u044f\u043b\u0438 \u0441 \u0437\u0435\u043c\u043b\u0451\u0439. \u041f\u0435\u0440\u0435\u043b\u043e\u043c\u043d\u044b\u043c \u043c\u043e\u043c\u0435\u043d\u0442\u043e\u043c \u0432 \u0440\u0430\u0437\u0432\u0438\u0442\u0438\u0438 \u0440\u0430\u0439\u043e\u043d\u0430 \u0441\u0442\u0430\u043b\u043e \u0441\u0442\u0440\u043e\u0438\u0442\u0435\u043b\u044c\u0441\u0442\u0432\u043e \u0442\u043e\u0440\u0433\u043e\u0432\u043e\u0433\u043e \u0446\u0435\u043d\u0442\u0440\u0430 Let\u0148any, \u043f\u0440\u0438\u043d\u0430\u0434\u043b\u0435\u0436\u0430\u0449\u0435\u0433\u043e \u043a\u043e\u043c\u043f\u0430\u043d\u0438\u0438 Tesco. \u0422\u043e\u0440\u0433\u043e\u0432\u044b\u0439 \u043a\u043e\u043c\u043f\u043b\u0435\u043a\u0441 \u044f\u0432\u043b\u044f\u0435\u0442\u0441\u044f \u043a\u0440\u0443\u043f\u043d\u0435\u0439\u0448\u0438\u043c \u0432 \u0427\u0435\u0445\u0438\u0438 \u0438 \u0432\u043a\u043b\u044e\u0447\u0430\u0435\u0442 \u0432 \u0441\u0435\u0431\u044f \u043c\u0443\u043b\u044c\u0442\u0438\u043f\u043b\u0435\u043a\u0441 \u0441 12 \u043a\u0438\u043d\u043e\u0437\u0430\u043b\u0430\u043c\u0438 \u0438 \u0430\u043a\u0432\u0430\u043f\u0430\u0440\u043a Let\u0148any Lagoon.<\/p>\n<p>&nbsp;<\/p>\n<h3><strong>\u041f\u0420\u041e\u0427\u0418\u0415 \u0410\u0414\u041c\u0418\u041d\u0418\u0421\u0422\u0420\u0410\u0422\u0418\u0412\u041d\u042b\u0415 \u0423\u0427\u0420\u0415\u0416\u0414\u0415\u041d\u0418\u042f<\/strong><\/h3>\n<h4>\u0426\u0435\u043d\u0442\u0440 \u0437\u0430\u043d\u044f\u0442\u043e\u0441\u0442\u0438 \u043d\u0430\u0441\u0435\u043b\u0435\u043d\u0438\u044f<\/h4>\n<p>\u0422\u0435\u0440\u0440\u0438\u0442\u043e\u0440\u0438\u0430\u043b\u044c\u043d\u043e\u0435 \u043f\u043e\u0434\u0440\u0430\u0437\u0434\u0435\u043b\u0435\u043d\u0438\u0435\u00a0<a href=\"https:\/\/www.uradprace.cz\/web\/cz\/praha-9#praha-20\">\u041f\u0440\u0430\u0433\u0430\u00a09<\/a>\u00a0(\u0434\u043b\u044f \u0440\u0430\u0439\u043e\u043d\u043e\u0432 \u041f\u0440\u0430\u0433\u0430 9, 14, 18, 19, 20 \u0438 21)<\/p>\n<ul class=\"bullet-links\">\n<li><a href=\"https:\/\/www.uradprace.cz\/web\/cz\/praha-9#praha-20\">\u041a\u043e\u043d\u0442\u0430\u043a\u0442\u044b \u043e\u0442\u0434\u0435\u043b\u0435\u043d\u0438\u044f<\/a><\/li>\n<li><a href=\"https:\/\/www.uradprace.cz\/web\/cz\/volna-mista-v-cr\">\u0412\u0430\u043a\u0430\u043d\u0441\u0438\u0438<\/a><\/li>\n<\/ul>\n<h4><strong>\u041f\u0440\u0430\u0436\u0441\u043a\u043e\u0435 \u0443\u043f\u0440\u0430\u0432\u043b\u0435\u043d\u0438\u0435 \u0441\u043e\u0446\u0438\u0430\u043b\u044c\u043d\u043e\u0433\u043e \u043e\u0431\u0435\u0441\u043f\u0435\u0447\u0435\u043d\u0438\u044f (\u0420SSZ)<\/strong><\/h4>\n<div class=\"box-ok\">\u0422\u0435\u0440\u0440\u0438\u0442\u043e\u0440\u0438\u0430\u043b\u044c\u043d\u0430\u044f \u043f\u0440\u0438\u043d\u0430\u0434\u043b\u0435\u0436\u043d\u043e\u0441\u0442\u044c \u043e\u0442\u0434\u0435\u043b\u0435\u043d\u0438\u0439 \u043d\u0435 \u0443\u0441\u0442\u0430\u043d\u043e\u0432\u043b\u0435\u043d\u0430, \u043f\u043e\u044d\u0442\u043e\u043c\u0443 \u0432\u044b \u043c\u043e\u0436\u0435\u0442\u0435 \u043e\u0431\u0440\u0430\u0449\u0430\u0442\u044c\u0441\u044f \u0432\u00a0<a href=\"http:\/\/www.cssz.cz\/cz\/kontakty\/krajska-a-okresni-pracoviste\/praha\/\">\u043b\u044e\u0431\u043e\u0435 \u043e\u0442\u0434\u0435\u043b\u0435\u043d\u0438\u0435<\/a>\u00a0\u043d\u0435\u0437\u0430\u0432\u0438\u0441\u0438\u043c\u043e \u043e\u0442 \u043c\u0435\u0441\u0442\u0430 \u0436\u0438\u0442\u0435\u043b\u044c\u0441\u0442\u0432\u0430 \u0438\u043b\u0438 \u043c\u0435\u0441\u0442\u043e\u043d\u0430\u0445\u043e\u0436\u0434\u0435\u043d\u0438\u044f \u043a\u043e\u043c\u043f\u0430\u043d\u0438\u0438.<\/div>\n<h4><strong>\u0423\u043f\u0440\u0430\u0432\u043b\u0435\u043d\u0438\u0435 \u043d\u0430\u043b\u043e\u0433\u043e\u0432\u043e\u0439 \u0441\u043b\u0443\u0436\u0431\u044b<\/strong><\/h4>\n<p>\u0422\u0435\u0440\u0440\u0438\u0442\u043e\u0440\u0438\u0430\u043b\u044c\u043d\u043e\u0435 \u043f\u043e\u0434\u0440\u0430\u0437\u0434\u0435\u043b\u0435\u043d\u0438\u0435 \u041f\u0440\u0430\u0433\u0430 9<\/p>\n<p><strong>\u0430\u0434\u0440\u0435\u0441:<\/strong> n\u00e1b\u0159. Kpt. Jaro\u0161e 1000\/7, \u041f\u0440\u0430\u0433\u0430 7, 170 00<\/p>\n<ul class=\"bullet-links\">\n<li><a href=\"https:\/\/www.financnisprava.cz\/cs\/financni-sprava\/financni-sprava-cr\/organizacni-struktura\/organy-financni-spravy\/uzemni-pracoviste\/2009-uzemni-pracoviste-pro-prahu-9\">\u041a\u043e\u043d\u0442\u0430\u043a\u0442\u044b<\/a><\/li>\n<\/ul>\n<p><\/p>","protected":false},"excerpt":{"rendered":"<p>\u0410\u0414\u041c\u0418\u041d\u0418\u0421\u0422\u0420\u0410\u0426\u0418\u042f \u0420\u0410\u0419\u041e\u041d\u0410 \u041f\u0420\u0410\u0413\u0410 18 \u0430\u0434\u0440\u0435\u0441: Bechy\u0148sk\u00e1 639, \u041f\u0440\u0430\u0433\u0430 9, 199 00 \u043f\u0440\u0438\u0451\u043c\u043d\u0430\u044f: 284 028 111 \u044d\u043b. \u043f\u043e\u0447\u0442\u0430:\u00a0epodatelna@letnany.cz \u0441\u0430\u0439\u0442:\u00a0www.praha18.cz \u0421\u0432\u043e\u044e \u0440\u0435\u043f\u0443\u0442\u0430\u0446\u0438\u044e \u043c\u0438\u043a\u0440\u043e\u0440\u0430\u0439\u043e\u043d Let\u0148any \u0437\u0430\u0440\u0430\u0431\u043e\u0442\u0430\u043b \u0432\u043e \u0432\u0440\u0435\u043c\u0435\u043d\u0430 \u041f\u0435\u0440\u0432\u043e\u0439 \u0427\u0435\u0445\u043e\u0441\u043b\u043e\u0432\u0430\u0446\u043a\u043e\u0439 \u0420\u0435\u0441\u043f\u0443\u0431\u043b\u0438\u043a\u0438 \u0441 \u043f\u043e\u044f\u0432\u043b\u0435\u043d\u0438\u0435\u043c \u0437\u0430\u0432\u043e\u0434\u043e\u0432 \u00ab\u041b\u0435\u0442\u043e\u0432\u00bb. \u0412 70-\u0435 \u0438 80-\u0435 \u0433\u043e\u0434\u044b \u0437\u0434\u0435\u0441\u044c \u043f\u043e\u0441\u0442\u0440\u043e\u0438\u043b\u0438 \u0436\u0438\u043b\u043c\u0430\u0441\u0441\u0438\u0432&#8230;<\/p>\n<a class=\"more-block\" href=\"https:\/\/metropolevsech.eu\/ru\/kontakty\/urady-v-praze\/mestske-casti\/jednotlive-mestske-casti\/mestska-cast-praha-18\/\">\u0427\u0438\u0442\u0430\u0442\u044c \u0434\u0430\u043b\u0435\u0435<\/a>","protected":false},"author":7,"featured_media":0,"parent":3406,"menu_order":18,"comment_status":"closed","ping_status":"closed","template":"","meta":[],"acf":[],"_links":{"self":[{"href":"https:\/\/metropolevsech.eu\/ru\/wp-json\/wp\/v2\/pages\/3442"}],"collection":[{"href":"https:\/\/metropolevsech.eu\/ru\/wp-json\/wp\/v2\/pages"}],"about":[{"href":"https:\/\/metropolevsech.eu\/ru\/wp-json\/wp\/v2\/types\/page"}],"author":[{"embeddable":true,"href":"https:\/\/metropolevsech.eu\/ru\/wp-json\/wp\/v2\/users\/7"}],"replies":[{"embeddable":true,"href":"https:\/\/metropolevsech.eu\/ru\/wp-json\/wp\/v2\/comments?post=3442"}],"version-history":[{"count":5,"href":"https:\/\/metropolevsech.eu\/ru\/wp-json\/wp\/v2\/pages\/3442\/revisions"}],"predecessor-version":[{"id":21907,"href":"https:\/\/metropolevsech.eu\/ru\/wp-json\/wp\/v2\/pages\/3442\/revisions\/21907"}],"up":[{"embeddable":true,"href":"https:\/\/metropolevsech.eu\/ru\/wp-json\/wp\/v2\/pages\/3406"}],"wp:attachment":[{"href":"https:\/\/metropolevsech.eu\/ru\/wp-json\/wp\/v2\/media?parent=3442"}],"curies":[{"name":"wp","href":"https:\/\/api.w.org\/{rel}","templated":true}]}}