{"id":3446,"date":"2017-05-14T22:47:53","date_gmt":"2017-05-14T20:47:53","guid":{"rendered":"https:\/\/metropolevsech.eu\/?page_id=3446"},"modified":"2025-02-20T12:44:15","modified_gmt":"2025-02-20T11:44:15","slug":"mestska-cast-praha-20","status":"publish","type":"page","link":"https:\/\/metropolevsech.eu\/ru\/kontakty\/urady-v-praze\/mestske-casti\/jednotlive-mestske-casti\/mestska-cast-praha-20\/","title":{"rendered":"\u0420\u0430\u0439\u043e\u043d \u041f\u0440\u0430\u0433\u0430 20"},"content":{"rendered":"<p><\/p>\n<h3><strong>\u0410\u0414\u041c\u0418\u041d\u0418\u0421\u0422\u0420\u0410\u0426\u0418\u042f \u0420\u0410\u0419\u041e\u041d\u0410 \u041f\u0420\u0410\u0413\u0410 20<\/strong><\/h3>\n<ul>\n<li><strong>\u0430\u0434\u0440\u0435\u0441:<\/strong> J\u00edvansk\u00e1 647\/10, \u041f\u0440\u0430\u0433\u0430 9\u2013Horn\u00ed Po\u010dernice, 193 21<\/li>\n<li><strong>\u043f\u0440\u0438\u0451\u043c\u043d\u0430\u044f:<\/strong> 271 071 611, 271 071 711<\/li>\n<li><strong>\u044d\u043b. \u043f\u043e\u0447\u0442\u0430:<\/strong> <a href=\"mailto:urad@pocernice.cz\">urad@pocernice.cz<\/a><\/li>\n<li><strong>\u0441\u0430\u0439\u0442:<\/strong>\u00a0<a href=\"http:\/\/www.pocernice.cz\/\">www.pocernice.cz<\/a><\/li>\n<\/ul>\n<p>\u0420\u0430\u0439\u043e\u043d \u041f\u0440\u0430\u0433\u0430 20\u2013Horn\u00ed Po\u010dernice \u0440\u0430\u0441\u043f\u043e\u043b\u043e\u0436\u0435\u043d \u043d\u0430 \u0432\u043e\u0441\u0442\u043e\u0447\u043d\u043e\u043c \u043a\u0440\u0430\u044e \u041f\u0440\u0430\u0433\u0438 \u043d\u0430 \u043c\u0435\u0441\u0442\u0435 \u0442\u0440\u0451\u0445 \u043f\u0435\u0440\u0432\u043e\u043d\u0430\u0447\u0430\u043b\u044c\u043d\u044b\u0445 \u043d\u0430\u0441\u0435\u043b\u0451\u043d\u043d\u044b\u0445 \u043f\u0443\u043d\u043a\u0442\u043e\u0432: Chvaly, Sv\u00e9pravice \u0438 Horn\u00ed Po\u010dernice. \u041d\u0430 \u0442\u0435\u0440\u0440\u0438\u0442\u043e\u0440\u0438\u0438 \u0440\u0430\u0439\u043e\u043d\u0430 \u043c\u043e\u0436\u043d\u043e \u043d\u0430\u0439\u0442\u0438 \u043c\u043d\u043e\u0436\u0435\u0441\u0442\u0432\u043e \u043f\u0440\u0443\u0434\u043e\u0432 \u0438 \u0434\u0440\u0443\u0433\u0438\u0445 \u0432\u043e\u0434\u043e\u0451\u043c\u043e\u0432. \u0417\u0434\u0435\u0441\u044c \u043d\u0430\u0445\u043e\u0434\u044f\u0442\u0441\u044f \u043f\u0440\u0435\u0438\u043c\u0443\u0449\u0435\u0441\u0442\u0432\u0435\u043d\u043d\u043e \u0441\u0435\u043b\u044c\u0441\u043a\u043e\u0445\u043e\u0437\u044f\u0439\u0441\u0442\u0432\u0435\u043d\u043d\u044b\u0435 \u0437\u0435\u043c\u043b\u0438 \u0438 \u043c\u043d\u043e\u0433\u043e \u0437\u0435\u043b\u0451\u043d\u044b\u0445 \u0437\u043e\u043d \u2013 \u0432 \u043e\u0441\u043d\u043e\u0432\u043d\u043e\u043c \u043b\u0435\u0441\u043e\u043f\u0430\u0440\u043a\u043e\u0432\u044b\u0445.<\/p>\n<p>&nbsp;<\/p>\n<h3><strong>\u041f\u0420\u041e\u0427\u0418\u0415 \u0410\u0414\u041c\u0418\u041d\u0418\u0421\u0422\u0420\u0410\u0422\u0418\u0412\u041d\u042b\u0415 \u0423\u0427\u0420\u0415\u0416\u0414\u0415\u041d\u0418\u042f<\/strong><\/h3>\n<h4>\u0426\u0435\u043d\u0442\u0440 \u0437\u0430\u043d\u044f\u0442\u043e\u0441\u0442\u0438 \u043d\u0430\u0441\u0435\u043b\u0435\u043d\u0438\u044f<\/h4>\n<p>\u0422\u0435\u0440\u0440\u0438\u0442\u043e\u0440\u0438\u0430\u043b\u044c\u043d\u043e\u0435 \u043f\u043e\u0434\u0440\u0430\u0437\u0434\u0435\u043b\u0435\u043d\u0438\u0435\u00a0<a href=\"https:\/\/www.uradprace.cz\/web\/cz\/praha-9#praha-20\">\u041f\u0440\u0430\u0433\u0430\u00a09<\/a>\u00a0(\u0434\u043b\u044f \u0440\u0430\u0439\u043e\u043d\u043e\u0432 \u041f\u0440\u0430\u0433\u0430 9, 14, 18, 19, 20 \u0438 21)<\/p>\n<ul class=\"bullet-links\">\n<li><a href=\"https:\/\/www.uradprace.cz\/web\/cz\/praha-9#praha-20\">\u041a\u043e\u043d\u0442\u0430\u043a\u0442\u044b \u043e\u0442\u0434\u0435\u043b\u0435\u043d\u0438\u044f<\/a><\/li>\n<li><a href=\"https:\/\/www.uradprace.cz\/web\/cz\/volna-mista-v-cr\">\u0412\u0430\u043a\u0430\u043d\u0441\u0438\u0438<\/a><\/li>\n<\/ul>\n<h4><strong>\u041f\u0440\u0430\u0436\u0441\u043a\u043e\u0435 \u0443\u043f\u0440\u0430\u0432\u043b\u0435\u043d\u0438\u0435 \u0441\u043e\u0446\u0438\u0430\u043b\u044c\u043d\u043e\u0433\u043e \u043e\u0431\u0435\u0441\u043f\u0435\u0447\u0435\u043d\u0438\u044f (\u0420SSZ)<\/strong><\/h4>\n<div class=\"box-ok\">\u0422\u0435\u0440\u0440\u0438\u0442\u043e\u0440\u0438\u0430\u043b\u044c\u043d\u0430\u044f \u043f\u0440\u0438\u043d\u0430\u0434\u043b\u0435\u0436\u043d\u043e\u0441\u0442\u044c \u043e\u0442\u0434\u0435\u043b\u0435\u043d\u0438\u0439 \u043d\u0435 \u0443\u0441\u0442\u0430\u043d\u043e\u0432\u043b\u0435\u043d\u0430, \u043f\u043e\u044d\u0442\u043e\u043c\u0443 \u0432\u044b \u043c\u043e\u0436\u0435\u0442\u0435 \u043e\u0431\u0440\u0430\u0449\u0430\u0442\u044c\u0441\u044f \u0432\u00a0<a href=\"http:\/\/www.cssz.cz\/cz\/kontakty\/krajska-a-okresni-pracoviste\/praha\/\">\u043b\u044e\u0431\u043e\u0435 \u043e\u0442\u0434\u0435\u043b\u0435\u043d\u0438\u0435<\/a>\u00a0\u043d\u0435\u0437\u0430\u0432\u0438\u0441\u0438\u043c\u043e \u043e\u0442 \u043c\u0435\u0441\u0442\u0430 \u0436\u0438\u0442\u0435\u043b\u044c\u0441\u0442\u0432\u0430 \u0438\u043b\u0438 \u043c\u0435\u0441\u0442\u043e\u043d\u0430\u0445\u043e\u0436\u0434\u0435\u043d\u0438\u044f \u043a\u043e\u043c\u043f\u0430\u043d\u0438\u0438.<\/div>\n<h4><strong>\u0423\u043f\u0440\u0430\u0432\u043b\u0435\u043d\u0438\u0435 \u043d\u0430\u043b\u043e\u0433\u043e\u0432\u043e\u0439 \u0441\u043b\u0443\u0436\u0431\u044b<\/strong><\/h4>\n<p>\u0422\u0435\u0440\u0440\u0438\u0442\u043e\u0440\u0438\u0430\u043b\u044c\u043d\u043e\u0435 \u043f\u043e\u0434\u0440\u0430\u0437\u0434\u0435\u043b\u0435\u043d\u0438\u0435 \u041f\u0440\u0430\u0433\u0430 9<\/p>\n<p><strong>\u0430\u0434\u0440\u0435\u0441:<\/strong> n\u00e1b\u0159. Kpt. Jaro\u0161e 1000\/7, \u041f\u0440\u0430\u0433\u0430 7, 170 00<\/p>\n<ul class=\"bullet-links\">\n<li><a href=\"https:\/\/www.financnisprava.cz\/cs\/financni-sprava\/financni-sprava-cr\/organizacni-struktura\/organy-financni-spravy\/uzemni-pracoviste\/2009-uzemni-pracoviste-pro-prahu-9\">\u041a\u043e\u043d\u0442\u0430\u043a\u0442\u044b<\/a><\/li>\n<\/ul>\n<p><\/p>","protected":false},"excerpt":{"rendered":"<p>\u0410\u0414\u041c\u0418\u041d\u0418\u0421\u0422\u0420\u0410\u0426\u0418\u042f \u0420\u0410\u0419\u041e\u041d\u0410 \u041f\u0420\u0410\u0413\u0410 20 \u0430\u0434\u0440\u0435\u0441: J\u00edvansk\u00e1 647\/10, \u041f\u0440\u0430\u0433\u0430 9\u2013Horn\u00ed Po\u010dernice, 193 21 \u043f\u0440\u0438\u0451\u043c\u043d\u0430\u044f: 271 071 611, 271 071 711 \u044d\u043b. \u043f\u043e\u0447\u0442\u0430: urad@pocernice.cz \u0441\u0430\u0439\u0442:\u00a0www.pocernice.cz \u0420\u0430\u0439\u043e\u043d \u041f\u0440\u0430\u0433\u0430 20\u2013Horn\u00ed Po\u010dernice \u0440\u0430\u0441\u043f\u043e\u043b\u043e\u0436\u0435\u043d \u043d\u0430 \u0432\u043e\u0441\u0442\u043e\u0447\u043d\u043e\u043c \u043a\u0440\u0430\u044e \u041f\u0440\u0430\u0433\u0438 \u043d\u0430 \u043c\u0435\u0441\u0442\u0435 \u0442\u0440\u0451\u0445 \u043f\u0435\u0440\u0432\u043e\u043d\u0430\u0447\u0430\u043b\u044c\u043d\u044b\u0445 \u043d\u0430\u0441\u0435\u043b\u0451\u043d\u043d\u044b\u0445 \u043f\u0443\u043d\u043a\u0442\u043e\u0432: Chvaly, Sv\u00e9pravice&#8230;<\/p>\n<a class=\"more-block\" href=\"https:\/\/metropolevsech.eu\/ru\/kontakty\/urady-v-praze\/mestske-casti\/jednotlive-mestske-casti\/mestska-cast-praha-20\/\">\u0427\u0438\u0442\u0430\u0442\u044c \u0434\u0430\u043b\u0435\u0435<\/a>","protected":false},"author":7,"featured_media":0,"parent":3406,"menu_order":20,"comment_status":"closed","ping_status":"closed","template":"","meta":[],"acf":[],"_links":{"self":[{"href":"https:\/\/metropolevsech.eu\/ru\/wp-json\/wp\/v2\/pages\/3446"}],"collection":[{"href":"https:\/\/metropolevsech.eu\/ru\/wp-json\/wp\/v2\/pages"}],"about":[{"href":"https:\/\/metropolevsech.eu\/ru\/wp-json\/wp\/v2\/types\/page"}],"author":[{"embeddable":true,"href":"https:\/\/metropolevsech.eu\/ru\/wp-json\/wp\/v2\/users\/7"}],"replies":[{"embeddable":true,"href":"https:\/\/metropolevsech.eu\/ru\/wp-json\/wp\/v2\/comments?post=3446"}],"version-history":[{"count":4,"href":"https:\/\/metropolevsech.eu\/ru\/wp-json\/wp\/v2\/pages\/3446\/revisions"}],"predecessor-version":[{"id":21910,"href":"https:\/\/metropolevsech.eu\/ru\/wp-json\/wp\/v2\/pages\/3446\/revisions\/21910"}],"up":[{"embeddable":true,"href":"https:\/\/metropolevsech.eu\/ru\/wp-json\/wp\/v2\/pages\/3406"}],"wp:attachment":[{"href":"https:\/\/metropolevsech.eu\/ru\/wp-json\/wp\/v2\/media?parent=3446"}],"curies":[{"name":"wp","href":"https:\/\/api.w.org\/{rel}","templated":true}]}}