{"id":895,"date":"2017-01-16T10:34:34","date_gmt":"2017-01-16T09:34:34","guid":{"rendered":"https:\/\/metropolevsech.eu\/?page_id=895"},"modified":"2026-02-01T17:52:48","modified_gmt":"2026-02-01T16:52:48","slug":"kontakty","status":"publish","type":"page","link":"https:\/\/metropolevsech.eu\/ru\/kontakty\/","title":{"rendered":"\u041a\u043e\u043d\u0442\u0430\u043a\u0442\u044b"},"content":{"rendered":"<p>\u0412 \u0434\u0430\u043d\u043d\u043e\u043c \u0440\u0430\u0437\u0434\u0435\u043b\u0435 \u0432\u044b \u043d\u0430\u0439\u0434\u0435\u0442\u0435 \u043a\u043e\u043d\u0442\u0430\u043a\u0442\u044b \u043e\u0441\u043d\u043e\u0432\u043d\u044b\u0445 \u0443\u0447\u0440\u0435\u0436\u0434\u0435\u043d\u0438\u0439 \u0434\u043b\u044f \u0438\u043d\u043e\u0441\u0442\u0440\u0430\u043d\u0446\u0435\u0432, \u0432\u043a\u043b\u044e\u0447\u0430\u044f \u0438\u0445 \u0430\u0434\u0440\u0435\u0441, \u044d\u043b. \u043f\u043e\u0447\u0442\u0443, \u0441\u0441\u044b\u043b\u043a\u0443 \u043d\u0430 \u0441\u0430\u0439\u0442 \u0438 \u043a\u043e\u0440\u043e\u0442\u043a\u043e\u0435 \u043e\u043f\u0438\u0441\u0430\u043d\u0438\u0435 \u0432\u0438\u0434\u043e\u0432 \u0434\u0435\u044f\u0442\u0435\u043b\u044c\u043d\u043e\u0441\u0442\u0438.<\/p>\n<ul class=\"bullet\">\n<li><strong><a href=\"#\u041c\u044d\u0440\u0438\u044f \u0433. \u041f\u0440\u0430\u0433\u0438\">\u041c\u044d\u0440\u0438\u044f \u0433. \u041f\u0440\u0430\u0433\u0438<\/a><\/strong><\/li>\n<li><strong><a href=\"\/\/metropolevsech.eu\/ru\/urady-v-praze\/jednotlive-mestske-casti\/\">\u0410\u0434\u043c\u0438\u043d\u0438\u0441\u0442\u0440\u0430\u0446\u0438\u0438 \u0440\u0430\u0439\u043e\u043d\u043e\u0432<\/a><\/strong><\/li>\n<li><strong><a href=\"#\u0418\u043d\u0442\u0435\u0433\u0440\u0430\u0446\u0438\u043e\u043d\u043d\u044b\u0439 \u0446\u0435\u043d\u0442\u0440 \u041f\u0440\u0430\u0433\u0430\">\u0418\u043d\u0442\u0435\u0433\u0440\u0430\u0446\u0438\u043e\u043d\u043d\u044b\u0439 \u0446\u0435\u043d\u0442\u0440 \u041f\u0440\u0430\u0433\u0430<\/a><\/strong><\/li>\n<li><strong><a href=\"\/\/metropolevsech.eu\/ru\/sluzby-pro-migranty\/nevladni-neziskove-organizace\/\">\u041d\u0435\u043f\u0440\u0430\u0432\u0438\u0442\u0435\u043b\u044c\u0441\u0442\u0432\u0435\u043d\u043d\u044b\u0435 \u043d\u0435\u043a\u043e\u043c\u043c\u0435\u0440\u0447\u0435\u0441\u043a\u0438\u0435 \u043e\u0440\u0433\u0430\u043d\u0438\u0437\u0430\u0446\u0438\u0438<\/a><\/strong><\/li>\n<li><strong><a href=\"\/\/metropolevsech.eu\/ru\/sluzby-pro-migranty\/interkulturni-pracovnici-a-komunitni-tlumocnici\/\">\u041c\u0435\u0436\u043a\u0443\u043b\u044c\u0442\u0443\u0440\u043d\u044b\u0435 \u0440\u0430\u0431\u043e\u0442\u043d\u0438\u043a\u0438 \u0438 \u0441\u043e\u0446\u0438\u0430\u043b\u044c\u043d\u044b\u0435 \u043f\u0435\u0440\u0435\u0432\u043e\u0434\u0447\u0438\u043a\u0438<\/a><\/strong><\/li>\n<li><strong><a href=\"\/\/metropolevsech.eu\/ru\/sluzby-pro-migranty\/migrantske-a-komunitni-organizace\/\">\u041e\u0440\u0433\u0430\u043d\u0438\u0437\u0430\u0446\u0438\u0438 \u043c\u0438\u0433\u0440\u0430\u043d\u0442\u043e\u0432<\/a><\/strong><\/li>\n<li><strong><a href=\"#\u0414\u043e\u043c \u043d\u0430\u0446\u0438\u043e\u043d\u0430\u043b\u044c\u043d\u044b\u0445 \u043c\u0435\u043d\u044c\u0448\u0438\u043d\u0441\u0442\u0432 - \u041f\u0440\u0430\u0433\u0430\">\u0414\u043e\u043c \u043d\u0430\u0446\u0438\u043e\u043d\u0430\u043b\u044c\u043d\u044b\u0445 \u043c\u0435\u043d\u044c\u0448\u0438\u043d\u0441\u0442\u0432 \u2013\u00a0\u041f\u0440\u0430\u0433\u0430<\/a><\/strong><\/li>\n<li><strong><a href=\"#\u0414\u0435\u043f\u0430\u0440\u0442\u0430\u043c\u0435\u043d\u0442 \u043f\u0440\u0435\u0434\u043e\u0441\u0442\u0430\u0432\u043b\u0435\u043d\u0438\u044f \u0443\u0431\u0435\u0436\u0438\u0449\u0430 \u0438 \u043c\u0438\u0433\u0440\u0430\u0446\u0438\u043e\u043d\u043d\u043e\u0439 \u043f\u043e\u043b\u0438\u0442\u0438\u043a\u0438\">\u0414\u0435\u043f\u0430\u0440\u0442\u0430\u043c\u0435\u043d\u0442 \u043f\u0440\u0435\u0434\u043e\u0441\u0442\u0430\u0432\u043b\u0435\u043d\u0438\u044f \u0443\u0431\u0435\u0436\u0438\u0449\u0430 \u0438 \u043c\u0438\u0433\u0440\u0430\u0446\u0438\u043e\u043d\u043d\u043e\u0439 \u043f\u043e\u043b\u0438\u0442\u0438\u043a\u0438<\/a><\/strong><\/li>\n<li><strong><a href=\"#\u041f\u043e\u043b\u0438\u0446\u0438\u044f \u0427\u0435\u0448\u0441\u043a\u043e\u0439 \u0420\u0435\u0441\u043f\u0443\u0431\u043b\u0438\u043a\u0438 \u2013 \u0423\u043f\u0440\u0430\u0432\u043b\u0435\u043d\u0438\u0435 \u043f\u043e\u043b\u0438\u0446\u0438\u0438 \u043f\u043e \u0434\u0435\u043b\u0430\u043c \u0438\u043d\u043e\u0441\u0442\u0440\u0430\u043d\u0446\u0435\u0432\">\u041f\u043e\u043b\u0438\u0446\u0438\u044f \u0427\u0435\u0448\u0441\u043a\u043e\u0439 \u0420\u0435\u0441\u043f\u0443\u0431\u043b\u0438\u043a\u0438 \u2013 \u0423\u043f\u0440\u0430\u0432\u043b\u0435\u043d\u0438\u0435 \u043f\u043e\u043b\u0438\u0446\u0438\u0438\u00a0\u043f\u043e \u0434\u0435\u043b\u0430\u043c \u0438\u043d\u043e\u0441\u0442\u0440\u0430\u043d\u0446\u0435\u0432<\/a><\/strong><\/li>\n<\/ul>\n<p>&nbsp;<\/p>\n<div class=\"box-ok\"><br \/>\n\u0414\u0440\u0443\u0433\u0438\u0435 \u043f\u043e\u043b\u0435\u0437\u043d\u044b\u0435 \u043a\u043e\u043d\u0442\u0430\u043a\u0442\u044b \u0432\u044b \u043c\u043e\u0436\u0435\u0442\u0435 \u043d\u0430\u0439\u0442\u0438 \u043d\u0430 <a href=\"\/\/www.cizinci.cz\/web\/cz\/adresar-organizaci-a-instituci\">\u0441\u0430\u0439\u0442\u0435 \u041c\u0412\u0414 \u0427\u0420<\/a>.<br \/>\n<\/div>\n<p>&nbsp;<\/p>\n<h3><strong>\u041c\u044d\u0440\u0438\u044f \u0433. \u041f\u0440\u0430\u0433\u0438<\/strong><\/h3>\n<img loading=\"lazy\" class=\"alignnone wp-image-7875 size-content-image\" src=\"\/\/metropolevsech.eu\/wp-content\/uploads\/2018\/12\/F5A9867-670x161.jpg\" alt=\"\" width=\"670\" height=\"161\" srcset=\"https:\/\/metropolevsech.eu\/wp-content\/uploads\/2018\/12\/F5A9867-670x161.jpg 670w, https:\/\/metropolevsech.eu\/wp-content\/uploads\/2018\/12\/F5A9867-300x72.jpg 300w, https:\/\/metropolevsech.eu\/wp-content\/uploads\/2018\/12\/F5A9867-768x185.jpg 768w, https:\/\/metropolevsech.eu\/wp-content\/uploads\/2018\/12\/F5A9867.jpg 1040w\" sizes=\"(max-width: 670px) 100vw, 670px\" \/>\n<h4>\u0414\u0435\u043f\u0430\u0440\u0442\u0430\u043c\u0435\u043d\u0442 \u043f\u043e \u0432\u043e\u043f\u0440\u043e\u0441\u0430\u043c \u043d\u0430\u0446\u0438\u043e\u043d\u0430\u043b\u044c\u043d\u044b\u0445 \u043c\u0435\u043d\u044c\u0448\u0438\u043d\u0441\u0442\u0432 \u0438 \u0438\u043d\u043e\u0441\u0442\u0440\u0430\u043d\u0446\u0435\u0432<\/h4>\n<p>\u041d\u0430 \u0443\u0440\u043e\u0432\u043d\u0435 \u043f\u0440\u0430\u0436\u0441\u043a\u043e\u0439 \u043c\u044d\u0440\u0438\u0438 \u0432\u043e\u043f\u0440\u043e\u0441\u0430\u043c\u0438 \u0438\u043d\u0442\u0435\u0433\u0440\u0430\u0446\u0438\u0438 \u0437\u0430\u043d\u0438\u043c\u0430\u0435\u0442\u0441\u044f \u0414\u0435\u043f\u0430\u0440\u0442\u0430\u043c\u0435\u043d\u0442 \u043f\u043e \u0432\u043e\u043f\u0440\u043e\u0441\u0430\u043c \u043d\u0430\u0446\u0438\u043e\u043d\u0430\u043b\u044c\u043d\u044b\u0445 \u043c\u0435\u043d\u044c\u0448\u0438\u043d\u0441\u0442\u0432 \u0438 \u0438\u043d\u043e\u0441\u0442\u0440\u0430\u043d\u0446\u0435\u0432, \u0432\u0445\u043e\u0434\u044f\u0449\u0438\u0439 \u0432 \u0441\u043e\u0441\u0442\u0430\u0432 \u0423\u043f\u0440\u0430\u0432\u043b\u0435\u043d\u0438\u044f \u0434\u0435\u043b\u0430\u043c\u0438 \u043c\u044d\u0440\u0438\u0438.<\/p>\n<h4>\u041a\u043e\u043d\u0442\u0430\u043a\u0442\u044b:<\/h4>\n<p><strong>\u041e\u0442\u0434\u0435\u043b \u043a\u0443\u043b\u044c\u0442\u0443\u0440\u044b \u0438 \u0442\u0443\u0440\u0438\u0437\u043c\u0430 \u2013 \u0414\u0435\u043f\u0430\u0440\u0442\u0430\u043c\u0435\u043d\u0442 \u043f\u043e \u0432\u043e\u043f\u0440\u043e\u0441\u0430\u043c \u043d\u0430\u0446\u0438\u043e\u043d\u0430\u043b\u044c\u043d\u044b\u0445 \u043c\u0435\u043d\u044c\u0448\u0438\u043d\u0441\u0442\u0432 \u0438 \u0438\u043d\u043e\u0441\u0442\u0440\u0430\u043d\u0446\u0435\u0432<\/strong><\/p>\n<ul>\n<li>Jungmannova 335\/29, \u041f\u0440\u0430\u0433\u0430 1, 110 00<\/li>\n<li>\u044d\u043b. \u043f\u043e\u0447\u0442\u0430: <a href=\"mailto:integrace@praha.eu\">integrace@praha.eu<\/a><\/li>\n<li><a href=\"https:\/\/www.praha.eu\">www.praha.eu<\/a><\/li>\n<\/ul>\n<p>\u0414\u0435\u043f\u0430\u0440\u0442\u0430\u043c\u0435\u043d\u0442 \u043a\u043e\u043e\u0440\u0434\u0438\u043d\u0438\u0440\u0443\u0435\u0442 \u0440\u0435\u0430\u043b\u0438\u0437\u0430\u0446\u0438\u044e \u043f\u043b\u0430\u043d\u043e\u0432 \u0438 \u043c\u0435\u0440\u043e\u043f\u0440\u0438\u044f\u0442\u0438\u0439 \u0432 \u043e\u0431\u043b\u0430\u0441\u0442\u0438 \u0438\u043d\u0442\u0435\u0433\u0440\u0430\u0446\u0438\u0438 \u0438\u043d\u043e\u0441\u0442\u0440\u0430\u043d\u0446\u0435\u0432, \u043e\u043f\u0440\u0435\u0434\u0435\u043b\u044f\u0435\u043c\u044b\u0445 \u00ab\u041a\u043e\u043d\u0446\u0435\u043f\u0446\u0438\u0435\u0439 \u041f\u0440\u0430\u0433\u0438 \u0432 \u043e\u0431\u043b\u0430\u0441\u0442\u0438 \u0438\u043d\u0442\u0435\u0433\u0440\u0430\u0446\u0438\u0438 \u0438\u043d\u043e\u0441\u0442\u0440\u0430\u043d\u0446\u0435\u0432\u00bb. \u0414\u0435\u043f\u0430\u0440\u0442\u0430\u043c\u0435\u043d\u0442 \u0441\u043e\u0442\u0440\u0443\u0434\u043d\u0438\u0447\u0430\u0435\u0442 \u0441 \u0434\u0440\u0443\u0433\u0438\u043c\u0438 \u043f\u043e\u0434\u0440\u0430\u0437\u0434\u0435\u043b\u0435\u043d\u0438\u044f\u043c\u0438 \u043c\u044d\u0440\u0438\u0438, \u0430 \u0442\u0430\u043a\u0436\u0435 \u043e\u0431\u0435\u0441\u043f\u0435\u0447\u0438\u0432\u0430\u0435\u0442 \u043a\u043e\u043c\u043c\u0443\u043d\u0438\u043a\u0430\u0446\u0438\u044e \u0438 \u043a\u043e\u043e\u043f\u0435\u0440\u0430\u0446\u0438\u044e \u0441 \u043d\u0435\u043a\u043e\u043c\u043c\u0435\u0440\u0447\u0435\u0441\u043a\u0438\u043c\u0438 \u043e\u0440\u0433\u0430\u043d\u0438\u0437\u0430\u0446\u0438\u044f\u043c\u0438, \u0430\u0434\u043c\u0438\u043d\u0438\u0441\u0442\u0440\u0430\u0442\u0438\u0432\u043d\u044b\u043c\u0438 \u0443\u0447\u0440\u0435\u0436\u0434\u0435\u043d\u0438\u044f\u043c\u0438, \u0440\u0430\u0439\u043e\u043d\u043d\u044b\u043c\u0438 \u0430\u0434\u043c\u0438\u043d\u0438\u0441\u0442\u0440\u0430\u0446\u0438\u044f\u043c\u0438 \u0438 \u0434\u0440\u0443\u0433\u0438\u043c\u0438 \u043e\u0440\u0433\u0430\u043d\u0438\u0437\u0430\u0446\u0438\u044f\u043c\u0438, \u043e\u0441\u0443\u0449\u0435\u0441\u0442\u0432\u043b\u044f\u044e\u0449\u0438\u043c\u0438 \u0434\u0435\u044f\u0442\u0435\u043b\u044c\u043d\u043e\u0441\u0442\u044c \u0432 \u0434\u0430\u043d\u043d\u043e\u0439 \u043e\u0431\u043b\u0430\u0441\u0442\u0438.<\/p>\n<h3><\/h3>\n<h3><\/h3>\n<h3><strong>\u0418\u043d\u0442\u0435\u0433\u0440\u0430\u0446\u0438\u043e\u043d\u043d\u044b\u0439 \u0446\u0435\u043d\u0442\u0440 \u041f\u0440\u0430\u0433\u0430<\/strong><\/h3>\n<img loading=\"lazy\" class=\"alignnone wp-image-9225 size-content-image\" src=\"\/\/metropolevsech.eu\/wp-content\/uploads\/2019\/04\/integra\u010dn\u00ed-centrum-Praha-670x503.jpg\" alt=\"\" width=\"670\" height=\"503\" srcset=\"https:\/\/metropolevsech.eu\/wp-content\/uploads\/2019\/04\/integra\u010dn\u00ed-centrum-Praha-670x503.jpg 670w, https:\/\/metropolevsech.eu\/wp-content\/uploads\/2019\/04\/integra\u010dn\u00ed-centrum-Praha-300x225.jpg 300w, https:\/\/metropolevsech.eu\/wp-content\/uploads\/2019\/04\/integra\u010dn\u00ed-centrum-Praha-768x576.jpg 768w, https:\/\/metropolevsech.eu\/wp-content\/uploads\/2019\/04\/integra\u010dn\u00ed-centrum-Praha.jpg 960w\" sizes=\"(max-width: 670px) 100vw, 670px\" \/>\n<img loading=\"lazy\" class=\"size-medium wp-image-7504 alignleft\" src=\"\/\/metropolevsech.eu\/wp-content\/uploads\/2018\/09\/ICP-logo-aktual-mal\u00e9-300x205.png\" alt=\"\" width=\"300\" height=\"205\" \/>\n<p>\u0415\u0441\u043b\u0438 \u0432\u044b \u044f\u0432\u043b\u044f\u0435\u0442\u0435\u0441\u044c \u043c\u0438\u0433\u0440\u0430\u043d\u0442\u043e\u043c, \u043f\u0440\u043e\u0436\u0438\u0432\u0430\u0435\u0442\u0435 \u0432 \u041f\u0440\u0430\u0433\u0435 \u0438 \u0445\u043e\u0442\u0438\u0442\u0435 \u0437\u0430\u043f\u0438\u0441\u0430\u0442\u044c\u0441\u044f \u043d\u0430 \u043a\u043e\u043d\u0441\u0443\u043b\u044c\u0442\u0430\u0446\u0438\u044e, \u0443\u0437\u043d\u0430\u0442\u044c \u043e \u0437\u0430\u043d\u044f\u0442\u0438\u044f\u0445 \u043f\u043e \u0447\u0435\u0448\u0441\u043a\u043e\u043c\u0443 \u044f\u0437\u044b\u043a\u0443 \u0438\u043b\u0438 \u043b\u044e\u0431\u044b\u0445 \u0434\u0440\u0443\u0433\u0438\u0445 \u043a\u0443\u0440\u0441\u0430\u0445 \u2013 \u043e\u0431\u0440\u0430\u0449\u0430\u0439\u0442\u0435\u0441\u044c \u0432 \u0418\u043d\u0442\u0435\u0433\u0440\u0430\u0446\u0438\u043e\u043d\u043d\u044b\u0439 \u0446\u0435\u043d\u0442\u0440 \u041f\u0440\u0430\u0433\u0430. \u0417\u0434\u0435\u0441\u044c \u0432\u044b \u0442\u0430\u043a\u0436\u0435 \u043c\u043e\u0436\u0435\u0442\u0435 \u043f\u043e\u0443\u0447\u0430\u0441\u0442\u0432\u043e\u0432\u0430\u0442\u044c \u0432 \u043b\u044e\u0431\u043e\u043c \u043a\u0443\u043b\u044c\u0442\u0443\u0440\u043d\u043e\u043c, \u0441\u043f\u043e\u0440\u0442\u0438\u0432\u043d\u043e\u043c \u0438 \u043c\u0435\u0436\u043e\u0431\u0449\u0438\u043d\u043d\u043e\u043c \u043c\u0435\u0440\u043e\u043f\u0440\u0438\u044f\u0442\u0438\u0438.<\/p>\n<p><a href=\"\/\/www.icpraha.com\/ru\/\"><strong>\u0418\u043d\u0442\u0435\u0433\u0440\u0430\u0446\u0438\u043e\u043d\u043d\u044b\u0439 \u0446\u0435\u043d\u0442\u0440 \u041f\u0440\u0430\u0433\u0430<\/strong><\/a> \u043e\u0441\u043d\u043e\u0432\u0430\u043d \u0433\u043e\u0440\u043e\u0434\u0441\u043a\u0438\u043c\u0438 \u0432\u043b\u0430\u0441\u0442\u044f\u043c\u0438 \u0434\u043b\u044f \u043a\u043e\u043c\u043f\u043b\u0435\u043a\u0441\u043d\u043e\u0439 \u0438 \u0441\u0438\u0441\u0442\u0435\u043c\u0430\u0442\u0438\u0447\u0435\u0441\u043a\u043e\u0439 \u043f\u043e\u0434\u0434\u0435\u0440\u0436\u043a\u0438 \u0438\u043d\u0442\u0435\u0433\u0440\u0430\u0446\u0438\u0438 \u043c\u0438\u0433\u0440\u0430\u043d\u0442\u043e\u0432. \u0418\u043d\u0442\u0435\u0433\u0440\u0430\u0446\u0438\u043e\u043d\u043d\u044b\u0439 \u0446\u0435\u043d\u0442\u0440 \u041f\u0440\u0430\u0433\u0430 \u043e\u0441\u0443\u0449\u0435\u0441\u0442\u0432\u043b\u044f\u0435\u0442 \u0434\u0435\u044f\u0442\u0435\u043b\u044c\u043d\u043e\u0441\u0442\u044c \u043f\u043e\u0434 \u0434\u0435\u0432\u0438\u0437\u043e\u043c \u00ab\u0413\u043e\u0440\u043e\u0434 \u0434\u043b\u044f \u0432\u0441\u0435\u0445\u00bb, \u0445\u0430\u0440\u0430\u043a\u0442\u0435\u0440\u0438\u0437\u0443\u044e\u0449\u0438\u043c \u043e\u0434\u043d\u0443 \u0438\u0437 \u0432\u0430\u0436\u043d\u0435\u0439\u0448\u0438\u0445 \u0437\u0430\u0434\u0430\u0447: \u0441\u043e\u0437\u0434\u0430\u0442\u044c \u0432 \u041f\u0440\u0430\u0433\u0435 \u0442\u0430\u043a\u0438\u0435 \u0443\u0441\u043b\u043e\u0432\u0438\u044f, \u0447\u0442\u043e\u0431\u044b \u043f\u0440\u043e\u0436\u0438\u0432\u0430\u044e\u0449\u0438\u0435 \u0437\u0434\u0435\u0441\u044c \u043c\u0438\u0433\u0440\u0430\u043d\u0442\u044b \u0447\u0443\u0432\u0441\u0442\u0432\u043e\u0432\u0430\u043b\u0438 \u0441\u0435\u0431\u044f \u043f\u043e\u043b\u043d\u043e\u0446\u0435\u043d\u043d\u044b\u043c\u0438 \u0436\u0438\u0442\u0435\u043b\u044f\u043c\u0438 \u0441\u0442\u043e\u043b\u0438\u0446\u044b \u0438 \u0441\u0430\u043c\u0438 \u0430\u043a\u0442\u0438\u0432\u043d\u043e \u043f\u0440\u0438\u043d\u0438\u043c\u0430\u043b\u0438 \u0443\u0447\u0430\u0441\u0442\u0438\u0435 \u0432 \u043e\u0431\u0449\u0435\u0441\u0442\u0432\u0435\u043d\u043d\u043e\u0439 \u0436\u0438\u0437\u043d\u0438 \u0433\u043e\u0440\u043e\u0434\u0430.<\/p>\n<h4><strong>\u041a\u043e\u043d\u0442\u0430\u043a\u0442\u044b:<\/strong><\/h4>\n<ul>\n<li>\u0430\u0434\u0440\u0435\u0441: \u017ditn\u00e1 1574\/51, \u041f\u0440\u0430\u0433\u0430 1, 110\u00a000<\/li>\n<li>\u0442\u0435\u043b.: +420\u00a0252\u00a0543\u00a0846<\/li>\n<li>\u044d\u043b. \u043f\u043e\u0447\u0442\u0430: <a href=\"mailto:info@icpraha.com\">info@icpraha.com<\/a><\/li>\n<\/ul>\n<ul class=\"bullet-links\">\n<li><a href=\"\/\/www.icpraha.com\/ru\/\">www.icpraha.com<\/a><\/li>\n<\/ul>\n<p>&nbsp;<\/p>\n<p>&nbsp;<\/p>\n<p>&nbsp;<\/p>\n<h3><strong>\u0414\u043e\u043c \u043d\u0430\u0446\u0438\u043e\u043d\u0430\u043b\u044c\u043d\u044b\u0445 \u043c\u0435\u043d\u044c\u0448\u0438\u043d\u0441\u0442\u0432 \u2013\u00a0\u041f\u0440\u0430\u0433\u0430<\/strong><\/h3>\n<img loading=\"lazy\" class=\"alignnone wp-image-9226 size-content-image\" src=\"\/\/metropolevsech.eu\/wp-content\/uploads\/2019\/04\/d\u016fm-n\u00e1rodnostn\u00edch-men\u0161in-foto-z-jejich-webu-670x268.jpg\" alt=\"\" width=\"670\" height=\"268\" srcset=\"https:\/\/metropolevsech.eu\/wp-content\/uploads\/2019\/04\/d\u016fm-n\u00e1rodnostn\u00edch-men\u0161in-foto-z-jejich-webu-670x268.jpg 670w, https:\/\/metropolevsech.eu\/wp-content\/uploads\/2019\/04\/d\u016fm-n\u00e1rodnostn\u00edch-men\u0161in-foto-z-jejich-webu-300x120.jpg 300w, https:\/\/metropolevsech.eu\/wp-content\/uploads\/2019\/04\/d\u016fm-n\u00e1rodnostn\u00edch-men\u0161in-foto-z-jejich-webu.jpg 750w\" sizes=\"(max-width: 670px) 100vw, 670px\" \/>\n<ul>\n<li>\u0430\u0434\u0440\u0435\u0441: Vocelova 602\/3, \u041f\u0440\u0430\u0433\u0430 2, 120 00<\/li>\n<li>\u0442\u0435\u043b.: +420 221 419\u00a0800<\/li>\n<\/ul>\n<ul class=\"bullet-links\">\n<li><a href=\"\/\/www.dnm-praha.eu\/?l=25\">www.dnm-praha.eu<\/a><\/li>\n<\/ul>\n<p>&nbsp;<\/p>\n<p>&nbsp;<\/p>\n<p>&nbsp;<\/p>\n<h3><strong>\u0414\u0435\u043f\u0430\u0440\u0442\u0430\u043c\u0435\u043d\u0442 \u043f\u0440\u0435\u0434\u043e\u0441\u0442\u0430\u0432\u043b\u0435\u043d\u0438\u044f \u0443\u0431\u0435\u0436\u0438\u0449\u0430 \u0438 \u043c\u0438\u0433\u0440\u0430\u0446\u0438\u043e\u043d\u043d\u043e\u0439 \u043f\u043e\u043b\u0438\u0442\u0438\u043a\u0438 \u041c\u0412\u0414 \u0427\u0420<br \/>\n<\/strong><\/h3>\n<p><strong><em>(\u0447\u0435\u0448. Odbor azylov\u00e9 a migra\u010dn\u00ed politiky, OAMP)<\/em><\/strong><\/p>\n<img loading=\"lazy\" class=\"alignnone size-medium wp-image-7443\" src=\"\/\/metropolevsech.eu\/wp-content\/uploads\/2018\/09\/logo-ministerstvo-vnitra-300x85.jpg\" alt=\"\" width=\"300\" height=\"85\" srcset=\"https:\/\/metropolevsech.eu\/wp-content\/uploads\/2018\/09\/logo-ministerstvo-vnitra-300x85.jpg 300w, https:\/\/metropolevsech.eu\/wp-content\/uploads\/2018\/09\/logo-ministerstvo-vnitra-768x217.jpg 768w, https:\/\/metropolevsech.eu\/wp-content\/uploads\/2018\/09\/logo-ministerstvo-vnitra-670x189.jpg 670w, https:\/\/metropolevsech.eu\/wp-content\/uploads\/2018\/09\/logo-ministerstvo-vnitra.jpg 1000w\" sizes=\"(max-width: 300px) 100vw, 300px\" \/>\n<ul>\n<li>\u0430\u0434\u0440\u0435\u0441: Nad \u0160tolou 3, \u041f\u0440\u0430\u0433\u0430 7, 170\u00a034 (\u0430\/\u044f 21)<\/li>\n<li>\u044d\u043b. \u043f\u043e\u0447\u0442\u0430: <a href=\"mailto:opu@mvcr.cz\">opu@mvcr.cz<\/a><\/li>\n<li>\u044d\u043b. \u043f\u043e\u0447\u0442\u0430: <a href=\"mailto:pobyty@mvcr.cz\">pobyty@mvcr.cz<\/a> (\u043e\u0431\u0449\u0430\u044f \u0438\u043d\u0444\u043e\u0440\u043c\u0430\u0446\u0438\u043e\u043d\u043d\u0430\u044f \u043b\u0438\u043d\u0438\u044f)<\/li>\n<li>\u0442\u0435\u043b.: (\u043f\u043d.\u2013\u0447\u0442. 8\u201316 \u0447., \u043f\u0442. 9\u201312 \u0447.): +420 974 801 801 (\u043e\u0431\u0449\u0430\u044f \u0438\u043d\u0444\u043e\u0440\u043c\u0430\u0446\u0438\u043e\u043d\u043d\u0430\u044f \u043b\u0438\u043d\u0438\u044f)<\/li>\n<\/ul>\n<ul class=\"bullet-links\">\n<li><a href=\"\/\/www.mvcr.cz\/\">www.mvcr.cz<\/a><\/li>\n<\/ul>\n<p>\u041a\u043e\u043d\u0442\u0430\u043a\u0442\u044b \u043e\u0442\u0434\u0435\u043b\u044c\u043d\u044b\u0445 \u0442\u0435\u0440\u0440\u0438\u0442\u043e\u0440\u0438\u0430\u043b\u044c\u043d\u044b\u0445 \u043f\u043e\u0434\u0440\u0430\u0437\u0434\u0435\u043b\u0435\u043d\u0438\u0439 OAMP \u041c\u0412\u0414 \u0427\u0420 \u043f\u0440\u0438\u0432\u0435\u0434\u0435\u043d\u044b <a href=\"\/\/www.mvcr.cz\/clanek\/sluzby-pro-verejnost-informace-pro-cizince-kontakty.aspx\">\u0437\u0434\u0435\u0441\u044c<\/a>.<\/p>\n<p>&nbsp;<\/p>\n<p>&nbsp;<\/p>\n<p>&nbsp;<\/p>\n<h3><strong>\u041f\u043e\u043b\u0438\u0446\u0438\u044f \u0427\u0435\u0448\u0441\u043a\u043e\u0439 \u0420\u0435\u0441\u043f\u0443\u0431\u043b\u0438\u043a\u0438 \u2013 \u041f\u043e\u043b\u0438\u0446\u0438\u044f \u043f\u043e \u0434\u0435\u043b\u0430\u043c \u0438\u043d\u043e\u0441\u0442\u0440\u0430\u043d\u0446\u0435\u0432<\/strong><\/h3>\n<ul>\n<li>\u0430\u0434\u0440\u0435\u0441: Ol\u0161ansk\u00e1 2, \u041f\u0440\u0430\u0433\u0430 3, 130\u00a051 (\u0430\/\u044f 78)<\/li>\n<li>\u0442\u0435\u043b.: +420\u00a0974\u00a0841\u00a0219 \u2013 \u043f\u0440\u0438\u0451\u043c\u043d\u0430\u044f \u043d\u0430\u0447\u0430\u043b\u044c\u043d\u0438\u043a\u0430, \u0444\u0430\u043a\u0441: +420\u00a0974\u00a0841\u00a0093<\/li>\n<li>\u044d\u043b. \u043f\u043e\u0447\u0442\u0430: <a href=\"mailto:pp.rscp.sekretariat@pcr.cz\">pp.rscp.sekretariat@pcr.cz<\/a><\/li>\n<\/ul>\n<p>\u041f\u043e\u0434\u0430\u0447\u0430 \u044d\u043b\u0435\u043a\u0442\u0440\u043e\u043d\u043d\u044b\u0445 \u0434\u043e\u043a\u0443\u043c\u0435\u043d\u0442\u043e\u0432 (\u0434\u043b\u044f \u0434\u043e\u043a\u0443\u043c\u0435\u043d\u0442\u043e\u0432, \u0441\u043e\u0434\u0435\u0440\u0436\u0430\u0449\u0438\u0445 \u044d\u043b\u0435\u043a\u0442\u0440\u043e\u043d\u043d\u0443\u044e \u043f\u043e\u0434\u043f\u0438\u0441\u044c): <a href=\"mailto:epodatelna.policie@pcr.cz\">epodatelna.policie@pcr.cz<\/a><\/p>\n<ul class=\"bullet-links\">\n<li><a href=\"\/\/www.policie.cz\/sluzba-cizinecke-policie.aspx\">www.policie.cz<\/a><\/li>\n<\/ul>\n<p>\u041a\u043e\u043d\u0442\u0430\u043a\u0442\u044b \u043e\u0442\u0434\u0435\u043b\u044c\u043d\u044b\u0445 \u0442\u0435\u0440\u0440\u0438\u0442\u043e\u0440\u0438\u0430\u043b\u044c\u043d\u044b\u0445 \u043f\u043e\u0434\u0440\u0430\u0437\u0434\u0435\u043b\u0435\u043d\u0438\u0439 \u041f\u043e\u043b\u0438\u0446\u0438\u0438 \u043f\u043e \u0434\u0435\u043b\u0430\u043c \u0438\u043d\u043e\u0441\u0442\u0440\u0430\u043d\u0446\u0435\u0432 \u043f\u0440\u0438\u0432\u0435\u0434\u0435\u043d\u044b <a href=\"\/\/www.policie.cz\/clanek\/oddeleni-pobytovych-agend.aspx\">\u0437\u0434\u0435\u0441\u044c<\/a>.<\/p>","protected":false},"excerpt":{"rendered":"<p>\u0412 \u0434\u0430\u043d\u043d\u043e\u043c \u0440\u0430\u0437\u0434\u0435\u043b\u0435 \u0432\u044b \u043d\u0430\u0439\u0434\u0435\u0442\u0435 \u043a\u043e\u043d\u0442\u0430\u043a\u0442\u044b \u043e\u0441\u043d\u043e\u0432\u043d\u044b\u0445 \u0443\u0447\u0440\u0435\u0436\u0434\u0435\u043d\u0438\u0439 \u0434\u043b\u044f \u0438\u043d\u043e\u0441\u0442\u0440\u0430\u043d\u0446\u0435\u0432, \u0432\u043a\u043b\u044e\u0447\u0430\u044f \u0438\u0445 \u0430\u0434\u0440\u0435\u0441, \u044d\u043b. \u043f\u043e\u0447\u0442\u0443, \u0441\u0441\u044b\u043b\u043a\u0443 \u043d\u0430 \u0441\u0430\u0439\u0442 \u0438 \u043a\u043e\u0440\u043e\u0442\u043a\u043e\u0435 \u043e\u043f\u0438\u0441\u0430\u043d\u0438\u0435 \u0432\u0438\u0434\u043e\u0432 \u0434\u0435\u044f\u0442\u0435\u043b\u044c\u043d\u043e\u0441\u0442\u0438. \u041c\u044d\u0440\u0438\u044f \u0433. \u041f\u0440\u0430\u0433\u0438 \u0410\u0434\u043c\u0438\u043d\u0438\u0441\u0442\u0440\u0430\u0446\u0438\u0438 \u0440\u0430\u0439\u043e\u043d\u043e\u0432 \u0418\u043d\u0442\u0435\u0433\u0440\u0430\u0446\u0438\u043e\u043d\u043d\u044b\u0439 \u0446\u0435\u043d\u0442\u0440 \u041f\u0440\u0430\u0433\u0430 \u041d\u0435\u043f\u0440\u0430\u0432\u0438\u0442\u0435\u043b\u044c\u0441\u0442\u0432\u0435\u043d\u043d\u044b\u0435 \u043d\u0435\u043a\u043e\u043c\u043c\u0435\u0440\u0447\u0435\u0441\u043a\u0438\u0435 \u043e\u0440\u0433\u0430\u043d\u0438\u0437\u0430\u0446\u0438\u0438 \u041c\u0435\u0436\u043a\u0443\u043b\u044c\u0442\u0443\u0440\u043d\u044b\u0435 \u0440\u0430\u0431\u043e\u0442\u043d\u0438\u043a\u0438 \u0438 \u0441\u043e\u0446\u0438\u0430\u043b\u044c\u043d\u044b\u0435 \u043f\u0435\u0440\u0435\u0432\u043e\u0434\u0447\u0438\u043a\u0438 \u041e\u0440\u0433\u0430\u043d\u0438\u0437\u0430\u0446\u0438\u0438&#8230;<\/p>\n<a class=\"more-block\" href=\"https:\/\/metropolevsech.eu\/ru\/kontakty\/\">\u0427\u0438\u0442\u0430\u0442\u044c \u0434\u0430\u043b\u0435\u0435<\/a>","protected":false},"author":7,"featured_media":3600,"parent":0,"menu_order":7,"comment_status":"closed","ping_status":"closed","template":"","meta":[],"acf":[],"_links":{"self":[{"href":"https:\/\/metropolevsech.eu\/ru\/wp-json\/wp\/v2\/pages\/895"}],"collection":[{"href":"https:\/\/metropolevsech.eu\/ru\/wp-json\/wp\/v2\/pages"}],"about":[{"href":"https:\/\/metropolevsech.eu\/ru\/wp-json\/wp\/v2\/types\/page"}],"author":[{"embeddable":true,"href":"https:\/\/metropolevsech.eu\/ru\/wp-json\/wp\/v2\/users\/7"}],"replies":[{"embeddable":true,"href":"https:\/\/metropolevsech.eu\/ru\/wp-json\/wp\/v2\/comments?post=895"}],"version-history":[{"count":6,"href":"https:\/\/metropolevsech.eu\/ru\/wp-json\/wp\/v2\/pages\/895\/revisions"}],"predecessor-version":[{"id":24836,"href":"https:\/\/metropolevsech.eu\/ru\/wp-json\/wp\/v2\/pages\/895\/revisions\/24836"}],"wp:featuredmedia":[{"embeddable":true,"href":"https:\/\/metropolevsech.eu\/ru\/wp-json\/wp\/v2\/media\/3600"}],"wp:attachment":[{"href":"https:\/\/metropolevsech.eu\/ru\/wp-json\/wp\/v2\/media?parent=895"}],"curies":[{"name":"wp","href":"https:\/\/api.w.org\/{rel}","templated":true}]}}