{"id":14813,"date":"2021-10-13T10:59:28","date_gmt":"2021-10-13T08:59:28","guid":{"rendered":"https:\/\/metropolevsech.eu\/?page_id=14813"},"modified":"2026-01-23T17:44:14","modified_gmt":"2026-01-23T16:44:14","slug":"podnikani-fyzickych-osob-2","status":"publish","type":"page","link":"https:\/\/metropolevsech.eu\/ua\/potrebuji-resit\/podnikani\/podnikani-fyzickych-osob-2\/","title":{"rendered":"\u041f\u0456\u0434\u043f\u0440\u0438\u0454\u043c\u043d\u0438\u0446\u044c\u043a\u0430 \u0434\u0456\u044f\u043b\u044c\u043d\u0456\u0441\u0442\u044c \u0444\u0456\u0437\u0438\u0447\u043d\u0438\u0445 \u043e\u0441\u0456\u0431"},"content":{"rendered":"<p><em>\u0423 \u0446\u044c\u043e\u043c\u0443 \u0440\u043e\u0437\u0434\u0456\u043b\u0456 \u0432\u0438 \u0434\u0456\u0437\u043d\u0430\u0454\u0442\u0435\u0441\u044f, \u0445\u0442\u043e \u0442\u0430\u043a\u0438\u0439 \u0456\u043d\u0434\u0438\u0432\u0456\u0434\u0443\u0430\u043b\u044c\u043d\u0438\u0439 \u043f\u0456\u0434\u043f\u0440\u0438\u0454\u043c\u0435\u0446\u044c (\u0444\u0456\u0437\u0438\u0447\u043d\u0430 \u043e\u0441\u043e\u0431\u0430) \u0456 \u043d\u0430 \u043f\u0456\u0434\u0441\u0442\u0430\u0432\u0456 \u044f\u043a\u043e\u0433\u043e \u0434\u043e\u0437\u0432\u043e\u043b\u0443 \u0432\u0456\u043d \u043c\u043e\u0436\u0435 \u0432\u0435\u0441\u0442\u0438 \u0431\u0456\u0437\u043d\u0435\u0441 \u0443 \u0427\u0435\u0445\u0456\u0457. <\/em><\/p>\n<p>\u041f\u0456\u0434\u043f\u0440\u0438\u0454\u043c\u0446\u0435\u043c \u0443 \u0427\u0435\u0445\u0456\u0457 \u0432\u0432\u0430\u0436\u0430\u0454\u0442\u044c\u0441\u044f \u0442\u043e\u0439, \u0445\u0442\u043e \u0441\u0430\u043c\u043e\u0441\u0442\u0456\u0439\u043d\u043e \u0437\u0434\u0456\u0439\u0441\u043d\u044e\u0454 \u043f\u0440\u0438\u0431\u0443\u0442\u043a\u043e\u0432\u0443 \u0434\u0456\u044f\u043b\u044c\u043d\u0456\u0441\u0442\u044c \u0437\u0430 \u0441\u0432\u0456\u0439 \u0440\u0430\u0445\u0443\u043d\u043e\u043a \u0456 \u043d\u0430 \u0432\u043b\u0430\u0441\u043d\u0443 \u0432\u0456\u0434\u043f\u043e\u0432\u0456\u0434\u0430\u043b\u044c\u043d\u0456\u0441\u0442\u044c, \u0430 \u0441\u0430\u043c\u0435 \u0437\u0430 \u0441\u0432\u0456\u0434\u043e\u0446\u0442\u0432\u043e\u043c \u043f\u0456\u0434\u043f\u0440\u0438\u0454\u043c\u0446\u044f (\u044f\u043a \u0434\u0440\u0456\u0431\u043d\u0438\u0439 \u043f\u0456\u0434\u043f\u0440\u0438\u0454\u043c\u0435\u0446\u044c) \u0430\u0431\u043e \u043f\u043e\u0434\u0456\u0431\u043d\u0438\u043c \u0447\u0438\u043d\u043e\u043c, \u0437 \u043d\u0430\u043c\u0456\u0440\u043e\u043c \u0440\u043e\u0431\u0438\u0442\u0438 \u0446\u0435 \u0441\u0438\u0441\u0442\u0435\u043c\u0430\u0442\u0438\u0447\u043d\u043e \u0442\u0430 \u0437 \u043c\u0435\u0442\u043e\u044e \u043e\u0442\u0440\u0438\u043c\u0430\u043d\u043d\u044f \u043f\u0440\u0438\u0431\u0443\u0442\u043a\u0443.<\/p>\n<p>\u041e\u0441\u043e\u0431\u0430, \u044f\u043a\u0430 \u0432\u0435\u0434\u0435 \u043f\u0456\u0434\u043f\u0440\u0438\u0454\u043c\u043d\u0438\u0446\u044c\u043a\u0443 \u0434\u0456\u044f\u043b\u044c\u043d\u0456\u0441\u0442\u044c, \u043d\u0430\u0437\u0438\u0432\u0430\u0454\u0442\u044c\u0441\u044f <strong>\u043e\u0441\u043e\u0431\u043e\u044e, \u0449\u043e \u0441\u0430\u043c\u043e\u0441\u0442\u0456\u0439\u043d\u043e \u0437\u0434\u0456\u0439\u0441\u043d\u044e\u0454 \u043f\u0440\u0438\u0431\u0443\u0442\u043a\u043e\u0432\u0443 \u0434\u0456\u044f\u043b\u044c\u043d\u0456\u0441\u0442\u044c (\u0447\u0435\u0441\u044c\u043a\u043e\u044e: osoba samostatn\u011b v\u00fdd\u011ble\u010dn\u011b \u010dinn\u00e1; \u0441\u043a\u043e\u0440\u043e\u0447\u0435\u043d\u043d\u044f: OSV\u010c \/ \u041e\u0421\u0412\u0427)<\/strong>. \u0406\u043d\u0434\u0438\u0432\u0456\u0434\u0443\u0430\u043b\u044c\u043d\u0435 \u043f\u0456\u0434\u043f\u0440\u0438\u0454\u043c\u043d\u0438\u0446\u0442\u0432\u043e \u043f\u043e\u0434\u0456\u043b\u044f\u0454\u0442\u044c\u0441\u044f \u043d\u0430 <strong>\u043e\u0441\u043d\u043e\u0432\u043d\u0443<\/strong> \u0441\u0430\u043c\u043e\u0441\u0442\u0456\u0439\u043d\u0443 \u043f\u0440\u0438\u0431\u0443\u0442\u043a\u043e\u0432\u0443 \u0434\u0456\u044f\u043b\u044c\u043d\u0456\u0441\u0442\u044c \u0442\u0430 <strong>\u0434\u043e\u0434\u0430\u0442\u043a\u043e\u0432\u0443<\/strong> \u0441\u0430\u043c\u043e\u0441\u0442\u0456\u0439\u043d\u0443 \u043f\u0440\u0438\u0431\u0443\u0442\u043a\u043e\u0432\u0443 \u0434\u0456\u044f\u043b\u044c\u043d\u0456\u0441\u0442\u044c. \u0414\u043e\u0434\u0430\u0442\u043a\u043e\u0432\u0430 \u0434\u0456\u044f\u043b\u044c\u043d\u0456\u0441\u0442\u044c \u2013 \u0446\u0435, \u043d\u0430\u043f\u0440\u0438\u043a\u043b\u0430\u0434, \u044f\u043a\u0449\u043e \u0432\u0438 \u0437\u0430\u0439\u043c\u0430\u0454\u0442\u0435\u0441\u044f \u0431\u0456\u0437\u043d\u0435\u0441\u043e\u043c, \u043e\u0434\u043d\u043e\u0447\u0430\u0441\u043d\u043e \u043f\u0440\u0430\u0446\u044e\u044e\u0447\u0438 \u043d\u0430\u0439\u043c\u0430\u043d\u0438\u043c \u043f\u0440\u0430\u0446\u0456\u0432\u043d\u0438\u043a\u043e\u043c, \u043f\u0435\u0440\u0435\u0431\u0443\u0432\u0430\u044e\u0447\u0438 \u0443 \u0432\u0456\u0434\u043f\u0443\u0441\u0442\u0446\u0456 \u043f\u043e \u0434\u043e\u0433\u043b\u044f\u0434\u0443 \u0437\u0430 \u0434\u0438\u0442\u0438\u043d\u043e\u044e \u0430\u0431\u043e \u043e\u0442\u0440\u0438\u043c\u0443\u044e\u0447\u0438 \u043f\u0435\u043d\u0441\u0456\u044e \u0437\u0430 \u0432\u0456\u043a\u043e\u043c.<\/p>\n<p><em><div class=\"box-ok\"> \u0414\u0435\u0442\u0430\u043b\u044c\u043d\u0443 \u0456\u043d\u0444\u043e\u0440\u043c\u0430\u0446\u0456\u044e \u043f\u0440\u043e \u0456\u043d\u0434\u0438\u0432\u0456\u0434\u0443\u0430\u043b\u044c\u043d\u0435 \u043f\u0456\u0434\u043f\u0440\u0438\u0454\u043c\u043d\u0438\u0446\u0442\u0432\u043e \u0456 \u043f\u0440\u043e \u0442\u0435, \u043a\u043e\u043b\u0438 \u0432\u043e\u043d\u043e \u0432\u0432\u0430\u0436\u0430\u0454\u0442\u044c\u0441\u044f \u043e\u0441\u043d\u043e\u0432\u043d\u0438\u043c \u0447\u0438 \u0434\u043e\u0434\u0430\u0442\u043a\u043e\u0432\u0438\u043c, \u043c\u043e\u0436\u043d\u0430 \u0437\u043d\u0430\u0439\u0442\u0438 \u043d\u0430 <\/em><a href=\"https:\/\/www.cssz.cz\/definice-a-druhy-svc\"><em>\u0441\u0430\u0439\u0442\u0456 \u0427\u0435\u0441\u044c\u043a\u043e\u0433\u043e \u0423\u043f\u0440\u0430\u0432\u043b\u0456\u043d\u043d\u044f \u0441\u043e\u0446\u0456\u0430\u043b\u044c\u043d\u043e\u0433\u043e \u0437\u0430\u0445\u0438\u0441\u0442\u0443 \u043d\u0430\u0441\u0435\u043b\u0435\u043d\u043d\u044f<\/em><\/a><em>. <\/em><em><\/div><\/em><\/p>\n<p>\u041d\u0430\u0439\u043f\u043e\u0448\u0438\u0440\u0435\u043d\u0456\u0448\u0438\u043c \u0441\u043f\u043e\u0441\u043e\u0431\u043e\u043c \u0432\u0435\u0434\u0435\u043d\u043d\u044f \u0431\u0456\u0437\u043d\u0435\u0441\u0443 \u0432 \u0427\u0435\u0445\u0456\u0457 \u0454 <strong>\u0442.\u0437\u0432. \u0456\u043d\u0434\u0438\u0432\u0456\u0434\u0443\u0430\u043b\u044c\u043d\u0435 (\u0434\u0440\u0456\u0431\u043d\u0435) \u043f\u0456\u0434\u043f\u0440\u0438\u0454\u043c\u043d\u0438\u0446\u0442\u0432\u043e, \u044f\u043a\u0435 \u0447\u0435\u0441\u044c\u043a\u043e\u044e \u043d\u0430\u0437\u0438\u0432\u0430\u0454\u0442\u044c\u0441\u044f \u00ab\u017eivnostensk\u00e9 podnik\u00e1n\u00ed\u00bb<\/strong>. \u0412\u043e\u043d\u043e \u0440\u0435\u0433\u0443\u043b\u044e\u0454\u0442\u044c\u0441\u044f \u0417\u0430\u043a\u043e\u043d\u043e\u043c \u00ab\u041f\u0440\u043e \u0456\u043d\u0434\u0438\u0432\u0456\u0434\u0443\u0430\u043b\u044c\u043d\u0435 \u043f\u0456\u0434\u043f\u0440\u0438\u0454\u043c\u043d\u0438\u0446\u0442\u0432\u043e\u00bb (\u017eivnostensk\u00fd z\u00e1kon). \u0417 \u0447\u0438\u043d\u043d\u043e\u044e \u0440\u0435\u0434\u0430\u043a\u0446\u0456\u0454\u044e \u0417\u0430\u043a\u043e\u043d\u0443 \u043c\u043e\u0436\u043d\u0430 \u043e\u0437\u043d\u0430\u0439\u043e\u043c\u0438\u0442\u0438\u0441\u044f \u043d\u0430 <a href=\"https:\/\/www.mpo.cz\/cz\/podnikani\/zivnostenske-podnikani\/pravni-predpisy\/zivnostensky-zakon--166698\/\">\u0441\u0430\u0439\u0442\u0456 <strong>\u041c\u0456\u043d\u0456\u0441\u0442\u0435\u0440\u0441\u0442\u0432\u0430 \u043f\u0440\u043e\u043c\u0438\u0441\u043b\u043e\u0432\u043e\u0441\u0442\u0456 \u0442\u0430 \u0442\u043e\u0440\u0433\u0456\u0432\u043b\u0456<\/strong><\/a>, \u0434\u043e \u043a\u043e\u043c\u043f\u0435\u0442\u0435\u043d\u0446\u0456\u0457 \u044f\u043a\u043e\u0433\u043e \u0432\u0445\u043e\u0434\u0438\u0442\u044c \u043f\u0456\u0434\u043f\u0440\u0438\u0454\u043c\u043d\u0438\u0446\u044c\u043a\u0430 \u0434\u0456\u044f\u043b\u044c\u043d\u0456\u0441\u0442\u044c.<\/p>\n<p>\u0410\u043b\u0435 \u0442\u0430\u043a\u043e\u0436 \u043c\u043e\u0436\u043d\u0430 \u0437\u0430\u0439\u043c\u0430\u0442\u0438\u0441\u044f \u043f\u0456\u0434\u043f\u0440\u0438\u0454\u043c\u043d\u0438\u0446\u044c\u043a\u043e\u044e \u0434\u0456\u044f\u043b\u044c\u043d\u0456\u0441\u0442\u044e \u0432 \u0440\u0430\u043c\u043a\u0430\u0445 \u0442.\u0437\u0432. <strong>\u0432\u0456\u043b\u044c\u043d\u043e\u0457 \u043f\u0440\u043e\u0444\u0435\u0441\u0456\u0457 (svobodn\u00e9 povol\u00e1n\u00ed)<\/strong>. \u0412\u0456\u043b\u044c\u043d\u0430 \u043f\u0440\u043e\u0444\u0435\u0441\u0456\u044f \u2013 \u0446\u0435 \u043f\u0456\u0434\u043f\u0440\u0438\u0454\u043c\u043d\u0438\u0446\u044c\u043a\u0430 \u0434\u0456\u044f\u043b\u044c\u043d\u0456\u0441\u0442\u044c \u0444\u0456\u0437\u0438\u0447\u043d\u043e\u0457 \u043e\u0441\u043e\u0431\u0438 \u043d\u0435 \u043d\u0430 \u043f\u0456\u0434\u0441\u0442\u0430\u0432\u0456 \u0417\u0430\u043a\u043e\u043d\u0443 \u00ab\u041f\u0440\u043e \u0456\u043d\u0434\u0438\u0432\u0456\u0434\u0443\u0430\u043b\u044c\u043d\u0435 \u043f\u0456\u0434\u043f\u0440\u0438\u0454\u043c\u043d\u0438\u0446\u0442\u0432\u043e\u00bb, \u0430 \u0456\u043d\u0448\u043e\u0433\u043e \u0437\u0430\u043a\u043e\u043d\u0443. \u041d\u0430 \u0434\u0435\u044f\u043a\u0456 \u0432\u0456\u043b\u044c\u043d\u0456 \u043f\u0440\u043e\u0444\u0435\u0441\u0456\u0457 \u0442\u0430\u043a\u043e\u0436 \u043f\u043e\u0448\u0438\u0440\u044e\u0454\u0442\u044c\u0441\u044f \u043e\u0431\u043e\u0432\u2019\u044f\u0437\u043a\u043e\u0432\u0435 \u0447\u043b\u0435\u043d\u0441\u0442\u0432\u043e \u0432 \u043f\u0440\u043e\u0444\u0435\u0441\u0456\u0439\u043d\u0438\u0445 \u043f\u0430\u043b\u0430\u0442\u0430\u0445 (\u043d\u0430\u043f\u0440\u0438\u043a\u043b\u0430\u0434, \u0434\u043b\u044f \u0430\u0434\u0432\u043e\u043a\u0430\u0442\u0456\u0432 \u0456 \u043b\u0456\u043a\u0430\u0440\u0456\u0432), \u0434\u043b\u044f \u0456\u043d\u0448\u0438\u0445 \u0447\u043b\u0435\u043d\u0441\u0442\u0432\u043e \u0432 \u043f\u0430\u043b\u0430\u0442\u0430\u0445 \u0454 \u043b\u0438\u0448\u0435 \u0434\u043e\u0431\u0440\u043e\u0432\u0456\u043b\u044c\u043d\u0438\u043c (\u043d\u0430\u043f\u0440\u0438\u043a\u043b\u0430\u0434, \u0434\u043b\u044f \u0436\u0443\u0440\u043d\u0430\u043b\u0456\u0441\u0442\u0456\u0432).<\/p>\n<p>\u041f\u0440\u043e \u043e\u043a\u0440\u0435\u043c\u0456 \u0432\u0438\u0434\u0438 \u043f\u0456\u0434\u043f\u0440\u0438\u0454\u043c\u043d\u0438\u0446\u044c\u043a\u043e\u0457 \u0434\u0456\u044f\u043b\u044c\u043d\u043e\u0441\u0442\u0456 \u0444\u0456\u0437\u0438\u0447\u043d\u0438\u0445 \u043e\u0441\u0456\u0431 \u043c\u0438 \u0434\u0435\u0442\u0430\u043b\u044c\u043d\u0456\u0448\u0435 \u0440\u043e\u0437\u043f\u043e\u0432\u0456\u043c\u043e \u0432 \u043d\u0430\u0441\u0442\u0443\u043f\u043d\u0438\u0445 \u0440\u043e\u0437\u0434\u0456\u043b\u0430\u0445.<\/p>\n<ul class=\"bullet-links\">\n<li><a href=\"https:\/\/metropolevsech.eu\/ua\/potrebuji-resit\/podnikani\/podnikani-fyzickych-osob-2\/zivnostenske-podnikani-cizincu-v-cr\/\">\u0406\u043d\u0434\u0438\u0432\u0456\u0434\u0443\u0430\u043b\u044c\u043d\u0430 \u043f\u0456\u0434\u043f\u0440\u0438\u0454\u043c\u043d\u0438\u0446\u044c\u043a\u0430 \u0434\u0456\u044f\u043b\u044c\u043d\u0456\u0441\u0442\u044c<\/a><\/li>\n<li><a href=\"https:\/\/metropolevsech.eu\/ua\/potrebuji-resit\/podnikani\/podnikani-fyzickych-osob-2\/14822-2\/\">\u0412\u0456\u043b\u044c\u043d\u0456 \u043f\u0440\u043e\u0444\u0435\u0441\u0456\u0457<\/a><\/li>\n<\/ul>\n<p>&nbsp;<\/p>\n<p>\u041e\u043d\u043e\u0432\u043b\u0435\u043d\u043e \u0437 \u0442\u043e\u0447\u043a\u0438 \u0437\u043e\u0440\u0443 \u0441\u043e\u0446\u0456\u0430\u043b\u044c\u043d\u043e-\u043f\u0440\u0430\u0432\u043e\u0432\u043e\u0433\u043e \u0437\u043c\u0456\u0441\u0442\u0443 8 \u043b\u0438\u0441\u0442\u043e\u043f\u0430\u0434\u0430 2021 \u0440\u043e\u043a\u0443.<\/p>","protected":false},"excerpt":{"rendered":"<p>\u0423 \u0446\u044c\u043e\u043c\u0443 \u0440\u043e\u0437\u0434\u0456\u043b\u0456 \u0432\u0438 \u0434\u0456\u0437\u043d\u0430\u0454\u0442\u0435\u0441\u044f, \u0445\u0442\u043e \u0442\u0430\u043a\u0438\u0439 \u0456\u043d\u0434\u0438\u0432\u0456\u0434\u0443\u0430\u043b\u044c\u043d\u0438\u0439 \u043f\u0456\u0434\u043f\u0440\u0438\u0454\u043c\u0435\u0446\u044c (\u0444\u0456\u0437\u0438\u0447\u043d\u0430 \u043e\u0441\u043e\u0431\u0430) \u0456 \u043d\u0430 \u043f\u0456\u0434\u0441\u0442\u0430\u0432\u0456 \u044f\u043a\u043e\u0433\u043e \u0434\u043e\u0437\u0432\u043e\u043b\u0443 \u0432\u0456\u043d \u043c\u043e\u0436\u0435 \u0432\u0435\u0441\u0442\u0438 \u0431\u0456\u0437\u043d\u0435\u0441 \u0443 \u0427\u0435\u0445\u0456\u0457. \u041f\u0456\u0434\u043f\u0440\u0438\u0454\u043c\u0446\u0435\u043c \u0443 \u0427\u0435\u0445\u0456\u0457 \u0432\u0432\u0430\u0436\u0430\u0454\u0442\u044c\u0441\u044f \u0442\u043e\u0439, \u0445\u0442\u043e \u0441\u0430\u043c\u043e\u0441\u0442\u0456\u0439\u043d\u043e \u0437\u0434\u0456\u0439\u0441\u043d\u044e\u0454 \u043f\u0440\u0438\u0431\u0443\u0442\u043a\u043e\u0432\u0443 \u0434\u0456\u044f\u043b\u044c\u043d\u0456\u0441\u0442\u044c \u0437\u0430 \u0441\u0432\u0456\u0439 \u0440\u0430\u0445\u0443\u043d\u043e\u043a \u0456 \u043d\u0430 \u0432\u043b\u0430\u0441\u043d\u0443 \u0432\u0456\u0434\u043f\u043e\u0432\u0456\u0434\u0430\u043b\u044c\u043d\u0456\u0441\u0442\u044c, \u0430&#8230;<\/p>\n<a class=\"more-block\" href=\"https:\/\/metropolevsech.eu\/ua\/potrebuji-resit\/podnikani\/podnikani-fyzickych-osob-2\/\">\u0427\u0438\u0442\u0430\u0442\u0438 \u0431\u0456\u043b\u044c\u0448\u0435<\/a>","protected":false},"author":7,"featured_media":0,"parent":603,"menu_order":2,"comment_status":"closed","ping_status":"closed","template":"","meta":[],"acf":[],"_links":{"self":[{"href":"https:\/\/metropolevsech.eu\/ua\/wp-json\/wp\/v2\/pages\/14813"}],"collection":[{"href":"https:\/\/metropolevsech.eu\/ua\/wp-json\/wp\/v2\/pages"}],"about":[{"href":"https:\/\/metropolevsech.eu\/ua\/wp-json\/wp\/v2\/types\/page"}],"author":[{"embeddable":true,"href":"https:\/\/metropolevsech.eu\/ua\/wp-json\/wp\/v2\/users\/7"}],"replies":[{"embeddable":true,"href":"https:\/\/metropolevsech.eu\/ua\/wp-json\/wp\/v2\/comments?post=14813"}],"version-history":[{"count":7,"href":"https:\/\/metropolevsech.eu\/ua\/wp-json\/wp\/v2\/pages\/14813\/revisions"}],"predecessor-version":[{"id":24548,"href":"https:\/\/metropolevsech.eu\/ua\/wp-json\/wp\/v2\/pages\/14813\/revisions\/24548"}],"up":[{"embeddable":true,"href":"https:\/\/metropolevsech.eu\/ua\/wp-json\/wp\/v2\/pages\/603"}],"wp:attachment":[{"href":"https:\/\/metropolevsech.eu\/ua\/wp-json\/wp\/v2\/media?parent=14813"}],"curies":[{"name":"wp","href":"https:\/\/api.w.org\/{rel}","templated":true}]}}