{"id":14822,"date":"2021-10-13T11:18:18","date_gmt":"2021-10-13T09:18:18","guid":{"rendered":"https:\/\/metropolevsech.eu\/?page_id=14822"},"modified":"2021-12-31T09:53:36","modified_gmt":"2021-12-31T08:53:36","slug":"14822-2","status":"publish","type":"page","link":"https:\/\/metropolevsech.eu\/ua\/potrebuji-resit\/podnikani\/podnikani-fyzickych-osob-2\/14822-2\/","title":{"rendered":"\u0412\u0456\u043b\u044c\u043d\u0456 \u043f\u0440\u043e\u0444\u0435\u0441\u0456\u0457"},"content":{"rendered":"<p><\/p>\n<h3>(svobodn\u00e1 povol\u00e1n\u00ed)<\/h3>\n<p>\u042f\u043a\u0449\u043e \u0432\u0438 \u0445\u043e\u0447\u0435\u0442\u0435 \u043c\u0430\u0442\u0438 \u043d\u0435\u0437\u0430\u043b\u0435\u0436\u043d\u0443 \u043f\u0440\u043e\u0444\u0435\u0441\u0456\u044e, \u043d\u0430\u043f\u0440\u0438\u043a\u043b\u0430\u0434, \u0430\u043a\u0442\u043e\u0440\u0430 \u0447\u0438 \u043c\u0443\u0437\u0438\u043a\u0430\u043d\u0442\u0430, \u0441\u0432\u0456\u0434\u043e\u0446\u0442\u0432\u043e \u043f\u0456\u0434\u043f\u0440\u0438\u0454\u043c\u0446\u044f \u0432\u0430\u043c \u043d\u0435 \u043f\u043e\u0442\u0440\u0456\u0431\u043d\u043e.<\/p>\n<p>\u0406\u043d\u0448\u0456 \u043f\u0440\u0430\u0432\u0438\u043b\u0430 \u0442\u0430\u043a\u043e\u0436 \u0434\u0456\u044e\u0442\u044c \u0449\u043e\u0434\u043e \u0432\u0435\u0434\u0435\u043d\u043d\u044f \u0431\u0456\u0437\u043d\u0435\u0441\u0443 \u0443 \u0441\u0444\u0435\u0440\u0456 \u0441\u0456\u043b\u044c\u0441\u044c\u043a\u043e\u0433\u043e\u0441\u043f\u043e\u0434\u0430\u0440\u0441\u044c\u043a\u043e\u0433\u043e \u0432\u0438\u0440\u043e\u0431\u043d\u0438\u0446\u0442\u0432\u0430, \u043b\u0456\u0441\u043e\u0432\u043e\u0433\u043e \u0442\u0430 \u0432\u043e\u0434\u043d\u043e\u0433\u043e \u0433\u043e\u0441\u043f\u043e\u0434\u0430\u0440\u0441\u0442\u0432\u0430, \u0434\u043b\u044f \u044f\u043a\u0438\u0445 \u0434\u043e\u0441\u0442\u0430\u0442\u043d\u044c\u043e \u0437\u0430\u0440\u0435\u0454\u0441\u0442\u0440\u0443\u0432\u0430\u0442\u0438\u0441\u044f \u0432 \u043c\u0456\u0441\u044c\u043a\u043e\u043c\u0443 \u0443\u043f\u0440\u0430\u0432\u043b\u0456\u043d\u043d\u0456.<\/p>\n<p>\u0414\u0430\u043b\u0456, \u0443 \u0432\u0438\u043f\u0430\u0434\u043a\u0443 \u043f\u0440\u043e\u0444\u0435\u0441\u0456\u0439, \u0449\u043e \u0440\u0435\u0433\u0443\u043b\u044e\u044e\u0442\u044c\u0441\u044f \u0441\u043f\u0435\u0446\u0456\u0430\u043b\u044c\u043d\u0438\u043c\u0438 \u043f\u0440\u0430\u0432\u0438\u043b\u0430\u043c\u0438 (\u0434\u043b\u044f \u044f\u043a\u0438\u0445 \u0437\u0430\u0437\u0432\u0438\u0447\u0430\u0439 \u043f\u043e\u0442\u0440\u0456\u0431\u0435\u043d \u0434\u0435\u0440\u0436\u0430\u0432\u043d\u0438\u0439 \u0456\u0441\u043f\u0438\u0442), \u0441\u0432\u0456\u0434\u043e\u0446\u0442\u0432\u043e \u043f\u0456\u0434\u043f\u0440\u0438\u0454\u043c\u0446\u044f \u0442\u0430\u043a\u043e\u0436 \u043d\u0435 \u0432\u0438\u043c\u0430\u0433\u0430\u0454\u0442\u044c\u0441\u044f. \u0426\u0435, \u043d\u0430\u043f\u0440\u0438\u043a\u043b\u0430\u0434, \u0442\u0430\u043a\u0456 \u043f\u0440\u043e\u0444\u0435\u0441\u0456\u0457: \u0430\u0434\u0432\u043e\u043a\u0430\u0442, \u0431\u0440\u043e\u043a\u0435\u0440, \u043f\u043e\u0434\u0430\u0442\u043a\u043e\u0432\u0438\u0439 \u043a\u043e\u043d\u0441\u0443\u043b\u044c\u0442\u0430\u043d\u0442, \u0435\u043a\u0441\u043f\u0435\u0440\u0442, \u043f\u0441\u0438\u0445\u043e\u0442\u0435\u0440\u0430\u043f\u0435\u0432\u0442 \u0442\u0430 \u0456\u043d\u0448\u0456. \u041e\u0434\u043d\u0430\u043a, \u0449\u043e\u0431 \u0437\u0430\u0439\u043c\u0430\u0442\u0438\u0441\u044f \u0441\u0430\u043c\u043e\u0441\u0442\u0456\u0439\u043d\u043e \u0442\u0430\u043a\u043e\u044e \u043f\u0440\u043e\u0444\u0435\u0441\u0456\u0454\u044e, \u043d\u0435\u043e\u0431\u0445\u0456\u0434\u043d\u043e \u0432\u0456\u0434\u043f\u043e\u0432\u0456\u0434\u0430\u0442\u0438 \u0456\u043d\u0448\u0438\u043c \u0432\u0438\u043c\u043e\u0433\u0430\u043c.<\/p>\n<p><em><div class=\"box-ok\"><\/em> <em>\u041a\u043e\u043d\u043a\u0440\u0435\u0442\u043d\u0456 \u0456\u043d\u0441\u0442\u0440\u0443\u043a\u0446\u0456\u0457 \u0449\u043e\u0434\u043e \u0442\u043e\u0433\u043e, \u044f\u043a \u0440\u043e\u0437\u043f\u043e\u0447\u0430\u0442\u0438 \u0431\u0456\u0437\u043d\u0435\u0441 \u0437\u0430 \u043e\u043a\u0440\u0435\u043c\u0438\u043c\u0438 \u043f\u0440\u043e\u0444\u0435\u0441\u0456\u044f\u043c\u0438, \u0432\u0438 \u043c\u043e\u0436\u0435\u0442\u0435 \u0437\u043d\u0430\u0439\u0442\u0438 \u043d\u0430 \u0441\u0430\u0439\u0442\u0456 businessinfo.cz \u2013 <\/em><a href=\"https:\/\/www.businessinfo.cz\/navody\/\"><em>\u0443 \u0441\u0435\u043a\u0446\u0456\u0457 \u00ab\u041f\u0443\u0442\u0456\u0432\u043d\u0438\u043a \u0434\u043b\u044f \u043f\u0456\u0434\u043f\u0440\u0438\u0454\u043c\u0446\u0456\u0432\u00bb<\/em><\/a><em>. \u041d\u0430\u043f\u0440\u0438\u043a\u043b\u0430\u0434, \u0432\u0438 \u043c\u043e\u0436\u0435\u0442\u0435 \u043f\u043e\u0434\u0438\u0432\u0438\u0442\u0438\u0441\u044f, <\/em><a href=\"https:\/\/www.businessinfo.cz\/navody\/vykon-cinnosti-advokata\/\"><em>\u044f\u043a \u0441\u0442\u0430\u0442\u0438 \u0430\u0434\u0432\u043e\u043a\u0430\u0442\u043e\u043c \u0443 \u0427\u0435\u0445\u0456\u0457 \u2013 \u043a\u0440\u043e\u043a \u0437\u0430 \u043a\u0440\u043e\u043a\u043e\u043c<\/em><\/a><em>. <\/div><\/em><\/p>","protected":false},"excerpt":{"rendered":"<p>(svobodn\u00e1 povol\u00e1n\u00ed) \u042f\u043a\u0449\u043e \u0432\u0438 \u0445\u043e\u0447\u0435\u0442\u0435 \u043c\u0430\u0442\u0438 \u043d\u0435\u0437\u0430\u043b\u0435\u0436\u043d\u0443 \u043f\u0440\u043e\u0444\u0435\u0441\u0456\u044e, \u043d\u0430\u043f\u0440\u0438\u043a\u043b\u0430\u0434, \u0430\u043a\u0442\u043e\u0440\u0430 \u0447\u0438 \u043c\u0443\u0437\u0438\u043a\u0430\u043d\u0442\u0430, \u0441\u0432\u0456\u0434\u043e\u0446\u0442\u0432\u043e \u043f\u0456\u0434\u043f\u0440\u0438\u0454\u043c\u0446\u044f \u0432\u0430\u043c \u043d\u0435 \u043f\u043e\u0442\u0440\u0456\u0431\u043d\u043e. \u0406\u043d\u0448\u0456 \u043f\u0440\u0430\u0432\u0438\u043b\u0430 \u0442\u0430\u043a\u043e\u0436 \u0434\u0456\u044e\u0442\u044c \u0449\u043e\u0434\u043e \u0432\u0435\u0434\u0435\u043d\u043d\u044f \u0431\u0456\u0437\u043d\u0435\u0441\u0443 \u0443 \u0441\u0444\u0435\u0440\u0456 \u0441\u0456\u043b\u044c\u0441\u044c\u043a\u043e\u0433\u043e\u0441\u043f\u043e\u0434\u0430\u0440\u0441\u044c\u043a\u043e\u0433\u043e \u0432\u0438\u0440\u043e\u0431\u043d\u0438\u0446\u0442\u0432\u0430, \u043b\u0456\u0441\u043e\u0432\u043e\u0433\u043e \u0442\u0430 \u0432\u043e\u0434\u043d\u043e\u0433\u043e \u0433\u043e\u0441\u043f\u043e\u0434\u0430\u0440\u0441\u0442\u0432\u0430, \u0434\u043b\u044f \u044f\u043a\u0438\u0445 \u0434\u043e\u0441\u0442\u0430\u0442\u043d\u044c\u043e \u0437\u0430\u0440\u0435\u0454\u0441\u0442\u0440\u0443\u0432\u0430\u0442\u0438\u0441\u044f \u0432 \u043c\u0456\u0441\u044c\u043a\u043e\u043c\u0443 \u0443\u043f\u0440\u0430\u0432\u043b\u0456\u043d\u043d\u0456. \u0414\u0430\u043b\u0456,&#8230;<\/p>\n<a class=\"more-block\" href=\"https:\/\/metropolevsech.eu\/ua\/potrebuji-resit\/podnikani\/podnikani-fyzickych-osob-2\/14822-2\/\">\u0427\u0438\u0442\u0430\u0442\u0438 \u0431\u0456\u043b\u044c\u0448\u0435<\/a>","protected":false},"author":7,"featured_media":0,"parent":14813,"menu_order":2,"comment_status":"closed","ping_status":"closed","template":"","meta":[],"acf":[],"_links":{"self":[{"href":"https:\/\/metropolevsech.eu\/ua\/wp-json\/wp\/v2\/pages\/14822"}],"collection":[{"href":"https:\/\/metropolevsech.eu\/ua\/wp-json\/wp\/v2\/pages"}],"about":[{"href":"https:\/\/metropolevsech.eu\/ua\/wp-json\/wp\/v2\/types\/page"}],"author":[{"embeddable":true,"href":"https:\/\/metropolevsech.eu\/ua\/wp-json\/wp\/v2\/users\/7"}],"replies":[{"embeddable":true,"href":"https:\/\/metropolevsech.eu\/ua\/wp-json\/wp\/v2\/comments?post=14822"}],"version-history":[{"count":3,"href":"https:\/\/metropolevsech.eu\/ua\/wp-json\/wp\/v2\/pages\/14822\/revisions"}],"predecessor-version":[{"id":16176,"href":"https:\/\/metropolevsech.eu\/ua\/wp-json\/wp\/v2\/pages\/14822\/revisions\/16176"}],"up":[{"embeddable":true,"href":"https:\/\/metropolevsech.eu\/ua\/wp-json\/wp\/v2\/pages\/14813"}],"wp:attachment":[{"href":"https:\/\/metropolevsech.eu\/ua\/wp-json\/wp\/v2\/media?parent=14822"}],"curies":[{"name":"wp","href":"https:\/\/api.w.org\/{rel}","templated":true}]}}