{"id":14827,"date":"2021-10-13T11:58:11","date_gmt":"2021-10-13T09:58:11","guid":{"rendered":"https:\/\/metropolevsech.eu\/?page_id=14827"},"modified":"2021-12-31T09:58:48","modified_gmt":"2021-12-31T08:58:48","slug":"povinnosti-podnikatelu","status":"publish","type":"page","link":"https:\/\/metropolevsech.eu\/ua\/potrebuji-resit\/podnikani\/povinnosti-podnikatelu\/","title":{"rendered":"\u041e\u0431\u043e\u0432\u2019\u044f\u0437\u043a\u0438 \u043f\u0456\u0434\u043f\u0440\u0438\u0454\u043c\u0446\u0456\u0432"},"content":{"rendered":"<p><em>\u0422\u0443\u0442 \u0432\u0438 \u0437\u043d\u0430\u0439\u0434\u0435\u0442\u0435 \u043e\u0433\u043b\u044f\u0434 \u043e\u0441\u043d\u043e\u0432\u043d\u0438\u0445 \u043e\u0431\u043e\u0432\u2019\u044f\u0437\u043a\u0456\u0432 \u043f\u0456\u0434\u043f\u0440\u0438\u0454\u043c\u0446\u0456\u0432. \u041e\u0434\u043d\u0430\u043a \u043f\u0430\u043c\u2019\u044f\u0442\u0430\u0439\u0442\u0435, \u0449\u043e \u0456\u0441\u043d\u0443\u0454 \u0440\u044f\u0434 \u0456\u043d\u0448\u0438\u0445 \u0437\u043e\u0431\u043e\u0432\u2019\u044f\u0437\u0430\u043d\u044c \u043f\u0456\u0434\u043f\u0440\u0438\u0454\u043c\u0446\u0456\u0432 \u0437\u0430 \u0441\u043f\u0435\u0446\u0456\u0430\u043b\u044c\u043d\u0438\u043c\u0438 \u0437\u0430\u043a\u043e\u043d\u0430\u043c\u0438, \u043d\u0430\u043f\u0440\u0438\u043a\u043b\u0430\u0434, \u0437\u0430 <\/em><a href=\"https:\/\/www.businessinfo.cz\/formulare\/zivnostensky-zakon-455-1991-sb\/\"><em>\u0417\u0430\u043a\u043e\u043d\u043e\u043c \u00ab\u041f\u0440\u043e \u0456\u043d\u0434\u0438\u0432\u0456\u0434\u0443\u0430\u043b\u044c\u043d\u0435 \u043f\u0456\u0434\u043f\u0440\u0438\u0454\u043c\u043d\u0438\u0446\u0442\u0432\u043e\u00bb (\u017eivnostensk\u00fd z\u00e1kon)<\/em><\/a><em>. \u0406\u043d\u0444\u043e\u0440\u043c\u0430\u0446\u0456\u044e \u043f\u0440\u043e \u043e\u0431\u043e\u0432\u2019\u044f\u0437\u043a\u0438 \u043f\u0456\u0434\u043f\u0440\u0438\u0454\u043c\u0446\u0456\u0432 \u043f\u0456\u0441\u043b\u044f \u0441\u0442\u0432\u043e\u0440\u0435\u043d\u043d\u044f \u043d\u043e\u0432\u043e\u0433\u043e \u0442\u043e\u0432\u0430\u0440\u0438\u0441\u0442\u0432\u0430 \u043c\u043e\u0436\u043d\u0430 \u0437\u043d\u0430\u0439\u0442\u0438 \u043d\u0430 \u0441\u0430\u0439\u0442\u0456 <\/em><a href=\"https:\/\/www.businessinfo.cz\/navody\/povinnosti-podnikatele-zalozeni-ppbi\/\"><em>www.BusinessINFO.cz<\/em><\/a><em>.<\/em><\/p>\n<ul class=\"bullet\">\n<li><a href=\"#advancepayments\">\u041e\u0431\u043e\u0432\u2019\u044f\u0437\u043e\u043a \u0441\u043f\u043b\u0430\u0447\u0443\u0432\u0430\u0442\u0438 \u0430\u0432\u0430\u043d\u0441\u043e\u0432\u0456 \u0432\u043d\u0435\u0441\u043a\u0438 \u0434\u043e \u0444\u043e\u043d\u0434\u0443 \u043c\u0435\u0434\u0438\u0447\u043d\u043e\u0433\u043e \u0442\u0430 \u0441\u043e\u0446\u0456\u0430\u043b\u044c\u043d\u043e\u0433\u043e \u0441\u0442\u0440\u0430\u0445\u0443\u0432\u0430\u043d\u043d\u044f<\/a><\/li>\n<li><a href=\"#recordsandtaxes\">\u041f\u043e\u0434\u0430\u0442\u043a\u043e\u0432\u0438\u0439 \u043e\u0431\u043b\u0456\u043a \u0442\u0430 \u043e\u0431\u043e\u0432\u2019\u044f\u0437\u043e\u043a \u0441\u043f\u043b\u0430\u0447\u0443\u0432\u0430\u0442\u0438 \u043f\u043e\u0434\u0430\u0442\u043a\u0438<\/a><\/li>\n<\/ul>\n<h3 id=\"advancepayments\"><strong>\u041e\u0431\u043e\u0432\u2019\u044f\u0437\u043e\u043a \u0441\u043f\u043b\u0430\u0447\u0443\u0432\u0430\u0442\u0438 \u0430\u0432\u0430\u043d\u0441\u043e\u0432\u0456 \u0432\u043d\u0435\u0441\u043a\u0438 \u0434\u043e \u0444\u043e\u043d\u0434\u0443 \u043c\u0435\u0434\u0438\u0447\u043d\u043e\u0433\u043e \u0442\u0430 \u0441\u043e\u0446\u0456\u0430\u043b\u044c\u043d\u043e\u0433\u043e \u0441\u0442\u0440\u0430\u0445\u0443\u0432\u0430\u043d\u043d\u044f <\/strong><\/h3>\n<p>\u042f\u043a \u043f\u0456\u0434\u043f\u0440\u0438\u0454\u043c\u0435\u0446\u044c, \u0432\u0438 \u0437\u043e\u0431\u043e\u0432\u2019\u044f\u0437\u0430\u043d\u0456 \u0441\u0430\u043c\u043e\u0441\u0442\u0456\u0439\u043d\u043e \u043e\u043f\u043b\u0430\u0447\u0443\u0432\u0430\u0442\u0438 \u043c\u0435\u0434\u0438\u0447\u043d\u0435 \u0441\u0442\u0440\u0430\u0445\u0443\u0432\u0430\u043d\u043d\u044f. \u042f\u043a\u0449\u043e \u0432\u0438 \u0432 \u0427\u0435\u0445\u0456\u0457 \u043f\u043e\u0434\u0430\u043b\u0438 \u0437\u0430\u044f\u0432\u0443 \u043d\u0430 \u0434\u043e\u0432\u0433\u043e\u0441\u0442\u0440\u043e\u043a\u043e\u0432\u0443 \u0432\u0456\u0437\u0443, \u0434\u043e\u0437\u0432\u0456\u043b \u043d\u0430 \u0434\u043e\u0432\u0433\u043e\u0441\u0442\u0440\u043e\u043a\u043e\u0432\u0435 \u043f\u0435\u0440\u0435\u0431\u0443\u0432\u0430\u043d\u043d\u044f \u0430\u0431\u043e \u043f\u0440\u043e\u0434\u043e\u0432\u0436\u0435\u043d\u043d\u044f \u0434\u043e\u0437\u0432\u043e\u043b\u0443 \u043d\u0430 \u043f\u0435\u0440\u0435\u0431\u0443\u0432\u0430\u043d\u043d\u044f \u0432\u0436\u0435 \u0443 \u0440\u0430\u043c\u043a\u0430\u0445 \u0432\u0430\u0448\u043e\u0433\u043e \u043f\u0435\u0440\u0435\u0431\u0443\u0432\u0430\u043d\u043d\u044f \u0432 \u0427\u0435\u0445\u0456\u0457, \u0432\u0438 \u044f\u043a \u0456\u043d\u043e\u0437\u0435\u043c\u0446\u0456 \u0437\u043e\u0431\u043e\u0432\u2019\u044f\u0437\u0430\u043d\u0456 \u0443\u043a\u043b\u0430\u0441\u0442\u0438 \u0434\u043e\u0433\u043e\u0432\u0456\u0440 <a href=\"https:\/\/metropolevsech.eu\/ua\/potrebuji-resit\/zdravotnictvi-zdravotni-a-socialni-pojisteni\/zdravotni-pojisteni\/\"><strong>\u043a\u043e\u043c\u0435\u0440\u0446\u0456\u0439\u043d\u043e\u0433\u043e \u043c\u0435\u0434\u0438\u0447\u043d\u043e\u0433\u043e \u0441\u0442\u0440\u0430\u0445\u0443\u0432\u0430\u043d\u043d\u044f \u0432 \u043e\u0431\u0441\u044f\u0437\u0456 \u043a\u043e\u043c\u043f\u043b\u0435\u043a\u0441\u043d\u043e\u0457 \u043c\u0435\u0434\u0438\u0447\u043d\u043e\u0457 \u0434\u043e\u043f\u043e\u043c\u043e\u0433\u0438<\/strong><\/a>.<\/p>\n<p>\u0423 \u0427\u0435\u0445\u0456\u0457 \u0432\u0438 \u0442\u0430\u043a\u043e\u0436 \u043f\u043e\u0432\u0438\u043d\u043d\u0456 \u0441\u0430\u043c\u043e\u0441\u0442\u0456\u0439\u043d\u043e \u043e\u043f\u043b\u0430\u0447\u0443\u0432\u0430\u0442\u0438 <strong>\u0441\u043e\u0446\u0456\u0430\u043b\u044c\u043d\u0435 \u0441\u0442\u0440\u0430\u0445\u0443\u0432\u0430\u043d\u043d\u044f<\/strong>. \u0417\u0430\u0437\u0432\u0438\u0447\u0430\u0439 \u0432\u043e\u043d\u043e \u043e\u043f\u043b\u0430\u0447\u0443\u0454\u0442\u044c\u0441\u044f \u0432\u0456\u0434 \u043f\u043e\u0447\u0430\u0442\u043a\u0443 \u043f\u0456\u0434\u043f\u0440\u0438\u0454\u043c\u043d\u0438\u0446\u044c\u043a\u043e\u0457 \u0434\u0456\u044f\u043b\u044c\u043d\u043e\u0441\u0442\u0456 \u0443 \u0432\u0438\u0433\u043b\u044f\u0434\u0456 \u0449\u043e\u043c\u0456\u0441\u044f\u0447\u043d\u0438\u0445 \u0430\u0432\u0430\u043d\u0441\u0456\u0432. \u0410\u0432\u0430\u043d\u0441\u0438 \u0442\u0440\u0435\u0431\u0430 \u043f\u0435\u0440\u0435\u0440\u0430\u0445\u043e\u0432\u0443\u0432\u0430\u0442\u0438 \u0432 <a href=\"https:\/\/metropolevsech.eu\/ua\/urady-v-praze\/ostatni-urady\/\"><strong>\u0420<\/strong><strong>\u0430\u0439\u043e\u043d\u043d<\/strong><strong>\u0435<\/strong><strong> \u0443\u043f\u0440\u0430\u0432\u043b\u0456\u043d\u043d\u044f \u0441\u043e\u0446\u0456\u0430\u043b\u044c\u043d\u043e\u0433\u043e \u0437\u0430\u0445\u0438\u0441\u0442\u0443 <\/strong><strong>\u043d\u0430\u0441\u0435\u043b\u0435\u043d\u043d\u044f <\/strong><strong>(OSSZ)<\/strong><\/a> \u0434\u043e \u043a\u0456\u043d\u0446\u044f \u043c\u0456\u0441\u044f\u0446\u044f, \u0437\u0430 \u044f\u043a\u0438\u0439 \u0432\u0438 \u0441\u043f\u043b\u0430\u0447\u0443\u0454\u0442\u0435 \u0430\u0432\u0430\u043d\u0441.<\/p>\n<p><em>\u042f\u043a\u0449\u043e \u0432\u0438 \u043c\u0430\u0454\u0442\u0435 \u0434\u043e\u0437\u0432\u0456\u043b \u043d\u0430 \u043f\u0435\u0440\u0435\u0431\u0443\u0432\u0430\u043d\u043d\u044f \u0437 \u043c\u0435\u0442\u043e\u044e \u043f\u0456\u0434\u043f\u0440\u0438\u0454\u043c\u043d\u0438\u0446\u044c\u043a\u0430 \u0434\u0456\u044f\u043b\u044c\u043d\u0456\u0441\u0442\u044c, <strong>\u0432\u0438 \u043d\u0435 \u043c\u043e\u0436\u0435\u0442\u0435 \u0437\u043d\u0456\u043c\u0430\u0442\u0438\u0441\u044f \u0437 \u043e\u0431\u043b\u0456\u043a\u0443 OSSZ<\/strong>, \u043d\u0430\u0432\u0456\u0442\u044c \u044f\u043a\u0449\u043e \u0432\u0438 \u0434\u0435\u044f\u043a\u0438\u0439 \u0447\u0430\u0441 \u043d\u0435 \u0437\u0430\u0439\u043c\u0430\u0454\u0442\u0435\u0441\u044f \u043f\u0456\u0434\u043f\u0440\u0438\u0454\u043c\u043d\u0438\u0446\u044c\u043a\u043e\u044e \u0434\u0456\u044f\u043b\u044c\u043d\u0456\u0441\u0442\u044e, \u0443 \u0432\u0430\u0441 \u043d\u0435\u043c\u0430\u0454 \u0434\u043e\u0445\u043e\u0434\u0443 \u0430\u0431\u043e \u0432\u0438 \u043d\u0435 \u0437\u043d\u0430\u0445\u043e\u0434\u0438\u0442\u0435\u0441\u044f \u0432 \u0427\u0435\u0445\u0456\u0457.<\/em><\/p>\n<p>\u041e\u0431\u043e\u0432\u2019\u044f\u0437\u043a\u043e\u0432\u0456 \u043f\u043b\u0430\u0442\u0435\u0436\u0456 \u0442\u0430\u043a\u043e\u0436 \u043c\u043e\u0436\u043d\u0430 \u0432\u0438\u0440\u0456\u0448\u0438\u0442\u0438 \u0437\u0430 \u0434\u043e\u043f\u043e\u043c\u043e\u0433\u043e\u044e \u0442.\u0437\u0432. <strong>\u0454\u0434\u0438\u043d\u043e\u0433\u043e \u043f\u043e\u0434\u0430\u0442\u043a\u0443<\/strong> (\u0434\u0438\u0432. \u043d\u0438\u0436\u0447\u0435).<\/p>\n<h3 id=\"recordsandtaxes\"><strong>\u041f\u043e\u0434\u0430\u0442\u043a\u043e\u0432\u0438\u0439 \u043e\u0431\u043b\u0456\u043a \u0442\u0430 \u043e\u0431\u043e\u0432\u2019\u044f\u0437\u043e\u043a \u0441\u043f\u043b\u0430\u0447\u0443\u0432\u0430\u0442\u0438 \u043f\u043e\u0434\u0430\u0442\u043a\u0438 <\/strong><\/h3>\n<p>\u041f\u0440\u043e\u0442\u044f\u0433\u043e\u043c \u0440\u043e\u043a\u0443 \u0437\u0431\u0435\u0440\u0456\u0433\u0430\u0439\u0442\u0435 \u0432\u0441\u0456 \u0434\u043e\u043a\u0443\u043c\u0435\u043d\u0442\u0438 \u0437 \u043c\u0435\u0442\u043e\u044e \u043f\u043e\u0434\u0430\u0442\u043a\u043e\u0432\u043e\u0433\u043e \u043e\u0431\u043b\u0456\u043a\u0443, \u043f\u043e\u0442\u0456\u043c \u0432\u0438 \u0431\u0443\u0434\u0435\u0442\u0435 \u0434\u0435\u043a\u043b\u0430\u0440\u0443\u0432\u0430\u0442\u0438 \u0440\u0435\u0430\u043b\u044c\u043d\u0456 \u0432\u0438\u0442\u0440\u0430\u0442\u0438. \u0422\u0430\u043a\u043e\u0436 \u043c\u043e\u0436\u043d\u0430 \u0437\u0430\u0441\u0442\u043e\u0441\u0443\u0432\u0430\u0442\u0438 \u0442.\u0437\u0432. <strong>\u0454\u0434\u0438\u043d\u0438\u0439 \u043f\u043e\u0434\u0430\u0442\u043e\u043a<\/strong> \u0432 \u0440\u0430\u043c\u043a\u0430\u0445 \u043e\u0431\u043b\u0456\u043a\u0443 \u0434\u043e\u0445\u043e\u0434\u0456\u0432, \u0443 \u0442\u0430\u043a\u043e\u043c\u0443 \u0432\u0438\u043f\u0430\u0434\u043a\u0443 \u0432\u0430\u043c \u0434\u043e\u0441\u0442\u0430\u0442\u043d\u044c\u043e \u0440\u0435\u0454\u0441\u0442\u0440\u0443\u0432\u0430\u0442\u0438 \u043b\u0438\u0448\u0435 \u0434\u043e\u043a\u0443\u043c\u0435\u043d\u0442\u0438 \u043f\u0440\u043e \u0434\u043e\u0445\u043e\u0434\u0438 \u0442\u0430 \u0432\u0438\u0441\u0442\u0430\u0432\u043b\u0435\u043d\u0456 \u0440\u0430\u0445\u0443\u043d\u043a\u0438-\u0444\u0430\u043a\u0442\u0443\u0440\u0438.<\/p>\n<p><em>\u042f\u043a\u0449\u043e \u0432\u0438 \u043f\u0440\u043e\u0436\u0438\u0432\u0430\u0454\u0442\u0435 \u0432 \u0427\u0435\u0445\u0456\u0457 \u043d\u0430 \u043f\u0456\u0434\u0441\u0442\u0430\u0432\u0456 \u0434\u043e\u0437\u0432\u043e\u043b\u0443 \u043d\u0430 \u043f\u0435\u0440\u0435\u0431\u0443\u0432\u0430\u043d\u043d\u044f \u0437 \u043c\u0435\u0442\u043e\u044e \u043f\u0456\u0434\u043f\u0440\u0438\u0454\u043c\u043d\u0438\u0446\u044c\u043a\u043e\u0457 \u0434\u0456\u044f\u043b\u044c\u043d\u043e\u0441\u0442\u0456 \u0456 \u044f\u043a\u0449\u043e \u0432\u0438 \u0437\u0430\u0441\u0442\u043e\u0441\u043e\u0432\u0443\u0454\u0442\u0435 \u0442.\u0437\u0432. \u0454\u0434\u0438\u043d\u0438\u0439 \u043f\u043e\u0434\u0430\u0442\u043e\u043a, \u043c\u043e\u0436\u0435 \u0441\u0442\u0430\u0442\u0438\u0441\u044f, \u0449\u043e \u0432\u0438 \u043d\u0435 \u0431\u0443\u0434\u0435\u0442\u0435 \u0432\u0456\u0434\u043f\u043e\u0432\u0456\u0434\u0430\u0442\u0438 \u0443\u043c\u043e\u0432\u0456 \u0449\u043e\u0434\u043e \u0434\u043e\u0441\u0442\u0430\u0442\u043d\u044c\u043e\u0433\u043e \u0440\u043e\u0437\u043c\u0456\u0440\u0443 \u0434\u043e\u0445\u043e\u0434\u0443 \u0434\u043b\u044f \u043f\u0440\u043e\u0434\u043e\u0432\u0436\u0435\u043d\u043d\u044f \u0434\u043e\u0437\u0432\u043e\u043b\u0443 \u043d\u0430 \u043f\u0435\u0440\u0435\u0431\u0443\u0432\u0430\u043d\u043d\u044f. \u0422\u043e\u043c\u0443 \u0437\u0430\u0437\u0434\u0430\u043b\u0435\u0433\u0456\u0434\u044c \u043a\u0440\u0430\u0449\u0435 \u043f\u0440\u043e\u043a\u043e\u043d\u0441\u0443\u043b\u044c\u0442\u0443\u0432\u0430\u0432\u0441\u044f, \u0449\u043e \u0440\u043e\u0431\u0438\u0442\u0438!<\/em><\/p>\n<h4><strong>\u041f\u043e\u0434\u0430\u0442\u043a\u043e\u0432\u0430 \u0434\u0435\u043a\u043b\u0430\u0440\u0430\u0446\u0456\u044f <\/strong><\/h4>\n<p>\u041f\u0456\u0441\u043b\u044f \u0437\u0430\u043a\u0456\u043d\u0447\u0435\u043d\u043d\u044f \u0440\u043e\u043a\u0443 \u0432\u0438 \u0437\u043e\u0431\u043e\u0432\u2019\u044f\u0437\u0430\u043d\u0456 \u043f\u043e\u0434\u0430\u0442\u0438 \u0434\u0435\u043a\u043b\u0430\u0440\u0430\u0446\u0456\u044e \u043f\u0440\u043e \u0434\u043e\u0445\u043e\u0434\u0438 \u0444\u0456\u0437\u0438\u0447\u043d\u0438\u0445 \u043e\u0441\u0456\u0431. \u042f\u043a \u043f\u0440\u0430\u0432\u0438\u043b\u043e, \u0432\u0438 \u043f\u043e\u0432\u0438\u043d\u043d\u0456 \u043f\u043e\u0434\u0430\u0442\u0438 \u043f\u043e\u0434\u0430\u0442\u043a\u043e\u0432\u0443 \u0434\u0435\u043a\u043b\u0430\u0440\u0430\u0446\u0456\u044e \u0434\u043e <a href=\"https:\/\/metropolevsech.eu\/ua\/urady-v-praze\/ostatni-urady\/\"><strong>\u041f<\/strong><strong>\u043e\u0434\u0430\u0442\u043a\u043e\u0432\u043e\u0457 \u0456\u043d\u0441\u043f\u0435\u043a\u0446\u0456\u0457<\/strong><strong> (finan\u010dn\u00ed \u00fa\u0159ad)<\/strong><\/a> \u0437\u0430 \u043c\u0456\u0441\u0446\u0435\u043c \u0432\u0430\u0448\u043e\u0457 \u043f\u0456\u0434\u043f\u0440\u0438\u0454\u043c\u043d\u0438\u0446\u044c\u043a\u043e\u0457 \u0434\u0456\u044f\u043b\u044c\u043d\u043e\u0441\u0442\u0456 \u043d\u0435 \u043f\u0456\u0437\u043d\u0456\u0448\u0435 \u043a\u0456\u043d\u0446\u044f \u0431\u0435\u0440\u0435\u0437\u043d\u044f \u043d\u0430\u0441\u0442\u0443\u043f\u043d\u043e\u0433\u043e \u0440\u043e\u043a\u0443 \u0437\u0430 \u043f\u043e\u043f\u0435\u0440\u0435\u0434\u043d\u0456\u0439 \u0440\u0456\u043a. \u042f\u043a\u0449\u043e \u0432\u0430\u0448\u0443 \u043f\u043e\u0434\u0430\u0442\u043a\u043e\u0432\u0443 \u0434\u0435\u043a\u043b\u0430\u0440\u0430\u0446\u0456\u044e \u0437\u0430\u043f\u043e\u0432\u043d\u044e\u0454 \u043f\u043e\u0434\u0430\u0442\u043a\u043e\u0432\u0438\u0439 \u043a\u043e\u043d\u0441\u0443\u043b\u044c\u0442\u0430\u043d\u0442, \u0446\u0435\u0439 \u0442\u0435\u0440\u043c\u0456\u043d \u043f\u043e\u0434\u043e\u0432\u0436\u0443\u0454\u0442\u044c\u0441\u044f \u0434\u043e \u043a\u0456\u043d\u0446\u044f \u0447\u0435\u0440\u0432\u043d\u044f.<\/p>\n<p><em>\u0414\u0435\u0442\u0430\u043b\u044c\u043d\u0443 \u0456\u043d\u0444\u043e\u0440\u043c\u0430\u0446\u0456\u044e \u043f\u0440\u043e \u0442\u0435, \u044f\u043a \u043f\u043e\u0434\u0430\u0442\u0438 \u043f\u043e\u0434\u0430\u0442\u043a\u043e\u0432\u0443 \u0434\u0435\u043a\u043b\u0430\u0440\u0430\u0446\u0456\u044e, \u043f\u0440\u043e \u043f\u043e\u0434\u0430\u0442\u043a\u043e\u0432\u0456 \u0441\u0442\u0430\u0432\u043a\u0438 \u0432 \u0427\u0435\u0445\u0456\u0457 \u0442\u0430 \u0456\u043d\u0448\u0443 \u043a\u043e\u0440\u0438\u0441\u043d\u0443 \u0456\u043d\u0444\u043e\u0440\u043c\u0430\u0446\u0456\u044e \u043c\u043e\u0436\u043d\u0430 \u0437\u043d\u0430\u0439\u0442\u0438 \u043d\u0430 \u0441\u0430\u0439\u0442\u0456 <\/em><a href=\"https:\/\/www.businessinfo.cz\/navody\/dan-z-prijmu\/\"><em>businessinfo.cz<\/em><\/a><em>.<\/em><\/p>\n<h3><strong>\u0404\u0434\u0438\u043d\u0438\u0439 \u043f\u043e\u0434\u0430\u0442\u043e\u043a <\/strong><\/h3>\n<p>\u0417 2021 \u0440\u043e\u043a\u0443 \u0437\u0430\u043f\u0440\u043e\u0432\u0430\u0434\u0436\u0435\u043d\u043e \u0442.\u0437\u0432. <strong>\u0454\u0434\u0438\u043d\u0438\u0439 \u043f\u043e\u0434\u0430\u0442\u043e\u043a (<\/strong><strong>pau\u0161\u00e1ln\u00ed da\u0148)<\/strong>, \u044f\u043a\u0438\u0439 \u0441\u043f\u0440\u043e\u0449\u0443\u0454 \u043e\u0431\u043e\u0432\u2019\u044f\u0437\u043a\u0438 \u0442\u0430 \u0430\u0434\u043c\u0456\u043d\u0456\u0441\u0442\u0440\u0430\u0442\u0438\u0432\u043d\u0456 \u0441\u043f\u0440\u0430\u0432\u0438 \u0434\u043b\u044f \u0456\u043d\u0434\u0438\u0432\u0456\u0434\u0443\u0430\u043b\u044c\u043d\u0438\u0445 \u043f\u0456\u0434\u043f\u0440\u0438\u0454\u043c\u0446\u0456\u0432. \u0414\u043b\u044f \u0431\u0430\u0433\u0430\u0442\u044c\u043e\u0445 \u0456\u0437 \u043d\u0438\u0445 \u0454\u0434\u0438\u043d\u0438\u0439 \u043f\u043e\u0434\u0430\u0442\u043e\u043a \u2013 \u0446\u0435 \u0449\u0435 \u0439 \u0444\u0456\u043d\u0430\u043d\u0441\u043e\u0432\u0430 \u0435\u043a\u043e\u043d\u043e\u043c\u0456\u044f. \u0404\u0434\u0438\u043d\u0438\u0439 \u043f\u043e\u0434\u0430\u0442\u043e\u043a \u043e\u0431\u2019\u0454\u0434\u043d\u0443\u0454 \u0442\u0440\u0438 \u043f\u043b\u0430\u0442\u0435\u0436\u0456: 1) \u043c\u0435\u0434\u0438\u0447\u043d\u0435 \u0441\u0442\u0440\u0430\u0445\u0443\u0432\u0430\u043d\u043d\u044f, 2) \u0441\u043e\u0446\u0456\u0430\u043b\u044c\u043d\u0435 \u0441\u0442\u0440\u0430\u0445\u0443\u0432\u0430\u043d\u043d\u044f \u0442\u0430 3) \u043f\u043e\u0434\u0430\u0442\u043e\u043a \u043d\u0430 \u0434\u043e\u0445\u043e\u0434\u0438, \u0432 \u0454\u0434\u0438\u043d\u0456\u0439 \u0444\u043e\u0440\u043c\u0456 \u0443 \u0432\u0438\u0433\u043b\u044f\u0434\u0456 \u043e\u0434\u043d\u043e\u0433\u043e \u0449\u043e\u043c\u0456\u0441\u044f\u0447\u043d\u043e\u0433\u043e \u0432\u0456\u0434\u0440\u0430\u0445\u0443\u0432\u0430\u043d\u043d\u044f. \u0424\u041e\u041f, \u044f\u043a\u0456 \u0432\u0438\u0440\u0456\u0448\u0438\u043b\u0438 \u0441\u043f\u043b\u0430\u0447\u0443\u0432\u0430\u0442\u0438 \u0454\u0434\u0438\u043d\u0438\u0439 \u043f\u043e\u0434\u0430\u0442\u043e\u043a, \u043d\u0435 \u043f\u043e\u0432\u0438\u043d\u043d\u0456 \u043f\u043e\u0434\u0430\u0432\u0430\u0442\u0438 \u0434\u0435\u043a\u043b\u0430\u0440\u0430\u0446\u0456\u044e \u043f\u0440\u043e \u0434\u043e\u0445\u043e\u0434\u0438 \u0444\u0456\u0437\u0438\u0447\u043d\u0438\u0445 \u043e\u0441\u0456\u0431, \u0437\u0432\u0456\u0442 \u043f\u0440\u043e \u0434\u043e\u0445\u043e\u0434\u0438 \u0442\u0430 \u0432\u0438\u0442\u0440\u0430\u0442\u0438 \u0434\u043e \u043c\u0435\u0434\u0438\u0447\u043d\u043e\u0457 \u0441\u0442\u0440\u0430\u0445\u043e\u0432\u043e\u0457 \u043a\u043e\u043c\u043f\u0430\u043d\u0456\u0457 \u0456 \u0437\u0432\u0456\u0442 \u043f\u0440\u043e \u0434\u043e\u0445\u043e\u0434\u0438 \u0442\u0430 \u0432\u0438\u0442\u0440\u0430\u0442\u0438 \u0434\u043e OSSZ. \u042f\u043a\u0449\u043e \u0432\u0438 \u0432\u0438\u0440\u0456\u0448\u0438\u043b\u0438 \u0441\u043f\u043b\u0430\u0447\u0443\u0432\u0430\u0442\u0438 \u0454\u0434\u0438\u043d\u0438\u0439 \u043f\u043e\u0434\u0430\u0442\u043e\u043a, \u0432\u0438 \u043f\u043e\u0432\u0438\u043d\u043d\u0456 \u0437\u0430\u0440\u0435\u0454\u0441\u0442\u0440\u0443\u0432\u0430\u0442\u0438\u0441\u044f \u0439\u043e\u0433\u043e \u043f\u043b\u0430\u0442\u043d\u0438\u043a\u043e\u043c \u0437\u0430 \u0434\u043e\u043f\u043e\u043c\u043e\u0433\u043e\u044e <a href=\"https:\/\/ouc.financnisprava.cz\/osvcpp\/form\/danovySubjekt\">\u0446\u0456\u0454\u0457 \u0444\u043e\u0440\u043c\u0438<\/a>.<\/p>\n<p><em>\u041d\u0430 \u0441\u0430\u0439\u0442\u0456 <\/em><a href=\"https:\/\/www.mfcr.cz\/cs\/aktualne\/tiskove-zpravy\/2020\/spocitejte-si-zda-se-vam-vyplati-pausaln-39714\"><em>\u041c\u0456\u043d\u0456\u0441\u0442\u0435\u0440\u0441\u0442\u0432\u0430 \u0444\u0456\u043d\u0430\u043d\u0441\u0456\u0432<\/em><\/a><em> \u0432\u0438 \u043c\u043e\u0436\u0435\u0442\u0435 \u043f\u043e\u0440\u0430\u0445\u0443\u0432\u0430\u0442\u0438, \u0447\u0438 \u0432\u0430\u0440\u0442\u043e \u0432\u0430\u043c \u043f\u0435\u0440\u0435\u0445\u043e\u0434\u0438\u0442\u0438 \u043d\u0430 \u0441\u043f\u043b\u0430\u0442\u0443 \u0454\u0434\u0438\u043d\u043e\u0433\u043e \u043f\u043e\u0434\u0430\u0442\u043a\u0443. \u0421\u0430\u0439\u0442 \u0447\u0435\u0441\u044c\u043a\u043e\u044e \u043c\u043e\u0432\u043e\u044e, \u0430\u043b\u0435 \u0439\u043e\u0433\u043e \u0432\u0456\u0434\u043d\u043e\u0441\u043d\u043e \u043b\u0435\u0433\u043a\u043e \u0437\u0440\u043e\u0437\u0443\u043c\u0456\u0442\u0438. \u041a\u0430\u043b\u044c\u043a\u0443\u043b\u044f\u0442\u043e\u0440 \u0442\u0430\u043a\u043e\u0436 \u0432\u0440\u0430\u0445\u043e\u0432\u0443\u0454 \u043e\u0444\u043e\u0440\u043c\u043b\u0435\u043d\u043d\u044f \u043f\u043e\u0434\u0430\u0442\u043a\u043e\u0432\u043e\u0457 \u0434\u0435\u043a\u043b\u0430\u0440\u0430\u0446\u0456\u0457, \u0437\u0430 \u044f\u043a\u0435 \u0432\u0430\u043c \u0434\u043e\u0432\u0435\u0434\u0435\u0442\u044c\u0441\u044f \u0449\u043e\u0440\u043e\u043a\u0443 \u043f\u043b\u0430\u0442\u0438\u0442\u0438.<\/em><\/p>\n<p><em>\u042f\u043a\u0449\u043e \u0432\u0438 \u043f\u0440\u043e\u0436\u0438\u0432\u0430\u0454\u0442\u0435 \u0432 \u0427\u0435\u0445\u0456\u0457 \u043d\u0430 \u043f\u0456\u0434\u0441\u0442\u0430\u0432\u0456 \u0434\u043e\u0437\u0432\u043e\u043b\u0443 \u043d\u0430 \u043f\u0435\u0440\u0435\u0431\u0443\u0432\u0430\u043d\u043d\u044f \u0437 \u043c\u0435\u0442\u043e\u044e \u043f\u0456\u0434\u043f\u0440\u0438\u0454\u043c\u043d\u0438\u0446\u044c\u043a\u0430 \u0434\u0456\u044f\u043b\u044c\u043d\u0456\u0441\u0442\u044c, \u043f\u0440\u043e\u043a\u043e\u043d\u0441\u0443\u043b\u044c\u0442\u0443\u0439\u0442\u0435\u0441\u044f \u0437\u0430\u0437\u0434\u0430\u043b\u0435\u0433\u0456\u0434\u044c, \u0447\u0438 \u0432\u0438 \u043c\u043e\u0436\u0435\u0442\u0435 \u0432\u0438\u043a\u043e\u0440\u0438\u0441\u0442\u043e\u0432\u0443\u0432\u0430\u0442\u0438 \u0454\u0434\u0438\u043d\u0438\u0439 \u043f\u043e\u0434\u0430\u0442\u043e\u043a \u0434\u043b\u044f \u043f\u0456\u0434\u0442\u0432\u0435\u0440\u0434\u0436\u0435\u043d\u043d\u044f \u0441\u0432\u043e\u0433\u043e \u0434\u043e\u0445\u043e\u0434\u0443 \u041c\u0456\u043d\u0456\u0441\u0442\u0435\u0440\u0441\u0442\u0432\u0443 \u0432\u043d\u0443\u0442\u0440\u0456\u0448\u043d\u0456\u0445 \u0441\u043f\u0440\u0430\u0432 \u0427\u0435\u0441\u044c\u043a\u043e\u0457 \u0420\u0435\u0441\u043f\u0443\u0431\u043b\u0456\u043a\u0438!<\/em><\/p>\n<p>\u0414\u0435\u0442\u0430\u043b\u044c\u043d\u0443 \u0456\u043d\u0444\u043e\u0440\u043c\u0430\u0446\u0456\u044e \u043f\u0440\u043e \u0454\u0434\u0438\u043d\u0438\u0439 \u043f\u043e\u0434\u0430\u0442\u043e\u043a, \u0443 \u0442\u043e\u043c\u0443 \u0447\u0438\u0441\u043b\u0456 \u043f\u0440\u043e \u0442\u0435, \u043a\u043e\u043b\u0438 \u0432\u0438 \u043f\u043e\u0432\u0438\u043d\u043d\u0456 \u0437\u0430\u0440\u0435\u0454\u0441\u0442\u0440\u0443\u0432\u0430\u0442\u0438\u0441\u044f \u043f\u043b\u0430\u0442\u043d\u0438\u043a\u043e\u043c \u043f\u043e\u0434\u0430\u0442\u043a\u0443, \u043c\u043e\u0436\u043d\u0430 \u0437\u043d\u0430\u0439\u0442\u0438 \u043d\u0430 \u0441\u0430\u0439\u0442\u0456 <a href=\"https:\/\/www.financnisprava.cz\/cs\/dane\/dane\/dan-z-prijmu\/pausalni-dan\/obecne-informace\">\u0424\u0456\u043d\u0430\u043d\u0441\u043e\u0432\u043e\u0457 \u0430\u0434\u043c\u0456\u043d\u0456\u0441\u0442\u0440\u0430\u0446\u0456\u0457 \u0427\u0435\u0441\u044c\u043a\u043e\u0457 \u0420\u0435\u0441\u043f\u0443\u0431\u043b\u0456\u043a\u0438<\/a>.<\/p>\n<p>&nbsp;<\/p>\n<p>\u041e\u043d\u043e\u0432\u043b\u0435\u043d\u043e \u0437 \u0442\u043e\u0447\u043a\u0438 \u0437\u043e\u0440\u0443 \u0441\u043e\u0446\u0456\u0430\u043b\u044c\u043d\u043e-\u043f\u0440\u0430\u0432\u043e\u0432\u043e\u0433\u043e \u0437\u043c\u0456\u0441\u0442\u0443 8 \u043b\u0438\u0441\u0442\u043e\u043f\u0430\u0434\u0430 2021 \u0440\u043e\u043a\u0443.<\/p>","protected":false},"excerpt":{"rendered":"<p>\u0422\u0443\u0442 \u0432\u0438 \u0437\u043d\u0430\u0439\u0434\u0435\u0442\u0435 \u043e\u0433\u043b\u044f\u0434 \u043e\u0441\u043d\u043e\u0432\u043d\u0438\u0445 \u043e\u0431\u043e\u0432\u2019\u044f\u0437\u043a\u0456\u0432 \u043f\u0456\u0434\u043f\u0440\u0438\u0454\u043c\u0446\u0456\u0432. \u041e\u0434\u043d\u0430\u043a \u043f\u0430\u043c\u2019\u044f\u0442\u0430\u0439\u0442\u0435, \u0449\u043e \u0456\u0441\u043d\u0443\u0454 \u0440\u044f\u0434 \u0456\u043d\u0448\u0438\u0445 \u0437\u043e\u0431\u043e\u0432\u2019\u044f\u0437\u0430\u043d\u044c \u043f\u0456\u0434\u043f\u0440\u0438\u0454\u043c\u0446\u0456\u0432 \u0437\u0430 \u0441\u043f\u0435\u0446\u0456\u0430\u043b\u044c\u043d\u0438\u043c\u0438 \u0437\u0430\u043a\u043e\u043d\u0430\u043c\u0438, \u043d\u0430\u043f\u0440\u0438\u043a\u043b\u0430\u0434, \u0437\u0430 \u0417\u0430\u043a\u043e\u043d\u043e\u043c \u00ab\u041f\u0440\u043e \u0456\u043d\u0434\u0438\u0432\u0456\u0434\u0443\u0430\u043b\u044c\u043d\u0435 \u043f\u0456\u0434\u043f\u0440\u0438\u0454\u043c\u043d\u0438\u0446\u0442\u0432\u043e\u00bb (\u017eivnostensk\u00fd z\u00e1kon). \u0406\u043d\u0444\u043e\u0440\u043c\u0430\u0446\u0456\u044e \u043f\u0440\u043e \u043e\u0431\u043e\u0432\u2019\u044f\u0437\u043a\u0438 \u043f\u0456\u0434\u043f\u0440\u0438\u0454\u043c\u0446\u0456\u0432 \u043f\u0456\u0441\u043b\u044f \u0441\u0442\u0432\u043e\u0440\u0435\u043d\u043d\u044f \u043d\u043e\u0432\u043e\u0433\u043e \u0442\u043e\u0432\u0430\u0440\u0438\u0441\u0442\u0432\u0430 \u043c\u043e\u0436\u043d\u0430 \u0437\u043d\u0430\u0439\u0442\u0438 \u043d\u0430 \u0441\u0430\u0439\u0442\u0456 www.BusinessINFO.cz. \u041e\u0431\u043e\u0432\u2019\u044f\u0437\u043e\u043a&#8230;<\/p>\n<a class=\"more-block\" href=\"https:\/\/metropolevsech.eu\/ua\/potrebuji-resit\/podnikani\/povinnosti-podnikatelu\/\">\u0427\u0438\u0442\u0430\u0442\u0438 \u0431\u0456\u043b\u044c\u0448\u0435<\/a>","protected":false},"author":7,"featured_media":0,"parent":603,"menu_order":4,"comment_status":"closed","ping_status":"closed","template":"","meta":[],"acf":[],"_links":{"self":[{"href":"https:\/\/metropolevsech.eu\/ua\/wp-json\/wp\/v2\/pages\/14827"}],"collection":[{"href":"https:\/\/metropolevsech.eu\/ua\/wp-json\/wp\/v2\/pages"}],"about":[{"href":"https:\/\/metropolevsech.eu\/ua\/wp-json\/wp\/v2\/types\/page"}],"author":[{"embeddable":true,"href":"https:\/\/metropolevsech.eu\/ua\/wp-json\/wp\/v2\/users\/7"}],"replies":[{"embeddable":true,"href":"https:\/\/metropolevsech.eu\/ua\/wp-json\/wp\/v2\/comments?post=14827"}],"version-history":[{"count":3,"href":"https:\/\/metropolevsech.eu\/ua\/wp-json\/wp\/v2\/pages\/14827\/revisions"}],"predecessor-version":[{"id":16191,"href":"https:\/\/metropolevsech.eu\/ua\/wp-json\/wp\/v2\/pages\/14827\/revisions\/16191"}],"up":[{"embeddable":true,"href":"https:\/\/metropolevsech.eu\/ua\/wp-json\/wp\/v2\/pages\/603"}],"wp:attachment":[{"href":"https:\/\/metropolevsech.eu\/ua\/wp-json\/wp\/v2\/media?parent=14827"}],"curies":[{"name":"wp","href":"https:\/\/api.w.org\/{rel}","templated":true}]}}