{"id":20935,"date":"2024-11-04T15:07:08","date_gmt":"2024-11-04T14:07:08","guid":{"rendered":"https:\/\/metropolevsech.eu\/?page_id=20935"},"modified":"2026-01-23T18:08:26","modified_gmt":"2026-01-23T17:08:26","slug":"nemocnice-v-praze-specializovane-na-peci-o-cizince","status":"publish","type":"page","link":"https:\/\/metropolevsech.eu\/ua\/potrebuji-resit\/zdravotnictvi-zdravotni-a-socialni-pojisteni\/lekari-a-pohotovost\/nemocnice-v-praze-specializovane-na-peci-o-cizince\/","title":{"rendered":"\u041b\u0456\u043a\u0430\u0440\u043d\u0456 \u0432 \u041f\u0440\u0430\u0437\u0456"},"content":{"rendered":"<p>\u0426\u0456 \u043b\u0456\u043a\u0430\u0440\u043d\u0456 \u0442\u0430 \u043c\u0435\u0434\u0438\u0447\u043d\u0456 \u0443\u0441\u0442\u0430\u043d\u043e\u0432\u0438 \u0441\u043f\u0435\u0446\u0456\u0430\u043b\u0456\u0437\u0443\u044e\u0442\u044c\u0441\u044f \u043d\u0430 \u043d\u0430\u0434\u0430\u043d\u043d\u0456 \u043c\u0435\u0434\u0438\u0447\u043d\u043e\u0457 \u0434\u043e\u043f\u043e\u043c\u043e\u0433\u0438 \u0456\u043d\u043e\u0437\u0435\u043c\u0446\u044f\u043c:<\/p>\n<h4>\u0424\u0430\u043a\u0443\u043b\u044c\u0442\u0435\u0442\u0441\u044c\u043a\u0430 \u043b\u0456\u043a\u0430\u0440\u043d\u044f \u041c\u043e\u0442\u043e\u043b, \u0412\u0456\u0434\u0434\u0456\u043b\u0435\u043d\u043d\u044f \u043f\u0435\u0440\u0432\u0438\u043d\u043d\u043e\u0457 \u043c\u0435\u0434\u0438\u0447\u043d\u043e\u0457 \u0434\u043e\u043f\u043e\u043c\u043e\u0433\u0438 (Fakultn\u00ed nemocnice Motol, Odd\u011blen\u00ed prim\u00e1rn\u00ed p\u00e9\u010de)<\/h4>\n<p>\u0432\u0443\u043b. \u0412 \u0423\u0432\u0430\u043b\u0443, 84, \u043c. \u041f\u0440\u0430\u0433\u0430 5, \u0456\u043d\u0434\u0435\u043a\u0441 150 06<\/p>\n<p>V \u00davalu 84, 150 06 Praha 5<\/p>\n<p>+420 224 431 111 \u00a0<a href=\"mailto:cizinecke@fnmotol.cz\">cizinecke@fnmotol.cz<\/a><\/p>\n<ul class=\"bullet-links\">\n<li>\u041d\u0430 <a href=\"https:\/\/www.fnmotol.cz\/samoplatci\/zdravotni-pece-pro-cizince\/\">\u0441\u0430\u0439\u0442\u0456 \u043b\u0456\u043a\u0430\u0440\u043d\u0456 <\/a>\u0432\u0438 \u0437\u043d\u0430\u0439\u0434\u0435\u0442\u0435 \u043a\u043e\u0440\u0438\u0441\u043d\u0443 \u0456\u043d\u0444\u043e\u0440\u043c\u0430\u0446\u0456\u044e \u043f\u0440\u043e \u043d\u0430\u0434\u0430\u043d\u043d\u044f \u043c\u0435\u0434\u0438\u0447\u043d\u043e\u0457 \u0434\u043e\u043f\u043e\u043c\u043e\u0433\u0438 \u0441\u043f\u0435\u0446\u0456\u0430\u043b\u044c\u043d\u043e \u0434\u043b\u044f \u043c\u0456\u0433\u0440\u0430\u043d\u0442\u0456\u0432.<\/li>\n<\/ul>\n<p>\u041f\u0440\u0438\u0439\u043e\u043c \u0434\u0456\u0442\u0435\u0439-\u0456\u043d\u043e\u0437\u0435\u043c\u0446\u0456\u0432: +420 224 433\u00a0690<\/p>\n<p>\u041f\u0440\u0438\u0439\u043e\u043c \u0434\u043e\u0440\u043e\u0441\u043b\u0438\u0445-\u0456\u043d\u043e\u0437\u0435\u043c\u0446\u0456\u0432: +420 224 433\u00a0682<\/p>\n<h4>\u041b\u0456\u043a\u0430\u0440\u043d\u044f \u041d\u0430 \u0413\u043e\u043c\u043e\u043b\u0446\u0456, \u0412\u0456\u0434\u0434\u0456\u043b\u0435\u043d\u043d\u044f \u0434\u043b\u044f \u0456\u043d\u043e\u0437\u0435\u043c\u0446\u0456\u0432 (Nemocnice Na Homolce, Cizineck\u00e9 odd\u011blen\u00ed)<\/h4>\n<p>\u0432\u0443\u043b. \u0420\u0435\u043d\u0442\u0433\u0435\u043d\u043e\u0432\u0430, 2\/37, \u043c. \u041f\u0440\u0430\u0433\u0430 5, \u0456\u043d\u0434\u0435\u043a\u0441 150 30<\/p>\n<p>Roentgenova 2\/37, 150 30 Praha 5<\/p>\n<p>+420 257 271\u00a0111<\/p>\n<p><a href=\"mailto:hospital@homolka.cz\">hospital@homolka.cz<\/a><\/p>\n<p><a href=\"https:\/\/homolka.cz\">www.homolka.cz<\/a><\/p>\n<p>\u0406\u043d\u0448\u0430 \u0456\u043d\u0444\u043e\u0440\u043c\u0430\u0446\u0456\u044f:<\/p>\n<p>+420 257 273 289<\/p>\n<p>+420 257 272 144<\/p>\n<h4>\u041b\u0456\u043a\u0430\u0440\u043d\u044f \u043d\u0430 \u0411\u0443\u043b\u043e\u0432\u0446\u0456 (Nemocnice Na Bulovce)<\/h4>\n<p>\u0432\u0443\u043b. \u0411\u0443\u0434\u0456\u043d\u043e\u0432\u0430, 67\/2, \u043c. \u041f\u0440\u0430\u0433\u0430 8 \u041b\u0456\u0431\u0435\u043d\u044c, \u0456\u043d\u0434\u0435\u043a\u0441 280 00<\/p>\n<p>Bud\u00ednova 67\/2, 280 00 Praha 8 Libe\u0148<\/p>\n<p>+420 266 081 111<\/p>\n<p><a href=\"https:\/\/www.bulovka.cz\">www.bulovka.cz<\/a><\/p>\n<h4>\u041b\u0456\u043a\u0430\u0440\u043d\u044f \u0422\u043e\u043c\u0430\u0439\u0435\u0440\u0430 (Thomayerova nemocnice)<\/h4>\n<p>\u0432\u0443\u043b. \u0412\u0456\u0434\u0435\u043d\u044c\u0441\u043a\u0430, \u043c. \u041f\u0440\u0430\u0433\u0430 4, \u0456\u043d\u0434\u0435\u043a\u0441 140\u00a0000<\/p>\n<p>V\u00edde\u0148sk\u00e1, 140 00 Praha 4<\/p>\n<p>+420 261 081 111<\/p>\n<p><a href=\"https:\/\/www.ftn.cz\">www.ftn.cz<\/a><\/p>\n<h4>\u041b\u0456\u043a\u0430\u0440\u043d\u044f \u041d\u0430 \u0424\u0440\u0430\u043d\u0442\u0456\u0448\u043a\u0443 (Nemocnice Na Franti\u0161ku)<\/h4>\n<p>\u0432\u0443\u043b. \u041d\u0430 \u0424\u0440\u0430\u043d\u0442\u0456\u0448\u043a\u0443, 847\/8, \u043c. \u041f\u0440\u0430\u0433\u0430 1 \u0421\u0442\u0430\u0440\u0435 \u041c\u043d\u0454\u0441\u0442\u043e, \u0456\u043d\u0434\u0435\u043a\u0441 110 00<\/p>\n<p>Na Franti\u0161ku 847\/8, 110 00 Praha 1 Star\u00e9 M\u011bsto<\/p>\n<p>+420 222 801 111<\/p>\n<p><a href=\"https:\/\/www.nnfp.cz\">www.nnfp.cz<\/a><\/p>","protected":false},"excerpt":{"rendered":"<p>\u0426\u0456 \u043b\u0456\u043a\u0430\u0440\u043d\u0456 \u0442\u0430 \u043c\u0435\u0434\u0438\u0447\u043d\u0456 \u0443\u0441\u0442\u0430\u043d\u043e\u0432\u0438 \u0441\u043f\u0435\u0446\u0456\u0430\u043b\u0456\u0437\u0443\u044e\u0442\u044c\u0441\u044f \u043d\u0430 \u043d\u0430\u0434\u0430\u043d\u043d\u0456 \u043c\u0435\u0434\u0438\u0447\u043d\u043e\u0457 \u0434\u043e\u043f\u043e\u043c\u043e\u0433\u0438 \u0456\u043d\u043e\u0437\u0435\u043c\u0446\u044f\u043c: \u0424\u0430\u043a\u0443\u043b\u044c\u0442\u0435\u0442\u0441\u044c\u043a\u0430 \u043b\u0456\u043a\u0430\u0440\u043d\u044f \u041c\u043e\u0442\u043e\u043b, \u0412\u0456\u0434\u0434\u0456\u043b\u0435\u043d\u043d\u044f \u043f\u0435\u0440\u0432\u0438\u043d\u043d\u043e\u0457 \u043c\u0435\u0434\u0438\u0447\u043d\u043e\u0457 \u0434\u043e\u043f\u043e\u043c\u043e\u0433\u0438 (Fakultn\u00ed nemocnice Motol, Odd\u011blen\u00ed prim\u00e1rn\u00ed p\u00e9\u010de) \u0432\u0443\u043b. \u0412 \u0423\u0432\u0430\u043b\u0443, 84, \u043c. \u041f\u0440\u0430\u0433\u0430 5, \u0456\u043d\u0434\u0435\u043a\u0441 150 06 V \u00davalu 84, 150 06 Praha&#8230;<\/p>\n<a class=\"more-block\" href=\"https:\/\/metropolevsech.eu\/ua\/potrebuji-resit\/zdravotnictvi-zdravotni-a-socialni-pojisteni\/lekari-a-pohotovost\/nemocnice-v-praze-specializovane-na-peci-o-cizince\/\">\u0427\u0438\u0442\u0430\u0442\u0438 \u0431\u0456\u043b\u044c\u0448\u0435<\/a>","protected":false},"author":7,"featured_media":0,"parent":648,"menu_order":0,"comment_status":"closed","ping_status":"closed","template":"","meta":[],"acf":[],"_links":{"self":[{"href":"https:\/\/metropolevsech.eu\/ua\/wp-json\/wp\/v2\/pages\/20935"}],"collection":[{"href":"https:\/\/metropolevsech.eu\/ua\/wp-json\/wp\/v2\/pages"}],"about":[{"href":"https:\/\/metropolevsech.eu\/ua\/wp-json\/wp\/v2\/types\/page"}],"author":[{"embeddable":true,"href":"https:\/\/metropolevsech.eu\/ua\/wp-json\/wp\/v2\/users\/7"}],"replies":[{"embeddable":true,"href":"https:\/\/metropolevsech.eu\/ua\/wp-json\/wp\/v2\/comments?post=20935"}],"version-history":[{"count":17,"href":"https:\/\/metropolevsech.eu\/ua\/wp-json\/wp\/v2\/pages\/20935\/revisions"}],"predecessor-version":[{"id":24553,"href":"https:\/\/metropolevsech.eu\/ua\/wp-json\/wp\/v2\/pages\/20935\/revisions\/24553"}],"up":[{"embeddable":true,"href":"https:\/\/metropolevsech.eu\/ua\/wp-json\/wp\/v2\/pages\/648"}],"wp:attachment":[{"href":"https:\/\/metropolevsech.eu\/ua\/wp-json\/wp\/v2\/media?parent=20935"}],"curies":[{"name":"wp","href":"https:\/\/api.w.org\/{rel}","templated":true}]}}