{"id":21338,"date":"2024-12-16T20:43:08","date_gmt":"2024-12-16T19:43:08","guid":{"rendered":"https:\/\/metropolevsech.eu\/?page_id=21338"},"modified":"2024-12-16T20:43:08","modified_gmt":"2024-12-16T19:43:08","slug":"integra-integrace-cizincu-ze-tretich-zemi-skrze-partnerstvi-na-urovni-mest","status":"publish","type":"page","link":"https:\/\/metropolevsech.eu\/ua\/o-nas\/projekty-a-spoluprace-s-hmp\/zahranicni-spoluprace\/integra-integrace-cizincu-ze-tretich-zemi-skrze-partnerstvi-na-urovni-mest\/","title":{"rendered":"(\u010ce\u0161tina) INTEGRA \u2013 Integrace cizinc\u016f ze t\u0159et\u00edch zem\u00ed skrze partnerstv\u00ed na \u00farovni m\u011bst"},"content":{"rendered":"<p class=\"qtranxs-available-languages-message qtranxs-available-languages-message-ua\">\u0412\u0438\u0431\u0430\u0447\u0442\u0435 \u0446\u0435\u0439 \u0442\u0435\u043a\u0441\u0442 \u0434\u043e\u0441\u0442\u0443\u043f\u043d\u0438\u0439 \u0442\u0456\u043b\u044c\u043a\u0438 \u0432 \u201c<a href=\"https:\/\/metropolevsech.eu\/cs\/wp-json\/wp\/v2\/pages\/21338\" class=\"qtranxs-available-language-link qtranxs-available-language-link-cs\" title=\"\u010ce\u0161tina\">\u010ce\u0161tina<\/a>\u201d.<\/p>","protected":false},"excerpt":{"rendered":"<p>\u0412\u0438\u0431\u0430\u0447\u0442\u0435 \u0446\u0435\u0439 \u0442\u0435\u043a\u0441\u0442 \u0434\u043e\u0441\u0442\u0443\u043f\u043d\u0438\u0439 \u0442\u0456\u043b\u044c\u043a\u0438 \u0432 \u201c\u010ce\u0161tina\u201d.<\/p>\n<a class=\"more-block\" href=\"https:\/\/metropolevsech.eu\/ua\/o-nas\/projekty-a-spoluprace-s-hmp\/zahranicni-spoluprace\/integra-integrace-cizincu-ze-tretich-zemi-skrze-partnerstvi-na-urovni-mest\/\">\u0427\u0438\u0442\u0430\u0442\u0438 \u0431\u0456\u043b\u044c\u0448\u0435<\/a>","protected":false},"author":7,"featured_media":0,"parent":17534,"menu_order":2,"comment_status":"closed","ping_status":"closed","template":"","meta":[],"acf":[],"_links":{"self":[{"href":"https:\/\/metropolevsech.eu\/ua\/wp-json\/wp\/v2\/pages\/21338"}],"collection":[{"href":"https:\/\/metropolevsech.eu\/ua\/wp-json\/wp\/v2\/pages"}],"about":[{"href":"https:\/\/metropolevsech.eu\/ua\/wp-json\/wp\/v2\/types\/page"}],"author":[{"embeddable":true,"href":"https:\/\/metropolevsech.eu\/ua\/wp-json\/wp\/v2\/users\/7"}],"replies":[{"embeddable":true,"href":"https:\/\/metropolevsech.eu\/ua\/wp-json\/wp\/v2\/comments?post=21338"}],"version-history":[{"count":1,"href":"https:\/\/metropolevsech.eu\/ua\/wp-json\/wp\/v2\/pages\/21338\/revisions"}],"predecessor-version":[{"id":21339,"href":"https:\/\/metropolevsech.eu\/ua\/wp-json\/wp\/v2\/pages\/21338\/revisions\/21339"}],"up":[{"embeddable":true,"href":"https:\/\/metropolevsech.eu\/ua\/wp-json\/wp\/v2\/pages\/17534"}],"wp:attachment":[{"href":"https:\/\/metropolevsech.eu\/ua\/wp-json\/wp\/v2\/media?parent=21338"}],"curies":[{"name":"wp","href":"https:\/\/api.w.org\/{rel}","templated":true}]}}