{"id":22295,"date":"2025-03-26T11:58:03","date_gmt":"2025-03-26T10:58:03","guid":{"rendered":"https:\/\/metropolevsech.eu\/?page_id=22295"},"modified":"2025-03-26T11:58:03","modified_gmt":"2025-03-26T10:58:03","slug":"namesti","status":"publish","type":"page","link":"https:\/\/metropolevsech.eu\/ua\/namesti\/","title":{"rendered":"\u041f\u043b\u043e\u0449\u0456"},"content":{"rendered":"<p><\/p>\n<h4>\u0421\u0442\u0430\u0440\u043e\u043c\u0456\u0441\u044c\u043a\u0430 \u043f\u043b\u043e\u0449\u0430<\/h4>\n<img loading=\"lazy\" class=\"alignnone wp-image-7880 size-content-image article-img\" src=\"\/\/metropolevsech.eu\/wp-content\/uploads\/2018\/12\/F5A9894-670x161.jpg\" alt=\"\" width=\"670\" height=\"161\" srcset=\"https:\/\/metropolevsech.eu\/wp-content\/uploads\/2018\/12\/F5A9894-670x161.jpg 670w, https:\/\/metropolevsech.eu\/wp-content\/uploads\/2018\/12\/F5A9894-300x72.jpg 300w, https:\/\/metropolevsech.eu\/wp-content\/uploads\/2018\/12\/F5A9894-768x185.jpg 768w, https:\/\/metropolevsech.eu\/wp-content\/uploads\/2018\/12\/F5A9894.jpg 1040w\" sizes=\"(max-width: 670px) 100vw, 670px\" \/>\n<p>\u0421\u0442\u0430\u0440\u043e\u043c\u0456\u0441\u044c\u043a\u0430 \u043f\u043b\u043e\u0449\u0430, \u0440\u0430\u043d\u0456\u0448\u0435 \u0442\u0430\u043a\u043e\u0436 \u0412\u0435\u043b\u0438\u043a\u0430 \u043f\u043b\u043e\u0449\u0430, \u0437\u0430\u0440\u0430\u0437 \u043f\u043e-\u043d\u0430\u0440\u043e\u0434\u043d\u043e\u043c\u0443 \u0457\u0457 \u043d\u0430\u0437\u0438\u0432\u0430\u044e\u0442\u044c \u00ab\u0421\u0442\u0430\u0440\u043e\u043c\u0430\u043a\u00bb, \u0440\u043e\u0437\u0442\u0430\u0448\u043e\u0432\u0430\u043d\u0430 \u0432 \u0441\u0430\u043c\u043e\u043c\u0443 \u0441\u0435\u0440\u0446\u0456 \u0421\u0442\u0430\u0440\u043e\u0433\u043e \u043c\u0456\u0441\u0442\u0430 \u043f\u0440\u0430\u0437\u044c\u043a\u043e\u0433\u043e. \u0422\u0443\u0442 \u043c\u043e\u0436\u043d\u0430 \u0437\u043d\u0430\u0439\u0442\u0438 \u043a\u0456\u043b\u044c\u043a\u0430 \u0432\u0430\u0436\u043b\u0438\u0432\u0438\u0445 \u0456\u0441\u0442\u043e\u0440\u0438\u0447\u043d\u0438\u0445 \u0431\u0443\u0434\u0456\u0432\u0435\u043b\u044c. \u0412\u0456\u0434\u0432\u0456\u0434\u0443\u0432\u0430\u0447\u0456 \u043d\u0435 \u043c\u0430\u043b\u0438 \u0431 \u043f\u0440\u043e\u0439\u0442\u0438 \u043f\u043e\u0432\u0437 <strong>\u0421\u0442\u0430\u0440\u0443 \u041c\u0456\u0441\u044c\u043a\u0443 \u0440\u0430\u0442\u0443\u0448\u0443 \u0437 \u041f\u0440\u0430\u0437\u044c\u043a\u0438\u043c\u0438 \u043a\u0443\u0440\u0430\u043d\u0442\u0430\u043c\u0438<\/strong>, \u0432\u0456\u0434\u043e\u043c\u0438\u043c\u0438 \u044f\u043a \u00ab<strong>\u043e\u0440\u043b\u043e\u0439<\/strong>\u00bb, \u0430 \u0442\u0430\u043a\u043e\u0436 <strong>\u0422\u0438\u043d\u0441\u044c\u043a\u0438\u0439 \u0445\u0440\u0430\u043c<\/strong>. \u041f\u0440\u0430\u0437\u044c\u043a\u0456 \u043a\u0443\u0440\u0430\u043d\u0442\u0438 \u2013 \u0446\u0435 \u0441\u0435\u0440\u0435\u0434\u043d\u044c\u043e\u0432\u0456\u0447\u043d\u0438\u0439 \u0430\u0441\u0442\u0440\u043e\u043b\u043e\u0433\u0456\u0447\u043d\u0438\u0439 \u0433\u043e\u0434\u0438\u043d\u043d\u0438\u043a \u0437 \u0432\u0438\u0448\u0443\u043a\u0430\u043d\u043e \u0432\u0438\u0440\u0456\u0437\u044c\u0431\u043b\u0435\u043d\u0438\u043c\u0438 \u0444\u0456\u0433\u0443\u0440\u0430\u043c\u0438 \u0441\u043c\u0435\u0440\u0442\u0456, \u044f\u043d\u0433\u043e\u043b\u0430 \u0442\u0430 \u0434\u0432\u0430\u043d\u0430\u0434\u0446\u044f\u0442\u0438 \u0430\u043f\u043e\u0441\u0442\u043e\u043b\u0456\u0432, \u0449\u043e \u0431\u2019\u044e\u0442\u044c \u043d\u0430 \u0432\u0435\u0436\u0456 \u0421\u0442\u0430\u0440\u043e\u043c\u0456\u0441\u044c\u043a\u043e\u0457 \u0440\u0430\u0442\u0443\u0448\u0456 \u0449\u043e\u0433\u043e\u0434\u0438\u043d\u0438. \u0420\u0430\u0442\u0443\u0448\u0430 \u043f\u0440\u043e\u0442\u044f\u0433\u043e\u043c \u0441\u0432\u043e\u0454\u0457 \u0456\u0441\u0442\u043e\u0440\u0456\u0457 \u0441\u0442\u0430\u043b\u0430 \u0443\u043b\u044e\u0431\u043b\u0435\u043d\u0438\u043c\u00a0 \u043c\u0456\u0441\u0446\u0435\u043c \u0434\u043b\u044f \u0446\u0438\u0432\u0456\u043b\u044c\u043d\u0438\u0445 \u0432\u0435\u0441\u0456\u043b\u044c\u043d\u0438\u0445 \u0446\u0435\u0440\u0435\u043c\u043e\u043d\u0456\u0439.<\/p>\n<p>\u0411\u0456\u043b\u044c\u0448 \u0434\u0435\u0442\u0430\u043b\u044c\u043d\u0443 \u0456\u043d\u0444\u043e\u0440\u043c\u0430\u0446\u0456\u044e \u0432\u0438 \u043c\u043e\u0436\u0435\u0442\u0435 \u0437\u043d\u0430\u0439\u0442\u0438 \u043d\u0430 <a href=\"\/\/www.prague.eu\/uk\/object\/places\/188\/staromestska-radnice-s-orlojem?back=1\">\u043e\u0444\u0456\u0446\u0456\u0439\u043d\u043e\u043c\u0443 \u0442\u0443\u0440\u0438\u0441\u0442\u0438\u0447\u043d\u043e\u043c\u0443 \u0441\u0430\u0439\u0442\u0456 \u041f\u0440\u0430\u0433\u0438<\/a>.<\/p>\n<h4>\u041c\u0430\u043b\u043e\u0441\u0442\u0440\u0430\u043d\u0441\u044c\u043a\u0430 \u043f\u043b\u043e\u0449\u0430<\/h4>\n<div id=\"attachment_9203\" style=\"width: 680px\" class=\"wp-caption alignnone\"><img aria-describedby=\"caption-attachment-9203\" loading=\"lazy\" class=\"wp-image-9203 size-content-image article-img\" src=\"\/\/metropolevsech.eu\/wp-content\/uploads\/2019\/04\/malostransk\u00e9-n\u00e1m\u011bst\u00ed-670x503.jpg\" alt=\"\" width=\"670\" height=\"503\" srcset=\"https:\/\/metropolevsech.eu\/wp-content\/uploads\/2019\/04\/malostransk\u00e9-n\u00e1m\u011bst\u00ed-670x503.jpg 670w, https:\/\/metropolevsech.eu\/wp-content\/uploads\/2019\/04\/malostransk\u00e9-n\u00e1m\u011bst\u00ed-300x225.jpg 300w, https:\/\/metropolevsech.eu\/wp-content\/uploads\/2019\/04\/malostransk\u00e9-n\u00e1m\u011bst\u00ed-768x576.jpg 768w, https:\/\/metropolevsech.eu\/wp-content\/uploads\/2019\/04\/malostransk\u00e9-n\u00e1m\u011bst\u00ed-1040x780.jpg 1040w\" sizes=\"(max-width: 670px) 100vw, 670px\" \/><p id=\"caption-attachment-9203\" class=\"wp-caption-text\">foto \u00a9 Prague.eu<\/p><\/div>\n<p>\u041f\u043b\u043e\u0449\u0430 \u0437 \u0447\u0438\u0441\u043b\u0435\u043d\u043d\u0438\u043c\u0438 \u0456\u0441\u0442\u043e\u0440\u0438\u0447\u043d\u0438\u043c\u0438 \u0431\u0443\u0434\u0456\u0432\u043b\u044f\u043c\u0438 \u0442\u0430 \u043f\u0430\u043b\u0430\u0446\u0430\u043c\u0438 \u0441\u043a\u043b\u0430\u0434\u0430\u0454\u0442\u044c\u0441\u044f \u0437 \u0434\u0432\u043e\u0445 \u0447\u0430\u0441\u0442\u0438\u043d, \u0430 \u0433\u043e\u043b\u043e\u0432\u043d\u0438\u0439 \u0457\u0457 \u0434\u043e\u043c\u0456\u043d\u0430\u043d\u0442 \u2013 \u0425\u0440\u0430\u043c \u0421\u0432\u044f\u0442\u043e\u0433\u043e \u041c\u0438\u043a\u043e\u043b\u0430\u044f. \u0426\u0435 \u043e\u0434\u043d\u0435 \u0437 \u043d\u0430\u0439\u0431\u0456\u043b\u044c\u0448 \u043f\u0440\u0438\u0432\u0430\u0431\u043b\u0438\u0432\u0438\u0445 \u0434\u043b\u044f \u0442\u0443\u0440\u0438\u0441\u0442\u0456\u0432 \u043c\u0456\u0441\u0446\u044c \u0443 \u041f\u0440\u0430\u0437\u0456. \u0412\u043e\u043d\u043e \u0454 \u0447\u0430\u0441\u0442\u0438\u043d\u043e\u044e \u041a\u043e\u0440\u043e\u043b\u0456\u0432\u0441\u044c\u043a\u043e\u0433\u043e \u0448\u043b\u044f\u0445\u0443. \u0417 2016 \u0440\u043e\u043a\u0443 \u043f\u043b\u043e\u0449\u0430 \u0432\u0438\u043a\u043e\u0440\u0438\u0441\u0442\u043e\u0432\u0443\u0454\u0442\u044c\u0441\u044f \u0434\u043b\u044f \u043e\u0440\u0433\u0430\u043d\u0456\u0437\u0430\u0446\u0456\u0457 \u0437\u0443\u0441\u0442\u0440\u0456\u0447\u0435\u0439, \u0432\u0438\u0441\u0442\u0430\u0432\u043e\u043a \u0447\u0438 \u043f\u043e\u043a\u0430\u0437\u0456\u0432. \u0425\u0440\u0430\u043c \u0421\u0432\u044f\u0442\u043e\u0433\u043e \u041c\u0438\u043a\u043e\u043b\u0430\u044f \u2013 \u043d\u0430\u0439\u0432\u0456\u0434\u043e\u043c\u0456\u0448\u0438\u0439 \u0431\u0430\u0440\u043e\u0447\u043d\u0438\u0439 \u0445\u0440\u0430\u043c \u041f\u0440\u0430\u0433\u0438. \u0412\u0456\u043d \u043d\u0430\u043b\u0435\u0436\u0438\u0442\u044c \u0434\u043e \u043d\u0430\u0439\u0446\u0456\u043d\u043d\u0456\u0448\u0438\u0445 \u0431\u0443\u0434\u0456\u0432\u0435\u043b\u044c \u0431\u0430\u0440\u043e\u043a\u043e \u043d\u0430 \u043f\u0456\u0432\u043d\u0456\u0447 \u0432\u0456\u0434 \u0410\u043b\u044c\u043f. \u0414\u0456\u0430\u043c\u0435\u0442\u0440 \u043a\u0443\u043f\u043e\u043b\u0430 \u0441\u043a\u043b\u0430\u0434\u0430\u0454 \u043d\u0435\u0439\u043c\u043e\u0432\u0456\u0440\u043d\u0438\u0445 20 \u043c\u0435\u0442\u0440\u0456\u0432, \u0432\u043d\u0443\u0442\u0440\u0456\u0448\u043d\u044f \u0432\u0438\u0441\u043e\u0442\u0430 \u0434\u043e \u0432\u0435\u0440\u0445\u0443 \u043b\u0456\u0445\u0442\u0430\u0440\u044f \u2013 \u0431\u0456\u043b\u044c\u0448\u0435 49 \u043c\u0435\u0442\u0440\u0456\u0432, \u0456, \u0442\u0430\u043a\u0438\u043c \u0447\u0438\u043d\u043e\u043c, \u0446\u0435 \u043d\u0430\u0439\u0432\u0438\u0449\u0438\u0439 \u0443 \u041f\u0440\u0430\u0437\u0456 \u0456\u043d\u0442\u0435\u0440\u2019\u0454\u0440, \u044f\u043a\u0438\u0439 \u0442\u0430\u043a\u043e\u0436 \u0454 \u0432\u0456\u0434\u043c\u0456\u043d\u043d\u0438\u043c \u043f\u0440\u0438\u043a\u043b\u0430\u0434\u043e\u043c \u0431\u0430\u0440\u043e\u0447\u043d\u043e\u0433\u043e \u043e\u0444\u043e\u0440\u043c\u043b\u0435\u043d\u043d\u044f. \u0423 \u0446\u0435\u0440\u043a\u0432\u0456 \u0432\u0456\u0434\u0431\u0443\u0432\u0430\u044e\u0442\u044c\u0441\u044f \u0446\u0456\u043b\u043e\u0440\u0456\u0447\u043d\u0456 \u043a\u043e\u043d\u0446\u0435\u0440\u0442\u043d\u0456 \u0446\u0438\u043a\u043b\u0438 \u0437 \u0432\u0438\u043a\u043e\u0440\u0438\u0441\u0442\u0430\u043d\u043d\u044f\u043c \u0456\u0441\u0442\u043e\u0440\u0438\u0447\u043d\u043e\u0433\u043e \u043e\u0440\u0433\u0430\u043d\u0443 18 \u0441\u0442\u043e\u043b\u0456\u0442\u0442\u044f.<\/p>\n<p>\u0414\u0435\u0442\u0430\u043b\u044c\u043d\u0456\u0448\u0443 \u0456\u043d\u0444\u043e\u0440\u043c\u0430\u0446\u0456\u044e \u0432\u0438 \u043c\u043e\u0436\u0435\u0442\u0435 \u0437\u043d\u0430\u0439\u0442\u0438 \u043d\u0430 <a href=\"\/\/www.prague.eu\/uk\/object\/places\/166\/kostel-sv-mikulase?back=1\">\u043e\u0444\u0456\u0446\u0456\u0439\u043d\u043e\u043c\u0443 \u0442\u0443\u0440\u0438\u0441\u0442\u0438\u0447\u043d\u043e\u043c\u0443 \u0441\u0430\u0439\u0442\u0456 \u041f\u0440\u0430\u0433\u0438<\/a>.<\/p>","protected":false},"excerpt":{"rendered":"<p>\u0421\u0442\u0430\u0440\u043e\u043c\u0456\u0441\u044c\u043a\u0430 \u043f\u043b\u043e\u0449\u0430 \u0421\u0442\u0430\u0440\u043e\u043c\u0456\u0441\u044c\u043a\u0430 \u043f\u043b\u043e\u0449\u0430, \u0440\u0430\u043d\u0456\u0448\u0435 \u0442\u0430\u043a\u043e\u0436 \u0412\u0435\u043b\u0438\u043a\u0430 \u043f\u043b\u043e\u0449\u0430, \u0437\u0430\u0440\u0430\u0437 \u043f\u043e-\u043d\u0430\u0440\u043e\u0434\u043d\u043e\u043c\u0443 \u0457\u0457 \u043d\u0430\u0437\u0438\u0432\u0430\u044e\u0442\u044c \u00ab\u0421\u0442\u0430\u0440\u043e\u043c\u0430\u043a\u00bb, \u0440\u043e\u0437\u0442\u0430\u0448\u043e\u0432\u0430\u043d\u0430 \u0432 \u0441\u0430\u043c\u043e\u043c\u0443 \u0441\u0435\u0440\u0446\u0456 \u0421\u0442\u0430\u0440\u043e\u0433\u043e \u043c\u0456\u0441\u0442\u0430 \u043f\u0440\u0430\u0437\u044c\u043a\u043e\u0433\u043e. \u0422\u0443\u0442 \u043c\u043e\u0436\u043d\u0430 \u0437\u043d\u0430\u0439\u0442\u0438 \u043a\u0456\u043b\u044c\u043a\u0430 \u0432\u0430\u0436\u043b\u0438\u0432\u0438\u0445 \u0456\u0441\u0442\u043e\u0440\u0438\u0447\u043d\u0438\u0445 \u0431\u0443\u0434\u0456\u0432\u0435\u043b\u044c. \u0412\u0456\u0434\u0432\u0456\u0434\u0443\u0432\u0430\u0447\u0456 \u043d\u0435 \u043c\u0430\u043b\u0438 \u0431 \u043f\u0440\u043e\u0439\u0442\u0438 \u043f\u043e\u0432\u0437 \u0421\u0442\u0430\u0440\u0443 \u041c\u0456\u0441\u044c\u043a\u0443 \u0440\u0430\u0442\u0443\u0448\u0443 \u0437 \u041f\u0440\u0430\u0437\u044c\u043a\u0438\u043c\u0438 \u043a\u0443\u0440\u0430\u043d\u0442\u0430\u043c\u0438, \u0432\u0456\u0434\u043e\u043c\u0438\u043c\u0438&#8230;<\/p>\n<a class=\"more-block\" href=\"https:\/\/metropolevsech.eu\/ua\/namesti\/\">\u0427\u0438\u0442\u0430\u0442\u0438 \u0431\u0456\u043b\u044c\u0448\u0435<\/a>","protected":false},"author":7,"featured_media":0,"parent":0,"menu_order":0,"comment_status":"closed","ping_status":"closed","template":"","meta":[],"acf":[],"_links":{"self":[{"href":"https:\/\/metropolevsech.eu\/ua\/wp-json\/wp\/v2\/pages\/22295"}],"collection":[{"href":"https:\/\/metropolevsech.eu\/ua\/wp-json\/wp\/v2\/pages"}],"about":[{"href":"https:\/\/metropolevsech.eu\/ua\/wp-json\/wp\/v2\/types\/page"}],"author":[{"embeddable":true,"href":"https:\/\/metropolevsech.eu\/ua\/wp-json\/wp\/v2\/users\/7"}],"replies":[{"embeddable":true,"href":"https:\/\/metropolevsech.eu\/ua\/wp-json\/wp\/v2\/comments?post=22295"}],"version-history":[{"count":1,"href":"https:\/\/metropolevsech.eu\/ua\/wp-json\/wp\/v2\/pages\/22295\/revisions"}],"predecessor-version":[{"id":22298,"href":"https:\/\/metropolevsech.eu\/ua\/wp-json\/wp\/v2\/pages\/22295\/revisions\/22298"}],"wp:attachment":[{"href":"https:\/\/metropolevsech.eu\/ua\/wp-json\/wp\/v2\/media?parent=22295"}],"curies":[{"name":"wp","href":"https:\/\/api.w.org\/{rel}","templated":true}]}}