{"id":22299,"date":"2025-03-26T12:02:31","date_gmt":"2025-03-26T11:02:31","guid":{"rendered":"https:\/\/metropolevsech.eu\/?page_id=22299"},"modified":"2025-03-26T12:03:38","modified_gmt":"2025-03-26T11:03:38","slug":"kostely","status":"publish","type":"page","link":"https:\/\/metropolevsech.eu\/ua\/kostely\/","title":{"rendered":"\u0426\u0435\u0440\u043a\u0432\u0438"},"content":{"rendered":"<p><\/p>\n<h4>\u0425\u0440\u0430\u043c \u0421\u0432\u044f\u0442\u043e\u0433\u043e \u041c\u0438\u043a\u043e\u043b\u0430\u044f \u2013 \u041c\u0430\u043b\u0430 \u0421\u0442\u0440\u0430\u043d\u0430<\/h4>\n<img loading=\"lazy\" class=\"alignnone wp-image-9204 size-content-image article-img\" src=\"\/\/metropolevsech.eu\/wp-content\/uploads\/2019\/04\/kostel-svat\u00e9ho-mikul\u00e1\u0161e-prague-city-tourism-670x447.jpg\" alt=\"\" width=\"670\" height=\"447\" srcset=\"https:\/\/metropolevsech.eu\/wp-content\/uploads\/2019\/04\/kostel-svat\u00e9ho-mikul\u00e1\u0161e-prague-city-tourism-670x447.jpg 670w, https:\/\/metropolevsech.eu\/wp-content\/uploads\/2019\/04\/kostel-svat\u00e9ho-mikul\u00e1\u0161e-prague-city-tourism-300x200.jpg 300w, https:\/\/metropolevsech.eu\/wp-content\/uploads\/2019\/04\/kostel-svat\u00e9ho-mikul\u00e1\u0161e-prague-city-tourism-768x512.jpg 768w, https:\/\/metropolevsech.eu\/wp-content\/uploads\/2019\/04\/kostel-svat\u00e9ho-mikul\u00e1\u0161e-prague-city-tourism-1040x693.jpg 1040w\" sizes=\"(max-width: 670px) 100vw, 670px\" \/>\n<p><em>foto \u00a9 Prague City Tourism<\/em><\/p>\n<p>\u0426\u0435\u0439 \u043d\u0430\u0439\u0432\u0456\u0434\u043e\u043c\u0456\u0448\u0438\u0439 \u0431\u0430\u0440\u043e\u0447\u043d\u0438\u0439 \u0445\u0440\u0430\u043c \u041f\u0440\u0430\u0433\u0438 \u043d\u0430\u043b\u0435\u0436\u0438\u0442\u044c \u0434\u043e \u043d\u0430\u0439\u0446\u0456\u043d\u043d\u0456\u0448\u0438\u0445 \u0431\u0443\u0434\u0456\u0432\u0435\u043b\u044c \u0431\u0430\u0440\u043e\u043a\u043e \u043d\u0430 \u043f\u0456\u0432\u043d\u0456\u0447 \u0432\u0456\u0434 \u0410\u043b\u044c\u043f. \u0414\u0456\u0430\u043c\u0435\u0442\u0440 \u043a\u0443\u043f\u043e\u043b\u0430 \u0441\u043a\u043b\u0430\u0434\u0430\u0454 \u043d\u0435\u0439\u043c\u043e\u0432\u0456\u0440\u043d\u0438\u0445 20 \u043c\u0435\u0442\u0440\u0456\u0432, \u0432\u043d\u0443\u0442\u0440\u0456\u0448\u043d\u044f \u0432\u0438\u0441\u043e\u0442\u0430 \u0434\u043e \u0432\u0435\u0440\u0445\u0443 \u043b\u0456\u0445\u0442\u0430\u0440\u044f \u2013 \u0431\u0456\u043b\u044c\u0448\u0435 49 \u043c\u0435\u0442\u0440\u0456\u0432, \u0456, \u0442\u0430\u043a\u0438\u043c \u0447\u0438\u043d\u043e\u043c, \u0446\u0435 \u043d\u0430\u0439\u0432\u0438\u0449\u0438\u0439 \u0443 \u041f\u0440\u0430\u0437\u0456 \u0456\u043d\u0442\u0435\u0440\u2019\u0454\u0440, \u044f\u043a\u0438\u0439 \u0442\u0430\u043a\u043e\u0436 \u0454 \u0432\u0456\u0434\u043c\u0456\u043d\u043d\u0438\u043c \u043f\u0440\u0438\u043a\u043b\u0430\u0434\u043e\u043c \u0431\u0430\u0440\u043e\u0447\u043d\u043e\u0433\u043e \u043e\u0444\u043e\u0440\u043c\u043b\u0435\u043d\u043d\u044f. \u0423 \u0446\u0435\u0440\u043a\u0432\u0456 \u0432\u0456\u0434\u0431\u0443\u0432\u0430\u044e\u0442\u044c\u0441\u044f \u0446\u0456\u043b\u043e\u0440\u0456\u0447\u043d\u0456 \u043a\u043e\u043d\u0446\u0435\u0440\u0442\u043d\u0456 \u0446\u0438\u043a\u043b\u0438 \u0437 \u0432\u0438\u043a\u043e\u0440\u0438\u0441\u0442\u0430\u043d\u043d\u044f\u043c \u0456\u0441\u0442\u043e\u0440\u0438\u0447\u043d\u043e\u0433\u043e \u043e\u0440\u0433\u0430\u043d\u0443 18 \u0441\u0442\u043e\u043b\u0456\u0442\u0442\u044f.<\/p>\n<p>\u0414\u0435\u0442\u0430\u043b\u044c\u043d\u0456\u0448\u0443 \u0456\u043d\u0444\u043e\u0440\u043c\u0430\u0446\u0456\u044e \u0432\u0438 \u043c\u043e\u0436\u0435\u0442\u0435 \u0437\u043d\u0430\u0439\u0442\u0438 \u043d\u0430 <a href=\"\/\/www.prague.eu\/uk\/object\/places\/166\/kostel-sv-mikulase?back=1\">\u043e\u0444\u0456\u0446\u0456\u0439\u043d\u043e\u043c\u0443 \u0442\u0443\u0440\u0438\u0441\u0442\u0438\u0447\u043d\u043e\u043c\u0443 \u0441\u0430\u0439\u0442\u0456 \u041f\u0440\u0430\u0433\u0438<\/a>.<\/p>","protected":false},"excerpt":{"rendered":"<p>\u0425\u0440\u0430\u043c \u0421\u0432\u044f\u0442\u043e\u0433\u043e \u041c\u0438\u043a\u043e\u043b\u0430\u044f \u2013 \u041c\u0430\u043b\u0430 \u0421\u0442\u0440\u0430\u043d\u0430 foto \u00a9 Prague City Tourism \u0426\u0435\u0439 \u043d\u0430\u0439\u0432\u0456\u0434\u043e\u043c\u0456\u0448\u0438\u0439 \u0431\u0430\u0440\u043e\u0447\u043d\u0438\u0439 \u0445\u0440\u0430\u043c \u041f\u0440\u0430\u0433\u0438 \u043d\u0430\u043b\u0435\u0436\u0438\u0442\u044c \u0434\u043e \u043d\u0430\u0439\u0446\u0456\u043d\u043d\u0456\u0448\u0438\u0445 \u0431\u0443\u0434\u0456\u0432\u0435\u043b\u044c \u0431\u0430\u0440\u043e\u043a\u043e \u043d\u0430 \u043f\u0456\u0432\u043d\u0456\u0447 \u0432\u0456\u0434 \u0410\u043b\u044c\u043f. \u0414\u0456\u0430\u043c\u0435\u0442\u0440 \u043a\u0443\u043f\u043e\u043b\u0430 \u0441\u043a\u043b\u0430\u0434\u0430\u0454 \u043d\u0435\u0439\u043c\u043e\u0432\u0456\u0440\u043d\u0438\u0445 20 \u043c\u0435\u0442\u0440\u0456\u0432, \u0432\u043d\u0443\u0442\u0440\u0456\u0448\u043d\u044f \u0432\u0438\u0441\u043e\u0442\u0430 \u0434\u043e \u0432\u0435\u0440\u0445\u0443 \u043b\u0456\u0445\u0442\u0430\u0440\u044f \u2013 \u0431\u0456\u043b\u044c\u0448\u0435 49 \u043c\u0435\u0442\u0440\u0456\u0432,&#8230;<\/p>\n<a class=\"more-block\" href=\"https:\/\/metropolevsech.eu\/ua\/kostely\/\">\u0427\u0438\u0442\u0430\u0442\u0438 \u0431\u0456\u043b\u044c\u0448\u0435<\/a>","protected":false},"author":7,"featured_media":0,"parent":0,"menu_order":0,"comment_status":"closed","ping_status":"closed","template":"","meta":[],"acf":[],"_links":{"self":[{"href":"https:\/\/metropolevsech.eu\/ua\/wp-json\/wp\/v2\/pages\/22299"}],"collection":[{"href":"https:\/\/metropolevsech.eu\/ua\/wp-json\/wp\/v2\/pages"}],"about":[{"href":"https:\/\/metropolevsech.eu\/ua\/wp-json\/wp\/v2\/types\/page"}],"author":[{"embeddable":true,"href":"https:\/\/metropolevsech.eu\/ua\/wp-json\/wp\/v2\/users\/7"}],"replies":[{"embeddable":true,"href":"https:\/\/metropolevsech.eu\/ua\/wp-json\/wp\/v2\/comments?post=22299"}],"version-history":[{"count":1,"href":"https:\/\/metropolevsech.eu\/ua\/wp-json\/wp\/v2\/pages\/22299\/revisions"}],"predecessor-version":[{"id":22302,"href":"https:\/\/metropolevsech.eu\/ua\/wp-json\/wp\/v2\/pages\/22299\/revisions\/22302"}],"wp:attachment":[{"href":"https:\/\/metropolevsech.eu\/ua\/wp-json\/wp\/v2\/media?parent=22299"}],"curies":[{"name":"wp","href":"https:\/\/api.w.org\/{rel}","templated":true}]}}