{"id":22343,"date":"2025-03-27T13:59:40","date_gmt":"2025-03-27T12:59:40","guid":{"rendered":"https:\/\/metropolevsech.eu\/?page_id=22343"},"modified":"2026-02-02T19:01:40","modified_gmt":"2026-02-02T18:01:40","slug":"registr-vozidel","status":"publish","type":"page","link":"https:\/\/metropolevsech.eu\/ua\/registr-vozidel\/","title":{"rendered":"\u0420\u0435\u0454\u0441\u0442\u0440 \u0442\u0440\u0430\u043d\u0441\u043f\u043e\u0440\u0442\u043d\u0438\u0445 \u0437\u0430\u0441\u043e\u0431\u0456\u0432"},"content":{"rendered":"<p>\u0422\u0440\u0430\u043d\u0441\u043f\u043e\u0440\u0442\u043d\u0456 \u0437\u0430\u0441\u043e\u0431\u0438 \u0443 \u0427\u0435\u0441\u044c\u043a\u0456\u0439 \u0420\u0435\u0441\u043f\u0443\u0431\u043b\u0456\u0446\u0456 \u043f\u043e\u0432\u0438\u043d\u043d\u0456 \u043f\u0435\u0440\u0435\u0431\u0443\u0432\u0430\u0442\u0438 \u043d\u0430 \u043e\u0431\u043b\u0456\u043a\u0443 \u0432\u0456\u0434\u043f\u043e\u0432\u0456\u0434\u043d\u043e\u0457 \u0430\u0434\u043c\u0456\u043d\u0456\u0441\u0442\u0440\u0430\u0446\u0456\u0457 \u043d\u0430\u0441\u0435\u043b\u0435\u043d\u043e\u0433\u043e \u043f\u0443\u043d\u043a\u0442\u0443. \u0421\u0442\u0430\u0432\u0438\u0442\u0438 \u043d\u0430 \u043e\u0431\u043b\u0456\u043a \u0442\u0440\u0435\u0431\u0430 \u044f\u043a \u043a\u0443\u043f\u0456\u0432\u043b\u044e \u0430\u0432\u0442\u043e\u043c\u043e\u0431\u0456\u043b\u044f, \u0442\u0430\u043a \u0456 \u0437\u043c\u0456\u043d\u0443 \u0432\u043b\u0430\u0441\u043d\u0438\u043a\u0430 \u0437 \u043f\u043e\u043f\u0435\u0440\u0435\u0434\u043d\u044c\u043e\u0433\u043e \u043d\u0430 \u043d\u043e\u0432\u043e\u0433\u043e \u043f\u0456\u0434 \u0447\u0430\u0441 \u043f\u0440\u043e\u0434\u0430\u0436\u0443 \u0422\u0417.<\/p>\n<p>\u0417 1 \u0447\u0435\u0440\u0432\u043d\u044f 2017 \u0440\u043e\u043a\u0443 \u0432\u0441\u0442\u0443\u043f\u0438\u043b\u0438\u0438 \u0432 \u0434\u0456\u044e \u043f\u043e\u043f\u0440\u0430\u0432\u043a\u0438 \u0434\u043e \u0437\u0430\u043a\u043e\u043d\u0443 \u043f\u0440\u043e \u0443\u043c\u043e\u0432\u0438 \u0435\u043a\u0441\u043f\u043b\u0443\u0430\u0442\u0430\u0446\u0456\u0457 \u0442\u0440\u0430\u043d\u0441\u043f\u043e\u0440\u0442\u043d\u0438\u0445 \u0437\u0430\u0441\u043e\u0431\u0456\u0432 \u043d\u0430 \u0434\u043e\u0440\u043e\u0433\u0430\u0445 \u0437\u0430\u0433\u0430\u043b\u044c\u043d\u043e\u0433\u043e \u043a\u043e\u0440\u0438\u0441\u0442\u0443\u0432\u0430\u043d\u043d\u044f. \u0417\u0433\u0456\u0434\u043d\u043e \u0437 \u043d\u043e\u0432\u043e\u044e \u0440\u0435\u0434\u0430\u043a\u0446\u0456\u0454\u044e, \u0432 \u0430\u0434\u043c\u0456\u043d\u0456\u0441\u0442\u0440\u0430\u0446\u0456\u0457 \u0431\u0443\u0434\u044c-\u044f\u043a\u043e\u0433\u043e \u043d\u0430\u0441\u0435\u043b\u0435\u043d\u043e\u0433\u043e \u043f\u0443\u043d\u043a\u0442\u0443 \u0437 \u0440\u043e\u0437\u0448\u0438\u0440\u0435\u043d\u0438\u043c\u0438 \u043f\u043e\u0432\u043d\u043e\u0432\u0430\u0436\u0435\u043d\u043d\u044f\u043c\u0438 \u0432\u0456\u0434\u043d\u0438\u043d\u0456 \u043c\u043e\u0436\u043d\u0430 \u043e\u0444\u043e\u0440\u043c\u0438\u0442\u0438 \u043d\u0435 \u043b\u0438\u0448\u0435 \u0437\u043c\u0456\u043d\u0443 \u0432\u043b\u0430\u0441\u043d\u0438\u043a\u0430 \u0430\u0431\u043e \u043e\u0441\u043e\u0431\u0438, \u0449\u043e \u0435\u043a\u0441\u043f\u043b\u0443\u0430\u0442\u0443\u0454 \u0437\u0430\u0440\u0435\u0454\u0441\u0442\u0440\u043e\u0432\u0430\u043d\u0438\u0439 \u0422\u0417, \u0430\u043b\u0435 \u0456 \u043f\u043e\u0441\u0442\u0430\u0432\u0438\u0442\u0438 \u043d\u0430 \u043e\u0431\u043b\u0456\u043a \u043d\u043e\u0432\u0438\u0439 \u0430\u0431\u043e \u0456\u043c\u043f\u043e\u0440\u0442\u043e\u0432\u0430\u043d\u0438\u0439 \u0422\u0417, \u043e\u0444\u043e\u0440\u043c\u0438\u0442\u0438 \u0442\u0438\u043c\u0447\u0430\u0441\u043e\u0432\u0435 \u0437\u043d\u044f\u0442\u0442\u044f \u0422\u0417 \u0437 \u043e\u0431\u043b\u0456\u043a\u0443, \u043f\u043e\u0432\u0456\u0434\u043e\u043c\u0438\u0442\u0438 \u043f\u0440\u043e \u043b\u0456\u043a\u0432\u0456\u0434\u0430\u0446\u0456\u044e \u0422\u0417, \u043f\u043e\u0434\u0430\u0442\u0438 \u0437\u0430\u044f\u0432\u0443 \u043f\u0440\u043e \u0432\u0438\u0434\u0430\u0447\u0443 \u0434\u0435\u0440\u0436\u0430\u0432\u043d\u043e\u0433\u043e \u0440\u0435\u0454\u0441\u0442\u0440\u0430\u0446\u0456\u0439\u043d\u043e\u0433\u043e \u043d\u043e\u043c\u0435\u0440\u0443 \u00ab\u043d\u0430 \u0437\u0430\u043c\u043e\u0432\u043b\u0435\u043d\u043d\u044f\u00bb \u0430\u0431\u043e \u0434\u043b\u044f \u0431\u0430\u0433\u0430\u0436\u043d\u0438\u043a\u0430 \u0434\u043b\u044f \u0432\u0435\u043b\u043e\u0441\u0438\u043f\u0435\u0434\u0456\u0432, \u0430 \u0442\u0430\u043a\u043e\u0436 \u0437\u0430\u0440\u0435\u0454\u0441\u0442\u0440\u0443\u0432\u0430\u0442\u0438 \u043f\u0440\u0438\u0447\u0456\u043f\u043d\u0438\u0439 \u043f\u0440\u0438\u0441\u0442\u0440\u0456\u0439 (\u0444\u0430\u0440\u043a\u043e\u043f) \u0430\u0431\u043e \u043f\u0440\u0438\u0447\u0456\u043f.<\/p>\n<div class=\"box-ok\"><br \/>\n<em>\u041c\u0456\u043d\u0456\u0441\u0442\u0435\u0440\u0441\u0442\u0432\u043e \u0442\u0440\u0430\u043d\u0441\u043f\u043e\u0440\u0442\u0443 \u0427\u0435\u0441\u044c\u043a\u043e\u0457 \u0420\u0435\u0441\u043f\u0443\u0431\u043b\u0456\u043a\u0438 \u0440\u043e\u0437\u0440\u043e\u0431\u0438\u043b\u043e \u043d\u0430\u043e\u0447\u043d\u0443 \u043a\u0430\u0440\u0442\u0443 \u0434\u043b\u044f \u0432\u043e\u0434\u0456\u0457\u0432, \u043d\u0430 \u044f\u043a\u0456\u0439 \u0432\u043a\u0430\u0437\u0430\u043d\u0456 \u0432\u0441\u0456 \u0430\u0434\u043c\u0456\u043d\u0456\u0441\u0442\u0440\u0430\u0446\u0456\u0457 \u0440\u0430\u0439\u043e\u043d\u0456\u0432 \u0437 \u0440\u043e\u0437\u0448\u0438\u0440\u0435\u043d\u0438\u043c\u0438 \u043f\u043e\u0432\u043d\u043e\u0432\u0430\u0436\u0435\u043d\u043d\u044f\u043c\u0438, \u0432\u043a\u043b\u044e\u0447\u0430\u044e\u0447\u0438 \u0457\u0445 \u0430\u0434\u0440\u0435\u0441\u0438 \u0456 \u043a\u043e\u043d\u0442\u0430\u043a\u0442\u0438. \u0417\u0430\u0432\u0434\u044f\u043a\u0438 \u0446\u044c\u043e\u043c\u0443 \u043d\u0430 \u0441\u0430\u0439\u0442\u0456 \u041c\u0456\u043d\u0442\u0440\u0430\u043d\u0441\u0443 \u043a\u043e\u0436\u0435\u043d \u043c\u043e\u0436\u0435 \u0432\u0438\u0431\u0440\u0430\u0442\u0438 \u043d\u0430\u0439\u0431\u0456\u043b\u044c\u0448 \u0432\u0456\u0434\u043f\u043e\u0432\u0456\u0434\u043d\u0443 \u0434\u043b\u044f \u0441\u0435\u0431\u0435 \u0444\u0456\u043b\u0456\u044e \u0420\u0435\u0454\u0441\u0442\u0440\u0443 \u0442\u0440\u0430\u043d\u0441\u043f\u043e\u0440\u0442\u043d\u0438\u0445 \u0437\u0430\u0441\u043e\u0431\u0456\u0432 \u0456 \u0437\u0430\u043f\u043b\u0430\u043d\u0443\u0432\u0430\u0442\u0438 \u0457\u0457 \u0432\u0456\u0434\u0432\u0456\u0434\u0430\u043d\u043d\u044f. \u041f\u043e\u0441\u0438\u043b\u0430\u043d\u043d\u044f \u043d\u0430 \u043a\u0430\u0440\u0442\u0443 \u043c\u043e\u0436\u043d\u0430 \u0437\u043d\u0430\u0439\u0442\u0438 <a target=\"_blank\" href=\"\/\/www.mdcr.cz\/Dokumenty\/Silnicni-doprava\/Registrace-vozidel\/Obecni-urady-s-rozsirenou-pusobnosti\" rel=\"noopener\">\u0442\u0443\u0442<\/a>.<\/em><br \/>\n<\/div>\n<p>\u0414\u043b\u044f \u043f\u0435\u0440\u0435\u043e\u0444\u043e\u0440\u043c\u043b\u0435\u043d\u043d\u044f \u0443\u0436\u0438\u0432\u0430\u043d\u043e\u0433\u043e \u0442\u0440\u0430\u043d\u0441\u043f\u043e\u0440\u0442\u043d\u043e\u0433\u043e \u0437\u0430\u0441\u043e\u0431\u0443 \u043d\u0430 \u043d\u043e\u0432\u043e\u0433\u043e \u0432\u043b\u0430\u0441\u043d\u0438\u043a\u0430, \u044f\u043a \u043f\u043e\u043f\u0435\u0440\u0435\u0434\u043d\u0456\u0439, \u0442\u0430\u043a \u0456 \u043d\u043e\u0432\u0438\u0439 \u0432\u043b\u0430\u0441\u043d\u0438\u043a\u0438 \u043f\u043e\u0432\u0438\u043d\u043d\u0456 \u043e\u0441\u043e\u0431\u0438\u0441\u0442\u043e \u043f\u0440\u0438\u0439\u0442\u0438 \u0434\u043e \u0430\u0434\u043c\u0456\u043d\u0456\u0441\u0442\u0440\u0430\u0442\u0438\u0432\u043d\u043e\u0433\u043e \u043e\u0440\u0433\u0430\u043d\u0443 \u0456 \u043f\u043e\u0434\u0430\u0442\u0438 \u0437\u0430\u044f\u0432\u0443 \u0454\u0434\u0438\u043d\u043e\u0433\u043e \u0437\u0440\u0430\u0437\u043a\u0430 \u043f\u0440\u043e \u0437\u043c\u0456\u043d\u0443 \u0432\u043b\u0430\u0441\u043d\u0438\u043a\u0430 \u0442\u0440\u0430\u043d\u0441\u043f\u043e\u0440\u0442\u043d\u043e\u0433\u043e \u0437\u0430\u0441\u043e\u0431\u0443. \u0414\u043e \u0437\u0430\u044f\u0432\u0438 \u043d\u0435\u043e\u0431\u0445\u0456\u0434\u043d\u043e \u0434\u043e\u0434\u0430\u0442\u0438:<\/p>\n<ul class=\"bullet\">\n<li>\u0442\u0435\u0445\u043d\u0456\u0447\u043d\u0438\u0439 \u043f\u0430\u0441\u043f\u043e\u0440\u0442 \u0442\u0430 \u043f\u043e\u0441\u0432\u0456\u0434\u0447\u0435\u043d\u043d\u044f \u043f\u0440\u043e \u0440\u0435\u0454\u0441\u0442\u0440\u0430\u0446\u0456\u044e \u0442\u0440\u0430\u043d\u0441\u043f\u043e\u0440\u0442\u043d\u043e\u0433\u043e \u0437\u0430\u0441\u043e\u0431\u0443,<\/li>\n<li>\u043f\u0440\u043e\u0442\u043e\u043a\u043e\u043b \u043f\u0440\u043e \u043e\u0431\u043b\u0456\u043a\u043e\u0432\u0438\u0439 \u043a\u043e\u043d\u0442\u0440\u043e\u043b\u044c \u0437 \u043c\u0430\u043a\u0441\u0438\u043c\u0430\u043b\u044c\u043d\u0438\u043c \u0442\u0435\u0440\u043c\u0456\u043d\u043e\u043c \u0434\u0456\u0457 30 \u0434\u043d\u0456\u0432,<\/li>\n<li>\u0437\u0435\u043b\u0435\u043d\u0443 \u043a\u0430\u0440\u0442\u0443 (\u0434\u043e\u043a\u0443\u043c\u0435\u043d\u0442 \u043f\u0440\u043e \u0441\u0442\u0440\u0430\u0445\u0443\u0432\u0430\u043d\u043d\u044f).<\/li>\n<\/ul>\n<p>\u042f\u043a\u0449\u043e \u0432\u0456\u0434 \u0456\u043c\u0435\u043d\u0456 \u043e\u0434\u043d\u0456\u0454\u0457 \u0437\u0456 \u0441\u0442\u043e\u0440\u0456\u043d \u0434\u0456\u0454 \u043f\u0440\u0435\u0434\u0441\u0442\u0430\u0432\u043d\u0438\u043a \u043d\u0430 \u043f\u0456\u0434\u0441\u0442\u0430\u0432\u0456 \u043f\u0438\u0441\u044c\u043c\u043e\u0432\u043e\u0457 \u0434\u043e\u0432\u0456\u0440\u0435\u043d\u043e\u0441\u0442\u0456, \u0442\u043e \u043f\u0456\u0434\u043f\u0438\u0441\u0438 \u043d\u0430 \u0434\u043e\u0432\u0456\u0440\u0435\u043d\u043e\u0441\u0442\u0456 \u043f\u043e\u0432\u0438\u043d\u043d\u0456 \u0431\u0443\u0442\u0438 \u043d\u043e\u0442\u0430\u0440\u0456\u0430\u043b\u044c\u043d\u043e \u0437\u0430\u0441\u0432\u0456\u0434\u0447\u0435\u043d\u0456.<\/p>\n<div class=\"box-fixa\"><br \/>\n<em>\u0417\u043d\u044f\u0442\u0442\u044f \u0456 \u043f\u043e\u0441\u0442\u0430\u043d\u043e\u0432\u043a\u0443 \u043d\u0430 \u043e\u0431\u043b\u0456\u043a \u043f\u0440\u0438 \u0437\u043c\u0456\u043d\u0456 \u0432\u043b\u0430\u0441\u043d\u0438\u043a\u0430 \u0422\u0417 \u043f\u043e\u043a\u0443\u043f\u0435\u0446\u044c \u0456 \u043f\u0440\u043e\u0434\u0430\u0432\u0435\u0446\u044c \u0437\u0434\u0456\u0439\u0441\u043d\u044e\u044e\u0442\u044c \u0430\u0431\u043e \u0441\u043f\u0456\u043b\u044c\u043d\u043e, \u0430\u0431\u043e \u0442\u0456\u043b\u044c\u043a\u0438 \u043e\u0434\u0438\u043d \u0437 \u043d\u0438\u0445 \u043d\u0430 \u043f\u0456\u0434\u0441\u0442\u0430\u0432\u0456 \u043e\u0444\u0456\u0446\u0456\u0439\u043d\u043e \u0437\u0430\u0432\u0456\u0440\u0435\u043d\u043e\u0457 \u0434\u043e\u0432\u0456\u0440\u0435\u043d\u043e\u0441\u0442\u0456, \u0432\u0438\u0434\u0430\u043d\u043e\u0457 \u0434\u0440\u0443\u0433\u043e\u044e \u0441\u0442\u043e\u0440\u043e\u043d\u043e\u044e. \u042f\u043a\u0449\u043e \u043f\u043e\u043a\u0443\u043f\u0435\u0446\u044c \u043d\u0435 \u0441\u043f\u0456\u0432\u043f\u0440\u0430\u0446\u044e\u0454 \u043f\u0440\u0438 \u043f\u0435\u0440\u0435\u0440\u0435\u0454\u0441\u0442\u0440\u0430\u0446\u0456\u0457 \u0430\u0432\u0442\u043e\u043c\u043e\u0431\u0456\u043b\u044f, \u0442\u043e \u043d\u0430 \u043e\u0441\u043d\u043e\u0432\u0456 \u0437\u0430\u043a\u043e\u043d\u0443 \u0437 1 \u0447\u0435\u0440\u0432\u043d\u044f 2017 \u0440\u043e\u043a\u0443 \u0434\u043e\u0437\u0432\u043e\u043b\u0435\u043d\u043e \u0442\u0456\u043b\u044c\u043a\u0438 \u043e\u0434\u043d\u0456\u0439 \u0441\u0442\u043e\u0440\u043e\u043d\u0456 \u0434\u043e\u0433\u043e\u0432\u043e\u0440\u0443 \u0441\u0430\u043c\u043e\u0441\u0442\u0456\u0439\u043d\u043e \u043f\u043e\u0434\u0430\u0442\u0438 \u0437\u0430\u044f\u0432\u0443 \u043f\u0440\u043e \u0437\u043c\u0456\u043d\u0443 \u0432\u043b\u0430\u0441\u043d\u0438\u043a\u0430 \u043f\u0456\u0441\u043b\u044f \u0437\u0430\u043a\u0456\u043d\u0447\u0435\u043d\u043d\u044f \u0434\u0435\u0441\u044f\u0442\u0438\u0434\u0435\u043d\u043d\u043e\u0433\u043e \u0442\u0435\u0440\u043c\u0456\u043d\u0443.<\/em><br \/>\n<\/div>\n<p>\u0417\u0434\u0456\u0439\u0441\u043d\u0435\u043d\u0430 \u0437\u043c\u0456\u043d\u0430 \u0432\u043b\u0430\u0441\u043d\u0438\u043a\u0430 \u0430\u0431\u043e \u043e\u0441\u043e\u0431\u0438, \u044f\u043a\u0430 \u043a\u043e\u0440\u0438\u0441\u0442\u0443\u0454\u0442\u044c\u0441\u044f \u0422\u0417, \u0432\u043d\u043e\u0441\u0438\u0442\u044c\u0441\u044f \u0434\u043e \u0421\u0432\u0456\u0434\u043e\u0446\u0442\u0432\u0430 \u043f\u0440\u043e \u0440\u0435\u0454\u0441\u0442\u0440\u0430\u0446\u0456\u044e \u2013 \u0447\u0430\u0441\u0442\u0438\u043d\u0438 II (\u041f\u0430\u0441\u043f\u043e\u0440\u0442\u0430 \u0422\u0417), \u0430 \u043d\u0430 \u0442\u0440\u0430\u043d\u0441\u043f\u043e\u0440\u0442\u043d\u0438\u0439 \u0437\u0430\u0441\u0456\u0431 \u0432\u0438\u0434\u0430\u0454\u0442\u044c\u0441\u044f \u043d\u043e\u0432\u0435 \u0421\u0432\u0456\u0434\u043e\u0446\u0442\u0432\u043e \u043f\u0440\u043e \u0440\u0435\u0454\u0441\u0442\u0440\u0430\u0446\u0456\u044e \u0422\u0417 (\u0447\u0430\u0441\u0442\u0438\u043d\u0430 I).<\/p>\n<p>\u0414\u043e \u0420\u0435\u0454\u0441\u0442\u0440\u0443 \u0442\u0440\u0430\u043d\u0441\u043f\u043e\u0440\u0442\u043d\u0438\u0445 \u0437\u0430\u0441\u043e\u0431\u0456\u0432 \u041c\u0430\u0433\u0456\u0441\u0442\u0440\u0430\u0442\u0443 \u0441\u0442\u043e\u043b\u0438\u0447\u043d\u043e\u0433\u043e \u043c\u0456\u0441\u0442\u0430 \u041f\u0440\u0430\u0433\u0430 \u0432\u0438 \u043c\u043e\u0436\u0435\u0442\u0435 \u0437\u0430\u043f\u0438\u0441\u0430\u0442\u0438\u0441\u044f \u0437\u0430\u0437\u0434\u0430\u043b\u0435\u0433\u0456\u0434\u044c \u043e\u043d\u043b\u0430\u0439\u043d (\u0440\u0435\u0437\u0435\u0440\u0432\u0430\u0446\u0456\u044f) \u0456 \u0441\u0430\u043c\u0456 \u0432\u0438\u0431\u0440\u0430\u0442\u0438 \u0434\u0430\u0442\u0443 \u0442\u0430 \u0433\u043e\u0434\u0438\u043d\u0443 \u0432 \u043e\u043d\u043b\u0430\u0439\u043d-\u0441\u0438\u0441\u0442\u0435\u043c\u0456 \u0432\u0456\u0434\u043f\u043e\u0432\u0456\u0434\u043d\u043e\u0433\u043e \u0432\u0456\u0434\u0434\u0456\u043b\u0435\u043d\u043d\u044f.<\/p>\n<div class=\"box-fixa\"><br \/>\n<em>\u041a\u043e\u0436\u0435\u043d \u0430\u0432\u0442\u043e\u043c\u043e\u0431\u0456\u043b\u044c \u0443 \u0427\u0435\u0441\u044c\u043a\u0456\u0439 \u0420\u0435\u0441\u043f\u0443\u0431\u043b\u0456\u0446\u0456 \u043f\u043e\u0432\u0438\u043d\u0435\u043d \u0431\u0443\u0442\u0438 \u0437\u0430\u0441\u0442\u0440\u0430\u0445\u043e\u0432\u0430\u043d\u0438\u043c, \u0439\u0434\u0435\u0442\u044c\u0441\u044f \u043f\u0440\u043e \u0442\u0430\u043a \u0437\u0432\u0430\u043d\u0435 <strong>\u0441\u0442\u0440\u0430\u0445\u0443\u0432\u0430\u043d\u043d\u044f \u0442\u0440\u0430\u043d\u0441\u043f\u043e\u0440\u0442\u043d\u0438\u0445 \u0437\u0430\u0441\u043e\u0431\u0456\u0432<\/strong> (\u0447\u0435\u0441\u044c\u043a\u043e\u044e \u201cpovinn\u00e9 ru\u010den\u00ed\u201d \u0430\u0431\u043e \u0442\u0430\u043a\u043e\u0436 \u201c\u0437\u0435\u043b\u0435\u043d\u0430 \u043a\u0430\u0440\u0442\u0430\u201d). \u0422\u0440\u0430\u043d\u0441\u043f\u043e\u0440\u0442\u043d\u0456 \u0437\u0430\u0441\u043e\u0431\u0438 \u0434\u0430\u043b\u0456 \u043f\u0456\u0434\u043b\u044f\u0433\u0430\u044e\u0442\u044c \u0440\u0435\u0433\u0443\u043b\u044f\u0440\u043d\u0438\u043c \u0442\u0435\u0445\u043d\u0456\u0447\u043d\u0438\u043c \u043e\u0433\u043b\u044f\u0434\u0430\u043c \u0456 \u0432\u0438\u043c\u0456\u0440\u044e\u0432\u0430\u043d\u043d\u044f\u043c \u0435\u043c\u0456\u0441\u0456\u0439 \u0432\u0438\u0445\u043b\u043e\u043f\u043d\u0438\u0445 \u0433\u0430\u0437\u0456\u0432. \u041f\u0440\u0438 \u0432\u0438\u043a\u043e\u0440\u0438\u0441\u0442\u0430\u043d\u043d\u0456 \u0430\u0432\u0442\u043e\u043c\u0430\u0433\u0456\u0441\u0442\u0440\u0430\u043b\u0435\u0439 \u0443 \u0427\u0420 \u043d\u0435\u043e\u0431\u0445\u0456\u0434\u043d\u043e \u043c\u0430\u0442\u0438 \u0437\u0430\u0437\u0434\u0430\u043b\u0435\u0433\u0456\u0434\u044c \u043f\u0440\u0438\u0434\u0431\u0430\u043d\u0443 \u0442\u0430 \u043d\u0430 \u0430\u0432\u0442\u043e\u043c\u043e\u0431\u0456\u043b\u0456 \u043d\u0430\u043a\u043b\u0435\u0454\u043d\u0443 \u0442\u0430\u043a \u0437\u0432\u0430\u043d\u0443 \u0432\u0456\u043d\u044c\u0454\u0442\u043a\u0443 (\u0447\u0435\u0441\u044c\u043a\u043e\u044e \u2013 d\u00e1lni\u010dn\u00ed zn\u00e1mka, \u0442\u043e\u0431\u0442\u043e \u0442\u0430\u043b\u043e\u043d \u043f\u0440\u043e \u043e\u043f\u043b\u0430\u0442\u0443 \u043f\u0440\u043e\u0457\u0437\u0434\u0443 \u0430\u0432\u0442\u043e\u043c\u0430\u0433\u0456\u0441\u0442\u0440\u0430\u043b\u044f\u043c\u0438).<\/em><br \/>\n<\/div>\n<p>&nbsp;<\/p>\n<ul class=\"bullet-links\">\n<li><a target=\"_blank\" href=\"\/\/www.praha.eu\/jnp\/cz\/potrebuji_resit\/zivotni_situace\/dopravnespravni_cinnosti\/registr_vozidel\/registr_vozidel-motorova_a_pripojna_vozidla.html\" rel=\"noopener\">\u0421\u043f\u0438\u0441\u043e\u043a \u0432\u0456\u0434\u0434\u0456\u043b\u0435\u043d\u044c \u0420\u0435\u0454\u0441\u0442\u0440\u0443 \u0442\u0440\u0430\u043d\u0441\u043f\u043e\u0440\u0442\u043d\u0438\u0445 \u0437\u0430\u0441\u043e\u0431\u0456\u0432 \u041c\u0430\u0433\u0456\u0441\u0442\u0440\u0430\u0442\u0443 \u0441\u0442\u043e\u043b\u0438\u0447\u043d\u043e\u0433\u043e \u043c\u0456\u0441\u0442\u0430 \u041f\u0440\u0430\u0433\u0430<\/a><\/li>\n<li><a target=\"_blank\" href=\"\/\/www.praha.eu\/jnp\/cz\/potrebuji_resit\/elektronicke_sluzby\/online_rezervace\/registr_ridicu\/rezervace_navstev\/index.html\" rel=\"noopener\">\u041e\u043d-\u043b\u0430\u0439\u043d \u0440\u0435\u0454\u0441\u0442\u0440\u0430\u0446\u0456\u044f<\/a><\/li>\n<\/ul>\n<p><\/p>","protected":false},"excerpt":{"rendered":"<p>\u0422\u0440\u0430\u043d\u0441\u043f\u043e\u0440\u0442\u043d\u0456 \u0437\u0430\u0441\u043e\u0431\u0438 \u0443 \u0427\u0435\u0441\u044c\u043a\u0456\u0439 \u0420\u0435\u0441\u043f\u0443\u0431\u043b\u0456\u0446\u0456 \u043f\u043e\u0432\u0438\u043d\u043d\u0456 \u043f\u0435\u0440\u0435\u0431\u0443\u0432\u0430\u0442\u0438 \u043d\u0430 \u043e\u0431\u043b\u0456\u043a\u0443 \u0432\u0456\u0434\u043f\u043e\u0432\u0456\u0434\u043d\u043e\u0457 \u0430\u0434\u043c\u0456\u043d\u0456\u0441\u0442\u0440\u0430\u0446\u0456\u0457 \u043d\u0430\u0441\u0435\u043b\u0435\u043d\u043e\u0433\u043e \u043f\u0443\u043d\u043a\u0442\u0443. \u0421\u0442\u0430\u0432\u0438\u0442\u0438 \u043d\u0430 \u043e\u0431\u043b\u0456\u043a \u0442\u0440\u0435\u0431\u0430 \u044f\u043a \u043a\u0443\u043f\u0456\u0432\u043b\u044e \u0430\u0432\u0442\u043e\u043c\u043e\u0431\u0456\u043b\u044f, \u0442\u0430\u043a \u0456 \u0437\u043c\u0456\u043d\u0443 \u0432\u043b\u0430\u0441\u043d\u0438\u043a\u0430 \u0437 \u043f\u043e\u043f\u0435\u0440\u0435\u0434\u043d\u044c\u043e\u0433\u043e \u043d\u0430 \u043d\u043e\u0432\u043e\u0433\u043e \u043f\u0456\u0434 \u0447\u0430\u0441 \u043f\u0440\u043e\u0434\u0430\u0436\u0443 \u0422\u0417. \u0417 1 \u0447\u0435\u0440\u0432\u043d\u044f 2017 \u0440\u043e\u043a\u0443 \u0432\u0441\u0442\u0443\u043f\u0438\u043b\u0438\u0438 \u0432 \u0434\u0456\u044e&#8230;<\/p>\n<a class=\"more-block\" href=\"https:\/\/metropolevsech.eu\/ua\/registr-vozidel\/\">\u0427\u0438\u0442\u0430\u0442\u0438 \u0431\u0456\u043b\u044c\u0448\u0435<\/a>","protected":false},"author":7,"featured_media":0,"parent":0,"menu_order":0,"comment_status":"closed","ping_status":"closed","template":"","meta":[],"acf":[],"_links":{"self":[{"href":"https:\/\/metropolevsech.eu\/ua\/wp-json\/wp\/v2\/pages\/22343"}],"collection":[{"href":"https:\/\/metropolevsech.eu\/ua\/wp-json\/wp\/v2\/pages"}],"about":[{"href":"https:\/\/metropolevsech.eu\/ua\/wp-json\/wp\/v2\/types\/page"}],"author":[{"embeddable":true,"href":"https:\/\/metropolevsech.eu\/ua\/wp-json\/wp\/v2\/users\/7"}],"replies":[{"embeddable":true,"href":"https:\/\/metropolevsech.eu\/ua\/wp-json\/wp\/v2\/comments?post=22343"}],"version-history":[{"count":8,"href":"https:\/\/metropolevsech.eu\/ua\/wp-json\/wp\/v2\/pages\/22343\/revisions"}],"predecessor-version":[{"id":24873,"href":"https:\/\/metropolevsech.eu\/ua\/wp-json\/wp\/v2\/pages\/22343\/revisions\/24873"}],"wp:attachment":[{"href":"https:\/\/metropolevsech.eu\/ua\/wp-json\/wp\/v2\/media?parent=22343"}],"curies":[{"name":"wp","href":"https:\/\/api.w.org\/{rel}","templated":true}]}}