{"id":23743,"date":"2025-10-22T13:24:46","date_gmt":"2025-10-22T11:24:46","guid":{"rendered":"https:\/\/metropolevsech.eu\/?page_id=23743"},"modified":"2026-03-11T18:26:37","modified_gmt":"2026-03-11T17:26:37","slug":"psychiatricke-pohotovosti-a-krizova-centra-v-praze-zdravotnicka-zarizeni","status":"publish","type":"page","link":"https:\/\/metropolevsech.eu\/ua\/zdravotni-informace-pro-drzitele-docasne-ochrany\/pece-o-dusevni-zdravi\/kdy-a-kde-vyhledat-pomoc\/psychiatricke-pohotovosti-a-krizova-centra-v-praze-zdravotnicka-zarizeni\/","title":{"rendered":"\u041f\u0441\u0438\u0445\u0456\u0430\u0442\u0440\u0438\u0447\u043d\u0456 \u0432\u0456\u0434\u0434\u0456\u043b\u0435\u043d\u043d\u044f \u043d\u0435\u0432\u0456\u0434\u043a\u043b\u0430\u0434\u043d\u043e\u0457 \u0434\u043e\u043f\u043e\u043c\u043e\u0433\u0438 \u0442\u0430 \u043a\u0440\u0438\u0437\u043e\u0432\u0456 \u0446\u0435\u043d\u0442\u0440\u0438 \u0432 \u041f\u0440\u0430\u0437\u0456 (\u043c\u0435\u0434\u0438\u0447\u043d\u0456 \u0437\u0430\u043a\u043b\u0430\u0434\u0438)"},"content":{"rendered":"<p><\/p>\n<h4 id=\"krizove-centrum-riaps-ua\">\u041a\u0440\u0438\u0437\u043e\u0432\u0438\u0439 \u0446\u0435\u043d\u0442\u0440 RIAPS \u041f\u0440\u0430\u0433\u0430 (Krizov\u00e9 centrum RIAPS Praha)<\/h4>\n<ul>\n<li><em>Chel\u010dick\u00e9ho 39, 130 00 \u041f\u0440\u0430\u0433\u0430 3 <\/em><em>\/\/ \u0432\u0443\u043b. \u0425\u0435\u043b\u044c\u0447\u0438\u0446\u044c\u043a\u0435\u0433\u043e, \u0431. 39, \u043c. \u041f\u0440\u0430\u0433\u0430 3, \u0456\u043d\u0434\u0435\u043a\u0441 130 00 <\/em><\/li>\n<li><em>+420 222 586\u00a0768<\/em><\/li>\n<li><a href=\"mailto:riaps@csspraha.cz\"><em>riaps@csspraha.cz<\/em><\/a><\/li>\n<li><em>\u0456\u043d\u0444\u043e\u0440\u043c\u0430\u0446\u0456\u044f \u0432\u0437\u044f\u0442\u0430 \u0437 <\/em><a href=\"https:\/\/www.csspraha.cz\/kc-riaps\"><em>\u0441\u0430\u0439\u0442\u0443<\/em><\/a><em> \u043e\u0440\u0433\u0430\u043d\u0456\u0437\u0430\u0446\u0456\u0457<\/em><\/li>\n<\/ul>\n<p>\u0426\u0435 \u043c\u0435\u0434\u0438\u0447\u043d\u0438\u0439 \u0437\u0430\u043a\u043b\u0430\u0434, \u044f\u043a\u0438\u0439 \u043d\u0430\u0434\u0430\u0454 \u043a\u043e\u043c\u043f\u043b\u0435\u043a\u0441\u043d\u0443 \u0434\u043e\u043f\u043e\u043c\u043e\u0433\u0443 \u043b\u044e\u0434\u044f\u043c \u0443 \u0441\u043a\u043b\u0430\u0434\u043d\u0456\u0439 \u0436\u0438\u0442\u0442\u0454\u0432\u0456\u0439 \u0441\u0438\u0442\u0443\u0430\u0446\u0456\u0457, \u0449\u043e \u043d\u0435\u0433\u0430\u0442\u0438\u0432\u043d\u043e \u0432\u043f\u043b\u0438\u0432\u0430\u0454 \u043d\u0430 \u0457\u0445\u043d\u0454 \u043f\u0441\u0438\u0445\u0456\u0447\u043d\u0435 \u0437\u0434\u043e\u0440\u043e\u0432\u2019\u044f. \u0412\u0456\u043d \u043e\u0431\u2019\u0454\u0434\u043d\u0443\u0454 \u043f\u0441\u0438\u0445\u043e\u043b\u043e\u0433\u0456\u0432, \u043f\u0441\u0438\u0445\u0456\u0430\u0442\u0440\u0456\u0432, \u043c\u0435\u0434\u0438\u0447\u043d\u0438\u0445 \u0441\u0435\u0441\u0442\u0435\u0440-\u043f\u0441\u0438\u0445\u043e\u0442\u0435\u0440\u0430\u043f\u0435\u0432\u0442\u0456\u0432 \u0442\u0430 \u0441\u043e\u0446\u0456\u0430\u043b\u044c\u043d\u0438\u0445 \u043f\u0440\u0430\u0446\u0456\u0432\u043d\u0438\u043a\u0456\u0432 \u0432 \u043e\u0434\u043d\u0443 \u043a\u043e\u043c\u0430\u043d\u0434\u0443, \u044f\u043a\u0430 \u0434\u043e\u043f\u043e\u043c\u0430\u0433\u0430\u0454 \u043b\u044e\u0434\u044f\u043c \u0430\u043a\u0442\u0438\u0432\u043d\u043e \u0432\u0438\u0440\u0456\u0448\u0443\u0432\u0430\u0442\u0438 \u0457\u0445\u043d\u0456 \u043f\u0440\u043e\u0431\u043b\u0435\u043c\u0438.<\/p>\n<p>\u041d\u0430\u0434\u0430\u0454 \u0434\u043e\u043f\u043e\u043c\u043e\u0433\u0443 \u0443 \u0441\u0444\u0435\u0440\u0456 \u043a\u0440\u0438\u0437\u043e\u0432\u043e\u0433\u043e \u0432\u0442\u0440\u0443\u0447\u0430\u043d\u043d\u044f \u0456 \u043f\u0441\u0438\u0445\u043e\u043b\u043e\u0433\u0456\u0447\u043d\u0443 \u043f\u0456\u0434\u0442\u0440\u0438\u043c\u043a\u0443 \u0437 \u043c\u0435\u0442\u043e\u044e \u0441\u0442\u0430\u0431\u0456\u043b\u0456\u0437\u0430\u0446\u0456\u0457 \u0441\u0438\u0442\u0443\u0430\u0446\u0456\u0457. \u041f\u0440\u0430\u0446\u044e\u0454 \u0437 \u043f\u043e\u0432\u043d\u043e\u043b\u0456\u0442\u043d\u0456\u043c\u0438 \u043e\u0441\u043e\u0431\u0430\u043c\u0438. \u0414\u043e\u0433\u043b\u044f\u0434 \u0454 \u043a\u043e\u0440\u043e\u0442\u043a\u043e\u0441\u0442\u0440\u043e\u043a\u043e\u0432\u0438\u043c, \u043d\u0435\u0432\u0456\u0434\u043a\u043b\u0430\u0434\u043d\u0430 \u0434\u043e\u043f\u043e\u043c\u043e\u0433\u0430 \u043f\u0440\u0430\u0446\u044e\u0454 \u0446\u0456\u043b\u043e\u0434\u043e\u0431\u043e\u0432\u043e, \u043f\u043e\u0441\u043b\u0443\u0433\u0438 \u043e\u043f\u043b\u0430\u0447\u0443\u044e\u0442\u044c\u0441\u044f \u043c\u0435\u0434\u0438\u0447\u043d\u043e\u044e \u0441\u0442\u0440\u0430\u0445\u043e\u0432\u043a\u043e\u044e, \u043f\u043b\u0430\u0442\u0430 \u0437\u0430 \u043d\u0435\u0432\u0456\u0434\u043a\u043b\u0430\u0434\u043d\u0443 \u0434\u043e\u043f\u043e\u043c\u043e\u0433\u0443 \u0441\u0442\u0430\u043d\u043e\u0432\u0438\u0442\u044c 90 \u043a\u0440\u043e\u043d.<\/p>\n<h4 id=\"centrum-krizove-intervence-bohnice-ua\">\u0426\u0435\u043d\u0442\u0440 \u043a\u0440\u0438\u0437\u043e\u0432\u043e\u0457 \u0456\u043d\u0442\u0435\u0440\u0432\u0435\u043d\u0446\u0456\u0457 \u043f\u0440\u0438 \u041f\u0441\u0438\u0445\u0456\u0430\u0442\u0440\u0438\u0447\u043d\u0456\u0439 \u043b\u0456\u043a\u0430\u0440\u043d\u0456 \u0411\u043e\u0433\u043d\u0456\u0446\u0435 (Centrum krizov\u00e9 intervence pod Psychiatrickou nemocnic\u00ed Bohnice)<\/h4>\n<ul>\n<li><em>\u00dastavn\u00ed 91, 181 02 \u041f\u0440\u0430\u0433\u0430 8 \/\/ \u0432\u0443\u043b. \u0423\u0441\u0442\u0430\u0432\u043d\u0456, \u0431. 91, \u043c. \u041f\u0440\u0430\u0433\u0430 8, \u0456\u043d\u0434\u0435\u043a\u0441 181 02 <\/em><\/li>\n<li><em>+420 284 016\u00a0110<\/em><\/li>\n<li><em>\u0456\u043d\u0444\u043e\u0440\u043c\u0430\u0446\u0456\u044f \u0432\u0437\u044f\u0442\u0430 \u0437 <\/em><a href=\"https:\/\/bohnice.cz\/odborna-pracoviste\/centrum-krizove-intervence\/\"><em>\u0441\u0430\u0439\u0442\u0443<\/em><\/a><em> \u043e\u0440\u0433\u0430\u043d\u0456\u0437\u0430\u0446\u0456\u0457<\/em><\/li>\n<\/ul>\n<p>\u0426\u0456\u043b\u044c\u043e\u0432\u043e\u044e \u0433\u0440\u0443\u043f\u043e\u044e \u0454 \u0434\u043e\u0440\u043e\u0441\u043b\u0456 \u0432\u0456\u0434 18 \u0440\u043e\u043a\u0456\u0432, \u0446\u0435\u043d\u0442\u0440 \u043d\u0430\u0434\u0430\u0454 \u0431\u0435\u0437\u043f\u0435\u0440\u0435\u0440\u0432\u043d\u0443 \u0434\u043e\u043f\u043e\u043c\u043e\u0433\u0443 \u0432 \u043e\u0431\u043b\u0430\u0441\u0442\u0456 \u0440\u0430\u043d\u043d\u044c\u043e\u0433\u043e \u043a\u0440\u0438\u0437\u043e\u0432\u043e\u0433\u043e \u0432\u0442\u0440\u0443\u0447\u0430\u043d\u043d\u044f, \u043f\u0435\u0440\u0435\u0432\u0430\u0436\u043d\u043e \u0430\u043c\u0431\u0443\u043b\u0430\u0442\u043e\u0440\u043d\u043e\u0433\u043e \u0445\u0430\u0440\u0430\u043a\u0442\u0435\u0440\u0443, \u0437 \u043c\u043e\u0436\u043b\u0438\u0432\u043e\u044e \u0433\u043e\u0441\u043f\u0456\u0442\u0430\u043b\u0456\u0437\u0430\u0446\u0456\u0454\u044e \u043d\u0430 \u0441\u0442\u0440\u043e\u043a \u0434\u043e 6 \u0434\u043d\u0456\u0432. \u0414\u043e\u043f\u043e\u043c\u043e\u0433\u0430 \u043d\u0430\u0434\u0430\u0454\u0442\u044c\u0441\u044f \u0446\u0456\u043b\u043e\u0434\u043e\u0431\u043e\u0432\u043e \u0456 \u0431\u0435\u0437 \u043f\u043e\u043f\u0435\u0440\u0435\u0434\u043d\u044c\u043e\u0457 \u0440\u0435\u0454\u0441\u0442\u0440\u0430\u0446\u0456\u0457.<\/p>\n<p>\u0426\u0435\u043d\u0442\u0440 \u043a\u0440\u0438\u0437\u043e\u0432\u043e\u0457 \u0456\u043d\u0442\u0435\u0440\u0432\u0435\u043d\u0446\u0456\u0457 (\u0447\u0435\u0441\u044c\u043a\u0435 \u0441\u043a\u043e\u0440\u043e\u0447\u0435\u043d\u043d\u044f: CKI) \u0434\u043e\u043f\u043e\u043c\u0430\u0433\u0430\u0454 \u0432 \u043e\u0431\u043b\u0430\u0441\u0442\u0456 \u043a\u0440\u0438\u0437\u043e\u0432\u043e\u0433\u043e \u0432\u0442\u0440\u0443\u0447\u0430\u043d\u043d\u044f \u0456 \u043f\u0441\u0438\u0445\u043e\u043b\u043e\u0433\u0456\u0447\u043d\u043e\u0457 \u043f\u0456\u0434\u0442\u0440\u0438\u043c\u043a\u0438. \u041a\u043e\u043c\u0430\u043d\u0434\u0430 \u043a\u0440\u0438\u0437\u043e\u0432\u0438\u0445 \u0456\u043d\u0442\u0435\u0440\u0432\u0435\u043d\u0442\u0456\u0432 CKI \u0441\u043a\u043b\u0430\u0434\u0430\u0454\u0442\u044c\u0441\u044f \u0437 \u043f\u0441\u0438\u0445\u043e\u043b\u043e\u0433\u0456\u0432, \u043f\u0441\u0438\u0445\u0456\u0430\u0442\u0440\u0456\u0432 \u0442\u0430 \u043c\u0435\u0434\u0438\u0447\u043d\u0438\u0445 \u0441\u0435\u0441\u0442\u0435\u0440. \u041d\u0430\u0434\u0430\u0454 \u0434\u043e\u043f\u043e\u043c\u043e\u0433\u0443 \u0432 \u043a\u0440\u0438\u0437\u043e\u0432\u0438\u0445 \u0441\u0438\u0442\u0443\u0430\u0446\u0456\u044f\u0445, \u0437 \u044f\u043a\u0438\u043c\u0438 \u043b\u044e\u0434\u0438\u043d\u0430 \u0432\u0436\u0435 \u043d\u0435 \u043c\u043e\u0436\u0435 \u0432\u043f\u043e\u0440\u0430\u0442\u0438\u0441\u044f \u0441\u0430\u043c\u043e\u0441\u0442\u0456\u0439\u043d\u043e.<\/p>\n<p>\u041c\u0435\u0442\u043e\u044e \u0432\u0442\u0440\u0443\u0447\u0430\u043d\u043d\u044f \u0454 \u0442\u0435, \u0449\u043e\u0431 \u043b\u044e\u0434\u0438\u043d\u0430 \u0440\u043e\u0437\u0456\u0431\u0440\u0430\u043b\u0430\u0441\u044f \u0443 \u0441\u0432\u043e\u0457\u0439 \u0441\u0438\u0442\u0443\u0430\u0446\u0456\u0457 \u0456 \u0431\u0443\u043b\u0430 \u0437\u0434\u0430\u0442\u043d\u043e\u044e \u043f\u0440\u0438\u0439\u043d\u044f\u0442\u0438 \u043d\u0430 \u0441\u0435\u0431\u0435 \u0432\u0456\u0434\u043f\u043e\u0432\u0456\u0434\u0430\u043b\u044c\u043d\u0456\u0441\u0442\u044c \u0437\u0430 \u0457\u0457 \u0432\u0438\u0440\u0456\u0448\u0435\u043d\u043d\u044f. \u0423 \u043f\u043e\u043a\u0430\u0437\u0430\u043d\u0438\u0445 \u0432\u0438\u043f\u0430\u0434\u043a\u0430\u0445 \u043a\u0440\u0438\u0437\u043e\u0432\u0430 \u0456\u043d\u0442\u0435\u0440\u0432\u0435\u043d\u0446\u0456\u044f \u043c\u043e\u0436\u0435 \u0431\u0443\u0442\u0438 \u0440\u043e\u0437\u0448\u0438\u0440\u0435\u043d\u0430 \u0444\u0430\u0440\u043c\u0430\u043a\u043e\u0442\u0435\u0440\u0430\u043f\u0456\u0454\u044e \u0442\u0430 \u0446\u0456\u043b\u0438\u043c \u0441\u043f\u0435\u043a\u0442\u0440\u043e\u043c \u043f\u0441\u0438\u0445\u043e\u0442\u0435\u0440\u0430\u043f\u0435\u0432\u0442\u0438\u0447\u043d\u0438\u0445 \u0437\u0430\u0445\u043e\u0434\u0456\u0432. \u0414\u043e\u0433\u043b\u044f\u0434 CKI \u0437\u0430 \u043a\u043b\u0456\u0454\u043d\u0442\u043e\u043c \u0437\u0430\u0432\u0436\u0434\u0438 \u0454 \u043a\u043e\u0440\u043e\u0442\u043a\u043e\u0441\u0442\u0440\u043e\u043a\u043e\u0432\u0438\u043c \u0456 \u043d\u0435 \u0437\u0430\u043c\u0456\u043d\u044e\u0454 \u0434\u043e\u043f\u043e\u043c\u043e\u0433\u0443 \u043f\u0441\u0438\u0445\u043e\u043b\u043e\u0433\u0456\u0447\u043d\u043e\u0457 \u0430\u0431\u043e \u043f\u0441\u0438\u0445\u0456\u0430\u0442\u0440\u0438\u0447\u043d\u043e\u0457 \u0430\u043c\u0431\u0443\u043b\u0430\u0442\u043e\u0440\u0456\u0457.<\/p>\n<h4 id=\"centrum-krizove-pece-vfn-ua\">\u0426\u0435\u043d\u0442\u0440 \u043a\u0440\u0438\u0437\u043e\u0432\u043e\u0457 \u0434\u043e\u043f\u043e\u043c\u043e\u0433\u0438 \u2013 \u0417\u0430\u0433\u0430\u043b\u044c\u043d\u0430 \u0444\u0430\u043a\u0443\u043b\u044c\u0442\u0435\u0442\u0441\u044c\u043a\u0430 \u043b\u0456\u043a\u0430\u0440\u043d\u044f \u0432 \u041f\u0440\u0430\u0437\u0456 (Centrum krizov\u00e9 p\u00e9\u010de \u2013 V\u0161eobecn\u00e1 fakultn\u00ed nemocnice v\u00a0Praze)<\/h4>\n<ul>\n<li><em>Ke Karlovu 11, 128 08 Praha 2 (budova D1, p\u0159\u00edzem\u00ed)<\/em><em> \/\/ \u0432\u0443\u043b. \u041a\u0435 \u041a\u0430\u0440\u043b\u043e\u0432\u0443, \u0431. 11, <\/em><em>\u043c. \u041f\u0440\u0430\u0433\u0430 2, \u0456\u043d\u0434\u0435\u043a\u0441 128 08 (<\/em><em>\u043a\u043e\u0440\u043f\u0443\u0441 D1, <\/em><em>1-\u0439 \u043f\u043e\u0432\u0435\u0440\u0445)<\/em><\/li>\n<li><em>+420 605 851\u00a0658 <\/em><em>\u0442\u0435\u043b\u0435\u0444\u043e\u043d\u043d\u0430 \u043a\u0440\u0438\u0437\u043e\u0432\u0430 \u043b\u0456\u043d\u0456\u044f (\u043f\u043e\u043a\u0438 \u0449\u043e \u0437 8:00 \u0434\u043e 15:00)<\/em><\/li>\n<li><em>\u0456\u043d\u0444\u043e\u0440\u043c\u0430\u0446\u0456\u044f \u0432\u0437\u044f\u0442\u0430 \u0437 <\/em><a href=\"https:\/\/www.vfn.cz\/pacienti\/kliniky-ustavy\/psychiatricka-klinika\/specializovana-centra\/\"><em>\u0441\u0430\u0439\u0442\u0443<\/em><\/a><em> \u043e\u0440\u0433\u0430\u043d\u0456\u0437\u0430\u0446\u0456\u0457<\/em><\/li>\n<\/ul>\n<p>\u0426\u0435\u043d\u0442\u0440 \u043a\u0440\u0438\u0437\u043e\u0432\u043e\u0457 \u0434\u043e\u043f\u043e\u043c\u043e\u0433\u0438 \u0417\u0430\u0433\u0430\u043b\u044c\u043d\u043e\u0457 \u0444\u0430\u043a\u0443\u043b\u044c\u0442\u0435\u0442\u0441\u044c\u043a\u043e\u0457 \u043b\u0456\u043a\u0430\u0440\u043d\u0456 \u0432 \u041f\u0440\u0430\u0437\u0456 \u043d\u0430\u0434\u0430\u0454 \u043e\u0441\u043e\u0431\u0438\u0441\u0442\u0443 \u043f\u0441\u0438\u0445\u0456\u0430\u0442\u0440\u0438\u0447\u043d\u0443, \u043f\u0441\u0438\u0445\u043e\u043b\u043e\u0433\u0456\u0447\u043d\u0443 \u0442\u0430 \u0442\u0435\u0440\u0430\u043f\u0435\u0432\u0442\u0438\u0447\u043d\u0443 \u0434\u043e\u043f\u043e\u043c\u043e\u0433\u0443 \u0437 \u043c\u0435\u0442\u043e\u044e \u0441\u0442\u0430\u0431\u0456\u043b\u0456\u0437\u0430\u0446\u0456\u0457 \u043a\u0440\u0438\u0437\u0438 \u0432 \u0431\u0435\u0437\u043f\u0435\u0447\u043d\u043e\u043c\u0443 \u0442\u0430 \u0441\u043f\u0440\u0438\u044f\u0442\u043b\u0438\u0432\u043e\u043c\u0443 \u0441\u0435\u0440\u0435\u0434\u043e\u0432\u0438\u0449\u0456. \u0412\u0456\u043d \u043f\u0440\u043e\u043f\u043e\u043d\u0443\u0454 \u043a\u043e\u0440\u043e\u0442\u043a\u043e\u0441\u0442\u0440\u043e\u043a\u043e\u0432\u0443 \u043a\u0440\u0438\u0437\u043e\u0432\u0443 \u0434\u043e\u043f\u043e\u043c\u043e\u0433\u0443, \u0441\u0442\u0430\u0431\u0456\u043b\u0456\u0437\u0430\u0446\u0456\u044e \u0456 \u043f\u0456\u0434\u0442\u0440\u0438\u043c\u043a\u0443 \u0432 \u0442\u0430\u043a\u0438\u0445 \u0436\u0438\u0442\u0442\u0454\u0432\u0438\u0445 \u0441\u0438\u0442\u0443\u0430\u0446\u0456\u044f\u0445, \u0437 \u044f\u043a\u0438\u043c\u0438 \u043b\u044e\u0434\u0438\u043d\u0430 \u0432\u0436\u0435 \u043d\u0435 \u043c\u043e\u0436\u0435 \u0432\u043f\u043e\u0440\u0430\u0442\u0438\u0441\u044f \u0441\u0430\u043c\u043e\u0441\u0442\u0456\u0439\u043d\u043e \u0456 \u0457\u0439 \u043f\u043e\u0442\u0440\u0456\u0431\u043d\u0430 \u0434\u043e\u043f\u043e\u043c\u043e\u0433\u0430 \u0434\u043b\u044f \u043a\u043e\u043d\u0441\u0442\u0440\u0443\u043a\u0442\u0438\u0432\u043d\u043e\u0433\u043e \u0432\u0438\u0440\u0456\u0448\u0435\u043d\u043d\u044f.<\/p>\n<p>\u041d\u0430\u0434\u0430\u0454 \u0441\u043f\u0435\u0446\u0456\u0430\u043b\u0456\u0437\u043e\u0432\u0430\u043d\u0443 \u043f\u0456\u0434\u0442\u0440\u0438\u043c\u043a\u0443, \u0430 \u0432 \u0440\u0430\u0437\u0456 \u043f\u043e\u0442\u0440\u0435\u0431\u0438 \u0442\u0430\u043a\u043e\u0436 \u043d\u0430\u043f\u0440\u0430\u0432\u043b\u0435\u043d\u043d\u044f \u0434\u043e \u0456\u043d\u0448\u0438\u0445 \u043c\u0435\u0434\u0438\u0447\u043d\u0438\u0445 \u043f\u043e\u0441\u043b\u0443\u0433, \u0432\u043a\u043b\u044e\u0447\u0430\u044e\u0447\u0438 \u043c\u043e\u0436\u043b\u0438\u0432\u0443 \u0433\u043e\u0441\u043f\u0456\u0442\u0430\u043b\u0456\u0437\u0430\u0446\u0456\u044e. \u041a\u0440\u0456\u043c \u0437\u0430\u0437\u043d\u0430\u0447\u0435\u043d\u043e\u0433\u043e, \u043d\u0430\u0434\u0430\u0454 \u043a\u043e\u043d\u0441\u0443\u043b\u044c\u0442\u0430\u0446\u0456\u0457, \u043f\u0456\u0434\u0442\u0440\u0438\u043c\u043a\u0443 \u0442\u0430 \u043e\u0440\u0456\u0454\u043d\u0442\u0430\u0446\u0456\u044e \u0432 \u0434\u043e\u0434\u0430\u0442\u043a\u043e\u0432\u0438\u0445 \u043f\u043e\u0441\u043b\u0443\u0433\u0430\u0445 \u0456 \u043a\u043e\u043e\u0440\u0434\u0438\u043d\u0443\u0454 \u0441\u043f\u0456\u0432\u043f\u0440\u0430\u0446\u044e \u0437 \u0456\u043d\u0448\u0438\u043c\u0438 \u0441\u0443\u043f\u0443\u0442\u043d\u0456\u043c\u0438 \u043f\u043e\u0441\u043b\u0443\u0433\u0430\u043c\u0438, \u044f\u043a\u0456 \u043c\u043e\u0436\u0443\u0442\u044c \u0431\u0443\u0442\u0438 \u043a\u043e\u0440\u0438\u0441\u043d\u0438\u043c\u0438 \u043f\u0440\u0438 \u0432\u0438\u0440\u0456\u0448\u0435\u043d\u043d\u0456 \u043a\u043e\u043d\u043a\u0440\u0435\u0442\u043d\u043e\u0457 \u043a\u0440\u0438\u0437\u0438.<\/p>\n<p>\u041e\u0434\u043d\u043e\u0447\u0430\u0441\u043d\u043e \u043c\u0430\u0454 \u043a\u0440\u0438\u0437\u043e\u0432\u0443 \u043b\u0456\u043d\u0456\u044e 605 851\u00a0658 \u043f\u0441\u0438\u0445\u043e\u0441\u043e\u0446\u0456\u0430\u043b\u044c\u043d\u043e\u0433\u043e \u0432\u0442\u0440\u0443\u0447\u0430\u043d\u043d\u044f. \u0422\u0443\u0442 \u043c\u043e\u0436\u043d\u0430 \u043e\u0442\u0440\u0438\u043c\u0430\u0442\u0438 \u043a\u043e\u043d\u0441\u0443\u043b\u044c\u0442\u0430\u0446\u0456\u0457, \u043f\u0456\u0434\u0442\u0440\u0438\u043c\u043a\u0443 \u0442\u0430 \u0456\u043d\u0444\u043e\u0440\u043c\u0430\u0446\u0456\u044e \u043f\u0440\u043e \u0442\u0435, \u044f\u043a \u043e\u0440\u0456\u0454\u043d\u0442\u0443\u0432\u0430\u0442\u0438\u0441\u044f \u0432 \u0456\u043d\u0448\u0438\u0445 \u043f\u043e\u0441\u043b\u0443\u0433\u0430\u0445.<\/p>\n<p>&nbsp;<\/p>","protected":false},"excerpt":{"rendered":"<p>\u041a\u0440\u0438\u0437\u043e\u0432\u0438\u0439 \u0446\u0435\u043d\u0442\u0440 RIAPS \u041f\u0440\u0430\u0433\u0430 (Krizov\u00e9 centrum RIAPS Praha) Chel\u010dick\u00e9ho 39, 130 00 \u041f\u0440\u0430\u0433\u0430 3 \/\/ \u0432\u0443\u043b. \u0425\u0435\u043b\u044c\u0447\u0438\u0446\u044c\u043a\u0435\u0433\u043e, \u0431. 39, \u043c. \u041f\u0440\u0430\u0433\u0430 3, \u0456\u043d\u0434\u0435\u043a\u0441 130 00 +420 222 586\u00a0768 riaps@csspraha.cz \u0456\u043d\u0444\u043e\u0440\u043c\u0430\u0446\u0456\u044f \u0432\u0437\u044f\u0442\u0430 \u0437 \u0441\u0430\u0439\u0442\u0443 \u043e\u0440\u0433\u0430\u043d\u0456\u0437\u0430\u0446\u0456\u0457 \u0426\u0435 \u043c\u0435\u0434\u0438\u0447\u043d\u0438\u0439 \u0437\u0430\u043a\u043b\u0430\u0434, \u044f\u043a\u0438\u0439 \u043d\u0430\u0434\u0430\u0454 \u043a\u043e\u043c\u043f\u043b\u0435\u043a\u0441\u043d\u0443&#8230;<\/p>\n<a class=\"more-block\" href=\"https:\/\/metropolevsech.eu\/ua\/zdravotni-informace-pro-drzitele-docasne-ochrany\/pece-o-dusevni-zdravi\/kdy-a-kde-vyhledat-pomoc\/psychiatricke-pohotovosti-a-krizova-centra-v-praze-zdravotnicka-zarizeni\/\">\u0427\u0438\u0442\u0430\u0442\u0438 \u0431\u0456\u043b\u044c\u0448\u0435<\/a>","protected":false},"author":12,"featured_media":0,"parent":23652,"menu_order":1,"comment_status":"closed","ping_status":"closed","template":"","meta":[],"acf":[],"_links":{"self":[{"href":"https:\/\/metropolevsech.eu\/ua\/wp-json\/wp\/v2\/pages\/23743"}],"collection":[{"href":"https:\/\/metropolevsech.eu\/ua\/wp-json\/wp\/v2\/pages"}],"about":[{"href":"https:\/\/metropolevsech.eu\/ua\/wp-json\/wp\/v2\/types\/page"}],"author":[{"embeddable":true,"href":"https:\/\/metropolevsech.eu\/ua\/wp-json\/wp\/v2\/users\/12"}],"replies":[{"embeddable":true,"href":"https:\/\/metropolevsech.eu\/ua\/wp-json\/wp\/v2\/comments?post=23743"}],"version-history":[{"count":19,"href":"https:\/\/metropolevsech.eu\/ua\/wp-json\/wp\/v2\/pages\/23743\/revisions"}],"predecessor-version":[{"id":25075,"href":"https:\/\/metropolevsech.eu\/ua\/wp-json\/wp\/v2\/pages\/23743\/revisions\/25075"}],"up":[{"embeddable":true,"href":"https:\/\/metropolevsech.eu\/ua\/wp-json\/wp\/v2\/pages\/23652"}],"wp:attachment":[{"href":"https:\/\/metropolevsech.eu\/ua\/wp-json\/wp\/v2\/media?parent=23743"}],"curies":[{"name":"wp","href":"https:\/\/api.w.org\/{rel}","templated":true}]}}