{"id":24571,"date":"2026-01-25T11:28:46","date_gmt":"2026-01-25T10:28:46","guid":{"rendered":"https:\/\/metropolevsech.eu\/?page_id=24571"},"modified":"2026-02-02T22:22:49","modified_gmt":"2026-02-02T21:22:49","slug":"obecne-ohrozeni","status":"publish","type":"page","link":"https:\/\/metropolevsech.eu\/ua\/obecne-ohrozeni\/","title":{"rendered":"(\u010ce\u0161tina) Obecn\u00e9 ohro\u017een\u00ed"},"content":{"rendered":"<p class=\"qtranxs-available-languages-message qtranxs-available-languages-message-ua\">\u0412\u0438\u0431\u0430\u0447\u0442\u0435 \u0446\u0435\u0439 \u0442\u0435\u043a\u0441\u0442 \u0434\u043e\u0441\u0442\u0443\u043f\u043d\u0438\u0439 \u0442\u0456\u043b\u044c\u043a\u0438 \u0432 \u201c<a href=\"https:\/\/metropolevsech.eu\/cs\/wp-json\/wp\/v2\/pages\/24571\" class=\"qtranxs-available-language-link qtranxs-available-language-link-cs\" title=\"\u010ce\u0161tina\">\u010ce\u0161tina<\/a>\u201d, \u201c<a href=\"https:\/\/metropolevsech.eu\/en\/wp-json\/wp\/v2\/pages\/24571\" class=\"qtranxs-available-language-link qtranxs-available-language-link-en\" title=\"English\">English<\/a> \u0456 \u201c<a href=\"https:\/\/metropolevsech.eu\/ru\/wp-json\/wp\/v2\/pages\/24571\" class=\"qtranxs-available-language-link qtranxs-available-language-link-ru\" title=\"\u0420\u0443\u0441\u0441\u043a\u0438\u0439\">\u0420\u0443\u0441\u0441\u043a\u0438\u0439<\/a>\u201d.<\/p>","protected":false},"excerpt":{"rendered":"<p>\u0412\u0438\u0431\u0430\u0447\u0442\u0435 \u0446\u0435\u0439 \u0442\u0435\u043a\u0441\u0442 \u0434\u043e\u0441\u0442\u0443\u043f\u043d\u0438\u0439 \u0442\u0456\u043b\u044c\u043a\u0438 \u0432 \u201c\u010ce\u0161tina\u201d, \u201cEnglish \u0456 \u201c\u0420\u0443\u0441\u0441\u043a\u0438\u0439\u201d.<\/p>\n<a class=\"more-block\" href=\"https:\/\/metropolevsech.eu\/ua\/obecne-ohrozeni\/\">\u0427\u0438\u0442\u0430\u0442\u0438 \u0431\u0456\u043b\u044c\u0448\u0435<\/a>","protected":false},"author":7,"featured_media":0,"parent":0,"menu_order":0,"comment_status":"closed","ping_status":"closed","template":"","meta":[],"acf":[],"_links":{"self":[{"href":"https:\/\/metropolevsech.eu\/ua\/wp-json\/wp\/v2\/pages\/24571"}],"collection":[{"href":"https:\/\/metropolevsech.eu\/ua\/wp-json\/wp\/v2\/pages"}],"about":[{"href":"https:\/\/metropolevsech.eu\/ua\/wp-json\/wp\/v2\/types\/page"}],"author":[{"embeddable":true,"href":"https:\/\/metropolevsech.eu\/ua\/wp-json\/wp\/v2\/users\/7"}],"replies":[{"embeddable":true,"href":"https:\/\/metropolevsech.eu\/ua\/wp-json\/wp\/v2\/comments?post=24571"}],"version-history":[{"count":7,"href":"https:\/\/metropolevsech.eu\/ua\/wp-json\/wp\/v2\/pages\/24571\/revisions"}],"predecessor-version":[{"id":24890,"href":"https:\/\/metropolevsech.eu\/ua\/wp-json\/wp\/v2\/pages\/24571\/revisions\/24890"}],"wp:attachment":[{"href":"https:\/\/metropolevsech.eu\/ua\/wp-json\/wp\/v2\/media?parent=24571"}],"curies":[{"name":"wp","href":"https:\/\/api.w.org\/{rel}","templated":true}]}}