{"id":3436,"date":"2017-05-14T22:41:51","date_gmt":"2017-05-14T20:41:51","guid":{"rendered":"https:\/\/metropolevsech.eu\/?page_id=3436"},"modified":"2025-02-20T13:07:40","modified_gmt":"2025-02-20T12:07:40","slug":"mestska-cast-praha-15","status":"publish","type":"page","link":"https:\/\/metropolevsech.eu\/ua\/kontakty\/urady-v-praze\/mestske-casti\/jednotlive-mestske-casti\/mestska-cast-praha-15\/","title":{"rendered":"\u041c\u0456\u0441\u044c\u043a\u0438\u0439 \u0440\u0430\u0439\u043e\u043d \u041f\u0440\u0430\u0433\u0430 15"},"content":{"rendered":"<p><\/p>\n<h3><span style=\"color: #ff0000;\"><strong>\u0410\u0414\u041c\u0406\u041d\u0406\u0421\u0422\u0420\u0410\u0426\u0406\u042f \u041c\u0406\u0421\u042c\u041a\u041e\u0413\u041e \u0420\u0410\u0419\u041e\u041d\u0423 \u041f\u0420\u0410\u0413\u0410 15<\/strong><\/span><\/h3>\n<p><strong>\u0430\u0434\u0440\u0435\u0441\u0430: <\/strong>\u0411\u043e\u043b\u043e\u043d\u044c\u0441\u043a\u0430\u00a0478\/1, 109 00 \u041f\u0440\u0430\u0433\u0430 10 \u2013 \u0413\u043e\u0440\u043d\u0456 \u041c\u043d\u0454\u0445\u043e\u043b\u0443\u043f\u0438<\/p>\n<p><strong>\u0446\u0435\u043d\u0442\u0440\u0430\u043b\u044c\u043d\u0430 \u0442\u0435\u043b\u0435\u0444\u043e\u043d\u043d\u0430 \u0441\u0442\u0430\u043d\u0446\u0456\u044f:<\/strong> 281 003\u00a0111<\/p>\n<p><strong>\u0442\u0435\u043b\u0435\u0444\u043e\u043d\u0438 \u0456\u043d\u0444\u043e\u0440\u043c\u0430\u0446\u0456\u0439\u043d\u043e\u0457 \u043a\u0430\u043d\u0446\u0435\u043b\u044f\u0440\u0456\u0457:<\/strong> 281 003 190, 281 003 191<\/p>\n<p><strong>\u0442\u0435\u043b\u0435\u0444\u043e\u043d \u0440\u0435\u0454\u0441\u0442\u0440\u0430\u0446\u0456\u0457 \u0432\u0445\u0456\u0434\u043d\u043e\u0457 \u0434\u043e\u043a\u0443\u043c\u0435\u043d\u0442\u0430\u0446\u0456\u0457:<\/strong> 281 003 192, 281 003 193<\/p>\n<p><strong>\u0435\u043b\u0435\u043a\u0442\u0440\u043e\u043d\u043d\u0430 \u043f\u043e\u0448\u0442\u0430:<\/strong> <a href=\"mailto:podatelna@praha15.cz\">podatelna@praha15.cz<\/a><\/p>\n<p><strong>i<\/strong><strong>\u043d\u0442\u0435\u0440\u043d\u0435\u0442-\u0430\u0434\u0440\u0435\u0441\u0430:<\/strong> <a href=\"\/\/www.praha15.cz\/\">www.praha15.cz<\/a><\/p>\n<div class=\"box-fixa\"> \u0426\u0435\u0439 \u043c\u0456\u0441\u044c\u043a\u0438\u0439 \u0440\u0430\u0439\u043e\u043d \u0432\u0438\u043a\u043e\u043d\u0443\u0454 \u0437\u0430\u0432\u0434\u0430\u043d\u043d\u044f \u0434\u043b\u044f \u043c\u0456\u0441\u044c\u043a\u043e\u0433\u043e \u0443\u043f\u0440\u0430\u0432\u043b\u0456\u043d\u043d\u044f \u0456 \u0434\u043b\u044f \u043c\u0456\u0441\u044c\u043a\u043e\u0433\u043e \u0440\u0430\u0439\u043e\u043d\u0443 \u041f\u0440\u0430\u0433\u0430 \u2013 \u0414\u043e\u043b\u043d\u0456 \u041c\u043d\u0454\u0445\u043e\u043b\u0443\u043f\u0438, \u0414\u0443\u0431\u0435\u0447 \u0442\u0430 \u0428\u0442\u0454\u0440\u0431\u043e\u0433\u043e\u043b\u0438. <\/div>\n<p>\u041c\u0456\u0441\u044c\u043a\u0438\u0439 \u0440\u0430\u0439\u043e\u043d \u041f\u0440\u0430\u0433\u0430 15 \u0437 \u043d\u0430\u0441\u0435\u043b\u0435\u043d\u043d\u044f\u043c \u043f\u043e\u043d\u0430\u0434 30\u00a0000 \u043c\u0435\u0448\u043a\u0430\u043d\u0446\u0456\u0432 \u0442\u0430 \u0437 \u043f\u043b\u043e\u0449\u0435\u044e 10,2 \u043a\u043c\u00b2 \u0437\u043d\u0430\u0445\u043e\u0434\u0438\u0442\u044c\u0441\u044f \u0443 \u043f\u0456\u0432\u0434\u0435\u043d\u043d\u043e-\u0441\u0445\u0456\u0434\u043d\u0456\u0439 \u0447\u0430\u0441\u0442\u0438\u043d\u0456 \u0441\u0442\u043e\u043b\u0438\u0446\u0456. \u0412\u0456\u043d \u0431\u0443\u0432 \u0437\u0430\u0441\u043d\u043e\u0432\u0430\u043d\u0438\u0439 \u0443 1994 \u0440\u043e\u0446\u0456 \u0448\u043b\u044f\u0445\u043e\u043c \u0437\u043b\u0438\u0442\u0442\u044f \u043a\u0430\u0434\u0430\u0441\u0442\u0440\u043e\u0432\u043e\u0457 \u0442\u0435\u0440\u0438\u0442\u043e\u0440\u0456\u0457 <strong>\u0413\u043e\u0440\u043d\u0456 \u041c\u043d\u0454\u0445\u043e\u043b\u0443\u043f\u0438 \u0442\u0430 \u0413\u043e\u0441\u0442\u0456\u0432\u0430\u0440\u0436<\/strong>. \u0422\u0443\u0442 \u0440\u043e\u0437\u0442\u0430\u0448\u043e\u0432\u0430\u043d\u0456 \u0413\u043e\u0441\u0442\u0456\u0432\u0430\u0440\u0436\u0441\u044c\u043a\u0435 \u0432\u043e\u0434\u043e\u0439\u043c\u0438\u0449\u0435, \u043f\u0440\u0438\u043b\u0435\u0433\u043b\u0438\u0439 \u0434\u043e \u043d\u0435\u0457 \u043b\u0456\u0441\u043e\u043f\u0430\u0440\u043a \u0442\u0430 \u0441\u043f\u043e\u0440\u0442\u0438\u0432\u043d\u0438\u0439 \u043a\u043e\u043c\u043f\u043b\u0435\u043a\u0441 \u0456\u0437 \u0431\u0430\u0433\u0430\u0442\u043e\u0444\u0443\u043d\u043a\u0446\u0456\u043e\u043d\u0430\u043b\u044c\u043d\u0438\u043c \u0437\u0430\u043b\u043e\u043c. \u0412 \u043e\u043a\u043e\u043b\u0438\u0446\u044f\u0445 \u0432\u043e\u0434\u043e\u0439\u043c\u0438\u0449\u0430 \u2013 \u043c\u0435\u0430\u043d\u0434\u0440\u0438 (\u0432\u0438\u0433\u0438\u043d\u0438 \u0440\u0456\u0447\u0438\u0449\u0430 \u0440\u0456\u0447\u043a\u0438) \u0411\u043e\u0442\u0456\u0447, \u044f\u043a\u0456 \u0431\u0443\u043b\u0438 \u043e\u0433\u043e\u043b\u043e\u0448\u0435\u043d\u0456 \u043f\u0440\u0438\u0440\u043e\u0434\u043e\u043e\u0445\u043e\u0440\u043e\u043d\u043d\u043e\u044e \u0442\u0435\u0440\u0438\u0442\u043e\u0440\u0456\u0454\u044e, \u0430 \u0447\u0430\u0441\u0442\u0438\u043d\u0430 \u0421\u0442\u0430\u0440\u043e\u0457 \u0413\u043e\u0441\u0442\u0456\u0432\u0430\u0440\u0436\u0456 \u2013 \u0437\u043e\u043d\u043e\u044e \u043f\u0430\u043c&#8217;\u044f\u0442\u043e\u043a. <strong>\u041d\u0430\u0434 \u0413\u043e\u0441\u0442\u0456\u0432\u0430\u0440\u0436\u0441\u044c\u043a\u0438\u043c \u0432\u043e\u0434\u043e\u0439\u043c\u0438\u0449\u0435\u043c <\/strong>\u0437\u043d\u0430\u0445\u043e\u0434\u0438\u0442\u044c\u0441\u044f\u00a0\u0430\u0440\u0445\u0435\u043e\u043b\u043e\u0433\u0456\u0447\u043d\u0430 \u043f\u0430\u043c&#8217;\u044f\u0442\u043a\u0430 \u041f\u0435\u0440\u0448\u043e\u0457 \u043a\u0430\u0442\u0435\u0433\u043e\u0440\u0456\u0457 \u2013 \u0413\u0440\u0430\u0434\u0456\u0448\u0442\u0454 \u0413\u043e\u0441\u0442\u0456\u0432\u0430\u0440\u0436. \u041d\u0430\u0439\u0431\u0456\u043b\u044c\u0448 \u0437\u043d\u0430\u0447\u0443\u0449\u0430 \u0430\u0440\u0445\u0456\u0442\u0435\u043a\u0442\u0443\u0440\u043d\u0430 \u043f\u0430\u043c&#8217;\u044f\u0442\u043a\u0430 \u0447\u0430\u0441\u0442\u0438\u043d\u0438 \u0413\u043e\u0441\u0442\u0456\u0432\u0430\u0440\u0436\u0456 &#8211;\u00a0<strong>\u041a\u043e\u0441\u0442\u0435\u043b \u0423\u0441\u0456\u043a\u043d\u043e\u0432\u0435\u043d\u043d\u044f \u0433\u043e\u043b\u043e\u0432\u0438 \u0421\u0432\u044f\u0442\u043e\u0433\u043e \u042f\u043d\u0430 \u0425\u0440\u0435\u0441\u0442\u0438\u0442\u0435\u043b\u044f <\/strong>\u043d\u0430<strong>\u00a0<\/strong>\u0432\u0443\u043b\u0438\u0446\u0456 \u0414\u043e\u043c\u043a\u0430\u0440\u0436\u0441\u043a\u0430 &#8211; \u043e\u0434\u043d\u0430 \u0456\u0437 \u043d\u0430\u0439\u0434\u0430\u0432\u043d\u0456\u0448\u0438\u0445 \u0441\u0432\u044f\u0442\u0438\u043d\u044c \u041f\u0440\u0430\u0433\u0438.<\/p>\n<p>\u041d\u0438\u043d\u0456 \u041c\u0456\u0441\u044c\u043a\u0438\u0439 \u0440\u0430\u0439\u043e\u043d \u041f\u0440\u0430\u0433\u0430 15 \u2013 \u0446\u0435 \u043f\u043e\u043f\u0443\u043b\u044f\u0440\u043d\u0438\u0439 \u0436\u0438\u0442\u043b\u043e\u0432\u0438\u0439 \u043a\u0432\u0430\u0440\u0442\u0430\u043b \u0456 \u043c\u0456\u0441\u0446\u0435 \u0434\u043b\u044f \u043f\u0440\u043e\u0432\u0435\u0434\u0435\u043d\u043d\u044f \u0434\u043e\u0437\u0432\u0456\u043b\u043b\u044f. \u0417 \u0440\u043e\u0437\u0432\u0438\u0442\u043a\u043e\u043c \u043c\u0456\u0441\u044c\u043a\u043e\u0433\u043e \u0440\u0430\u0439\u043e\u043d\u0443 \u0442\u0430 \u0437 \u0431\u0443\u0434\u0456\u0432\u043d\u0438\u0446\u0442\u0432\u043e\u043c \u0440\u044f\u0434\u0443 \u0431\u0443\u0434\u0438\u043d\u043a\u0456\u0432 \u043d\u0430 \u0442\u0435\u0440\u0438\u0442\u043e\u0440\u0456\u0457 \u0430\u0434\u043c\u0456\u043d\u0456\u0441\u0442\u0440\u0430\u0442\u0438\u0432\u043d\u043e\u0433\u043e \u043e\u043a\u0440\u0443\u0433\u0443 \u0432\u0438\u043d\u0438\u043a\u043b\u043e \u043a\u0456\u043b\u044c\u043a\u0430 \u0441\u043f\u043e\u0440\u0442\u0438\u0432\u043d\u0438\u0445 \u043c\u0430\u0439\u0434\u0430\u043d\u0447\u0438\u043a\u0456\u0432 \u0442\u0430 \u043c\u0456\u0441\u0446\u044c \u0434\u043b\u044f \u0432\u0456\u0434\u043f\u043e\u0447\u0438\u043d\u043a\u0443. \u0414\u043e \u043e\u0441\u043e\u0431\u043b\u0438\u0432\u043e \u0437\u043d\u0430\u0447\u043d\u0438\u0445 \u043c\u043e\u0436\u0435\u043c\u043e \u0432\u043a\u043b\u044e\u0447\u0438\u0442\u0438 \u043f\u043e\u043b\u044f \u0434\u043b\u044f \u0433\u043e\u043b\u044c\u0444\u0443, \u0432\u0435\u043b\u043e\u0441\u0438\u043f\u0435\u0434\u043d\u0456 \u0434\u043e\u0440\u0456\u0436\u043a\u0438, \u043a\u0430\u043d\u0430\u0442\u043d\u0438\u0439 \u043f\u0430\u0440\u043a \u0442\u0430 \u043d\u043e\u0432\u0443 \u043f\u0435\u0440\u0435\u0431\u0443\u0434\u043e\u0432\u0443 \u0413\u043e\u0441\u0442\u0456\u0432\u0430\u0440\u0436\u0441\u044c\u043a\u043e\u0433\u043e \u0432\u043e\u0434\u043e\u0439\u043c\u0438\u0449\u0430. \u041c\u0435\u0448\u043a\u0430\u043d\u0446\u0456 \u043c\u0456\u0441\u044c\u043a\u043e\u0433\u043e \u0440\u0430\u0439\u043e\u043d\u0443 \u041f\u0440\u0430\u0433\u0430 15 \u043c\u043e\u0436\u0443\u0442\u044c \u0437\u0443\u0441\u0442\u0440\u0456\u0447\u0430\u0442\u0438\u0441\u044f \u0442\u0430 \u043f\u0440\u043e\u0432\u043e\u0434\u0438\u0442\u0438 \u0434\u043e\u0437\u0432\u0456\u043b\u043b\u044f \u0443 \u043a\u043b\u0443\u0431\u0430\u0445 \u0442\u0430 \u043e\u0440\u0433\u0430\u043d\u0456\u0437\u0430\u0446\u0456\u044f\u0445, \u043d\u0430\u043f\u0440\u0438\u043a\u043b\u0430\u0434, \u0443 &#8220;\u0421\u043f\u0456\u043b\u0446\u0456 \u0434\u0440\u0456\u0431\u043d\u0438\u0445 \u0441\u0435\u043b\u044f\u043d\u0441\u044c\u043a\u0438\u0445 \u0440\u0435\u043c\u0456\u0441\u043d\u0438\u043a\u0456\u0432&#8221; <em>(\u0447\u0435\u0441\u044c\u043a\u043e\u044e &#8211; &#8220;Obec bar\u00e1\u010dn\u00edk\u016f&#8221;)<\/em>, \u0421\u043e\u044e\u0437 \u043b\u044e\u0431\u0438\u0442\u0435\u043b\u0456\u0432 \u0440\u0438\u0431\u043e\u043b\u043e\u0432\u043b\u0456, \u041f\u043e\u0436\u0435\u0436\u043d\u0430 \u0434\u0440\u0443\u0436\u0438\u043d\u0430, \u043f\u0435\u043d\u0441\u0456\u043e\u043d\u0435\u0440\u0438 &#8211; \u0443 \u041a\u043b\u0443\u0431\u0456 \u043f\u0435\u043d\u0441\u0456\u043e\u043d\u0435\u0440\u0456\u0432, \u0430\u0431\u043e \u0443 \u0421\u043e\u044e\u0437\u0456 \u043f\u0435\u043d\u0441\u0456\u043e\u043d\u0435\u0440\u0456\u0432 \u2013 \u0410\u043a\u0442\u0438\u0432\u043d\u0438\u0445 \u043f\u0435\u043d\u0441\u0456\u043e\u043d\u0435\u0440\u0456\u0432 \u041f\u0440\u0430\u0433\u0430 15, \u0442\u0430 \u0431\u0430\u0433\u0430\u0442\u044c\u043e\u0445 \u0456\u043d\u0448\u0438\u0445.<\/p>\n<p>\u041c\u0456\u0441\u044c\u043a\u0438\u0439 \u0440\u0430\u0439\u043e\u043d \u041f\u0440\u0430\u0433\u0430 15 \u043f\u0456\u0434\u0442\u0440\u0438\u043c\u0443\u0454 \u0437\u0430\u0433\u0430\u043b\u044c\u043d\u043e\u043e\u0441\u0432\u0456\u0442\u043d\u0456 \u0448\u043a\u043e\u043b\u0438 \u0432 \u043e\u0441\u0432\u0456\u0442\u0456 \u0434\u0456\u0442\u0435\u0439 \u0456\u043d\u043e\u0437\u0435\u043c\u0446\u0456\u0432 \u0437\u0430 \u0434\u043e\u043f\u043e\u043c\u043e\u0433\u043e\u044e \u0432\u0438\u0432\u0447\u0435\u043d\u043d\u044f \u0447\u0435\u0441\u044c\u043a\u043e\u0457 \u043c\u043e\u0432\u0438. \u0422\u0456\u0441\u043d\u043e \u0441\u043f\u0456\u0432\u043f\u0440\u0430\u0446\u044e\u0454 \u0437 <a href=\"\/\/www.csspraha.cz\/24828-intervencni-centrum-pomoc-obetem-domaciho-nasili\">\u0406\u043d\u0442\u0435\u0440\u0432\u0435\u043d\u0446\u0456\u0439\u043d\u0438\u043c \u0446\u0435\u043d\u0442\u0440\u043e\u043c \u041f\u0440\u0430\u0433\u0430<\/a> \u043f\u0440\u0438 \u0432\u0438\u0440\u0456\u0448\u0435\u043d\u043d\u0456 \u0456\u043d\u0434\u0438\u0432\u0456\u0434\u0443\u0430\u043b\u044c\u043d\u0438\u0445 \u043f\u043e\u0442\u0440\u0435\u0431 \u0456\u043d\u043e\u0437\u0435\u043c\u0446\u0456\u0432, \u0443 \u0440\u0430\u043c\u043a\u0430\u0445\u00a0\u0491\u0440\u0430\u043d\u0442\u043e\u0432\u043e\u0457 \u043f\u0440\u043e\u0433\u0440\u0430\u043c\u0438 \u0449\u043e\u0440\u0456\u0447\u043d\u043e \u0444\u0456\u043d\u0430\u043d\u0441\u0443\u0454 \u043a\u0443\u043b\u044c\u0442\u0443\u0440\u043d\u0456 \u0437\u0430\u0445\u043e\u0434\u0438, \u044f\u043a\u0456 \u0432 \u0430\u0434\u043c\u0456\u043d\u0456\u0441\u0442\u0440\u0430\u0442\u0438\u0432\u043d\u043e\u043c\u0443 \u043e\u043a\u0440\u0443\u0437\u0456 \u043e\u0440\u0433\u0430\u043d\u0456\u0437\u043e\u0432\u0443\u044e\u0442\u044c \u043d\u0430\u0446\u0456\u043e\u043d\u0430\u043b\u044c\u043d\u0456 \u043c\u0435\u043d\u0448\u0438\u043d\u0438.<\/p>\n<h3><span style=\"color: #ff0000;\"><strong>\u0406\u043d\u0448\u0456 \u0443\u0441\u0442\u0430\u043d\u043e\u0432\u0438:<\/strong><\/span><\/h3>\n<h4><strong><span style=\"color: #ff0000;\">\u0424\u0456\u043b\u0456\u0430\u043b \u0426\u0435\u043d\u0442\u0440\u0443 \u0437\u0430\u0439\u043d\u044f\u0442\u043e\u0441\u0442\u0456<\/span><\/strong><\/h4>\n<p>\u041a\u043e\u043d\u0442\u0430\u043a\u0442\u043d\u0435 \u0432\u0456\u0434\u0434\u0456\u043b\u0435\u043d\u043d\u044f <a href=\"https:\/\/www.uradprace.cz\/praha-10\"><u>\u041f\u0440\u0430\u0433\u0430 <\/u><u>10<\/u><\/a> (\u0434\u043b\u044f \u041f\u0440\u0430\u0433\u0438 10, 15, 18 \u0442\u0430 22).<\/p>\n<p><u><a href=\"https:\/\/www.uradprace.cz\/praha-10\">\u041a\u043e\u043d\u0442\u0430\u043a\u0442\u0438 \u043f\u0440\u0438\u0439\u043c\u0430\u043b\u0435\u043d\u044c<\/a>, <\/u><u><a href=\"https:\/\/www.uradprace.cz\/web\/cz\/volna-mista-v-cr\">\u0412\u0430\u043a\u0430\u043d\u0441\u0456\u0457<\/a><\/u><\/p>\n<p>&nbsp;<\/p>\n<h4><strong>\u041f\u0440\u0430\u0437\u044c\u043a\u0435 \u0423\u043f\u0440\u0430\u0432\u043b\u0456\u043d\u043d\u044f \u0441\u043e\u0446\u0456\u0430\u043b\u044c\u043d\u043e\u0433\u043e \u0437\u0430\u0445\u0438\u0441\u0442\u0443 (PSSZ)<\/strong><\/h4>\n<p><em><div class=\"box-ok\"> \u0422\u0435\u0440\u0438\u0442\u043e\u0440\u0456\u0430\u043b\u044c\u043d\u0443 \u0441\u0444\u0435\u0440\u0443 \u0434\u0456\u044f\u043b\u044c\u043d\u043e\u0441\u0442\u0456 \u0443\u0441\u0442\u0430\u043d\u043e\u0432\u0438 \u043d\u0435 \u0432\u0441\u0442\u0430\u043d\u043e\u0432\u043b\u0435\u043d\u043e. \u0412\u0438 \u043c\u043e\u0436\u0435\u0442\u0435 \u043e\u0431\u0440\u0430\u0442\u0438 \u0431\u0443\u0434\u044c-\u044f\u043a\u0435 \u0422\u0435\u0440\u0438\u0442\u043e\u0440\u0456\u0430\u043b\u044c\u043d\u0435 \u0432\u0456\u0434\u0434\u0456\u043b\u0435\u043d\u043d\u044f, \u043d\u0435\u0437\u0430\u043b\u0435\u0436\u043d\u043e \u0432\u0456\u0434 \u043c\u0456\u0441\u0446\u044f \u043f\u0440\u043e\u0436\u0438\u0432\u0430\u043d\u043d\u044f \u0447\u0438 \u044e\u0440\u0438\u0434\u0438\u0447\u043d\u043e\u0457 \u0430\u0434\u0440\u0435\u0441\u0438.<\/em><\/p>\n<p><a href=\"\/\/www.cssz.cz\/cz\/kontakty\/krajska-a-okresni-pracoviste\/praha\/\"><em><u>\u041a\u043e\u043d\u0442\u0430\u043a\u0442\u0438 \u043e\u043a\u0440\u0435\u043c\u0438\u0445 \u0442\u0435\u0440\u0438\u0442\u043e\u0440\u0456\u0430\u043b\u044c\u043d\u0438\u0445 \u0432\u0456\u0434\u0434\u0456\u043b\u0435\u043d\u044c<\/u><\/em><\/a><em>\u00a0<\/div><\/em><\/p>\n<p>&nbsp;<\/p>\n<h4><span style=\"color: #ff0000;\"><strong>\u041f\u043e\u0434\u0430\u0442\u043a\u043e\u0432\u0430 \u0456\u043d\u0441\u043f\u0435\u043a\u0446\u0456\u044f (\u0424\u0456\u043d\u0430\u043d\u0441\u043e\u0432\u0430 \u0430\u0434\u043c\u0456\u043d\u0456\u0441\u0442\u0440\u0430\u0446\u0456\u044f)<\/strong><\/span><\/h4>\n<p>\u0422\u0435\u0440\u0438\u0442\u043e\u0440\u0456\u0430\u043b\u044c\u043d\u0435 \u0432\u0456\u0434\u0434\u0456\u043b\u0435\u043d\u043d\u044f \u0434\u043b\u044f \u041f\u0440\u0430\u0433\u0438 10<\/p>\n<p><strong>\u0410\u0434\u0440\u0435\u0441\u0430: <\/strong>\u041f\u0440\u0430\u0433\u0430\u00a010 (\u0447\u0430\u0441\u0442\u0438\u043d\u0430 \u0412\u0440\u0448\u043e\u0432\u0456\u0446\u0435), \u041f\u0435\u0442\u0440\u043e\u0433\u0440\u0430\u0434\u0441\u043a\u0430 6, 101\u00a000<\/p>\n<p><a href=\"https:\/\/www.financnisprava.cz\/cs\/financni-sprava\/financni-sprava-cr\/organizacni-struktura\/organy-financni-spravy\/uzemni-pracoviste\/2010-uzemni-pracoviste-pro-prahu-10\"><u>\u041a\u043e\u043d\u0442\u0430\u043a\u0442\u043d\u0430 \u0456\u043d\u0444\u043e\u0440\u043c\u0430\u0446\u0456\u044f<\/u><\/a><\/p>","protected":false},"excerpt":{"rendered":"<p>\u0410\u0414\u041c\u0406\u041d\u0406\u0421\u0422\u0420\u0410\u0426\u0406\u042f \u041c\u0406\u0421\u042c\u041a\u041e\u0413\u041e \u0420\u0410\u0419\u041e\u041d\u0423 \u041f\u0420\u0410\u0413\u0410 15 \u0430\u0434\u0440\u0435\u0441\u0430: \u0411\u043e\u043b\u043e\u043d\u044c\u0441\u043a\u0430\u00a0478\/1, 109 00 \u041f\u0440\u0430\u0433\u0430 10 \u2013 \u0413\u043e\u0440\u043d\u0456 \u041c\u043d\u0454\u0445\u043e\u043b\u0443\u043f\u0438 \u0446\u0435\u043d\u0442\u0440\u0430\u043b\u044c\u043d\u0430 \u0442\u0435\u043b\u0435\u0444\u043e\u043d\u043d\u0430 \u0441\u0442\u0430\u043d\u0446\u0456\u044f: 281 003\u00a0111 \u0442\u0435\u043b\u0435\u0444\u043e\u043d\u0438 \u0456\u043d\u0444\u043e\u0440\u043c\u0430\u0446\u0456\u0439\u043d\u043e\u0457 \u043a\u0430\u043d\u0446\u0435\u043b\u044f\u0440\u0456\u0457: 281 003 190, 281 003 191 \u0442\u0435\u043b\u0435\u0444\u043e\u043d \u0440\u0435\u0454\u0441\u0442\u0440\u0430\u0446\u0456\u0457 \u0432\u0445\u0456\u0434\u043d\u043e\u0457 \u0434\u043e\u043a\u0443\u043c\u0435\u043d\u0442\u0430\u0446\u0456\u0457: 281 003 192, 281 003 193 \u0435\u043b\u0435\u043a\u0442\u0440\u043e\u043d\u043d\u0430 \u043f\u043e\u0448\u0442\u0430:&#8230;<\/p>\n<a class=\"more-block\" href=\"https:\/\/metropolevsech.eu\/ua\/kontakty\/urady-v-praze\/mestske-casti\/jednotlive-mestske-casti\/mestska-cast-praha-15\/\">\u0427\u0438\u0442\u0430\u0442\u0438 \u0431\u0456\u043b\u044c\u0448\u0435<\/a>","protected":false},"author":7,"featured_media":0,"parent":3406,"menu_order":15,"comment_status":"closed","ping_status":"closed","template":"","meta":[],"acf":[],"_links":{"self":[{"href":"https:\/\/metropolevsech.eu\/ua\/wp-json\/wp\/v2\/pages\/3436"}],"collection":[{"href":"https:\/\/metropolevsech.eu\/ua\/wp-json\/wp\/v2\/pages"}],"about":[{"href":"https:\/\/metropolevsech.eu\/ua\/wp-json\/wp\/v2\/types\/page"}],"author":[{"embeddable":true,"href":"https:\/\/metropolevsech.eu\/ua\/wp-json\/wp\/v2\/users\/7"}],"replies":[{"embeddable":true,"href":"https:\/\/metropolevsech.eu\/ua\/wp-json\/wp\/v2\/comments?post=3436"}],"version-history":[{"count":5,"href":"https:\/\/metropolevsech.eu\/ua\/wp-json\/wp\/v2\/pages\/3436\/revisions"}],"predecessor-version":[{"id":21917,"href":"https:\/\/metropolevsech.eu\/ua\/wp-json\/wp\/v2\/pages\/3436\/revisions\/21917"}],"up":[{"embeddable":true,"href":"https:\/\/metropolevsech.eu\/ua\/wp-json\/wp\/v2\/pages\/3406"}],"wp:attachment":[{"href":"https:\/\/metropolevsech.eu\/ua\/wp-json\/wp\/v2\/media?parent=3436"}],"curies":[{"name":"wp","href":"https:\/\/api.w.org\/{rel}","templated":true}]}}