{"id":407,"date":"2016-12-18T15:00:05","date_gmt":"2016-12-18T14:00:05","guid":{"rendered":"https:\/\/metropolevsech.eu\/?page_id=407"},"modified":"2025-05-27T10:42:40","modified_gmt":"2025-05-27T08:42:40","slug":"doprava-v-praze","status":"publish","type":"page","link":"https:\/\/metropolevsech.eu\/ua\/praha\/doprava-v-praze\/","title":{"rendered":"\u0422\u0440\u0430\u043d\u0441\u043f\u043e\u0440\u0442 \u0443 \u041f\u0440\u0430\u0437\u0456"},"content":{"rendered":"<p><em>\u0423 \u0447\u0430\u0441\u0442\u0438\u043d\u0456 &#8220;\u0422\u0440\u0430\u043d\u0441\u043f\u043e\u0440\u0442&#8221; \u0432\u0438 \u0434\u0456\u0437\u043d\u0430\u0454\u0442\u0435\u0441\u044f, \u044f\u043a\u0438\u043c\u0438 \u0442\u0440\u0430\u043d\u0441\u043f\u043e\u0440\u0442\u043d\u0438\u043c\u0438 \u0437\u0430\u0441\u043e\u0431\u0430\u043c\u0438 \u043c\u043e\u0436\u0435\u0442\u0435 \u0441\u043a\u043e\u0440\u0438\u0441\u0442\u0430\u0442\u0438\u0441\u044f \u0434\u043b\u044f <\/em><em>\u043f\u0435\u0440\u0435\u0441\u0443\u0432\u0430\u043d\u043d\u044f \u041f\u0440\u0430\u0433\u043e\u044e, \u0434\u0435 \u0456 \u044f\u043a\u0438\u0439 \u0442\u0438\u043f \u043a\u0432\u0438\u0442\u043a\u0430 \u043a\u0443\u043f\u0438\u0442\u0438, \u0456 \u044f\u043a \u0437\u043d\u0430\u0439\u0442\u0438 \u043f\u043e\u0442\u0440\u0456\u0431\u043d\u0435 \u0442\u0440\u0430\u043d\u0441\u043f\u043e\u0440\u0442\u043d\u0435 \u0441\u043f\u043e\u043b\u0443\u0447\u0435\u043d\u043d\u044f<\/em><em>. <\/em><\/p>\n<p>\u0414\u043b\u044f \u043f\u0440\u043e\u0457\u0437\u0434\u0443 \u041f\u0440\u0430\u0433\u043e\u044e \u0432\u0438 \u043c\u043e\u0436\u0435\u0442\u0435 \u0441\u043a\u043e\u0440\u0438\u0441\u0442\u0430\u0442\u0438\u0441\u044f \u043c\u0435\u0442\u0440\u043e\u043f\u043e\u043b\u0456\u0442\u0435\u043d\u043e\u043c, \u0442\u0440\u0430\u043c\u0432\u0430\u044f\u043c\u0438, \u0430\u0432\u0442\u043e\u0431\u0443\u0441\u0430\u043c\u0438 \u0447\u0438 \u043f\u0440\u0438\u043c\u0456\u0441\u044c\u043a\u0438\u043c\u0438 \u043f\u043e\u0457\u0437\u0434\u0430\u043c\u0438, \u0430\u0431\u043e \u0436 \u043c\u0456\u0441\u044c\u043a\u0438\u043c \u0433\u0440\u043e\u043c\u0430\u0434\u0441\u044c\u043a\u0438\u043c \u0442\u0440\u0430\u043d\u0441\u043f\u043e\u0440\u0442\u043e\u043c <em>(\u0447\u0435\u0441\u044c\u043a. \u00abMHD\u00bb)<\/em>. \u0423\u0441\u044e \u0456\u043d\u0444\u043e\u0440\u043c\u0430\u0446\u0456\u044e \u043f\u0440\u043e \u0433\u0440\u043e\u043c\u0430\u0434\u0441\u044c\u043a\u0438\u0439 \u0442\u0440\u0430\u043d\u0441\u043f\u043e\u0440\u0442, \u043e\u0441\u0442\u0430\u043d\u043d\u0456 \u043d\u043e\u0432\u0438\u043d\u0438, \u0440\u043e\u0437\u043a\u043b\u0430\u0434\u0438 \u0440\u0443\u0445\u0443 \u0456 \u043f\u0440\u0430\u0432\u0438\u043b\u0430 \u043f\u0440\u043e\u0457\u0437\u0434\u0443 \u043c\u043e\u0436\u043d\u0430 \u0437\u043d\u0430\u0439\u0442\u0438 \u043d\u0430 <a href=\"\/\/www.dpp.cz\/\">\u0432\u0435\u0431-\u0441\u0442\u043e\u0440\u0456\u043d\u0446\u0456 \u00ab\u0422\u0440\u0430\u043d\u0441\u043f\u043e\u0440\u0442\u043d\u043e\u0433\u043e \u043f\u0456\u0434\u043f\u0440\u0438\u0454\u043c\u0441\u0442\u0432\u0430 \u0441\u0442\u043e\u043b\u0438\u0447\u043d\u043e\u0433\u043e \u043c\u0456\u0441\u0442\u0430 \u041f\u0440\u0430\u0433\u0430\u00bb <em>(\u0447\u0435\u0441\u044c\u043a. &#8220;Dopravn\u00ed podnik hlavn\u00edho m\u011bsta Prahy&#8221;, \u0441\u043a\u043e\u0440. &#8220;DPP&#8221;)<\/em><\/a>. \u0412\u0438 \u0442\u0430\u043a\u043e\u0436 \u043c\u043e\u0436\u0435\u0442\u0435 \u0437\u0443\u0441\u0442\u0440\u0456\u0442\u0438 \u043f\u043e\u043d\u044f\u0442\u0442\u044f <a href=\"\/\/pid.cz\/\">&#8220;\u041f\u0440\u0430\u0437\u044c\u043a\u0430 \u0456\u043d\u0442\u0435\u0433\u0440\u043e\u0432\u0430\u043d\u0430 \u0442\u0440\u0430\u043d\u0441\u043f\u043e\u0440\u0442\u043d\u0430 \u0441\u0438\u0441\u0442\u0435\u043c\u0430&#8221; <em>(\u0447\u0435\u0441\u044c\u043a. &#8220;Pra\u017esk\u00e1 integrovan\u00e1 doprava&#8221;, \u0441\u043a\u043e\u0440. &#8220;PID&#8221;)<\/em><\/a> \u2013 \u0446\u0435 \u043d\u0430\u0437\u0432\u0430 \u0441\u0443\u0447\u0430\u0441\u043d\u043e\u0457 \u0456\u043d\u0442\u0435\u0433\u0440\u043e\u0432\u0430\u043d\u043e\u0457 \u0442\u0440\u0430\u043d\u0441\u043f\u043e\u0440\u0442\u043d\u043e\u0457 \u0441\u0438\u0441\u0442\u0435\u043c\u0438 \u0433\u0440\u043e\u043c\u0430\u0434\u0441\u044c\u043a\u043e\u0433\u043e \u0442\u0440\u0430\u043d\u0441\u043f\u043e\u0440\u0442\u0443, \u0432 \u0440\u0430\u043c\u043a\u0430\u0445 \u044f\u043a\u043e\u0457 \u0434\u0456\u044e\u0442\u044c \u043e\u0434\u043d\u0430\u043a\u043e\u0432\u0456 \u0443\u043c\u043e\u0432\u0438 \u0434\u043b\u044f \u043f\u0435\u0440\u0435\u0432\u0435\u0437\u0435\u043d\u043d\u044f \u0456 \u0442\u0430\u0440\u0438\u0444\u0438, \u0430 \u0440\u043e\u0437\u043a\u043b\u0430\u0434\u0438 \u0440\u0443\u0445\u0443 \u0441\u0438\u043d\u0445\u0440\u043e\u043d\u0456\u0437\u043e\u0432\u0430\u043d\u0456. \u0426\u0456\u043d\u0438 \u043d\u0430 \u0433\u0440\u043e\u043c\u0430\u0434\u0441\u044c\u043a\u0438\u0439 \u0442\u0440\u0430\u043d\u0441\u043f\u043e\u0440\u0442, \u0442\u043e\u0431\u0442\u043e \u0442\u0430\u043a \u0437\u0432\u0430\u043d\u0438\u0439 \u00ab\u0442\u0430\u0440\u0438\u0444 \u041f\u0440\u0430\u0437\u044c\u043a\u043e\u0433\u043e \u0456\u043d\u0442\u0435\u0433\u0440\u043e\u0432\u0430\u043d\u043e\u0433\u043e \u0442\u0440\u0430\u043d\u0441\u043f\u043e\u0440\u0442\u0443\u00bb, \u0440\u043e\u0437\u0434\u0456\u043b\u0435\u043d\u0456 \u0437\u0430 \u0437\u043e\u043d\u0430\u043c\u0438 \u0456 \u0447\u0430\u0441\u043e\u043c, \u0443\u043f\u0440\u043e\u0434\u043e\u0432\u0436 \u044f\u043a\u043e\u0433\u043e \u0432\u0438 \u043c\u043e\u0436\u0435\u0442\u0435 \u043f\u0435\u0440\u0435\u0441\u0443\u0432\u0430\u0442\u0438\u0441\u044f \u0437 \u043c\u0456\u0441\u0446\u044f \u043d\u0430 \u043c\u0456\u0441\u0446\u0435.<\/p>\n<p>&nbsp;<\/p>\n<ul class=\"children\">\n<li class=\"page_item page-item-412\"><strong><a href=\"\/\/metropolevsech.eu\/ua\/praha\/doprava-v-praze\/mestska-doprava\/\">\u041c\u0456\u0441\u044c\u043a\u0438\u0439 \u0433\u0440\u043e\u043c\u0430\u0434\u0441\u044c\u043a\u0438\u0439 \u0442\u0440\u0430\u043d\u0441\u043f\u043e\u0440\u0442<\/a><\/strong><\/li>\n<li class=\"page_item page-item-436\"><strong><a href=\"\/\/metropolevsech.eu\/ua\/praha\/doprava-v-praze\/jizdenky\/\">\u041f\u0440\u043e\u0457\u0437\u043d\u0456 \u043a\u0432\u0438\u0442\u043a\u0438<\/a><\/strong><\/li>\n<li class=\"page_item page-item-455\"><strong><a href=\"\/\/metropolevsech.eu\/ua\/praha\/doprava-v-praze\/vlaky\/\">\u041f\u043e\u0457\u0437\u0434\u0438<\/a><\/strong><\/li>\n<li class=\"page_item page-item-466\"><a href=\"\/\/metropolevsech.eu\/ua\/praha\/doprava-v-praze\/cestovani-autem\/\"><strong>\u041f\u0435\u0440\u0435\u0441\u0443\u0432\u0430\u043d\u043d\u044f \u0430\u0432\u0442\u043e\u043c\u043e\u0431\u0456\u043b\u0435\u043c<\/strong><\/a><\/li>\n<\/ul>\n<p>&nbsp;<\/p>\n<h3><span style=\"color: #ff0000;\"><strong>\u0411\u0435\u0437\u043f\u0435\u0440\u0435\u0448\u043a\u043e\u0434\u043d\u0435 \u043f\u0435\u0440\u0435\u0441\u0443\u0432\u0430\u043d\u043d\u044f<\/strong><\/span><\/h3>\n<p>\u041c\u0435\u0442\u0430 &#8220;\u041f\u0440\u0430\u0437\u044c\u043a\u043e\u0457 \u0456\u043d\u0442\u0435\u0433\u0440\u043e\u0432\u0430\u043d\u043e\u0457 \u0442\u0440\u0430\u043d\u0441\u043f\u043e\u0440\u0442\u043d\u043e\u0457 \u0441\u0438\u0441\u0442\u0435\u043c\u0438&#8221; \u2013 \u043d\u0430\u0434\u0430\u0432\u0430\u0442\u0438 \u043f\u043e\u0441\u043b\u0443\u0433\u0438 \u0430\u0431\u0441\u043e\u043b\u044e\u0442\u043d\u043e \u0432\u0441\u0456\u043c. \u0421\u0430\u043c\u0435 \u0442\u043e\u043c\u0443 \u0432\u0441\u0435 \u0431\u0456\u043b\u044c\u0448\u0430 \u043a\u0456\u043b\u044c\u043a\u0456\u0441\u0442\u044c \u0441\u043f\u043e\u043b\u0443\u0447\u0435\u043d\u044c \u0432\u0438\u043a\u043e\u0440\u0438\u0441\u0442\u043e\u0432\u0443\u0454 \u043d\u0438\u0437\u044c\u043a\u043e\u043f\u0456\u0434\u043b\u043e\u0433\u043e\u0432\u0456 \u0442\u0440\u0430\u043d\u0441\u043f\u043e\u0440\u0442\u043d\u0456 \u0437\u0430\u0441\u043e\u0431\u0438; \u0437\u0443\u043f\u0438\u043d\u043a\u0438 \u0441\u043f\u0435\u0446\u0456\u0430\u043b\u044c\u043d\u043e \u0430\u0434\u0430\u043f\u0442\u0443\u044e\u0442\u044c\u0441\u044f, \u0449\u043e\u0431 \u043c\u0430\u0442\u0438 \u043b\u0435\u0433\u043a\u0438\u0439 \u0434\u043e\u0441\u0442\u0443\u043f \u0434\u043e \u0442\u0440\u0430\u043d\u0441\u043f\u043e\u0440\u0442\u043d\u043e\u0433\u043e \u0437\u0430\u0441\u043e\u0431\u0443, \u0430 \u0442\u0430\u043a\u043e\u0436 \u0431\u0443\u0434\u0443\u044e\u0442\u044c\u0441\u044f \u0431\u0435\u0437\u043f\u0435\u0440\u0435\u0448\u043a\u043e\u0434\u043d\u0456 \u0434\u043e\u0441\u0442\u0443\u043f\u0438 \u0434\u043e \u0441\u0442\u0430\u043d\u0446\u0456\u0439 \u043c\u0435\u0442\u0440\u043e \u0456 \u0437\u0430\u043b\u0456\u0437\u043d\u0438\u0446\u0456.<\/p>\n<p>\u041f\u0440\u0438 <a href=\"\/\/pid.timetable.cz\/spojeni\/\">\u043f\u043e\u0448\u0443\u043a\u0443 \u0441\u043f\u043e\u043b\u0443\u0447\u0435\u043d\u044c <\/a><a href=\"\/\/pid.timetable.cz\/spojeni\/\">PI<\/a><a href=\"\/\/pid.timetable.cz\/spojeni\/\">D<\/a> \u00a0\u043c\u043e\u0436\u043d\u0430 \u0432\u0432\u0435\u0441\u0442\u0438 \u043f\u0430\u0440\u0430\u043c\u0435\u0442\u0440 \u00ab\u0442\u0456\u043b\u044c\u043a\u0438 \u0431\u0435\u0437\u043f\u0435\u0440\u0435\u0448\u043a\u043e\u0434\u043d\u0435 \u0441\u043f\u043e\u043b\u0443\u0447\u0435\u043d\u043d\u044f\u00bb.<\/p>\n<h4><span style=\"color: #ff0000;\"><strong>\u041f\u043e\u0441\u0438\u043b\u0430\u043d\u043d\u044f:<\/strong><\/span><\/h4>\n<ul class=\"bullet-links\">\n<li><a href=\"\/\/www.dpp.cz\">\u0422\u0440\u0430\u043d\u0441\u043f\u043e\u0440\u0442\u043d\u0435 \u043f\u0456\u0434\u043f\u0440\u0438\u0454\u043c\u0441\u0442\u0432\u043e \u043c\u0456\u0441\u0442\u0430\u00a0 \u041f\u0440\u0430\u0433\u0438 (DPP)<\/a><\/li>\n<li><a href=\"https:\/\/jizdnirady.pmdp.cz\/\">\u041f\u043e\u0448\u0443\u043a \u043c\u0430\u0440\u0448\u0440\u0443\u0442\u0443 \u0442\u0430 \u0441\u043f\u043e\u043b\u0443\u0447\u0435\u043d\u043d\u044f\u00a0<\/a><\/li>\n<li><a href=\"https:\/\/jizdnirady.pmdp.cz\/jr\">\u0414\u0440\u0443\u043a \u0440\u043e\u0437\u043a\u043b\u0430\u0434\u0443 \u0440\u0443\u0445\u0443 \u0431\u0443\u0434\u044c-\u044f\u043a\u043e\u0433\u043e \u043c\u0430\u0440\u0448\u0440\u0443\u0442\u0443 \u0437 \u0432\u0438\u0431\u0440\u0430\u043d\u043e\u0457 \u0432\u0430\u043c\u0438 \u0437\u0443\u043f\u0438\u043d\u043a\u0438 \/ \u0441\u0442\u0430\u043d\u0446\u0456\u0457<\/a><\/li>\n<\/ul>\n<p><\/p>","protected":false},"excerpt":{"rendered":"<p>\u0423 \u0447\u0430\u0441\u0442\u0438\u043d\u0456 &#8220;\u0422\u0440\u0430\u043d\u0441\u043f\u043e\u0440\u0442&#8221; \u0432\u0438 \u0434\u0456\u0437\u043d\u0430\u0454\u0442\u0435\u0441\u044f, \u044f\u043a\u0438\u043c\u0438 \u0442\u0440\u0430\u043d\u0441\u043f\u043e\u0440\u0442\u043d\u0438\u043c\u0438 \u0437\u0430\u0441\u043e\u0431\u0430\u043c\u0438 \u043c\u043e\u0436\u0435\u0442\u0435 \u0441\u043a\u043e\u0440\u0438\u0441\u0442\u0430\u0442\u0438\u0441\u044f \u0434\u043b\u044f \u043f\u0435\u0440\u0435\u0441\u0443\u0432\u0430\u043d\u043d\u044f \u041f\u0440\u0430\u0433\u043e\u044e, \u0434\u0435 \u0456 \u044f\u043a\u0438\u0439 \u0442\u0438\u043f \u043a\u0432\u0438\u0442\u043a\u0430 \u043a\u0443\u043f\u0438\u0442\u0438, \u0456 \u044f\u043a \u0437\u043d\u0430\u0439\u0442\u0438 \u043f\u043e\u0442\u0440\u0456\u0431\u043d\u0435 \u0442\u0440\u0430\u043d\u0441\u043f\u043e\u0440\u0442\u043d\u0435 \u0441\u043f\u043e\u043b\u0443\u0447\u0435\u043d\u043d\u044f. \u0414\u043b\u044f \u043f\u0440\u043e\u0457\u0437\u0434\u0443 \u041f\u0440\u0430\u0433\u043e\u044e \u0432\u0438 \u043c\u043e\u0436\u0435\u0442\u0435 \u0441\u043a\u043e\u0440\u0438\u0441\u0442\u0430\u0442\u0438\u0441\u044f \u043c\u0435\u0442\u0440\u043e\u043f\u043e\u043b\u0456\u0442\u0435\u043d\u043e\u043c, \u0442\u0440\u0430\u043c\u0432\u0430\u044f\u043c\u0438, \u0430\u0432\u0442\u043e\u0431\u0443\u0441\u0430\u043c\u0438 \u0447\u0438 \u043f\u0440\u0438\u043c\u0456\u0441\u044c\u043a\u0438\u043c\u0438 \u043f\u043e\u0457\u0437\u0434\u0430\u043c\u0438, \u0430\u0431\u043e \u0436 \u043c\u0456\u0441\u044c\u043a\u0438\u043c&#8230;<\/p>\n<a class=\"more-block\" href=\"https:\/\/metropolevsech.eu\/ua\/praha\/doprava-v-praze\/\">\u0427\u0438\u0442\u0430\u0442\u0438 \u0431\u0456\u043b\u044c\u0448\u0435<\/a>","protected":false},"author":7,"featured_media":2561,"parent":10,"menu_order":4,"comment_status":"closed","ping_status":"closed","template":"","meta":[],"acf":[],"_links":{"self":[{"href":"https:\/\/metropolevsech.eu\/ua\/wp-json\/wp\/v2\/pages\/407"}],"collection":[{"href":"https:\/\/metropolevsech.eu\/ua\/wp-json\/wp\/v2\/pages"}],"about":[{"href":"https:\/\/metropolevsech.eu\/ua\/wp-json\/wp\/v2\/types\/page"}],"author":[{"embeddable":true,"href":"https:\/\/metropolevsech.eu\/ua\/wp-json\/wp\/v2\/users\/7"}],"replies":[{"embeddable":true,"href":"https:\/\/metropolevsech.eu\/ua\/wp-json\/wp\/v2\/comments?post=407"}],"version-history":[{"count":4,"href":"https:\/\/metropolevsech.eu\/ua\/wp-json\/wp\/v2\/pages\/407\/revisions"}],"predecessor-version":[{"id":22956,"href":"https:\/\/metropolevsech.eu\/ua\/wp-json\/wp\/v2\/pages\/407\/revisions\/22956"}],"up":[{"embeddable":true,"href":"https:\/\/metropolevsech.eu\/ua\/wp-json\/wp\/v2\/pages\/10"}],"wp:featuredmedia":[{"embeddable":true,"href":"https:\/\/metropolevsech.eu\/ua\/wp-json\/wp\/v2\/media\/2561"}],"wp:attachment":[{"href":"https:\/\/metropolevsech.eu\/ua\/wp-json\/wp\/v2\/media?parent=407"}],"curies":[{"name":"wp","href":"https:\/\/api.w.org\/{rel}","templated":true}]}}