{"id":616,"date":"2017-01-01T12:06:12","date_gmt":"2017-01-01T11:06:12","guid":{"rendered":"https:\/\/metropolevsech.eu\/?page_id=616"},"modified":"2026-01-23T17:51:01","modified_gmt":"2026-01-23T16:51:01","slug":"jednotne-kontaktni-misto","status":"publish","type":"page","link":"https:\/\/metropolevsech.eu\/ua\/potrebuji-resit\/podnikani\/jednotne-kontaktni-misto\/","title":{"rendered":"\u0404\u0434\u0438\u043d\u0456 \u043a\u043e\u043d\u0442\u0430\u043a\u0442\u043d\u0456 \u043f\u0443\u043d\u043a\u0442\u0438"},"content":{"rendered":"<p><em>\u0404\u0434\u0438\u043d\u0438\u0439 \u043a\u043e\u043d\u0442\u0430\u043a\u0442\u043d\u0438\u0439 \u043f\u0443\u043d\u043a\u0442 (<\/em><em>Jednotn\u00e9 kontaktn\u00ed m\u00edsto \/ <\/em><em>JKM) \u043d\u0430\u0434\u0430\u0454 \u0431\u0435\u0437\u043a\u043e\u0448\u0442\u043e\u0432\u043d\u0443 \u0456\u043d\u0444\u043e\u0440\u043c\u0430\u0446\u0456\u044e, \u043d\u0435\u043e\u0431\u0445\u0456\u0434\u043d\u0443 \u0434\u043b\u044f \u0432\u0456\u0434\u043a\u0440\u0438\u0442\u0442\u044f \u0431\u0456\u0437\u043d\u0435\u0441\u0443 \u043d\u0435 \u043b\u0438\u0448\u0435 \u0432 \u0427\u0435\u0445\u0456\u0457, \u0430\u043b\u0435 \u0439 \u0431\u0443\u0434\u044c-\u0434\u0435 \u0432 \u0404\u0432\u0440\u043e\u043f\u0435\u0439\u0441\u044c\u043a\u043e\u043c\u0443 \u0421\u043e\u044e\u0437\u0456. \u0412\u0456\u043d \u0442\u0430\u043a\u043e\u0436 \u043e\u043f\u043e\u0441\u0435\u0440\u0435\u0434\u043a\u043e\u0432\u0443\u0454 \u043a\u043e\u043d\u0442\u0430\u043a\u0442\u0438 \u0432\u0456\u0434\u043f\u043e\u0432\u0456\u0434\u043d\u0438\u0445 \u043e\u0440\u0433\u0430\u043d\u0456\u0432 \u0443 \u0427\u0435\u0445\u0456\u0457 \u0442\u0430 \u0404\u0421, \u044f\u043a\u0456 \u0432\u0438\u0434\u0430\u044e\u0442\u044c \u0434\u043e\u0437\u0432\u043e\u043b\u0438 \u043d\u0430 \u043f\u0435\u0432\u043d\u0456 \u0432\u0438\u0434\u0438 \u0434\u0456\u044f\u043b\u044c\u043d\u043e\u0441\u0442\u0456. \u0411\u0456\u043b\u044c\u0448\u0435 \u0442\u043e\u0433\u043e, \u0432\u0456\u043d \u0437\u0430\u0431\u0435\u0437\u043f\u0435\u0447\u0443\u0454 \u043f\u0435\u0440\u0435\u0434\u0430\u043d\u043d\u044f \u0437\u0430\u044f\u0432 \u043d\u0430 \u043e\u0444\u043e\u0440\u043c\u043b\u0435\u043d\u043d\u044f \u0441\u0432\u0456\u0434\u043e\u0446\u0442\u0432\u0430 \u043f\u0456\u0434\u043f\u0440\u0438\u0454\u043c\u0446\u044f \u0430\u0431\u043e \u043d\u0430 \u0432\u0438\u0437\u043d\u0430\u043d\u043d\u044f \u043f\u0440\u043e\u0444\u0435\u0441\u0456\u0439\u043d\u043e\u0457 \u043a\u0432\u0430\u043b\u0456\u0444\u0456\u043a\u0430\u0446\u0456\u0457 \u0434\u043e \u043a\u043e\u043c\u043f\u0435\u0442\u0435\u043d\u0442\u043d\u0438\u0445 \u043e\u0440\u0433\u0430\u043d\u0456\u0432. \u0422\u0430\u043a\u0438\u043c \u0447\u0438\u043d\u043e\u043c, \u043f\u043e\u0447\u0438\u043d\u0430\u044e\u0447\u0438 \u043f\u0456\u0434\u043f\u0440\u0438\u0454\u043c\u043d\u0438\u0446\u044c\u043a\u0443 \u0434\u0456\u044f\u043b\u044c\u043d\u0456\u0441\u0442\u044c, \u0443\u0441\u0456 \u043d\u0435\u043e\u0431\u0445\u0456\u0434\u043d\u0456 \u0440\u0435\u0447\u0456 \u0432\u0438 \u043c\u043e\u0436\u0435\u0442\u0435 \u043e\u0444\u043e\u0440\u043c\u0438\u0442\u0438 \u0432 \u043e\u0434\u043d\u043e\u043c\u0443 \u043c\u0456\u0441\u0446\u0456. JKM \u0441\u0442\u0432\u043e\u0440\u0435\u043d\u0456 \u0434\u0435\u0440\u0436\u0430\u0432\u043e\u044e \u043d\u0430 \u043e\u0441\u043d\u043e\u0432\u0456 <\/em><a href=\"https:\/\/www.mpo.cz\/assets\/dokumenty\/31182\/34462\/370481\/priloha001.pdf\"><em>\u0437\u0430\u043a\u043e\u043d\u043e\u0434\u0430\u0432\u0441\u0442\u0432\u0430 \u0404\u0432\u0440\u043e\u043f\u0435\u0439\u0441\u044c\u043a\u043e\u0433\u043e \u0421\u043e\u044e\u0437\u0443<\/em><\/a><em>. \u0412\u043e\u043d\u0438 \u043d\u0430\u0434\u0430\u044e\u0442\u044c \u043d\u0430\u0439\u043d\u043e\u0432\u0456\u0448\u0443 \u0456 \u043f\u0435\u0440\u0435\u0432\u0456\u0440\u0435\u043d\u0443 \u0456\u043d\u0444\u043e\u0440\u043c\u0430\u0446\u0456\u044e. <\/em><\/p>\n<p>\u0423 \u0427\u0435\u0445\u0456\u0457 15 \u0404\u0434\u0438\u043d\u0438\u0445 \u043a\u043e\u043d\u0442\u0430\u043a\u0442\u043d\u0438\u0445 \u043f\u0443\u043d\u043a\u0442\u0456\u0432. \u0407\u0445 \u0441\u043f\u0438\u0441\u043e\u043a \u0442\u0430 \u043a\u043e\u043d\u0442\u0430\u043a\u0442\u0438 \u043c\u043e\u0436\u043d\u0430 \u0437\u043d\u0430\u0439\u0442\u0438 \u043d\u0430 \u0441\u0430\u0439\u0442\u0456 <a href=\"https:\/\/www.businessinfo.cz\/navody\/adresy-jednotnych-kontaktnich-mist-jkm\/#b14\">BusinessINFO<\/a>.<\/p>\n<div class=\"box-ok\"> <em>\u0423 \u041f\u0440\u0430\u0437\u0456 \u0432\u0438 \u043c\u043e\u0436\u0435\u0442\u0435 \u0437\u0432\u0435\u0440\u043d\u0443\u0442\u0438\u0441\u044f \u0434\u043e \u0434\u0432\u043e\u0445 JKM. \u0412\u043e\u043d\u0438 \u0437\u043d\u0430\u0445\u043e\u0434\u044f\u0442\u044c\u0441\u044f \u0432 \u041e\u0440\u0433\u0430\u043d\u0430\u0445 \u0440\u0435\u0454\u0441\u0442\u0440\u0430\u0446\u0456\u0457 \u043f\u0456\u0434\u043f\u0440\u0438\u0454\u043c\u0446\u0456\u0432 \u0440\u0430\u0439\u043e\u043d\u0456\u0432 \u041f\u0440\u0430\u0433\u0430 1 \u0456 \u041f\u0440\u0430\u0433\u0430 7.<\/em> <\/div>\n<h4><strong>\u0423\u043f\u0440\u0430\u0432\u043b\u0456\u043d\u043d\u044f \u0440\u0430\u0439\u043e\u043d\u0443 \u041f\u0440\u0430\u0433\u0430 1 \u2013 \u0440\u0430\u0439\u043e\u043d\u043d\u0438\u0439 \u041e\u0440\u0433\u0430\u043d \u0440\u0435\u0454\u0441\u0442\u0440\u0430\u0446\u0456\u0457 \u043f\u0456\u0434\u043f\u0440\u0438\u0454\u043c\u0446\u0456\u0432<\/strong><\/h4>\n<p><strong>\u0430\u0434\u0440\u0435\u0441\u0430:<\/strong> \u0432\u0443\u043b. \u0412\u043e\u0434\u0456\u0447\u043a\u043e\u0432\u0430, \u0431. 681\/18, \u043c. \u041f\u0440\u0430\u0433\u0430 1 \u2013 \u041d\u043e\u0432\u0435 \u041c\u043d\u0454\u0441\u0442\u043e, \u0456\u043d\u0434\u0435\u043a\u0441 115 68 \/ Vodi\u010dkova 681\/18, 115 68, Praha 1 \u2013 Nov\u00e9 M\u011bsto<\/p>\n<p><strong>\u0442\u0435\u043b\u0435\u0444\u043e\u043d:<\/strong> + 420 221 097 139, + 420 221 097 394, + 420 221 097 366<\/p>\n<p><strong>e-mail: <\/strong><a href=\"mailto:jkm@praha1.cz\">jkm@praha1.cz<\/a><\/p>\n<p><strong>\u0441\u0430\u0439\u0442: <\/strong><a href=\"http:\/\/www.praha1.cz\">www.praha1.cz<\/a><\/p>\n<h4><strong>\u0423\u043f\u0440\u0430\u0432\u043b\u0456\u043d\u043d\u044f \u0440\u0430\u0439\u043e\u043d\u0443 \u041f\u0440\u0430\u0433\u0430 1 \u2013 \u0440\u0430\u0439\u043e\u043d\u043d\u0438\u0439 \u041e\u0440\u0433\u0430\u043d \u0440\u0435\u0454\u0441\u0442\u0440\u0430\u0446\u0456\u0457 \u043f\u0456\u0434\u043f\u0440\u0438\u0454\u043c\u0446\u0456\u0432<\/strong><\/h4>\n<p><strong>\u0430\u0434\u0440\u0435\u0441\u0430:<\/strong> \u041d\u0430\u0431\u0440\u0436\u0435\u0436\u0456 \u043a\u043f\u0442. \u042f\u0440\u043e\u0448\u0435, \u0431. 1000, \u043c. \u041f\u0440\u0430\u0433\u0430 7, \u0456\u043d\u0434\u0435\u043a\u0441 170 00 \/ N\u00e1b\u0159e\u017e\u00ed kpt. Jaro\u0161e 1000, 170 00 Praha 7<\/p>\n<p><strong>\u0442\u0435\u043b\u0435\u0444\u043e\u043d:<\/strong> + 420 220 144 164<\/p>\n<p><strong>e-mail:<\/strong> <a href=\"mailto:jkm@praha7.cz\">jkm@praha7.cz<\/a><\/p>\n<p><strong>\u0441\u0430\u0439\u0442: <\/strong><a href=\"http:\/\/www.praha7.cz\">www.praha7.cz<\/a><\/p>\n<p><div class=\"box-ok\"> <strong><em>\u0415\u043b\u0435\u043a\u0442\u0440\u043e\u043d\u043d\u0430 \u0444\u043e\u0440\u043c\u0430<\/em><\/strong><\/p>\n<p><em>\u0421\u0432\u043e\u0457 \u043f\u0438\u0442\u0430\u043d\u043d\u044f \u0449\u043e\u0434\u043e \u0432\u0435\u0434\u0435\u043d\u043d\u044f \u0431\u0456\u0437\u043d\u0435\u0441\u0443 \u0432 \u0427\u0435\u0445\u0456\u0457 \u0442\u0430 \u0404\u0421 \u0432\u0438 \u0442\u0430\u043a\u043e\u0436 \u043c\u043e\u0436\u0435\u0442\u0435 \u043d\u0430\u0434\u0441\u0438\u043b\u0430\u0442\u0438 \u0447\u0435\u0440\u0435\u0437 \u0444\u043e\u0440\u043c\u0443 \u043d\u0430 \u0441\u0430\u0439\u0442\u0456 <\/em><a href=\"http:\/\/www.businessinfo.cz\"><em>BusinessINFO.cz<\/em><\/a><em>. <\/div><\/em><\/p>\n<p>\u0429\u043e\u0431 \u0434\u0456\u0437\u043d\u0430\u0442\u0438\u0441\u044f, \u044f\u043a\u0443 \u0456\u043d\u0444\u043e\u0440\u043c\u0430\u0446\u0456\u044e \u0442\u0430 \u043f\u043e\u0441\u043b\u0443\u0433\u0438 JKM \u043d\u0430\u0434\u0430\u044e\u0442\u044c, \u0432\u0456\u0434\u0432\u0456\u0434\u0430\u0439\u0442\u0435 \u0441\u0430\u0439\u0442 <a href=\"http:\/\/www.businessinfo.cz\">BusinessINFO.cz<\/a>.<\/p>\n<div class=\"box-ok\"> <em>\u0423 \u0404\u0434\u0438\u043d\u0438\u0445 \u043a\u043e\u043d\u0442\u0430\u043a\u0442\u043d\u0438\u0445 \u043f\u0443\u043d\u043a\u0442\u0430\u0445 \u0440\u043e\u0437\u043c\u043e\u0432\u043b\u044f\u044e\u0442\u044c \u043d\u0435 \u043b\u0438\u0448\u0435 \u0447\u0435\u0441\u044c\u043a\u043e\u044e, \u0430\u043b\u0435 \u0439 \u0430\u043d\u0433\u043b\u0456\u0439\u0441\u044c\u043a\u043e\u044e.<\/em> <\/div>\n<p>&nbsp;<\/p>\n<p>\u041e\u043d\u043e\u0432\u043b\u0435\u043d\u043e \u0437 \u0442\u043e\u0447\u043a\u0438 \u0437\u043e\u0440\u0443 \u0441\u043e\u0446\u0456\u0430\u043b\u044c\u043d\u043e-\u043f\u0440\u0430\u0432\u043e\u0432\u043e\u0433\u043e \u0437\u043c\u0456\u0441\u0442\u0443 8 \u043b\u0438\u0441\u0442\u043e\u043f\u0430\u0434\u0430 2021 \u0440\u043e\u043a\u0443.<\/p>","protected":false},"excerpt":{"rendered":"<p>\u0404\u0434\u0438\u043d\u0438\u0439 \u043a\u043e\u043d\u0442\u0430\u043a\u0442\u043d\u0438\u0439 \u043f\u0443\u043d\u043a\u0442 (Jednotn\u00e9 kontaktn\u00ed m\u00edsto \/ JKM) \u043d\u0430\u0434\u0430\u0454 \u0431\u0435\u0437\u043a\u043e\u0448\u0442\u043e\u0432\u043d\u0443 \u0456\u043d\u0444\u043e\u0440\u043c\u0430\u0446\u0456\u044e, \u043d\u0435\u043e\u0431\u0445\u0456\u0434\u043d\u0443 \u0434\u043b\u044f \u0432\u0456\u0434\u043a\u0440\u0438\u0442\u0442\u044f \u0431\u0456\u0437\u043d\u0435\u0441\u0443 \u043d\u0435 \u043b\u0438\u0448\u0435 \u0432 \u0427\u0435\u0445\u0456\u0457, \u0430\u043b\u0435 \u0439 \u0431\u0443\u0434\u044c-\u0434\u0435 \u0432 \u0404\u0432\u0440\u043e\u043f\u0435\u0439\u0441\u044c\u043a\u043e\u043c\u0443 \u0421\u043e\u044e\u0437\u0456. \u0412\u0456\u043d \u0442\u0430\u043a\u043e\u0436 \u043e\u043f\u043e\u0441\u0435\u0440\u0435\u0434\u043a\u043e\u0432\u0443\u0454 \u043a\u043e\u043d\u0442\u0430\u043a\u0442\u0438 \u0432\u0456\u0434\u043f\u043e\u0432\u0456\u0434\u043d\u0438\u0445 \u043e\u0440\u0433\u0430\u043d\u0456\u0432 \u0443 \u0427\u0435\u0445\u0456\u0457 \u0442\u0430 \u0404\u0421, \u044f\u043a\u0456 \u0432\u0438\u0434\u0430\u044e\u0442\u044c \u0434\u043e\u0437\u0432\u043e\u043b\u0438 \u043d\u0430 \u043f\u0435\u0432\u043d\u0456&#8230;<\/p>\n<a class=\"more-block\" href=\"https:\/\/metropolevsech.eu\/ua\/potrebuji-resit\/podnikani\/jednotne-kontaktni-misto\/\">\u0427\u0438\u0442\u0430\u0442\u0438 \u0431\u0456\u043b\u044c\u0448\u0435<\/a>","protected":false},"author":7,"featured_media":0,"parent":603,"menu_order":5,"comment_status":"closed","ping_status":"closed","template":"","meta":[],"acf":[],"_links":{"self":[{"href":"https:\/\/metropolevsech.eu\/ua\/wp-json\/wp\/v2\/pages\/616"}],"collection":[{"href":"https:\/\/metropolevsech.eu\/ua\/wp-json\/wp\/v2\/pages"}],"about":[{"href":"https:\/\/metropolevsech.eu\/ua\/wp-json\/wp\/v2\/types\/page"}],"author":[{"embeddable":true,"href":"https:\/\/metropolevsech.eu\/ua\/wp-json\/wp\/v2\/users\/7"}],"replies":[{"embeddable":true,"href":"https:\/\/metropolevsech.eu\/ua\/wp-json\/wp\/v2\/comments?post=616"}],"version-history":[{"count":11,"href":"https:\/\/metropolevsech.eu\/ua\/wp-json\/wp\/v2\/pages\/616\/revisions"}],"predecessor-version":[{"id":24550,"href":"https:\/\/metropolevsech.eu\/ua\/wp-json\/wp\/v2\/pages\/616\/revisions\/24550"}],"up":[{"embeddable":true,"href":"https:\/\/metropolevsech.eu\/ua\/wp-json\/wp\/v2\/pages\/603"}],"wp:attachment":[{"href":"https:\/\/metropolevsech.eu\/ua\/wp-json\/wp\/v2\/media?parent=616"}],"curies":[{"name":"wp","href":"https:\/\/api.w.org\/{rel}","templated":true}]}}