{"id":619,"date":"2017-01-01T12:07:13","date_gmt":"2017-01-01T11:07:13","guid":{"rendered":"https:\/\/metropolevsech.eu\/?page_id=619"},"modified":"2026-01-23T17:46:00","modified_gmt":"2026-01-23T16:46:00","slug":"zalozeni-obchodni-korporace","status":"publish","type":"page","link":"https:\/\/metropolevsech.eu\/ua\/potrebuji-resit\/podnikani\/zalozeni-obchodni-korporace\/","title":{"rendered":"\u041f\u0456\u0434\u043f\u0440\u0438\u0454\u043c\u043d\u0438\u0446\u044c\u043a\u0430 \u0434\u0456\u044f\u043b\u044c\u043d\u0456\u0441\u0442\u044c \u044e\u0440\u0438\u0434\u0438\u0447\u043d\u0438\u0445 \u043e\u0441\u0456\u0431"},"content":{"rendered":"<p>\u0412\u0438 \u0445\u043e\u0447\u0435\u0442\u0435 \u0441\u0442\u0432\u043e\u0440\u0438\u0442\u0438 \u0441\u0432\u043e\u044e \u0444\u0456\u0440\u043c\u0443? \u0411\u0456\u0437\u043d\u0435\u0441-\u043a\u043e\u0440\u043f\u043e\u0440\u0430\u0446\u0456\u0457 \u2013 \u0446\u0435 <strong>\u0442\u043e\u0432\u0430\u0440\u0438\u0441\u0442\u0432\u0430<\/strong> \u0442\u0430 <strong>\u043a\u043e\u043e\u043f\u0435\u0440\u0430\u0442\u0438\u0432\u0438<\/strong> (\u044f\u043a\u0456 \u043f\u043e\u0434\u0456\u043b\u044f\u044e\u0442\u044c\u0441\u044f \u043d\u0430 \u043a\u043e\u043e\u043f\u0435\u0440\u0430\u0442\u0438\u0432\u0438 \u0456 \u0454\u0432\u0440\u043e\u043f\u0435\u0439\u0441\u044c\u043a\u0456 \u043a\u043e\u043e\u043f\u0435\u0440\u0430\u0442\u0438\u0432\u043d\u0456 \u0442\u043e\u0432\u0430\u0440\u0438\u0441\u0442\u0432\u0430). \u0422\u043e\u0432\u0430\u0440\u0438\u0441\u0442\u0432\u0430 (\u043a\u043e\u043c\u043f\u0430\u043d\u0456\u0457) \u0454 \u0442\u0430\u043a\u0456:<\/p>\n<ul class=\"bullet\">\n<li>\u043f\u043e\u0432\u043d\u0435 \u0442\u043e\u0432\u0430\u0440\u0438\u0441\u0442\u0432\u043e (ve\u0159ejn\u00e1 obchodn\u00ed spole\u010dnost),<\/li>\n<li>\u043a\u043e\u043c\u0430\u043d\u0434\u0438\u0442\u043d\u0435 \u0442\u043e\u0432\u0430\u0440\u0438\u0441\u0442\u0432\u043e (komanditn\u00ed spole\u010dnost),<\/li>\n<li>\u0442\u043e\u0432\u0430\u0440\u0438\u0441\u0442\u0432\u043e \u0437 \u043e\u0431\u043c\u0435\u0436\u0435\u043d\u043e\u044e \u0432\u0456\u0434\u043f\u043e\u0432\u0456\u0434\u0430\u043b\u044c\u043d\u0456\u0441\u0442\u044e (spole\u010dnost s ru\u010den\u00edm omezen\u00fdm),<\/li>\n<li>\u0430\u043a\u0446\u0456\u043e\u043d\u0435\u0440\u043d\u0435 \u0442\u043e\u0432\u0430\u0440\u0438\u0441\u0442\u0432\u043e (akciov\u00e1 spole\u010dnost),<\/li>\n<li>Societas Europaea \/\u00a0\u0404\u0432\u0440\u043e\u043f\u0435\u0439\u0441\u044c\u043a\u0430 \u043a\u043e\u043c\u043f\u0430\u043d\u0456\u044f (evropsk\u00e1 spole\u010dnost),<\/li>\n<li>\u0404\u0432\u0440\u043e\u043f\u0435\u0439\u0441\u044c\u043a\u0435 \u043e\u0431\u2019\u0454\u0434\u043d\u0430\u043d\u043d\u044f \u0435\u043a\u043e\u043d\u043e\u043c\u0456\u0447\u043d\u0438\u0445 \u0456\u043d\u0442\u0435\u0440\u0435\u0441\u0456\u0432 (evropsk\u00e9 hospod\u00e1\u0159sk\u00e9 z\u00e1jmov\u00e9 sdru\u017een\u00ed).<\/li>\n<\/ul>\n<p>\u0423\u0441\u0456 \u0442\u043e\u0432\u0430\u0440\u0438\u0441\u0442\u0432\u0430 \u0442\u0430 \u043a\u043e\u043e\u043f\u0435\u0440\u0430\u0442\u0438\u0432\u0438 \u043f\u043e\u0432\u0438\u043d\u043d\u0456 \u0431\u0443\u0442\u0438 \u0437\u0430\u0440\u0435\u0454\u0441\u0442\u0440\u043e\u0432\u0430\u043d\u0456 \u0432 <a href=\"http:\/\/www.obchodnirejstrik.cz\/\">\u0422\u043e\u0440\u0433\u043e\u0432\u043e\u043c\u0443 \u0440\u0435\u0454\u0441\u0442\u0440\u0456<\/a>, \u0431\u0435\u0437 \u0442\u0430\u043a\u043e\u0457 \u0440\u0435\u0454\u0441\u0442\u0440\u0430\u0446\u0456\u0457 \u043a\u043e\u043c\u043f\u0430\u043d\u0456\u044f \u043d\u0435 \u0432\u0438\u043d\u0438\u043a\u043d\u0435. \u0422\u0430\u043a\u0438\u043c \u0447\u0438\u043d\u043e\u043c, \u0442\u0440\u0435\u0431\u0430 \u0432\u0456\u0434\u0440\u0456\u0437\u043d\u044f\u0442\u0438 \u0432\u0438\u043d\u0438\u043a\u043d\u0435\u043d\u043d\u044f \u043a\u043e\u0440\u043f\u043e\u0440\u0430\u0446\u0456\u0457 \u0432\u0456\u0434 \u0457\u0457 \u0441\u0442\u0432\u043e\u0440\u0435\u043d\u043d\u044f, \u044f\u043a\u0435 \u043f\u0435\u0440\u0435\u0434\u0443\u0454 \u0432\u0441\u044c\u043e\u043c\u0443 \u043f\u0440\u043e\u0446\u0435\u0441\u0443 \u0440\u0435\u0454\u0441\u0442\u0440\u0430\u0446\u0456\u0457.<\/p>\n<div class=\"box-fixa\"> <em>\u041d\u0430\u0432\u0456\u0442\u044c \u044f\u043a\u0449\u043e \u0432\u0438 \u0454 \u0443\u0447\u0430\u0441\u043d\u0438\u043a\u043e\u043c \u0442\u043e\u0432\u0430\u0440\u0438\u0441\u0442\u0432\u0430, \u0432\u0438\u043a\u043e\u043d\u0430\u0432\u0447\u0438\u043c \u043e\u0440\u0433\u0430\u043d\u043e\u043c \u0430\u0431\u043e \u0447\u043b\u0435\u043d\u043e\u043c \u044e\u0440\u0438\u0434\u0438\u0447\u043d\u043e\u0457 \u043e\u0441\u043e\u0431\u0438 (\u0442\u043e\u0432\u0430\u0440\u0438\u0441\u0442\u0432\u0430), \u0432 \u0434\u0435\u044f\u043a\u0438\u0445 \u0432\u0438\u043f\u0430\u0434\u043a\u0430\u0445 \u0432\u0430\u043c \u044f\u043a \u0456\u043d\u043e\u0437\u0435\u043c\u0446\u044f\u043c \u043d\u0435\u043e\u0431\u0445\u0456\u0434\u043d\u043e \u043c\u0430\u0442\u0438 \u0434\u043e\u0437\u0432\u0456\u043b \u043d\u0430 \u043f\u0440\u0430\u0446\u0435\u0432\u043b\u0430\u0448\u0442\u0443\u0432\u0430\u043d\u043d\u044f \u2013 \u043d\u0430\u043f\u0440\u0438\u043a\u043b\u0430\u0434, \u043a\u043e\u043b\u0438 \u0432\u0430\u0448\u0430 \u0440\u043e\u0431\u043e\u0442\u0430 \u043f\u043e\u043b\u044f\u0433\u0430\u0454 \u0443 \u0432\u0438\u043a\u043e\u043d\u0430\u043d\u043d\u0456 \u0437\u0430\u0432\u0434\u0430\u043d\u044c, \u0449\u043e \u0432\u0438\u043f\u043b\u0438\u0432\u0430\u044e\u0442\u044c \u0456\u0437 \u043f\u0440\u0435\u0434\u043c\u0435\u0442\u0443 \u0434\u0456\u044f\u043b\u044c\u043d\u043e\u0441\u0442\u0456 \u044e\u0440\u0438\u0434\u0438\u0447\u043d\u043e\u0457 \u043e\u0441\u043e\u0431\u0438.<\/em> <\/div>\n<div class=\"box-ok\"> <em>\u0421\u0430\u0439\u0442 <\/em><a href=\"https:\/\/www.businessinfo.cz\/navody\/obchodni-korporace-zalozeni-a-vznik-ppbi\/#!&amp;chapter=1\"><em>businessinfo.cz<\/em><\/a><em> \u0434\u0443\u0436\u0435 \u0434\u0435\u0442\u0430\u043b\u044c\u043d\u043e \u043e\u043f\u0438\u0441\u0443\u0454 \u043e\u0441\u043d\u043e\u0432\u043d\u0456 \u043a\u0440\u043e\u043a\u0438 \u0449\u043e\u0434\u043e \u0441\u0442\u0432\u043e\u0440\u0435\u043d\u043d\u044f \u0456 \u0432\u0438\u043d\u0438\u043a\u043d\u0435\u043d\u043d\u044f \u0442\u043e\u0432\u0430\u0440\u0438\u0441\u0442\u0432 \u0442\u0430 \u043a\u043e\u043e\u043f\u0435\u0440\u0430\u0442\u0438\u0432\u0456\u0432 \u0456 \u0437\u0432\u0435\u0440\u0442\u0430\u0454 \u0443\u0432\u0430\u0433\u0443 \u043d\u0430 \u0432\u0456\u0434\u043c\u0456\u043d\u043d\u043e\u0441\u0442\u0456 \u043f\u0440\u0438 \u0457\u0445 \u0441\u0442\u0432\u043e\u0440\u0435\u043d\u043d\u0456. \u0422\u0430\u043c \u0432\u0438 \u0442\u0430\u043a\u043e\u0436 \u0437\u043d\u0430\u0439\u0434\u0435\u0442\u0435 \u0434\u043e\u043a\u043b\u0430\u0434\u043d\u0456\u0448\u0456 \u0456\u043d\u0441\u0442\u0440\u0443\u043a\u0446\u0456\u0457 \u0434\u043b\u044f \u043f\u0456\u0434\u043f\u0440\u0438\u0454\u043c\u0446\u0456\u0432.<\/em> <\/div>\n<p>&nbsp;<\/p>\n<p>\u041e\u043d\u043e\u0432\u043b\u0435\u043d\u043e \u0437 \u0442\u043e\u0447\u043a\u0438 \u0437\u043e\u0440\u0443 \u0441\u043e\u0446\u0456\u0430\u043b\u044c\u043d\u043e-\u043f\u0440\u0430\u0432\u043e\u0432\u043e\u0433\u043e \u0437\u043c\u0456\u0441\u0442\u0443 8 \u043b\u0438\u0441\u0442\u043e\u043f\u0430\u0434\u0430 2021 \u0440\u043e\u043a\u0443.<\/p>","protected":false},"excerpt":{"rendered":"<p>\u0412\u0438 \u0445\u043e\u0447\u0435\u0442\u0435 \u0441\u0442\u0432\u043e\u0440\u0438\u0442\u0438 \u0441\u0432\u043e\u044e \u0444\u0456\u0440\u043c\u0443? \u0411\u0456\u0437\u043d\u0435\u0441-\u043a\u043e\u0440\u043f\u043e\u0440\u0430\u0446\u0456\u0457 \u2013 \u0446\u0435 \u0442\u043e\u0432\u0430\u0440\u0438\u0441\u0442\u0432\u0430 \u0442\u0430 \u043a\u043e\u043e\u043f\u0435\u0440\u0430\u0442\u0438\u0432\u0438 (\u044f\u043a\u0456 \u043f\u043e\u0434\u0456\u043b\u044f\u044e\u0442\u044c\u0441\u044f \u043d\u0430 \u043a\u043e\u043e\u043f\u0435\u0440\u0430\u0442\u0438\u0432\u0438 \u0456 \u0454\u0432\u0440\u043e\u043f\u0435\u0439\u0441\u044c\u043a\u0456 \u043a\u043e\u043e\u043f\u0435\u0440\u0430\u0442\u0438\u0432\u043d\u0456 \u0442\u043e\u0432\u0430\u0440\u0438\u0441\u0442\u0432\u0430). \u0422\u043e\u0432\u0430\u0440\u0438\u0441\u0442\u0432\u0430 (\u043a\u043e\u043c\u043f\u0430\u043d\u0456\u0457) \u0454 \u0442\u0430\u043a\u0456: \u043f\u043e\u0432\u043d\u0435 \u0442\u043e\u0432\u0430\u0440\u0438\u0441\u0442\u0432\u043e (ve\u0159ejn\u00e1 obchodn\u00ed spole\u010dnost), \u043a\u043e\u043c\u0430\u043d\u0434\u0438\u0442\u043d\u0435 \u0442\u043e\u0432\u0430\u0440\u0438\u0441\u0442\u0432\u043e (komanditn\u00ed spole\u010dnost), \u0442\u043e\u0432\u0430\u0440\u0438\u0441\u0442\u0432\u043e \u0437 \u043e\u0431\u043c\u0435\u0436\u0435\u043d\u043e\u044e \u0432\u0456\u0434\u043f\u043e\u0432\u0456\u0434\u0430\u043b\u044c\u043d\u0456\u0441\u0442\u044e (spole\u010dnost s ru\u010den\u00edm omezen\u00fdm),&#8230;<\/p>\n<a class=\"more-block\" href=\"https:\/\/metropolevsech.eu\/ua\/potrebuji-resit\/podnikani\/zalozeni-obchodni-korporace\/\">\u0427\u0438\u0442\u0430\u0442\u0438 \u0431\u0456\u043b\u044c\u0448\u0435<\/a>","protected":false},"author":7,"featured_media":0,"parent":603,"menu_order":3,"comment_status":"closed","ping_status":"closed","template":"","meta":[],"acf":[],"_links":{"self":[{"href":"https:\/\/metropolevsech.eu\/ua\/wp-json\/wp\/v2\/pages\/619"}],"collection":[{"href":"https:\/\/metropolevsech.eu\/ua\/wp-json\/wp\/v2\/pages"}],"about":[{"href":"https:\/\/metropolevsech.eu\/ua\/wp-json\/wp\/v2\/types\/page"}],"author":[{"embeddable":true,"href":"https:\/\/metropolevsech.eu\/ua\/wp-json\/wp\/v2\/users\/7"}],"replies":[{"embeddable":true,"href":"https:\/\/metropolevsech.eu\/ua\/wp-json\/wp\/v2\/comments?post=619"}],"version-history":[{"count":12,"href":"https:\/\/metropolevsech.eu\/ua\/wp-json\/wp\/v2\/pages\/619\/revisions"}],"predecessor-version":[{"id":24549,"href":"https:\/\/metropolevsech.eu\/ua\/wp-json\/wp\/v2\/pages\/619\/revisions\/24549"}],"up":[{"embeddable":true,"href":"https:\/\/metropolevsech.eu\/ua\/wp-json\/wp\/v2\/pages\/603"}],"wp:attachment":[{"href":"https:\/\/metropolevsech.eu\/ua\/wp-json\/wp\/v2\/media?parent=619"}],"curies":[{"name":"wp","href":"https:\/\/api.w.org\/{rel}","templated":true}]}}