{"id":638,"date":"2017-01-01T12:27:21","date_gmt":"2017-01-01T11:27:21","guid":{"rendered":"https:\/\/metropolevsech.eu\/?page_id=638"},"modified":"2026-01-27T20:26:01","modified_gmt":"2026-01-27T19:26:01","slug":"vzdelavani-dospelych","status":"publish","type":"page","link":"https:\/\/metropolevsech.eu\/ua\/potrebuji-resit\/vzdelavani-a-nostrifikace-diplomu\/vzdelavani-dospelych\/","title":{"rendered":"\u041e\u0441\u0432\u0456\u0442\u0430 \u0434\u043b\u044f \u0434\u043e\u0440\u043e\u0441\u043b\u0438\u0445"},"content":{"rendered":"<p>\u0412\u0438 \u0437\u0434\u043e\u0431\u0443\u043b\u0438 \u0441\u0435\u0440\u0435\u0434\u043d\u044e \u043e\u0441\u0432\u0456\u0442\u0443 \u0456 \u0445\u043e\u0447\u0435\u0442\u0435 \u043f\u0440\u043e\u0434\u043e\u0432\u0436\u0438\u0442\u0438 \u043d\u0430\u0432\u0447\u0430\u043d\u043d\u044f \u0443 \u0427\u0435\u0445\u0456\u0457? \u041e\u0431\u0435\u0440\u0456\u0442\u044c \u043e\u0434\u0438\u043d \u0437 \u0443\u043d\u0456\u0432\u0435\u0440\u0441\u0438\u0442\u0435\u0442\u0456\u0432 \u0430\u0431\u043e \u043a\u043e\u043b\u0435\u0434\u0436\u0456\u0432.<\/p>\n<ul class=\"bullet\">\n<li><a href=\"#VO\u0160\"><strong>\u0412\u0438\u0449\u0456 \u043f\u0440\u043e\u0444\u0435\u0441\u0456\u0439\u043d\u0456 \u0448\u043a\u043e\u043b\u0438<\/strong><\/a><\/li>\n<li><a href=\"#V\u0160\"><strong>\u0423\u043d\u0456\u0432\u0435\u0440\u0441\u0438\u0442\u0435\u0442\u0438 \u0442\u0430 \u0412\u041d\u0417<\/strong><\/a><\/li>\n<\/ul>\n<h3 id=\"VO\u0160\"><strong>\u0412\u0438\u0449\u0456 \u043f\u0440\u043e\u0444\u0435\u0441\u0456\u0439\u043d\u0456 \u0448\u043a\u043e\u043b\u0438<\/strong><\/h3>\n<p>\u0412\u0438\u0449\u0456 \u043f\u0440\u043e\u0444\u0435\u0441\u0456\u0439\u043d\u0456 \u0448\u043a\u043e\u043b\u0438 <em>(\u0447\u0435\u0441\u044c\u043a\u043e\u044e<\/em><em>:<\/em> <em>v<\/em><em>y\u0161\u0161\u00ed odborn\u00e9 \u0161koly, <\/em><em>\u0441\u043a\u043e\u0440\u043e\u0447\u0435\u043d\u043d\u044f <\/em><em>VO\u0160<\/em><em> \/ \u00ab\u0412\u041e\u0428\u00bb<\/em><em>)<\/em> \u0430\u0431\u043e \u043a\u043e\u043b\u0435\u0434\u0436\u0456 \u043d\u0430\u0434\u0430\u044e\u0442\u044c \u043d\u0430\u0432\u0447\u0430\u043d\u043d\u044f \u0437\u0430 \u0444\u0430\u0445\u043e\u043c, \u044f\u043a\u0435 \u0442\u0440\u0438\u0432\u0430\u0454, \u0432 \u043e\u0441\u043d\u043e\u0432\u043d\u043e\u043c\u0443, 2-3 \u0440\u043e\u043a\u0438. \u0412\u0438\u043f\u0443\u0441\u043a\u043d\u0438\u043a\u0430\u043c \u043f\u0440\u0438\u0441\u0432\u043e\u044e\u0454\u0442\u044c\u0441\u044f \u0437\u0432\u0430\u043d\u043d\u044f \u0441\u0435\u0440\u0442\u0438\u0444\u0456\u043a\u043e\u0432\u0430\u043d\u043e\u0433\u043e \u0444\u0430\u0445\u0456\u0432\u0446\u044f (Dis.). \u0426\u0435 \u043d\u0435 \u0432\u0438\u0449\u0430 \u043e\u0441\u0432\u0456\u0442\u0430. \u0421\u043f\u0435\u0446\u0456\u0430\u043b\u044c\u043d\u043e\u0441\u0442\u0456 \u0432 \u043a\u043e\u043b\u0435\u0434\u0436\u0430\u0445 \u2013 \u0446\u0435, \u043d\u0430\u043f\u0440\u0438\u043a\u043b\u0430\u0434, \u0441\u043e\u0446\u0456\u0430\u043b\u044c\u043d\u0430 \u043f\u0435\u0434\u0430\u0433\u043e\u0433\u0456\u043a\u0430, \u0440\u0435\u043a\u043b\u0430\u043c\u0430 \u0456 \u0445\u0443\u0434\u043e\u0436\u043d\u044f \u0442\u0432\u043e\u0440\u0447\u0456\u0441\u0442\u044c, \u043c\u0435\u0434\u0441\u0435\u0441\u0442\u0440\u0430, \u0444\u0435\u043b\u044c\u0434\u0448\u0435\u0440, \u0442\u0443\u0440\u0438\u0437\u043c, \u0433\u0440\u0430\u0444\u0456\u0447\u043d\u0438\u0439 \u0434\u0438\u0437\u0430\u0439\u043d \u0442\u0430 \u0431\u0430\u0433\u0430\u0442\u043e \u0456\u043d\u0448\u043e\u0433\u043e.<\/p>\n<h4><strong>\u041f\u043e\u0441\u0438\u043b\u0430\u043d\u043d\u044f:<\/strong><\/h4>\n<ul class=\"bullet-links\">\n<li>\u0421\u043f\u0438\u0441\u043e\u043a \u0432\u0438\u0449\u0438\u0445 \u043f\u0440\u043e\u0444\u0435\u0441\u0456\u0439\u043d\u0438\u0445 \u0448\u043a\u0456\u043b \u043c\u043e\u0436\u043d\u0430 \u0437\u043d\u0430\u0439\u0442\u0438, \u043d\u0430\u043f\u0440\u0438\u043a\u043b\u0430\u0434, <a href=\"https:\/\/www.atlasskolstvi.cz\/vyssi-odborne-skoly\">\u0442\u0443\u0442<\/a>.<\/li>\n<\/ul>\n<div class=\"box-ok\">\u0417 \u0443\u043c\u043e\u0432\u0430\u043c\u0438 \u043f\u0440\u0438\u0439\u043e\u043c\u0443 \u043c\u043e\u0436\u043d\u0430 \u043e\u0437\u043d\u0430\u0439\u043e\u043c\u0438\u0442\u0438\u0441\u044f \u043d\u0430 \u0441\u0430\u0439\u0442\u0430\u0445 \u043e\u043a\u0440\u0435\u043c\u0438\u0445 \u043d\u0430\u0432\u0447\u0430\u043b\u044c\u043d\u0438\u0445 \u0437\u0430\u043a\u043b\u0430\u0434\u0456\u0432. <\/div>\n<h3 id=\"V\u0160\"><strong>\u0423\u043d\u0456\u0432\u0435\u0440\u0441\u0438\u0442\u0435\u0442\u0438 \u0442\u0430 \u0412\u041d\u0417<\/strong><\/h3>\n<p>\u0412\u0438 \u0445\u043e\u0447\u0435\u0442\u0435 \u043d\u0430\u0432\u0447\u0430\u0442\u0438\u0441\u044f \u0432 \u0443\u043d\u0456\u0432\u0435\u0440\u0441\u0438\u0442\u0435\u0442\u0456? \u041f\u0440\u0430\u0433\u0430 \u2013 \u043c\u0456\u0441\u0442\u043e \u0437 \u043d\u0430\u0439\u0431\u0456\u043b\u044c\u0448\u043e\u044e \u043a\u0456\u043b\u044c\u043a\u0456\u0441\u0442\u044e \u0432\u0438\u0449\u0438\u0445 \u043d\u0430\u0432\u0447\u0430\u043b\u044c\u043d\u0438\u0445 \u0437\u0430\u043a\u043b\u0430\u0434\u0456\u0432 \u0443 \u0427\u0435\u0445\u0456\u0457. \u0414\u0435\u0440\u0436\u0430\u0432\u043d\u0438\u0445 \u0442\u0430 \u043f\u0440\u0438\u0432\u0430\u0442\u043d\u0438\u0445 \u0412\u041d\u0417 \u0442\u0443\u0442 \u043a\u0456\u043b\u044c\u043a\u0430 \u0434\u0435\u0441\u044f\u0442\u043a\u0456\u0432, \u0456 \u0432\u043e\u043d\u0438 \u043f\u0440\u043e\u043f\u043e\u043d\u0443\u044e\u0442\u044c \u0441\u043e\u0442\u043d\u0456 \u043d\u0430\u0432\u0447\u0430\u043b\u044c\u043d\u0438\u0445 \u043f\u0440\u043e\u0433\u0440\u0430\u043c. \u0421\u043f\u0438\u0441\u043e\u043a \u0412\u041d\u0417 \u0442\u0430 \u043d\u0430\u0432\u0447\u0430\u043b\u044c\u043d\u0438\u0445 \u043f\u0440\u043e\u0433\u0440\u0430\u043c \u0432\u0438 \u0437\u043d\u0430\u0439\u0434\u0435\u0442\u0435, \u043d\u0430\u043f\u0440\u0438\u043a\u043b\u0430\u0434,\u00a0\u043d\u0430 <a href=\"https:\/\/www.vysokeskoly.cz\/\">\u0446\u044c\u043e\u043c\u0443 \u0441\u0430\u0439\u0442\u0456<\/a>\u00a0(\u0442\u0443\u0442 \u043c\u043e\u0436\u043d\u0430 \u0448\u0443\u043a\u0430\u0442\u0438 \u0437\u0430 \u043d\u0430\u043f\u0440\u044f\u043c\u043a\u0430\u043c\u0438 \u0430\u0431\u043e \u0441\u043f\u0435\u0446\u0456\u0430\u043b\u044c\u043d\u043e\u0441\u0442\u044f\u043c\u0438). \u0406\u043d\u0448\u0456 \u0441\u0430\u0439\u0442\u0438 \u043f\u043e\u0448\u0443\u043a\u0443 \u0454, \u043d\u0430\u043f\u0440\u0438\u043a\u043b\u0430\u0434, <a href=\"https:\/\/www.atlasskolstvi.cz\/\">www.atlasskolstvi.cz<\/a> \u0430\u0431\u043e <a href=\"https:\/\/www.msmt.cz\/vzdelavani\/vysoke-skolstvi\/prehled-vysokych-skol-v-cr-3\">\u0441\u0430\u0439\u0442 \u041c\u0456\u043d\u0456\u0441\u0442\u0435\u0440\u0441\u0442\u0432\u0430 \u043e\u0441\u0432\u0456\u0442\u0438 \u0427\u0435\u0441\u044c\u043a\u043e\u0457 \u0420\u0435\u0441\u043f\u0443\u0431\u043b\u0456\u043a\u0438<\/a>.<\/p>\n<p>\u041d\u0430\u0432\u0447\u0430\u0442\u0438\u0441\u044f \u043c\u043e\u0436\u043d\u0430 \u0443 \u0440\u0456\u0437\u043d\u0438\u0445 \u0444\u043e\u0440\u043c\u0430\u0445 (\u0434\u0435\u043d\u043d\u0430, \u0437\u0430\u043e\u0447\u043d\u0430, \u043a\u043e\u043c\u0431\u0456\u043d\u043e\u0432\u0430\u043d\u0430 \u0442\u043e\u0449\u043e), \u043c\u0430\u0442\u0438 \u0431\u0430\u043a\u0430\u043b\u0430\u0432\u0440\u0441\u044c\u043a\u0443, \u043c\u0430\u0433\u0456\u0441\u0442\u0435\u0440\u0441\u044c\u043a\u0443 \u0430\u0431\u043e \u0456\u043d\u0448\u0443 \u043f\u0440\u043e\u0433\u0440\u0430\u043c\u0443. \u0423\u043c\u043e\u0432\u043e\u044e \u043f\u0440\u0438\u0439\u043e\u043c\u0443 \u0454 \u0443\u0441\u043f\u0456\u0448\u043d\u0435 \u043f\u0440\u043e\u0445\u043e\u0434\u0436\u0435\u043d\u043d\u044f \u043f\u0440\u0438\u0439\u043c\u0430\u043b\u044c\u043d\u043e\u0433\u043e \u043f\u0440\u043e\u0446\u0435\u0441\u0443. \u041a\u043e\u0436\u043d\u0438\u0439 \u043d\u0430\u0432\u0447\u0430\u043b\u044c\u043d\u0438\u0439 \u0437\u0430\u043a\u043b\u0430\u0434 \u0432\u0438\u0437\u043d\u0430\u0447\u0430\u0454 \u0441\u0432\u0456\u0439 \u043f\u043e\u0440\u044f\u0434\u043e\u043a \u043f\u0440\u043e\u0432\u0435\u0434\u0435\u043d\u043d\u044f \u0432\u0441\u0442\u0443\u043f\u043d\u0438\u0445 \u0456\u0441\u043f\u0438\u0442\u0456\u0432. \u0423 \u0434\u0435\u044f\u043a\u0438\u0445 \u0412\u041d\u0417 \u0432\u0441\u0442\u0443\u043f\u043d\u0438\u0439 \u0456\u0441\u043f\u0438\u0442 \u043c\u0430\u0454 \u0432\u0438\u0433\u043b\u044f\u0434 \u0442\u0435\u0441\u0442\u0456\u0432, \u0443\u0441\u043d\u0438\u0445 \u0441\u043f\u0456\u0432\u0431\u0435\u0441\u0456\u0434 \u0447\u0438 \u0442\u0435\u0441\u0442\u0456\u0432 \u0442\u0432\u043e\u0440\u0447\u0438\u0445 \u0437\u0434\u0456\u0431\u043d\u043e\u0441\u0442\u0435\u0439, \u0430\u0431\u043e \u0436 \u0454 \u043f\u043e\u0454\u0434\u043d\u0430\u043d\u043d\u044f\u043c \u0446\u0438\u0445 \u0444\u043e\u0440\u043c. \u0414\u0435\u044f\u043a\u0456 \u0412\u041d\u0417 \u043f\u0440\u0438\u0439\u043c\u0430\u044e\u0442\u044c \u0441\u0442\u0443\u0434\u0435\u043d\u0442\u0456\u0432 \u0431\u0435\u0437 \u0432\u0441\u0442\u0443\u043f\u043d\u0438\u0445 \u0456\u0441\u043f\u0438\u0442\u0456\u0432 \u0430\u0431\u043e \u0442\u0456\u043b\u044c\u043a\u0438 \u043d\u0430 \u043e\u0441\u043d\u043e\u0432\u0456 \u0440\u0435\u0437\u0443\u043b\u044c\u0442\u0430\u0442\u0456\u0432 \u0457\u0445 \u043f\u043e\u043f\u0435\u0440\u0435\u0434\u043d\u044c\u043e\u0433\u043e \u043d\u0430\u0432\u0447\u0430\u043d\u043d\u044f \u0432 \u0441\u0435\u0440\u0435\u0434\u043d\u044c\u043e\u043c\u0443 \u043d\u0430\u0432\u0447\u0430\u043b\u044c\u043d\u043e\u043c\u0443 \u0437\u0430\u043a\u043b\u0430\u0434\u0456.<\/p>\n<p>\u041f\u0440\u0435\u0442\u0435\u043d\u0434\u0435\u043d\u0442\u0438 \u043d\u0430 \u043d\u0430\u0432\u0447\u0430\u043d\u043d\u044f, \u044f\u043a\u0456 \u043d\u0435 \u043c\u0430\u044e\u0442\u044c \u0447\u0435\u0441\u044c\u043a\u043e\u0433\u043e \u0433\u0440\u043e\u043c\u0430\u0434\u044f\u043d\u0441\u0442\u0432\u0430 \u0430\u0431\u043e \u043d\u0435 \u0441\u043a\u043b\u0430\u043b\u0438 \u0456\u0441\u043f\u0438\u0442 \u043d\u0430 \u0430\u0442\u0435\u0441\u0442\u0430\u0442 \u0437\u0440\u0456\u043b\u043e\u0441\u0442\u0456 \u0437 \u0447\u0435\u0441\u044c\u043a\u043e\u0457 \u043c\u043e\u0432\u0438, \u0432 \u0434\u0435\u044f\u043a\u0438\u0445 \u0432\u0438\u043f\u0430\u0434\u043a\u0430\u0445 \u043f\u0456\u0434 \u0447\u0430\u0441 \u043f\u0440\u0438\u0439\u043c\u0430\u043b\u044c\u043d\u043e\u0433\u043e \u043f\u0440\u043e\u0446\u0435\u0441\u0443 \u043f\u043e\u0432\u0438\u043d\u043d\u0456 \u0441\u043a\u043b\u0430\u0441\u0442\u0438 \u0449\u0435 <strong>\u0456\u0441\u043f\u0438\u0442 \u0437 \u0447\u0435\u0441\u044c\u043a\u043e\u0457 \u043c\u043e\u0432\u0438<\/strong>. \u0423\u043c\u043e\u0432\u0438 \u0432\u0441\u0442\u0443\u043f\u043d\u0438\u0445 \u0456\u0441\u043f\u0438\u0442\u0456\u0432 \u0437\u0430\u0432\u0436\u0434\u0438 \u0442\u0440\u0435\u0431\u0430 \u043f\u0435\u0440\u0435\u0432\u0456\u0440\u0438\u0442\u0438 \u043d\u0430 \u0441\u0430\u0439\u0442\u0456 \u0434\u0430\u043d\u043e\u0433\u043e \u0443\u043d\u0456\u0432\u0435\u0440\u0441\u0438\u0442\u0435\u0442\u0443\/\u0444\u0430\u043a\u0443\u043b\u044c\u0442\u0435\u0442\u0443\/\u043a\u0430\u0444\u0435\u0434\u0440\u0438, \u0430\u0431\u043e \u0443 \u0432\u0456\u0434\u043f\u043e\u0432\u0456\u0434\u043d\u043e\u043c\u0443 \u0432\u0456\u0434\u0434\u0456\u043b\u0435\u043d\u043d\u0456 \u0434\u043b\u044f \u0441\u0442\u0443\u0434\u0435\u043d\u0442\u0456\u0432.<\/p>\n<p>\u042f\u043a\u0449\u043e \u0441\u0438\u0441\u0442\u0435\u043c\u0430 \u0412\u041d\u0417 \u0443 \u0427\u0435\u0445\u0456\u0457 \u0434\u043b\u044f \u0432\u0430\u0441 \u043d\u0435\u0437\u0440\u043e\u0437\u0443\u043c\u0456\u043b\u0430, \u0432\u0438 \u043c\u043e\u0436\u0435\u0442\u0435 \u0437\u0432\u0435\u0440\u043d\u0443\u0442\u0438\u0441\u044f \u0432 <a href=\"https:\/\/metropolevsech.eu\/ua\/kontakty\/integracni-centrum-praha\/\">\u0406\u043d\u0442\u0435\u0433\u0440\u0430\u0446\u0456\u0439\u043d\u0438\u0439 \u0446\u0435\u043d\u0442\u0440 \u041f\u0440\u0430\u0433\u0430<\/a> \u0430\u0431\u043e \u0432 <a href=\"https:\/\/metropolevsech.eu\/ua\/kontakty\/nevladni-neziskove-organizace\/\">\u043e\u0434\u043d\u0443 \u0437 \u043e\u0440\u0433\u0430\u043d\u0456\u0437\u0430\u0446\u0456\u0439, \u0449\u043e \u0437\u0430\u0439\u043c\u0430\u044e\u0442\u044c\u0441\u044f \u0456\u043d\u0442\u0435\u0433\u0440\u0430\u0446\u0456\u0454\u044e \u043c\u0456\u0433\u0440\u0430\u043d\u0442\u0456\u0432 \u0432 \u0433\u0430\u043b\u0443\u0437\u0456 \u043e\u0441\u0432\u0456\u0442\u0438<\/a> (\u043d\u0430\u043f\u0440\u0438\u043a\u043b\u0430\u0434, \u00ab\u041c\u0415\u0422\u0410\u00bb).<\/p>\n<p><div class=\"box-fixa\">\u041e\u0434\u043d\u0430 \u0437 \u0432\u0430\u0436\u043b\u0438\u0432\u0438\u0445 \u0432\u0438\u043c\u043e\u0433 \u0437\u0430\u044f\u0432\u043a\u0438 \u043d\u0430 \u043d\u0430\u0432\u0447\u0430\u043d\u043d\u044f \u0443 \u0412\u041d\u0417 \u2013 \u0446\u0435 \u043d\u043e\u0441\u0442\u0440\u0438\u0444\u0456\u043a\u0430\u0446\u0456\u044f (\u0432\u0438\u0437\u043d\u0430\u043d\u043d\u044f) \u0434\u043e\u043a\u0443\u043c\u0435\u043d\u0442\u0443 \u043f\u0440\u043e \u0437\u0430\u043a\u0456\u043d\u0447\u0435\u043d\u043d\u044f \u0441\u0435\u0440\u0435\u0434\u043d\u044c\u043e\u0457 \u0448\u043a\u043e\u043b\u0438 (\u044f\u043a\u0449\u043e \u0441\u0435\u0440\u0435\u0434\u043d\u044e \u043e\u0441\u0432\u0456\u0442\u0443 \u0431\u0443\u043b\u043e \u0437\u0434\u043e\u0431\u0443\u0442\u043e \u043d\u0435 \u0432 \u0427\u0435\u0445\u0456\u0457, \u0430 \u0432 \u0456\u043d\u0448\u0456\u0439 \u043a\u0440\u0430\u0457\u043d\u0456). \u0411\u0456\u043b\u044c\u0448\u0435 \u0456\u043d\u0444\u043e\u0440\u043c\u0430\u0446\u0456\u0457 \u043f\u0440\u043e \u043d\u043e\u0441\u0442\u0440\u0438\u0444\u0456\u043a\u0430\u0446\u0456\u044e \u043c\u043e\u0436\u043d\u0430 \u0437\u043d\u0430\u0439\u0442\u0438 \u0432 \u043d\u0430\u0441\u0442\u0443\u043f\u043d\u043e\u043c\u0443 \u0440\u043e\u0437\u0434\u0456\u043b\u0456. \u042f\u043a\u0449\u043e \u0432\u0438 \u043e\u0442\u0440\u0438\u043c\u0430\u043b\u0438 \u0441\u0435\u0440\u0435\u0434\u043d\u044e \u043e\u0441\u0432\u0456\u0442\u0443 \u0432 \u0447\u0435\u0441\u044c\u043a\u043e\u043c\u0443 \u043d\u0430\u0432\u0447\u0430\u043b\u044c\u043d\u043e\u043c\u0443 \u0437\u0430\u043a\u043b\u0430\u0434\u0456, \u0432\u0438 \u043d\u0430\u0434\u0430\u0454\u0442\u0435 \u0430\u0442\u0435\u0441\u0442\u0430\u0442 \u0437\u0440\u0456\u043b\u043e\u0441\u0442\u0456, \u0456 \u043d\u043e\u0441\u0442\u0440\u0438\u0444\u0456\u043a\u0430\u0446\u0456\u044f \u0432\u0430\u043c \u043d\u0435 \u043f\u043e\u0442\u0440\u0456\u0431\u043d\u0430.<\/div><\/p>","protected":false},"excerpt":{"rendered":"<p>\u0412\u0438 \u0437\u0434\u043e\u0431\u0443\u043b\u0438 \u0441\u0435\u0440\u0435\u0434\u043d\u044e \u043e\u0441\u0432\u0456\u0442\u0443 \u0456 \u0445\u043e\u0447\u0435\u0442\u0435 \u043f\u0440\u043e\u0434\u043e\u0432\u0436\u0438\u0442\u0438 \u043d\u0430\u0432\u0447\u0430\u043d\u043d\u044f \u0443 \u0427\u0435\u0445\u0456\u0457? \u041e\u0431\u0435\u0440\u0456\u0442\u044c \u043e\u0434\u0438\u043d \u0437 \u0443\u043d\u0456\u0432\u0435\u0440\u0441\u0438\u0442\u0435\u0442\u0456\u0432 \u0430\u0431\u043e \u043a\u043e\u043b\u0435\u0434\u0436\u0456\u0432. \u0412\u0438\u0449\u0456 \u043f\u0440\u043e\u0444\u0435\u0441\u0456\u0439\u043d\u0456 \u0448\u043a\u043e\u043b\u0438 \u0423\u043d\u0456\u0432\u0435\u0440\u0441\u0438\u0442\u0435\u0442\u0438 \u0442\u0430 \u0412\u041d\u0417 \u0412\u0438\u0449\u0456 \u043f\u0440\u043e\u0444\u0435\u0441\u0456\u0439\u043d\u0456 \u0448\u043a\u043e\u043b\u0438 \u0412\u0438\u0449\u0456 \u043f\u0440\u043e\u0444\u0435\u0441\u0456\u0439\u043d\u0456 \u0448\u043a\u043e\u043b\u0438 (\u0447\u0435\u0441\u044c\u043a\u043e\u044e: vy\u0161\u0161\u00ed odborn\u00e9 \u0161koly, \u0441\u043a\u043e\u0440\u043e\u0447\u0435\u043d\u043d\u044f VO\u0160 \/ \u00ab\u0412\u041e\u0428\u00bb) \u0430\u0431\u043e \u043a\u043e\u043b\u0435\u0434\u0436\u0456 \u043d\u0430\u0434\u0430\u044e\u0442\u044c \u043d\u0430\u0432\u0447\u0430\u043d\u043d\u044f&#8230;<\/p>\n<a class=\"more-block\" href=\"https:\/\/metropolevsech.eu\/ua\/potrebuji-resit\/vzdelavani-a-nostrifikace-diplomu\/vzdelavani-dospelych\/\">\u0427\u0438\u0442\u0430\u0442\u0438 \u0431\u0456\u043b\u044c\u0448\u0435<\/a>","protected":false},"author":7,"featured_media":7863,"parent":633,"menu_order":2,"comment_status":"closed","ping_status":"closed","template":"","meta":[],"acf":[],"_links":{"self":[{"href":"https:\/\/metropolevsech.eu\/ua\/wp-json\/wp\/v2\/pages\/638"}],"collection":[{"href":"https:\/\/metropolevsech.eu\/ua\/wp-json\/wp\/v2\/pages"}],"about":[{"href":"https:\/\/metropolevsech.eu\/ua\/wp-json\/wp\/v2\/types\/page"}],"author":[{"embeddable":true,"href":"https:\/\/metropolevsech.eu\/ua\/wp-json\/wp\/v2\/users\/7"}],"replies":[{"embeddable":true,"href":"https:\/\/metropolevsech.eu\/ua\/wp-json\/wp\/v2\/comments?post=638"}],"version-history":[{"count":9,"href":"https:\/\/metropolevsech.eu\/ua\/wp-json\/wp\/v2\/pages\/638\/revisions"}],"predecessor-version":[{"id":24740,"href":"https:\/\/metropolevsech.eu\/ua\/wp-json\/wp\/v2\/pages\/638\/revisions\/24740"}],"up":[{"embeddable":true,"href":"https:\/\/metropolevsech.eu\/ua\/wp-json\/wp\/v2\/pages\/633"}],"wp:featuredmedia":[{"embeddable":true,"href":"https:\/\/metropolevsech.eu\/ua\/wp-json\/wp\/v2\/media\/7863"}],"wp:attachment":[{"href":"https:\/\/metropolevsech.eu\/ua\/wp-json\/wp\/v2\/media?parent=638"}],"curies":[{"name":"wp","href":"https:\/\/api.w.org\/{rel}","templated":true}]}}