{"id":6787,"date":"2018-05-10T20:43:27","date_gmt":"2018-05-10T18:43:27","guid":{"rendered":"https:\/\/metropolevsech.eu\/?page_id=6787"},"modified":"2022-06-02T19:45:27","modified_gmt":"2022-06-02T17:45:27","slug":"oddeleni-narodnostnich-mensin-a-cizincu","status":"publish","type":"page","link":"https:\/\/metropolevsech.eu\/ua\/o-nas\/hlavni-mesto-praha-a-integrace\/oddeleni-narodnostnich-mensin-a-cizincu\/","title":{"rendered":"(\u010ce\u0161tina) Odd\u011blen\u00ed n\u00e1rodnostn\u00edch men\u0161in a cizinc\u016f"},"content":{"rendered":"<p class=\"qtranxs-available-languages-message qtranxs-available-languages-message-ua\">\u0412\u0438\u0431\u0430\u0447\u0442\u0435 \u0446\u0435\u0439 \u0442\u0435\u043a\u0441\u0442 \u0434\u043e\u0441\u0442\u0443\u043f\u043d\u0438\u0439 \u0442\u0456\u043b\u044c\u043a\u0438 \u0432 \u201c<a href=\"https:\/\/metropolevsech.eu\/cs\/wp-json\/wp\/v2\/pages\/6787\" class=\"qtranxs-available-language-link qtranxs-available-language-link-cs\" title=\"\u010ce\u0161tina\">\u010ce\u0161tina<\/a>\u201d.<\/p>","protected":false},"excerpt":{"rendered":"<p>\u0412\u0438\u0431\u0430\u0447\u0442\u0435 \u0446\u0435\u0439 \u0442\u0435\u043a\u0441\u0442 \u0434\u043e\u0441\u0442\u0443\u043f\u043d\u0438\u0439 \u0442\u0456\u043b\u044c\u043a\u0438 \u0432 \u201c\u010ce\u0161tina\u201d.<\/p>\n<a class=\"more-block\" href=\"https:\/\/metropolevsech.eu\/ua\/o-nas\/hlavni-mesto-praha-a-integrace\/oddeleni-narodnostnich-mensin-a-cizincu\/\">\u0427\u0438\u0442\u0430\u0442\u0438 \u0431\u0456\u043b\u044c\u0448\u0435<\/a>","protected":false},"author":7,"featured_media":0,"parent":16975,"menu_order":3,"comment_status":"closed","ping_status":"closed","template":"","meta":[],"acf":[],"_links":{"self":[{"href":"https:\/\/metropolevsech.eu\/ua\/wp-json\/wp\/v2\/pages\/6787"}],"collection":[{"href":"https:\/\/metropolevsech.eu\/ua\/wp-json\/wp\/v2\/pages"}],"about":[{"href":"https:\/\/metropolevsech.eu\/ua\/wp-json\/wp\/v2\/types\/page"}],"author":[{"embeddable":true,"href":"https:\/\/metropolevsech.eu\/ua\/wp-json\/wp\/v2\/users\/7"}],"replies":[{"embeddable":true,"href":"https:\/\/metropolevsech.eu\/ua\/wp-json\/wp\/v2\/comments?post=6787"}],"version-history":[{"count":7,"href":"https:\/\/metropolevsech.eu\/ua\/wp-json\/wp\/v2\/pages\/6787\/revisions"}],"predecessor-version":[{"id":16981,"href":"https:\/\/metropolevsech.eu\/ua\/wp-json\/wp\/v2\/pages\/6787\/revisions\/16981"}],"up":[{"embeddable":true,"href":"https:\/\/metropolevsech.eu\/ua\/wp-json\/wp\/v2\/pages\/16975"}],"wp:attachment":[{"href":"https:\/\/metropolevsech.eu\/ua\/wp-json\/wp\/v2\/media?parent=6787"}],"curies":[{"name":"wp","href":"https:\/\/api.w.org\/{rel}","templated":true}]}}