{"id":7069,"date":"2018-07-08T14:51:43","date_gmt":"2018-07-08T12:51:43","guid":{"rendered":"https:\/\/metropolevsech.eu\/?page_id=7069"},"modified":"2022-12-09T11:02:26","modified_gmt":"2022-12-09T10:02:26","slug":"seznam-interkulturnich-pracovniku","status":"publish","type":"page","link":"https:\/\/metropolevsech.eu\/ua\/kontakty\/seznam-interkulturnich-pracovniku\/","title":{"rendered":"\u0421\u043f\u0438\u0441\u043e\u043a \u043c\u0456\u0436\u043a\u0443\u043b\u044c\u0442\u0443\u0440\u043d\u0438\u0445 \u043f\u0440\u0430\u0446\u0456\u0432\u043d\u0438\u043a\u0456\u0432"},"content":{"rendered":"        <section class=\"ikp-wrapper js-ikp-wrapper\">\n\t\t\t\n<section class=\"ikp-filter-wrapper\">\n    <div class=\"ikp-filter-item\">\n        <label for=\"languages\">\u0412\u0438\u0431\u0435\u0440\u0456\u0442\u044c \u043c\u043e\u0432\u0443<\/label>\n        <select id=\"languages\" name=\"languages[]\" class=\"js-ikp-select js-ikp-filter-select js-ikp-filter-languages\" multiple=\"multiple\"\n                data-placeholder=\"\u0412\u0438\u0431\u0435\u0440\u0456\u0442\u044c \u043c\u043e\u0432\u0443\"\n        >\n\t\t\t\t\t\t\t                <option value=\"82\" >\n\t\t\t\t\t\u0406\u0441\u043f\u0430\u043d\u0441\u044c\u043a\u0430                <\/option>\n\t\t\t\t\t\t\t                <option value=\"45\" >\n\t\t\t\t\t\u0430\u043d\u0433\u043b\u0456\u0439\u0441\u044c\u043a\u0430                <\/option>\n\t\t\t\t\t\t\t                <option value=\"50\" >\n\t\t\t\t\t\u0430\u0440\u0430\u0431\u0441\u044c\u043a\u0430                <\/option>\n\t\t\t\t\t\t\t                <option value=\"73\" >\n\t\t\t\t\t\u0432&#039;\u0454\u0442\u043d\u0430\u043c\u0441\u044c\u043a\u0430                <\/option>\n\t\t\t\t\t\t\t                <option value=\"77\" >\n\t\t\t\t\t\u043a\u0438\u0442\u0430\u0439\u0441\u044c\u043a\u0438\u0439                <\/option>\n\t\t\t\t\t\t\t                <option value=\"61\" >\n\t\t\t\t\t\u043c\u043e\u043d\u0433\u043e\u043b\u044c\u0441\u044c\u043a\u0430                <\/option>\n\t\t\t\t\t\t\t                <option value=\"65\" >\n\t\t\t\t\t\u0440\u043e\u0441\u0456\u0439\u0441\u044c\u043a\u0438\u0439                <\/option>\n\t\t\t\t\t\t\t                <option value=\"69\" selected>\n\t\t\t\t\t\u0443\u043a\u0440\u0430\u0457\u043d\u0441\u044c\u043a\u0430                <\/option>\n\t\t\t        <\/select>\n    <\/div>\n    <div class=\"ikp-filter-item\">\n        <label for=\"companies\">\u0412\u0438\u0431\u0435\u0440\u0456\u0442\u044c \u043e\u0440\u0433\u0430\u043d\u0456\u0437\u0430\u0446\u0456\u044e<\/label>\n        <select id=\"companies\" name=\"companies[]\" class=\"js-ikp-select js-ikp-filter-select js-ikp-filter-companies\" multiple=\"multiple\"\n                data-placeholder=\"\u0412\u0438\u0431\u0435\u0440\u0456\u0442\u044c \u043e\u0440\u0433\u0430\u043d\u0456\u0437\u0430\u0446\u0456\u044e\"\n        >\n\t\t\t                <option value=\"138\">\u00ab\u041f\u0440\u0430\u0437\u044c\u043a\u0438\u0439 \u0430\u0440\u0445\u0456\u0454\u043f\u0438\u0441\u043a\u043e\u043f\u0441\u044c\u043a\u0438\u0439 \u041a\u0430\u0440\u0456\u0442\u0430\u0441\u00bb<\/option>\n\t\t\t                <option value=\"100\">\u00ab\u0406\u043d\u0411\u0430\u0437\u0435\u00bb<\/option>\n\t\t\t                <option value=\"105\">\u00ab\u0406\u043d\u0442\u0435\u0433\u0440\u0430\u0446\u0456\u0439\u043d\u0438\u0439 \u0446\u0435\u043d\u0442\u0440 \u041f\u0440\u0430\u0433\u0430\u00bb<\/option>\n\t\t\t                <option value=\"127\">\u0410\u0434\u043c\u0456\u043d\u0456\u0441\u0442\u0440\u0430\u0446\u0456\u044f \u043c\u0456\u0441\u044c\u043a\u043e\u0433\u043e \u0440\u0430\u0439\u043e\u043d\u0443 \u041f\u0440\u0430\u0433\u0430 10<\/option>\n\t\t\t                <option value=\"109\">\u0410\u0434\u043c\u0456\u043d\u0456\u0441\u0442\u0440\u0430\u0446\u0456\u044f \u043c\u0456\u0441\u044c\u043a\u043e\u0433\u043e \u0440\u0430\u0439\u043e\u043d\u0443 \u041f\u0440\u0430\u0433\u0430 11<\/option>\n\t\t\t                <option value=\"122\">\u0410\u0434\u043c\u0456\u043d\u0456\u0441\u0442\u0440\u0430\u0446\u0456\u044f \u043c\u0456\u0441\u044c\u043a\u043e\u0433\u043e \u0440\u0430\u0439\u043e\u043d\u0443 \u041f\u0440\u0430\u0433\u0430 14<\/option>\n\t\t\t                <option value=\"114\">\u00ab\u041a\u043e\u043d\u0441\u0443\u043b\u044c\u0442\u0430\u0446\u0456\u044f \u0437 \u043f\u0438\u0442\u0430\u043d\u044c \u0456\u043d\u0442\u0435\u0433\u0440\u0430\u0446\u0456\u0457\u00bb<\/option>\n\t\t\t                <option value=\"115\">\u00ab\u0410\u0441\u043e\u0446\u0456\u0430\u0446\u0456\u044f \u0437 \u043f\u0438\u0442\u0430\u043d\u044c \u0456\u043d\u0442\u0435\u0433\u0440\u0430\u0446\u0456\u0457 \u0442\u0430 \u043c\u0456\u0433\u0440\u0430\u0446\u0456\u0457\u00bb<\/option>\n\t\t\t        <\/select>\n    <\/div>\n    <div class=\"ikp-filter-item\">\n        <input type=\"search\" class=\"js-ikp-filter-search\" placeholder=\"\u0412\u0432\u0435\u0434\u0456\u0442\u044c \u0456\u043c\u2019\u044f \u043f\u0440\u0430\u0446\u0456\u0432\u043d\u0438\u043a\u0430\"\/>\n    <\/div>\n<\/section>\n\n<table class=\"ikp-person-table js-ikp-table\">\n    <thead>\n    <tr>\n        <th>\u0406\u043c\u2019\u044f \u0456 \u043f\u0440\u0456\u0437\u0432\u0438\u0449\u0435<\/th>\n        <th>\u0420\u043e\u0431\u043e\u0447\u0438\u0439 \u0447\u0430\u0441<\/th>\n        <th>\u041c\u043e\u0432\u0430<\/th>\n        <th>\u0422\u0435\u043b\u0435\u0444\u043e\u043d<\/th>\n        <th>\u0415\u043b\u0435\u043a\u0442\u0440\u043e\u043d\u043d\u0430 \u043f\u043e\u0448\u0442\u0430<\/th>\n    <\/tr>\n    <\/thead>\n    <tbody class=\"js-ikp-persons-tbody\">\n\t\n\t\t\t        <tr class=\"ikp-person-row-main js-ikp-person-row \">\n            <td><strong class=\"ikp-person-name js-ikp-person-name\">Ludmila Bobrovsk\u00e1<\/strong><\/td>\n            <td>9.00\u201317.00, \u043f\u0440\u0438\u0439\u043c\u0430\u043d\u043d\u044f \u0437\u0430\u044f\u0432\u043e\u043a<\/td>\n            <td>\n\t\t\t\t\u0440\u043e\u0441\u0456\u0439\u0441\u044c\u043a\u0438\u0439, \u0443\u043a\u0440\u0430\u0457\u043d\u0441\u044c\u043a\u0430            <\/td>\n            <td>737 280 645<\/td>\n            <td>\n\t\t\t\t                    <a href=\"mailto:integrace@praha.charita.cz\">integrace@praha.charita.cz<\/a>\n\t\t\t\t\t            <\/td>\n        <\/tr>\n        <tr class=\"ikp-person-row-companies js-ikp-person-row-companies \">\n            <td><\/td>\n            <td colspan=\"4\">\n                <section class=\"ikp-person-companies-list\">\n                    <div class=\"ikp-person-company-labels\">\n\t\t\t\t\t\t\u041e\u0440\u0433\u0430\u043d\u0456\u0437\u0430\u0446\u0456\u044f:<br\/>\n\t\t\t\t\t\t\u041a\u0435\u0440\u0456\u0432\u043d\u0438\u043a:\n                    <\/div>\n\t\t\t\t\t                        <div class=\"ikp-person-company-item\">\n                            <span class=\"company-mobile-label\">\u041e\u0440\u0433\u0430\u043d\u0456\u0437\u0430\u0446\u0456\u044f<\/span>\n                            <strong>\u00ab\u041f\u0440\u0430\u0437\u044c\u043a\u0438\u0439 \u0430\u0440\u0445\u0456\u0454\u043f\u0438\u0441\u043a\u043e\u043f\u0441\u044c\u043a\u0438\u0439 \u041a\u0430\u0440\u0456\u0442\u0430\u0441\u00bb<\/strong><br\/>\n\t\t\t\t\t\t\t                                <span class=\"company-mobile-label\">\u041a\u0435\u0440\u0456\u0432\u043d\u0438\u043a<\/span>\n                                <a href=\"mailto:integrace@praha.charita.cz\">\n\t\t\t\t\t\t\t\t\tintegrace@praha.charita.cz                                <\/a>\n\t\t\t\t\t\t\t                        <\/div>\n\t\t\t\t\t                <\/section>\n            <\/td>\n        <\/tr>\n\t\t\t        <tr class=\"ikp-person-row-main js-ikp-person-row ikp-person-row-grey\">\n            <td><strong class=\"ikp-person-name js-ikp-person-name\">Sofiia Kalash<\/strong><\/td>\n            <td>\u0437\u0430 \u0434\u043e\u043c\u043e\u0432\u043b\u0435\u043d\u0456\u0441\u0442\u044e<\/td>\n            <td>\n\t\t\t\t\u0430\u043d\u0433\u043b\u0456\u0439\u0441\u044c\u043a\u0430, \u0440\u043e\u0441\u0456\u0439\u0441\u044c\u043a\u0438\u0439, \u0443\u043a\u0440\u0430\u0457\u043d\u0441\u044c\u043a\u0430            <\/td>\n            <td>775 751 748<\/td>\n            <td>\n\t\t\t\t                    <a href=\"mailto:ukr@icpraha.com\">ukr@icpraha.com<\/a>\n\t\t\t\t\t            <\/td>\n        <\/tr>\n        <tr class=\"ikp-person-row-companies js-ikp-person-row-companies ikp-person-row-grey\">\n            <td><\/td>\n            <td colspan=\"4\">\n                <section class=\"ikp-person-companies-list\">\n                    <div class=\"ikp-person-company-labels\">\n\t\t\t\t\t\t\u041e\u0440\u0433\u0430\u043d\u0456\u0437\u0430\u0446\u0456\u044f:<br\/>\n\t\t\t\t\t\t\u041a\u0435\u0440\u0456\u0432\u043d\u0438\u043a:\n                    <\/div>\n\t\t\t\t\t                        <div class=\"ikp-person-company-item\">\n                            <span class=\"company-mobile-label\">\u041e\u0440\u0433\u0430\u043d\u0456\u0437\u0430\u0446\u0456\u044f<\/span>\n                            <strong>\u00ab\u0406\u043d\u0442\u0435\u0433\u0440\u0430\u0446\u0456\u0439\u043d\u0438\u0439 \u0446\u0435\u043d\u0442\u0440 \u041f\u0440\u0430\u0433\u0430\u00bb<\/strong><br\/>\n\t\t\t\t\t\t\t                                <span class=\"company-mobile-label\">\u041a\u0435\u0440\u0456\u0432\u043d\u0438\u043a<\/span>\n                                <a href=\"mailto:n.borovska@icpraha.com\">\n\t\t\t\t\t\t\t\t\tn.borovska@icpraha.com                                <\/a>\n\t\t\t\t\t\t\t                        <\/div>\n\t\t\t\t\t                <\/section>\n            <\/td>\n        <\/tr>\n\t\t\t        <tr class=\"ikp-person-row-main js-ikp-person-row \">\n            <td><strong class=\"ikp-person-name js-ikp-person-name\">Kateryna Puiu<\/strong><\/td>\n            <td>13:00 \u2013 17:00, \u0437\u0430 \u0434\u043e\u043c\u043e\u0432\u043b\u0435\u043d\u0456\u0441\u0442\u044e<\/td>\n            <td>\n\t\t\t\t\u0440\u043e\u0441\u0456\u0439\u0441\u044c\u043a\u0438\u0439, \u0443\u043a\u0440\u0430\u0457\u043d\u0441\u044c\u043a\u0430            <\/td>\n            <td>704 928 609<\/td>\n            <td>\n\t\t\t\t                    <a href=\"mailto:puiu@inbaze.cz\">puiu@inbaze.cz<\/a>\n\t\t\t\t\t            <\/td>\n        <\/tr>\n        <tr class=\"ikp-person-row-companies js-ikp-person-row-companies \">\n            <td><\/td>\n            <td colspan=\"4\">\n                <section class=\"ikp-person-companies-list\">\n                    <div class=\"ikp-person-company-labels\">\n\t\t\t\t\t\t\u041e\u0440\u0433\u0430\u043d\u0456\u0437\u0430\u0446\u0456\u044f:<br\/>\n\t\t\t\t\t\t\u041a\u0435\u0440\u0456\u0432\u043d\u0438\u043a:\n                    <\/div>\n\t\t\t\t\t                        <div class=\"ikp-person-company-item\">\n                            <span class=\"company-mobile-label\">\u041e\u0440\u0433\u0430\u043d\u0456\u0437\u0430\u0446\u0456\u044f<\/span>\n                            <strong>\u00ab\u0406\u043d\u0411\u0430\u0437\u0435\u00bb<\/strong><br\/>\n\t\t\t\t\t\t\t                                <span class=\"company-mobile-label\">\u041a\u0435\u0440\u0456\u0432\u043d\u0438\u043a<\/span>\n                                <a href=\"mailto:shlygina@inbaze.cz\">\n\t\t\t\t\t\t\t\t\tshlygina@inbaze.cz                                <\/a>\n\t\t\t\t\t\t\t                        <\/div>\n\t\t\t\t\t                <\/section>\n            <\/td>\n        <\/tr>\n\t\t\t        <tr class=\"ikp-person-row-main js-ikp-person-row ikp-person-row-grey\">\n            <td><strong class=\"ikp-person-name js-ikp-person-name\">Kateryna Baklanova<\/strong><\/td>\n            <td>\u0437\u0430 \u0434\u043e\u043c\u043e\u0432\u043b\u0435\u043d\u0456\u0441\u0442\u044e<\/td>\n            <td>\n\t\t\t\t\u0440\u043e\u0441\u0456\u0439\u0441\u044c\u043a\u0438\u0439, \u0443\u043a\u0440\u0430\u0457\u043d\u0441\u044c\u043a\u0430            <\/td>\n            <td>776 058 528<\/td>\n            <td>\n\t\t\t\t                    <a href=\"mailto:baklanova@migrace.com\">baklanova@migrace.com<\/a>\n\t\t\t\t\t            <\/td>\n        <\/tr>\n        <tr class=\"ikp-person-row-companies js-ikp-person-row-companies ikp-person-row-grey\">\n            <td><\/td>\n            <td colspan=\"4\">\n                <section class=\"ikp-person-companies-list\">\n                    <div class=\"ikp-person-company-labels\">\n\t\t\t\t\t\t\u041e\u0440\u0433\u0430\u043d\u0456\u0437\u0430\u0446\u0456\u044f:<br\/>\n\t\t\t\t\t\t\u041a\u0435\u0440\u0456\u0432\u043d\u0438\u043a:\n                    <\/div>\n\t\t\t\t\t                        <div class=\"ikp-person-company-item\">\n                            <span class=\"company-mobile-label\">\u041e\u0440\u0433\u0430\u043d\u0456\u0437\u0430\u0446\u0456\u044f<\/span>\n                            <strong>\u00ab\u0410\u0441\u043e\u0446\u0456\u0430\u0446\u0456\u044f \u0437 \u043f\u0438\u0442\u0430\u043d\u044c \u0456\u043d\u0442\u0435\u0433\u0440\u0430\u0446\u0456\u0457 \u0442\u0430 \u043c\u0456\u0433\u0440\u0430\u0446\u0456\u0457\u00bb<\/strong><br\/>\n\t\t\t\t\t\t\t                                <span class=\"company-mobile-label\">\u041a\u0435\u0440\u0456\u0432\u043d\u0438\u043a<\/span>\n                                <a href=\"mailto:ostranska@migrace.com\">\n\t\t\t\t\t\t\t\t\tostranska@migrace.com                                <\/a>\n\t\t\t\t\t\t\t                        <\/div>\n\t\t\t\t\t                <\/section>\n            <\/td>\n        <\/tr>\n\t\t\t        <tr class=\"ikp-person-row-main js-ikp-person-row \">\n            <td><strong class=\"ikp-person-name js-ikp-person-name\">Kateryna Khymchuk<\/strong><\/td>\n            <td>9:00 \u2013 17:00<\/td>\n            <td>\n\t\t\t\t\u0440\u043e\u0441\u0456\u0439\u0441\u044c\u043a\u0438\u0439, \u0443\u043a\u0440\u0430\u0457\u043d\u0441\u044c\u043a\u0430            <\/td>\n            <td>778 799 582<\/td>\n            <td>\n\t\t\t\t                    <a href=\"mailto:kateryna.khymchuk@p-p-i.cz\">kateryna.khymchuk@p-p-i.cz<\/a>\n\t\t\t\t\t            <\/td>\n        <\/tr>\n        <tr class=\"ikp-person-row-companies js-ikp-person-row-companies \">\n            <td><\/td>\n            <td colspan=\"4\">\n                <section class=\"ikp-person-companies-list\">\n                    <div class=\"ikp-person-company-labels\">\n\t\t\t\t\t\t\u041e\u0440\u0433\u0430\u043d\u0456\u0437\u0430\u0446\u0456\u044f:<br\/>\n\t\t\t\t\t\t\u041a\u0435\u0440\u0456\u0432\u043d\u0438\u043a:\n                    <\/div>\n\t\t\t\t\t                        <div class=\"ikp-person-company-item\">\n                            <span class=\"company-mobile-label\">\u041e\u0440\u0433\u0430\u043d\u0456\u0437\u0430\u0446\u0456\u044f<\/span>\n                            <strong>\u00ab\u041a\u043e\u043d\u0441\u0443\u043b\u044c\u0442\u0430\u0446\u0456\u044f \u0437 \u043f\u0438\u0442\u0430\u043d\u044c \u0456\u043d\u0442\u0435\u0433\u0440\u0430\u0446\u0456\u0457\u00bb<\/strong><br\/>\n\t\t\t\t\t\t\t                                <span class=\"company-mobile-label\">\u041a\u0435\u0440\u0456\u0432\u043d\u0438\u043a<\/span>\n                                <a href=\"mailto:ekaterina.kulikova@p-p-i.cz\">\n\t\t\t\t\t\t\t\t\tekaterina.kulikova@p-p-i.cz                                <\/a>\n\t\t\t\t\t\t\t                        <\/div>\n\t\t\t\t\t                <\/section>\n            <\/td>\n        <\/tr>\n\t\t\t        <tr class=\"ikp-person-row-main js-ikp-person-row ikp-person-row-grey\">\n            <td><strong class=\"ikp-person-name js-ikp-person-name\">Marianna Kuzmovy\u010dov\u00e1<\/strong><\/td>\n            <td>\u0437\u0430 \u0434\u043e\u043c\u043e\u0432\u043b\u0435\u043d\u0456\u0441\u0442\u044e<\/td>\n            <td>\n\t\t\t\t\u0440\u043e\u0441\u0456\u0439\u0441\u044c\u043a\u0438\u0439, \u0443\u043a\u0440\u0430\u0457\u043d\u0441\u044c\u043a\u0430            <\/td>\n            <td>733 785 940<\/td>\n            <td>\n\t\t\t\t                    <a href=\"mailto:kuzmovycova@inbaze.cz\">kuzmovycova@inbaze.cz<\/a>\n\t\t\t\t\t            <\/td>\n        <\/tr>\n        <tr class=\"ikp-person-row-companies js-ikp-person-row-companies ikp-person-row-grey\">\n            <td><\/td>\n            <td colspan=\"4\">\n                <section class=\"ikp-person-companies-list\">\n                    <div class=\"ikp-person-company-labels\">\n\t\t\t\t\t\t\u041e\u0440\u0433\u0430\u043d\u0456\u0437\u0430\u0446\u0456\u044f:<br\/>\n\t\t\t\t\t\t\u041a\u0435\u0440\u0456\u0432\u043d\u0438\u043a:\n                    <\/div>\n\t\t\t\t\t                        <div class=\"ikp-person-company-item\">\n                            <span class=\"company-mobile-label\">\u041e\u0440\u0433\u0430\u043d\u0456\u0437\u0430\u0446\u0456\u044f<\/span>\n                            <strong>\u00ab\u0406\u043d\u0411\u0430\u0437\u0435\u00bb<\/strong><br\/>\n\t\t\t\t\t\t\t                                <span class=\"company-mobile-label\">\u041a\u0435\u0440\u0456\u0432\u043d\u0438\u043a<\/span>\n                                <a href=\"mailto:shlygina@inbaze.cz\">\n\t\t\t\t\t\t\t\t\tshlygina@inbaze.cz                                <\/a>\n\t\t\t\t\t\t\t                        <\/div>\n\t\t\t\t\t                <\/section>\n            <\/td>\n        <\/tr>\n\t\t\t        <tr class=\"ikp-person-row-main js-ikp-person-row \">\n            <td><strong class=\"ikp-person-name js-ikp-person-name\">Maria Fillerova<\/strong><\/td>\n            <td>8:00-17:00<\/td>\n            <td>\n\t\t\t\t\u0443\u043a\u0440\u0430\u0457\u043d\u0441\u044c\u043a\u0430            <\/td>\n            <td>702 133 036<\/td>\n            <td>\n\t\t\t\t            <\/td>\n        <\/tr>\n        <tr class=\"ikp-person-row-companies js-ikp-person-row-companies \">\n            <td><\/td>\n            <td colspan=\"4\">\n                <section class=\"ikp-person-companies-list\">\n                    <div class=\"ikp-person-company-labels\">\n\t\t\t\t\t\t\u041e\u0440\u0433\u0430\u043d\u0456\u0437\u0430\u0446\u0456\u044f:<br\/>\n\t\t\t\t\t\t\u041a\u0435\u0440\u0456\u0432\u043d\u0438\u043a:\n                    <\/div>\n\t\t\t\t\t                        <div class=\"ikp-person-company-item\">\n                            <span class=\"company-mobile-label\">\u041e\u0440\u0433\u0430\u043d\u0456\u0437\u0430\u0446\u0456\u044f<\/span>\n                            <strong>\u0410\u0434\u043c\u0456\u043d\u0456\u0441\u0442\u0440\u0430\u0446\u0456\u044f \u043c\u0456\u0441\u044c\u043a\u043e\u0433\u043e \u0440\u0430\u0439\u043e\u043d\u0443 \u041f\u0440\u0430\u0433\u0430 11<\/strong><br\/>\n\t\t\t\t\t\t\t                                <span class=\"company-mobile-label\">\u041a\u0435\u0440\u0456\u0432\u043d\u0438\u043a<\/span>\n                                <a href=\"mailto:hostomskag@praha11.cz\">\n\t\t\t\t\t\t\t\t\thostomskag@praha11.cz                                <\/a>\n\t\t\t\t\t\t\t                        <\/div>\n\t\t\t\t\t                <\/section>\n            <\/td>\n        <\/tr>\n\t\t\t        <tr class=\"ikp-person-row-main js-ikp-person-row ikp-person-row-grey\">\n            <td><strong class=\"ikp-person-name js-ikp-person-name\">Sv\u011btlana Stude\u0148akov\u00e1<\/strong><\/td>\n            <td>\u0437\u0430 \u0434\u043e\u043c\u043e\u0432\u043b\u0435\u043d\u0456\u0441\u0442\u044e<\/td>\n            <td>\n\t\t\t\t\u0440\u043e\u0441\u0456\u0439\u0441\u044c\u043a\u0438\u0439, \u0443\u043a\u0440\u0430\u0457\u043d\u0441\u044c\u043a\u0430            <\/td>\n            <td>703 375 195<\/td>\n            <td>\n\t\t\t\t                    <a href=\"mailto:studenakova@inbaze.cz\">studenakova@inbaze.cz<\/a>\n\t\t\t\t\t            <\/td>\n        <\/tr>\n        <tr class=\"ikp-person-row-companies js-ikp-person-row-companies ikp-person-row-grey\">\n            <td><\/td>\n            <td colspan=\"4\">\n                <section class=\"ikp-person-companies-list\">\n                    <div class=\"ikp-person-company-labels\">\n\t\t\t\t\t\t\u041e\u0440\u0433\u0430\u043d\u0456\u0437\u0430\u0446\u0456\u044f:<br\/>\n\t\t\t\t\t\t\u041a\u0435\u0440\u0456\u0432\u043d\u0438\u043a:\n                    <\/div>\n\t\t\t\t\t                        <div class=\"ikp-person-company-item\">\n                            <span class=\"company-mobile-label\">\u041e\u0440\u0433\u0430\u043d\u0456\u0437\u0430\u0446\u0456\u044f<\/span>\n                            <strong>\u00ab\u0406\u043d\u0411\u0430\u0437\u0435\u00bb<\/strong><br\/>\n\t\t\t\t\t\t\t                                <span class=\"company-mobile-label\">\u041a\u0435\u0440\u0456\u0432\u043d\u0438\u043a<\/span>\n                                <a href=\"mailto:shlygina@inbaze.cz\">\n\t\t\t\t\t\t\t\t\tshlygina@inbaze.cz                                <\/a>\n\t\t\t\t\t\t\t                        <\/div>\n\t\t\t\t\t                <\/section>\n            <\/td>\n        <\/tr>\n\t\t\t        <tr class=\"ikp-person-row-main js-ikp-person-row \">\n            <td><strong class=\"ikp-person-name js-ikp-person-name\">Ludmila Kalyta<\/strong><\/td>\n            <td>9.00\u201317.00<\/td>\n            <td>\n\t\t\t\t\u0440\u043e\u0441\u0456\u0439\u0441\u044c\u043a\u0438\u0439, \u0443\u043a\u0440\u0430\u0457\u043d\u0441\u044c\u043a\u0430            <\/td>\n            <td>733 120 449<\/td>\n            <td>\n\t\t\t\t                    <a href=\"mailto:ludmila.kalyta@p-p-i.cz\">ludmila.kalyta@p-p-i.cz<\/a>\n\t\t\t\t\t            <\/td>\n        <\/tr>\n        <tr class=\"ikp-person-row-companies js-ikp-person-row-companies \">\n            <td><\/td>\n            <td colspan=\"4\">\n                <section class=\"ikp-person-companies-list\">\n                    <div class=\"ikp-person-company-labels\">\n\t\t\t\t\t\t\u041e\u0440\u0433\u0430\u043d\u0456\u0437\u0430\u0446\u0456\u044f:<br\/>\n\t\t\t\t\t\t\u041a\u0435\u0440\u0456\u0432\u043d\u0438\u043a:\n                    <\/div>\n\t\t\t\t\t                        <div class=\"ikp-person-company-item\">\n                            <span class=\"company-mobile-label\">\u041e\u0440\u0433\u0430\u043d\u0456\u0437\u0430\u0446\u0456\u044f<\/span>\n                            <strong>\u00ab\u041a\u043e\u043d\u0441\u0443\u043b\u044c\u0442\u0430\u0446\u0456\u044f \u0437 \u043f\u0438\u0442\u0430\u043d\u044c \u0456\u043d\u0442\u0435\u0433\u0440\u0430\u0446\u0456\u0457\u00bb<\/strong><br\/>\n\t\t\t\t\t\t\t                                <span class=\"company-mobile-label\">\u041a\u0435\u0440\u0456\u0432\u043d\u0438\u043a<\/span>\n                                <a href=\"mailto:ekaterina.kulikova@p-p-i.cz\">\n\t\t\t\t\t\t\t\t\tekaterina.kulikova@p-p-i.cz                                <\/a>\n\t\t\t\t\t\t\t                        <\/div>\n\t\t\t\t\t                <\/section>\n            <\/td>\n        <\/tr>\n\t\t\t        <tr class=\"ikp-person-row-main js-ikp-person-row ikp-person-row-grey\">\n            <td><strong class=\"ikp-person-name js-ikp-person-name\">Marta Burdiak<\/strong><\/td>\n            <td>9:00 \u2013 17:00, \u0437\u0430 \u0434\u043e\u043c\u043e\u0432\u043b\u0435\u043d\u0456\u0441\u0442\u044e<\/td>\n            <td>\n\t\t\t\t\u0440\u043e\u0441\u0456\u0439\u0441\u044c\u043a\u0438\u0439, \u0443\u043a\u0440\u0430\u0457\u043d\u0441\u044c\u043a\u0430            <\/td>\n            <td>770 616 269<\/td>\n            <td>\n\t\t\t\t                    <a href=\"mailto:ukr2@icpraha.com\">ukr2@icpraha.com<\/a>\n\t\t\t\t\t            <\/td>\n        <\/tr>\n        <tr class=\"ikp-person-row-companies js-ikp-person-row-companies ikp-person-row-grey\">\n            <td><\/td>\n            <td colspan=\"4\">\n                <section class=\"ikp-person-companies-list\">\n                    <div class=\"ikp-person-company-labels\">\n\t\t\t\t\t\t\u041e\u0440\u0433\u0430\u043d\u0456\u0437\u0430\u0446\u0456\u044f:<br\/>\n\t\t\t\t\t\t\u041a\u0435\u0440\u0456\u0432\u043d\u0438\u043a:\n                    <\/div>\n\t\t\t\t\t                        <div class=\"ikp-person-company-item\">\n                            <span class=\"company-mobile-label\">\u041e\u0440\u0433\u0430\u043d\u0456\u0437\u0430\u0446\u0456\u044f<\/span>\n                            <strong>\u00ab\u0406\u043d\u0442\u0435\u0433\u0440\u0430\u0446\u0456\u0439\u043d\u0438\u0439 \u0446\u0435\u043d\u0442\u0440 \u041f\u0440\u0430\u0433\u0430\u00bb<\/strong><br\/>\n\t\t\t\t\t\t\t                                <span class=\"company-mobile-label\">\u041a\u0435\u0440\u0456\u0432\u043d\u0438\u043a<\/span>\n                                <a href=\"mailto:n.borovska@icpraha.com\">\n\t\t\t\t\t\t\t\t\tn.borovska@icpraha.com                                <\/a>\n\t\t\t\t\t\t\t                        <\/div>\n\t\t\t\t\t                <\/section>\n            <\/td>\n        <\/tr>\n\t    <\/tbody>\n<\/table>        <\/section>\n\t\t\n","protected":false},"excerpt":{"rendered":"<a class=\"more-block\" href=\"https:\/\/metropolevsech.eu\/ua\/kontakty\/seznam-interkulturnich-pracovniku\/\">\u0427\u0438\u0442\u0430\u0442\u0438 \u0431\u0456\u043b\u044c\u0448\u0435<\/a>","protected":false},"author":7,"featured_media":0,"parent":895,"menu_order":2,"comment_status":"closed","ping_status":"closed","template":"page-without-sidebar.php","meta":[],"acf":[],"_links":{"self":[{"href":"https:\/\/metropolevsech.eu\/ua\/wp-json\/wp\/v2\/pages\/7069"}],"collection":[{"href":"https:\/\/metropolevsech.eu\/ua\/wp-json\/wp\/v2\/pages"}],"about":[{"href":"https:\/\/metropolevsech.eu\/ua\/wp-json\/wp\/v2\/types\/page"}],"author":[{"embeddable":true,"href":"https:\/\/metropolevsech.eu\/ua\/wp-json\/wp\/v2\/users\/7"}],"replies":[{"embeddable":true,"href":"https:\/\/metropolevsech.eu\/ua\/wp-json\/wp\/v2\/comments?post=7069"}],"version-history":[{"count":27,"href":"https:\/\/metropolevsech.eu\/ua\/wp-json\/wp\/v2\/pages\/7069\/revisions"}],"predecessor-version":[{"id":18208,"href":"https:\/\/metropolevsech.eu\/ua\/wp-json\/wp\/v2\/pages\/7069\/revisions\/18208"}],"up":[{"embeddable":true,"href":"https:\/\/metropolevsech.eu\/ua\/wp-json\/wp\/v2\/pages\/895"}],"wp:attachment":[{"href":"https:\/\/metropolevsech.eu\/ua\/wp-json\/wp\/v2\/media?parent=7069"}],"curies":[{"name":"wp","href":"https:\/\/api.w.org\/{rel}","templated":true}]}}