{"id":882,"date":"2017-01-15T21:14:34","date_gmt":"2017-01-15T20:14:34","guid":{"rendered":"https:\/\/metropolevsech.eu\/?page_id=882"},"modified":"2023-05-24T17:10:08","modified_gmt":"2023-05-24T15:10:08","slug":"pravo-volit-na-lokalni-urovni","status":"publish","type":"page","link":"https:\/\/metropolevsech.eu\/ua\/potrebuji-resit\/pravo-volit-na-lokalni-urovni\/","title":{"rendered":"\u0412\u0438\u0431\u043e\u0440\u0447\u0435 \u043f\u0440\u0430\u0432\u043e"},"content":{"rendered":"<p><em>\u0422\u0443\u0442 \u0432\u0438 \u0434\u0456\u0437\u043d\u0430\u0454\u0442\u0435\u0441\u044f \u043f\u0440\u043e \u0442\u0435, \u0437\u0430 \u044f\u043a\u0438\u0445 \u0443\u043c\u043e\u0432 \u043c\u043e\u0436\u043d\u0430 \u043e\u0431\u0438\u0440\u0430\u0442\u0438 \u043f\u0440\u0435\u0434\u0441\u0442\u0430\u0432\u043d\u0438\u043a\u0456\u0432 \u0434\u043e \u041f\u0430\u0440\u043b\u0430\u043c\u0435\u043d\u0442\u0443 \u0427\u0435\u0441\u044c\u043a\u043e\u0457 \u0420\u0435\u0441\u043f\u0443\u0431\u043b\u0456\u043a\u0438, \u043f\u0440\u0435\u0437\u0438\u0434\u0435\u043d\u0442\u0430 \u0430\u0431\u043e \u0447\u043b\u0435\u043d\u0456\u0432 \u043f\u0440\u0435\u0434\u0441\u0442\u0430\u0432\u043d\u0438\u0446\u044c\u043a\u043e\u0433\u043e \u043e\u0440\u0433\u0430\u043d\u0443 \u043d\u0430\u0441\u0435\u043b\u0435\u043d\u043e\u0433\u043e \u043f\u0443\u043d\u043a\u0442\u0443. \u0417\u0430\u0437\u043d\u0430\u0447\u0438\u043c\u043e \u043f\u0440\u043e \u043e\u0441\u043e\u0431\u043b\u0438\u0432\u043e\u0441\u0442\u0456 \u0432\u0438\u0431\u043e\u0440\u0456\u0432 \u0443 \u041f\u0440\u0430\u0437\u0456, \u0430 \u0442\u0430\u043a\u043e\u0436 \u0432\u0438\u0431\u043e\u0440\u0456\u0432 \u0434\u043e \u0404\u0432\u0440\u043e\u043f\u0435\u0439\u0441\u044c\u043a\u043e\u0433\u043e \u043f\u0430\u0440\u043b\u0430\u043c\u0435\u043d\u0442\u0443.<\/em><\/p>\n<h3><strong>\u0412\u0438\u0431\u043e\u0440\u0438 \u0443 \u0432\u0441\u0456\u0439 \u0427\u0435\u0445\u0456\u0457<\/strong><\/h3>\n<p>\u0423 \u0427\u0435\u0441\u044c\u043a\u0456\u0439 \u0420\u0435\u0441\u043f\u0443\u0431\u043b\u0456\u0446\u0456 \u0454 \u0432\u0438\u0431\u043e\u0440\u0438 \u0434\u043e \u041f\u0430\u043b\u0430\u0442\u0438 \u0434\u0435\u043f\u0443\u0442\u0430\u0442\u0456\u0432 (\u043d\u0438\u0436\u043d\u044f \u043f\u0430\u043b\u0430\u0442\u0430 \u041f\u0430\u0440\u043b\u0430\u043c\u0435\u043d\u0442\u0443) \u2013 \u0440\u0430\u0437 \u043d\u0430 4 \u0440\u043e\u043a\u0438, \u0434\u043e \u0421\u0435\u043d\u0430\u0442\u0443 (\u0432\u0435\u0440\u0445\u043d\u044f \u043f\u0430\u043b\u0430\u0442\u0430 \u041f\u0430\u0440\u043b\u0430\u043c\u0435\u043d\u0442\u0443) \u2013 \u0440\u0430\u0437 \u043d\u0430 6 \u0440\u043e\u043a\u0456\u0432. \u041f\u0440\u0435\u0437\u0438\u0434\u0435\u043d\u0442 \u043e\u0431\u0438\u0440\u0430\u0454\u0442\u044c\u0441\u044f \u043f\u0440\u044f\u043c\u0438\u043c\u0438 \u0432\u0438\u0431\u043e\u0440\u0430\u043c\u0438 \u0440\u0430\u0437 \u043d\u0430 5 \u0440\u043e\u043a\u0456\u0432. \u041d\u0430 \u043c\u0456\u0441\u0446\u0435\u0432\u043e\u043c\u0443 \u0440\u0456\u0432\u043d\u0456 \u0432\u0456\u0434\u0431\u0443\u0432\u0430\u044e\u0442\u044c\u0441\u044f \u0432\u0438\u0431\u043e\u0440\u0438 \u0434\u043e \u043f\u0440\u0435\u0434\u0441\u0442\u0430\u0432\u043d\u0438\u0446\u044c\u043a\u0438\u0445 \u043e\u0440\u0433\u0430\u043d\u0456\u0432 (\u0440\u0430\u0434) \u043d\u0430\u0441\u0435\u043b\u0435\u043d\u0438\u0445 \u043f\u0443\u043d\u043a\u0442\u0456\u0432. \u0423\u043c\u043e\u0432\u043e\u044e \u0434\u043b\u044f \u0443\u0447\u0430\u0441\u0442\u0456 \u0432 \u0443\u0441\u0456\u0445 \u0432\u0438\u0449\u0435\u0437\u0430\u0437\u043d\u0430\u0447\u0435\u043d\u0438\u0445 \u0432\u0438\u0431\u043e\u0440\u0430\u0445 \u0454 \u0433\u0440\u043e\u043c\u0430\u0434\u044f\u043d\u0441\u0442\u0432\u043e \u0427\u0435\u0441\u044c\u043a\u043e\u0457 \u0420\u0435\u0441\u043f\u0443\u0431\u043b\u0456\u043a\u0438 \u0442\u0430 \u0434\u043e\u0441\u044f\u0433\u043d\u0435\u043d\u043d\u044f 18-\u0440\u0456\u0447\u043d\u043e\u0433\u043e \u0432\u0456\u043a\u0443.<\/p>\n<h3><strong>\u0412\u0438\u0431\u043e\u0440\u0438 \u0432 \u041f\u0440\u0430\u0437\u0456<\/strong><\/h3>\n<p>\u0423 \u041f\u0440\u0430\u0437\u0456 \u043e\u0431\u0438\u0440\u0430\u044e\u0442\u044c \u041f\u0440\u0435\u0434\u0441\u0442\u0430\u0432\u043d\u0438\u0446\u044c\u043a\u0438\u0439 \u043e\u0440\u0433\u0430\u043d \u043c\u0456\u0441\u0442\u0430 \u041f\u0440\u0430\u0433\u0438 (\u0447\u0435\u0441\u044c\u043a\u043e\u044e \u00abZastupitelstvo hl. m. Prahy\u00bb), \u0430 \u0442\u0430\u043a\u043e\u0436 \u043f\u0440\u0435\u0434\u0441\u0442\u0430\u0432\u043d\u0438\u0446\u044c\u043a\u0456 \u043e\u0440\u0433\u0430\u043d\u0438 \u043e\u043a\u0440\u0435\u043c\u0438\u0445 \u043c\u0456\u0441\u044c\u043a\u0438\u0445 \u0440\u0430\u0439\u043e\u043d\u0456\u0432 \u041f\u0440\u0430\u0433\u0438. \u0413\u043e\u043b\u043e\u0441\u0443\u0432\u0430\u043d\u043d\u044f \u043d\u0430 \u043c\u0456\u0441\u0446\u0435\u0432\u043e\u043c\u0443 \u0440\u0456\u0432\u043d\u0456 \u043f\u0440\u043e\u0445\u043e\u0434\u0438\u0442\u044c, \u044f\u043a \u043f\u0440\u0430\u0432\u0438\u043b\u043e, \u0440\u0430\u0437 \u043d\u0430 4 \u0440\u043e\u043a\u0438. \u0423\u0447\u0430\u0441\u0442\u044c \u0443 \u0446\u0438\u0445 \u0432\u0438\u0431\u043e\u0440\u0430\u0445 \u043c\u043e\u0436\u0435 \u0432\u0437\u044f\u0442\u0438 \u0442\u0430\u043a\u043e\u0436 \u0433\u0440\u043e\u043c\u0430\u0434\u044f\u043d\u0438\u043d \u0456\u043d\u0448\u043e\u0457 \u043a\u0440\u0430\u0457\u043d\u0438-\u0447\u043b\u0435\u043d\u0430 \u0404\u0421.<\/p>\n<h3><strong>\u0412\u0438\u0431\u043e\u0440\u0438 \u0434\u043e \u0404\u0432\u0440\u043e\u043f\u0435\u0439\u0441\u044c\u043a\u043e\u0433\u043e \u043f\u0430\u0440\u043b\u0430\u043c\u0435\u043d\u0442\u0443<\/strong><\/h3>\n<p>\u0413\u0440\u043e\u043c\u0430\u0434\u044f\u043d\u0438 \u0456\u043d\u0448\u0438\u0445 \u043a\u0440\u0430\u0457\u043d-\u0447\u043b\u0435\u043d\u0456\u0432 \u0404\u0421 \u043c\u043e\u0436\u0443\u0442\u044c \u0443 \u0427\u0435\u0445\u0456\u0457 \u0433\u043e\u043b\u043e\u0441\u0443\u0432\u0430\u0442\u0438 \u0442\u0430\u043a\u043e\u0436 \u0443 \u0432\u0438\u0431\u043e\u0440\u0430\u0445 \u0434\u043e \u0404\u0432\u0440\u043e\u043f\u0435\u0439\u0441\u044c\u043a\u043e\u0433\u043e \u043f\u0430\u0440\u043b\u0430\u043c\u0435\u043d\u0442\u0443 (\u043f\u0440\u0435\u0434\u0441\u0442\u0430\u0432\u043d\u0438\u0446\u044c\u043a\u043e\u0433\u043e \u043e\u0440\u0433\u0430\u043d\u0443 \u0404\u0432\u0440\u043e\u043f\u0435\u0439\u0441\u044c\u043a\u043e\u0433\u043e \u0421\u043e\u044e\u0437\u0443), \u043a\u0443\u0434\u0438 \u043e\u0431\u0438\u0440\u0430\u044e\u0442\u044c \u0434\u0435\u043f\u0443\u0442\u0430\u0442\u0456\u0432 \u043d\u0430 5 \u0440\u043e\u043a\u0456\u0432. \u0423 \u0432\u0438\u043f\u0430\u0434\u043a\u0443 \u0432\u0438\u0431\u043e\u0440\u0456\u0432 \u0434\u043e \u0404\u0432\u0440\u043e\u043f\u0435\u0439\u0441\u044c\u043a\u043e\u0433\u043e \u043f\u0430\u0440\u043b\u0430\u043c\u0435\u043d\u0442\u0443 \u043d\u0435\u043e\u0431\u0445\u0456\u0434\u043d\u043e \u043c\u0430\u0442\u0438 \u043d\u0430 \u0434\u0435\u043d\u044c \u0432\u0438\u0431\u043e\u0440\u0456\u0432 \u0434\u043e\u0437\u0432\u0456\u043b \u043d\u0430 \u043f\u043e\u0441\u0442\u0456\u0439\u043d\u0435 \u0447\u0438 \u0442\u0438\u043c\u0447\u0430\u0441\u043e\u0432\u0435 \u043f\u0440\u043e\u0436\u0438\u0432\u0430\u043d\u043d\u044f \u0443 \u0427\u0435\u0445\u0456\u0457, \u044f\u043a\u0438\u0439 \u0434\u0456\u0454 \u0449\u043e\u043d\u0430\u0439\u043c\u0435\u043d\u0448\u0435 45 \u0434\u043d\u0456\u0432.<\/p>\n<p>\u0414\u043b\u044f \u0442\u043e\u0433\u043e, \u0449\u043e\u0431 \u0432\u0437\u044f\u0442\u0438 \u0443\u0447\u0430\u0441\u0442\u044c \u0443 \u043a\u043e\u043d\u043a\u0440\u0435\u0442\u043d\u0438\u0445 \u0432\u0438\u0431\u043e\u0440\u0430\u0445, \u0432\u0438 \u043f\u043e\u0432\u0438\u043d\u043d\u0456 \u0431\u0443\u0442\u0438 \u043f\u0440\u043e\u043f\u0438\u0441\u0430\u043d\u0456 \u043d\u0430 \u0442\u0435\u0440\u0438\u0442\u043e\u0440\u0456\u0457 \u043d\u0430\u0441\u0435\u043b\u0435\u043d\u043e\u0433\u043e \u043f\u0443\u043d\u043a\u0442\u0443, \u043a\u0440\u0430\u044e, \u0434\u0435\u0440\u0436\u0430\u0432\u0438, \u044f\u043a\u0438\u0445 \u0441\u0442\u043e\u0441\u0443\u044e\u0442\u044c\u0441\u044f \u0434\u0430\u043d\u0456 \u0432\u0438\u0431\u043e\u0440\u0438, \u0430 \u0442\u0430\u043a\u043e\u0436 \u0432\u0438 \u043c\u0430\u0454\u0442\u0435 \u0431\u0443\u0442\u0438 \u0443 \u0441\u043f\u0438\u0441\u043a\u0443 \u0432\u0438\u0431\u043e\u0440\u0446\u0456\u0432. \u0413\u0440\u043e\u043c\u0430\u0434\u044f\u043d\u0438 \u0427\u0435\u0445\u0456\u0457 \u0437\u0430\u043f\u0438\u0441\u0430\u043d\u0456 \u0443 \u043f\u043e\u0441\u0442\u0456\u0439\u043d\u043e\u043c\u0443 \u0441\u043f\u0438\u0441\u043a\u0443 \u0432\u0438\u0431\u043e\u0440\u0446\u0456\u0432 \u043d\u0430\u0441\u0435\u043b\u0435\u043d\u043e\u0433\u043e \u043f\u0443\u043d\u043a\u0442\u0443 \u0437\u0430 \u043c\u0456\u0441\u0446\u0435\u043c \u0441\u0432\u043e\u0433\u043e \u043f\u043e\u0441\u0442\u0456\u0439\u043d\u043e\u0433\u043e \u043c\u0456\u0441\u0446\u044f \u043f\u0440\u043e\u0436\u0438\u0432\u0430\u043d\u043d\u044f.<\/p>\n<p>\u042f\u043a\u0449\u043e \u0432\u0438 \u0445\u043e\u0447\u0435\u0442\u0435 \u0433\u043e\u043b\u043e\u0441\u0443\u0432\u0430\u0442\u0438 \u0432 \u0456\u043d\u0448\u043e\u043c\u0443 \u043c\u0456\u0441\u0446\u0456, \u0442\u043e\u0431\u0442\u043e \u043d\u0435 \u0437\u0430 \u0430\u0434\u0440\u0435\u0441\u043e\u044e \u0432\u0430\u0448\u043e\u0433\u043e \u043f\u043e\u0441\u0442\u0456\u0439\u043d\u043e\u0433\u043e \u043c\u0456\u0441\u0446\u044f \u043f\u0440\u043e\u0436\u0438\u0432\u0430\u043d\u043d\u044f, \u0430\u0431\u043e \u044f\u043a\u0449\u043e \u0432\u0438 \u0454 \u0437\u0430 \u043a\u043e\u0440\u0434\u043e\u043d\u043e\u043c, \u0432\u0438 \u043c\u043e\u0436\u0435\u0442\u0435 \u0443 \u043c\u0456\u0441\u0446\u0456 \u0441\u0432\u043e\u0433\u043e \u043f\u0440\u043e\u0436\u0438\u0432\u0430\u043d\u043d\u044f \u0437\u0430\u0437\u0434\u0430\u043b\u0435\u0433\u0456\u0434\u044c \u043e\u0444\u043e\u0440\u043c\u0438\u0442\u0438 \u043f\u043e\u0441\u0432\u0456\u0434\u0447\u0435\u043d\u043d\u044f \u0432\u0438\u0431\u043e\u0440\u0446\u044f (\u0447\u0435\u0441\u044c\u043a\u043e\u044e \u00abvoli\u010dsk\u00fd pr\u016fkaz\u00bb).<\/p>","protected":false},"excerpt":{"rendered":"<p>\u0422\u0443\u0442 \u0432\u0438 \u0434\u0456\u0437\u043d\u0430\u0454\u0442\u0435\u0441\u044f \u043f\u0440\u043e \u0442\u0435, \u0437\u0430 \u044f\u043a\u0438\u0445 \u0443\u043c\u043e\u0432 \u043c\u043e\u0436\u043d\u0430 \u043e\u0431\u0438\u0440\u0430\u0442\u0438 \u043f\u0440\u0435\u0434\u0441\u0442\u0430\u0432\u043d\u0438\u043a\u0456\u0432 \u0434\u043e \u041f\u0430\u0440\u043b\u0430\u043c\u0435\u043d\u0442\u0443 \u0427\u0435\u0441\u044c\u043a\u043e\u0457 \u0420\u0435\u0441\u043f\u0443\u0431\u043b\u0456\u043a\u0438, \u043f\u0440\u0435\u0437\u0438\u0434\u0435\u043d\u0442\u0430 \u0430\u0431\u043e \u0447\u043b\u0435\u043d\u0456\u0432 \u043f\u0440\u0435\u0434\u0441\u0442\u0430\u0432\u043d\u0438\u0446\u044c\u043a\u043e\u0433\u043e \u043e\u0440\u0433\u0430\u043d\u0443 \u043d\u0430\u0441\u0435\u043b\u0435\u043d\u043e\u0433\u043e \u043f\u0443\u043d\u043a\u0442\u0443. \u0417\u0430\u0437\u043d\u0430\u0447\u0438\u043c\u043e \u043f\u0440\u043e \u043e\u0441\u043e\u0431\u043b\u0438\u0432\u043e\u0441\u0442\u0456 \u0432\u0438\u0431\u043e\u0440\u0456\u0432 \u0443 \u041f\u0440\u0430\u0437\u0456, \u0430 \u0442\u0430\u043a\u043e\u0436 \u0432\u0438\u0431\u043e\u0440\u0456\u0432 \u0434\u043e \u0404\u0432\u0440\u043e\u043f\u0435\u0439\u0441\u044c\u043a\u043e\u0433\u043e \u043f\u0430\u0440\u043b\u0430\u043c\u0435\u043d\u0442\u0443. \u0412\u0438\u0431\u043e\u0440\u0438 \u0443 \u0432\u0441\u0456\u0439 \u0427\u0435\u0445\u0456\u0457 \u0423 \u0427\u0435\u0441\u044c\u043a\u0456\u0439&#8230;<\/p>\n<a class=\"more-block\" href=\"https:\/\/metropolevsech.eu\/ua\/potrebuji-resit\/pravo-volit-na-lokalni-urovni\/\">\u0427\u0438\u0442\u0430\u0442\u0438 \u0431\u0456\u043b\u044c\u0448\u0435<\/a>","protected":false},"author":7,"featured_media":9377,"parent":736,"menu_order":11,"comment_status":"closed","ping_status":"closed","template":"","meta":[],"acf":[],"_links":{"self":[{"href":"https:\/\/metropolevsech.eu\/ua\/wp-json\/wp\/v2\/pages\/882"}],"collection":[{"href":"https:\/\/metropolevsech.eu\/ua\/wp-json\/wp\/v2\/pages"}],"about":[{"href":"https:\/\/metropolevsech.eu\/ua\/wp-json\/wp\/v2\/types\/page"}],"author":[{"embeddable":true,"href":"https:\/\/metropolevsech.eu\/ua\/wp-json\/wp\/v2\/users\/7"}],"replies":[{"embeddable":true,"href":"https:\/\/metropolevsech.eu\/ua\/wp-json\/wp\/v2\/comments?post=882"}],"version-history":[{"count":3,"href":"https:\/\/metropolevsech.eu\/ua\/wp-json\/wp\/v2\/pages\/882\/revisions"}],"predecessor-version":[{"id":19083,"href":"https:\/\/metropolevsech.eu\/ua\/wp-json\/wp\/v2\/pages\/882\/revisions\/19083"}],"up":[{"embeddable":true,"href":"https:\/\/metropolevsech.eu\/ua\/wp-json\/wp\/v2\/pages\/736"}],"wp:featuredmedia":[{"embeddable":true,"href":"https:\/\/metropolevsech.eu\/ua\/wp-json\/wp\/v2\/media\/9377"}],"wp:attachment":[{"href":"https:\/\/metropolevsech.eu\/ua\/wp-json\/wp\/v2\/media?parent=882"}],"curies":[{"name":"wp","href":"https:\/\/api.w.org\/{rel}","templated":true}]}}