{"id":895,"date":"2017-01-16T10:34:34","date_gmt":"2017-01-16T09:34:34","guid":{"rendered":"https:\/\/metropolevsech.eu\/?page_id=895"},"modified":"2026-02-01T17:52:48","modified_gmt":"2026-02-01T16:52:48","slug":"kontakty","status":"publish","type":"page","link":"https:\/\/metropolevsech.eu\/ua\/kontakty\/","title":{"rendered":"\u041a\u043e\u0440\u0438\u0441\u043d\u0456 \u043a\u043e\u043d\u0442\u0430\u043a\u0442\u0438"},"content":{"rendered":"<p><\/p>\n<ul class=\"bullet\">\n<li><a href=\"\/\/metropolevsech.eu\/ua\/kontakty\/#\u041c\u0430\u0433\u0456\u0441\u0442\u0440\u0430\u0442 \u0441\u0442\u043e\u043b\u0438\u0447\u043d\u043e\u0433\u043e \u043c\u0456\u0441\u0442\u0430 \u041f\u0440\u0430\u0433\u0430\"><strong>\u041c\u0430\u0433\u0456\u0441\u0442\u0440\u0430\u0442 \u0441\u0442\u043e\u043b\u0438\u0447\u043d\u043e\u0433\u043e \u043c\u0456\u0441\u0442\u0430 \u041f\u0440\u0430\u0433\u0430<\/strong><\/a><\/li>\n<li><a href=\"\/\/metropolevsech.eu\/ua\/urady-v-praze\/jednotlive-mestske-casti\/\"><strong>\u0423\u0441\u0442\u0430\u043d\u043e\u0432\u0438 \u043c\u0456\u0441\u044c\u043a\u0438\u0445 \u0440\u0430\u0439\u043e\u043d\u0456\u0432 <\/strong><\/a><\/li>\n<li><a href=\"\/\/metropolevsech.eu\/ua\/kontakty\/#\u0406\u043d\u0442\u0435\u0433\u0440\u0430\u0446\u0456\u0439\u043d\u0438\u0439 \u0446\u0435\u043d\u0442\u0440 \u041f\u0440\u0430\u0433\u0430\"><strong>\u0406\u043d\u0442\u0435\u0433\u0440\u0430\u0446\u0456\u0439\u043d\u0438\u0439 \u0446\u0435\u043d\u0442\u0440 \u041f\u0440\u0430\u0433\u0430<\/strong><\/a><\/li>\n<li><a href=\"\/\/metropolevsech.eu\/ua\/sluzby-pro-migranty\/\"> <strong>\u041d\u0435\u0443\u0440\u044f\u0434\u043e\u0432\u0456 \u043d\u0435\u043f\u0440\u0438\u0431\u0443\u0442\u043a\u043e\u0432\u0456 \u043e\u0440\u0433\u0430\u043d\u0456\u0437\u0430\u0446\u0456\u0457 <\/strong><\/a><\/li>\n<li><a href=\"\/\/metropolevsech.eu\/ua\/sluzby-pro-migranty\/interkulturni-pracovnici-a-komunitni-tlumocnici\/\"><strong>\u041c\u0456\u0436\u043a\u0443\u043b\u044c\u0442\u0443\u0440\u043d\u0456 \u043f\u0440\u0430\u0446\u0456\u0432\u043d\u0438\u043a\u0438 \u0442\u0430 \u0441\u043e\u0446\u0456\u0430\u043b\u044c\u043d\u0456 \u0443\u0441\u043d\u0456 \u043f\u0435\u0440\u0435\u043a\u043b\u0430\u0434\u0430\u0447\u0456 <\/strong><\/a><\/li>\n<li><strong><a href=\"\/\/metropolevsech.eu\/ua\/sluzby-pro-migranty\/migrantske-a-komunitni-organizace\/\">\u041e\u0440\u0433\u0430\u043d\u0456\u0437\u0430\u0446\u0456\u0457 \u043c\u0456\u0433\u0440\u0430\u043d\u0442\u0456\u0432 \u0442\u0430 \u043d\u0430\u0446\u0456\u043e\u043d\u0430\u043b\u044c\u043d\u0438\u0445 \u043c\u0435\u043d\u0448\u0438\u043d<\/a><\/strong><\/li>\n<li><a href=\"\/\/metropolevsech.eu\/ua\/kontakty\/#\u0411\u0443\u0434\u0438\u043d\u043e\u043a \u043d\u0430\u0446\u0456\u043e\u043d\u0430\u043b\u044c\u043d\u0438\u0445 \u043c\u0435\u043d\u0448\u0438\u043d - \u041f\u0440\u0430\u0433\u0430\"><strong>\u0411\u0443\u0434\u0438\u043d\u043e\u043a \u043d\u0430\u0446\u0456\u043e\u043d\u0430\u043b\u044c\u043d\u0438\u0445 \u043c\u0435\u043d\u0448\u0438\u043d \u2013 \u041f\u0440\u0430\u0433\u0430 <\/strong><\/a><\/li>\n<li><a href=\"\/\/metropolevsech.eu\/ua\/kontakty\/#\u041c\u0456\u043d\u0456\u0441\u0442\u0435\u0440\u0441\u0442\u0432\u043e \u0432\u043d\u0443\u0442\u0440\u0456\u0448\u043d\u0456\u0445 \u0441\u043f\u0440\u0430\u0432 \u0427\u0435\u0441\u044c\u043a\u043e\u0457 \u0420\u0435\u0441\u043f\u0443\u0431\u043b\u0456\u043a\u0438 (\u041c\u0412\u0421 \u0427\u0420), \u0414\u0435\u043f\u0430\u0440\u0442\u0430\u043c\u0435\u043d\u0442 \u0437 \u043f\u0438\u0442\u0430\u043d\u044c \u043d\u0430\u0434\u0430\u043d\u043d\u044f \u043f\u0440\u0438\u0442\u0443\u043b\u043a\u0443 \u0442\u0430 \u043c\u0456\u0433\u0440\u0430\u0446\u0456\u0439\u043d\u043e\u0457 \u043f\u043e\u043b\u0456\u0442\u0438\u043a\u0438\"><strong>\u041c\u0456\u043d\u0456\u0441\u0442\u0435\u0440\u0441\u0442\u0432\u043e \u0432\u043d\u0443\u0442\u0440\u0456\u0448\u043d\u0456\u0445 \u0441\u043f\u0440\u0430\u0432 \u0427\u0435\u0441\u044c\u043a\u043e\u0457 \u0420\u0435\u0441\u043f\u0443\u0431\u043b\u0456\u043a\u0438 (\u041c\u0412\u0421 \u0427\u0420), \u0414\u0435\u043f\u0430\u0440\u0442\u0430\u043c\u0435\u043d\u0442 \u0437 \u043f\u0438\u0442\u0430\u043d\u044c \u043d\u0430\u0434\u0430\u043d\u043d\u044f \u043f\u0440\u0438\u0442\u0443\u043b\u043a\u0443 \u0442\u0430 \u043c\u0456\u0433\u0440\u0430\u0446\u0456\u0439\u043d\u043e\u0457 \u043f\u043e\u043b\u0456\u0442\u0438\u043a\u0438 <\/strong><\/a><\/li>\n<li><a href=\"\/\/metropolevsech.eu\/ua\/kontakty\/#\u041f\u043e\u043b\u0456\u0446\u0456\u044f \u0427\u0435\u0441\u044c\u043a\u043e\u0457 \u0420\u0435\u0441\u043f\u0443\u0431\u043b\u0456\u043a\u0438 \u2013 \u0421\u043b\u0443\u0436\u0431\u0430 \u043f\u043e\u043b\u0456\u0446\u0456\u0457 \u0443 \u0441\u043f\u0440\u0430\u0432\u0430\u0445 \u0456\u043d\u043e\u0437\u0435\u043c\u0446\u0456\u0432\"><strong>\u041f\u043e\u043b\u0456\u0446\u0456\u044f \u0427\u0435\u0441\u044c\u043a\u043e\u0457 \u0420\u0435\u0441\u043f\u0443\u0431\u043b\u0456\u043a\u0438 \u2013 \u0421\u043b\u0443\u0436\u0431\u0430 \u043f\u043e\u043b\u0456\u0446\u0456\u0457 \u0443 \u0441\u043f\u0440\u0430\u0432\u0430\u0445 \u0456\u043d\u043e\u0437\u0435\u043c\u0446\u0456\u0432 <\/strong><\/a><\/li>\n<\/ul>\n<p><em><div class=\"box-ok\"> \u0406\u043d\u0448\u0456 \u043a\u043e\u0440\u0438\u0441\u043d\u0456 \u043a\u043e\u043d\u0442\u0430\u043a\u0442\u0438 \u043c\u043e\u0436\u043d\u0430 \u0437\u043d\u0430\u0439\u0442\u0438 \u043d\u0430 <a href=\"\/\/www.cizinci.cz\/web\/cz\/adresar-organizaci-a-instituci\">\u0432\u0435\u0431-\u0441\u0442\u043e\u0440\u0456\u043d\u043a\u0430\u0445 \u041c\u0456\u043d\u0456\u0441\u0442\u0435\u0440\u0441\u0442\u0432\u0430 \u0432\u043d\u0443\u0442\u0440\u0456\u0448\u043d\u0456\u0445 \u0441\u043f\u0440\u0430\u0432 \u0427\u0435\u0441\u044c\u043a\u043e\u0457 \u0420\u0435\u0441\u043f\u0443\u0431\u043b\u0456\u043a\u0438<\/a><\/em>\u00a0<em style=\"line-height: 1.5;\"><\/div><\/em><\/p>\n<h3><\/h3>\n<h3><span style=\"color: #ff0000;\"><strong>\u041c\u0430\u0433<\/strong><strong>\u0456\u0441\u0442\u0440\u0430\u0442 \u0441\u0442\u043e\u043b\u0438\u0447\u043d\u043e\u0433\u043e \u043c\u0456\u0441\u0442\u0430 <\/strong><strong>\u041f\u0440\u0430\u0433\u0430<\/strong><\/span><\/h3>\n<img loading=\"lazy\" class=\"alignnone wp-image-7875 size-content-image\" src=\"\/\/metropolevsech.eu\/wp-content\/uploads\/2018\/12\/F5A9867-670x161.jpg\" alt=\"\" width=\"670\" height=\"161\" srcset=\"https:\/\/metropolevsech.eu\/wp-content\/uploads\/2018\/12\/F5A9867-670x161.jpg 670w, https:\/\/metropolevsech.eu\/wp-content\/uploads\/2018\/12\/F5A9867-300x72.jpg 300w, https:\/\/metropolevsech.eu\/wp-content\/uploads\/2018\/12\/F5A9867-768x185.jpg 768w, https:\/\/metropolevsech.eu\/wp-content\/uploads\/2018\/12\/F5A9867.jpg 1040w\" sizes=\"(max-width: 670px) 100vw, 670px\" \/>\n<h4><span style=\"color: #ff0000;\"><strong>\u0412\u0456\u0434\u0434\u0456\u043b \u043d\u0430\u0446\u0456\u043e\u043d\u0430\u043b\u044c\u043d\u0438\u0445 \u043c\u0435\u043d\u0448\u0438\u043d \u0442\u0430 \u0456\u043d\u043e\u0437\u0435\u043c\u0446\u0456\u0432<\/strong><\/span><\/h4>\n<p>\u0423 \u0440\u0430\u043c\u043a\u0430\u0445 \u041c\u0430\u0433\u0456\u0441\u0442\u0440\u0430\u0442\u0443 \u0441\u0442\u043e\u043b\u0438\u0447\u043d\u043e\u0433\u043e \u043c\u0456\u0441\u0442\u0430 \u041f\u0440\u0430\u0433\u0430 \u0441\u0444\u0435\u0440\u043e\u044e \u0456\u043d\u0442\u0435\u0433\u0440\u0430\u0446\u0456\u0457 \u043e\u043f\u0456\u043a\u0443\u0454\u0442\u044c\u0441\u044f \u0432\u0456\u0434\u0434\u0456\u043b \u043d\u0430\u0446\u0456\u043e\u043d\u0430\u043b\u044c\u043d\u0438\u0445 \u043c\u0435\u043d\u0448\u0438\u043d \u0442\u0430 \u0456\u043d\u043e\u0437\u0435\u043c\u0446\u0456\u0432, \u044f\u043a\u0435 \u0432\u0445\u043e\u0434\u0438\u0442\u044c \u0434\u043e \u0441\u043a\u043b\u0430\u0434\u0443 \u0434\u0435\u043f\u0430\u0440\u0442\u0430\u043c\u0435\u043d\u0442\u0443 \u00ab\u041a\u0430\u043d\u0446\u0435\u043b\u044f\u0440\u0456\u044f \u0434\u0438\u0440\u0435\u043a\u0442\u043e\u0440\u0430 \u041c\u0430\u0433\u0456\u0441\u0442\u0440\u0430\u0442\u0443\u00bb.<\/p>\n<h4><span style=\"color: #ff0000;\"><strong>\u041a\u043e\u043d\u0442\u0430\u043a\u0442\u0438:<\/strong><\/span><\/h4>\n<p><strong>\u0412\u0456\u0434\u0434\u0456\u043b \u00ab\u041a\u0430\u043d\u0446\u0435\u043b\u044f\u0440\u0456\u044f \u0434\u0438\u0440\u0435\u043a\u0442\u043e\u0440\u0430 \u041c\u0430\u0433\u0456\u0441\u0442\u0440\u0430\u0442\u0443\u00bb &#8211; \u0432\u0456\u0434\u0434\u0456\u043b \u043d\u0430\u0446\u0456\u043e\u043d\u0430\u043b\u044c\u043d\u0438\u0445 \u043c\u0435\u043d\u0448\u0438\u043d \u0442\u0430 \u0456\u043d\u043e\u0437\u0435\u043c\u0446\u0456\u0432<\/strong><\/p>\n<p>\u042e\u043d\u0491\u043c\u0430\u043d\u043d\u043e\u0432\u0430 335\/29, 110 00 \u041f\u0440\u0430\u0433\u0430 1<\/p>\n<p>E-mail: <a href=\"mailto:integrace@praha.eu\">integrace@praha.eu<\/a><\/p>\n<p>\u0412\u0435\u0431-\u0441\u0442\u043e\u0440\u0456\u043d\u043a\u0430: <a href=\"\/\/www.praha.eu\/jnp\/cz\/o_meste\/magistrat\/odbory\/index.html?departmentId=1123\">www.praha.eu<\/a><\/p>\n<p>\u0412\u0456\u0434\u0434\u0456\u043b \u043a\u043e\u043e\u0440\u0434\u0438\u043d\u0443\u0454 \u043f\u0440\u043e\u0432\u0435\u0434\u0435\u043d\u043d\u044f \u0440\u0456\u0437\u043d\u043e\u043c\u0430\u043d\u0456\u0442\u043d\u0438\u0445 \u0430\u043a\u0446\u0456\u0439 \u0456 \u0432\u0436\u0438\u0442\u0442\u044f \u0437\u0430\u0445\u043e\u0434\u0456\u0432, \u043f\u043e\u0432&#8217;\u044f\u0437\u0430\u043d\u0438\u0445 \u0437\u0456 \u0441\u0444\u0435\u0440\u043e\u044e \u0456\u043d\u0442\u0435\u0433\u0440\u0430\u0446\u0456\u0457 \u0456\u043d\u043e\u0437\u0435\u043c\u0446\u0456\u0432, \u044f\u043a\u0456 \u043f\u0435\u0440\u0435\u0434\u0431\u0430\u0447\u0435\u043d\u0456 \u0432 \u041a\u043e\u043d\u0446\u0435\u043f\u0446\u0456\u0457 \u0441\u0442\u043e\u043b\u0438\u0447\u043d\u043e\u0433\u043e \u043c\u0456\u0441\u0442\u0430 \u041f\u0440\u0430\u0433\u0430 \u0443 \u0441\u0444\u0435\u0440\u0456 \u0456\u043d\u0442\u0435\u0433\u0440\u0430\u0446\u0456\u0457 \u0456\u043d\u043e\u0437\u0435\u043c\u0446\u0456\u0432. \u0412\u0456\u043d \u0441\u043f\u0456\u0432\u043f\u0440\u0430\u0446\u044e\u0454 \u0437 \u043e\u043a\u0440\u0435\u043c\u0438\u043c\u0438 \u043f\u0456\u0434\u0440\u043e\u0437\u0434\u0456\u043b\u0430\u043c\u0438 \u041c\u0430\u0433\u0456\u0441\u0442\u0440\u0430\u0442\u0443, \u0437\u0430\u0431\u0435\u0437\u043f\u0435\u0447\u0443\u0454 \u0437\u0432&#8217;\u044f\u0437\u043e\u043a \u0442\u0430 \u0441\u043f\u0456\u0432\u043f\u0440\u0430\u0446\u044e \u0437 \u0443\u0441\u0442\u0430\u043d\u043e\u0432\u0430\u043c\u0438, \u0430\u0434\u043c\u0456\u043d\u0456\u0441\u0442\u0440\u0430\u0446\u0456\u044f\u043c\u0438 \u043e\u043a\u0440\u0435\u043c\u0438\u0445 \u043c\u0456\u0441\u044c\u043a\u0438\u0445 \u0440\u0430\u0439\u043e\u043d\u0456\u0432, \u043d\u0435\u043f\u0440\u0438\u0431\u0443\u0442\u043a\u043e\u0432\u0438\u043c\u0438 \u043e\u0440\u0433\u0430\u043d\u0456\u0437\u0430\u0446\u0456\u044f\u043c\u0438 \u0442\u0430 \u0456\u043d\u0448\u0438\u043c\u0438 \u043e\u0440\u0433\u0430\u043d\u0456\u0437\u0430\u0446\u0456\u044f\u043c\u0438, \u0449\u043e \u043f\u0440\u0430\u0446\u044e\u044e\u0442\u044c \u0443 \u0446\u0456\u0439 \u0441\u0444\u0435\u0440\u0456.<strong>\u00a0<\/strong><\/p>\n<h3><\/h3>\n<p>&nbsp;<\/p>\n<h3><span style=\"color: #ff0000;\"><strong>\u0406\u043d\u0442\u0435\u0433\u0440\u0430\u0446\u0456\u0439\u043d\u0438\u0439 \u0446\u0435\u043d\u0442\u0440 \u041f\u0440\u0430\u0433\u0430<\/strong><\/span><\/h3>\n<img loading=\"lazy\" class=\"alignnone wp-image-9225 size-content-image\" src=\"\/\/metropolevsech.eu\/wp-content\/uploads\/2019\/04\/integra\u010dn\u00ed-centrum-Praha-670x503.jpg\" alt=\"\" width=\"670\" height=\"503\" srcset=\"https:\/\/metropolevsech.eu\/wp-content\/uploads\/2019\/04\/integra\u010dn\u00ed-centrum-Praha-670x503.jpg 670w, https:\/\/metropolevsech.eu\/wp-content\/uploads\/2019\/04\/integra\u010dn\u00ed-centrum-Praha-300x225.jpg 300w, https:\/\/metropolevsech.eu\/wp-content\/uploads\/2019\/04\/integra\u010dn\u00ed-centrum-Praha-768x576.jpg 768w, https:\/\/metropolevsech.eu\/wp-content\/uploads\/2019\/04\/integra\u010dn\u00ed-centrum-Praha.jpg 960w\" sizes=\"(max-width: 670px) 100vw, 670px\" \/>\n<img loading=\"lazy\" class=\"size-medium wp-image-7504 alignleft\" src=\"\/\/metropolevsech.eu\/wp-content\/uploads\/2018\/09\/ICP-logo-aktual-mal\u00e9-300x205.png\" alt=\"\" width=\"300\" height=\"205\" \/>\n<p>\u042f\u043a\u0449\u043e \u0412\u0438 \u2013 \u043c\u0456\u0433\u0440\u0430\u043d\u0442 \u0430\u0431\u043e \u043c\u0456\u0433\u0440\u0430\u043d\u0442\u043a\u0430, \u043f\u0440\u043e\u0436\u0438\u0432\u0430\u0454\u0442\u0435 \u0443 \u0441\u0442\u043e\u043b\u0438\u0447\u043d\u043e\u043c\u0443 \u043c\u0456\u0441\u0442\u0456 \u041f\u0440\u0430\u0433\u0430 \u0442\u0430 \u043f\u043e\u0442\u0440\u0435\u0431\u0443\u0454\u0442\u0435 \u043f\u043e\u0440\u0430\u0434\u0438, \u0448\u0443\u043a\u0430\u0454\u0442\u0435 \u043a\u0443\u0440\u0441\u0438 \u0437 \u0447\u0435\u0441\u044c\u043a\u043e\u0457 \u043c\u043e\u0432\u0438 \u0430\u0431\u043e \u0456\u043d\u0448\u0438\u0439 \u0442\u0438\u043f \u043a\u0443\u0440\u0441\u0456\u0432, \u0445\u043e\u0447\u0435\u0442\u0435 \u0432\u0437\u044f\u0442\u0438 \u0443\u0447\u0430\u0441\u0442\u044c \u0443 \u0433\u0440\u043e\u043c\u0430\u0434\u0441\u044c\u043a\u0456\u0439 \u0434\u0456\u044f\u043b\u044c\u043d\u043e\u0441\u0442\u0456 \u0447\u0438 \u043f\u043e\u0442\u0440\u0430\u043f\u0438\u0442\u0438 \u043d\u0430 \u043e\u0434\u0438\u043d \u0456\u0437 \u043a\u0443\u043b\u044c\u0442\u0443\u0440\u043d\u0438\u0445, \u0433\u0440\u043e\u043c\u0430\u0434\u0441\u044c\u043a\u0438\u0445 \u0447\u0438 \u0441\u043f\u043e\u0440\u0442\u0438\u0432\u043d\u0438\u0445 \u0437\u0430\u0445\u043e\u0434\u0456\u0432, \u0437\u0432&#8217;\u044f\u0436\u0456\u0442\u044c\u0441\u044f \u0437 \u043e\u0440\u0433\u0430\u043d\u0456\u0437\u0430\u0446\u0456\u0454\u044e \u0441\u0443\u0441\u043f\u0456\u043b\u044c\u043d\u043e \u043a\u043e\u0440\u0438\u0441\u043d\u043e\u0457 \u0434\u0456\u0457 \u00ab\u0406\u043d\u0442\u0435\u0433\u0440\u0430\u0446\u0456\u0439\u043d\u0438\u0439 \u0446\u0435\u043d\u0442\u0440 \u041f\u0440\u0430\u0433\u0430\u00bb.<\/p>\n<p><strong><u><a href=\"\/\/www.icpraha.com\/uk\/\">\u0406\u043d\u0442\u0435\u0433\u0440\u0430\u0446\u0456\u0439\u043d\u0438\u0439 \u0446\u0435\u043d\u0442\u0440 \u041f\u0440\u0430\u0433\u0430<\/a><\/u><\/strong> \u0431\u0443\u0432 \u0437\u0430\u0441\u043d\u043e\u0432\u0430\u043d\u0438\u0439 \u0441\u0442\u043e\u043b\u0438\u0447\u043d\u0438\u043c \u043c\u0456\u0441\u0442\u043e\u043c \u041f\u0440\u0430\u0433\u0430 \u0437 \u043c\u0435\u0442\u043e\u044e \u043a\u043e\u043c\u043f\u043b\u0435\u043a\u0441\u043d\u043e\u0457 \u0442\u0430 \u0441\u0438\u0441\u0442\u0435\u043c\u0430\u0442\u0438\u0447\u043d\u043e\u0457 \u0440\u043e\u0431\u043e\u0442\u0438 \u0437 \u0456\u043d\u0442\u0435\u0433\u0440\u0430\u0446\u0456\u0457 \u043c\u0456\u0433\u0440\u0430\u043d\u0442\u0456\u0432. \u0406\u043d\u0442\u0435\u0433\u0440\u0430\u0446\u0456\u0439\u043d\u0438\u0439 \u0446\u0435\u043d\u0442\u0440 \u041f\u0440\u0430\u0433\u0430 \u043f\u0440\u0430\u0446\u044e\u0454 \u043f\u0456\u0434 \u0433\u0430\u0441\u043b\u043e\u043c \u00ab\u041c\u0435\u0442\u0440\u043e\u043f\u043e\u043b\u0456\u044f \u0432\u0441\u0456\u0445\u00bb. \u0426\u0435 \u043a\u0440\u0430\u0441\u043d\u043e\u043c\u043e\u0432\u043d\u043e \u0441\u0432\u0456\u0434\u0447\u0438\u0442\u044c \u043f\u0440\u043e \u043e\u0434\u043d\u0443 \u0456\u0437 \u0433\u043e\u043b\u043e\u0432\u043d\u0438\u0445 \u0446\u0456\u043b\u0435\u0439 \u2013 \u0441\u0442\u0432\u043e\u0440\u0438\u0442\u0438 \u0442\u0430\u043a\u0456 \u0443\u043c\u043e\u0432\u0438 \u0443 \u0441\u0442\u043e\u043b\u0438\u0447\u043d\u043e\u043c\u0443 \u043c\u0456\u0441\u0442\u0456 \u041f\u0440\u0430\u0433\u0430, \u044f\u043a\u0456 \u0437\u0430\u0431\u0435\u0437\u043f\u0435\u0447\u0430\u0442\u044c \u043c\u0456\u0433\u0440\u0430\u043d\u0442\u0430\u043c \u0432\u0456\u0434\u0447\u0443\u0442\u0442\u044f \u0442\u043e\u0433\u043e, \u0449\u043e \u0432\u043e\u043d\u0438 \u2013 \u0441\u043f\u0440\u0430\u0432\u0436\u043d\u0456 \u043f\u043e\u0432\u043d\u043e\u0446\u0456\u043d\u043d\u0456 \u0433\u0440\u043e\u043c\u0430\u0434\u044f\u043d\u0438 \u043d\u0430\u0448\u043e\u0457 \u0441\u0442\u043e\u043b\u0438\u0446\u0456, \u0456 \u0442\u0430\u043a\u043e\u0436 \u0431\u0435\u0440\u0443\u0442\u044c \u0443\u0447\u0430\u0441\u0442\u044c \u0443 \u0433\u0440\u043e\u043c\u0430\u0434\u0441\u044c\u043a\u043e\u043c\u0443 \u0436\u0438\u0442\u0442\u0456 \u043c\u0456\u0441\u0442\u0430.<\/p>\n<h4><span style=\"color: #ff0000;\"><strong>\u041a\u043e\u043d\u0442\u0430\u043a\u0442\u0438:<\/strong><\/span><\/h4>\n<p>\u0416\u0456\u0442\u043d\u0430 1574\/51, 110 00 \u041f\u0440\u0430\u0433\u0430 1<\/p>\n<p>\u0422\u0435\u043b.: +420 252 543 846<\/p>\n<p>E-mail:\u00a0<a href=\"mailto:info@icpraha.com\">info@icpraha.com<\/a><\/p>\n<p><a href=\"\/\/www.icpraha.com\/\">www.icpraha.com<\/a><\/p>\n<h3><\/h3>\n<p>&nbsp;<\/p>\n<h3><span style=\"color: #ff0000;\"><strong>\u0411\u0443\u0434\u0438\u043d\u043e\u043a \u043d\u0430\u0446\u0456\u043e\u043d\u0430\u043b\u044c\u043d\u0438\u0445 \u043c\u0435\u043d\u0448\u0438\u043d \u2013 \u041f\u0440\u0430\u0433\u0430<\/strong><\/span><\/h3>\n<img loading=\"lazy\" class=\"alignnone wp-image-9226 size-content-image\" src=\"\/\/metropolevsech.eu\/wp-content\/uploads\/2019\/04\/d\u016fm-n\u00e1rodnostn\u00edch-men\u0161in-foto-z-jejich-webu-670x268.jpg\" alt=\"\" width=\"670\" height=\"268\" srcset=\"https:\/\/metropolevsech.eu\/wp-content\/uploads\/2019\/04\/d\u016fm-n\u00e1rodnostn\u00edch-men\u0161in-foto-z-jejich-webu-670x268.jpg 670w, https:\/\/metropolevsech.eu\/wp-content\/uploads\/2019\/04\/d\u016fm-n\u00e1rodnostn\u00edch-men\u0161in-foto-z-jejich-webu-300x120.jpg 300w, https:\/\/metropolevsech.eu\/wp-content\/uploads\/2019\/04\/d\u016fm-n\u00e1rodnostn\u00edch-men\u0161in-foto-z-jejich-webu.jpg 750w\" sizes=\"(max-width: 670px) 100vw, 670px\" \/>\n<p>\u0410\u0434\u0440\u0435\u0441\u0430: \u0412\u043e\u0446\u0435\u043b\u043e\u0432\u0430 602\/3, 120 00 \u041f\u0440\u0430\u0433\u0430 2<\/p>\n<p>\u0422\u0435\u043b .: +420 221 419 800<\/p>\n<p><a href=\"\/\/www.dnm-praha.eu\/\">\/\/www.dnm-praha.eu<\/a><\/p>\n<h3><\/h3>\n<p>&nbsp;<\/p>\n<h3><span style=\"color: #ff0000;\"><strong>\u041c\u0456\u043d\u0456\u0441\u0442\u0435\u0440\u0441\u0442\u0432\u043e \u0432\u043d\u0443\u0442\u0440\u0456\u0448\u043d\u0456\u0445 \u0441\u043f\u0440\u0430\u0432 \u0427\u0435\u0441\u044c\u043a\u043e\u0457 \u0420\u0435\u0441\u043f\u0443\u0431\u043b\u0456\u043a\u0438 (\u041c\u0412\u0421 \u0427\u0420), \u0414\u0435\u043f\u0430\u0440\u0442\u0430\u043c\u0435\u043d\u0442 \u0437 \u043f\u0438\u0442\u0430\u043d\u044c \u043d\u0430\u0434\u0430\u043d\u043d\u044f \u043f\u0440\u0438\u0442\u0443\u043b\u043a\u0443 \u0442\u0430 \u043c\u0456\u0433\u0440\u0430\u0446\u0456\u0439\u043d\u043e\u0457 \u043f\u043e\u043b\u0456\u0442\u0438\u043a\u0438 (OAMP)<\/strong><\/span><\/h3>\n<img loading=\"lazy\" class=\"alignnone size-medium wp-image-7443\" src=\"\/\/metropolevsech.eu\/wp-content\/uploads\/2018\/09\/logo-ministerstvo-vnitra-300x85.jpg\" alt=\"\" width=\"300\" height=\"85\" srcset=\"https:\/\/metropolevsech.eu\/wp-content\/uploads\/2018\/09\/logo-ministerstvo-vnitra-300x85.jpg 300w, https:\/\/metropolevsech.eu\/wp-content\/uploads\/2018\/09\/logo-ministerstvo-vnitra-768x217.jpg 768w, https:\/\/metropolevsech.eu\/wp-content\/uploads\/2018\/09\/logo-ministerstvo-vnitra-670x189.jpg 670w, https:\/\/metropolevsech.eu\/wp-content\/uploads\/2018\/09\/logo-ministerstvo-vnitra.jpg 1000w\" sizes=\"(max-width: 300px) 100vw, 300px\" \/>\n<p>\u041d\u0430\u0434 \u0428\u0442\u043e\u043b\u043e\u0443 3, 170 34 \u041f\u0440\u0430\u0433\u0430 7 (\u043f\u043e\u0448\u0442\u043e\u0432\u0430 \u0441\u043a\u0440\u0438\u043d\u044c\u043a\u0430 21)<\/p>\n<p>\u0415\u043b\u0435\u043a\u0442\u0440\u043e\u043d\u043d\u0430 \u043f\u043e\u0448\u0442\u0430: <a href=\"mailto:opu@mvcr.cz\">opu@mvcr.cz<\/a><\/p>\n<p>\u0415\u043b\u0435\u043a\u0442\u0440\u043e\u043d\u043d\u0430 \u043f\u043e\u0448\u0442\u0430: <a href=\"mailto:pobyty@mvcr.cz\">pobyty@mvcr.cz<\/a> (\u0437\u0430\u0433\u0430\u043b\u044c\u043d\u0430 \u0456\u043d\u0444\u043e\u0440\u043c\u0430\u0446\u0456\u0439\u043d\u0430 \u043b\u0456\u043d\u0456\u044f)<\/p>\n<p>\u0422\u0435\u043b\u0435\u0444\u043e\u043d: (\u043f\u043d-\u0447\u0442, 8.00-16.00, \u043f\u0442 9.00-12.00): 974 801 801 (\u0437\u0430\u0433\u0430\u043b\u044c\u043d\u0430 \u0456\u043d\u0444\u043e\u0440\u043c\u0430\u0446\u0456\u0439\u043d\u0430 \u043b\u0456\u043d\u0456\u044f)<\/p>\n<p><a href=\"\/\/translate.googleusercontent.com\/translate_c?depth=1&amp;hl=cs&amp;ie=UTF8&amp;prev=_t&amp;rurl=translate.google.com&amp;sl=cs&amp;sp=nmt4&amp;tl=uk&amp;u=\/\/www.mvcr.cz\/&amp;xid=25657,15700022,15700105,15700124,15700149,15700168,15700186,15700201&amp;usg=ALkJrhhHqyRSQJ9S8o4_M80NNrXKiz-Fzg\">\/\/www.mvcr.cz\/<\/a><\/p>\n<p>\u041a\u043e\u043d\u0442\u0430\u043a\u0442\u0438 \u043f\u0440\u043e \u043e\u043a\u0440\u0435\u043c\u0456 \u0440\u0435\u0433\u0456\u043e\u043d\u0430\u043b\u044c\u043d\u0456 \u0432\u0456\u0434\u0434\u0456\u043b\u0435\u043d\u043d\u044f \u0414\u0435\u043f\u0430\u0440\u0442\u0430\u043c\u0435\u043d\u0442\u0443 \u043f\u0440\u0438\u0442\u0443\u043b\u043a\u0443 \u0442\u0430 \u043c\u0456\u0433\u0440\u0430\u0446\u0456\u0439\u043d\u043e\u0457 \u043f\u043e\u043b\u0456\u0442\u0438\u043a\u0438 \u041c\u0456\u043d\u0456\u0441\u0442\u0435\u0440\u0441\u0442\u0432\u0430 \u0432\u043d\u0443\u0442\u0440\u0456\u0448\u043d\u0456\u0445 \u0441\u043f\u0440\u0430\u0432 \u043c\u043e\u0436\u043d\u0430 \u0437\u043d\u0430\u0439\u0442\u0438 <a href=\"\/\/www.mvcr.cz\/clanek\/sluzby-pro-verejnost-informace-pro-cizince-kontakty.aspx\">\u0442\u0443\u0442<\/a>.<\/p>\n<h3><\/h3>\n<p>&nbsp;<\/p>\n<h3><span style=\"color: #ff0000;\"><strong>\u041f\u043e\u043b\u0456\u0446\u0456\u044f \u0427\u0435\u0441\u044c\u043a\u043e\u0457 \u0420\u0435\u0441\u043f\u0443\u0431\u043b\u0456\u043a\u0438 \u2013 \u0421\u043b\u0443\u0436\u0431\u0430 \u043f\u043e\u043b\u0456\u0446\u0456\u0457 \u0443 \u0441\u043f\u0440\u0430\u0432\u0430\u0445 \u0456\u043d\u043e\u0437\u0435\u043c\u0446\u0456\u0432<\/strong><\/span><\/h3>\n<p>\u041e\u043b\u0448\u0430\u043d\u0441\u044c\u043a\u0430 2, 130 51 \u041f\u0440\u0430\u0433\u0430 3 (\u043f\u043e\u0448\u0442\u043e\u0432\u0430 \u0441\u043a\u0440\u0438\u043d\u044c\u043a\u0430 78)<\/p>\n<p>\u0422\u0435\u043b: +420 974 841 219 \u2013 \u0421\u0435\u043a\u0440\u0435\u0442\u0430\u0440\u0456\u0430\u0442 \u0434\u0438\u0440\u0435\u043a\u0442\u043e\u0440\u0430, \u0444\u0430\u043a\u0441: +420 974 841 093<\/p>\n<p>\u0415\u043b\u0435\u043a\u0442\u0440\u043e\u043d\u043d\u0430 \u043f\u043e\u0448\u0442\u0430: <a href=\"mailto:pp.rscp.sekretariat@pcr.cz\">pp.rscp.sekretariat@pcr.cz<\/a><\/p>\n<p>\u0415\u043b\u0435\u043a\u0442\u0440\u043e\u043d\u043d\u0430 \u043f\u0440\u0438\u0439\u043c\u0430\u043b\u044c\u043d\u0430 (\u0434\u043b\u044f \u043f\u043e\u0434\u0430\u043d\u043d\u044f \u0434\u043e\u043a\u0443\u043c\u0435\u043d\u0442\u0456\u0432 \u0437 \u0435\u043b\u0435\u043a\u0442\u0440\u043e\u043d\u043d\u0438\u043c \u043f\u0456\u0434\u043f\u0438\u0441\u043e\u043c): <a href=\"mailto:epodatelna.policie@pcr.cz\">epodatelna.policie@pcr.cz<\/a><\/p>\n<p><a href=\"\/\/www.policie.cz\/sluzba-cizinecke-policie.aspx\">\/\/www.policie.cz\/sluzba-cizinecke-policie.aspx<\/a><\/p>\n<p>\u041a\u043e\u043d\u0442\u0430\u043a\u0442\u0438 \u043e\u043a\u0440\u0435\u043c\u0438\u0445 \u0440\u0435\u0433\u0456\u043e\u043d\u0430\u043b\u044c\u043d\u0438\u0445 \u043f\u0456\u0434\u0440\u043e\u0437\u0434\u0456\u043b\u0456\u0432 \u041f\u043e\u043b\u0456\u0446\u0456\u0457 \u0443 \u0441\u043f\u0440\u0430\u0432\u0430\u0445 \u0456\u043d\u043e\u0437\u0435\u043c\u0446\u0456\u0432 \u0437\u043d\u0430\u0439\u0434\u0435\u0442\u0435 <a href=\"\/\/www.policie.cz\/clanek\/oddeleni-pobytovych-agend.aspx\">\u0442\u0443\u0442<\/a>.<\/p>","protected":false},"excerpt":{"rendered":"<p>\u041c\u0430\u0433\u0456\u0441\u0442\u0440\u0430\u0442 \u0441\u0442\u043e\u043b\u0438\u0447\u043d\u043e\u0433\u043e \u043c\u0456\u0441\u0442\u0430 \u041f\u0440\u0430\u0433\u0430 \u0423\u0441\u0442\u0430\u043d\u043e\u0432\u0438 \u043c\u0456\u0441\u044c\u043a\u0438\u0445 \u0440\u0430\u0439\u043e\u043d\u0456\u0432 \u0406\u043d\u0442\u0435\u0433\u0440\u0430\u0446\u0456\u0439\u043d\u0438\u0439 \u0446\u0435\u043d\u0442\u0440 \u041f\u0440\u0430\u0433\u0430 \u041d\u0435\u0443\u0440\u044f\u0434\u043e\u0432\u0456 \u043d\u0435\u043f\u0440\u0438\u0431\u0443\u0442\u043a\u043e\u0432\u0456 \u043e\u0440\u0433\u0430\u043d\u0456\u0437\u0430\u0446\u0456\u0457 \u041c\u0456\u0436\u043a\u0443\u043b\u044c\u0442\u0443\u0440\u043d\u0456 \u043f\u0440\u0430\u0446\u0456\u0432\u043d\u0438\u043a\u0438 \u0442\u0430 \u0441\u043e\u0446\u0456\u0430\u043b\u044c\u043d\u0456 \u0443\u0441\u043d\u0456 \u043f\u0435\u0440\u0435\u043a\u043b\u0430\u0434\u0430\u0447\u0456 \u041e\u0440\u0433\u0430\u043d\u0456\u0437\u0430\u0446\u0456\u0457 \u043c\u0456\u0433\u0440\u0430\u043d\u0442\u0456\u0432 \u0442\u0430 \u043d\u0430\u0446\u0456\u043e\u043d\u0430\u043b\u044c\u043d\u0438\u0445 \u043c\u0435\u043d\u0448\u0438\u043d \u0411\u0443\u0434\u0438\u043d\u043e\u043a \u043d\u0430\u0446\u0456\u043e\u043d\u0430\u043b\u044c\u043d\u0438\u0445 \u043c\u0435\u043d\u0448\u0438\u043d \u2013 \u041f\u0440\u0430\u0433\u0430 \u041c\u0456\u043d\u0456\u0441\u0442\u0435\u0440\u0441\u0442\u0432\u043e \u0432\u043d\u0443\u0442\u0440\u0456\u0448\u043d\u0456\u0445 \u0441\u043f\u0440\u0430\u0432 \u0427\u0435\u0441\u044c\u043a\u043e\u0457 \u0420\u0435\u0441\u043f\u0443\u0431\u043b\u0456\u043a\u0438 (\u041c\u0412\u0421 \u0427\u0420), \u0414\u0435\u043f\u0430\u0440\u0442\u0430\u043c\u0435\u043d\u0442 \u0437 \u043f\u0438\u0442\u0430\u043d\u044c \u043d\u0430\u0434\u0430\u043d\u043d\u044f&#8230;<\/p>\n<a class=\"more-block\" href=\"https:\/\/metropolevsech.eu\/ua\/kontakty\/\">\u0427\u0438\u0442\u0430\u0442\u0438 \u0431\u0456\u043b\u044c\u0448\u0435<\/a>","protected":false},"author":7,"featured_media":3600,"parent":0,"menu_order":7,"comment_status":"closed","ping_status":"closed","template":"","meta":[],"acf":[],"_links":{"self":[{"href":"https:\/\/metropolevsech.eu\/ua\/wp-json\/wp\/v2\/pages\/895"}],"collection":[{"href":"https:\/\/metropolevsech.eu\/ua\/wp-json\/wp\/v2\/pages"}],"about":[{"href":"https:\/\/metropolevsech.eu\/ua\/wp-json\/wp\/v2\/types\/page"}],"author":[{"embeddable":true,"href":"https:\/\/metropolevsech.eu\/ua\/wp-json\/wp\/v2\/users\/7"}],"replies":[{"embeddable":true,"href":"https:\/\/metropolevsech.eu\/ua\/wp-json\/wp\/v2\/comments?post=895"}],"version-history":[{"count":6,"href":"https:\/\/metropolevsech.eu\/ua\/wp-json\/wp\/v2\/pages\/895\/revisions"}],"predecessor-version":[{"id":24836,"href":"https:\/\/metropolevsech.eu\/ua\/wp-json\/wp\/v2\/pages\/895\/revisions\/24836"}],"wp:featuredmedia":[{"embeddable":true,"href":"https:\/\/metropolevsech.eu\/ua\/wp-json\/wp\/v2\/media\/3600"}],"wp:attachment":[{"href":"https:\/\/metropolevsech.eu\/ua\/wp-json\/wp\/v2\/media?parent=895"}],"curies":[{"name":"wp","href":"https:\/\/api.w.org\/{rel}","templated":true}]}}