{"id":10,"date":"2016-11-06T19:06:21","date_gmt":"2016-11-06T18:06:21","guid":{"rendered":"https:\/\/metropolevsech.eu\/?page_id=10"},"modified":"2025-05-26T21:23:35","modified_gmt":"2025-05-26T19:23:35","slug":"praha","status":"publish","type":"page","link":"https:\/\/metropolevsech.eu\/vi\/praha\/","title":{"rendered":"Praha"},"content":{"rendered":"<p>Ch\u00e0o m\u1eebng b\u1ea1n \u0111\u1ebfn th\u1ee7 \u0111\u00f4 C\u1ed9ng h\u00f2a S\u00e9c Praha!<\/p>\n<p>T\u1ea1i m\u1ee5c n\u00e0y tr\u00ean trang web, b\u1ea1n s\u1ebd t\u00ecm th\u1ea5y ph\u1ea7n gi\u1edbi thi\u1ec7u ng\u1eafn g\u1ecdn v\u1ec1 th\u1ee7 \u0111\u00f4 Praha l\u1ecbch s\u1eed v\u00e0 s\u1ef1 \u0111a d\u1ea1ng v\u0103n h\u00f3a c\u1ee7a th\u00e0nh ph\u1ed1, c\u0169ng nh\u01b0 nh\u1eefng di t\u00edch quan tr\u1ecdng nh\u1ea5t m\u00e0 b\u1ea1n n\u00ean t\u00ecm hi\u1ec3u. B\u1eb1ng c\u00e1ch n\u00e0y, b\u1ea1n s\u1ebd bi\u1ebft \u0111\u01b0\u1ee3c \u00edt nh\u1ea5t m\u1ed9t ph\u1ea7n nh\u1ecf trong l\u1ecbch s\u1eed h\u00e0ng ngh\u00ecn n\u0103m th\u00e0nh ph\u1ed1 c\u1ee7a ch\u00fang ta. M\u1ed9t ph\u1ea7n quan tr\u1ecdng d\u00e0nh ri\u00eang cho giao th\u00f4ng \u1edf Praha. Ngo\u00e0i ra c\u00f2n c\u00f3 chuy\u00ean m\u1ee5c v\u1ec1 v\u0103n h\u00f3a v\u00e0 nh\u1eefng g\u1ee3i \u00fd h\u1eefu \u00edch v\u1ec1 c\u00e1ch t\u1eadn d\u1ee5ng th\u1eddi gian r\u1ea3nh r\u1ed7i m\u1ed9t c\u00e1ch hi\u1ec3u qu\u1ea3. Ch\u00fang t\u00f4i th\u01b0\u1eddng xuy\u00ean \u0111\u0103ng t\u1ea3i tin t\u1ee9c cho b\u1ea1n t\u1ea1i \u0111\u00e2y, kh\u00f4ng ch\u1ec9 tin v\u1ec1 th\u1ee7 \u0111\u00f4 m\u00e0 c\u00f2n c\u1ea3 nh\u1eefng s\u1ef1 ki\u1ec7n m\u00e0 b\u1ea1n c\u00f3 th\u1ec3 tham quan. Ngo\u00e0i ra c\u00f2n c\u00f3 ph\u1ea7n t\u1ed5ng quan v\u1ec1 c\u00e1c l\u1ef1a ch\u1ecdn tham gia c\u1ed9ng \u0111\u1ed3ng &#8211; c\u00f3 th\u1ec3 l\u00e0 ho\u1ea1t \u0111\u1ed9ng t\u00ecnh nguy\u1ec7n, tham gia c\u00e1c s\u00e1ng ki\u1ebfn \u200b\u200bc\u1ed9ng \u0111\u1ed3ng ho\u1eb7c c\u00e1c h\u00ecnh th\u1ee9c tham gia t\u00edch c\u1ef1c kh\u00e1c v\u00e0o c\u00e1c s\u1ef1 ki\u1ec7n c\u1ee7a th\u00e0nh ph\u1ed1. Nh\u1eefng c\u00e2u chuy\u1ec7n v\u1ec1 c\u01b0 d\u00e2n Praha c\u0169ng c\u00f3 th\u1ec3 truy\u1ec1n c\u1ea3m h\u1ee9ng cho b\u1ea1n.<\/p>\n<h2>Th\u00f4ng tin c\u01a1 b\u1ea3n v\u1ec1 th\u00e0nh ph\u1ed1<\/h2>\n<p>Ngo\u00e0i nh\u1eefng th\u00f4ng tin c\u01a1 b\u1ea3n nh\u01b0 di\u1ec7n t\u00edch, d\u00e2n s\u1ed1, l\u00e3nh \u0111\u1ea1o, \u0111\u01a1n v\u1ecb h\u00e0nh ch\u00ednh, v.v., ch\u00fang t\u00f4i c\u0169ng s\u1ebd h\u00e9 l\u1ed9 truy\u1ec1n thuy\u1ebft v\u1ec1 s\u1ef1 ra \u0111\u1eddi c\u1ee7a Praha.<\/p>\n<p><a href=\"\/\/metropolevsech.eu\/cs\/praha\/zakladni-informace-o-meste\/\">\u0110\u1ecdc th\u00eam<\/a><\/p>\n<h2>Praha r\u1ea5t \u0111a d\u1ea1ng<\/h2>\n<p>T\u1ea1i \u0111\u00e2y, b\u1ea1n s\u1ebd kh\u00e1m ph\u00e1 nh\u1eefng s\u1ef1 th\u1eadt th\u00fa v\u1ecb v\u1ec1 l\u1ecbch s\u1eed v\u00e0 th\u00e0nh ph\u1ea7n d\u00e2n t\u1ed9c thi\u1ec3u s\u1ed1 c\u1ee7a Praha, c\u0169ng nh\u01b0 th\u00f4ng tin v\u1ec1 ngu\u1ed3n g\u1ed1c c\u1ee7a c\u01b0 d\u00e2n Praha ng\u00e0y nay.<\/p>\n<p><a href=\"\/\/metropolevsech.eu\/cs\/praha\/2-2-praha-rozmanita\/\">\u0110\u1ecdc th\u00eam<\/a><\/p>\n<h2>Di t\u00edch Praha<\/h2>\n<p>C\u00f3 r\u1ea5t nhi\u1ec1u \u0111i\u1ec1u \u0111\u1ec3 kh\u00e1m ph\u00e1: l\u00e2u \u0111\u00e0i, c\u1ea7u, qu\u1ea3ng tr\u01b0\u1eddng, nh\u00e0 th\u1edd, nh\u00e0 \u1edf&#8230; H\u00e3y theo ch\u00e2n ch\u00fang t\u00f4i kh\u00e1m ph\u00e1 l\u1ecbch s\u1eed v\u00e0 ki\u1ebfn \u200b\u200btr\u00fac c\u1ee7a Praha.<\/p>\n<p><a href=\"\/\/metropolevsech.eu\/cs\/praha\/2-3-prazske-pametihodnosti\/\">\u0110\u1ecdc th\u00eam<\/a><\/p>\n<h2>Giao th\u00f4ng \u1edf Praha<\/h2>\n<p>Ch\u00fang t\u00f4i tin r\u1eb1ng ng\u01b0\u1eddi \u0111\u1ecdc trang web n\u00e0y s\u1ebd t\u00ecm th\u1ea5y th\u00f4ng tin h\u1eefu \u00edch v\u1ec1 giao th\u00f4ng \u1edf Praha, c\u1ea3 v\u1ec1 giao th\u00f4ng c\u00f4ng c\u1ed9ng v\u00e0 di chuy\u1ec3n b\u1eb1ng \u00f4 t\u00f4 \u1edf Praha. T\u1ea1i \u0111\u00e2y, b\u1ea1n s\u1ebd bi\u1ebft \u0111\u01b0\u1ee3c nh\u1eefng lo\u1ea1i v\u00e9 c\u1ea7n thi\u1ebft, c\u00e1ch t\u00ecm ki\u1ebfm ph\u01b0\u01a1ng ti\u1ec7n ph\u00f9 h\u1ee3p \u0111\u1ec3 di chuy\u1ec3n t\u1ed1t nh\u1ea5t quanh Praha v\u00e0 v\u00f9ng ph\u1ee5 c\u1eadn, c\u0169ng nh\u01b0 n\u01a1i \u0111\u1ed7 xe \u1edf c\u00e1c khu v\u1ef1c kh\u00e1c nhau c\u1ee7a th\u00e0nh ph\u1ed1. Ch\u00fang t\u00f4i khuy\u1ebfn kh\u00edch b\u1ea1n n\u00ean \u0111\u1ecdc c\u00e1c li\u00ean k\u1ebft li\u00ean quan, ch\u00fang s\u1ebd cung c\u1ea5p cho b\u1ea1n nhi\u1ec1u m\u1eb9o v\u00e0 h\u01b0\u1edbng d\u1eabn h\u1eefu \u00edch.<\/p>\n<p><a href=\"\/\/metropolevsech.eu\/cs\/praha\/doprava-v-praze\/\">\u0110\u1ecdc th\u00eam<\/a><\/p>\n<h2>V\u0103n h\u00f3a \u1edf Praha<\/h2>\n<p>Trong ph\u1ea7n v\u0103n h\u00f3a \u1edf Praha, ch\u00fang t\u00f4i \u0111\u00e3 chu\u1ea9n b\u1ecb nh\u1eefng th\u00f4ng tin c\u01a1 b\u1ea3n gi\u00fap b\u1ea1n hi\u1ec3u r\u00f5 h\u01a1n v\u1ec1 v\u0103n h\u00f3a c\u1ee7a ng\u01b0\u1eddi d\u00e2n \u0111\u1ecba ph\u01b0\u01a1ng, th\u00f4ng qua v\u0103n h\u1ecdc, ngh\u1ec7 thu\u1eadt, \u00e2m nh\u1ea1c hay s\u00e2n kh\u1ea5u. Trong m\u1ed7i ph\u1ea7n, b\u1ea1n s\u1ebd t\u00ecm th\u1ea5y nh\u1eefng g\u1ee3i \u00fd gi\u00fap b\u1ea1n \u0111\u1ecbnh h\u01b0\u1edbng, ngay c\u1ea3 khi b\u1ea1n ch\u01b0a n\u00f3i ti\u1ebfng S\u00e9c th\u00e0nh th\u1ea1o. Ch\u00fang t\u00f4i khuy\u00ean b\u1ea1n n\u00ean l\u00e0m quen v\u1edbi c\u00e1c ho\u1ea1t \u0111\u1ed9ng c\u1ee7a Th\u01b0 vi\u1ec7n th\u00e0nh ph\u1ed1 \u1edf Praha, ch\u1eafc ch\u1eafn \u1edf g\u1ea7n nh\u00e0 b\u1ea1n s\u00e9 c\u00f3 m\u1ed9t chi nh\u00e1nh. T\u1ea1i \u0111\u00e2y b\u1ea1n s\u1ebd t\u00ecm th\u1ea5y s\u00e1ch, t\u1ea1p ch\u00ed v\u00e0 t\u00e0i li\u1ec7u nghe nh\u00ecn kh\u00f4ng ch\u1ec9 b\u1eb1ng ti\u1ebfng S\u00e9c m\u00e0 c\u00f2n b\u1eb1ng nhi\u1ec1u ng\u00f4n ng\u1eef kh\u00e1c.<\/p>\n<p><a href=\"\/\/metropolevsech.eu\/cs\/praha\/472-2\/\">\u0110\u1ecdc th\u00eam<\/a><\/p>\n<h2>Th\u1eddi gian r\u1ea3nh r\u1ed7i<\/h2>\n<p>Trong ch\u01b0\u01a1ng cu\u1ed1i c\u1ee7a ph\u1ea7n n\u00e0y, b\u1ea1n s\u1ebd t\u00ecm hi\u1ec3u v\u1ec1 c\u00e1c l\u1ef1a ch\u1ecdn \u0111\u1ec3 s\u1eed d\u1ee5ng th\u1eddi gian r\u1ea3nh r\u1ed7i c\u1ee7a m\u00ecnh, cho d\u00f9 b\u1ea1n l\u00e0 ng\u01b0\u1eddi l\u1edbn hay \u0111ang t\u00ecm m\u1ed9t ch\u01b0\u01a1ng tr\u00ecnh n\u00e0o \u0111\u00f3 cho con m\u00ecnh. B\u1ea1n s\u1ebd t\u00ecm th\u1ea5y nhi\u1ec1u li\u00ean k\u1ebft h\u1eefu \u00edch t\u1ea1i \u0111\u00e2y, bao g\u1ed3m c\u00e1c m\u1eb9o v\u1ec1 chuy\u1ebfn \u0111i, ho\u1ea1t \u0111\u1ed9ng th\u1ec3 thao, kh\u00f3a h\u1ecdc v\u00e0 gi\u00e1o d\u1ee5c, ho\u1eb7c c\u01a1 h\u1ed9i tham gia c\u00e1c ho\u1ea1t \u0111\u1ed9ng t\u00ecnh nguy\u1ec7n.<\/p>\n<p>N\u1ebfu b\u1ea1n c\u00f3 con, \u0111\u1eebng qu\u00ean kh\u00e1m ph\u00e1 ch\u01b0\u01a1ng v\u1ec1 c\u00e1c l\u1ef1a ch\u1ecdn gi\u1ea3i tr\u00ed d\u00e0nh cho tr\u1ebb em. T\u1ea1i \u0111\u00e2y b\u1ea1n s\u1ebd t\u00ecm th\u1ea5y l\u1eddi khuy\u00ean h\u1eefu \u00edch d\u00e0nh cho tr\u1ebb m\u1eabu gi\u00e1o v\u00e0 thanh thi\u1ebfu ni\u00ean. Tr\u00ean trang web c\u1ee7a Praha th\u1ec3 thao Praha v\u00e0 To\u00e0 th\u1ecb ch\u00ednh th\u1ee7 \u0111\u00f4 Praha , b\u1ea1n s\u1ebd t\u00ecm th\u1ea5y th\u00f4ng tin v\u1ec1 c\u00e1c c\u01a1 h\u1ed9i th\u1ec3 thao ph\u00f9 h\u1ee3p d\u00e0nh cho m\u1ecdi l\u1ee9a tu\u1ed5i. V\u00e0 c\u00e1c\u00a0 Cung thi\u1ebfu nhi ch\u1eafc ch\u1eafn s\u1ebd mang \u0111\u1ebfn cho con b\u1ea1n nh\u1eefng ho\u1ea1t \u0111\u1ed9ng th\u00fa v\u1ecb \u0111\u1ec3\u00a0 t\u1eadn d\u1ee5ng th\u1eddi gian r\u1ea3nh r\u1ed7i m\u1ed9t c\u00e1ch c\u00f3 \u00fd ngh\u0129a.<\/p>\n<p><a href=\"\/\/metropolevsech.eu\/cs\/praha\/volny-cas\/\">\u0110\u1ecdc th\u00eam<\/a><\/p>\n<h2>S\u1ef1 tham gia c\u1ee7a c\u00f4ng d\u00e2n v\u00e0 ch\u00ednh tr\u1ecb:<\/h2>\n<p>B\u1ea1n c\u00f3 mu\u1ed1n tham gia t\u00edch c\u1ef1c v\u00e0o cu\u1ed9c s\u1ed1ng \u1edf Praha? Ph\u1ea7n n\u00e0y s\u1ebd cung c\u1ea5p cho b\u1ea1n m\u1ecdi th\u00f4ng tin c\u1ea7n thi\u1ebft v\u1ec1 c\u00e1ch b\u1ea1n c\u00f3 th\u1ec3 \u0111\u00f3ng g\u00f3p v\u00e0o s\u1ef1 ph\u00e1t tri\u1ec3n c\u1ed9ng \u0111\u1ed3ng \u0111\u00f4 th\u1ecb, h\u1ecdc th\u00eam c\u00e1c k\u1ef9 n\u0103ng m\u1edbi \u0111\u1ec3 c\u1ea3m nh\u1eadn r\u00f5 r\u00e0ng h\u01a1n v\u1ec1 vai tr\u00f2 c\u1ee7a m\u00ecnh trong x\u00e3 h\u1ed9i. S\u1ef1 tham gia t\u00edch c\u1ef1c kh\u00f4ng ch\u1ec9 c\u00f3 l\u1ee3i cho c\u00e1 nh\u00e2n m\u00e0 c\u00f2n gi\u00fap c\u1ea3i thi\u1ec7n cho c\u1ed9ng \u0111\u1ed3ng, t\u1ea1o c\u1ea3m gi\u00e1c h\u1eefu \u00edch v\u00e0 l\u00e0m phong ph\u00fa th\u00eam cu\u1ed9c th\u1ea3o lu\u1eadn c\u00f4ng khai. Ch\u00fang t\u00f4i s\u1ebd ch\u1ec9 cho b\u1ea1n c\u00e1ch b\u1ea1n c\u00f3 th\u1ec3 t\u00e1c \u0111\u1ed9ng \u0111\u1ebfn c\u00e1c s\u1ef1 ki\u1ec7n (ngay c\u1ea3 khi b\u1ea1n kh\u00f4ng ph\u1ea3i l\u00e0 c\u00f4ng d\u00e2n C\u1ed9ng h\u00f2a S\u00e9c v\u00e0 kh\u00f4ng c\u00f3 \u0111\u1ea1i di\u1ec7n ch\u00ednh tr\u1ecb) c\u0169ng nh\u01b0 gi\u1edbi thi\u1ec7u nh\u1eefng c\u01a1 h\u1ed9i n\u00e0o \u0111ang ch\u1edd \u0111\u00f3n b\u1ea1n.<\/p>\n<p><a href=\"https:\/\/metropolevsech.eu\/cs\/obcanska-a-politicka-participace\/\">\u0110\u1ecdc th\u00eam<\/a><\/p>\n<h2>Tin t\u1ee9c v\u00e0 s\u1ef1 ki\u1ec7n<\/h2>\n<p>Theo d\u00f5i c\u00e1c s\u1ef1 ki\u1ec7n hi\u1ec7n t\u1ea1i \u1edf Praha v\u00e0 \u0111\u1eebng b\u1ecf l\u1ee1 nh\u1eefng m\u1eb9o v\u1ec1 c\u00e1c s\u1ef1 ki\u1ec7n th\u00fa v\u1ecb m\u00e0 ch\u00fang t\u00f4i th\u01b0\u1eddng xuy\u00ean ch\u1ecdn l\u1ecdc cho b\u1ea1n.<\/p>\n<p><a href=\"\/\/metropolevsech.eu\/cs\/news\/\">Tin t\u1ee9c<\/a><\/p>\n<p><a href=\"\/\/metropolevsech.eu\/cs\/events\/\">Ho\u1ea1t \u0111\u1ed9ng<\/a><\/p>\n<h2>Ng\u01b0\u1eddi d\u00e2n Praha t\u1eeb nhi\u1ec1u n\u01a1i tr\u00ean th\u1ebf gi\u1edbi<\/h2>\n<p>T\u1ea1i \u0111\u00e2y b\u1ea1n s\u1ebd t\u00ecm th\u1ea5y c\u00e1c cu\u1ed9c ph\u1ecfng v\u1ea5n v\u1edbi nh\u1eefng ng\u01b0\u1eddi th\u00fa v\u1ecb v\u00e0 c\u00e1c b\u00e0i vi\u1ebft kh\u00e1c \u0111\u00e1ng \u0111\u1ecdc.<\/p>\n<p><a href=\"\/\/metropolevsech.eu\/cs\/expats\/\">\u0110\u1ecdc th\u00eam<\/a><\/p>\n<p>&nbsp;<\/p>\n<p>&nbsp;<\/p>","protected":false},"excerpt":{"rendered":"<p>Ch\u00e0o m\u1eebng b\u1ea1n \u0111\u1ebfn th\u1ee7 \u0111\u00f4 C\u1ed9ng h\u00f2a S\u00e9c Praha! T\u1ea1i m\u1ee5c n\u00e0y tr\u00ean trang web, b\u1ea1n s\u1ebd t\u00ecm th\u1ea5y ph\u1ea7n gi\u1edbi thi\u1ec7u ng\u1eafn g\u1ecdn v\u1ec1 th\u1ee7 \u0111\u00f4 Praha l\u1ecbch s\u1eed v\u00e0 s\u1ef1 \u0111a d\u1ea1ng v\u0103n h\u00f3a c\u1ee7a th\u00e0nh ph\u1ed1,&#8230;<\/p>\n<a class=\"more-block\" href=\"https:\/\/metropolevsech.eu\/vi\/praha\/\">\u0110\u1ecdc th\u00eam<\/a>","protected":false},"author":2,"featured_media":9382,"parent":0,"menu_order":2,"comment_status":"closed","ping_status":"closed","template":"","meta":[],"acf":[],"_links":{"self":[{"href":"https:\/\/metropolevsech.eu\/vi\/wp-json\/wp\/v2\/pages\/10"}],"collection":[{"href":"https:\/\/metropolevsech.eu\/vi\/wp-json\/wp\/v2\/pages"}],"about":[{"href":"https:\/\/metropolevsech.eu\/vi\/wp-json\/wp\/v2\/types\/page"}],"author":[{"embeddable":true,"href":"https:\/\/metropolevsech.eu\/vi\/wp-json\/wp\/v2\/users\/2"}],"replies":[{"embeddable":true,"href":"https:\/\/metropolevsech.eu\/vi\/wp-json\/wp\/v2\/comments?post=10"}],"version-history":[{"count":38,"href":"https:\/\/metropolevsech.eu\/vi\/wp-json\/wp\/v2\/pages\/10\/revisions"}],"predecessor-version":[{"id":22950,"href":"https:\/\/metropolevsech.eu\/vi\/wp-json\/wp\/v2\/pages\/10\/revisions\/22950"}],"wp:featuredmedia":[{"embeddable":true,"href":"https:\/\/metropolevsech.eu\/vi\/wp-json\/wp\/v2\/media\/9382"}],"wp:attachment":[{"href":"https:\/\/metropolevsech.eu\/vi\/wp-json\/wp\/v2\/media?parent=10"}],"curies":[{"name":"wp","href":"https:\/\/api.w.org\/{rel}","templated":true}]}}