{"id":11467,"date":"2020-04-12T11:52:27","date_gmt":"2020-04-12T09:52:27","guid":{"rendered":"https:\/\/metropolevsech.eu\/?page_id=11467"},"modified":"2020-04-19T13:00:35","modified_gmt":"2020-04-19T11:00:35","slug":"on-line-studium-ceskeho-jazyka","status":"publish","type":"page","link":"https:\/\/metropolevsech.eu\/vi\/potrebuji-resit\/vzdelavani-a-nostrifikace-diplomu\/kurzy-ceskeho-jazyka\/on-line-studium-ceskeho-jazyka\/","title":{"rendered":"H\u1ecdc ti\u1ebfng S\u00e9c tr\u1ef1c tuy\u1ebfn"},"content":{"rendered":"<p>Qu\u00fd v\u1ecb kh\u00f4ng th\u1ec3 tham gia m\u1ed9t kh\u00f3a h\u1ecdc ti\u1ebfng S\u00e9c to\u00e0n th\u1eddi gian hay qu\u00fd v\u1ecb mu\u1ed1n h\u1ecdc ti\u1ebfng S\u00e9c c\u1ea3 khi nh\u00e0?<\/p>\n<p>D\u01b0\u1edbi \u0111\u00e2y qu\u00fd v\u1ecb s\u1ebd t\u00ecm th\u1ea5y danh s\u00e1ch c\u00e1c l\u1ef1a ch\u1ecdn kh\u00e1c nhau \u0111\u1ec3 gi\u00fap qu\u00fd v\u1ecb h\u1ecdc ti\u1ebfng S\u00e9c.<\/p>\n<p>&nbsp;<\/p>\n<p><strong>C\u00e1c kh\u00f3a h\u1ecdc ti\u1ebfng S\u00e9c cho ng\u01b0\u1eddi n\u01b0\u1edbc ngo\u00e0i &#8211; &#8211; e-learning c\u1ee7a Trung t\u00e2m h\u1ed9i nh\u1eadp d\u00e0nh<\/strong><strong> cho <\/strong><strong>ng\u01b0\u1eddi n\u01b0\u1edbc ngo\u00e0i<\/strong><\/p>\n<p><a href=\"\/\/www.kurzycestinyprocizince.cz\">\/\/www.kurzycestinyprocizince.cz<\/a><\/p>\n<p>Tr\u00ean trang qu\u00fd v\u1ecb s\u1ebd t\u00ecm th\u1ea5y c\u00e1c kh\u00f3a h\u1ecdc video ti\u1ebfng S\u00e9c. C\u00e1c kh\u00f3a h\u1ecdc t\u1eadp trung v\u00e0o c\u00e1c cu\u1ed9c tr\u00f2 chuy\u1ec7n c\u01a1 b\u1ea3n \u0111\u01b0\u1ee3c s\u1eed d\u1ee5ng \u1edf tr\u01b0\u1eddng ho\u1eb7c t\u1ea1i n\u01a1i l\u00e0m vi\u1ec7c. Qu\u00fd v\u1ecb s\u1ebd t\u00ecm th\u1ea5y m\u1ed9t s\u1ed1 video theo ch\u1ee7 \u0111\u1ec1 ti\u1ebfng S\u00e9c cho c\u00f4ng vi\u1ec7c, ti\u1ebfng S\u00e9c cho tr\u01b0\u1eddng h\u1ecdc v\u00e0 kh\u00f3a h\u1ecdc Gia \u0111\u00ecnh.<\/p>\n<p>&nbsp;<\/p>\n<p><strong>Ti\u1ebfng S\u00e9c l\u00e0 ng\u00f4n ng\u1eef th\u1ee9 hai c\u1ee7a META<\/strong><\/p>\n<p><a href=\"\/\/www.cestina2.cz\/\">\/\/www.cestina2.cz\/<\/a><\/p>\n<p>M\u1ee5c \u0111\u00edch c\u1ee7a h\u1ecdc tr\u1ef1c tuy\u1ebfn l\u00e0 h\u1ed7 tr\u1ee3 tr\u1ebb em v\u00e0 h\u1ecdc sinh, \u1edf c\u00e1c \u0111\u1ed9 tu\u1ed5i kh\u00e1c nhau, b\u1eaft \u0111\u1ea7u v\u1edbi ti\u1ebfng S\u00e9c nh\u01b0 m\u1ed9t ng\u00f4n ng\u1eef th\u1ee9 hai. D\u1ea1y t\u1eeb v\u1ef1ng, ph\u00e1t \u00e2m, ng\u1eef ph\u00e1p v\u00e0 ti\u1ebfng S\u00e9c trong th\u1ef1c t\u1ebf. N\u1ed9i dung c\u1ee7a c\u00e1c b\u00e0i h\u1ecdc v\u00e0 b\u00e0i t\u1eadp l\u00e0 c\u00e1c ch\u1ee7 \u0111\u1ec1 kh\u00e1c nhau li\u00ean quan \u0111\u1ebfn tr\u01b0\u1eddng h\u1ecdc, gia \u0111\u00ecnh, gi\u1ea3i tr\u00ed, vv<\/p>\n<p>&nbsp;<\/p>\n<p><strong>Tr\u01b0\u1eddng h\u00f2a nh\u1eadp c\u1ee7a META o.p.s.<\/strong><\/p>\n<p>C\u1ed5ng th\u00f4ng tin tr\u01b0\u1eddng h\u1ecdc l\u00e0 m\u1ed9t ngu\u1ed3n th\u00f4ng tin r\u1ea5t to\u00e0n di\u1ec7n cho c\u00e1c chuy\u00ean gia, c\u00e1c th\u1ea7y c\u00f4 gi\u00e1o l\u00e0m vi\u1ec7c v\u1edbi h\u1ecdc sinh b\u1eb1ng ti\u1ebfng m\u1eb9 \u0111\u1ebb kh\u00e1c, tr\u01b0\u1eddng h\u1ecdc v\u00e0 ph\u1ee5 huynh c\u1ee7a tr\u1ebb em ng\u01b0\u1eddi n\u01b0\u1edbc ngo\u00e0i. Qu\u00fd v\u1ecb s\u1ebd t\u00ecm th\u1ea5y r\u1ea5t nhi\u1ec1u th\u00f4ng tin v\u00e0 t\u00e0i li\u1ec7u h\u1ed7 tr\u1ee3 \u1edf \u0111\u00e2y.<\/p>\n<p>Ch\u00fang t\u00f4i c\u0169ng \u0111\u1ec1 xu\u1ea5t t\u00e0i li\u1ec7u gi\u1ea3ng d\u1ea1y ti\u1ebfng S\u00e9c (\u0111\u1eb7c bi\u1ec7t l\u00e0 \u0111\u1ed1i v\u1edbi h\u1ecdc sinh n\u00f3i ti\u1ebfng Vi\u1ec7t). B\u1ed9 g\u1ed3m 15 b\u00e0i h\u1ecdc v\u1edbi c\u00e1c ch\u1ee7 \u0111\u1ec1.<\/p>\n<p><a href=\"\/\/www.inkluzivniskola.cz\/content\/combina-pro-vietnamce-z-klubu-hanoi\">\/\/www.inkluzivniskola.cz\/content\/combina-pro-vietnamce-z-klubu-hanoi<\/a><\/p>\n<p>&nbsp;<\/p>\n<p><strong>Click4Czech<\/strong><\/p>\n<p>\u1ee8ng d\u1ee5ng META v\u00e0 Trung t\u00e2m h\u1ed9i nh\u1eadp d\u00e0nh cho ng\u01b0\u1eddi n\u01b0\u1edbc ngo\u00e0i \u0111\u1ec3 th\u1ef1c h\u00e0nh ti\u1ebfng S\u00e9c.<\/p>\n<p><a href=\"\/\/www.click4c817.cz\/app\/\">\/\/www.click4c817.cz\/app\/<\/a><\/p>\n<p>&nbsp;<\/p>\n<p><strong>H\u00e3y n\u00f3i ti\u1ebfng S\u00e9c<\/strong><\/p>\n<p><a href=\"\/\/mluvtecesky.net\/vi\">\/\/mluvtecesky.net\/vi<\/a><\/p>\n<p>H\u00e3y n\u00f3i ti\u1ebfng S\u00e9c! \u0110\u01b0\u1ee3c ph\u00e1t tri\u1ec3n nh\u1edd s\u1ef1 h\u1ed7 tr\u1ee3 c\u1ee7a ch\u01b0\u01a1ng tr\u00ecnh Leonardo da Vinci c\u1ee7a EU nh\u01b0 l\u00e0 kh\u00f3a h\u1ecdc ti\u1ebfng S\u00e9c tr\u1ef1c tuy\u1ebfn duy nh\u1ea5t cho ng\u01b0\u1eddi n\u01b0\u1edbc ngo\u00e0i b\u1eb1ng ti\u1ebfng Anh, ti\u1ebfng \u0110\u1ee9c, ti\u1ebfng Ba Lan v\u00e0 ti\u1ebfng Slovakia. Q\u00fay v\u1ecb c\u00f3 th\u1ec3 mong \u0111\u1ee3i n\u1ed9i dung phong ph\u00fa v\u1edbi c\u00e1c b\u00e0i t\u1eadp t\u01b0\u01a1ng t\u00e1c h\u1ea5p d\u1eabn, tr\u00f2 ch\u01a1i, v\u0103n b\u1ea3n, c\u0169ng nh\u01b0 c\u00e1c ph\u01b0\u01a1ng ti\u1ec7n tr\u1ee3 gi\u00fap nghe v\u00e0 nh\u00ecn kh\u00e1c nhau.<\/p>\n<p>Qu\u00fd v\u1ecb c\u0169ng s\u1ebd t\u00ecm th\u1ea5y m\u1ed9t kh\u00f3a h\u1ecdc chuy\u00ean ng\u00e0nh v\u1ec1 ti\u1ebfng S\u00e9c y t\u1ebf chuy\u00ean ngh\u00e0nh v\u00e0 c\u00e1c th\u00f4ng tin c\u1ea7n thi\u1ebft cho sinh vi\u00ean y khoa, ng\u01b0\u1eddi n\u01b0\u1edbc ngo\u00e0i l\u00e0m vi\u1ec7c trong ng\u00e0nh ch\u0103m s\u00f3c s\u1ee9c kh\u1ecfe v\u00e0 c\u01b0 d\u00e2n bi\u00ean gi\u1edbi mu\u1ed1n l\u00e0m vi\u1ec7c t\u1ea1i C\u1ed9ng h\u00f2a S\u00e9c.<\/p>\n<p>&nbsp;<\/p>\n<p><strong>Phim v\u00e0 s\u00ea-ri b\u1eb1ng ti\u1ebfng S\u00e9c c\u00f3 ph\u1ee5 \u0111\u1ec1 ti\u1ebfng S\u00e9c ho\u1eb7c ti\u1ebfng Anh<\/strong><\/p>\n<p>Phim, s\u00ea-ri, ph\u00e1t s\u00f3ng tr\u1ef1c tuy\u1ebfn ho\u1eb7c audio \u0111\u1ec3 nghe s\u1ebd gi\u00fap qu\u00fd v\u1ecb h\u1ecdc ti\u1ebfng S\u00e9c<\/p>\n<p>&nbsp;<\/p>\n<p><strong>Truy\u1ec1n h\u00ecnh S\u00e9c<\/strong><\/p>\n<p><a href=\"\/\/www.ceskatelevize.cz\/porady\/a-z\/\">\/\/www.ceskatelevize.cz\/porady\/a-z\/<\/a><\/p>\n<p>Truy\u1ec7n c\u1ed5 t\u00edch, ch\u01b0\u01a1ng tr\u00ecnh n\u1ea5u \u0103n, th\u1ec3 thao, tin t\u1ee9c &#8211; t\u1ea5t c\u1ea3 \u0111\u1ec1u mi\u1ec5n ph\u00ed.<\/p>\n<p>&nbsp;<\/p>\n<p><strong>Truy\u1ec1n h\u00ecnh S\u00e9c tr\u1ef1c tuy\u1ebfn<\/strong><\/p>\n<p><a href=\"\/\/www.ceskatelevize.cz\/ivysilani\/\">\/\/www.ceskatelevize.cz\/ivysilani\/<\/a><\/p>\n<p>&nbsp;<\/p>\n<p><strong>H\u00e3y chi\u1ebfu phim, b\u1ea1n c\u0169ng v\u1eady!<\/strong><\/p>\n<p><a href=\"\/\/www.promitejity.cz\/filmy\/\">\/\/www.promitejity.cz\/filmy\/<\/a><\/p>\n<p>D\u1ef1 \u00e1n h\u00e3y chi\u1ebfu phim, b\u1ea1n c\u0169ng v\u1eady! l\u00e0 m\u1ed9t n\u1ec1n t\u1ea3ng cho ph\u00e9p qu\u00fd v\u1ecb s\u00e0ng l\u1ecdc c\u00e1c b\u1ed9 phim t\u00e0i li\u1ec7u ch\u1ea5t l\u01b0\u1ee3ng cao mi\u1ec5n ph\u00ed v\u00e0 h\u1ee3p ph\u00e1p &#8211; cho ch\u00ednh qu\u00fd v\u1ecb ho\u1eb7c cho nhi\u1ec1u ng\u01b0\u1eddi kh\u00e1c. \u0110\u1eb1ng sau d\u1ef1 \u00e1n chi\u1ebfu phim, b\u1ea1n c\u0169ng v\u1eady! l\u00e0 L\u1ec5 h\u1ed9i M\u1ed9t th\u1ebf gi\u1edbi, tri\u1ec3n l\u00e3m phim t\u00e0i li\u1ec7u v\u1ec1 nh\u00e2n quy\u1ec1n l\u1edbn nh\u1ea5t th\u1ebf gi\u1edbi. Vi\u1ec7c \u0111\u00e0m ph\u00e1n v\u00e0 tr\u1ea3 ti\u1ec1n v\u00e0 c\u00f3 gi\u1ea5y ph\u00e9p t\u1eeb ch\u1ee7 b\u1ea3n quy\u1ec1n phim, cho ph\u00e9p qu\u00fd v\u1ecb t\u1ea3i xu\u1ed1ng v\u00e0 xem t\u1ea5t c\u1ea3 c\u00e1c phim t\u00e0i li\u1ec7u m\u1ed9t c\u00e1ch d\u1ec5 d\u00e0ng v\u00e0 kh\u00f4ng ph\u1ea3i lo l\u1eafng, ngay trong ph\u00f2ng kh\u00e1ch c\u1ee7a ri\u00eang m\u00ecnh ho\u1eb7c trong m\u1ed9t r\u1ea1p chi\u1ebfu phim ngo\u00e0i tr\u1eddi.<\/p>\n<p>&nbsp;<\/p>\n<p><strong>\u0110\u00e0i ph\u00e1t thanh S\u00e9c &#8211; nh\u1eadt k\u00fd c\u1ee7a \u0111\u1ed9c gi\u1ea3<\/strong><\/p>\n<p><a href=\"\/\/temata.rozhlas.cz\/ctenarskydenik\">\/\/temata.rozhlas.cz\/ctenarskydenik<\/a><\/p>\n<p>H\u00e0ng ch\u1ee5c t\u00e1c ph\u1ea9m v\u0103n h\u1ecdc kinh \u0111i\u1ec3n (v\u00ed d\u1ee5: Grandma Bo\u017eena N\u011bmcov\u00e1, truy\u1ec7n ng\u1eafn Malostransk\u00e9 c\u1ee7a Jan Neruda ho\u1eb7c \u0160kvoreck\u00fd Zbab\u011blci) c\u00f3 s\u1eb5n \u0111\u1ec3 t\u1ea3i xu\u1ed1ng mi\u1ec5n ph\u00ed tr\u00ean trang web c\u1ee7a \u0110\u00e0i ph\u00e1t thanh S\u00e9c. Nh\u1eefng b\u00e0i th\u01a1, ti\u1ec3u thuy\u1ebft v\u00e0 truy\u1ec7n ng\u1eafn n\u1ed5i ti\u1ebfng kh\u00e1c v\u1edbi nh\u1eefng b\u00e0i h\u1ecdc t\u1eeb tr\u01b0\u1eddng: nh\u1eefng anh h\u00f9ng \u0111\u01b0\u1ee3c l\u1ed3ng gi\u1ecdng c\u1ee7a c\u00e1c di\u1ec5n vi\u00ean h\u00e0ng \u0111\u1ea7u c\u1ee7a S\u00e9c.<\/p>\n<p>&nbsp;<\/p>\n<p><strong>C\u00e1c ngu\u1ed3n v\u00e0 \u1ee9ng d\u1ee5ng kh\u00e1c cho ti\u1ebfng S\u00e9c<\/strong><\/p>\n<p><a href=\"\/\/www.101lacular.net\/\">\/\/www.101lacular.net\/<\/a><\/p>\n<p>Trang web \u0111\u01b0\u1ee3c thi\u1ebft k\u1ebf cho nh\u1eefng ng\u01b0\u1eddi mu\u1ed1n h\u1ecdc ti\u1ebfng S\u00e9c. \u1ede \u0111\u00e2y qu\u00fd v\u1ecb s\u1ebd t\u00ecm th\u1ea5y c\u00e1c li\u00ean k\u1ebft \u0111\u1ebfn \u0111\u00e0i ph\u00e1t thanh S\u00e9c, c\u00e1c b\u00e0i h\u1ecdc t\u1eeb v\u1ef1ng, tr\u00f2 ch\u01a1i ch\u1eef, tin t\u1ee9c S\u00e9c, b\u00e1o v\u00e0 t\u1eeb \u0111i\u1ec3n.<\/p>\n<p>&nbsp;<\/p>\n<p><a href=\"\/\/www.gettandem.com\/\">\/\/www.gettandem.com\/<\/a><\/p>\n<p>C\u1ea3i thi\u1ec7n k\u1ef9 n\u0103ng ng\u00f4n ng\u1eef c\u1ee7a qu\u00fd v\u1ecb c\u00f9ng v\u1edbi ng\u01b0\u1eddi b\u1ea3n ng\u1eef s\u1ed1ng ho\u1eb7c h\u1ecdc t\u1eadp g\u1ea7n qu\u00fd v\u1ecb.<\/p>\n<p>&nbsp;<\/p>\n<p><a href=\"\/\/myl Languageexchange.com\/\">\/\/myl Languageexchange.com\/<\/a><\/p>\n<p>M\u1ed9t c\u1ed9ng \u0111\u1ed3ng tr\u1ef1c tuy\u1ebfn n\u01a1i cung c\u1ea5p d\u1ea1y k\u00e8m \u0111\u1ed5i l\u1ea5y d\u1ea1y k\u00e8m.<\/p>\n<p>&nbsp;<\/p>\n<p><a href=\"\/\/www.conversationexchange.com\/\">\/\/www.conversationexchange.com\/<\/a><\/p>\n<p>C\u1ea3i thi\u1ec7n k\u1ef9 n\u0103ng ng\u00f4n ng\u1eef c\u1ee7a qu\u00fd v\u1ecb v\u1edbi s\u1ef1 gi\u00fap \u0111\u1ee1 c\u1ee7a ng\u01b0\u1eddi b\u1ea3n ng\u1eef s\u1ed1ng trong khu ph\u1ed1 c\u1ee7a qu\u00fd v\u1ecb.<\/p>\n<p>&nbsp;<\/p>\n<p>&nbsp;<\/p>\n<p><strong>\u1ee8ng d\u1ee5ng di \u0111\u1ed9ng<\/strong><\/p>\n<p>N\u1ebfu qu\u00fd v\u1ecb mu\u1ed1n h\u1ecdc h\u1ecfi khi \u0111ang di chuy\u1ec3n, \u1ee9ng d\u1ee5ng di \u0111\u1ed9ng l\u00e0 m\u1ed9t l\u1ef1a ch\u1ecdn t\u1ed1t cho qu\u00fd v\u1ecb. Qu\u00fd v\u1ecb c\u00f3 th\u1ec3 t\u1eadp luy\u1ec7n c\u00f9ng h\u1ecd trong c\u00f4ng vi\u00ean, c\u1ea1ch h\u1ed3 n\u01b0\u1edbc ho\u1eb7c tr\u00ean t\u00e0u.<\/p>\n<p>&nbsp;<\/p>\n<p><strong>Duolingo<\/strong><\/p>\n<p>\u1ee8ng d\u1ee5ng n\u00e0y \u0111\u00e3 tr\u1edf th\u00e0nh m\u1ed9t huy\u1ec1n tho\u1ea1i trong su\u1ed1t th\u1eddi gian t\u1ed3n t\u1ea1i \u1ee9ng d\u1ef1ng. Do \u0111\u00f3 r\u1ea5t c\u00f3 kh\u1ea3 n\u0103ng qu\u00fd v\u1ecb \u0111\u00e3 nghe n\u00f3i v\u1ec1 \u1ee9ng d\u1ee5ng. S\u1ef1 ph\u1ed5 bi\u1ebfn c\u1ee7a \u1ee9ng d\u1ee5ng l\u00e0 h\u1ee3p l\u00fd. To\u00e0n b\u1ed9 \u1ee9ng d\u1ee5ng \u0111\u01b0\u1ee3c x\u00e2y d\u1ef1ng tr\u00ean nguy\u00ean t\u1eafc h\u1ecdc tr\u00f2 ch\u01a1i v\u00e0 do \u0111\u00f3 s\u1ebd t\u1ed3n t\u1ea1i l\u00e2u h\u01a1n nhi\u1ec1u so v\u1edbi h\u1ecdc thu\u1ed9c l\u00f2ng \u0111\u01a1n gi\u1ea3n. Ngo\u00e0i ra, \u1ee9ng d\u1ee5ng ho\u1ea1t \u0111\u1ed9ng tr\u00ean \u0111i\u1ec7n tho\u1ea1i di \u0111\u1ed9ng v\u1edbi t\u1ea5t c\u1ea3 c\u00e1c h\u1ec7 \u0111i\u1ec1u h\u00e0nh &#8211; b\u1ea5t k\u1ec3 qu\u00fd v\u1ecb s\u1edf h\u1eefu \u0111i\u1ec7n tho\u1ea1i th\u00f4ng minh lo\u1ea1i n\u00e0o.<\/p>\n<p>&nbsp;<\/p>\n<p><strong>Memrise<\/strong><\/p>\n<p>\u1ee8ng d\u1ee5ng Memawn l\u00e0 m\u1ed9t c\u00f4ng c\u1ee5 tuy\u1ec7t v\u1eddi \u0111\u1ec3 h\u1ecdc v\u00e0 \u0111\u00e0o t\u1ea1o t\u1eeb v\u1ef1ng. \u1ee8ng d\u1ee5ng n\u00e0y \u0111i ng\u01b0\u1ee3c d\u00f2ng v\u00e0 c\u1ed1 g\u1eafng bi\u1ebfn vi\u1ec7c ghi nh\u1edb \u0111\u01a1n gi\u1ea3n th\u00e0nh gi\u1ea3i tr\u00ed \u0111\u00edch th\u1ef1c. Qu\u00fd v\u1ecb c\u00f3 th\u1ec3 \u0111\u00e1p \u1ee9ng c\u00e1c t\u1eeb v\u1ef1ng t\u1eeb c\u00e1c khu v\u1ef1c kh\u00e1c. V\u00e0 n\u1ebfu c\u00f3 \u0111i\u1ec1u g\u00ec kh\u00f4ng thu\u1eadn ti\u1ec7n trong \u1ee9ng d\u1ee5ng, th\u00ec qu\u00fd v\u1ecb c\u00f3 th\u1ec3 t\u1ef1 t\u1ea1o l\u1ea1i cho ri\u00eang m\u00ecnh.<\/p>\n<p>&nbsp;<\/p>\n<p><strong>HelloTalk<\/strong><\/p>\n<p>Qu\u00fd v\u1ecb c\u00f3 mu\u1ed1n giao ti\u1ebfp v\u1edbi ng\u01b0\u1eddi b\u1ea3n ng\u1eef, nh\u01b0ng qu\u00fd v\u1ecb s\u1ee3 n\u00f3i? Trong \u1ee9ng d\u1ee5ng n\u00e0y, qu\u00fd v\u1ecb c\u00f3 th\u1ec3 vi\u1ebft v\u00e0 s\u1eeda l\u1ed7i cho nhau. M\u1eb7t kh\u00e1c, \u1ee9ng d\u1ee5ng n\u00e0y ho\u1ea1t \u0111\u1ed9ng v\u1ec1 c\u01a1 b\u1ea3n gi\u1ed1ng nh\u01b0 b\u1ea5t k\u1ef3 tr\u00ecnh nh\u1eafn tin n\u00e0o kh\u00e1c. Tuy nhi\u00ean, qu\u00fd v\u1ecb c\u00f3 th\u1ec3 \u0111\u1eb7t th\u1eddi gian qu\u00fd v\u1ecb mu\u1ed1n trao \u0111\u1ed5i tin nh\u1eafn, bao nhi\u00eau tin nh\u1eafn ho\u1eb7c k\u00fd t\u1ef1 qu\u00fd v\u1ecb mu\u1ed1n vi\u1ebft.<\/p>\n<p>&nbsp;<\/p>\n<p><strong>Mondly<\/strong><\/p>\n<p>\u1ee8ng d\u1ee5ng n\u00e0y cung c\u1ea5p vi\u1ec7c h\u1ecdc ng\u00f4n ng\u1eef th\u00f4ng qua c\u00e1c t\u1eeb v\u00e0 c\u1ee5m t\u1eeb m\u1edbi.<\/p>","protected":false},"excerpt":{"rendered":"<p>Qu\u00fd v\u1ecb kh\u00f4ng th\u1ec3 tham gia m\u1ed9t kh\u00f3a h\u1ecdc ti\u1ebfng S\u00e9c to\u00e0n th\u1eddi gian hay qu\u00fd v\u1ecb mu\u1ed1n h\u1ecdc ti\u1ebfng S\u00e9c c\u1ea3 khi nh\u00e0? D\u01b0\u1edbi \u0111\u00e2y qu\u00fd v\u1ecb s\u1ebd t\u00ecm th\u1ea5y danh s\u00e1ch c\u00e1c l\u1ef1a ch\u1ecdn kh\u00e1c nhau \u0111\u1ec3 gi\u00fap&#8230;<\/p>\n<a class=\"more-block\" href=\"https:\/\/metropolevsech.eu\/vi\/potrebuji-resit\/vzdelavani-a-nostrifikace-diplomu\/kurzy-ceskeho-jazyka\/on-line-studium-ceskeho-jazyka\/\">\u0110\u1ecdc th\u00eam<\/a>","protected":false},"author":7,"featured_media":0,"parent":891,"menu_order":0,"comment_status":"closed","ping_status":"closed","template":"","meta":[],"acf":[],"_links":{"self":[{"href":"https:\/\/metropolevsech.eu\/vi\/wp-json\/wp\/v2\/pages\/11467"}],"collection":[{"href":"https:\/\/metropolevsech.eu\/vi\/wp-json\/wp\/v2\/pages"}],"about":[{"href":"https:\/\/metropolevsech.eu\/vi\/wp-json\/wp\/v2\/types\/page"}],"author":[{"embeddable":true,"href":"https:\/\/metropolevsech.eu\/vi\/wp-json\/wp\/v2\/users\/7"}],"replies":[{"embeddable":true,"href":"https:\/\/metropolevsech.eu\/vi\/wp-json\/wp\/v2\/comments?post=11467"}],"version-history":[{"count":0,"href":"https:\/\/metropolevsech.eu\/vi\/wp-json\/wp\/v2\/pages\/11467\/revisions"}],"up":[{"embeddable":true,"href":"https:\/\/metropolevsech.eu\/vi\/wp-json\/wp\/v2\/pages\/891"}],"wp:attachment":[{"href":"https:\/\/metropolevsech.eu\/vi\/wp-json\/wp\/v2\/media?parent=11467"}],"curies":[{"name":"wp","href":"https:\/\/api.w.org\/{rel}","templated":true}]}}