{"id":12059,"date":"2020-08-21T15:47:54","date_gmt":"2020-08-21T13:47:54","guid":{"rendered":"https:\/\/metropolevsech.eu\/?page_id=12059"},"modified":"2026-01-26T10:22:45","modified_gmt":"2026-01-26T09:22:45","slug":"manzelstvi-registrovane-partnerstvi-a-rodicovstvi","status":"publish","type":"page","link":"https:\/\/metropolevsech.eu\/vi\/potrebuji-resit\/manzelstvi-registrovane-partnerstvi-a-rodicovstvi\/","title":{"rendered":"H\u00f4n nh\u00e2n, \u0111\u0103ng k\u00fd k\u1ebft h\u00f4n cho ng\u01b0\u1eddi \u0111\u1ed3ng gi\u1edbi v\u00e0 l\u00e0m cha m\u1eb9"},"content":{"rendered":"<p><em>Trong ch\u01b0\u01a1ng n\u00e0y c\u1ee7a trang web Th\u1ee7 \u0111\u00f4 Praha<\/em><em> c\u1ee7a m\u1ecdi ng\u01b0\u1eddi<\/em><em>, b\u1ea1n<\/em> <em>s\u1ebd \u0111\u01b0\u1ee3c ti\u1ebfp c\u1eadn v\u1edbi c\u00e1c th\u00f4ng tin khi b\u1ea1n mu\u1ed1n k\u1ebft h\u00f4n t\u1ea1i C\u1ed9ng h\u00f2a S\u00e9c ho\u1eb7c \u0111\u0103ng<\/em><em> k\u00fd k\u1ebft h\u00f4n \u0111\u1ed3ng gi\u1edbi <\/em><em>v\u1edbi<\/em> <em>ng\u01b0\u1eddi n\u01b0\u1edbc ngo\u00e0i (cho d\u00f9 b\u1ea1n l\u00e0 ng\u01b0\u1eddi S\u00e9c ho\u1eb7c ng\u01b0\u1eddi n\u01b0\u1edbc ngo\u00e0i), n\u01a1i n\u1ed9p h\u1ed3 s\u01a1, nh\u1eefng gi\u1ea5y t\u1edd c\u1ea7n mang theo v\u00e0 c\u1ea7n ph\u1ea3i l\u00e0m nh\u1eefng g\u00ec sau khi k\u1ebft h\u00f4n. B\u1ea1n c\u0169ng s\u1ebd bi\u1ebft<\/em><em> th\u00eam<\/em><em> v\u1ec1 vi\u1ec7c sau \u0111\u00e1m c\u01b0\u1edbi t\u00e0i s\u1ea3n chung c\u1ee7a v\u1ee3 ch\u1ed3ng \u0111\u01b0\u1ee3c s\u1eafp x\u1ebfp nh\u01b0 th\u1ebf n\u00e0o theo quy \u0111\u1ecbnh ph\u00e1p lu\u1eadt c\u1ee7a S\u00e9c. Ph\u1ea7n ti\u1ebfp theo c\u1ee7a ch\u01b0\u01a1ng n\u00e0y \u0111\u01b0\u1ee3c d\u00e0nh cho ch\u1ee7 \u0111\u1ec1 s\u1ef1 ra \u0111\u1eddi c\u1ee7a m\u1ed9t \u0111\u1ee9a tr\u1ebb \u0111\u1ed1i<\/em> <em>v\u1edbi ng\u01b0\u1eddi ph\u1ee5<\/em><em> n\u1eef <\/em><em>n\u01b0\u1edbc ngo\u00e0i.<\/em><\/p>\n<p>&nbsp;<\/p>\n<ul class=\"bullet\">\n<li><a href=\"\/\/metropolevsech.eu\/vi\/potrebuji-resit\/manzelstvi-registrovane-partnerstvi-a-rodicovstvi\/uzavreni-manzelstvi-s-cizincem\">K\u1ebft h\u00f4n v\u1edbi ng\u01b0\u1eddi n\u01b0\u1edbc ngo\u00e0i<\/a><\/li>\n<li><a href=\"\/\/metropolevsech.eu\/vi\/potrebuji-resit\/manzelstvi-registrovane-partnerstvi-a-rodicovstvi\/uzavreni-manzelstvi-s-cizincem#partners\">\u0110\u0103ng k\u00fd k\u1ebft h\u00f4n \u0111\u1ed3ng gi\u1edbi v\u1edbi ng\u01b0\u1eddi n\u01b0\u1edbc ngo\u00e0i<\/a><\/li>\n<li><a href=\"\/\/metropolevsech.eu\/vi\/potrebuji-resit\/manzelstvi-registrovane-partnerstvi-a-rodicovstvi\/narozeni-ditete-cizince\">Sinh con \u0111\u1ed1i v\u1edbi ng\u01b0\u1eddi ph\u1ee5 n\u1eef n\u01b0\u1edbc ngo\u00e0i<\/a><\/li>\n<\/ul>\n<p><\/p>","protected":false},"excerpt":{"rendered":"<p>Trong ch\u01b0\u01a1ng n\u00e0y c\u1ee7a trang web Th\u1ee7 \u0111\u00f4 Praha c\u1ee7a m\u1ecdi ng\u01b0\u1eddi, b\u1ea1n s\u1ebd \u0111\u01b0\u1ee3c ti\u1ebfp c\u1eadn v\u1edbi c\u00e1c th\u00f4ng tin khi b\u1ea1n mu\u1ed1n k\u1ebft h\u00f4n t\u1ea1i C\u1ed9ng h\u00f2a S\u00e9c ho\u1eb7c \u0111\u0103ng k\u00fd k\u1ebft h\u00f4n \u0111\u1ed3ng gi\u1edbi v\u1edbi ng\u01b0\u1eddi n\u01b0\u1edbc&#8230;<\/p>\n<a class=\"more-block\" href=\"https:\/\/metropolevsech.eu\/vi\/potrebuji-resit\/manzelstvi-registrovane-partnerstvi-a-rodicovstvi\/\">\u0110\u1ecdc th\u00eam<\/a>","protected":false},"author":18,"featured_media":0,"parent":736,"menu_order":8,"comment_status":"closed","ping_status":"closed","template":"","meta":[],"acf":[],"_links":{"self":[{"href":"https:\/\/metropolevsech.eu\/vi\/wp-json\/wp\/v2\/pages\/12059"}],"collection":[{"href":"https:\/\/metropolevsech.eu\/vi\/wp-json\/wp\/v2\/pages"}],"about":[{"href":"https:\/\/metropolevsech.eu\/vi\/wp-json\/wp\/v2\/types\/page"}],"author":[{"embeddable":true,"href":"https:\/\/metropolevsech.eu\/vi\/wp-json\/wp\/v2\/users\/18"}],"replies":[{"embeddable":true,"href":"https:\/\/metropolevsech.eu\/vi\/wp-json\/wp\/v2\/comments?post=12059"}],"version-history":[{"count":6,"href":"https:\/\/metropolevsech.eu\/vi\/wp-json\/wp\/v2\/pages\/12059\/revisions"}],"predecessor-version":[{"id":24599,"href":"https:\/\/metropolevsech.eu\/vi\/wp-json\/wp\/v2\/pages\/12059\/revisions\/24599"}],"up":[{"embeddable":true,"href":"https:\/\/metropolevsech.eu\/vi\/wp-json\/wp\/v2\/pages\/736"}],"wp:attachment":[{"href":"https:\/\/metropolevsech.eu\/vi\/wp-json\/wp\/v2\/media?parent=12059"}],"curies":[{"name":"wp","href":"https:\/\/api.w.org\/{rel}","templated":true}]}}