{"id":12079,"date":"2020-08-21T16:42:12","date_gmt":"2020-08-21T14:42:12","guid":{"rendered":"https:\/\/metropolevsech.eu\/?page_id=12079"},"modified":"2026-01-26T11:03:26","modified_gmt":"2026-01-26T10:03:26","slug":"narozeni-ditete-cizince","status":"publish","type":"page","link":"https:\/\/metropolevsech.eu\/vi\/potrebuji-resit\/manzelstvi-registrovane-partnerstvi-a-rodicovstvi\/narozeni-ditete-cizince\/","title":{"rendered":"Sinh con"},"content":{"rendered":"<p>Sau khi ng\u01b0\u1eddi n\u01b0\u1edbc ngo\u00e0i sinh con, b\u1ec7nh vi\u1ec7n ph\u1ee5 s\u1ea3n s\u1ebd th\u00f4ng b\u00e1o vi\u1ec7c sinh con cho ph\u00f2ng h\u1ed9 t\u1ecbch \u0111\u1ecba ph\u01b0\u01a1ng. Ph\u00f2ng h\u1ed9 t\u1ecbch s\u1ebd c\u1ea5p gi\u1ea5y ch\u1ee9ng sinh cho \u0111\u1ee9a tr\u1ebb \u2013 \u0111\u01b0\u1ee3c g\u1ecdi l\u00e0 <strong>gi\u1ea5y khai sinh<\/strong>. Gi\u1ea5y khai sinh kh\u00f4ng ph\u1ea3i l\u00e0 gi\u1ea5y ph\u00e9p c\u01b0 tr\u00fa.<\/p>\n<h3><span style=\"color: #ff0000;\"><strong>Gi\u1ea5y ph\u00e9p c\u01b0 tr\u00fa cho tr\u1ebb em (ng\u01b0\u1eddi n\u01b0\u1edbc ngo\u00e0i) sinh ra t\u1ea1i C\u1ed9ng h\u00f2a S\u00e9c<\/strong><\/span><\/h3>\n<p>N\u1ebfu b\u1ea1n d\u1ef1 \u0111\u1ecbnh \u1edf v\u1edbi con t\u1ea1i C\u1ed9ng h\u00f2a S\u00e9c h\u01a1n 60 ng\u00e0y sau khi sinh, b\u1ea1n ph\u1ea3i \u0111\u0103ng k\u00fd cho con trong v\u00f2ng 60 ng\u00e0y k\u1ec3 t\u1eeb ng\u00e0y sinh.<\/p>\n<p><em><span style=\"font-weight: 400;\"><div class=\"box-fixa\"><\/span>Tr\u1ebb em ng\u01b0\u1eddi<\/em> <em>n\u01b0\u1edbc ngo\u00e0i \u0111\u01b0\u1ee3c cung c\u1ea5p gi\u1ea5y ph\u00e9p c\u01b0 tr\u00fa (th\u1ecb th\u1ef1c ng\u1eafn h\u1ea1n, th\u1ecb th\u1ef1c d\u00e0i h\u1ea1n, c\u01b0 tr\u00fa d\u00e0i h\u1ea1n, th\u01b0\u1eddng tr\u00fa) gi\u1ed1ng nh\u01b0 cha m\u1eb9 s\u1ed1ng chung trong m\u1ed9t gia \u0111\u00ecnh. N\u1ebfu cha m\u1eb9 c\u00f3 <\/em><em>lo\u1ea1i c\u01b0<\/em><em> tr\u00fa kh\u00e1c nhau th\u00ec b\u1ea1n c\u00f3 th\u1ec3 ch\u1ecdn m\u1ed9t trong hai lo\u1ea1i \u0111\u1ec3 \u0111\u0103ng<\/em><em> k\u00fd<\/em><em> cho con. <span style=\"font-weight: 400;\"><\/div><\/span><\/em><\/p>\n<p><em><i><div class=\"box-ok\"><\/i><\/em><em>Ch\u00fang t\u00f4i khuy\u00ean b\u1ea1n n\u00ean n\u1ed9p \u0111\u01a1n xin gi\u1ea5y ph\u00e9p c\u01b0 tr\u00fa thu\u1eadn l\u1ee3i h\u01a1n. V\u00ed d\u1ee5 n\u1ebfu cha \/ m\u1eb9 c\u00f3 gi\u1ea5y ph\u00e9p c\u01b0 tr\u00fa d\u00e0i h\u1ea1n v\u00e0 ng\u01b0\u1eddi kia c\u00f3 gi\u1ea5y ph\u00e9p th\u01b0\u1eddng tr\u00fa t\u1ea1i C\u1ed9ng h\u00f2a S\u00e9c, h\u00e3y tr\u1ef1c ti\u1ebfp n\u1ed9p \u0111\u01a1n xin gi\u1ea5y ph\u00e9p th\u01b0\u1eddng<\/em><em> tr\u00fa <\/em><em>cho con m\u00ecnh. <i><\/div><\/i><\/em><\/p>\n<p><strong>N\u1ebfu \u0111\u1ee9a tr\u1ebb l\u00e0 c\u00f4ng d\u00e2n c\u1ee7a Li\u00ean minh Ch\u00e2u \u00c2u ho\u1eb7c th\u00e0nh vi\u00ean gia \u0111\u00ecnh c\u1ee7a c\u00f4ng d\u00e2n c\u1ee7a Li\u00ean minh Ch\u00e2u \u00c2u, b\u1ea1n kh\u00f4ng c\u1ea7n ph\u1ea3i xin gi\u1ea5y ph\u00e9p c\u01b0 tr\u00fa.<\/strong> B\u1ea1n c\u00f3 th\u1ec3 xin cho \u0111\u1ee9a tr\u1ebb <a href=\"\/\/www.mvcr.cz\/clanek\/nektere-nalezitosti-zadosti.aspx\"><u>gi\u1ea5y ch\u1ee9ng nh\u1eadn t\u1ea1m tr\u00fa d\u00e0nh cho c\u00f4ng d\u00e2n EU<\/u><\/a> (v\u1edbi \u0111i\u1ec1u ki\u1ec7n \u0111\u1ee9a tr\u1ebb \u1edf l\u1ea1i C\u1ed9ng h\u00f2a S\u00e9c d\u00e0i h\u01a1n 3 th\u00e1ng sau khi sinh) ho\u1eb7c xin gi\u1ea5y ph\u00e9p th\u01b0\u1eddng tr\u00fa (n\u1ebfu cha m\u1eb9 c\u00f3 gi\u1ea5y ph\u00e9p th\u01b0\u1eddng tr\u00fa). \u01afu \u0111i\u1ec3m c\u1ee7a vi\u1ec7c \u0111\u0103ng k\u00fd th\u01b0\u1eddng tr\u00fa trong v\u00f2ng 60 ng\u00e0y k\u1ec3 t\u1eeb khi \u0111\u1ee9a tr\u1ebb sinh ra l\u00e0 \u0111\u1ee9a tr\u1ebb s\u1ebd t\u1ef1 \u0111\u1ed9ng \u0111\u01b0\u1ee3c c\u1ea5p b\u1ea3o hi\u1ec3m y t\u1ebf c\u00f4ng c\u1ed9ng ngay t\u1eeb khi sinh ra.<\/p>\n<p><em><span style=\"font-weight: 400;\"><div class=\"box-ok\"><\/span>N\u1ebfu m\u1ed9t trong hai cha m\u1eb9 l\u00e0 c\u00f4ng d\u00e2n c\u1ee7a C\u1ed9ng h\u00f2a S\u00e9c, \u0111\u1ee9a tr\u1ebb s\u1ebd t\u1ef1 \u0111\u1ed9ng c\u00f3 qu\u1ed1c t\u1ecbch C\u1ed9ng h\u00f2a S\u00e9c. V\u00ec v\u1eady, kh\u00f4ng c\u1ea7n thi\u1ebft ph\u1ea3i xin<\/em><em> qu\u1ed1c t\u1ecbch<\/em><em>.<span style=\"font-weight: 400;\"><\/div><\/span><\/em><\/p>\n<p><span style=\"font-weight: 400;\"><div class=\"box-ok\"><\/span><a href=\"\/\/metropolevsech.eu\/vi\/potrebuji-resit\/zdravotnictvi-zdravotni-a-socialni-pojisteni\/lekari-a-pohotovost\/\"><u>Th\u00f4ng tin v\u1ec1 ch\u0103m s\u00f3c s\u1ee9c kh\u1ecfe cho ph\u1ee5 n\u1eef ng\u01b0\u1eddi<\/u> <u>n\u01b0\u1edbc ngo\u00e0i \u0111ang mang thai v\u00e0 con c\u1ee7a ng\u01b0\u1eddi n\u01b0\u1edbc ngo\u00e0i<\/u> <\/a>b\u1ea1n c\u00f3 th\u1ec3 t\u00ecm trong ch\u01b0\u01a1ng <u><a href=\"\/\/metropolevsech.eu\/vi\/potrebuji-resit\/zdravotnictvi-zdravotni-a-socialni-pojisteni\/lekari-a-pohotovost\/\">H\u1ec7 th\u1ed1ng ch\u0103m s\u00f3c s\u1ee9c kh\u1ecfe \u1edf C\u1ed9ng h\u00f2a S\u00e9c.<\/a> <span style=\"font-weight: 400;\"><\/div><\/span><\/u><\/p>\n<h3><span style=\"color: #ff0000;\"><strong>X\u00e1c \u0111\u1ecbnh m\u1ed1i<\/strong> <strong>quan h\u1ec7 cha con v\u00e0 ngh\u0129a v\u1ee5 nu\u00f4i d\u01b0\u1ee1ng<\/strong><\/span><strong>\u00a0<\/strong><\/h3>\n<p>N\u00f3i chung cha c\u1ee7a \u0111\u1ee9a tr\u1ebb l\u00e0 ch\u1ed3ng c\u1ee7a ng\u01b0\u1eddi m\u1eb9. N\u1ebfu cha m\u1eb9 kh\u00f4ng \u0111\u0103ng k\u00fd k\u1ebft h\u00f4n, quan h\u1ec7 cha con ph\u1ea3i \u0111\u01b0\u1ee3c c\u00f4ng nh\u1eadn b\u1eb1ng tuy\u00ean b\u1ed1 t\u1ea1i ph\u00f2ng h\u1ed9 t\u1ecbch ho\u1eb7c t\u1ea1i t\u00f2a \u00e1n. Cha ho\u1eb7c m\u1eb9 c\u0169ng c\u00f3 th\u1ec3 n\u1ed9p \u0111\u01a1n y\u00eau c\u1ea7u t\u00f2a \u00e1n x\u00e1c nh\u1eadn quan h\u1ec7 cha con, cho \u0111\u1ebfn khi \u0111\u1ee9a tr\u1ebb \u0111\u01b0\u1ee3c 6 th\u00e1ng tu\u1ed5i.<\/p>\n<p>Cha m\u1eb9 c\u00f3 ngh\u0129a v\u1ee5 nu\u00f4i d\u01b0\u1ee1ng v\u1edbi con cho \u0111\u1ebfn khi ch\u00fang c\u00f3 th\u1ec3 t\u1ef1 nu\u00f4i m\u00ecnh. Do \u0111\u00f3, ngh\u0129a v\u1ee5 n\u00e0y kh\u00f4ng ch\u1ea5m d\u1ee9t khi \u0111\u1ee9a tr\u1ebb \u0111\u1ea1t \u0111\u1ebfn m\u1ed9t \u0111\u1ed9 tu\u1ed5i nh\u1ea5t \u0111\u1ecbnh, m\u00e0 th\u00f4ng th\u01b0\u1eddng, v\u00ed d\u1ee5 sau khi ho\u00e0n th\u00e0nh vi\u1ec7c h\u1ecdc h\u00e0nh ho\u1eb7c chu\u1ea9n b\u1ecb cho m\u1ed9t ngh\u1ec1 nghi\u1ec7p trong t\u01b0\u01a1ng lai. N\u1ebfu cha ho\u1eb7c m\u1eb9 b\u1ecf b\u00ea ngh\u0129a v\u1ee5 nu\u00f4i d\u01b0\u1ee1ng c\u1ee7a m\u00ecnh, ng\u01b0\u1eddi ph\u1ee5 huynh c\u00f2n l\u1ea1i ho\u1eb7c ng\u01b0\u1eddi con c\u00f3 th\u1ec3 \u0111\u01b0a ra t\u00f2a.<\/p>\n<p><strong>C\u00e1c li\u00ean k\u1ebft v\u00e0 li\u00ean h\u1ec7 h\u1eefu \u00edch:<\/strong><\/p>\n<ul class=\"bullet-links\">\n<li>\u0110\u1ec3 bi\u1ebft th\u00eam th\u00f4ng tin v\u1ec1 con c\u00e1i ng\u01b0\u1eddi n\u01b0\u1edbc ngo\u00e0i \u0111\u1ebfn t\u1eeb n\u01b0\u1edbc th\u1ee9 ba v\u00e0 sinh ra \u1edf C\u1ed9ng h\u00f2a S\u00e9c, bao g\u1ed3m c\u00e1c th\u1ee7 t\u1ee5c \u0111\u1ec3 xin gi\u1ea5y ph\u00e9p c\u01b0 tr\u00fa, b\u1ea1n c\u00f3 th\u1ec3 t\u00ecm <a href=\"\/\/www.mvcr.cz\/clanek\/obcane-tretich-zemi-dite-narozene-na-uzemi.aspx\"><u>tr\u00ean trang web c\u1ee7a B\u1ed9 N\u1ed9i v\u1ee5 C\u1ed9ng h\u00f2a S\u00e9c.<\/u><\/a><\/li>\n<li>B\u1ea1n c\u00f3 th\u1ec3 t\u00ecm th\u00eam th\u00f4ng tin v\u1ec1 tr\u1ebb em (c\u00f4ng d\u00e2n EU ho\u1eb7c th\u00e0nh vi\u00ean gia \u0111\u00ecnh c\u00f4ng d\u00e2n EU) sinh ra \u1edf C\u1ed9ng h\u00f2a S\u00e9c <a href=\"\/\/www.mvcr.cz\/clanek\/dite-narozene-na-uzemi.aspx\"><u>tr\u00ean trang web c\u1ee7a B\u1ed9 N\u1ed9i v\u1ee5 C\u1ed9ng h\u00f2a S\u00e9c.<\/u><\/a><\/li>\n<li>Trung t\u00e2m h\u1ed9i nh\u1eadp d\u00e0nh cho ng\u01b0\u1eddi n\u01b0\u1edbc ngo\u00e0i c\u0169ng \u0111\u00e3 \u0111\u01b0a ra c\u00e1c <a href=\"\/\/www.cicpraha.org\/vi\/socialni-poradenstvi\/manzelstvi-narozeni-ditete-rodina\/narozeni-ditete-cizince.html\"><u>th\u00f4ng tin v\u1ec1 tr\u1ebb em ng\u01b0\u1eddi n\u01b0\u1edbc ngo\u00e0i sinh ra t\u1ea1i C\u1ed9ng h\u00f2a S\u00e9c.<\/u><\/a><\/li>\n<\/ul>\n<p><\/p>","protected":false},"excerpt":{"rendered":"<p>Sau khi ng\u01b0\u1eddi n\u01b0\u1edbc ngo\u00e0i sinh con, b\u1ec7nh vi\u1ec7n ph\u1ee5 s\u1ea3n s\u1ebd th\u00f4ng b\u00e1o vi\u1ec7c sinh con cho ph\u00f2ng h\u1ed9 t\u1ecbch \u0111\u1ecba ph\u01b0\u01a1ng. Ph\u00f2ng h\u1ed9 t\u1ecbch s\u1ebd c\u1ea5p gi\u1ea5y ch\u1ee9ng sinh cho \u0111\u1ee9a tr\u1ebb \u2013 \u0111\u01b0\u1ee3c g\u1ecdi l\u00e0 gi\u1ea5y khai&#8230;<\/p>\n<a class=\"more-block\" href=\"https:\/\/metropolevsech.eu\/vi\/potrebuji-resit\/manzelstvi-registrovane-partnerstvi-a-rodicovstvi\/narozeni-ditete-cizince\/\">\u0110\u1ecdc th\u00eam<\/a>","protected":false},"author":18,"featured_media":0,"parent":12059,"menu_order":2,"comment_status":"closed","ping_status":"closed","template":"","meta":[],"acf":[],"_links":{"self":[{"href":"https:\/\/metropolevsech.eu\/vi\/wp-json\/wp\/v2\/pages\/12079"}],"collection":[{"href":"https:\/\/metropolevsech.eu\/vi\/wp-json\/wp\/v2\/pages"}],"about":[{"href":"https:\/\/metropolevsech.eu\/vi\/wp-json\/wp\/v2\/types\/page"}],"author":[{"embeddable":true,"href":"https:\/\/metropolevsech.eu\/vi\/wp-json\/wp\/v2\/users\/18"}],"replies":[{"embeddable":true,"href":"https:\/\/metropolevsech.eu\/vi\/wp-json\/wp\/v2\/comments?post=12079"}],"version-history":[{"count":19,"href":"https:\/\/metropolevsech.eu\/vi\/wp-json\/wp\/v2\/pages\/12079\/revisions"}],"predecessor-version":[{"id":24604,"href":"https:\/\/metropolevsech.eu\/vi\/wp-json\/wp\/v2\/pages\/12079\/revisions\/24604"}],"up":[{"embeddable":true,"href":"https:\/\/metropolevsech.eu\/vi\/wp-json\/wp\/v2\/pages\/12059"}],"wp:attachment":[{"href":"https:\/\/metropolevsech.eu\/vi\/wp-json\/wp\/v2\/media?parent=12079"}],"curies":[{"name":"wp","href":"https:\/\/api.w.org\/{rel}","templated":true}]}}