{"id":14566,"date":"2021-09-08T15:16:21","date_gmt":"2021-09-08T13:16:21","guid":{"rendered":"https:\/\/metropolevsech.eu\/?page_id=14566"},"modified":"2021-11-20T00:01:51","modified_gmt":"2021-11-19T23:01:51","slug":"dum-narodnostnich-mensin-praha","status":"publish","type":"page","link":"https:\/\/metropolevsech.eu\/vi\/kontakty\/dum-narodnostnich-mensin-praha\/","title":{"rendered":"(\u010ce\u0161tina) D\u016fm n\u00e1rodnostn\u00edch men\u0161in \u2013 Praha"},"content":{"rendered":"<p class=\"qtranxs-available-languages-message qtranxs-available-languages-message-vi\">R\u1ea5t ti\u1ebfc, m\u1ee5c n\u00e0y ch\u1ec9 t\u1ed3n t\u1ea1i \u1edf <a href=\"https:\/\/metropolevsech.eu\/cs\/wp-json\/wp\/v2\/pages\/14566\" class=\"qtranxs-available-language-link qtranxs-available-language-link-cs\" title=\"\u010ce\u0161tina\">Ti\u1ebfng S\u00e9c<\/a>.<\/p>","protected":false},"excerpt":{"rendered":"<p>R\u1ea5t ti\u1ebfc, m\u1ee5c n\u00e0y ch\u1ec9 t\u1ed3n t\u1ea1i \u1edf Ti\u1ebfng S\u00e9c.<\/p>\n<a class=\"more-block\" href=\"https:\/\/metropolevsech.eu\/vi\/kontakty\/dum-narodnostnich-mensin-praha\/\">\u0110\u1ecdc th\u00eam<\/a>","protected":false},"author":12,"featured_media":0,"parent":895,"menu_order":4,"comment_status":"closed","ping_status":"closed","template":"","meta":[],"acf":[],"_links":{"self":[{"href":"https:\/\/metropolevsech.eu\/vi\/wp-json\/wp\/v2\/pages\/14566"}],"collection":[{"href":"https:\/\/metropolevsech.eu\/vi\/wp-json\/wp\/v2\/pages"}],"about":[{"href":"https:\/\/metropolevsech.eu\/vi\/wp-json\/wp\/v2\/types\/page"}],"author":[{"embeddable":true,"href":"https:\/\/metropolevsech.eu\/vi\/wp-json\/wp\/v2\/users\/12"}],"replies":[{"embeddable":true,"href":"https:\/\/metropolevsech.eu\/vi\/wp-json\/wp\/v2\/comments?post=14566"}],"version-history":[{"count":3,"href":"https:\/\/metropolevsech.eu\/vi\/wp-json\/wp\/v2\/pages\/14566\/revisions"}],"predecessor-version":[{"id":14842,"href":"https:\/\/metropolevsech.eu\/vi\/wp-json\/wp\/v2\/pages\/14566\/revisions\/14842"}],"up":[{"embeddable":true,"href":"https:\/\/metropolevsech.eu\/vi\/wp-json\/wp\/v2\/pages\/895"}],"wp:attachment":[{"href":"https:\/\/metropolevsech.eu\/vi\/wp-json\/wp\/v2\/media?parent=14566"}],"curies":[{"name":"wp","href":"https:\/\/api.w.org\/{rel}","templated":true}]}}