{"id":14813,"date":"2021-10-13T10:59:28","date_gmt":"2021-10-13T08:59:28","guid":{"rendered":"https:\/\/metropolevsech.eu\/?page_id=14813"},"modified":"2026-01-23T17:44:14","modified_gmt":"2026-01-23T16:44:14","slug":"podnikani-fyzickych-osob-2","status":"publish","type":"page","link":"https:\/\/metropolevsech.eu\/vi\/potrebuji-resit\/podnikani\/podnikani-fyzickych-osob-2\/","title":{"rendered":"Kinh doanh c\u00e1 th\u1ec3"},"content":{"rendered":"<p><em>Trong ch\u01b0\u01a1ng n\u00e0y, qu\u00ed v\u1ecb s\u1ebd \u0111\u01b0\u1ee3c bi\u1ebft, ai l\u00e0 doanh nh\u00e2n (c\u00e1 nh\u00e2n) v\u00e0 d\u1ef1a tr\u00ean s\u1ef1 cho ph\u00e9p n\u00e0o th\u00ec \u0111\u01b0\u1ee3c kinh doanh t\u1ea1i CH S\u00e9c.<\/em><\/p>\n<p>Doanh nh\u00e2n t\u1ea1i CH S\u00e9c \u0111\u01b0\u1ee3c \u0111\u1ecbnh ngh\u0129a, l\u00e0 ng\u01b0\u1eddi \u0111\u1ed9c l\u1eadp th\u1ef1c hi\u1ec7n d\u01b0\u1edbi danh ngh\u0129a c\u00e1 nh\u00e2n v\u00e0 t\u1ef1 ch\u1ecbu tr\u00e1ch nhi\u1ec7m cho c\u00f4ng vi\u1ec7c ki\u1ebfm l\u1ee3i nhu\u1eadn b\u1eb1ng gi\u1ea5y ph\u00e9p kinh doanh ho\u1eb7c m\u1ed9t h\u00ecnh th\u1ee9c t\u01b0\u01a1ng t\u1ef1 trong th\u1eddi gian d\u00e0i nh\u1eb1m m\u1ee5c \u0111\u00edch ki\u1ebfm l\u1ee3i nhu\u1eadn.<\/p>\n<p>C\u00e1 nh\u00e2n kinh doanh \u0111\u01b0\u1ee3c g\u1ecdi l\u00e0 <strong>ng\u01b0\u1eddi t\u1ef1 l\u00e0m vi\u1ec7c ki\u1ebfm l\u1eddi<\/strong> \u2013 <strong>g\u1ecdi l\u00e0<\/strong> <strong>OSV\u010c<\/strong>. Ho\u1ea1t \u0111\u1ed9ng \u0111\u1ed9c l\u1eadp \u0111\u1ec3 ki\u1ebfm l\u1eddi \u0111\u01b0\u1ee3c chia ra l\u00e0m ho\u1ea1t \u0111\u1ed9ng \u0111\u1ed9c l\u1eadp <strong>ch\u00ednh y\u1ebfu<\/strong> \u0111\u1ec3 ki\u1ebfm l\u1eddi v\u00e0 ho\u1ea1t \u0111\u1ed9ng \u0111\u1ed9c l\u1eadp ki\u1ebfm l\u1eddi <strong>ph\u1ee5 y\u1ebfu<\/strong>. V\u00ed d\u1ee5, ho\u1ea1t \u0111\u1ed9ng kinh doanh \u0111\u01b0\u1ee3c g\u1ecdi l\u00e0 ph\u1ee5 y\u1ebfu, n\u1ebfu qu\u00ed v\u1ecb kinh doanh trong l\u00fac l\u00e0m thu\u00ea, ho\u1eb7c trong khi ngh\u1ec9 ph\u00e9p nu\u00f4i con, ho\u1eb7c trong th\u1eddi gian c\u00f3 l\u01b0\u01a1ng h\u01b0u.<\/p>\n<p><em>Qu\u00ed v\u1ecb c\u00f3 th\u1ec3 t\u00ecm th\u00eam th\u00f4ng tin chi ti\u1ebft v\u1ec1 ho\u1ea1t \u0111\u1ed9ng ki\u1ebfm l\u1eddi ch\u00ednh y\u1ebfu v\u00e0 khi n\u00e0o th\u00ec \u0111\u01b0\u1ee3c xem l\u00e0 ch\u00ednh y\u1ebfu ho\u0103c ph\u1ee5 y\u1ebfu<\/em><a href=\"https:\/\/www.cssz.cz\/definice-a-druhy-svc\"> <em>tr\u00ean trang nh\u00e0 c\u1ee7a C\u01a1 quan qu\u1ea3n l\u00fd an sinh x\u00e3 h\u1ed9i<\/em><em>.<\/em><\/a><\/p>\n<p>C\u00e1ch th\u1ee9c kinh doanh th\u01b0\u1eddng xuy\u00ean nh\u1ea5t \u1edf CH S\u00e9c l\u00e0 <strong>kinh doanh c\u00f3 gi\u1ea5y ph\u00e9p<\/strong>, do lu\u1eadt v\u1ec1 gi\u1ea5y ph\u00e9p kinh doanh qui \u0111\u1ecbnh. Qu\u00ed v\u1ecb c\u00f3 th\u1ec3 t\u00ecm b\u1ea3n hi\u1ec7n h\u00e0nh <a href=\"https:\/\/www.mpo.cz\/cz\/podnikani\/zivnostenske-podnikani\/pravni-predpisy\/zivnostensky-zakon--166698\/\">tr\u00ean trang nh\u00e0 c\u1ee7a b\u1ed9 <strong>C\u00f4ng nghi\u1ec7p v\u00e0 c\u00f4ng th\u01b0\u01a1ng<\/strong><\/a>, v\u00e0 kinh doanh thu\u1ed9c ph\u1ea1m vi s\u1eeda \u0111\u1ed5i c\u1ee7a b\u1ed9 lu\u1eadt.<\/p>\n<p>\u0110\u1ed3ng th\u1eddi c\u00f3 th\u1ec3 kinh doanh trong khu\u00f4n kh\u1ed5 c\u00e1i g\u1ecdi l\u00e0 <strong>ngh\u1ec1 nghi\u1ec7p t\u1ef1 do<\/strong>. Ngh\u1ec1 nghi\u1ec7p t\u1ef1 do \u0111\u01b0\u1ee3c \u0111\u1ecbnh ngh\u0129a l\u00e0 kinh doanh c\u00e1 th\u1ec3 \u0111\u01b0\u1ee3c th\u1ef1c hi\u1ec7n tr\u00ean n\u1ec1n t\u1ea3ng kh\u00e1c v\u1edbi n\u1ec1n t\u1ea3ng c\u1ee7a lu\u1eadt v\u1ec1 gi\u1ea5y ph\u00e9p kinh doanh. \u0110\u1ed1i v\u1edbi m\u1ed9t s\u1ed1 ngh\u1ec1 nghi\u1ec7p t\u1ef1 do th\u00ec vi\u1ec7c l\u00e0 th\u00e0nh vi\u00ean trong m\u1ed9t hi\u1ec7p h\u1ed9i ngh\u1ec1 (vd, d\u00e0nh cho lu\u1eadt s\u01b0 ho\u1eb7c b\u00e1c s\u0129) l\u00e0 b\u1eaft bu\u1ed9c, v\u1edbi m\u1ed9t s\u1ed1 ngh\u1ec1 th\u00ec vi\u1ec7c gia nh\u1eadp h\u1ed9i vi\u00ean ch\u1ec9 l\u00e0 t\u1ef1 nguy\u1ec7n (vd, d\u00e0nh cho nh\u00e0 b\u00e1o).<\/p>\n<p>Ch\u00fang t\u00f4i s\u1ebd gi\u1ea3i th\u00edch chi ti\u1ebft h\u01a1n v\u1ec1 c\u00e1c lo\u1ea1i h\u00ecnh kinh doanh c\u00e1 th\u1ec3 trong nh\u1eefng ch\u01b0\u01a1ng sau.<\/p>\n<ul>\n<li><a href=\"https:\/\/metropolevsech.eu\/cs\/podnikani-fyzickych-osob-2\/zivnostenske-podnikani-cizincu-v-cr\/\">Kinh doanh c\u00f3 gi\u1ea5y ph\u00e9p<\/a><\/li>\n<li><a href=\"https:\/\/metropolevsech.eu\/cs\/potrebuji-resit\/podnikani\/podnikani-fyzickych-osob-2\/14822-2\/\">Kinh<\/a><u> doanh t\u1ef1 do<\/u><\/li>\n<\/ul>\n<p>C\u1eadp nh\u1eadt n\u1ed9i dung t\u1eeb kh\u00eda c\u1ea1nh x\u00e3 h\u1ed9i-ph\u00e1p l\u00fd ng\u00e0y 8.11.2021.<\/p>","protected":false},"excerpt":{"rendered":"<p>Trong ch\u01b0\u01a1ng n\u00e0y, qu\u00ed v\u1ecb s\u1ebd \u0111\u01b0\u1ee3c bi\u1ebft, ai l\u00e0 doanh nh\u00e2n (c\u00e1 nh\u00e2n) v\u00e0 d\u1ef1a tr\u00ean s\u1ef1 cho ph\u00e9p n\u00e0o th\u00ec \u0111\u01b0\u1ee3c kinh doanh t\u1ea1i CH S\u00e9c. Doanh nh\u00e2n t\u1ea1i CH S\u00e9c \u0111\u01b0\u1ee3c \u0111\u1ecbnh ngh\u0129a, l\u00e0 ng\u01b0\u1eddi \u0111\u1ed9c l\u1eadp&#8230;<\/p>\n<a class=\"more-block\" href=\"https:\/\/metropolevsech.eu\/vi\/potrebuji-resit\/podnikani\/podnikani-fyzickych-osob-2\/\">\u0110\u1ecdc th\u00eam<\/a>","protected":false},"author":7,"featured_media":0,"parent":603,"menu_order":2,"comment_status":"closed","ping_status":"closed","template":"","meta":[],"acf":[],"_links":{"self":[{"href":"https:\/\/metropolevsech.eu\/vi\/wp-json\/wp\/v2\/pages\/14813"}],"collection":[{"href":"https:\/\/metropolevsech.eu\/vi\/wp-json\/wp\/v2\/pages"}],"about":[{"href":"https:\/\/metropolevsech.eu\/vi\/wp-json\/wp\/v2\/types\/page"}],"author":[{"embeddable":true,"href":"https:\/\/metropolevsech.eu\/vi\/wp-json\/wp\/v2\/users\/7"}],"replies":[{"embeddable":true,"href":"https:\/\/metropolevsech.eu\/vi\/wp-json\/wp\/v2\/comments?post=14813"}],"version-history":[{"count":7,"href":"https:\/\/metropolevsech.eu\/vi\/wp-json\/wp\/v2\/pages\/14813\/revisions"}],"predecessor-version":[{"id":24548,"href":"https:\/\/metropolevsech.eu\/vi\/wp-json\/wp\/v2\/pages\/14813\/revisions\/24548"}],"up":[{"embeddable":true,"href":"https:\/\/metropolevsech.eu\/vi\/wp-json\/wp\/v2\/pages\/603"}],"wp:attachment":[{"href":"https:\/\/metropolevsech.eu\/vi\/wp-json\/wp\/v2\/media?parent=14813"}],"curies":[{"name":"wp","href":"https:\/\/api.w.org\/{rel}","templated":true}]}}