{"id":14817,"date":"2021-10-13T11:08:27","date_gmt":"2021-10-13T09:08:27","guid":{"rendered":"https:\/\/metropolevsech.eu\/?page_id=14817"},"modified":"2026-01-27T20:12:34","modified_gmt":"2026-01-27T19:12:34","slug":"zivnostenske-podnikani-cizincu-v-cr","status":"publish","type":"page","link":"https:\/\/metropolevsech.eu\/vi\/potrebuji-resit\/podnikani\/podnikani-fyzickych-osob-2\/zivnostenske-podnikani-cizincu-v-cr\/","title":{"rendered":"Ho\u1ea1t \u0111\u1ed9ng kinh doanh d\u1ef1a tr\u00ean gi\u1ea5y ph\u00e9p kinh doanh"},"content":{"rendered":"<p><\/p>\n<ul>\n<li><a href=\"https:\/\/metropolevsech.eu\/cs\/potrebuji-resit\/podnikani\/podnikani-fyzickych-osob-2\/zivnostenske-podnikani-cizincu-v-cr\/#zivnost\">S\u1ef1 kinh doanh c\u00f3 gi\u1ea5y ph\u00e9p l\u00e0 g\u00ec?<\/a><\/li>\n<li><a href=\"#druhyzivnosti\"><u>C\u00e1c lo\u1ea1i h\u00ecnh kinh doanh c\u00f3 gi\u1ea5y ph\u00e9p<\/u><\/a><\/li>\n<li><a href=\"https:\/\/metropolevsech.eu\/cs\/potrebuji-resit\/podnikani\/podnikani-fyzickych-osob-2\/zivnostenske-podnikani-cizincu-v-cr\/#opravneni\">Xin gi\u1ea5y ph\u00e9p kinh doanh \u1edf \u0111\u00e2u?<\/a><\/li>\n<li><a href=\"#jednotnyformular\"><u>M\u1eabu \u0111\u0103ng k\u00fd duy nh\u1ea5t<\/u><\/a><\/li>\n<\/ul>\n<p><strong>S\u1ef1 kinh doanh c\u00f3 gi\u1ea5y ph\u00e9p l\u00e0 g\u00ec<\/strong><strong>? <\/strong><strong>Gi\u1ea5y ph\u00e9p kinh doanh<\/strong><strong>?<\/strong><\/p>\n<p>S\u1ef1 kinh doanh c\u00f3 gi\u1ea5y ph\u00e9p \u0111\u01b0\u1ee3c hi\u1ec3u l\u00e0 ho\u1ea1t \u0111\u1ed9ng l\u00e2u d\u00e0i \u0111\u01b0\u1ee3c th\u1ef1c hi\u1ec7n \u0111\u1ed9c l\u1eadp, d\u01b0\u1edbi danh ngh\u0129a c\u00e1n nh\u00e2n, t\u1ef1 ch\u1ecbu tr\u00e1ch nhi\u1ec7m, nh\u1eb1m m\u1ee5c \u0111\u00edch \u0111\u1ea1t l\u1ee3i nhu\u1eadn v\u00e0 chi\u1ebfu theo lu\u1eadt v\u1ec1 gi\u1ea5y ph\u00e9p kinh doanh. \u0110\u00e2y kh\u00f4ng kh\u00f4ng ph\u1ea3i l\u00e0 ho\u1ea1t \u0111\u1ed9ng m\u1ed9t l\u1ea7n, hay ho\u1ea1t \u0111\u1ed9ng \u0111\u01b0\u1ee3c th\u1ef1c hi\u1ec7n kh\u00f4ng nh\u1eb1m m\u1ee5c \u0111\u00edch ki\u1ebfm l\u1eddi, ho\u1eb7c c\u00f4ng vi\u1ec7c \u0111\u01b0\u1ee3c th\u1ef1c hi\u1ec7n tr\u00ean c\u01a1 s\u1edf m\u1ed1i quan h\u1ec7 ch\u1ee7-c\u00f4ng do lu\u1eadt \u0111\u1ecbnh. <strong>Vi\u1ec7c kinh doanh c\u00f3 gi\u1ea5y ph\u00e9p<\/strong> ch\u1ec9 c\u00f3 th\u1ec3 \u0111\u01b0\u1ee3c th\u1ef1c hi\u1ec7n nh\u1edd <strong>gi\u1ea5y ph\u00e9p kinh doanh<\/strong> do <a href=\"https:\/\/www.businessinfo.cz\/clanky\/zivnostenske-urady-kraj-praha\/\">ph\u00f2ng kinh doanh<\/a> c\u1ea5p.<\/p>\n<p><em>N\u1ebfu ch\u00fa lao \u0111\u1ed9ng \u00e9p bu\u1ed9c b\u1ea1n ph\u1ea3i lo li\u1ec7u gi\u1ea5y ph\u00e9p kinh doanh \u0111\u1ec3 qu\u00ed v\u1ecb t\u1ef1 ch\u1ecbu tr\u00e1ch nhi\u1ec7m nh\u01b0 nh\u1eefng doanh nh\u00e2n \u0111\u1ed9c l\u1eadp, trong khi th\u1ef1c ra qu\u00ed v\u1ecb l\u00e0m c\u00f4ng cho h\u1ecd v\u00e0 th\u1ef1c hi\u1ec7n c\u00f4ng vi\u1ec7c nh\u01b0 ng\u01b0\u1eddi l\u00e0m thu\u00ea, \u0111\u00e2y l\u00e0 h\u00e0nh vi l\u00e1ch lu\u1eadt b\u1ea5t h\u1ee3p ph\u00e1p (\u0111\u01b0\u1ee3c g\u1ecdi l\u00e0 h\u1ec7 th\u1ed1ng <\/em><em>\u0160<\/em><em>varc)!<\/em><\/p>\n<p>Kinh doanh c\u00f3 gi\u1ea5y ph\u00e9p \u0111\u01b0\u1ee3c qui \u0111\u1ecbnh b\u1edfi lu\u1eadt v\u1ec1 gi\u1ea5y ph\u00e9p kinh doanh. Qu\u00ed v\u1ecb c\u00f3 th\u1ec3 t\u00ecm b\u1ea3n hi\u1ec7n h\u00e0nh c\u1ee7a lu\u1eadt<a href=\"https:\/\/www.mpo.cz\/cz\/podnikani\/zivnostenske-podnikani\/pravni-predpisy\/zivnostensky-zakon--166698\/\">\u00a0tr\u00ean trang nh\u00e0 c\u1ee7a <strong>B\u1ed9 c\u00f4ng nghi\u1ec7p v\u00e0 c\u00f4ng th\u01b0\u01a1ng<\/strong><\/a>.<\/p>\n<p><strong><em>Ng\u01b0\u1eddi n\u01b0\u1edbc ngo\u00e0i lo li\u1ec7u gi\u1ea5y ph\u00e9p kinh doanh nh\u01b0 th\u1ebf n\u00e0o?<\/em><\/strong><\/p>\n<p>Tr\u00ean trang nh\u00e0 c\u1ee7a B\u1ed9 c\u00f4ng nghi\u1ec7p v\u00e0 c\u00f4ng th\u01b0\u01a1ng c\u00f3 <u><a href=\"https:\/\/www.mpo.cz\/cz\/podnikani\/zivnostenske-podnikani\/pruvodce-zivnostenskym-podnikanim\/pruvodce-zivnostenskym-podnikanim-pro-fyzicke-osoby--ktere-nemaji-bydliste-na-uzemi-cr-zahranicni-fo---obcan-clenskeho-statu-eu--ehp-a-svycarska--77544\/\">C\u1ea9m nang kinh doanh cho c\u00e1 th\u1ec3<\/a> <\/u>kh\u00f4ng c\u00f3 \u0111\u1ecba ch\u1ec9 th\u01b0\u1eddng tr\u00fa tr\u00ean l\u00e3nh th\u1ed5 CH S\u00e9c (c\u00e1 nh\u00e2n l\u00e0 ng\u01b0\u1eddi n\u01b0\u1edbc ngo\u00e0i \u2013 c\u00f4ng d\u00e2n c\u1ee7a m\u1ed9t n\u01b0\u1edbc th\u00e0nh vi\u00ean trong EU, EEA v\u00e0 Th\u1ee5y S\u0129).<\/p>\n<p><strong>C\u00e1c lo\u1ea1i gi\u1ea5y ph\u00e9p kinh doanh<\/strong><\/p>\n<p>C\u00e1c lo\u1ea1i gi\u1ea5y ph\u00e9p kinh doanh chia ra l\u00e0m lo\u1ea1i <strong>th\u00f4ng b\u00e1o<\/strong> v\u00e0 lo\u1ea1i <strong>\u0111\u01b0\u1ee3c c\u1ea5p ph\u00e9p<\/strong>.<\/p>\n<p><strong>Gi\u1ea5y kinh doanh th\u00f4ng b\u00e1o<\/strong><\/p>\n<p>Lo\u1ea1i gi\u1ea5y kinh doanh th\u00f4ng b\u00e1o th\u00ec ch\u1ec9 c\u1ea7n th\u00f4ng b\u00e1o v\u1edbi ph\u00f2ng kinh doanh v\u00e0 qu\u00ed v\u1ecb c\u00f3 th\u1ec3 ngay l\u1eadp t\u1ee9c b\u1eaft \u0111\u1ea7u kinh doanh. Trong khu\u00f4n kh\u1ed5 nh\u1eefng lo\u1ea1i h\u00ecnh kinh doanh th\u00f4ng b\u00e1o, ch\u00fang t\u00f4i c\u00f2n chia ra l\u00e0m:<\/p>\n<ul>\n<li><strong>Gi\u1ea5y ph\u00e9p kinh doanh t\u1ef1 do<\/strong> \u2013ch\u1ec9 c\u1ea7n h\u1ed9i t\u1ee5 \u0111\u1ee7 \u0111i\u1ec1u ki\u1ec7n \u0111\u1ec3 th\u1ef1c h\u00e0nh vi\u1ec7c kinh doanh (\u0111\u00e3 \u0111\u1ee7 18 tu\u1ed5i, \u0111\u1ee7 kh\u1ea3 n\u0103ng ch\u1ecbu tr\u00e1ch nhi\u1ec7m ph\u00e1p l\u00fd v\u00e0 l\u00fd l\u1ecbch trong s\u1ea1ch), kh\u00f4ng c\u1ea7n ch\u1ee9ng minh kh\u1ea3 n\u0103ng chuy\u00ean m\u00f4n c\u0169ng nh\u01b0 kh\u1ea3 n\u0103ng kh\u00e1c. Nh\u1eefng c\u00f4ng vi\u1ec7c v\u00ed d\u1ee5 nh\u01b0, l\u00e0m v\u00e0 s\u1eeda gi\u00e0y d\u00e9p, d\u1ecbch v\u1ee5 nh\u00e0 ngh\u1ec9 ho\u1eb7c ch\u1ee5p h\u00ecnh l\u00e0 nh\u1eefng d\u1ecbch v\u1ee5 kh\u00f4ng c\u1ea7n kh\u1ea3 n\u0103ng chuy\u00ean m\u00f4n. To\u00e0n b\u1ed9 danh s\u00e1ch nh\u1eefng ngh\u1ec1 kinh doanh t\u1ef1 do c\u00f3 t\u1ea1i<a href=\"https:\/\/www.mpo.cz\/assets\/cz\/podnikani\/zivnostenske-podnikani\/pravni-predpisy\/2021\/10\/ZZ_UPLNE_ZNENI_prilohy_k_2_8_2021_WEB.pdf\"> ph\u1ee5 l\u1ee5c s\u1ed1 4\u00a0 <\/a><u>c\u1ee7a lu\u1eadt v\u1ec1 gi\u1ea5y ph\u00e9p kinh doanh.<\/u><\/li>\n<li><strong>Gi\u1ea5y ph\u00e9p kinh doanh th\u1ee7 c\u00f4ng<\/strong>\u2013 \u0111\u00e2y l\u00e0 nh\u1eefng ngh\u1ec1 th\u1ee7 c\u00f4ng \u0111\u00f2i h\u1ecfi ph\u1ea3i c\u00f3 gi\u1ea5y ph\u00e9p chuy\u00ean m\u00f4n. Danh s\u00e1ch \u0111\u1ea7y \u0111\u1ee7 \u0111\u01b0\u1ee3c n\u00eau t\u1ea1i <a href=\"https:\/\/www.mpo.cz\/assets\/cz\/podnikani\/zivnostenske-podnikani\/pravni-predpisy\/2021\/10\/ZZ_UPLNE_ZNENI_prilohy_k_2_8_2021_WEB.pdf\">ph\u1ee5 l\u1ee5c s\u1ed1 1 c\u1ee7a lu\u1eadt v\u1ec1 gi\u1ea5y ph\u00e9p kinh doanh<\/a>. \u0110\u00f3 l\u00e0 nh\u1eefng ngh\u1ec1 v\u00ed d\u1ee5 nh\u01b0 gi\u1ebft m\u1ed5 v\u00e0 x\u00f4ng kh\u00f3i, n\u01b0\u1edbng b\u00e1nh m\u1ef3 v\u00e0 b\u00e1nh ng\u1ecdt, l\u00e0m v\u00e0 s\u1eeda kh\u00f3a, th\u1ee3 n\u1ec1n, c\u1eaft t\u00f3c v\u00e0 nh\u1eefng ngh\u1ec1 kh\u00e1c.<\/li>\n<li><strong>Gi\u1ea5y ph\u00e9p kinh doanh ph\u1ee5 thu\u1ed9c<\/strong> \u2013nh\u1eefng ngh\u1ec1 nh\u01b0 v\u1eadn h\u00e0nh tr\u01b0\u1eddng l\u00e1i xe \u00f4-t\u00f4, kinh doanh trong nh\u1eefng l\u0129nh v\u1ef1c li\u00ean quan \u0111\u1ebfn r\u00e1c th\u1ea3i nguy hi\u1ec3m, c\u00f4ng vi\u1ec7c t\u01b0 v\u1ea5n k\u1ebf to\u00e1n v\u00e0 nh\u1eefng ng\u00e0nh kh\u00e1c, l\u00e0 nh\u1eefng ng\u00e0nh \u0111\u00f2i h\u1ecfi ph\u1ea3i c\u00f3 gi\u1ea5y ph\u00e9p chuy\u00ean m\u00f4n. Danh s\u00e1ch \u0111\u1ea7y \u0111\u1ee7 t\u1ea1i <a href=\"https:\/\/www.mpo.cz\/assets\/cz\/podnikani\/zivnostenske-podnikani\/pravni-predpisy\/2021\/10\/ZZ_UPLNE_ZNENI_prilohy_k_2_8_2021_WEB.pdf\">ph\u1ee5 l\u1ee5c s\u1ed1 2 c\u1ee7a lu\u1eadt v\u1ec1 gi\u1ea5y ph\u00e9p kinh doanh<\/a>.<\/li>\n<\/ul>\n<p><strong>Gi\u1ea5y ph\u00e9p kinh doanh \u0111\u01b0\u1ee3c ph\u00ea duy\u1ec7t<\/strong><\/p>\n<p>\u0110\u00e2y l\u00e0 nh\u1eefng l\u0129nh v\u1ef1c kinh doanh th\u01b0\u1eddng ph\u1ea3i c\u00f3 s\u1ef1 ph\u00ea duy\u1ec7t c\u1ee7a c\u01a1 quan c\u1ea7n thi\u1ebft, \u0111\u1ed3ng th\u1eddi c\u00f3 th\u1ec3 \u0111\u00f2i h\u1ecfi ph\u1ea3i c\u00f3 ch\u1ee9ng ch\u1ec9 chuy\u00ean m\u00f4n (v\u00e0 th\u1eadm ch\u00ed c\u1ea7n c\u00f3 m\u1ed9t s\u1ed1 kinh nghi\u1ec7m nh\u1ea5t \u0111\u1ecbnh) v\u00e0 doanh nh\u00e2n c\u00f2n ph\u1ea3i \u0111\u00e1p \u1ee9ng nh\u1eefng y\u00eau c\u1ea7u kh\u00e1c, nh\u01b0 l\u00fd l\u1ecbch trong s\u1ea1ch c\u1ee7a t\u1ea5t c\u1ea3 nh\u1eefng ng\u01b0\u1eddi th\u1ef1c hi\u1ec7n c\u00f4ng vi\u1ec7c v\u00e0 vv&#8230;Danh s\u00e1ch \u0111\u1ea7y \u0111\u1ee7 \u0111\u01b0\u1ee3c mi\u00eau t\u1ea3 <a href=\"https:\/\/www.mpo.cz\/assets\/cz\/podnikani\/zivnostenske-podnikani\/pravni-predpisy\/2021\/10\/ZZ_UPLNE_ZNENI_prilohy_k_2_8_2021_WEB.pdf\">t\u1ea1i ph\u1ee5 l\u1ee5c s\u1ed1 3 c\u1ee7a lu\u1eadt v\u1ec1 kinh doanh c\u00f3 gi\u1ea5y ph\u00e9p<\/a>. V\u00ed d\u1ee5 nh\u01b0 v\u1eadn t\u1ea3i xe t\u1ea3i, \u0111i\u1ec1u h\u00e0nh c\u00f4ng ty du l\u1ecbch, canh gi\u1eef t\u00e0i s\u1ea3n v\u00e0 b\u1ea3o v\u1ec7 ng\u01b0\u1eddi kh\u00e1c v\u00e0 vv..<\/p>\n<p><strong>Xin gi\u1ea5y ph\u00e9p kinh doanh \u1edf \u0111\u00e2u?<\/strong><\/p>\n<p>\u0110\u1ec3 th\u00f4ng b\u00e1o ho\u1eb7c \u0111\u1ec7 \u0111\u01a1n xin ph\u00ea duy\u1ec7t gi\u1ea5y ph\u00e9p kinh doanh, qu\u00ed v\u1ecb c\u00f3 th\u1ec3 l\u00e0m tr\u1ef1c ti\u1ebfp t\u1ea1i b\u1ea5t c\u1ee9 \u1ee7y ban n\u00e0o c\u1ee7a ph\u00f2ng kinh doanh t\u1ea1i c\u00e1c \u1ee7y ban <a href=\"https:\/\/www.mpo.cz\/assets\/cz\/podnikani\/zivnostenske-podnikani\/pravni-predpisy\/2021\/10\/ZZ_UPLNE_ZNENI_prilohy_k_2_8_2021_WEB.pdf\">qu\u1eadn<\/a> c\u1ee7a th\u1ee7 \u0111\u00f4 Praha. Qu\u00ed v\u1ecb c\u00f2n c\u00f3 th\u1ec3 t\u00ecm nh\u1eefng ph\u00f2ng kinh doanh c\u00f3 gi\u1ea5y ph\u00e9p d\u01b0\u1edbi t\u00ean g\u1ecdi <a href=\"https:\/\/www.mpo.cz\/dokument155549.html\">Trung t\u00e2m \u0111\u0103ng k\u00fd duy nh\u1ea5t (CRM)<\/a>, v\u00ec ch\u1ec9 c\u1ea7n m\u1ed9t m\u1eabu duy nh\u1ea5t \u2013 l\u00e0 <strong>M\u1eabu \u0111\u0103ng k\u00fd duy nh\u1ea5t, <\/strong>ngo\u00e0i vi\u1ec7c th\u00f4ng b\u00e1o kinh doanh ra th\u00ec qu\u00ed v\u1ecb c\u00f2n c\u00f3 th\u1ec3 \u0111\u0103ng k\u00fd tr\u1ea3 thu\u1ebf, th\u00f4ng b\u00e1o v\u1edbi C\u01a1 quan qu\u1ea3n l\u00fd an sinh x\u00e3 h\u1ed9i S\u00e9c, ph\u00f2ng lao \u0111\u1ed9ng v\u00e0 c\u1ea3 h\u00e3ng b\u1ea3o hi\u1ec3m y t\u1ebf c\u1ee7a qu\u00ed v\u1ecb. T\u1ea5t c\u1ea3 nh\u1eefng vi\u1ec7c n\u00e0y c\u00f3 th\u1ec3 g\u1eedi qua b\u01b0u \u0111i\u1ec7n ho\u1eb7c \u0111i\u1ec7n t\u1eed. Qu\u00ed v\u1ecb c\u00f3 th\u1ec3 lo li\u1ec7u gi\u1ea5y kinh doanh qua<a href=\"https:\/\/metropolevsech.eu\/cs\/potrebuji-resit\/czechpoint\/\"> Czech POINTu<\/a>.<\/p>\n<p><em>Qu\u00ed v\u1ecb c\u00f3 th\u1ec3 xin gi\u1ea5y ph\u00e9p kinh doanh qua Trung t\u00e2m li\u00ean l\u1ea1c duy nh\u1ea5t.<\/em><\/p>\n<p>Qu\u00ed v\u1ecb c\u00f3 th\u1ec3 t\u00ecm li\u00ean l\u1ea1c c\u1ee7a t\u1eebng ph\u00f2ng ph\u00e9p kinh doanh c\u1ee5 th\u1ec3 t\u1ea1i<a href=\"https:\/\/www.businessinfo.cz\/clanky\/zivnostenske-urady-kraj-praha\/\"> tr\u00ean trang nh\u00e0 c\u1ee7a businessinfo.cz.<\/a><\/p>\n<p><em>H\u01b0\u1edbng d\u1eabn xin gi\u1ea5y ph\u00e9p kinh doanh (th\u00f4ng b\u00e1o kinh doanh ho\u1eb7c xin \u0111\u01b0\u1ee3c ph\u00ea duy\u1ec7t gi\u1ea5y ph\u00e9p kinh doanh) c\u00f3 tr\u00ean trang nh\u00e0 c\u1ee7a B\u1ed9 c\u00f4ng nghi\u1ec7p v\u00e0 c\u00f4ng th\u01b0\u01a1ng t\u1ea1i m\u1ee5c <\/em><a href=\"https:\/\/www.mpo.cz\/cz\/podnikani\/zivnostenske-podnikani\/pruvodce-zivnostenskym-podnikanim\/\"><em>H\u01b0\u1edbng d\u1eabn cho kinh doanh c\u00f3 gi\u1ea5y ph\u00e9p<\/em><\/a><em>. \u1ede \u0111\u00e2y c\u00f2n c\u00f3<\/em><a href=\"https:\/\/www.mpo.cz\/cz\/podnikani\/zivnostenske-podnikani\/pruvodce-zivnostenskym-podnikanim\/radce-nejen-pro-zacinajici-podnikatele--225510\/\"><em>\u00a0<\/em><em>C\u1ea9m nang d\u00e0nh cho <\/em><\/a><em><u>doanh nh\u00e2n (kh\u00f4ng ch\u1ec9 cho ng\u01b0\u1eddi m\u1edbi b\u1eaft \u0111\u1ea7u)<\/u><\/em><em> v\u1edbi th\u00f4ng tin v\u1ec1 nh\u1eefng y\u00eau c\u1ea7u c\u01a1 b\u1ea3n \u0111\u01b0\u1ee3c qui \u0111\u1ecbnh b\u1edfi c\u00e1c v\u0103n b\u1ea3n ph\u00e1p lu\u1eadt \u0111\u1ec3 kh\u1edfi \u0111\u1ed9ng v\u00e0 \u0111i v\u00e0o kinh doanh.<\/em><\/p>\n<p><strong>M\u1eabu \u0111\u0103ng k\u00fd duy nh\u1ea5t<\/strong><\/p>\n<p>M\u1eabu \u0111\u0103ng k\u00fd duy nh\u1ea5t gi\u00fap c\u00e1c doanh nh\u00e2n th\u1ef1c hi\u1ec7n ngh\u0129a v\u1ee5 th\u00f4ng b\u00e1o khi m\u1edbi b\u1eaft \u0111\u1ea7u v\u00e0 trong qu\u00e1 tr\u00ecnh kinh doanh. M\u1eabu n\u00e0y thay th\u1ebf nhi\u1ec1u lo\u1ea1i \u0111\u01a1n m\u00e0 c\u00e1c doanh nh\u00e2n ph\u1ea3i n\u1ed9p kh\u00f4ng ch\u1ec9 tr\u01b0\u1edbc khi kinh doanh, m\u00e0 c\u00f2n trong qu\u00e1 tr\u00ecnh kinh doanh, t\u1ea1i ph\u00f2ng kinh doanh, c\u01a1 quan qu\u1ea3n l\u00fd an sinh x\u00e3 h\u1ed9i g\u1ea7n \u0111\u00f3 v\u00e0 h\u00e3ng b\u1ea3o hi\u1ec3m y t\u1ebf. Nh\u1edd lo\u1ea1i m\u1eabu \u0111\u01a1n n\u00e0y qu\u00ed v\u1ecb c\u00f3 th\u1ec3 tr\u1ef1c ti\u1ebfp th\u00f4ng b\u00e1o thay \u0111\u1ed5i v\u1ec1 th\u00f4ng tin c\u1ee7a m\u00ecnh ho\u1eb7c t\u1ea1m d\u1eebng kinh doanh.<\/p>\n<p><em>Ch\u1ec9 n\u1ed9p \u0111\u01a1n \u0111\u0103ng k\u00fd khai thu\u1ebf v\u00e0 th\u00f4ng b\u00e1o thay \u0111\u1ed5i v\u1ec1 th\u00f4ng tin \u0111\u0103ng k\u00fd t\u1ea1i c\u00e1c ph\u00f2ng kinh doanh theo<\/em><a href=\"http:\/\/www.financnisprava.cz\/cs\/dane\/danove-tiskopisy\"> <em>m\u1eabu do B\u1ed9 t\u00e0i ch\u00ednh c\u1ea5p<\/em><\/a><em>.<\/em><\/p>\n<p>\u1ee8ng d\u1ee5ng \u0111\u1ec3 \u0111i\u1ec1n v\u00e0 g\u1eedi m\u1eabu \u0111i\u1ec7n t\u1eed \u0111\u0103ng k\u00fd duy nh\u1ea5t v\u00e0 m\u1eabu c\u1ee7a B\u1ed9 t\u00e0i ch\u00ednh c\u00f3 t\u1ea1i <a href=\"https:\/\/www.rzp.cz\/epo\/cs\/\">\u00a0trang web<\/a> c\u1ee7a H\u1ec7 th\u1ed1ng \u0111\u0103ng k\u00fd th\u01b0\u01a1ng m\u1ea1i. <a href=\"https:\/\/www.rzp.cz\/cgi-bin\/aps_cacheWEB.sh?VSS_SERV=ZVWSBJFND\">H\u1ec7 th\u1ed1ng \u0111\u0103ng k\u00fd th\u01b0\u01a1ng m\u1ea1i<\/a> l\u00e0 h\u1ec7 th\u1ed1ng c\u00f4ng khai \u0111\u1ec3 t\u00ecm t\u00ean c\u00e1c doanh nh\u00e2n v\u00e0 th\u00f4ng tin c\u1ee7a h\u1ecd.<\/p>\n<p><em>\u0110\u1ec3 xin gi\u1ea5y ph\u00e9p \u0111\u0103ng k\u00fd kinh doanh th\u00ec \u0111\u01a1n gi\u1ea3n nh\u1ea5t l\u00e0 \u0111i\u1ec1n<\/em><a href=\"https:\/\/www.mpo.cz\/assets\/cz\/podnikani\/zivnostenske-podnikani\/crm-jednotny-registracni-formular\/2019\/9\/FO.pdf\"> <em>M\u1eabu<\/em> <em>\u0111\u0103ng k\u00fd duy nh\u1ea5t<\/em><\/a><em>,<\/em><em> v\u00e0 nh\u1edd m\u1eaby n\u00e0y, qu\u00ed v\u1ecb c\u00f3 th\u1ec3 s\u1eed d\u1ee5ng \u0111\u1ec3 \u0111\u0103ng k\u00fd v\u00e0 th\u00f4ng b\u00e1o nh\u1eefng vi\u1ec7c kh\u00e1c m\u00e0 qu\u00ed v\u1ecb c\u1ea7n. Ngh\u0129a l\u00e0 qu\u00ed v\u1ecb c\u00f3 th\u1ec3 lo li\u1ec7u vi\u1ec7c th\u00e0nh l\u1eadp c\u00f4ng vi\u1ec7c kinh doanh v\u00e0 th\u00f4ng b\u00e1o cho h\u00e3ng b\u1ea3o hi\u1ec3m y t\u1ebf v\u00e0 c\u01a1 quan qu\u1ea3n l\u00fd an sinh x\u00e3 h\u1ed9i c\u00f9ng m\u1ed9t l\u00fac.<\/em><\/p>\n<p>\u0110\u1ec3 bi\u1ebft th\u00eam th\u00f4ng tin v\u1ec1 M\u1eabu \u0111\u0103ng k\u00fd duy nh\u1ea5t v\u00e0 nh\u1eefng lo\u1ea1i th\u00f4ng b\u00e1o n\u00e0o m\u00e0 qu\u00ed v\u1ecb c\u00f3 th\u1ec3 th\u1ef1c hi\u1ec7n th\u00f4ng qua m\u1eabu n\u00e0y, qu\u00ed v\u1ecb c\u00f3 th\u1ec3 xem<a href=\"https:\/\/www.mpo.cz\/cz\/podnikani\/zivnostenske-podnikani\/crm-jednotny-registracni-formular\/jednotny-registracni-formular---234081\/\"> tr\u00ean trang web c\u1ee7a B\u1ed9 c\u00f4ng nghi\u1ec7p v\u00e0 c\u00f4ng th\u01b0\u01a1ng.<\/a><\/p>","protected":false},"excerpt":{"rendered":"<p>S\u1ef1 kinh doanh c\u00f3 gi\u1ea5y ph\u00e9p l\u00e0 g\u00ec? C\u00e1c lo\u1ea1i h\u00ecnh kinh doanh c\u00f3 gi\u1ea5y ph\u00e9p Xin gi\u1ea5y ph\u00e9p kinh doanh \u1edf \u0111\u00e2u? M\u1eabu \u0111\u0103ng k\u00fd duy nh\u1ea5t S\u1ef1 kinh doanh c\u00f3 gi\u1ea5y ph\u00e9p l\u00e0 g\u00ec? Gi\u1ea5y ph\u00e9p kinh doanh?&#8230;<\/p>\n<a class=\"more-block\" href=\"https:\/\/metropolevsech.eu\/vi\/potrebuji-resit\/podnikani\/podnikani-fyzickych-osob-2\/zivnostenske-podnikani-cizincu-v-cr\/\">\u0110\u1ecdc th\u00eam<\/a>","protected":false},"author":7,"featured_media":0,"parent":14813,"menu_order":1,"comment_status":"closed","ping_status":"closed","template":"","meta":[],"acf":[],"_links":{"self":[{"href":"https:\/\/metropolevsech.eu\/vi\/wp-json\/wp\/v2\/pages\/14817"}],"collection":[{"href":"https:\/\/metropolevsech.eu\/vi\/wp-json\/wp\/v2\/pages"}],"about":[{"href":"https:\/\/metropolevsech.eu\/vi\/wp-json\/wp\/v2\/types\/page"}],"author":[{"embeddable":true,"href":"https:\/\/metropolevsech.eu\/vi\/wp-json\/wp\/v2\/users\/7"}],"replies":[{"embeddable":true,"href":"https:\/\/metropolevsech.eu\/vi\/wp-json\/wp\/v2\/comments?post=14817"}],"version-history":[{"count":13,"href":"https:\/\/metropolevsech.eu\/vi\/wp-json\/wp\/v2\/pages\/14817\/revisions"}],"predecessor-version":[{"id":24737,"href":"https:\/\/metropolevsech.eu\/vi\/wp-json\/wp\/v2\/pages\/14817\/revisions\/24737"}],"up":[{"embeddable":true,"href":"https:\/\/metropolevsech.eu\/vi\/wp-json\/wp\/v2\/pages\/14813"}],"wp:attachment":[{"href":"https:\/\/metropolevsech.eu\/vi\/wp-json\/wp\/v2\/media?parent=14817"}],"curies":[{"name":"wp","href":"https:\/\/api.w.org\/{rel}","templated":true}]}}