{"id":14822,"date":"2021-10-13T11:18:18","date_gmt":"2021-10-13T09:18:18","guid":{"rendered":"https:\/\/metropolevsech.eu\/?page_id=14822"},"modified":"2021-12-31T09:53:36","modified_gmt":"2021-12-31T08:53:36","slug":"14822-2","status":"publish","type":"page","link":"https:\/\/metropolevsech.eu\/vi\/potrebuji-resit\/podnikani\/podnikani-fyzickych-osob-2\/14822-2\/","title":{"rendered":"Nh\u1eefng ng\u00e0nh ngh\u1ec1 t\u1ef1 do"},"content":{"rendered":"<p>N\u1ebfu qu\u00ed v\u1ecb mu\u1ed1n l\u00e0m ngh\u1ec1 nghi\u1ec7p kh\u00f4ng r\u00e0ng bu\u1ed9c nh\u01b0 di\u1ec5n vi\u00ean hay \u00e2m nh\u1ea1c, qu\u00ed v\u1ecb kh\u00f4ng c\u1ea7n ph\u1ea3i c\u00f3 gi\u1ea5y ph\u00e9p kinh doanh.<\/p>\n<p>\u0110i\u1ec1u n\u00e0y c\u0169ng \u0111\u00fang cho vi\u1ec7c kinh doanh trong l\u0129nh v\u1ef1c s\u1ea3n xu\u1ea5t n\u00f4ng nghi\u1ec7p, n\u01b0\u1edbc v\u00e0 l\u00e2m nghi\u1ec7p, l\u00e0 nh\u1eefng ngh\u1ec1 ch\u1ec9 c\u1ea7n \u0111\u0103ng k\u00fd t\u1ea1i \u1ee7y ban x\u00e3.<\/p>\n<p>Ngo\u00e0i ra, nh\u1eefng ng\u00e0nh ngh\u1ec1 ch\u1ecbu s\u1ef1 ki\u1ec3m duy\u1ec7t theo nh\u1eefng v\u0103n b\u1ea3n \u0111\u1eb7c bi\u1ec7t (l\u00e0 nh\u1eefng ngh\u1ec1 th\u01b0\u1eddng bu\u1ed9c ph\u1ea3i thi qu\u1ed1c gia) c\u0169ng kh\u00f4ng c\u1ea7n c\u00f3 gi\u1ea5y ph\u00e9p kinh doanh. Nh\u1eefng ngh\u1ec1 n\u00e0y l\u00e0, v\u00ed d\u1ee5: lu\u1eadt s\u01b0 b\u00e0o ch\u1eefa, m\u00f4i gi\u1edbi nh\u00e0 \u0111\u1ea5t, t\u01b0 v\u1ea5n t\u00e0i ch\u00ednh, chuy\u00ean gia, chuy\u00ean gia t\u00e2m l\u00fd tr\u1ecb li\u1ec7u v\u00e0 nh\u1eefng ng\u00e0nh kh\u00e1c. Tuy nhi\u00ean, qu\u00ed v\u1ecb ph\u1ea3i \u0111\u00e1p \u1ee9ng nh\u1eefng y\u00eau c\u1ea7u kh\u00e1c \u0111\u1ec3 c\u00f3 th\u1ec3 \u0111\u1ed9c l\u1eadp th\u1ef1c hi\u1ec7n c\u00f4ng vi\u1ec7c.<\/p>\n<p><em>H\u01b0\u1edbng d\u1eabn c\u1ee5 th\u1ec3 v\u1ec1 vi\u1ec7c b\u1eaft \u0111\u1ea7u kinh doanh nh\u01b0 th\u1ebf n\u00e0o cho t\u1eebng ng\u00e0nh c\u1ee5 th\u1ec3 c\u00f3 t\u1ea1i trang web <\/em><a href=\"http:\/\/businessinfo.cz\/\"><em>businessinfo.cz<\/em><\/a><em> \u2013<\/em><a href=\"https:\/\/www.businessinfo.cz\/navody\/\"><em>t\u1ea1i m\u1ee5c<\/em> <em>H\u01b0\u1edbng d\u1eabn kinh doanh<\/em><\/a><em>.<\/em><em> V\u00ed d\u1ee5, qu\u00ed v\u1ecb h\u00e3y xem h\u01b0\u1edbng d\u1eabn<\/em><em>,<\/em><a href=\"https:\/\/www.businessinfo.cz\/navody\/vykon-cinnosti-advokata\/\"> <em>l\u00e0m c\u00e1ch n\u00e0o \u0111\u1ec3 tr\u1edf th\u00e0nh lu\u1eadt s\u01b0 b\u00e0o ch\u1eefa t\u1ea1i CH S\u00e9c<\/em><em> \u2013 <\/em><\/a><em><u>t\u1eebng b\u01b0\u1edbc m\u1ed9t<\/u><\/em><em>.<\/em><\/p>","protected":false},"excerpt":{"rendered":"<p>N\u1ebfu qu\u00ed v\u1ecb mu\u1ed1n l\u00e0m ngh\u1ec1 nghi\u1ec7p kh\u00f4ng r\u00e0ng bu\u1ed9c nh\u01b0 di\u1ec5n vi\u00ean hay \u00e2m nh\u1ea1c, qu\u00ed v\u1ecb kh\u00f4ng c\u1ea7n ph\u1ea3i c\u00f3 gi\u1ea5y ph\u00e9p kinh doanh. \u0110i\u1ec1u n\u00e0y c\u0169ng \u0111\u00fang cho vi\u1ec7c kinh doanh trong l\u0129nh v\u1ef1c s\u1ea3n xu\u1ea5t n\u00f4ng&#8230;<\/p>\n<a class=\"more-block\" href=\"https:\/\/metropolevsech.eu\/vi\/potrebuji-resit\/podnikani\/podnikani-fyzickych-osob-2\/14822-2\/\">\u0110\u1ecdc th\u00eam<\/a>","protected":false},"author":7,"featured_media":0,"parent":14813,"menu_order":2,"comment_status":"closed","ping_status":"closed","template":"","meta":[],"acf":[],"_links":{"self":[{"href":"https:\/\/metropolevsech.eu\/vi\/wp-json\/wp\/v2\/pages\/14822"}],"collection":[{"href":"https:\/\/metropolevsech.eu\/vi\/wp-json\/wp\/v2\/pages"}],"about":[{"href":"https:\/\/metropolevsech.eu\/vi\/wp-json\/wp\/v2\/types\/page"}],"author":[{"embeddable":true,"href":"https:\/\/metropolevsech.eu\/vi\/wp-json\/wp\/v2\/users\/7"}],"replies":[{"embeddable":true,"href":"https:\/\/metropolevsech.eu\/vi\/wp-json\/wp\/v2\/comments?post=14822"}],"version-history":[{"count":3,"href":"https:\/\/metropolevsech.eu\/vi\/wp-json\/wp\/v2\/pages\/14822\/revisions"}],"predecessor-version":[{"id":16176,"href":"https:\/\/metropolevsech.eu\/vi\/wp-json\/wp\/v2\/pages\/14822\/revisions\/16176"}],"up":[{"embeddable":true,"href":"https:\/\/metropolevsech.eu\/vi\/wp-json\/wp\/v2\/pages\/14813"}],"wp:attachment":[{"href":"https:\/\/metropolevsech.eu\/vi\/wp-json\/wp\/v2\/media?parent=14822"}],"curies":[{"name":"wp","href":"https:\/\/api.w.org\/{rel}","templated":true}]}}