{"id":14827,"date":"2021-10-13T11:58:11","date_gmt":"2021-10-13T09:58:11","guid":{"rendered":"https:\/\/metropolevsech.eu\/?page_id=14827"},"modified":"2021-12-31T09:58:48","modified_gmt":"2021-12-31T08:58:48","slug":"povinnosti-podnikatelu","status":"publish","type":"page","link":"https:\/\/metropolevsech.eu\/vi\/potrebuji-resit\/podnikani\/povinnosti-podnikatelu\/","title":{"rendered":"Ngh\u0129a v\u1ee5 c\u1ee7a doanh nh\u00e2n"},"content":{"rendered":"<p><em>Ch\u00fang t\u00f4i s\u1ebd th\u00f4ng tin cho qu\u00ed v\u1ecb v\u1ec1 nh\u1eefng ngh\u0129a v\u1ee5 c\u0103n b\u1ea3n c\u1ee7a doanh nh\u00e2n. Qu\u00ed v\u1ecb \u0111\u1eebng qu\u00ean, l\u00e0 c\u00f2n t\u1ed3n t\u1ea1i r\u1ea5t nhi\u1ec1u ngh\u0129a v\u1ee5 m\u00e0 nh\u1eefng \u0111\u1ea1o lu\u1eadt \u0111\u1eb7c bi\u1ec7t y\u00eau c\u1ea7u c\u00e1c doanh nh\u00e2n ph\u1ea3i th\u1ef1c hi\u1ec7n, v\u00ed d\u1ee5 nh\u01b0<\/em><a href=\"https:\/\/www.businessinfo.cz\/formulare\/zivnostensky-zakon-455-1991-sb\/\"><em> lu\u1eadt<\/em><em> v\u1ec1 gi\u1ea5y ph\u00e9p kinh doanh<\/em><\/a><em>. \u0110\u1ec3<\/em><em> bi\u1ebft th\u00eam th\u00f4ng tin v\u1ec1 ngh\u0129a v\u1ee5 c\u1ee7a doanh nh\u00e2n sau khi th\u00e0nh l\u1eadp doanh nghi\u1ec7p, m\u1eddi gh\u00e9 th\u0103m trang web<\/em><em> www.BusinessINFO.cz.<\/em><\/p>\n<ul>\n<li><a href=\"https:\/\/metropolevsech.eu\/cs\/potrebuji-resit\/podnikani\/povinnosti-podnikatelu\/#povinnostzalohy\">Ngh\u0129a v\u1ee5 tr\u1ea3 ph\u00ed ti\u1ec1n \u0111\u1ecbnh cho b\u1ea3o hi\u1ec3m y t\u1ebf v\u00e0 x\u00e3 h\u1ed9i <\/a><\/li>\n<li><a href=\"https:\/\/metropolevsech.eu\/cs\/potrebuji-resit\/podnikani\/povinnosti-podnikatelu\/#povinnostdane\">\u0110\u0103ng k\u00fd h\u1ed3 s\u01a1 thu\u1ebf v\u00e0 ngh\u0129a v\u1ee5 tr\u1ea3 thu\u1ebf<\/a><\/li>\n<\/ul>\n<h3>Ngh\u0129a v\u1ee5 tr\u1ea3 ph\u00ed ti\u1ec1n \u0111\u1ecbnh cho b\u1ea3o hi\u1ec3m y t\u1ebf v\u00e0 x\u00e3 h\u1ed9i<\/h3>\n<p>L\u00e0 doanh nh\u00e2n, qu\u00ed v\u1ecb c\u00f3 ngh\u0129a v\u1ee5 t\u1ef1 tr\u1ea3 ph\u00ed b\u1ea3o hi\u1ec3m y t\u1ebf. N\u1ebfu qu\u00ed v\u1ecb l\u00e0 ng\u01b0\u1eddi n\u01b0\u1edbc ngo\u00e0i \u0111ang \u0111\u1ec7 \u0111\u01a1n xin th\u1ecb th\u1ef1c d\u00e0i h\u1ea1n, xin c\u01b0 tr\u00fa d\u00e0i h\u1ea1n ho\u1eb7c gia h\u1ea1n c\u01b0 tr\u00fa cho lo\u1ea1i c\u01b0 tr\u00fa m\u00e0 qu\u00ed v\u1ecb \u0111ang c\u00f3 t\u1ea1i CH S\u00e9c, qu\u00ed v\u1ecb bu\u1ed9c ph\u1ea3i k\u00fd <a href=\"https:\/\/metropolevsech.eu\/cs\/potrebuji-resit\/zdravotnictvi-zdravotni-a-socialni-pojisteni\/zdravotni-pojisteni\/\"><strong>b\u1ea3o hi\u1ec3m y t\u1ebf th\u01b0\u01a1ng m\u1ea1i c\u00f3 ch\u0103m s\u00f3c y t\u1ebf to\u00e0n di\u1ec7n<\/strong><\/a><\/p>\n<p>Qu\u00ed v\u1ecb c\u00f2n ph\u1ea3i t\u1ef1 tr\u1ea3 <strong>b\u1ea3o hi\u1ec3m x\u00e3 h\u1ed9i<\/strong> t\u1ea1i CH S\u00e9c. Th\u01b0\u1eddng th\u00ec tr\u1ea3 t\u1eeb l\u00fac b\u1eaft \u0111\u1ea7u ho\u1ea1t \u0111\u1ed9ng kinh doanh th\u00f4ng qua c\u00e1c kho\u1ea3n ph\u00ed ti\u1ec1n \u0111\u1ecbnh h\u00e0ng th\u00e1ng. Tr\u1ea3 ph\u00ed x\u00e3 h\u1ed9i ti\u1ec1n \u0111\u1ecbnh cho <a href=\"https:\/\/metropolevsech.eu\/cs\/urady-v-praze\/ostatni-urady\/\"><strong>C\u01a1 quan qu\u1ea3n l\u00fd an sinh x\u00e3 h\u1ed9i c\u1ee7a t\u1ec9nh<\/strong> (<strong>OSSZ<\/strong>)<\/a>\u00a0ch\u1eadm nh\u1ea5t \u0111\u1ebfn cu\u1ed1i th\u00e1ng m\u00e0 qu\u00ed v\u1ecb ph\u1ea3i tr\u1ea3 m\u1ee9c ph\u00ed ti\u1ec1n \u0111\u1ecbnh.<\/p>\n<p><em>N\u1ebfu<\/em><em> qu\u00ed v\u1ecb c\u00f3 gi\u1ea5y ph\u00e9p c\u01b0 tr\u00fa v\u1edbi m\u1ee5c \u0111\u00edch kinh doanh, qu\u00ed v\u1ecb kh\u00f4ng \u0111\u01b0\u1ee3c ph\u00e9p c\u1eaft \u0111\u0103ng k\u00fd t\u1ea1i <strong>OSSZ<\/strong><\/em><strong><em>, <\/em><\/strong><em>k\u1ec3 c\u1ea3 trong tr\u01b0\u1eddng h\u1ee3p qu\u00ed v\u1ecb kh\u00f4ng kinh doanh, kh\u00f4ng c\u00f3 thu nh\u1eadp v\u00e0 kh\u00f4ng \u1edf CH S\u00e9c.<\/em><\/p>\n<p>B\u00e2y gi\u1edd qu\u00ed v\u1ecb \u0111\u00e3 c\u00f3 th\u1ec3 tr\u1ea3 nh\u1eefng kho\u1ea3n ph\u00ed b\u1eaft bu\u1ed9c n\u00e0y b\u1eb1ng <strong>g\u00f3i thu\u1ebf tr\u1ecdn g\u00f3i<\/strong> (xem ti\u1ebfp).<\/p>\n<h3>\u0110\u0103ng k\u00fd h\u1ed3 s\u01a1 thu\u1ebf v\u00e0 ngh\u0129a v\u1ee5 tr\u1ea3 thu\u1ebf<\/h3>\n<p>Qu\u00ed v\u1ecb h\u00e3y c\u1ea5t t\u1ea5t c\u1ea3 c\u00e1c h\u00f3a \u0111\u01a1n c\u00f3 th\u1ec3 l\u00e0m h\u1ed3 s\u01a1 thu\u1ebf, nh\u1edd \u0111\u00f3 qu\u00ed v\u1ecb c\u00f3 th\u1ec3 tr\u1eeb \u0111i nh\u1eefng kho\u1ea3n chi ph\u00ed theo th\u1ef1c t\u1ebf. C\u0169ng c\u00f3 th\u1ec3 d\u00f9ng <strong>g\u00f3i thu\u1ebf tr\u1ecdn g\u00f3i<\/strong> khi khai thu nh\u1eadp, v\u00e0 ch\u1ec9 c\u1ea7n l\u01b0u v\u00e0o h\u1ed3 s\u01a1 h\u00f3a \u0111\u01a1n thu v\u00e0 chi.<\/p>\n<p><em>N\u1ebfu<\/em><em> qu\u00ed v\u1ecb s\u1ed1ng \u1edf CH S\u00e9c nh\u1edd gi\u1ea5y ph\u00e9p c\u01b0 tr\u00fa v\u1edbi m\u1ee5c \u0111\u00edch kinh doanh v\u00e0 qu\u00ed v\u1ecb s\u1eed d\u1ee5ng g\u00f3i thu\u1ebf tr\u1ecdn g\u00f3i, c\u00f3 th\u1ec3 c\u00f3 x\u1ea3y ra tr\u01b0\u1eddng h\u1ee3p l\u00e0 qu\u00ed v\u1ecb kh\u00f4ng \u0111\u00e1p \u1ee9ng \u0111i\u1ec1u ki\u1ec7n \u0111\u1ec3 c\u00f3 \u0111\u1ee7 thu nh\u1eadp nh\u1eb1m gia h\u1ea1n c\u01b0 tr\u00fa. H\u00e3y t\u01b0 v\u1ea5n tr\u01b0\u1edbc khi l\u00e0m!<\/em><\/p>\n<h4>Khai thu\u1ebf<\/h4>\n<p>C\u1ee9 cu\u1ed1i n\u0103m, qui v\u1ecb c\u00f3 ngh\u0129a v\u1ee5 ph\u1ea3i n\u1ed9p b\u1ea3n khai thu\u1ebf. Qu\u00ed v\u1ecb ph\u1ea3i n\u1ed9p b\u1ea3n khai thu\u1ebf cho n\u0103m tr\u01b0\u1edbc cho<a href=\"https:\/\/metropolevsech.eu\/cs\/urady-v-praze\/ostatni-urady\/\"> <strong>\u1ee7y<\/strong><strong> ban t\u00e0i ch\u00ednh<\/strong><\/a> theo n\u01a1i m\u00e0 qu\u00ed v\u1ecb kinh doanh, \u0111\u1ebfn cu\u1ed1i th\u00e1ng Ba c\u1ee7a n\u0103m sau. N\u1ebfu h\u1ed3 s\u01a1 thu\u1ebf c\u1ee7a qu\u00ed v\u1ecb do chuy\u00ean gia thu\u1ebf l\u00e0m th\u00ec th\u1eddi h\u1ea1n n\u1ed9p \u0111\u01b0\u01a1c k\u00e9o d\u00e0i \u0111\u1ebfn cu\u1ed1i th\u00e1ng S\u00e1u.<\/p>\n<p><em>\u0110\u1ec3<\/em><em> bi\u1ebft th\u00eam th\u00f4ng tin v\u1ec1 vi\u1ec7c, n\u1ed9p h\u1ed3 s\u01a1 thu\u1ebf nh\u01b0 th\u1ebf n\u00e0o, m\u1ee9c thu\u1ebf \u1edf CH S\u00e9c v\u00e0 nh\u1eefng th\u00f4ng tin h\u1eefu d\u1ee5ng kh\u00e1c, m\u1eddi th\u0103m trang web<\/em><a href=\"https:\/\/www.businessinfo.cz\/navody\/dan-z-prijmu\/\"><em> businessinfo.cz<\/em><\/a><em>.<\/em><\/p>\n<h3>G\u00f3i thu\u1ebf tr\u1ecdn g\u00f3i<\/h3>\n<p>T\u1eeb n\u0103m 2021 c\u00f3 th\u00eam <strong>g\u00f3i thu\u1ebf tr\u1ecdn g\u00f3i<\/strong>, nh\u1eb1m gi\u00fap nh\u1eefng c\u00e1 nh\u00e2n kinh doanh \u0111\u01a1n gi\u1ea3n h\u00f3a ngh\u0129a v\u1ee5 v\u00e0 gi\u1ea3m g\u00e1nh n\u1eb7ng h\u00e0nh ch\u00ednh. \u0110\u1ed1i v\u1edbi nhi\u1ec1u ng\u01b0\u1eddi, g\u00f3i thu\u1ebf tr\u1ecdn g\u00f3i n\u00e0y c\u00f2n gi\u00fap h\u1ecd ti\u1ebft ki\u1ec7m t\u00e0i ch\u00ednh. G\u00f3i thu\u1ebf tr\u1ecdn g\u00f3i cho ph\u00e9p thanh to\u00e1n ph\u00ed c\u1ee7a 3 lo\u1ea1i ph\u00ed 1) b\u1ea3o hi\u1ec3m y t\u1ebf 2) b\u1ea3o hi\u1ec3m x\u00e3 h\u1ed9i 3) thu\u1ebf thu nh\u1eadp ch\u1ec9 b\u1eb1ng m\u1ed9t \u0111\u01a1n \u0111\u0103ng k\u00fd duy nh\u1ea5t v\u00e0 h\u00e0ng th\u00e1ng ch\u1ec9 tr\u1ea3 m\u1ed9t kho\u1ea3n duy nh\u1ea5t.<\/p>\n<p>Nh\u1eefng OSV\u010c quy\u1ebft \u0111\u1ecbnh tr\u1ea3 g\u00f3i thu\u1ebf tr\u1ecdn g\u00f3i, kh\u00f4ng c\u1ea7n n\u1ed9p b\u1ea3n khai thu\u1ebf thu nh\u1eadp c\u00e1 nh\u00e2n hay danh s\u00e1ch th\u1ed1ng k\u00ea thu nh\u1eadp v\u00e0 c\u00e1c kho\u1ea3n chi cho b\u1ea3o hi\u1ec3m y t\u1ebf v\u00e0 danh s\u00e1ch thu nh\u1eadp v\u00e0 kho\u1ea3n chi cho OSSZ. N\u1ebfu qu\u00ed v\u1ecb \u0111\u1ecbnh tr\u1ea3 b\u1eb1ng g\u00f3i thu\u1ebf tr\u1ecdn g\u00f3i, qu\u00ed v\u1ecb ph\u1ea3i \u0111\u0103ng \u0111\u0103ng k\u00fd qua<a href=\"https:\/\/ouc.financnisprava.cz\/osvcpp\/form\/danovySubjekt\"> \u00a0\u0111\u01a1n \u0111\u0103ng k\u00fd d\u01b0\u1edbi \u0111\u00e2y<\/a>.<\/p>\n<p><em>Tr\u00ean<\/em><em> trang nh\u00e0 c\u1ee7a<\/em><a href=\"https:\/\/www.mfcr.cz\/cs\/aktualne\/tiskove-zpravy\/2020\/spocitejte-si-zda-se-vam-vyplati-pausaln-39714\"><em> B\u1ed9<\/em><em> t\u00e0i ch\u00ednh<\/em><\/a> <em>qu\u00ed<\/em><em> v\u1ecb c\u00f3 th\u1ec3 th\u1eed t\u00ednh xem c\u00f3 \u0111\u00e1ng chuy\u1ec3n sang \u201cg\u00f3i thu\u1ebf tr\u1ecdn g\u00f3i\u201d kh\u00f4ng. Trang n\u00e0y b\u1eb1ng ti\u1ebfng S\u00e9c, nh\u01b0ng kh\u00e1 l\u00e0 d\u1ec5 hi\u1ec3u. M\u00e1y t\u00ednh n\u00e0y c\u00f2n bi\u1ebft t\u00ednh \u0111\u1ebfn c\u1ea3 m\u1ee9c ph\u00ed m\u00e0 qu\u00ed v\u1ecb ph\u1ea3i tr\u1ea3 h\u00e0ng n\u0103m khi thu\u00ea d\u1ecbch v\u1ee5 l\u00e0m thu\u1ebf.<\/em><\/p>\n<p><em>N\u1ebfu<\/em><em> qu\u00ed v\u1ecb s\u1ed1ng t\u1ea1i CH S\u00e9c nh\u1edd gi\u1ea5y ph\u00e9p c\u01b0 tr\u00fa v\u1edbi m\u1ee5c \u0111\u00edch kinh doanh, qu\u00ed v\u1ecb h\u00e3y t\u01b0 v\u1ea5n tr\u01b0\u1edbc, li\u1ec7u qu\u00ed v\u1ecb c\u00f3 th\u1ec3 s\u1eed d\u1ee5ng g\u00f3i thu\u1ebf tr\u1ecdn g\u00f3i cho m\u1ee5c \u0111\u00edch ch\u1ee9ng minh thu nh\u1eadp cho B\u1ed9 n\u1ed9i v\u1ee5 CH S\u00e9c hay kh\u00f4ng! <\/em><\/p>\n<p>Th\u00f4ng tin v\u1ec1 g\u00f3i thu\u1ebf tr\u1ecdn g\u00f3i, k\u1ec3 c\u1ea3 th\u00f4ng tin, \u0111\u1ebfn khi n\u00e0o th\u00ec qu\u00ed v\u1ecb ph\u1ea3i \u0111\u0103ng k\u00fd thu\u1ebf c\u00f3<a href=\"https:\/\/www.financnisprava.cz\/cs\/dane\/dane\/dan-z-prijmu\/pausalni-dan\/obecne-informace\"> t\u1ea1i trang web c\u1ee7a S\u1edf thu\u1ebf CH S\u00e9c.<\/a><\/p>\n<p>C\u1eadp nh\u1eadt n\u1ed9i dung t\u1eeb kh\u00eda c\u1ea1nh x\u00e3 h\u1ed9i-ph\u00e1p l\u00fd ng\u00e0y 8.11.2021.<\/p>","protected":false},"excerpt":{"rendered":"<p>Ch\u00fang t\u00f4i s\u1ebd th\u00f4ng tin cho qu\u00ed v\u1ecb v\u1ec1 nh\u1eefng ngh\u0129a v\u1ee5 c\u0103n b\u1ea3n c\u1ee7a doanh nh\u00e2n. Qu\u00ed v\u1ecb \u0111\u1eebng qu\u00ean, l\u00e0 c\u00f2n t\u1ed3n t\u1ea1i r\u1ea5t nhi\u1ec1u ngh\u0129a v\u1ee5 m\u00e0 nh\u1eefng \u0111\u1ea1o lu\u1eadt \u0111\u1eb7c bi\u1ec7t y\u00eau c\u1ea7u c\u00e1c doanh nh\u00e2n&#8230;<\/p>\n<a class=\"more-block\" href=\"https:\/\/metropolevsech.eu\/vi\/potrebuji-resit\/podnikani\/povinnosti-podnikatelu\/\">\u0110\u1ecdc th\u00eam<\/a>","protected":false},"author":7,"featured_media":0,"parent":603,"menu_order":4,"comment_status":"closed","ping_status":"closed","template":"","meta":[],"acf":[],"_links":{"self":[{"href":"https:\/\/metropolevsech.eu\/vi\/wp-json\/wp\/v2\/pages\/14827"}],"collection":[{"href":"https:\/\/metropolevsech.eu\/vi\/wp-json\/wp\/v2\/pages"}],"about":[{"href":"https:\/\/metropolevsech.eu\/vi\/wp-json\/wp\/v2\/types\/page"}],"author":[{"embeddable":true,"href":"https:\/\/metropolevsech.eu\/vi\/wp-json\/wp\/v2\/users\/7"}],"replies":[{"embeddable":true,"href":"https:\/\/metropolevsech.eu\/vi\/wp-json\/wp\/v2\/comments?post=14827"}],"version-history":[{"count":3,"href":"https:\/\/metropolevsech.eu\/vi\/wp-json\/wp\/v2\/pages\/14827\/revisions"}],"predecessor-version":[{"id":16191,"href":"https:\/\/metropolevsech.eu\/vi\/wp-json\/wp\/v2\/pages\/14827\/revisions\/16191"}],"up":[{"embeddable":true,"href":"https:\/\/metropolevsech.eu\/vi\/wp-json\/wp\/v2\/pages\/603"}],"wp:attachment":[{"href":"https:\/\/metropolevsech.eu\/vi\/wp-json\/wp\/v2\/media?parent=14827"}],"curies":[{"name":"wp","href":"https:\/\/api.w.org\/{rel}","templated":true}]}}