{"id":15073,"date":"2021-11-05T08:31:08","date_gmt":"2021-11-05T07:31:08","guid":{"rendered":"https:\/\/metropolevsech.eu\/?page_id=15073"},"modified":"2026-01-23T17:41:52","modified_gmt":"2026-01-23T16:41:52","slug":"za-jakych-podminek-mohou-cizinci-podnikat-v-ceske-republice","status":"publish","type":"page","link":"https:\/\/metropolevsech.eu\/vi\/potrebuji-resit\/podnikani\/za-jakych-podminek-mohou-cizinci-podnikat-v-ceske-republice\/","title":{"rendered":"Kinh doanh c\u1ee7a ng\u01b0\u1eddi n\u01b0\u1edbc ngo\u00e0i"},"content":{"rendered":"<p><em>Trong <\/em><em>ch\u01b0\u01a1ng n\u00e0y, qu\u00ed v\u1ecb s\u1ebd \u0111\u01b0\u1ee3c bi\u1ebft, ng\u01b0\u1eddi n\u01b0\u1edbc ngo\u00e0i c\u00f3 th\u1ec3 kinh doanh t\u1ea1i CH S\u00e9c d\u1ef1a tr\u00ean nh\u1eefng \u0111i\u1ec1u ki\u1ec7n n\u00e0o. Ch\u00fang t\u00f4i s\u1ebd \u0111\u1ec1 c\u1eadp \u0111\u1ebfn th\u00f4ng tin li\u00ean quan \u0111\u1ebfn t\u00ecnh hu\u1ed1ng, b\u00e2y gi\u1edd qu\u00ed v\u1ecb m\u1edbi chu\u1ea9n b\u1ecb qua S\u00e9c hay \u0111\u00e3 s\u1ed1ng \u1edf \u0111\u00e2y v\u00e0 mu\u1ed1n kinh doanh. N\u00f3 c\u00f2n ph\u1ee5 thu\u1ed9c v\u00e0o vi\u1ec7c, qu\u00ed v\u1ecb \u0111\u1ebfn t\u1eeb n\u01b0\u1edbc n\u00e0o. Qu\u00ed v\u1ecb \u0111\u1ebfn t\u1eeb n\u01b0\u1edbc th\u00e0nh vi\u00ean c\u1ee7a li\u00ean hi\u1ec7p EU hay ngo\u00e0i EU. <\/em><\/p>\n<ul>\n<li><a href=\"https:\/\/metropolevsech.eu\/cs\/potrebuji-resit\/podnikani\/za-jakych-podminek-mohou-cizinci-podnikat-v-ceske-republice\/#podnikanivcr\">B\u00e2y gi\u1edd qu\u00ed v\u1ecb m\u1edbi chu\u1ea9n b\u1ecb qua CH S\u00e9c v\u00e0 mu\u1ed1n kinh doanh t\u1ea1i \u0111\u00e2y?<\/a><\/li>\n<li><a href=\"https:\/\/metropolevsech.eu\/cs\/potrebuji-resit\/podnikani\/za-jakych-podminek-mohou-cizinci-podnikat-v-ceske-republice\/#zmenaucelunapodnikani\">Qu\u00ed v\u1ecb \u0111\u00e3 s\u1ed1ng \u1edf CH S\u00e9c theo m\u1ee5c \u0111\u00edch kh\u00e1c v\u00e0 mu\u1ed1n b\u1eaft \u0111\u1ea7u kinh doanh?<\/a><\/li>\n<\/ul>\n<p><strong>B\u00e2y gi\u1edd qu\u00ed v\u1ecb m\u1edbi chu\u1ea9n b\u1ecb qua CH S\u00e9c v\u00e0 mu\u1ed1n kinh doanh t\u1ea1i \u0111\u00e2y<\/strong><strong>?<\/strong><\/p>\n<p><strong>C\u00f4ng d\u00e2n<\/strong><strong> EU, <\/strong><strong>khu v\u1ef1c kinh t\u1ebf ch\u00e2u \u00c2u (EEA) v\u00e0<\/strong> <strong>Th\u1ee5y S\u0129<\/strong><\/p>\n<p>C\u00f4ng d\u00e2n c\u1ee7a n\u01b0\u1edbc th\u00e0nh vi\u00ean thu\u1ed9c li\u00ean hi\u1ec7p \u00c2u ch\u00e2u ho\u1eb7c m\u1ed9t n\u01b0\u1edbc kh\u00e1c c\u00f3 h\u1ee3p \u0111\u1ed3ng Hi\u1ec7p \u0111\u1ecbnh v\u1ec1 khu v\u1ef1c kinh t\u1ebf ch\u00e2u \u00c2u ho\u1eb7c c\u00f4ng d\u00e2n c\u1ee7a Li\u00ean Bang Th\u1ee5y S\u0129 c\u00f3 th\u1ec3 kinh doanh t\u1ea1i CH S\u00e9c theo nh\u1eefng \u0111i\u1ec1u ki\u1ec7n nh\u01b0 c\u00f4ng d\u00e2n S\u00e9c.<\/p>\n<p><em>N\u1ebfu doanh nh\u00e2n c\u1ee7a m\u1ed9t trong c\u00e1c n\u01b0\u1edbc th\u00e0nh vi\u00ean EU t\u1ea1m th\u1eddi ho\u1eb7c t\u00f9y d\u1ecbp m\u00e0 cung c\u1ea5p d\u1ecbch c\u1ee7a m\u00ecnh trong m\u1ed9t n\u01b0\u1edbc th\u00e0nh vi\u00ean kh\u00e1c th\u00ec th\u01b0\u1eddng g\u1ecdi l\u00e0 cung c\u1ea5p d\u1ecbch v\u1ee5 xuy\u00ean bi\u00ean gi\u1edbi. Trong tr\u01b0\u1eddng h\u1ee3p nh\u01b0 v\u1eady kh\u00f4ng x\u1ea3y ra vi\u1ec7c \u0111\u1ecbnh c\u01b0 t\u1ea1i n\u01b0\u1edbc ch\u1ee7 nh\u00e0 v\u00e0 \u0111\u1ec3 cung c\u1ea5p d\u1ecbch v\u1ee5, ch\u1ec9 c\u1ea7n th\u00f4ng b\u00e1o v\u1edbi c\u01a1 quan li\u00ean quan. Qu\u00ed v\u1ecb c\u00f3 th\u1ec3 t\u00ecm th\u00eam th\u00f4ng tin v\u1ec1 vi\u1ec7c cung c\u1ea5p d\u1ecbch v\u1ee5 xuy\u00ean bi\u00ean gi\u1edbi t\u1ea1i trang web<\/em><a href=\"http:\/\/businessinfo.cz\/\"> <em>BusinessINFO.cz<\/em><\/a><em>.<\/em><\/p>\n<p><strong>C\u00f4ng d\u00e2n n\u01b0\u1edbc th\u1ee9 ba <\/strong><strong>(<\/strong><strong>ngo\u00e0i<\/strong><strong> EU)<\/strong><\/p>\n<p>N\u1ebfu qu\u00ed v\u1ecb \u0111\u1ebfn t\u1eeb n\u01b0\u1edbc th\u1ee9 ba, qu\u00ed v\u1ecb c\u00f3 th\u1ec3 \u0111\u1ec7 \u0111\u01a1n<a href=\"https:\/\/www.mvcr.cz\/clanek\/vizum-k-pobytu-nad-90-dnu-dlouhodobe.aspx?q=Y2hudW09MQ%3d%3d\"> <strong>\u00a0<\/strong><strong>xin th\u1ecb th\u1ef1c c\u01b0 tr\u00fa d\u00e0i h\u1ea1n<\/strong> <strong>v\u1edbi m\u1ee5c \u0111\u00edch kinh doanh<\/strong><\/a><strong><u>. <\/u><\/strong>\u00a0th\u00f4ng qua c\u01a1 quan \u0111\u1ea1i di\u1ec7n t\u1ea1i n\u01b0\u1edbc m\u00ecnh. C\u1ea7n ph\u1ea3i t\u00ednh \u0111\u1ebfn vi\u1ec7c l\u00e0 qu\u00ed v\u1ecb s\u1ebd ph\u1ea3i ch\u1ee9ng minh r\u1eb1ng qu\u00ed v\u1ecb c\u00f3<a href=\"https:\/\/www.mvcr.cz\/clanek\/prostredky-k-pobytu-pro-ucely-dlouhodobeho-viza.aspx\"> t\u00e0i ch\u00ednh \u0111\u1ec3 c\u01b0 tr\u00fa cho c\u00e1c m\u1ee5c \u0111\u00edch <\/a><u>th\u1ecb th\u1ef1c d\u00e0i h\u1ea1n. <\/u>Sau \u0111\u00f3 th\u00ec qu\u00ed v\u1ecb, d\u1eabu l\u00e0 ng\u01b0\u1eddi n\u01b0\u1edbc ngo\u00e0i c\u00f3 th\u1ec3 kinh doanh v\u1edbi \u0111i\u1ec1u ki\u1ec7n g\u1ea7n nh\u01b0 c\u00f4ng d\u00e2n S\u00e9c.<\/p>\n<p><em>T\u1eeb ng\u00e0y 1.9.2019 h\u1ea1n ng\u1ea1ch v\u1ec1 s\u1ed1 l\u01b0\u1ee3ng \u0111\u01a1n xin th\u1ecb th\u1ef1c v\u1edbi m\u1ee5c \u0111\u00edch kinh doanh \u0111\u00e3 \u0111\u01b0\u1ee3c \u00e1p d\u1ee5ng t\u1ea1i m\u1ed9t s\u1ed1 \u0110\u1ea1i s\u1ee9 qu\u00e1n CH S\u00e9c.<\/em><a href=\"https:\/\/www.mvcr.cz\/soubor\/narizeni-vlady-c-233-2021-sb-o-maximalnim-poctu-zadosti-o-vizum-k-pobytu-nad-90-dnu-za-ucelem-podnikani-zadosti-o-povoleni-k-dlouhodobemu-pobytu-za-ucelem-investovani-a-zadosti-o-zamestnaneckou-kartu.aspx\"> <em>Ch\u1ec9 th\u1ecb c\u1ee7a ch\u00ednh ph\u1ee7<\/em><\/a> <em>ch\u1ec9 \u0111\u1ecbnh<\/em> <em>con s\u1ed1 c\u1ee5 th\u1ec3. Th\u00f4ng tin v\u1ec1 vi\u1ec7c s\u1eed d\u1ee5ng c\u00e1c h\u1ea1n ng\u1ea1ch c\u1ee5 th\u1ec3 hi\u1ec7n \u0111ang \u0111\u01b0\u1ee3c s\u1eed d\u1ee5ng \u0111\u01b0\u1ee3c c\u00f4ng khai tr\u1ef1c ti\u1ebfp tr\u00ean trang nh\u00e0 c\u1ee7a nh\u1eefng \u0110\u1ea1i s\u1ee9 qu\u00e1n li\u00ean quan.<\/em><\/p>\n<p><em>H\u00e3y t\u00ecm th\u00eam th\u00f4ng tin t\u1ea1i<\/em><a href=\"https:\/\/www.mvcr.cz\/clanek\/kvoty-pro-ekonomickou-migraci-programy-schvalene-vladou-za-ucelem-dosazeni-ekonomickeho-prinosu-pro-cr.aspx\"> <em>trang nh\u00e0<\/em> <em>c\u1ee7a B\u1ed9 N\u1ed9i v\u1ee5 CH S\u00e9c<\/em><em>.\u00a0<\/em><\/a><\/p>\n<p><strong>Qu\u00ed v\u1ecb \u0111\u00e3 \u0111\u1ecbnh c\u01b0 \u1edf CH S\u00e9c v\u1edbi m\u1ee5c \u0111\u00edch kh\u00e1c v\u00e0 mu\u1ed1n b\u1eaft \u0111\u1ea7u kinh doanh?<\/strong><\/p>\n<p>N\u1ebfu qu\u00ed v\u1ecb c\u00f3 <strong>v\u0129nh tr\u00fa t\u1ea1i Ch S\u00e9c<\/strong>, qu\u00ed v\u1ecb c\u00f3 th\u1ec3 kinh doanh v\u1edbi nh\u1eefng \u0111i\u1ec1u ki\u1ec7n nh\u01b0 ng\u01b0\u1eddi S\u00e9c.<\/p>\n<p>Trong tr\u01b0\u1eddng h\u1ee3p qu\u00ed v\u1ecb l\u00e0 ng\u01b0\u1eddi ngo\u1ea1i qu\u1ed1c \u0111\u1ebfn t\u1eeb n\u01b0\u1edbc th\u1ee9 ba (ngo\u00e0i EU) v\u00e0 \u0111\u00e3 \u0111\u1ecbnh c\u01b0 t\u1ea1i CH S\u00e9c v\u00e0 mu\u1ed1n c\u00f3 <strong>gi\u1ea5y ph\u00e9p c\u01b0 tr\u00fa d\u00e0i h\u1ea1n v\u1edbi m\u1ee5c \u0111\u00edch kinh doanh<\/strong>, qu\u00ed v\u1ecb c\u00f3 th\u1ec3 xin sau n\u0103m n\u0103m c\u01b0 tr\u00fa t\u1ea1i CH S\u00e9c. N\u1ebfu m\u1ee5c \u0111\u00edch c\u01b0 tr\u00fa c\u1ee7a qu\u00ed v\u1ecb l\u00e0 \u0111o\u00e0n t\u1ee5 gia \u0111\u00ecnh, qu\u00ed v\u1ecb c\u00f3 th\u1ec3 xin cho m\u1ee5c \u0111\u00edch kinh doanh sau ba n\u0103m.<\/p>\n<p>Tuy nhi\u00ean, qu\u00ed v\u1ecb c\u00f3 th\u1ec3 kinh doanh \u0111\u1ed3ng th\u1eddi v\u1edbi vi\u1ec7c hi\u1ec7n m\u1ee5c \u0111\u00edch c\u01b0 tr\u00fa\/th\u1ecb th\u1ef1c kh\u00e1c. (V\u00ed d\u1ee5, trong khi h\u1ecdc, l\u00e0m thu\u00ea ho\u1eb7c \u0111o\u00e0n t\u1ee5 gia \u0111\u00ecnh). C\u00f3 th\u1ec3 b\u1eb1ng h\u00ecnh th\u1ee9c l\u00e0m th\u00eam \u0111\u1ec3 c\u00f3 \u0111\u1ee7 chi ph\u00ed. Nh\u01b0ng qu\u00ed v\u1ecb ph\u1ea3i th\u1ef1c s\u1ef1 th\u1ef1c hi\u1ec7n m\u1ee5c \u0111\u00edch c\u01b0 tr\u00fa m\u00e0 ch\u00ednh qu\u00ed v\u1ecb \u0111\u00e3 ch\u1ee9ng minh cho B\u1ed9 N\u1ed9i v\u1ee5 CH S\u00e9c (ngh\u0129a l\u00e0, vd. ti\u1ebfp t\u1ee5c h\u1ecdc, l\u00e0m vi\u1ec7c ho\u1eb7c \u0111o\u00e0n t\u1ee5 v\u1edbi gia \u0111\u00ecnh).<\/p>\n<p>\u0110\u1ec3 cho d\u1ec5 hi\u1ec3u, ch\u00fang t\u00f4i \u0111\u00e3 so\u1ea1n cho qu\u00ed v\u1ecb m\u1ed9t s\u1ed1 v\u00ed d\u1ee5 nh\u01b0 c\u1ee7a nh\u1eefng t\u00ecnh hu\u1ed1ng sau:<\/p>\n<p><strong>T\u00f4i l\u00e0 ng\u01b0\u1eddi n\u01b0\u1edbc ngo\u00e0i \u0111ang h\u1ecdc t\u1eadp t\u1ea1i CH S\u00e9c v\u00e0 mu\u1ed1n kinh doanh \u0111\u1ec3 ki\u1ebfm th\u00eam thu nh\u1eadp.<\/strong><\/p>\n<p>\u0110\u01b0\u1ee3c, l\u00e0 ng\u01b0\u1eddi n\u01b0\u1edbc ngo\u00e0i t\u1ea1i CH S\u00e9c, qu\u00ed v\u1ecb c\u00f3 th\u1ec3 l\u00e0m th\u00eam khi h\u1ecdc b\u1eb1ng<a href=\"https:\/\/metropolevsech.eu\/cs\/podnikani-fyzickych-osob-2\/zivnostenske-podnikani-cizincu-v-cr\/\"><u> vi\u1ec7c kinh doanh c\u00f3<\/u> gi\u1ea5y<u> ph\u00e9p<\/u><\/a>. Nh\u1eefng h\u00ecnh th\u1ee9c l\u00e0m th\u00eam th\u01b0\u1eddng g\u1eb7p c\u00f3 th\u1ec3 l\u00e0 d\u1ecbch v\u0103n b\u1ea3n, th\u00f4ng d\u1ecbch, h\u01b0\u1edbng d\u1eabn du l\u1ecbch quanh Praha b\u1eb1ng ti\u1ebfng n\u01b0\u1edbc ngo\u00e0i v\u00e0 nhi\u1ec1u c\u00e1ch kh\u00e1c, t\u00f9y v\u00e0o k\u1ef9 n\u0103ng v\u00e0 kh\u1ea3 n\u0103ng c\u1ee7a qu\u00ed v\u1ecb. N\u1ebfu qu\u00ed v\u1ecb ti\u1ebfp t\u1ee5c h\u1ecdc, qu\u00ed v\u1ecb c\u00f3 th\u1ec3 kinh doanh, kh\u00f4ng nh\u1eefng v\u1eady c\u00f2n l\u00e0m vi\u1ec7c v\u1edbi t\u01b0 c\u00e1ch nh\u00e2n vi\u00ean. Tuy nhi\u00ean, qu\u00ed v\u1ecb ph\u1ea3i th\u1ef1c s\u1ef1 th\u1ef1c hi\u1ec7n ngh\u0129a v\u1ee5 h\u1ecdc t\u1eadp c\u1ee7a m\u00ecnh, ngh\u0129a l\u00e0 m\u1ee5c \u0111\u00edch c\u01b0 tr\u00fa, l\u00e0 vi\u1ec7c du h\u1ecdc.<\/p>\n<p><strong>T\u00f4i l\u00e0 ph\u1ee5 n\u1eef c\u00f3 gi\u1ea5y ph\u00e9p\/th\u1ecb th\u1ef1c c\u01b0 tr\u00fa d\u00e0i h\u1ea1n v\u1edbi m\u1ee5c \u0111\u00edch \u0111o\u00e0n t\u1ee5 v\u1edbi ch\u1ed3ng v\u00e0 t\u00f4i mu\u1ed1n kinh doanh.<\/strong><\/p>\n<p>\u0110\u01b0\u1ee3c, k\u1ec3 c\u1ea3 trong tr\u01b0\u1eddng h\u1ee3p n\u00e0y c\u0169ng \u0111\u01b0\u1ee3c kinh doanh, nh\u01b0ng c\u0169ng c\u00f3 th\u1ec3 l\u00e0m c\u00f4ng \u0103n l\u01b0\u01a1ng, n\u1ebfu qu\u00ed v\u1ecb v\u1eabn ti\u1ebfp t\u1ee5c th\u1ef1c hi\u1ec7n m\u1ee5c \u0111\u00edch c\u01b0 tr\u00fa c\u1ee7a m\u00ecnh (\u0111o\u00e0n t\u1ee5 gia \u0111\u00ecnh). N\u1ebfu qu\u00ed v\u1ecb \u0111\u00e1p \u1ee9ng \u0111\u01b0\u1ee3c \u0111i\u1ec1u ki\u1ec7n cho lo\u1ea1i c\u00f4ng vi\u1ec7c \u0111\u00e3 ch\u1ecdn, qu\u00ed v\u1ecb c\u00f3 th\u1ec3 xin<a href=\"https:\/\/metropolevsech.eu\/cs\/podnikani-fyzickych-osob-2\/zivnostenske-podnikani-cizincu-v-cr\/\"> gi\u1ea5y ph\u00e9p kinh doanh. <\/a>C\u00f3 th\u1ec3 l\u00e0 qu\u00ed v\u1ecb s\u1ebd mu\u1ed1n n\u00e2ng cao tr\u00ecnh \u0111\u1ed9 chuy\u00ean m\u00f4n ho\u1eb7c h\u1ecdc \u0111\u1ec3 l\u1ea5y b\u1eb1ng cho m\u1ed9t chuy\u00ean ng\u00e0nh m\u1edbi.<\/p>\n<p><em>Nhi\u1ec1u ph\u1ee5 n\u1eef t\u1ea1i CH S\u00e9c v\u1eeba ch\u0103m s\u00f3c tr\u1ebb trong k\u1ef3 ngh\u1ec9 g\u1ecdi l\u00e0 ngh\u1ec9 ph\u00e9p nu\u00f4i con, v\u1eeba l\u00e0m th\u00eam b\u1eb1ng c\u00e1ch kinh doanh ho\u1eb7c l\u00e0m vi\u1ec7c b\u00e1n th\u1eddi gian trong khu\u00f4n kh\u1ed5 l\u00e0m c\u00f4ng \u0103n l\u01b0\u01a1ng.<\/em><\/p>\n<p><em>Qu\u00ed v\u1ecb h\u00e3y h\u1ecfi th\u0103m t\u1ea1i<\/em><a href=\"https:\/\/metropolevsech.eu\/cs\/kontakty\/nevladni-neziskove-organizace\/\"> <em>c<\/em><\/a><em><u>\u00e1c t\u1ed5 ch\u1ee9c phi ch\u00ednh ph\u1ee7<\/u><\/em> <em>v\u00e0<\/em><a href=\"https:\/\/icpraha.com\/poradenstvi\/\"> <em>Trung t\u00e2m h\u1ed9i nh\u1eadp<\/em><em> Praha<\/em><\/a> <em>theo t\u1eebng l\u1ef1a ch\u1ecdn c\u1ee5 th\u1ec3 c\u1ee7a ri\u00eang qu\u00ed v\u1ecb<\/em><em>. <\/em><em>H\u1ecd s\u1ebd vui l\u00f2ng gi\u00fap \u0111\u1ee1 qu\u00ed v\u1ecb<\/em><em>!<\/em><\/p>\n<p>&nbsp;<\/p>\n<p>T\u1ea1i CH S\u00e9c, qu\u00ed v\u1ecb c\u00f3 th\u1ec3 kinh doanh b\u1eb1ng 2 ph\u01b0\u01a1ng th\u1ee9c \u2013 v\u1edbi t\u01b0 c\u00e1ch <strong>c\u00e1 nh\u00e2n<\/strong>, ho\u1eb7c v\u1edbi t\u01b0 c\u00e1ch <strong>ph\u00e1p nh\u00e2n<\/strong>. Qu\u00ed v\u1ecb c\u00f3 th\u1ec3 t\u00ecm \u0111\u1ecdc th\u00f4ng tin c\u1ee5 th\u1ec3 trong t\u1eebng m\u1ee5c.<\/p>\n<ul>\n<li><a href=\"https:\/\/metropolevsech.eu\/cs\/podnikani-fyzickych-osob-2\/\">Kinh doanh c\u00e1 th\u1ec3<\/a> \u2013 OSV\u010c (\u0111\u1eb7c bi\u1ec7t l\u00e0 kinh doanh c\u00f3 gi\u1ea5y ph\u00e9p ho\u1eb7c kinh doanh t\u1ef1 do)<\/li>\n<li><a href=\"https:\/\/metropolevsech.eu\/cs\/potrebuji-resit\/podnikani\/zalozeni-obchodni-korporace\/\">Kinh doanh ph\u00e1p nh\u00e2n<\/a> (th\u00e0nh l\u1eadp c\u00f4ng ty th\u01b0\u01a1ng m\u1ea1i)<\/li>\n<\/ul>\n<p>C\u1eadp nh\u1eadt n\u1ed9i dung t\u1eeb kh\u00eda c\u1ea1nh x\u00e3 h\u1ed9i-ph\u00e1p l\u00fd ng\u00e0y 8.11.2021.<\/p>","protected":false},"excerpt":{"rendered":"<p>Trong ch\u01b0\u01a1ng n\u00e0y, qu\u00ed v\u1ecb s\u1ebd \u0111\u01b0\u1ee3c bi\u1ebft, ng\u01b0\u1eddi n\u01b0\u1edbc ngo\u00e0i c\u00f3 th\u1ec3 kinh doanh t\u1ea1i CH S\u00e9c d\u1ef1a tr\u00ean nh\u1eefng \u0111i\u1ec1u ki\u1ec7n n\u00e0o. Ch\u00fang t\u00f4i s\u1ebd \u0111\u1ec1 c\u1eadp \u0111\u1ebfn th\u00f4ng tin li\u00ean quan \u0111\u1ebfn t\u00ecnh hu\u1ed1ng, b\u00e2y gi\u1edd qu\u00ed&#8230;<\/p>\n<a class=\"more-block\" href=\"https:\/\/metropolevsech.eu\/vi\/potrebuji-resit\/podnikani\/za-jakych-podminek-mohou-cizinci-podnikat-v-ceske-republice\/\">\u0110\u1ecdc th\u00eam<\/a>","protected":false},"author":7,"featured_media":0,"parent":603,"menu_order":1,"comment_status":"closed","ping_status":"closed","template":"","meta":[],"acf":[],"_links":{"self":[{"href":"https:\/\/metropolevsech.eu\/vi\/wp-json\/wp\/v2\/pages\/15073"}],"collection":[{"href":"https:\/\/metropolevsech.eu\/vi\/wp-json\/wp\/v2\/pages"}],"about":[{"href":"https:\/\/metropolevsech.eu\/vi\/wp-json\/wp\/v2\/types\/page"}],"author":[{"embeddable":true,"href":"https:\/\/metropolevsech.eu\/vi\/wp-json\/wp\/v2\/users\/7"}],"replies":[{"embeddable":true,"href":"https:\/\/metropolevsech.eu\/vi\/wp-json\/wp\/v2\/comments?post=15073"}],"version-history":[{"count":13,"href":"https:\/\/metropolevsech.eu\/vi\/wp-json\/wp\/v2\/pages\/15073\/revisions"}],"predecessor-version":[{"id":24547,"href":"https:\/\/metropolevsech.eu\/vi\/wp-json\/wp\/v2\/pages\/15073\/revisions\/24547"}],"up":[{"embeddable":true,"href":"https:\/\/metropolevsech.eu\/vi\/wp-json\/wp\/v2\/pages\/603"}],"wp:attachment":[{"href":"https:\/\/metropolevsech.eu\/vi\/wp-json\/wp\/v2\/media?parent=15073"}],"curies":[{"name":"wp","href":"https:\/\/api.w.org\/{rel}","templated":true}]}}