{"id":15447,"date":"2021-11-08T16:52:28","date_gmt":"2021-11-08T15:52:28","guid":{"rendered":"https:\/\/metropolevsech.eu\/?page_id=15447"},"modified":"2026-01-15T20:05:50","modified_gmt":"2026-01-15T19:05:50","slug":"interkulturni-pracovnik","status":"publish","type":"page","link":"https:\/\/metropolevsech.eu\/vi\/kontakty\/interkulturni-pracovnici-a-komunitni-tlumocnici\/interkulturni-pracovnik\/","title":{"rendered":"Nh\u00e2n vi\u00ean giao v\u0103n h\u00f3a"},"content":{"rendered":"<p><\/p>\n<p style=\"font-weight: 400;\"><em>Trong\u00a0ch\u01b0\u01a1ng n\u00e0y, ch\u00fang t\u00f4i s\u1ebd gi\u1ea3i th\u00edch cho qu\u00ed v\u1ecb, nh\u00e2n vi\u00ean giao v\u0103n h\u00f3a c\u00f3 th\u1ec3 gi\u00fap qu\u00ed v\u1ecb trong nh\u1eefng vi\u1ec7c g\u00ec, ai c\u00f3 th\u1ec3 s\u1eed d\u1ee5ng d\u1ecbch v\u1ee5 n\u00e0y v\u00e0 \u0111\u1eb7t l\u1ecbch nh\u01b0 th\u1ebf n\u00e0o. Trong danh s\u00e1ch c\u00e1c nh\u00e2n vi\u00ean giao v\u0103n h\u00f3a, c\u00f2n c\u00f3 li\u00ean l\u1ea1c c\u1ee7a t\u1eebng nh\u00e2n vi\u00ean giao v\u0103n h\u00f3a.<\/em><\/p>\n<ul class=\"bullet\">\n<li><a href=\"https:\/\/metropolevsech.eu\/cs\/kontakty\/interkulturni-pracovnici-a-komunitni-tlumocnici\/interkulturni-pracovnik\/#who%20is%20IP\">Ai l\u00e0 nh\u00e2n vi\u00ean giao v\u0103n h\u00f3a?<\/a><\/li>\n<li><a href=\"https:\/\/metropolevsech.eu\/cs\/kontakty\/interkulturni-pracovnici-a-komunitni-tlumocnici\/interkulturni-pracovnik\/#what%20can%20he%20help%20with\">H\u1ecd c\u00f3 th\u1ec3 gi\u00fap qu\u00ed v\u1ecb nh\u1eefng vi\u1ec7c g\u00ec?<\/a><\/li>\n<li><a href=\"https:\/\/metropolevsech.eu\/cs\/kontakty\/interkulturni-pracovnici-a-komunitni-tlumocnici\/interkulturni-pracovnik\/#who%20can%20order%20IP\">Ai c\u00f3 th\u1ec3 \u0111\u1eb7t d\u1ecbch v\u1ee5 n\u00e0y?<\/a><\/li>\n<li><a href=\"https:\/\/metropolevsech.eu\/cs\/kontakty\/interkulturni-pracovnici-a-komunitni-tlumocnici\/interkulturni-pracovnik\/#how%20to%20order%20IP\">\u0110\u1eb7t d\u1ecbch v\u1ee5 n\u00e0y nh\u01b0 th\u1ebf n\u00e0o?<\/a><\/li>\n<li><a href=\"https:\/\/metropolevsech.eu\/cs\/kontakty\/interkulturni-pracovnici-a-komunitni-tlumocnici\/interkulturni-pracovnik\/#how%20is%20IP%20payed\">C\u00f4ng vi\u1ec7c c\u1ee7a h\u1ecd \u0111\u01b0\u1ee3c tr\u1ea3 c\u00f4ng ra sao?<\/a><\/li>\n<\/ul>\n<p style=\"font-weight: 400;\"><a href=\"https:\/\/metropolevsech.eu\/vi\/kontakty\/seznam-interkulturnich-pracovniku\/\" class=\"buttonIKP\">Danh s\u00e1ch nh\u00e2n vi\u00ean giao v\u0103n h\u00f3a<\/a><\/p>\n<p style=\"font-weight: 400;\"><strong>Ai l\u00e0 nh\u00e2n vi\u00ean giao v\u0103n h\u00f3a?<\/strong><\/p>\n<p style=\"font-weight: 400;\">H\u1ecd l\u00e0 nh\u00e2n vi\u00ean chuy\u00ean nghi\u1ec7p, h\u1ed7 tr\u1ee3 ng\u01b0\u1eddi nh\u1eadp c\u01b0, x\u00e3 h\u1ed9i \u0111\u1ecba ph\u01b0\u01a1ng v\u00e0 c\u00e1c c\u01a1 quan c\u00f4ng quy\u1ec1n trong vi\u1ec7c \u0111\u1ed1i tho\u1ea1i, th\u00fac \u0111\u1ea9y s\u1ef1 chung s\u1ed1ng h\u00f2a thu\u1eadn v\u00e0 x\u00f3a b\u1ecf r\u00e0o c\u1ea3n gi\u1eefa c\u00e1c b\u00ean.<\/p>\n<p style=\"font-weight: 400;\"><strong>Nh\u00e2n vi\u00ean giao v\u0103n h\u00f3a c\u00f3 th\u1ec3 gi\u00fap qu\u00ed v\u1ecb nh\u1eefng vi\u1ec7c g\u00ec?<\/strong><\/p>\n<ul style=\"font-weight: 400;\">\n<li>cung c\u1ea5p d\u1ecbch v\u1ee5\u00a0<strong>h\u1ed9 t\u1ed1ng, tr\u1ee3 gi\u00fap v\u00e0 th\u00f4ng d\u1ecbch\u00a0<\/strong>theo y\u00eau c\u1ea7u c\u1ee7a ng\u01b0\u1eddi nh\u1eadp c\u01b0 ho\u1eb7c nh\u00e2n vi\u00ean c\u01a1 quan c\u00f4ng quy\u1ec1n<\/li>\n<li>cung c\u1ea5p d\u1ecbch v\u1ee5\u00a0<strong>t\u01b0 v\u1ea5n x\u00e3 h\u1ed9 c\u0103n b\u1ea3n<\/strong>\u00a0b\u1eb1ng ti\u1ebfng S\u00e9c v\u00e0 ng\u00f4n ng\u1eef kh\u00e1c<\/li>\n<li>cho qu\u00ed v\u1ecb\u00a0<strong>li\u00ean l\u1ea1c c\u1ee7a nh\u1eefng n\u01a1i t\u01b0 v\u1ea5n x\u00e3 h\u1ed9i chuy\u00ean s\u00e2u<\/strong>, gi\u1edbi thi\u1ec7u cho qu\u00ed v\u1ecb, c\u1ea7n g\u1eb7p ai trong tr\u01b0\u1eddng h\u1ee3p n\u00e0o<\/li>\n<li>gi\u00fap \u0111\u1ee1 ng\u01b0\u1eddi nh\u1eadp c\u01b0\u00a0<strong>\u0111\u1ecbnh h\u01b0\u1edbng trong m\u00f4i tr\u01b0\u1eddng S\u00e9c\u00a0<\/strong>v\u00e0 gi\u1edbi thi\u1ec7u<strong>\u00a0th\u00f4ng tin c\u0103n b\u1ea3n v\u1ec1 cu\u1ed9c s\u1ed1ng \u1edf S\u00e9c v\u00e0 Praha<\/strong><\/li>\n<li>gi\u00fap \u0111\u1ee1\u00a0<strong>v\u01b0\u1ee3t qua nh\u1eefng<\/strong>\u00a0<strong>r\u00e0o c\u1ea3n t\u00e2m l\u00fd<\/strong>\u00a0c\u1ee7a ng\u01b0\u1eddi nh\u1eadp c\u01b0 c\u0169ng nh\u01b0 nh\u00e2n vi\u00ean c\u00f4ng quy\u1ec1n v\u00e0 c\u00e1c t\u1ed5 ch\u1ee9c;<\/li>\n<li>can thi\u1ec7p v\u00e0o nh\u1eefng t\u00ecnh hu\u1ed1ng m\u00e2u thu\u1eabn v\u00e0 gi\u1ea3i quy\u1ebft<strong>\u00a0hi\u1ec3u l\u1ea7m n\u1ebfu c\u1ea7n<\/strong><\/li>\n<\/ul>\n<p style=\"font-weight: 400;\"><strong>Ai c\u00f3 th\u1ec3 \u0111\u1eb7t l\u1ecbch v\u1edbi nh\u00e2n vi\u00ean giao v\u0103n h\u00f3a?<\/strong><\/p>\n<ul style=\"font-weight: 400;\">\n<li>nh\u1eefng ng\u01b0\u1eddi nh\u1eadp c\u01b0 c\u1ea7n d\u1eabn \u0111i \u0111\u00e2u \u0111\u00f3, th\u00f4ng d\u1ecbch v\u00e0 tr\u1ee3 gi\u00fap chuy\u00ean m\u00f4n trong c\u00f4ng vi\u1ec7c v\u1edbi \u1ee7y ban, tr\u01b0\u1eddng h\u1ecdc, c\u01a1 s\u1edf y t\u1ebf ho\u1eb7c nh\u1eefng t\u1ed5 ch\u1ee9c kh\u00e1c (nh\u00e0 b\u0103ng, ch\u1ee7 lao \u0111\u1ed9ng)<\/li>\n<li>nh\u00e2n vi\u00ean c\u01a1 quan h\u00e0nh ch\u00ednh c\u00f4ng trong giao ti\u1ebfp v\u1edbi ng\u01b0\u1eddi nh\u1eadp c\u01b0<\/li>\n<li>nh\u00e2n vi\u00ean tr\u01b0\u1eddng h\u1ecdc<\/li>\n<li>nh\u00e2n vi\u00ean c\u00e1c c\u01a1 s\u1edf y t\u1ebf<\/li>\n<\/ul>\n<p style=\"font-weight: 400;\"><strong>L\u00e0m c\u00e1ch n\u00e0o \u0111\u1ec3 h\u1eb9n l\u1ecbch v\u1edbi nh\u00e2n vi\u00ean giao v\u0103n h\u00f3a?<\/strong><\/p>\n<p style=\"font-weight: 400;\">Trong <a href=\"https:\/\/metropolevsech.eu\/cs\/seznam-interkulturnich-pracovniku\/\"><strong>Danh\u00a0s\u00e1ch<\/strong>\u00a0<strong>nh\u00e2n\u00a0vi\u00ean giao v\u0103n ho\u00e1<\/strong><\/a>\u00a0qu\u00ed v\u1ecb h\u00e3y ch\u1ecdn ng\u01b0\u1eddi theo th\u1ee9 ti\u1ebfng m\u00e0 qu\u00ed v\u1ecb mu\u1ed1n giao ti\u1ebfp.<\/p>\n<p style=\"font-weight: 400;\">Qu\u00ed v\u1ecb h\u00e3y li\u00ean l\u1ea1c v\u1edbi ng\u01b0\u1eddi \u0111\u00f3 qua \u0111i\u1ec7n tho\u1ea1i ho\u1eb7c e-mail v\u00e0 h\u1eb9n l\u1ecbch.<\/p>\n<p style=\"font-weight: 400;\">N\u1ebfu \u0111\u01b0\u1ee3c, qu\u00ed v\u1ecb h\u00e3y h\u1eb9n l\u1ecbch \u0111\u1ee7 s\u1edbm, v\u00ed d\u1ee5 tr\u01b0\u1edbc 3 ng\u00e0y.<\/p>\n<p style=\"font-weight: 400;\"><strong>C\u00f4ng vi\u1ec7c c\u1ee7a nh\u00e2n vi\u00ean giao v\u0103n h\u00f3a c\u00f3 \u0111\u01b0\u1ee3c tr\u1ea3 c\u00f4ng kh\u00f4ng?<\/strong><\/p>\n<p style=\"font-weight: 400;\">D\u1ecbch v\u1ee5 c\u1ee7a c\u00e1c nh\u00e2n vi\u00ean giao v\u0103n h\u00f3a \u0111\u01b0\u1ee3c cung c\u1ea5p mi\u1ec5n ph\u00ed cho c\u00e1c kh\u00e1ch h\u00e0ng. Nh\u1eefng nh\u00e2n vi\u00ean n\u00e0y \u0111\u01b0\u1ee3c tr\u1ea3 ti\u1ec1n b\u1edfi nh\u1eefng t\u1ed5 ch\u1ee9c thu\u00ea h\u1ecd l\u00e0m vi\u1ec7c \u2013 v\u00ed d\u1ee5 nh\u01b0 c\u00e1c t\u1ed5 ch\u1ee9c phi ch\u00ednh ph\u1ee7 ho\u1eb7c c\u00e1c x\u00e3.<\/p>\n<p style=\"font-weight: 400;\"><em>\u0110\u1ecdc\u00a0th\u00eam th\u00f4ng tin v\u1ec1 c\u00f4ng vi\u1ec7c giao v\u0103n h\u00f3a tr\u00ean trang web c\u1ee7a META o.p.s.<\/em>\u00a0<em>(<\/em><a href=\"https:\/\/www.inkluzivniskola.cz\/interkulturni-prace\"><em>Inkluzivn\u00ed \u0161kola<\/em><\/a><em>)\u00a0ho\u1eb7c trang web c\u1ee7a <\/em><a href=\"https:\/\/interkulturniprace.cz\/co-je-interkulturni-prace\/ip-v-ceske-republice\/\"><em>Hi\u1ec7p\u00a0h\u1ed9i\u00a0d\u00e0nh\u00a0cho<\/em>\u00a0c\u00f4ng vi\u1ec7c giao v\u0103n ho\u00e1.<\/a><\/p>\n<p style=\"font-weight: 400;\"><a href=\"https:\/\/metropolevsech.eu\/cs\/seznam-interkulturnich-pracovniku\/\">Danh s\u00e1ch c\u00e1c nh\u00e2n vi\u00ean giao v\u0103n h\u00f3a<\/a><\/p>\n<p><\/p>","protected":false},"excerpt":{"rendered":"<p>Trong\u00a0ch\u01b0\u01a1ng n\u00e0y, ch\u00fang t\u00f4i s\u1ebd gi\u1ea3i th\u00edch cho qu\u00ed v\u1ecb, nh\u00e2n vi\u00ean giao v\u0103n h\u00f3a c\u00f3 th\u1ec3 gi\u00fap qu\u00ed v\u1ecb trong nh\u1eefng vi\u1ec7c g\u00ec, ai c\u00f3 th\u1ec3 s\u1eed d\u1ee5ng d\u1ecbch v\u1ee5 n\u00e0y v\u00e0 \u0111\u1eb7t l\u1ecbch nh\u01b0 th\u1ebf n\u00e0o. Trong danh&#8230;<\/p>\n<a class=\"more-block\" href=\"https:\/\/metropolevsech.eu\/vi\/kontakty\/interkulturni-pracovnici-a-komunitni-tlumocnici\/interkulturni-pracovnik\/\">\u0110\u1ecdc th\u00eam<\/a>","protected":false},"author":7,"featured_media":0,"parent":889,"menu_order":1,"comment_status":"closed","ping_status":"closed","template":"","meta":[],"acf":[],"_links":{"self":[{"href":"https:\/\/metropolevsech.eu\/vi\/wp-json\/wp\/v2\/pages\/15447"}],"collection":[{"href":"https:\/\/metropolevsech.eu\/vi\/wp-json\/wp\/v2\/pages"}],"about":[{"href":"https:\/\/metropolevsech.eu\/vi\/wp-json\/wp\/v2\/types\/page"}],"author":[{"embeddable":true,"href":"https:\/\/metropolevsech.eu\/vi\/wp-json\/wp\/v2\/users\/7"}],"replies":[{"embeddable":true,"href":"https:\/\/metropolevsech.eu\/vi\/wp-json\/wp\/v2\/comments?post=15447"}],"version-history":[{"count":20,"href":"https:\/\/metropolevsech.eu\/vi\/wp-json\/wp\/v2\/pages\/15447\/revisions"}],"predecessor-version":[{"id":24457,"href":"https:\/\/metropolevsech.eu\/vi\/wp-json\/wp\/v2\/pages\/15447\/revisions\/24457"}],"up":[{"embeddable":true,"href":"https:\/\/metropolevsech.eu\/vi\/wp-json\/wp\/v2\/pages\/889"}],"wp:attachment":[{"href":"https:\/\/metropolevsech.eu\/vi\/wp-json\/wp\/v2\/media?parent=15447"}],"curies":[{"name":"wp","href":"https:\/\/api.w.org\/{rel}","templated":true}]}}