{"id":15463,"date":"2021-11-08T17:52:52","date_gmt":"2021-11-08T16:52:52","guid":{"rendered":"https:\/\/metropolevsech.eu\/?page_id=15463"},"modified":"2026-01-10T08:53:31","modified_gmt":"2026-01-10T07:53:31","slug":"komunitni-tlumocnici","status":"publish","type":"page","link":"https:\/\/metropolevsech.eu\/vi\/kontakty\/interkulturni-pracovnici-a-komunitni-tlumocnici\/komunitni-tlumocnici\/","title":{"rendered":"Phi\u00ean d\u1ecbch vi\u00ean c\u1ed9ng \u0111\u1ed3ng"},"content":{"rendered":"<p><\/p>\n<p style=\"font-weight: 400;\"><strong>Ai l\u00e0 phi\u00ean<\/strong><strong> d\u1ecbch<\/strong><strong> vi\u00ean c\u1ed9ng \u0111\u1ed3ng?<\/strong><\/p>\n<p style=\"font-weight: 400;\">L\u00e0 phi\u00ean d\u1ecbch vi\u00ean \u0111\u00e3 qua \u0111\u00e0o t\u1ea1o, gi\u00fap \u0111\u1ee1 ng\u01b0\u1eddi nh\u1eadp c\u01b0 v\u01b0\u1ee3t qua kh\u00f4ng ch\u1ec9 kh\u00e1c bi\u1ec7t ng\u00f4n ng\u1eef, nh\u01b0ng c\u00f2n bi\u1ebft x\u1eed l\u00fd nh\u1eefng d\u1ecb bi\u1ec7t v\u0103n h\u00f3a.<\/p>\n<p style=\"font-weight: 400;\">\u1ede th\u1eddi \u0111i\u1ec3m hi\u1ec7n t\u1ea1i \u1edf Praha, ch\u1ec9 c\u00f3 <a href=\"https:\/\/metropolevsech.eu\/cs\/kontakty\/interkulturni-pracovnici-a-komunitni-tlumocnici\/interkulturni-pracovnik\/\">nh\u00e2n vi\u00ean giao v\u0103n h\u00f3a<\/a> m\u1edbi cung c\u1ea5p d\u1ecbch v\u1ee5 th\u00f4ng d\u1ecbch c\u1ed9ng \u0111\u1ed3ng.<\/p>\n<p style=\"font-weight: 400;\">Nh\u1eefng qu\u1ea3n l\u00fd \u0111\u1ecba ph\u01b0\u01a1ng c\u1ee7a <a href=\"https:\/\/zapojmevsechny.cz\/25-odlisny-matersky-jazyk\/tlumoceni-a-prekladatelstvi\">Vi\u1ec7n s\u01b0 ph\u1ea1m qu\u1ed1c gia<\/a>\u00a0(NPI) c\u00f3 th\u1ec3 cho \u0111\u1ecba ch\u1ec9 li\u00ean l\u1ea1c c\u1ee7a c\u00e1c phi\u00ean d\u1ecbch vi\u00ean c\u1ed9ng \u0111\u1ed3ng v\u00e0 phi\u00ean d\u1ecbch vi\u00ean theo \u0111\u1ecba ph\u01b0\u01a1ng t\u1ea1i CH S\u00e9c trong l\u0129nh v\u1ef1c gi\u00e1o d\u1ee5c.<\/p>\n<p style=\"font-weight: 400;\">\u0110\u1ec3 bi\u1ebft th\u00eam th\u00f4ng th\u00f4ng tin v\u1ec1 phi\u00ean d\u1ecbch vi\u00ean c\u1ed9ng \u0111\u1ed3ng h\u00e3y truy c\u1eadp v\u00e0o trang web <a href=\"https:\/\/www.inkluzivniskola.cz\/komunitni-tlumocnici\">Inkluzivn\u00ed \u0161kola.<\/a><\/p>\n<p style=\"font-weight: 400;\"><div class=\"box-ok\"><strong><em>N\u1ebfu\u00a0c\u1ea7n d\u1ecbch qua \u0111i\u1ec7n tho\u1ea1i, c\u00f3 th\u1ec3 s\u1eed d\u1ee5ng \u0111\u01b0\u1eddng d\u00e2y n\u00f3ng c\u1ee7a Charita CH S\u00e9c.\u00a0<\/em><\/strong><\/p>\n<p style=\"font-weight: 400;\"><em>\u0110\u01b0\u1eddng d\u00e2y n\u00f3ng c\u00f3 trong c\u00e1c ng\u00f4n ng\u1eef Ukrajina, ti\u1ebfng Vi\u1ec7t v\u00e0 ti\u1ebfng M\u00f4ng C\u1ed5. Ng\u01b0\u1eddi nh\u1eadp c\u01b0 \u0111ang sinh s\u1ed1ng t\u1ea1i CH S\u00e9c c\u0169ng nh\u01b0 nh\u00e2n vi\u00ean h\u00e0nh ch\u00ednh c\u00f4ng khi c\u1ea7n gi\u1ea3i quy\u1ebft vi\u1ec7c v\u1edbi ng\u01b0\u1eddi nh\u1eadp c\u01b0 \u0111\u1ec1u c\u00f3 th\u1ec3 s\u1eed d\u1ee5ng d\u1ecbch v\u1ee5 n\u00e0y. Th\u00f4ng tin li\u00ean l\u1ea1c c\u1ee7a \u0111\u01b0\u1eddng d\u00e2y n\u00f3ng v\u00e0 gi\u1edd l\u00e0m vi\u1ec7c \u0111\u01b0\u1ee3c c\u00f4ng khai tr\u00ean trang web\u00a0c\u1ee7a<\/em> <a href=\"https:\/\/www.charita.cz\/jak-pomahame\/doma\/integrace-cizincu\/infolinky-pro-cizince\/\"><em>Charita CH S\u00e9c<\/em><\/a><em>.<\/em> <\/div><\/p>\n<p style=\"font-weight: 400;\">M\u1eddi \u0111\u1ecdc ti\u1ebfp:<\/p>\n<p style=\"font-weight: 400;\"><a href=\"https:\/\/metropolevsech.eu\/cs\/kontakty\/interkulturni-pracovnici-a-komunitni-tlumocnici\/interkulturni-pracovnik\/\">Nh\u00e2n vi\u00ean giao v\u0103n h\u00f3a l\u00e0 ai?<\/a><\/p>\n<p style=\"font-weight: 400;\"><p class=\"lastUpdate\"> 10. Th\u00e1ng 1, 2026<\/p><\/p>\n<p style=\"font-weight: 400;\">\n<p><\/p>","protected":false},"excerpt":{"rendered":"<p>Ai l\u00e0 phi\u00ean d\u1ecbch vi\u00ean c\u1ed9ng \u0111\u1ed3ng? L\u00e0 phi\u00ean d\u1ecbch vi\u00ean \u0111\u00e3 qua \u0111\u00e0o t\u1ea1o, gi\u00fap \u0111\u1ee1 ng\u01b0\u1eddi nh\u1eadp c\u01b0 v\u01b0\u1ee3t qua kh\u00f4ng ch\u1ec9 kh\u00e1c bi\u1ec7t ng\u00f4n ng\u1eef, nh\u01b0ng c\u00f2n bi\u1ebft x\u1eed l\u00fd nh\u1eefng d\u1ecb bi\u1ec7t v\u0103n h\u00f3a. \u1ede th\u1eddi&#8230;<\/p>\n<a class=\"more-block\" href=\"https:\/\/metropolevsech.eu\/vi\/kontakty\/interkulturni-pracovnici-a-komunitni-tlumocnici\/komunitni-tlumocnici\/\">\u0110\u1ecdc th\u00eam<\/a>","protected":false},"author":7,"featured_media":0,"parent":889,"menu_order":2,"comment_status":"closed","ping_status":"closed","template":"","meta":[],"acf":[],"_links":{"self":[{"href":"https:\/\/metropolevsech.eu\/vi\/wp-json\/wp\/v2\/pages\/15463"}],"collection":[{"href":"https:\/\/metropolevsech.eu\/vi\/wp-json\/wp\/v2\/pages"}],"about":[{"href":"https:\/\/metropolevsech.eu\/vi\/wp-json\/wp\/v2\/types\/page"}],"author":[{"embeddable":true,"href":"https:\/\/metropolevsech.eu\/vi\/wp-json\/wp\/v2\/users\/7"}],"replies":[{"embeddable":true,"href":"https:\/\/metropolevsech.eu\/vi\/wp-json\/wp\/v2\/comments?post=15463"}],"version-history":[{"count":23,"href":"https:\/\/metropolevsech.eu\/vi\/wp-json\/wp\/v2\/pages\/15463\/revisions"}],"predecessor-version":[{"id":24297,"href":"https:\/\/metropolevsech.eu\/vi\/wp-json\/wp\/v2\/pages\/15463\/revisions\/24297"}],"up":[{"embeddable":true,"href":"https:\/\/metropolevsech.eu\/vi\/wp-json\/wp\/v2\/pages\/889"}],"wp:attachment":[{"href":"https:\/\/metropolevsech.eu\/vi\/wp-json\/wp\/v2\/media?parent=15463"}],"curies":[{"name":"wp","href":"https:\/\/api.w.org\/{rel}","templated":true}]}}