{"id":16975,"date":"2022-06-02T19:35:30","date_gmt":"2022-06-02T17:35:30","guid":{"rendered":"https:\/\/metropolevsech.eu\/?page_id=16975"},"modified":"2022-06-02T19:35:30","modified_gmt":"2022-06-02T17:35:30","slug":"hlavni-mesto-praha-a-integrace","status":"publish","type":"page","link":"https:\/\/metropolevsech.eu\/vi\/o-nas\/hlavni-mesto-praha-a-integrace\/","title":{"rendered":"(\u010ce\u0161tina) Hlavn\u00ed m\u011bsto Praha a integrace"},"content":{"rendered":"<p class=\"qtranxs-available-languages-message qtranxs-available-languages-message-vi\">R\u1ea5t ti\u1ebfc, m\u1ee5c n\u00e0y ch\u1ec9 t\u1ed3n t\u1ea1i \u1edf <a href=\"https:\/\/metropolevsech.eu\/cs\/wp-json\/wp\/v2\/pages\/16975\" class=\"qtranxs-available-language-link qtranxs-available-language-link-cs\" title=\"\u010ce\u0161tina\">Ti\u1ebfng S\u00e9c<\/a>.<\/p>","protected":false},"excerpt":{"rendered":"<p>R\u1ea5t ti\u1ebfc, m\u1ee5c n\u00e0y ch\u1ec9 t\u1ed3n t\u1ea1i \u1edf Ti\u1ebfng S\u00e9c.<\/p>\n<a class=\"more-block\" href=\"https:\/\/metropolevsech.eu\/vi\/o-nas\/hlavni-mesto-praha-a-integrace\/\">\u0110\u1ecdc th\u00eam<\/a>","protected":false},"author":12,"featured_media":0,"parent":8,"menu_order":0,"comment_status":"closed","ping_status":"closed","template":"","meta":[],"acf":[],"_links":{"self":[{"href":"https:\/\/metropolevsech.eu\/vi\/wp-json\/wp\/v2\/pages\/16975"}],"collection":[{"href":"https:\/\/metropolevsech.eu\/vi\/wp-json\/wp\/v2\/pages"}],"about":[{"href":"https:\/\/metropolevsech.eu\/vi\/wp-json\/wp\/v2\/types\/page"}],"author":[{"embeddable":true,"href":"https:\/\/metropolevsech.eu\/vi\/wp-json\/wp\/v2\/users\/12"}],"replies":[{"embeddable":true,"href":"https:\/\/metropolevsech.eu\/vi\/wp-json\/wp\/v2\/comments?post=16975"}],"version-history":[{"count":1,"href":"https:\/\/metropolevsech.eu\/vi\/wp-json\/wp\/v2\/pages\/16975\/revisions"}],"predecessor-version":[{"id":16976,"href":"https:\/\/metropolevsech.eu\/vi\/wp-json\/wp\/v2\/pages\/16975\/revisions\/16976"}],"up":[{"embeddable":true,"href":"https:\/\/metropolevsech.eu\/vi\/wp-json\/wp\/v2\/pages\/8"}],"wp:attachment":[{"href":"https:\/\/metropolevsech.eu\/vi\/wp-json\/wp\/v2\/media?parent=16975"}],"curies":[{"name":"wp","href":"https:\/\/api.w.org\/{rel}","templated":true}]}}